{"id":47101,"date":"2021-05-26T08:02:34","date_gmt":"2021-05-26T06:02:34","guid":{"rendered":"https:\/\/bien-etreiris.ch\/?page_id=47101"},"modified":"2021-06-08T10:15:57","modified_gmt":"2021-06-08T08:15:57","slug":"spiralfoermige-teigwaren","status":"publish","type":"page","link":"https:\/\/bien-etreiris.ch\/de\/produktpraesentation\/gesundes-leben\/gesunde-lebensmittel\/intoleranz\/ohne-gluten\/teigwaren-ohne-gluten\/spiralfoermige-teigwaren\/","title":{"rendered":"SPIRALF\u00d6RMIGE"},"content":{"rendered":"\n<h2>P\u00e2tes en forme de spirale P\u00e2tes spirales<\/h2>\n<h2>P\u00e2tes aux c\u00e9r\u00e9ales germ\u00e9es<\/h2>\n<p><a href=\"https:\/\/bien-etreiris.ch\/wp-content\/uploads\/2021\/05\/90-de-pois-germes.bmp\"><img loading=\"lazy\" decoding=\"async\" class=\"wp-image-47311  alignleft\" src=\"https:\/\/bien-etreiris.ch\/wp-content\/uploads\/2021\/05\/90-de-pois-germes-926x1024.jpg\" alt=\"\" width=\"557\" height=\"616\" srcset=\"https:\/\/bien-etreiris.ch\/wp-content\/uploads\/2021\/05\/90-de-pois-germes-926x1024.jpg 926w, https:\/\/bien-etreiris.ch\/wp-content\/uploads\/2021\/05\/90-de-pois-germes-271x300.jpg 271w, https:\/\/bien-etreiris.ch\/wp-content\/uploads\/2021\/05\/90-de-pois-germes-768x850.jpg 768w, https:\/\/bien-etreiris.ch\/wp-content\/uploads\/2021\/05\/90-de-pois-germes-1388x1536.jpg 1388w, https:\/\/bien-etreiris.ch\/wp-content\/uploads\/2021\/05\/90-de-pois-germes-1851x2048.jpg 1851w\" sizes=\"auto, (max-width: 557px) 100vw, 557px\" \/><\/a><\/p>\n<p>&nbsp;<\/p>\n<p>&nbsp;<\/p>\n<p>&nbsp;<\/p>\n<p>&nbsp;<\/p>\n<p>&nbsp;<\/p>\n<p>&nbsp;<\/p>\n<p>&nbsp;<\/p>\n<p>&nbsp;<\/p>\n<p>Les nouilles germ\u00e9es ont quelque chose de tr\u00e8s sp\u00e9cial.<br>Pourquoi ? Parce qu'il y a beaucoup plus de vie en elles que dans les nouilles ordinaires.<br>Et comme nous aimons tous les aliments qui sont vraiment vivants, ils ont toute leur place dans votre assiette.<\/p>\n<p>Quantit\u00e9 de remplissage : 250 g<\/p>\n<p><strong>CHF 4.20<\/strong><\/p>\n<p>&nbsp;<\/p>\n<p>&nbsp;<\/p>\n<p>&nbsp;<\/p>\n<p>&nbsp;<\/p>\n<p>Alors qu'entendons-nous par germ\u00e9 ou germination ?<\/p>\n<p>Imaginez que vous prenez une graine, par exemple un petit pois, et que vous la mettez en contact avec la chaleur, l'eau et la lumi\u00e8re.<br>Tu verras, bient\u00f4t ton petit pois se transforme et un plant pousse \u00e0 partir de la graine.<br>D'un petit pois inactif vient la vie. Et de la m\u00eame mani\u00e8re, nous utilisons des ingr\u00e9dients vivants et donc germ\u00e9s pour nos p\u00e2tes.<\/p>\n<p>Pour prot\u00e9ger davantage nos p\u00e2tes germ\u00e9es, nous ne les chauffons jamais au-dessus de 42 degr\u00e9s.<br>Par cons\u00e9quent, nous \u00e9vitons \u00e9galement la g\u00e9latinisation de l'amidon, ainsi que la pasteurisation, car ces processus se produisent avec les p\u00e2tes ordinaires sous une grande chaleur.<br>Nos p\u00e2tes restent donc des aliments.<\/p>\n<h4>Go\u00fbt&nbsp;<\/h4>\n<p>semblable \u00e0 un petit pois, cors\u00e9.<\/p>\n<h4>Utilisation sugg\u00e9r\u00e9e&nbsp;<\/h4>\n<p>pour la cuisson (comme les p\u00e2tes ordinaires)<\/p>\n<p>&nbsp;<\/p>\n<p>contient naturellement du sucre<\/p>\n<p>Caract\u00e9ristiques : germ\u00e9, sans gluten, sans lactose, sans sucre ajout\u00e9, sans additif, cru, v\u00e9g\u00e9talien.<\/p>\n","protected":false},"excerpt":{"rendered":"<p>P\u00e2tes en forme de spirale P\u00e2tes spirales P\u00e2tes aux c\u00e9r\u00e9ales germ\u00e9es &nbsp; &nbsp; &nbsp; &nbsp; &nbsp; &nbsp; &nbsp; &nbsp; Les nouilles germ\u00e9es ont quelque chose de tr\u00e8s sp\u00e9cial.Pourquoi ? Parce qu'il y a beaucoup plus de vie en elles que dans les nouilles ordinaires.Et comme nous aimons tous les aliments qui sont vraiment vivants, ils ont toute leur place dans&nbsp;<a href=\"https:\/\/bien-etreiris.ch\/de\/produktpraesentation\/gesundes-leben\/gesunde-lebensmittel\/intoleranz\/ohne-gluten\/teigwaren-ohne-gluten\/spiralfoermige-teigwaren\/\" class=\"read-more\">Weiter lesen<\/a><\/p>\n","protected":false},"author":1,"featured_media":47099,"parent":46745,"menu_order":5438,"comment_status":"closed","ping_status":"closed","template":"page-with-child.php","meta":{"_acf_changed":false,"ngg_post_thumbnail":0,"footnotes":""},"class_list":["post-47101","page","type-page","status-publish","has-post-thumbnail","hentry"],"acf":[],"yoast_head":"<!-- This site is optimized with the Yoast SEO plugin v27.4 - https:\/\/yoast.com\/product\/yoast-seo-wordpress\/ -->\n<title>SPIRALF\u00d6RMIGE - WOHLBEFINDEN<\/title>\n<meta name=\"robots\" content=\"index, follow, max-snippet:-1, max-image-preview:large, max-video-preview:-1\" \/>\n<link rel=\"canonical\" href=\"https:\/\/bien-etreiris.ch\/de\/produktpraesentation\/gesundes-leben\/gesunde-lebensmittel\/intoleranz\/ohne-gluten\/teigwaren-ohne-gluten\/spiralfoermige-teigwaren\/\" \/>\n<meta property=\"og:locale\" content=\"de_DE\" \/>\n<meta property=\"og:type\" content=\"article\" \/>\n<meta property=\"og:title\" content=\"SPIRALF\u00d6RMIGE - WOHLBEFINDEN\" \/>\n<meta property=\"og:description\" content=\"P\u00e2tes en forme de spirale P\u00e2tes spirales P\u00e2tes aux c\u00e9r\u00e9ales germ\u00e9es &nbsp; &nbsp; &nbsp; &nbsp; &nbsp; &nbsp; &nbsp; &nbsp; Les nouilles germ\u00e9es ont quelque chose de tr\u00e8s sp\u00e9cial.Pourquoi ? Parce qu&#039;il y a beaucoup plus de vie en elles que dans les nouilles ordinaires.Et comme nous aimons tous les aliments qui sont vraiment vivants, ils ont toute leur place dans&nbsp;Weiter lesen\" \/>\n<meta property=\"og:url\" content=\"https:\/\/bien-etreiris.ch\/de\/produktpraesentation\/gesundes-leben\/gesunde-lebensmittel\/intoleranz\/ohne-gluten\/teigwaren-ohne-gluten\/spiralfoermige-teigwaren\/\" \/>\n<meta property=\"og:site_name\" content=\"WOHLBEFINDEN\" \/>\n<meta property=\"article:publisher\" content=\"https:\/\/www.facebook.com\/bienetreiris\/\" \/>\n<meta property=\"article:modified_time\" content=\"2021-06-08T08:15:57+00:00\" \/>\n<meta name=\"twitter:label1\" content=\"Gesch\u00e4tzte Lesezeit\" \/>\n\t<meta name=\"twitter:data1\" content=\"2\u00a0Minuten\" \/>\n<script type=\"application\/ld+json\" class=\"yoast-schema-graph\">{\"@context\":\"https:\\\/\\\/schema.org\",\"@graph\":[{\"@type\":\"WebPage\",\"@id\":\"https:\\\/\\\/bien-etreiris.ch\\\/de\\\/produktpraesentation\\\/gesundes-leben\\\/gesunde-lebensmittel\\\/intoleranz\\\/ohne-gluten\\\/teigwaren-ohne-gluten\\\/spiralfoermige-teigwaren\\\/\",\"url\":\"https:\\\/\\\/bien-etreiris.ch\\\/de\\\/produktpraesentation\\\/gesundes-leben\\\/gesunde-lebensmittel\\\/intoleranz\\\/ohne-gluten\\\/teigwaren-ohne-gluten\\\/spiralfoermige-teigwaren\\\/\",\"name\":\"SPIRALF\u00d6RMIGE - WOHLBEFINDEN\",\"isPartOf\":{\"@id\":\"https:\\\/\\\/bien-etreiris.ch\\\/de\\\/#website\"},\"primaryImageOfPage\":{\"@id\":\"https:\\\/\\\/bien-etreiris.ch\\\/de\\\/produktpraesentation\\\/gesundes-leben\\\/gesunde-lebensmittel\\\/intoleranz\\\/ohne-gluten\\\/teigwaren-ohne-gluten\\\/spiralfoermige-teigwaren\\\/#primaryimage\"},\"image\":{\"@id\":\"https:\\\/\\\/bien-etreiris.ch\\\/de\\\/produktpraesentation\\\/gesundes-leben\\\/gesunde-lebensmittel\\\/intoleranz\\\/ohne-gluten\\\/teigwaren-ohne-gluten\\\/spiralfoermige-teigwaren\\\/#primaryimage\"},\"thumbnailUrl\":\"https:\\\/\\\/bien-etreiris.ch\\\/wp-content\\\/uploads\\\/2021\\\/05\\\/acceuil-pates-en-spirale.bmp\",\"datePublished\":\"2021-05-26T06:02:34+00:00\",\"dateModified\":\"2021-06-08T08:15:57+00:00\",\"breadcrumb\":{\"@id\":\"https:\\\/\\\/bien-etreiris.ch\\\/de\\\/produktpraesentation\\\/gesundes-leben\\\/gesunde-lebensmittel\\\/intoleranz\\\/ohne-gluten\\\/teigwaren-ohne-gluten\\\/spiralfoermige-teigwaren\\\/#breadcrumb\"},\"inLanguage\":\"de\",\"potentialAction\":[{\"@type\":\"ReadAction\",\"target\":[\"https:\\\/\\\/bien-etreiris.ch\\\/de\\\/produktpraesentation\\\/gesundes-leben\\\/gesunde-lebensmittel\\\/intoleranz\\\/ohne-gluten\\\/teigwaren-ohne-gluten\\\/spiralfoermige-teigwaren\\\/\"]}]},{\"@type\":\"ImageObject\",\"inLanguage\":\"de\",\"@id\":\"https:\\\/\\\/bien-etreiris.ch\\\/de\\\/produktpraesentation\\\/gesundes-leben\\\/gesunde-lebensmittel\\\/intoleranz\\\/ohne-gluten\\\/teigwaren-ohne-gluten\\\/spiralfoermige-teigwaren\\\/#primaryimage\",\"url\":\"https:\\\/\\\/bien-etreiris.ch\\\/wp-content\\\/uploads\\\/2021\\\/05\\\/acceuil-pates-en-spirale.bmp\",\"contentUrl\":\"https:\\\/\\\/bien-etreiris.ch\\\/wp-content\\\/uploads\\\/2021\\\/05\\\/acceuil-pates-en-spirale.bmp\",\"width\":500,\"height\":333},{\"@type\":\"BreadcrumbList\",\"@id\":\"https:\\\/\\\/bien-etreiris.ch\\\/de\\\/produktpraesentation\\\/gesundes-leben\\\/gesunde-lebensmittel\\\/intoleranz\\\/ohne-gluten\\\/teigwaren-ohne-gluten\\\/spiralfoermige-teigwaren\\\/#breadcrumb\",\"itemListElement\":[{\"@type\":\"ListItem\",\"position\":1,\"name\":\"Home\",\"item\":\"https:\\\/\\\/bien-etreiris.ch\\\/de\\\/\"},{\"@type\":\"ListItem\",\"position\":2,\"name\":\"PRODUKTPR\u00c4SENTATION\",\"item\":\"https:\\\/\\\/bien-etreiris.ch\\\/de\\\/produktpraesentation\\\/\"},{\"@type\":\"ListItem\",\"position\":3,\"name\":\"GESUNDES LEBEN\",\"item\":\"https:\\\/\\\/bien-etreiris.ch\\\/de\\\/produktpraesentation\\\/gesundes-leben\\\/\"},{\"@type\":\"ListItem\",\"position\":4,\"name\":\"GESUNDE LEBENSMITTEL\",\"item\":\"https:\\\/\\\/bien-etreiris.ch\\\/de\\\/produktpraesentation\\\/gesundes-leben\\\/gesunde-lebensmittel\\\/\"},{\"@type\":\"ListItem\",\"position\":5,\"name\":\"INTOLERANZ\",\"item\":\"https:\\\/\\\/bien-etreiris.ch\\\/de\\\/produktpraesentation\\\/gesundes-leben\\\/gesunde-lebensmittel\\\/intoleranz\\\/\"},{\"@type\":\"ListItem\",\"position\":6,\"name\":\"OHNE GLUTEN\",\"item\":\"https:\\\/\\\/bien-etreiris.ch\\\/de\\\/produktpraesentation\\\/gesundes-leben\\\/gesunde-lebensmittel\\\/intoleranz\\\/ohne-gluten\\\/\"},{\"@type\":\"ListItem\",\"position\":7,\"name\":\"TEIGWAREN\",\"item\":\"https:\\\/\\\/bien-etreiris.ch\\\/de\\\/produktpraesentation\\\/gesundes-leben\\\/gesunde-lebensmittel\\\/intoleranz\\\/ohne-gluten\\\/teigwaren-ohne-gluten\\\/\"},{\"@type\":\"ListItem\",\"position\":8,\"name\":\"SPIRALF\u00d6RMIGE\"}]},{\"@type\":\"WebSite\",\"@id\":\"https:\\\/\\\/bien-etreiris.ch\\\/de\\\/#website\",\"url\":\"https:\\\/\\\/bien-etreiris.ch\\\/de\\\/\",\"name\":\"Bien-\u00eatre Iris\",\"description\":\"IHRE Gesundheit ist uns wichtig\",\"potentialAction\":[{\"@type\":\"SearchAction\",\"target\":{\"@type\":\"EntryPoint\",\"urlTemplate\":\"https:\\\/\\\/bien-etreiris.ch\\\/de\\\/?s={search_term_string}\"},\"query-input\":{\"@type\":\"PropertyValueSpecification\",\"valueRequired\":true,\"valueName\":\"search_term_string\"}}],\"inLanguage\":\"de\"}]}<\/script>\n<!-- \/ Yoast SEO plugin. -->","yoast_head_json":{"title":"SPIRALF\u00d6RMIGE - WOHLBEFINDEN","robots":{"index":"index","follow":"follow","max-snippet":"max-snippet:-1","max-image-preview":"max-image-preview:large","max-video-preview":"max-video-preview:-1"},"canonical":"https:\/\/bien-etreiris.ch\/de\/produktpraesentation\/gesundes-leben\/gesunde-lebensmittel\/intoleranz\/ohne-gluten\/teigwaren-ohne-gluten\/spiralfoermige-teigwaren\/","og_locale":"de_DE","og_type":"article","og_title":"SPIRALF\u00d6RMIGE - WOHLBEFINDEN","og_description":"P\u00e2tes en forme de spirale P\u00e2tes spirales P\u00e2tes aux c\u00e9r\u00e9ales germ\u00e9es &nbsp; &nbsp; &nbsp; &nbsp; &nbsp; &nbsp; &nbsp; &nbsp; Les nouilles germ\u00e9es ont quelque chose de tr\u00e8s sp\u00e9cial.Pourquoi ? Parce qu'il y a beaucoup plus de vie en elles que dans les nouilles ordinaires.Et comme nous aimons tous les aliments qui sont vraiment vivants, ils ont toute leur place dans&nbsp;Weiter lesen","og_url":"https:\/\/bien-etreiris.ch\/de\/produktpraesentation\/gesundes-leben\/gesunde-lebensmittel\/intoleranz\/ohne-gluten\/teigwaren-ohne-gluten\/spiralfoermige-teigwaren\/","og_site_name":"WOHLBEFINDEN","article_publisher":"https:\/\/www.facebook.com\/bienetreiris\/","article_modified_time":"2021-06-08T08:15:57+00:00","twitter_misc":{"Gesch\u00e4tzte Lesezeit":"2\u00a0Minuten"},"schema":{"@context":"https:\/\/schema.org","@graph":[{"@type":"WebPage","@id":"https:\/\/bien-etreiris.ch\/de\/produktpraesentation\/gesundes-leben\/gesunde-lebensmittel\/intoleranz\/ohne-gluten\/teigwaren-ohne-gluten\/spiralfoermige-teigwaren\/","url":"https:\/\/bien-etreiris.ch\/de\/produktpraesentation\/gesundes-leben\/gesunde-lebensmittel\/intoleranz\/ohne-gluten\/teigwaren-ohne-gluten\/spiralfoermige-teigwaren\/","name":"SPIRALF\u00d6RMIGE - WOHLBEFINDEN","isPartOf":{"@id":"https:\/\/bien-etreiris.ch\/de\/#website"},"primaryImageOfPage":{"@id":"https:\/\/bien-etreiris.ch\/de\/produktpraesentation\/gesundes-leben\/gesunde-lebensmittel\/intoleranz\/ohne-gluten\/teigwaren-ohne-gluten\/spiralfoermige-teigwaren\/#primaryimage"},"image":{"@id":"https:\/\/bien-etreiris.ch\/de\/produktpraesentation\/gesundes-leben\/gesunde-lebensmittel\/intoleranz\/ohne-gluten\/teigwaren-ohne-gluten\/spiralfoermige-teigwaren\/#primaryimage"},"thumbnailUrl":"https:\/\/bien-etreiris.ch\/wp-content\/uploads\/2021\/05\/acceuil-pates-en-spirale.bmp","datePublished":"2021-05-26T06:02:34+00:00","dateModified":"2021-06-08T08:15:57+00:00","breadcrumb":{"@id":"https:\/\/bien-etreiris.ch\/de\/produktpraesentation\/gesundes-leben\/gesunde-lebensmittel\/intoleranz\/ohne-gluten\/teigwaren-ohne-gluten\/spiralfoermige-teigwaren\/#breadcrumb"},"inLanguage":"de","potentialAction":[{"@type":"ReadAction","target":["https:\/\/bien-etreiris.ch\/de\/produktpraesentation\/gesundes-leben\/gesunde-lebensmittel\/intoleranz\/ohne-gluten\/teigwaren-ohne-gluten\/spiralfoermige-teigwaren\/"]}]},{"@type":"ImageObject","inLanguage":"de","@id":"https:\/\/bien-etreiris.ch\/de\/produktpraesentation\/gesundes-leben\/gesunde-lebensmittel\/intoleranz\/ohne-gluten\/teigwaren-ohne-gluten\/spiralfoermige-teigwaren\/#primaryimage","url":"https:\/\/bien-etreiris.ch\/wp-content\/uploads\/2021\/05\/acceuil-pates-en-spirale.bmp","contentUrl":"https:\/\/bien-etreiris.ch\/wp-content\/uploads\/2021\/05\/acceuil-pates-en-spirale.bmp","width":500,"height":333},{"@type":"BreadcrumbList","@id":"https:\/\/bien-etreiris.ch\/de\/produktpraesentation\/gesundes-leben\/gesunde-lebensmittel\/intoleranz\/ohne-gluten\/teigwaren-ohne-gluten\/spiralfoermige-teigwaren\/#breadcrumb","itemListElement":[{"@type":"ListItem","position":1,"name":"Home","item":"https:\/\/bien-etreiris.ch\/de\/"},{"@type":"ListItem","position":2,"name":"PRODUKTPR\u00c4SENTATION","item":"https:\/\/bien-etreiris.ch\/de\/produktpraesentation\/"},{"@type":"ListItem","position":3,"name":"GESUNDES LEBEN","item":"https:\/\/bien-etreiris.ch\/de\/produktpraesentation\/gesundes-leben\/"},{"@type":"ListItem","position":4,"name":"GESUNDE LEBENSMITTEL","item":"https:\/\/bien-etreiris.ch\/de\/produktpraesentation\/gesundes-leben\/gesunde-lebensmittel\/"},{"@type":"ListItem","position":5,"name":"INTOLERANZ","item":"https:\/\/bien-etreiris.ch\/de\/produktpraesentation\/gesundes-leben\/gesunde-lebensmittel\/intoleranz\/"},{"@type":"ListItem","position":6,"name":"OHNE GLUTEN","item":"https:\/\/bien-etreiris.ch\/de\/produktpraesentation\/gesundes-leben\/gesunde-lebensmittel\/intoleranz\/ohne-gluten\/"},{"@type":"ListItem","position":7,"name":"TEIGWAREN","item":"https:\/\/bien-etreiris.ch\/de\/produktpraesentation\/gesundes-leben\/gesunde-lebensmittel\/intoleranz\/ohne-gluten\/teigwaren-ohne-gluten\/"},{"@type":"ListItem","position":8,"name":"SPIRALF\u00d6RMIGE"}]},{"@type":"WebSite","@id":"https:\/\/bien-etreiris.ch\/de\/#website","url":"https:\/\/bien-etreiris.ch\/de\/","name":"Bien-\u00eatre Iris","description":"IHRE Gesundheit ist uns wichtig","potentialAction":[{"@type":"SearchAction","target":{"@type":"EntryPoint","urlTemplate":"https:\/\/bien-etreiris.ch\/de\/?s={search_term_string}"},"query-input":{"@type":"PropertyValueSpecification","valueRequired":true,"valueName":"search_term_string"}}],"inLanguage":"de"}]}},"_links":{"self":[{"href":"https:\/\/bien-etreiris.ch\/de\/wp-json\/wp\/v2\/pages\/47101","targetHints":{"allow":["GET"]}}],"collection":[{"href":"https:\/\/bien-etreiris.ch\/de\/wp-json\/wp\/v2\/pages"}],"about":[{"href":"https:\/\/bien-etreiris.ch\/de\/wp-json\/wp\/v2\/types\/page"}],"author":[{"embeddable":true,"href":"https:\/\/bien-etreiris.ch\/de\/wp-json\/wp\/v2\/users\/1"}],"replies":[{"embeddable":true,"href":"https:\/\/bien-etreiris.ch\/de\/wp-json\/wp\/v2\/comments?post=47101"}],"version-history":[{"count":5,"href":"https:\/\/bien-etreiris.ch\/de\/wp-json\/wp\/v2\/pages\/47101\/revisions"}],"predecessor-version":[{"id":50031,"href":"https:\/\/bien-etreiris.ch\/de\/wp-json\/wp\/v2\/pages\/47101\/revisions\/50031"}],"up":[{"embeddable":true,"href":"https:\/\/bien-etreiris.ch\/de\/wp-json\/wp\/v2\/pages\/46745"}],"wp:featuredmedia":[{"embeddable":true,"href":"https:\/\/bien-etreiris.ch\/de\/wp-json\/wp\/v2\/media\/47099"}],"wp:attachment":[{"href":"https:\/\/bien-etreiris.ch\/de\/wp-json\/wp\/v2\/media?parent=47101"}],"curies":[{"name":"wp","href":"https:\/\/api.w.org\/{rel}","templated":true}]}}