{"id":47079,"date":"2021-05-26T07:46:47","date_gmt":"2021-05-26T05:46:47","guid":{"rendered":"https:\/\/bien-etreiris.ch\/?page_id=47079"},"modified":"2022-12-10T20:59:33","modified_gmt":"2022-12-10T18:59:33","slug":"lapachorinde","status":"publish","type":"page","link":"https:\/\/bien-etreiris.ch\/de\/produktpraesentation\/gesundes-leben\/nahrungsergaenzungsmittel\/pflanzenheilkunde-gleichgewicht-durch-heilpflanzen\/kraeuter-und-pflanzen\/lapachorinde\/","title":{"rendered":"LAPACHORINDE"},"content":{"rendered":"\n<p><a href=\"https:\/\/bien-etreiris.ch\/wp-content\/uploads\/2021\/05\/ecorce-lapacho.png\"><img loading=\"lazy\" decoding=\"async\" class=\"size-medium wp-image-47075 aligncenter\" src=\"https:\/\/bien-etreiris.ch\/wp-content\/uploads\/2021\/05\/ecorce-lapacho-300x300.png\" alt=\"\" width=\"300\" height=\"300\" srcset=\"https:\/\/bien-etreiris.ch\/wp-content\/uploads\/2021\/05\/ecorce-lapacho-300x300.png 300w, https:\/\/bien-etreiris.ch\/wp-content\/uploads\/2021\/05\/ecorce-lapacho-150x150.png 150w, https:\/\/bien-etreiris.ch\/wp-content\/uploads\/2021\/05\/ecorce-lapacho.png 599w\" sizes=\"auto, (max-width: 300px) 100vw, 300px\" \/><\/a><\/p>\n<h2>Rinde des Lapachobaums<\/h2>\n<p><a href=\"https:\/\/bien-etreiris.ch\/wp-content\/uploads\/2021\/05\/lapacho.jpg\"><img loading=\"lazy\" decoding=\"async\" class=\"alignleft wp-image-47080 \" src=\"https:\/\/bien-etreiris.ch\/wp-content\/uploads\/2021\/05\/lapacho-627x1024.jpg\" alt=\"\" width=\"271\" height=\"442\" srcset=\"https:\/\/bien-etreiris.ch\/wp-content\/uploads\/2021\/05\/lapacho-627x1024.jpg 627w, https:\/\/bien-etreiris.ch\/wp-content\/uploads\/2021\/05\/lapacho-184x300.jpg 184w, https:\/\/bien-etreiris.ch\/wp-content\/uploads\/2021\/05\/lapacho.jpg 726w\" sizes=\"auto, (max-width: 271px) 100vw, 271px\" \/><\/a><\/p>\n<p>&nbsp;<\/p>\n<p>&nbsp;<\/p>\n<p>&nbsp;<\/p>\n<p>&nbsp;<\/p>\n<p>&nbsp;<\/p>\n<p>&nbsp;<\/p>\n<h4>Sonnentor<\/h4>\n<p>1 Paket zu 70 g <strong>CHF 4.30<\/strong><\/p>\n<p>&nbsp;<\/p>\n<p>&nbsp;<\/p>\n<p>&nbsp;<\/p>\n<p>&nbsp;<\/p>\n<h4>&nbsp;<\/h4>\n<p>Wir haben einen Inka-Schatz gefunden. Der Tee aus der Rinde des \"Baum des Lebens\" wird in S\u00fcdamerika wild gesammelt. Bei der Zubereitung gilt: Ein guter Tee braucht Zeit. Lassen Sie den Lapacho-Tee f\u00fcnf Minuten lang mit kochendem Wasser \u00dcberbr\u00fchen und anschliessend weitere 15 Minuten ziehen. Die Wartezeit wird durch den rauchigen und s\u00e4uerlichen Geschmack dieser Alternative zu schwarzem Tee belohnt.<\/p>\n<p>Das Getr\u00e4nk ist k\u00f6stlich, mit einem typischen holzigen Geschmack, der anderen Getr\u00e4nken wie Rooibos oder Sandelholz \u00e4hnelt, mit Vanillenoten und einer sehr leichten Bitterkeit.<\/p>\n<p>Lapacho ist auch sehr reich an t\u00e4glich ben\u00f6tigten Mineralien, enth\u00e4lt aber kein Koffein. Es ist ein ideales Getr\u00e4nk, um sich von der M\u00fcdigkeit eines Tages zu erholen.<\/p>\n<p>Er ist ein effektiver Entgifter, der das Immunsystem st\u00e4rkt, insbesondere in Verbindung mit Chlorella-Pulver. Man erkennt heute seine antibakteriellen, antioxidativen, antiviralen und antiparasit\u00e4ren Eigenschaften.<\/p>\n<p>&nbsp;<\/p>\n<h2><a href=\"https:\/\/bien-etreiris.ch\/de\/ratgeber-klarheit-beratung\/natuerliche-heilmittel\/pflanzenheilkunde\/heilpflanzen\/lapacho\/\" target=\"_blank\" rel=\"noopener\"><span style=\"color: #ffcc00;\">Wenn Sie mehr wissen wollen, klicken Sie hier.<\/span><\/a><\/h2>\n<p>&nbsp;<\/p>\n<h4>Zubereitung von Lapacho<\/h4>\n<p>1 Liter Wasser zum Kochen bringen, einen Essl\u00f6ffel Lapacho hineingeben, zudecken und 5 Minuten lang sanft kochen lassen. 20 Minuten lang stehen lassen. Filtern und tags\u00fcber trinken.<\/p>\n<p>Diese Art der Zubereitung ist genau genommen ein Dekokt und kein Aufguss.<\/p>\n<p>Achtung: Lapacho verd\u00fcnnt das Blut, wie es auch Aspirin tut, und sollte nicht zusammen mit blutverd\u00fcnnenden Mitteln oder vor einer Operation verwendet werden. Frauen w\u00e4hrend der Menstruation sollten ebenfalls auf die Einnahme von Lapacho verzichten.<\/p>\n<p>Der Lapacho, den wir Ihnen anbieten, stammt aus Brasilien. Er wird aus dem inneren Teil der Rinde \/ Kambium \/ Splintholz hergestellt.<\/p>\n<p>Familie<\/p>\n<p>Bignoniaceae<\/p>\n<h4>Inhaltsstoffe:<\/h4>\n<ul style=\"list-style-type: disc;\">\n<li>Kalzium<\/li>\n<li>Magnesium<\/li>\n<li>Lapachol (Lapachon)<\/li>\n<li>Tannine<\/li>\n<li>Q-oenzyme<\/li>\n<li>Alkaloide<\/li>\n<\/ul>\n<p>&nbsp;<\/p>\n<h4><br><span style=\"color: #ff0000;\">Vorsichtsma\u00dfnahmen<\/span><\/h4>\n<p>Nicht bei Schwangerschaft oder w\u00e4hrend der Stillzeit einnehmen;<br>Kontraindiziert, wenn Sie Antikoagulantien einnehmen, da einige isolierte Bestandteile der Pflanze eine blutverd\u00fcnnende Wirkung haben;<br>\u00dcbelkeit bei langfristiger Einnahme, nicht bei jedem, h\u00e4ngt von Ihrer Empfindlichkeit ab.<\/p>\n<p>&nbsp;<\/p>\n","protected":false},"excerpt":{"rendered":"<p>Rinde des Lapachobaums &nbsp; &nbsp; &nbsp; &nbsp; &nbsp; &nbsp; Sonnentor 1 Paket zu 70 g CHF 4.30 &nbsp; &nbsp; &nbsp; &nbsp; &nbsp; Wir haben einen Inka-Schatz gefunden. Der Tee aus der Rinde des \"Baum des Lebens\" wird in S\u00fcdamerika wild gesammelt. Bei der Zubereitung gilt: Ein guter Tee braucht Zeit. Lassen Sie den Lapacho-Tee f\u00fcnf Minuten lang mit kochendem Wasser&nbsp;<a href=\"https:\/\/bien-etreiris.ch\/de\/produktpraesentation\/gesundes-leben\/nahrungsergaenzungsmittel\/pflanzenheilkunde-gleichgewicht-durch-heilpflanzen\/kraeuter-und-pflanzen\/lapachorinde\/\" class=\"read-more\">Weiter lesen<\/a><\/p>\n","protected":false},"author":1,"featured_media":59416,"parent":30677,"menu_order":5450,"comment_status":"closed","ping_status":"closed","template":"page-with-child.php","meta":{"_acf_changed":false,"ngg_post_thumbnail":0,"footnotes":""},"class_list":["post-47079","page","type-page","status-publish","has-post-thumbnail","hentry"],"acf":[],"yoast_head":"<!-- This site is optimized with the Yoast SEO plugin v27.6 - https:\/\/yoast.com\/product\/yoast-seo-wordpress\/ -->\n<title>LAPACHORINDE - WOHLBEFINDEN<\/title>\n<meta name=\"robots\" content=\"index, follow, max-snippet:-1, max-image-preview:large, max-video-preview:-1\" \/>\n<link rel=\"canonical\" href=\"https:\/\/bien-etreiris.ch\/de\/produktpraesentation\/gesundes-leben\/nahrungsergaenzungsmittel\/pflanzenheilkunde-gleichgewicht-durch-heilpflanzen\/kraeuter-und-pflanzen\/lapachorinde\/\" \/>\n<meta property=\"og:locale\" content=\"de_DE\" \/>\n<meta property=\"og:type\" content=\"article\" \/>\n<meta property=\"og:title\" content=\"LAPACHORINDE - WOHLBEFINDEN\" \/>\n<meta property=\"og:description\" content=\"Rinde des Lapachobaums &nbsp; &nbsp; &nbsp; &nbsp; &nbsp; &nbsp; Sonnentor 1 Paket zu 70 g CHF 4.30 &nbsp; &nbsp; &nbsp; &nbsp; &nbsp; Wir haben einen Inka-Schatz gefunden. Der Tee aus der Rinde des &quot;Baum des Lebens&quot; wird in S\u00fcdamerika wild gesammelt. Bei der Zubereitung gilt: Ein guter Tee braucht Zeit. Lassen Sie den Lapacho-Tee f\u00fcnf Minuten lang mit kochendem Wasser&nbsp;Weiter lesen\" \/>\n<meta property=\"og:url\" content=\"https:\/\/bien-etreiris.ch\/de\/produktpraesentation\/gesundes-leben\/nahrungsergaenzungsmittel\/pflanzenheilkunde-gleichgewicht-durch-heilpflanzen\/kraeuter-und-pflanzen\/lapachorinde\/\" \/>\n<meta property=\"og:site_name\" content=\"WOHLBEFINDEN\" \/>\n<meta property=\"article:publisher\" content=\"https:\/\/www.facebook.com\/bienetreiris\/\" \/>\n<meta property=\"article:modified_time\" content=\"2022-12-10T18:59:33+00:00\" \/>\n<meta property=\"og:image\" content=\"https:\/\/bien-etreiris.ch\/wp-content\/uploads\/2022\/09\/acceuil-de-ecorce-de-lapacho.png\" \/>\n\t<meta property=\"og:image:width\" content=\"500\" \/>\n\t<meta property=\"og:image:height\" content=\"310\" \/>\n\t<meta property=\"og:image:type\" content=\"image\/png\" \/>\n<meta name=\"twitter:label1\" content=\"Gesch\u00e4tzte Lesezeit\" \/>\n\t<meta name=\"twitter:data1\" content=\"3\u00a0Minuten\" \/>\n<script type=\"application\/ld+json\" class=\"yoast-schema-graph\">{\"@context\":\"https:\\\/\\\/schema.org\",\"@graph\":[{\"@type\":\"WebPage\",\"@id\":\"https:\\\/\\\/bien-etreiris.ch\\\/de\\\/produktpraesentation\\\/gesundes-leben\\\/nahrungsergaenzungsmittel\\\/pflanzenheilkunde-gleichgewicht-durch-heilpflanzen\\\/kraeuter-und-pflanzen\\\/lapachorinde\\\/\",\"url\":\"https:\\\/\\\/bien-etreiris.ch\\\/de\\\/produktpraesentation\\\/gesundes-leben\\\/nahrungsergaenzungsmittel\\\/pflanzenheilkunde-gleichgewicht-durch-heilpflanzen\\\/kraeuter-und-pflanzen\\\/lapachorinde\\\/\",\"name\":\"LAPACHORINDE - WOHLBEFINDEN\",\"isPartOf\":{\"@id\":\"https:\\\/\\\/bien-etreiris.ch\\\/de\\\/#website\"},\"primaryImageOfPage\":{\"@id\":\"https:\\\/\\\/bien-etreiris.ch\\\/de\\\/produktpraesentation\\\/gesundes-leben\\\/nahrungsergaenzungsmittel\\\/pflanzenheilkunde-gleichgewicht-durch-heilpflanzen\\\/kraeuter-und-pflanzen\\\/lapachorinde\\\/#primaryimage\"},\"image\":{\"@id\":\"https:\\\/\\\/bien-etreiris.ch\\\/de\\\/produktpraesentation\\\/gesundes-leben\\\/nahrungsergaenzungsmittel\\\/pflanzenheilkunde-gleichgewicht-durch-heilpflanzen\\\/kraeuter-und-pflanzen\\\/lapachorinde\\\/#primaryimage\"},\"thumbnailUrl\":\"https:\\\/\\\/bien-etreiris.ch\\\/wp-content\\\/uploads\\\/2022\\\/09\\\/acceuil-de-ecorce-de-lapacho.png\",\"datePublished\":\"2021-05-26T05:46:47+00:00\",\"dateModified\":\"2022-12-10T18:59:33+00:00\",\"breadcrumb\":{\"@id\":\"https:\\\/\\\/bien-etreiris.ch\\\/de\\\/produktpraesentation\\\/gesundes-leben\\\/nahrungsergaenzungsmittel\\\/pflanzenheilkunde-gleichgewicht-durch-heilpflanzen\\\/kraeuter-und-pflanzen\\\/lapachorinde\\\/#breadcrumb\"},\"inLanguage\":\"de\",\"potentialAction\":[{\"@type\":\"ReadAction\",\"target\":[\"https:\\\/\\\/bien-etreiris.ch\\\/de\\\/produktpraesentation\\\/gesundes-leben\\\/nahrungsergaenzungsmittel\\\/pflanzenheilkunde-gleichgewicht-durch-heilpflanzen\\\/kraeuter-und-pflanzen\\\/lapachorinde\\\/\"]}]},{\"@type\":\"ImageObject\",\"inLanguage\":\"de\",\"@id\":\"https:\\\/\\\/bien-etreiris.ch\\\/de\\\/produktpraesentation\\\/gesundes-leben\\\/nahrungsergaenzungsmittel\\\/pflanzenheilkunde-gleichgewicht-durch-heilpflanzen\\\/kraeuter-und-pflanzen\\\/lapachorinde\\\/#primaryimage\",\"url\":\"https:\\\/\\\/bien-etreiris.ch\\\/wp-content\\\/uploads\\\/2022\\\/09\\\/acceuil-de-ecorce-de-lapacho.png\",\"contentUrl\":\"https:\\\/\\\/bien-etreiris.ch\\\/wp-content\\\/uploads\\\/2022\\\/09\\\/acceuil-de-ecorce-de-lapacho.png\",\"width\":500,\"height\":310},{\"@type\":\"BreadcrumbList\",\"@id\":\"https:\\\/\\\/bien-etreiris.ch\\\/de\\\/produktpraesentation\\\/gesundes-leben\\\/nahrungsergaenzungsmittel\\\/pflanzenheilkunde-gleichgewicht-durch-heilpflanzen\\\/kraeuter-und-pflanzen\\\/lapachorinde\\\/#breadcrumb\",\"itemListElement\":[{\"@type\":\"ListItem\",\"position\":1,\"name\":\"Home\",\"item\":\"https:\\\/\\\/bien-etreiris.ch\\\/de\\\/\"},{\"@type\":\"ListItem\",\"position\":2,\"name\":\"PRODUKTPR\u00c4SENTATION\",\"item\":\"https:\\\/\\\/bien-etreiris.ch\\\/de\\\/produktpraesentation\\\/\"},{\"@type\":\"ListItem\",\"position\":3,\"name\":\"GESUNDES LEBEN\",\"item\":\"https:\\\/\\\/bien-etreiris.ch\\\/de\\\/produktpraesentation\\\/gesundes-leben\\\/\"},{\"@type\":\"ListItem\",\"position\":4,\"name\":\"NAHRUNGSERG\u00c4NZUNG\",\"item\":\"https:\\\/\\\/bien-etreiris.ch\\\/de\\\/produktpraesentation\\\/gesundes-leben\\\/nahrungsergaenzungsmittel\\\/\"},{\"@type\":\"ListItem\",\"position\":5,\"name\":\"PFLANZENHEILKUNDE\",\"item\":\"https:\\\/\\\/bien-etreiris.ch\\\/de\\\/produktpraesentation\\\/gesundes-leben\\\/nahrungsergaenzungsmittel\\\/pflanzenheilkunde-gleichgewicht-durch-heilpflanzen\\\/\"},{\"@type\":\"ListItem\",\"position\":6,\"name\":\"KR\u00c4UTER &#038; PFLANZEN\",\"item\":\"https:\\\/\\\/bien-etreiris.ch\\\/de\\\/produktpraesentation\\\/gesundes-leben\\\/nahrungsergaenzungsmittel\\\/pflanzenheilkunde-gleichgewicht-durch-heilpflanzen\\\/kraeuter-und-pflanzen\\\/\"},{\"@type\":\"ListItem\",\"position\":7,\"name\":\"LAPACHORINDE\"}]},{\"@type\":\"WebSite\",\"@id\":\"https:\\\/\\\/bien-etreiris.ch\\\/de\\\/#website\",\"url\":\"https:\\\/\\\/bien-etreiris.ch\\\/de\\\/\",\"name\":\"Bien-\u00eatre Iris\",\"description\":\"IHRE Gesundheit ist uns wichtig\",\"potentialAction\":[{\"@type\":\"SearchAction\",\"target\":{\"@type\":\"EntryPoint\",\"urlTemplate\":\"https:\\\/\\\/bien-etreiris.ch\\\/de\\\/?s={search_term_string}\"},\"query-input\":{\"@type\":\"PropertyValueSpecification\",\"valueRequired\":true,\"valueName\":\"search_term_string\"}}],\"inLanguage\":\"de\"}]}<\/script>\n<!-- \/ Yoast SEO plugin. -->","yoast_head_json":{"title":"LAPACHORINDE - WOHLBEFINDEN","robots":{"index":"index","follow":"follow","max-snippet":"max-snippet:-1","max-image-preview":"max-image-preview:large","max-video-preview":"max-video-preview:-1"},"canonical":"https:\/\/bien-etreiris.ch\/de\/produktpraesentation\/gesundes-leben\/nahrungsergaenzungsmittel\/pflanzenheilkunde-gleichgewicht-durch-heilpflanzen\/kraeuter-und-pflanzen\/lapachorinde\/","og_locale":"de_DE","og_type":"article","og_title":"LAPACHORINDE - WOHLBEFINDEN","og_description":"Rinde des Lapachobaums &nbsp; &nbsp; &nbsp; &nbsp; &nbsp; &nbsp; Sonnentor 1 Paket zu 70 g CHF 4.30 &nbsp; &nbsp; &nbsp; &nbsp; &nbsp; Wir haben einen Inka-Schatz gefunden. Der Tee aus der Rinde des \"Baum des Lebens\" wird in S\u00fcdamerika wild gesammelt. Bei der Zubereitung gilt: Ein guter Tee braucht Zeit. Lassen Sie den Lapacho-Tee f\u00fcnf Minuten lang mit kochendem Wasser&nbsp;Weiter lesen","og_url":"https:\/\/bien-etreiris.ch\/de\/produktpraesentation\/gesundes-leben\/nahrungsergaenzungsmittel\/pflanzenheilkunde-gleichgewicht-durch-heilpflanzen\/kraeuter-und-pflanzen\/lapachorinde\/","og_site_name":"WOHLBEFINDEN","article_publisher":"https:\/\/www.facebook.com\/bienetreiris\/","article_modified_time":"2022-12-10T18:59:33+00:00","og_image":[{"width":500,"height":310,"url":"https:\/\/bien-etreiris.ch\/wp-content\/uploads\/2022\/09\/acceuil-de-ecorce-de-lapacho.png","type":"image\/png"}],"twitter_misc":{"Gesch\u00e4tzte Lesezeit":"3\u00a0Minuten"},"schema":{"@context":"https:\/\/schema.org","@graph":[{"@type":"WebPage","@id":"https:\/\/bien-etreiris.ch\/de\/produktpraesentation\/gesundes-leben\/nahrungsergaenzungsmittel\/pflanzenheilkunde-gleichgewicht-durch-heilpflanzen\/kraeuter-und-pflanzen\/lapachorinde\/","url":"https:\/\/bien-etreiris.ch\/de\/produktpraesentation\/gesundes-leben\/nahrungsergaenzungsmittel\/pflanzenheilkunde-gleichgewicht-durch-heilpflanzen\/kraeuter-und-pflanzen\/lapachorinde\/","name":"LAPACHORINDE - WOHLBEFINDEN","isPartOf":{"@id":"https:\/\/bien-etreiris.ch\/de\/#website"},"primaryImageOfPage":{"@id":"https:\/\/bien-etreiris.ch\/de\/produktpraesentation\/gesundes-leben\/nahrungsergaenzungsmittel\/pflanzenheilkunde-gleichgewicht-durch-heilpflanzen\/kraeuter-und-pflanzen\/lapachorinde\/#primaryimage"},"image":{"@id":"https:\/\/bien-etreiris.ch\/de\/produktpraesentation\/gesundes-leben\/nahrungsergaenzungsmittel\/pflanzenheilkunde-gleichgewicht-durch-heilpflanzen\/kraeuter-und-pflanzen\/lapachorinde\/#primaryimage"},"thumbnailUrl":"https:\/\/bien-etreiris.ch\/wp-content\/uploads\/2022\/09\/acceuil-de-ecorce-de-lapacho.png","datePublished":"2021-05-26T05:46:47+00:00","dateModified":"2022-12-10T18:59:33+00:00","breadcrumb":{"@id":"https:\/\/bien-etreiris.ch\/de\/produktpraesentation\/gesundes-leben\/nahrungsergaenzungsmittel\/pflanzenheilkunde-gleichgewicht-durch-heilpflanzen\/kraeuter-und-pflanzen\/lapachorinde\/#breadcrumb"},"inLanguage":"de","potentialAction":[{"@type":"ReadAction","target":["https:\/\/bien-etreiris.ch\/de\/produktpraesentation\/gesundes-leben\/nahrungsergaenzungsmittel\/pflanzenheilkunde-gleichgewicht-durch-heilpflanzen\/kraeuter-und-pflanzen\/lapachorinde\/"]}]},{"@type":"ImageObject","inLanguage":"de","@id":"https:\/\/bien-etreiris.ch\/de\/produktpraesentation\/gesundes-leben\/nahrungsergaenzungsmittel\/pflanzenheilkunde-gleichgewicht-durch-heilpflanzen\/kraeuter-und-pflanzen\/lapachorinde\/#primaryimage","url":"https:\/\/bien-etreiris.ch\/wp-content\/uploads\/2022\/09\/acceuil-de-ecorce-de-lapacho.png","contentUrl":"https:\/\/bien-etreiris.ch\/wp-content\/uploads\/2022\/09\/acceuil-de-ecorce-de-lapacho.png","width":500,"height":310},{"@type":"BreadcrumbList","@id":"https:\/\/bien-etreiris.ch\/de\/produktpraesentation\/gesundes-leben\/nahrungsergaenzungsmittel\/pflanzenheilkunde-gleichgewicht-durch-heilpflanzen\/kraeuter-und-pflanzen\/lapachorinde\/#breadcrumb","itemListElement":[{"@type":"ListItem","position":1,"name":"Home","item":"https:\/\/bien-etreiris.ch\/de\/"},{"@type":"ListItem","position":2,"name":"PRODUKTPR\u00c4SENTATION","item":"https:\/\/bien-etreiris.ch\/de\/produktpraesentation\/"},{"@type":"ListItem","position":3,"name":"GESUNDES LEBEN","item":"https:\/\/bien-etreiris.ch\/de\/produktpraesentation\/gesundes-leben\/"},{"@type":"ListItem","position":4,"name":"NAHRUNGSERG\u00c4NZUNG","item":"https:\/\/bien-etreiris.ch\/de\/produktpraesentation\/gesundes-leben\/nahrungsergaenzungsmittel\/"},{"@type":"ListItem","position":5,"name":"PFLANZENHEILKUNDE","item":"https:\/\/bien-etreiris.ch\/de\/produktpraesentation\/gesundes-leben\/nahrungsergaenzungsmittel\/pflanzenheilkunde-gleichgewicht-durch-heilpflanzen\/"},{"@type":"ListItem","position":6,"name":"KR\u00c4UTER &#038; PFLANZEN","item":"https:\/\/bien-etreiris.ch\/de\/produktpraesentation\/gesundes-leben\/nahrungsergaenzungsmittel\/pflanzenheilkunde-gleichgewicht-durch-heilpflanzen\/kraeuter-und-pflanzen\/"},{"@type":"ListItem","position":7,"name":"LAPACHORINDE"}]},{"@type":"WebSite","@id":"https:\/\/bien-etreiris.ch\/de\/#website","url":"https:\/\/bien-etreiris.ch\/de\/","name":"Bien-\u00eatre Iris","description":"IHRE Gesundheit ist uns wichtig","potentialAction":[{"@type":"SearchAction","target":{"@type":"EntryPoint","urlTemplate":"https:\/\/bien-etreiris.ch\/de\/?s={search_term_string}"},"query-input":{"@type":"PropertyValueSpecification","valueRequired":true,"valueName":"search_term_string"}}],"inLanguage":"de"}]}},"_links":{"self":[{"href":"https:\/\/bien-etreiris.ch\/de\/wp-json\/wp\/v2\/pages\/47079","targetHints":{"allow":["GET"]}}],"collection":[{"href":"https:\/\/bien-etreiris.ch\/de\/wp-json\/wp\/v2\/pages"}],"about":[{"href":"https:\/\/bien-etreiris.ch\/de\/wp-json\/wp\/v2\/types\/page"}],"author":[{"embeddable":true,"href":"https:\/\/bien-etreiris.ch\/de\/wp-json\/wp\/v2\/users\/1"}],"replies":[{"embeddable":true,"href":"https:\/\/bien-etreiris.ch\/de\/wp-json\/wp\/v2\/comments?post=47079"}],"version-history":[{"count":15,"href":"https:\/\/bien-etreiris.ch\/de\/wp-json\/wp\/v2\/pages\/47079\/revisions"}],"predecessor-version":[{"id":62473,"href":"https:\/\/bien-etreiris.ch\/de\/wp-json\/wp\/v2\/pages\/47079\/revisions\/62473"}],"up":[{"embeddable":true,"href":"https:\/\/bien-etreiris.ch\/de\/wp-json\/wp\/v2\/pages\/30677"}],"wp:featuredmedia":[{"embeddable":true,"href":"https:\/\/bien-etreiris.ch\/de\/wp-json\/wp\/v2\/media\/59416"}],"wp:attachment":[{"href":"https:\/\/bien-etreiris.ch\/de\/wp-json\/wp\/v2\/media?parent=47079"}],"curies":[{"name":"wp","href":"https:\/\/api.w.org\/{rel}","templated":true}]}}