{"id":47058,"date":"2021-05-20T14:55:50","date_gmt":"2021-05-20T12:55:50","guid":{"rendered":"https:\/\/bien-etreiris.ch\/fundgrube-deals\/epices-gourmets\/"},"modified":"2021-05-25T21:43:33","modified_gmt":"2021-05-25T19:43:33","slug":"gourmet-gewurze","status":"publish","type":"page","link":"https:\/\/bien-etreiris.ch\/de\/fundgrube-deals\/gourmet-gewurze\/","title":{"rendered":"GOURMET GEW\u00dcRZE"},"content":{"rendered":"\n<h2>LES \u00c9PICES, HERBES AROMATIQUES ET AR\u00d4MES DANS TOUTE LEUR DIVERSIT\u00c9<\/h2>\n<p>Chez Peffer &amp; S\u00f6hne, vous avez le choix parmi une gamme extr\u00eamement \u00e9tendue d\u2019\u00e9pices et d\u2019herbes aromatiques de qualit\u00e9 sup\u00e9rieure, de l\u2019annatto de Bolivie aux fleurs de muscat, en passant par les clous de girofle de Penang.<\/p>\n","protected":false},"excerpt":{"rendered":"<p>LES \u00c9PICES, HERBES AROMATIQUES ET AR\u00d4MES DANS TOUTE LEUR DIVERSIT\u00c9 Chez Peffer &amp; S\u00f6hne, vous avez le choix parmi une gamme extr\u00eamement \u00e9tendue d\u2019\u00e9pices et d\u2019herbes aromatiques de qualit\u00e9 sup\u00e9rieure, de l\u2019annatto de Bolivie aux fleurs de muscat, en passant par les clous de girofle de Penang.<\/p>\n","protected":false},"author":1,"featured_media":45399,"parent":44515,"menu_order":5687,"comment_status":"closed","ping_status":"closed","template":"page-with-child.php","meta":{"_acf_changed":false,"ngg_post_thumbnail":0,"footnotes":""},"class_list":["post-47058","page","type-page","status-publish","has-post-thumbnail","hentry"],"acf":[],"yoast_head":"<!-- This site is optimized with the Yoast SEO plugin v27.6 - https:\/\/yoast.com\/product\/yoast-seo-wordpress\/ -->\n<title>GOURMET GEW\u00dcRZE - WOHLBEFINDEN<\/title>\n<meta name=\"robots\" content=\"index, follow, max-snippet:-1, max-image-preview:large, max-video-preview:-1\" \/>\n<link rel=\"canonical\" href=\"https:\/\/bien-etreiris.ch\/de\/fundgrube-deals\/gourmet-gewurze\/\" \/>\n<meta property=\"og:locale\" content=\"de_DE\" \/>\n<meta property=\"og:type\" content=\"article\" \/>\n<meta property=\"og:title\" content=\"GOURMET GEW\u00dcRZE - WOHLBEFINDEN\" \/>\n<meta property=\"og:description\" content=\"LES \u00c9PICES, HERBES AROMATIQUES ET AR\u00d4MES DANS TOUTE LEUR DIVERSIT\u00c9 Chez Peffer &amp; S\u00f6hne, vous avez le choix parmi une gamme extr\u00eamement \u00e9tendue d\u2019\u00e9pices et d\u2019herbes aromatiques de qualit\u00e9 sup\u00e9rieure, de l\u2019annatto de Bolivie aux fleurs de muscat, en passant par les clous de girofle de Penang.\" \/>\n<meta property=\"og:url\" content=\"https:\/\/bien-etreiris.ch\/de\/fundgrube-deals\/gourmet-gewurze\/\" \/>\n<meta property=\"og:site_name\" content=\"WOHLBEFINDEN\" \/>\n<meta property=\"article:publisher\" content=\"https:\/\/www.facebook.com\/bienetreiris\/\" \/>\n<meta property=\"article:modified_time\" content=\"2021-05-25T19:43:33+00:00\" \/>\n<meta property=\"og:image\" content=\"https:\/\/bien-etreiris.ch\/wp-content\/uploads\/2021\/05\/acceuil-epices-speciaux-pfeffer-sohne.jpg\" \/>\n\t<meta property=\"og:image:width\" content=\"500\" \/>\n\t<meta property=\"og:image:height\" content=\"334\" \/>\n\t<meta property=\"og:image:type\" content=\"image\/jpeg\" \/>\n<meta name=\"twitter:label1\" content=\"Gesch\u00e4tzte Lesezeit\" \/>\n\t<meta name=\"twitter:data1\" content=\"1\u00a0Minute\" \/>\n<script type=\"application\/ld+json\" class=\"yoast-schema-graph\">{\"@context\":\"https:\\\/\\\/schema.org\",\"@graph\":[{\"@type\":\"WebPage\",\"@id\":\"https:\\\/\\\/bien-etreiris.ch\\\/de\\\/fundgrube-deals\\\/gourmet-gewurze\\\/\",\"url\":\"https:\\\/\\\/bien-etreiris.ch\\\/de\\\/fundgrube-deals\\\/gourmet-gewurze\\\/\",\"name\":\"GOURMET GEW\u00dcRZE - WOHLBEFINDEN\",\"isPartOf\":{\"@id\":\"https:\\\/\\\/bien-etreiris.ch\\\/de\\\/#website\"},\"primaryImageOfPage\":{\"@id\":\"https:\\\/\\\/bien-etreiris.ch\\\/de\\\/fundgrube-deals\\\/gourmet-gewurze\\\/#primaryimage\"},\"image\":{\"@id\":\"https:\\\/\\\/bien-etreiris.ch\\\/de\\\/fundgrube-deals\\\/gourmet-gewurze\\\/#primaryimage\"},\"thumbnailUrl\":\"https:\\\/\\\/bien-etreiris.ch\\\/wp-content\\\/uploads\\\/2021\\\/05\\\/acceuil-epices-speciaux-pfeffer-sohne.jpg\",\"datePublished\":\"2021-05-20T12:55:50+00:00\",\"dateModified\":\"2021-05-25T19:43:33+00:00\",\"breadcrumb\":{\"@id\":\"https:\\\/\\\/bien-etreiris.ch\\\/de\\\/fundgrube-deals\\\/gourmet-gewurze\\\/#breadcrumb\"},\"inLanguage\":\"de\",\"potentialAction\":[{\"@type\":\"ReadAction\",\"target\":[\"https:\\\/\\\/bien-etreiris.ch\\\/de\\\/fundgrube-deals\\\/gourmet-gewurze\\\/\"]}]},{\"@type\":\"ImageObject\",\"inLanguage\":\"de\",\"@id\":\"https:\\\/\\\/bien-etreiris.ch\\\/de\\\/fundgrube-deals\\\/gourmet-gewurze\\\/#primaryimage\",\"url\":\"https:\\\/\\\/bien-etreiris.ch\\\/wp-content\\\/uploads\\\/2021\\\/05\\\/acceuil-epices-speciaux-pfeffer-sohne.jpg\",\"contentUrl\":\"https:\\\/\\\/bien-etreiris.ch\\\/wp-content\\\/uploads\\\/2021\\\/05\\\/acceuil-epices-speciaux-pfeffer-sohne.jpg\",\"width\":500,\"height\":334},{\"@type\":\"BreadcrumbList\",\"@id\":\"https:\\\/\\\/bien-etreiris.ch\\\/de\\\/fundgrube-deals\\\/gourmet-gewurze\\\/#breadcrumb\",\"itemListElement\":[{\"@type\":\"ListItem\",\"position\":1,\"name\":\"Home\",\"item\":\"https:\\\/\\\/bien-etreiris.ch\\\/de\\\/\"},{\"@type\":\"ListItem\",\"position\":2,\"name\":\"FUNDGRUBE &#038; DEALS\",\"item\":\"https:\\\/\\\/bien-etreiris.ch\\\/de\\\/fundgrube-deals\\\/\"},{\"@type\":\"ListItem\",\"position\":3,\"name\":\"GOURMET GEW\u00dcRZE\"}]},{\"@type\":\"WebSite\",\"@id\":\"https:\\\/\\\/bien-etreiris.ch\\\/de\\\/#website\",\"url\":\"https:\\\/\\\/bien-etreiris.ch\\\/de\\\/\",\"name\":\"Bien-\u00eatre Iris\",\"description\":\"IHRE Gesundheit ist uns wichtig\",\"potentialAction\":[{\"@type\":\"SearchAction\",\"target\":{\"@type\":\"EntryPoint\",\"urlTemplate\":\"https:\\\/\\\/bien-etreiris.ch\\\/de\\\/?s={search_term_string}\"},\"query-input\":{\"@type\":\"PropertyValueSpecification\",\"valueRequired\":true,\"valueName\":\"search_term_string\"}}],\"inLanguage\":\"de\"}]}<\/script>\n<!-- \/ Yoast SEO plugin. -->","yoast_head_json":{"title":"GOURMET GEW\u00dcRZE - WOHLBEFINDEN","robots":{"index":"index","follow":"follow","max-snippet":"max-snippet:-1","max-image-preview":"max-image-preview:large","max-video-preview":"max-video-preview:-1"},"canonical":"https:\/\/bien-etreiris.ch\/de\/fundgrube-deals\/gourmet-gewurze\/","og_locale":"de_DE","og_type":"article","og_title":"GOURMET GEW\u00dcRZE - WOHLBEFINDEN","og_description":"LES \u00c9PICES, HERBES AROMATIQUES ET AR\u00d4MES DANS TOUTE LEUR DIVERSIT\u00c9 Chez Peffer &amp; S\u00f6hne, vous avez le choix parmi une gamme extr\u00eamement \u00e9tendue d\u2019\u00e9pices et d\u2019herbes aromatiques de qualit\u00e9 sup\u00e9rieure, de l\u2019annatto de Bolivie aux fleurs de muscat, en passant par les clous de girofle de Penang.","og_url":"https:\/\/bien-etreiris.ch\/de\/fundgrube-deals\/gourmet-gewurze\/","og_site_name":"WOHLBEFINDEN","article_publisher":"https:\/\/www.facebook.com\/bienetreiris\/","article_modified_time":"2021-05-25T19:43:33+00:00","og_image":[{"width":500,"height":334,"url":"https:\/\/bien-etreiris.ch\/wp-content\/uploads\/2021\/05\/acceuil-epices-speciaux-pfeffer-sohne.jpg","type":"image\/jpeg"}],"twitter_misc":{"Gesch\u00e4tzte Lesezeit":"1\u00a0Minute"},"schema":{"@context":"https:\/\/schema.org","@graph":[{"@type":"WebPage","@id":"https:\/\/bien-etreiris.ch\/de\/fundgrube-deals\/gourmet-gewurze\/","url":"https:\/\/bien-etreiris.ch\/de\/fundgrube-deals\/gourmet-gewurze\/","name":"GOURMET GEW\u00dcRZE - WOHLBEFINDEN","isPartOf":{"@id":"https:\/\/bien-etreiris.ch\/de\/#website"},"primaryImageOfPage":{"@id":"https:\/\/bien-etreiris.ch\/de\/fundgrube-deals\/gourmet-gewurze\/#primaryimage"},"image":{"@id":"https:\/\/bien-etreiris.ch\/de\/fundgrube-deals\/gourmet-gewurze\/#primaryimage"},"thumbnailUrl":"https:\/\/bien-etreiris.ch\/wp-content\/uploads\/2021\/05\/acceuil-epices-speciaux-pfeffer-sohne.jpg","datePublished":"2021-05-20T12:55:50+00:00","dateModified":"2021-05-25T19:43:33+00:00","breadcrumb":{"@id":"https:\/\/bien-etreiris.ch\/de\/fundgrube-deals\/gourmet-gewurze\/#breadcrumb"},"inLanguage":"de","potentialAction":[{"@type":"ReadAction","target":["https:\/\/bien-etreiris.ch\/de\/fundgrube-deals\/gourmet-gewurze\/"]}]},{"@type":"ImageObject","inLanguage":"de","@id":"https:\/\/bien-etreiris.ch\/de\/fundgrube-deals\/gourmet-gewurze\/#primaryimage","url":"https:\/\/bien-etreiris.ch\/wp-content\/uploads\/2021\/05\/acceuil-epices-speciaux-pfeffer-sohne.jpg","contentUrl":"https:\/\/bien-etreiris.ch\/wp-content\/uploads\/2021\/05\/acceuil-epices-speciaux-pfeffer-sohne.jpg","width":500,"height":334},{"@type":"BreadcrumbList","@id":"https:\/\/bien-etreiris.ch\/de\/fundgrube-deals\/gourmet-gewurze\/#breadcrumb","itemListElement":[{"@type":"ListItem","position":1,"name":"Home","item":"https:\/\/bien-etreiris.ch\/de\/"},{"@type":"ListItem","position":2,"name":"FUNDGRUBE &#038; DEALS","item":"https:\/\/bien-etreiris.ch\/de\/fundgrube-deals\/"},{"@type":"ListItem","position":3,"name":"GOURMET GEW\u00dcRZE"}]},{"@type":"WebSite","@id":"https:\/\/bien-etreiris.ch\/de\/#website","url":"https:\/\/bien-etreiris.ch\/de\/","name":"Bien-\u00eatre Iris","description":"IHRE Gesundheit ist uns wichtig","potentialAction":[{"@type":"SearchAction","target":{"@type":"EntryPoint","urlTemplate":"https:\/\/bien-etreiris.ch\/de\/?s={search_term_string}"},"query-input":{"@type":"PropertyValueSpecification","valueRequired":true,"valueName":"search_term_string"}}],"inLanguage":"de"}]}},"_links":{"self":[{"href":"https:\/\/bien-etreiris.ch\/de\/wp-json\/wp\/v2\/pages\/47058","targetHints":{"allow":["GET"]}}],"collection":[{"href":"https:\/\/bien-etreiris.ch\/de\/wp-json\/wp\/v2\/pages"}],"about":[{"href":"https:\/\/bien-etreiris.ch\/de\/wp-json\/wp\/v2\/types\/page"}],"author":[{"embeddable":true,"href":"https:\/\/bien-etreiris.ch\/de\/wp-json\/wp\/v2\/users\/1"}],"replies":[{"embeddable":true,"href":"https:\/\/bien-etreiris.ch\/de\/wp-json\/wp\/v2\/comments?post=47058"}],"version-history":[{"count":3,"href":"https:\/\/bien-etreiris.ch\/de\/wp-json\/wp\/v2\/pages\/47058\/revisions"}],"predecessor-version":[{"id":47062,"href":"https:\/\/bien-etreiris.ch\/de\/wp-json\/wp\/v2\/pages\/47058\/revisions\/47062"}],"up":[{"embeddable":true,"href":"https:\/\/bien-etreiris.ch\/de\/wp-json\/wp\/v2\/pages\/44515"}],"wp:featuredmedia":[{"embeddable":true,"href":"https:\/\/bien-etreiris.ch\/de\/wp-json\/wp\/v2\/media\/45399"}],"wp:attachment":[{"href":"https:\/\/bien-etreiris.ch\/de\/wp-json\/wp\/v2\/media?parent=47058"}],"curies":[{"name":"wp","href":"https:\/\/api.w.org\/{rel}","templated":true}]}}