{"id":46883,"date":"2021-05-25T11:56:11","date_gmt":"2021-05-25T09:56:11","guid":{"rendered":"https:\/\/bien-etreiris.ch\/?page_id=46883"},"modified":"2021-06-07T21:13:52","modified_gmt":"2021-06-07T19:13:52","slug":"reis","status":"publish","type":"page","link":"https:\/\/bien-etreiris.ch\/de\/produktpraesentation\/gesundes-leben\/gesunde-lebensmittel\/intoleranz\/lactosenfrei\/pflanzlicher-rahm\/reis\/","title":{"rendered":"REIS"},"content":{"rendered":"\n<h2>Rahmreis zum Kochen<\/h2>\n<p><a href=\"https:\/\/bien-etreiris.ch\/wp-content\/uploads\/2021\/05\/creme-de-rizriz.png\"><img loading=\"lazy\" decoding=\"async\" class=\"alignleft wp-image-46884 size-full\" src=\"https:\/\/bien-etreiris.ch\/wp-content\/uploads\/2021\/05\/creme-de-rizriz.png\" alt=\"\" width=\"227\" height=\"453\" srcset=\"https:\/\/bien-etreiris.ch\/wp-content\/uploads\/2021\/05\/creme-de-rizriz.png 227w, https:\/\/bien-etreiris.ch\/wp-content\/uploads\/2021\/05\/creme-de-rizriz-150x300.png 150w\" sizes=\"auto, (max-width: 227px) 100vw, 227px\" \/><\/a><\/p>\n<p>&nbsp;<\/p>\n<p>&nbsp;<\/p>\n<p>&nbsp;<\/p>\n<p>&nbsp;<\/p>\n<p>&nbsp;<\/p>\n<p><br><br>Sans ar\u00f4mes<br>Sans colorants<br>Sans conservateur<br>Sans gluten<br>Sans huile de palme<br>Huile italienne<br>pour les v\u00e9g\u00e9taliens<\/p>\n<p>200 ml <strong>CHF<\/strong><\/p>\n<p>&nbsp;<\/p>\n<p>&nbsp;<\/p>\n<p>De la c\u00e9r\u00e9ale par excellence pour nous, pionniers des saveurs v\u00e9g\u00e9tales et biologiques, une irrempla\u00e7able cr\u00e8me sans gluten et all\u00e9g\u00e9e qui accompagne d\u00e9licatement les entr\u00e9es et se marie bien avec les pr\u00e9parations pour g\u00e2teaux. Avec son onctuosit\u00e9 parfaite et sa texture fluide, c'est un v\u00e9ritable classique de la cuisine, adapt\u00e9 aux plats sal\u00e9s, aux d\u00e9corations sucr\u00e9es ou aux sauces imaginatives : \u00e0 vous de choisir quelle recette agr\u00e9menter de la l\u00e9g\u00e8ret\u00e9 et de la saveur de notre maison !<br>Ingr\u00e9dients 100% naturels<br>\u00c0 base de l\u00e9gumes<br>Faible teneur en sel<\/p>\n<p>&nbsp;<\/p>\n<p>INGR\u00c9DIENTS<\/p>\n<p>Eau, riz italien* (30%), huile de tournesol press\u00e9e \u00e0 froid*, \u00e9paississant : gomme de caroube*, sel marin. (*=issus de l'agriculture biologique)<\/p>\n<p>Pour les coeliaques. Pour les personnes intol\u00e9rantes au lactose ou aux prot\u00e9ines du lait.<\/p>\n","protected":false},"excerpt":{"rendered":"<p>Rahmreis zum Kochen &nbsp; &nbsp; &nbsp; &nbsp; &nbsp; Sans ar\u00f4mesSans colorantsSans conservateurSans glutenSans huile de palmeHuile italiennepour les v\u00e9g\u00e9taliens 200 ml CHF &nbsp; &nbsp; De la c\u00e9r\u00e9ale par excellence pour nous, pionniers des saveurs v\u00e9g\u00e9tales et biologiques, une irrempla\u00e7able cr\u00e8me sans gluten et all\u00e9g\u00e9e qui accompagne d\u00e9licatement les entr\u00e9es et se marie bien avec les pr\u00e9parations pour g\u00e2teaux. Avec son&nbsp;<a href=\"https:\/\/bien-etreiris.ch\/de\/produktpraesentation\/gesundes-leben\/gesunde-lebensmittel\/intoleranz\/lactosenfrei\/pflanzlicher-rahm\/reis\/\" class=\"read-more\">Weiter lesen<\/a><\/p>\n","protected":false},"author":1,"featured_media":46880,"parent":46858,"menu_order":5459,"comment_status":"closed","ping_status":"closed","template":"page-with-child.php","meta":{"_acf_changed":false,"ngg_post_thumbnail":0,"footnotes":""},"class_list":["post-46883","page","type-page","status-publish","has-post-thumbnail","hentry"],"acf":[],"yoast_head":"<!-- This site is optimized with the Yoast SEO plugin v27.4 - https:\/\/yoast.com\/product\/yoast-seo-wordpress\/ -->\n<title>REIS - WOHLBEFINDEN<\/title>\n<meta name=\"robots\" content=\"index, follow, max-snippet:-1, max-image-preview:large, max-video-preview:-1\" \/>\n<link rel=\"canonical\" href=\"https:\/\/bien-etreiris.ch\/de\/produktpraesentation\/gesundes-leben\/gesunde-lebensmittel\/intoleranz\/lactosenfrei\/pflanzlicher-rahm\/reis\/\" \/>\n<meta property=\"og:locale\" content=\"de_DE\" \/>\n<meta property=\"og:type\" content=\"article\" \/>\n<meta property=\"og:title\" content=\"REIS - WOHLBEFINDEN\" \/>\n<meta property=\"og:description\" content=\"Rahmreis zum Kochen &nbsp; &nbsp; &nbsp; &nbsp; &nbsp; Sans ar\u00f4mesSans colorantsSans conservateurSans glutenSans huile de palmeHuile italiennepour les v\u00e9g\u00e9taliens 200 ml CHF &nbsp; &nbsp; De la c\u00e9r\u00e9ale par excellence pour nous, pionniers des saveurs v\u00e9g\u00e9tales et biologiques, une irrempla\u00e7able cr\u00e8me sans gluten et all\u00e9g\u00e9e qui accompagne d\u00e9licatement les entr\u00e9es et se marie bien avec les pr\u00e9parations pour g\u00e2teaux. Avec son&nbsp;Weiter lesen\" \/>\n<meta property=\"og:url\" content=\"https:\/\/bien-etreiris.ch\/de\/produktpraesentation\/gesundes-leben\/gesunde-lebensmittel\/intoleranz\/lactosenfrei\/pflanzlicher-rahm\/reis\/\" \/>\n<meta property=\"og:site_name\" content=\"WOHLBEFINDEN\" \/>\n<meta property=\"article:publisher\" content=\"https:\/\/www.facebook.com\/bienetreiris\/\" \/>\n<meta property=\"article:modified_time\" content=\"2021-06-07T19:13:52+00:00\" \/>\n<meta property=\"og:image\" content=\"https:\/\/bien-etreiris.ch\/wp-content\/uploads\/2021\/05\/Riz.jpg\" \/>\n\t<meta property=\"og:image:width\" content=\"500\" \/>\n\t<meta property=\"og:image:height\" content=\"333\" \/>\n\t<meta property=\"og:image:type\" content=\"image\/jpeg\" \/>\n<meta name=\"twitter:label1\" content=\"Gesch\u00e4tzte Lesezeit\" \/>\n\t<meta name=\"twitter:data1\" content=\"1\u00a0Minute\" \/>\n<script type=\"application\/ld+json\" class=\"yoast-schema-graph\">{\"@context\":\"https:\\\/\\\/schema.org\",\"@graph\":[{\"@type\":\"WebPage\",\"@id\":\"https:\\\/\\\/bien-etreiris.ch\\\/de\\\/produktpraesentation\\\/gesundes-leben\\\/gesunde-lebensmittel\\\/intoleranz\\\/lactosenfrei\\\/pflanzlicher-rahm\\\/reis\\\/\",\"url\":\"https:\\\/\\\/bien-etreiris.ch\\\/de\\\/produktpraesentation\\\/gesundes-leben\\\/gesunde-lebensmittel\\\/intoleranz\\\/lactosenfrei\\\/pflanzlicher-rahm\\\/reis\\\/\",\"name\":\"REIS - WOHLBEFINDEN\",\"isPartOf\":{\"@id\":\"https:\\\/\\\/bien-etreiris.ch\\\/de\\\/#website\"},\"primaryImageOfPage\":{\"@id\":\"https:\\\/\\\/bien-etreiris.ch\\\/de\\\/produktpraesentation\\\/gesundes-leben\\\/gesunde-lebensmittel\\\/intoleranz\\\/lactosenfrei\\\/pflanzlicher-rahm\\\/reis\\\/#primaryimage\"},\"image\":{\"@id\":\"https:\\\/\\\/bien-etreiris.ch\\\/de\\\/produktpraesentation\\\/gesundes-leben\\\/gesunde-lebensmittel\\\/intoleranz\\\/lactosenfrei\\\/pflanzlicher-rahm\\\/reis\\\/#primaryimage\"},\"thumbnailUrl\":\"https:\\\/\\\/bien-etreiris.ch\\\/wp-content\\\/uploads\\\/2021\\\/05\\\/Riz.jpg\",\"datePublished\":\"2021-05-25T09:56:11+00:00\",\"dateModified\":\"2021-06-07T19:13:52+00:00\",\"breadcrumb\":{\"@id\":\"https:\\\/\\\/bien-etreiris.ch\\\/de\\\/produktpraesentation\\\/gesundes-leben\\\/gesunde-lebensmittel\\\/intoleranz\\\/lactosenfrei\\\/pflanzlicher-rahm\\\/reis\\\/#breadcrumb\"},\"inLanguage\":\"de\",\"potentialAction\":[{\"@type\":\"ReadAction\",\"target\":[\"https:\\\/\\\/bien-etreiris.ch\\\/de\\\/produktpraesentation\\\/gesundes-leben\\\/gesunde-lebensmittel\\\/intoleranz\\\/lactosenfrei\\\/pflanzlicher-rahm\\\/reis\\\/\"]}]},{\"@type\":\"ImageObject\",\"inLanguage\":\"de\",\"@id\":\"https:\\\/\\\/bien-etreiris.ch\\\/de\\\/produktpraesentation\\\/gesundes-leben\\\/gesunde-lebensmittel\\\/intoleranz\\\/lactosenfrei\\\/pflanzlicher-rahm\\\/reis\\\/#primaryimage\",\"url\":\"https:\\\/\\\/bien-etreiris.ch\\\/wp-content\\\/uploads\\\/2021\\\/05\\\/Riz.jpg\",\"contentUrl\":\"https:\\\/\\\/bien-etreiris.ch\\\/wp-content\\\/uploads\\\/2021\\\/05\\\/Riz.jpg\",\"width\":500,\"height\":333},{\"@type\":\"BreadcrumbList\",\"@id\":\"https:\\\/\\\/bien-etreiris.ch\\\/de\\\/produktpraesentation\\\/gesundes-leben\\\/gesunde-lebensmittel\\\/intoleranz\\\/lactosenfrei\\\/pflanzlicher-rahm\\\/reis\\\/#breadcrumb\",\"itemListElement\":[{\"@type\":\"ListItem\",\"position\":1,\"name\":\"Home\",\"item\":\"https:\\\/\\\/bien-etreiris.ch\\\/de\\\/\"},{\"@type\":\"ListItem\",\"position\":2,\"name\":\"PRODUKTPR\u00c4SENTATION\",\"item\":\"https:\\\/\\\/bien-etreiris.ch\\\/de\\\/produktpraesentation\\\/\"},{\"@type\":\"ListItem\",\"position\":3,\"name\":\"GESUNDES LEBEN\",\"item\":\"https:\\\/\\\/bien-etreiris.ch\\\/de\\\/produktpraesentation\\\/gesundes-leben\\\/\"},{\"@type\":\"ListItem\",\"position\":4,\"name\":\"GESUNDE LEBENSMITTEL\",\"item\":\"https:\\\/\\\/bien-etreiris.ch\\\/de\\\/produktpraesentation\\\/gesundes-leben\\\/gesunde-lebensmittel\\\/\"},{\"@type\":\"ListItem\",\"position\":5,\"name\":\"INTOLERANZ\",\"item\":\"https:\\\/\\\/bien-etreiris.ch\\\/de\\\/produktpraesentation\\\/gesundes-leben\\\/gesunde-lebensmittel\\\/intoleranz\\\/\"},{\"@type\":\"ListItem\",\"position\":6,\"name\":\"LACTOSENFREI\",\"item\":\"https:\\\/\\\/bien-etreiris.ch\\\/de\\\/produktpraesentation\\\/gesundes-leben\\\/gesunde-lebensmittel\\\/intoleranz\\\/lactosenfrei\\\/\"},{\"@type\":\"ListItem\",\"position\":7,\"name\":\"PFLANZLICHER RAHM\",\"item\":\"https:\\\/\\\/bien-etreiris.ch\\\/de\\\/produktpraesentation\\\/gesundes-leben\\\/gesunde-lebensmittel\\\/intoleranz\\\/lactosenfrei\\\/pflanzlicher-rahm\\\/\"},{\"@type\":\"ListItem\",\"position\":8,\"name\":\"REIS\"}]},{\"@type\":\"WebSite\",\"@id\":\"https:\\\/\\\/bien-etreiris.ch\\\/de\\\/#website\",\"url\":\"https:\\\/\\\/bien-etreiris.ch\\\/de\\\/\",\"name\":\"Bien-\u00eatre Iris\",\"description\":\"IHRE Gesundheit ist uns wichtig\",\"potentialAction\":[{\"@type\":\"SearchAction\",\"target\":{\"@type\":\"EntryPoint\",\"urlTemplate\":\"https:\\\/\\\/bien-etreiris.ch\\\/de\\\/?s={search_term_string}\"},\"query-input\":{\"@type\":\"PropertyValueSpecification\",\"valueRequired\":true,\"valueName\":\"search_term_string\"}}],\"inLanguage\":\"de\"}]}<\/script>\n<!-- \/ Yoast SEO plugin. -->","yoast_head_json":{"title":"REIS - WOHLBEFINDEN","robots":{"index":"index","follow":"follow","max-snippet":"max-snippet:-1","max-image-preview":"max-image-preview:large","max-video-preview":"max-video-preview:-1"},"canonical":"https:\/\/bien-etreiris.ch\/de\/produktpraesentation\/gesundes-leben\/gesunde-lebensmittel\/intoleranz\/lactosenfrei\/pflanzlicher-rahm\/reis\/","og_locale":"de_DE","og_type":"article","og_title":"REIS - WOHLBEFINDEN","og_description":"Rahmreis zum Kochen &nbsp; &nbsp; &nbsp; &nbsp; &nbsp; Sans ar\u00f4mesSans colorantsSans conservateurSans glutenSans huile de palmeHuile italiennepour les v\u00e9g\u00e9taliens 200 ml CHF &nbsp; &nbsp; De la c\u00e9r\u00e9ale par excellence pour nous, pionniers des saveurs v\u00e9g\u00e9tales et biologiques, une irrempla\u00e7able cr\u00e8me sans gluten et all\u00e9g\u00e9e qui accompagne d\u00e9licatement les entr\u00e9es et se marie bien avec les pr\u00e9parations pour g\u00e2teaux. Avec son&nbsp;Weiter lesen","og_url":"https:\/\/bien-etreiris.ch\/de\/produktpraesentation\/gesundes-leben\/gesunde-lebensmittel\/intoleranz\/lactosenfrei\/pflanzlicher-rahm\/reis\/","og_site_name":"WOHLBEFINDEN","article_publisher":"https:\/\/www.facebook.com\/bienetreiris\/","article_modified_time":"2021-06-07T19:13:52+00:00","og_image":[{"width":500,"height":333,"url":"https:\/\/bien-etreiris.ch\/wp-content\/uploads\/2021\/05\/Riz.jpg","type":"image\/jpeg"}],"twitter_misc":{"Gesch\u00e4tzte Lesezeit":"1\u00a0Minute"},"schema":{"@context":"https:\/\/schema.org","@graph":[{"@type":"WebPage","@id":"https:\/\/bien-etreiris.ch\/de\/produktpraesentation\/gesundes-leben\/gesunde-lebensmittel\/intoleranz\/lactosenfrei\/pflanzlicher-rahm\/reis\/","url":"https:\/\/bien-etreiris.ch\/de\/produktpraesentation\/gesundes-leben\/gesunde-lebensmittel\/intoleranz\/lactosenfrei\/pflanzlicher-rahm\/reis\/","name":"REIS - WOHLBEFINDEN","isPartOf":{"@id":"https:\/\/bien-etreiris.ch\/de\/#website"},"primaryImageOfPage":{"@id":"https:\/\/bien-etreiris.ch\/de\/produktpraesentation\/gesundes-leben\/gesunde-lebensmittel\/intoleranz\/lactosenfrei\/pflanzlicher-rahm\/reis\/#primaryimage"},"image":{"@id":"https:\/\/bien-etreiris.ch\/de\/produktpraesentation\/gesundes-leben\/gesunde-lebensmittel\/intoleranz\/lactosenfrei\/pflanzlicher-rahm\/reis\/#primaryimage"},"thumbnailUrl":"https:\/\/bien-etreiris.ch\/wp-content\/uploads\/2021\/05\/Riz.jpg","datePublished":"2021-05-25T09:56:11+00:00","dateModified":"2021-06-07T19:13:52+00:00","breadcrumb":{"@id":"https:\/\/bien-etreiris.ch\/de\/produktpraesentation\/gesundes-leben\/gesunde-lebensmittel\/intoleranz\/lactosenfrei\/pflanzlicher-rahm\/reis\/#breadcrumb"},"inLanguage":"de","potentialAction":[{"@type":"ReadAction","target":["https:\/\/bien-etreiris.ch\/de\/produktpraesentation\/gesundes-leben\/gesunde-lebensmittel\/intoleranz\/lactosenfrei\/pflanzlicher-rahm\/reis\/"]}]},{"@type":"ImageObject","inLanguage":"de","@id":"https:\/\/bien-etreiris.ch\/de\/produktpraesentation\/gesundes-leben\/gesunde-lebensmittel\/intoleranz\/lactosenfrei\/pflanzlicher-rahm\/reis\/#primaryimage","url":"https:\/\/bien-etreiris.ch\/wp-content\/uploads\/2021\/05\/Riz.jpg","contentUrl":"https:\/\/bien-etreiris.ch\/wp-content\/uploads\/2021\/05\/Riz.jpg","width":500,"height":333},{"@type":"BreadcrumbList","@id":"https:\/\/bien-etreiris.ch\/de\/produktpraesentation\/gesundes-leben\/gesunde-lebensmittel\/intoleranz\/lactosenfrei\/pflanzlicher-rahm\/reis\/#breadcrumb","itemListElement":[{"@type":"ListItem","position":1,"name":"Home","item":"https:\/\/bien-etreiris.ch\/de\/"},{"@type":"ListItem","position":2,"name":"PRODUKTPR\u00c4SENTATION","item":"https:\/\/bien-etreiris.ch\/de\/produktpraesentation\/"},{"@type":"ListItem","position":3,"name":"GESUNDES LEBEN","item":"https:\/\/bien-etreiris.ch\/de\/produktpraesentation\/gesundes-leben\/"},{"@type":"ListItem","position":4,"name":"GESUNDE LEBENSMITTEL","item":"https:\/\/bien-etreiris.ch\/de\/produktpraesentation\/gesundes-leben\/gesunde-lebensmittel\/"},{"@type":"ListItem","position":5,"name":"INTOLERANZ","item":"https:\/\/bien-etreiris.ch\/de\/produktpraesentation\/gesundes-leben\/gesunde-lebensmittel\/intoleranz\/"},{"@type":"ListItem","position":6,"name":"LACTOSENFREI","item":"https:\/\/bien-etreiris.ch\/de\/produktpraesentation\/gesundes-leben\/gesunde-lebensmittel\/intoleranz\/lactosenfrei\/"},{"@type":"ListItem","position":7,"name":"PFLANZLICHER RAHM","item":"https:\/\/bien-etreiris.ch\/de\/produktpraesentation\/gesundes-leben\/gesunde-lebensmittel\/intoleranz\/lactosenfrei\/pflanzlicher-rahm\/"},{"@type":"ListItem","position":8,"name":"REIS"}]},{"@type":"WebSite","@id":"https:\/\/bien-etreiris.ch\/de\/#website","url":"https:\/\/bien-etreiris.ch\/de\/","name":"Bien-\u00eatre Iris","description":"IHRE Gesundheit ist uns wichtig","potentialAction":[{"@type":"SearchAction","target":{"@type":"EntryPoint","urlTemplate":"https:\/\/bien-etreiris.ch\/de\/?s={search_term_string}"},"query-input":{"@type":"PropertyValueSpecification","valueRequired":true,"valueName":"search_term_string"}}],"inLanguage":"de"}]}},"_links":{"self":[{"href":"https:\/\/bien-etreiris.ch\/de\/wp-json\/wp\/v2\/pages\/46883","targetHints":{"allow":["GET"]}}],"collection":[{"href":"https:\/\/bien-etreiris.ch\/de\/wp-json\/wp\/v2\/pages"}],"about":[{"href":"https:\/\/bien-etreiris.ch\/de\/wp-json\/wp\/v2\/types\/page"}],"author":[{"embeddable":true,"href":"https:\/\/bien-etreiris.ch\/de\/wp-json\/wp\/v2\/users\/1"}],"replies":[{"embeddable":true,"href":"https:\/\/bien-etreiris.ch\/de\/wp-json\/wp\/v2\/comments?post=46883"}],"version-history":[{"count":5,"href":"https:\/\/bien-etreiris.ch\/de\/wp-json\/wp\/v2\/pages\/46883\/revisions"}],"predecessor-version":[{"id":50004,"href":"https:\/\/bien-etreiris.ch\/de\/wp-json\/wp\/v2\/pages\/46883\/revisions\/50004"}],"up":[{"embeddable":true,"href":"https:\/\/bien-etreiris.ch\/de\/wp-json\/wp\/v2\/pages\/46858"}],"wp:featuredmedia":[{"embeddable":true,"href":"https:\/\/bien-etreiris.ch\/de\/wp-json\/wp\/v2\/media\/46880"}],"wp:attachment":[{"href":"https:\/\/bien-etreiris.ch\/de\/wp-json\/wp\/v2\/media?parent=46883"}],"curies":[{"name":"wp","href":"https:\/\/api.w.org\/{rel}","templated":true}]}}