{"id":46867,"date":"2021-05-25T11:25:29","date_gmt":"2021-05-25T09:25:29","guid":{"rendered":"https:\/\/bien-etreiris.ch\/produkt-prasentationen\/gesundes-leben\/gesunde-nahrungsmittel\/intoleranz\/sans-lactose\/creme-vegetale\/ecomil\/"},"modified":"2021-06-07T21:12:15","modified_gmt":"2021-06-07T19:12:15","slug":"hafer","status":"publish","type":"page","link":"https:\/\/bien-etreiris.ch\/de\/produktpraesentation\/gesundes-leben\/gesunde-lebensmittel\/intoleranz\/lactosenfrei\/pflanzlicher-rahm\/hafer\/","title":{"rendered":"HAFER"},"content":{"rendered":"\n<h2>Ecomil Hafer<strong> Bio 200 ml<\/strong><\/h2>\n<p><a href=\"https:\/\/bien-etreiris.ch\/wp-content\/uploads\/2021\/05\/Ecomill-avoine.jpg\"><img loading=\"lazy\" decoding=\"async\" class=\"alignleft wp-image-46849 \" src=\"https:\/\/bien-etreiris.ch\/wp-content\/uploads\/2021\/05\/Ecomill-avoine-511x1024.jpg\" alt=\"\" width=\"331\" height=\"664\" srcset=\"https:\/\/bien-etreiris.ch\/wp-content\/uploads\/2021\/05\/Ecomill-avoine-511x1024.jpg 511w, https:\/\/bien-etreiris.ch\/wp-content\/uploads\/2021\/05\/Ecomill-avoine-150x300.jpg 150w, https:\/\/bien-etreiris.ch\/wp-content\/uploads\/2021\/05\/Ecomill-avoine-768x1540.jpg 768w, https:\/\/bien-etreiris.ch\/wp-content\/uploads\/2021\/05\/Ecomill-avoine-766x1536.jpg 766w, https:\/\/bien-etreiris.ch\/wp-content\/uploads\/2021\/05\/Ecomill-avoine-1022x2048.jpg 1022w, https:\/\/bien-etreiris.ch\/wp-content\/uploads\/2021\/05\/Ecomill-avoine.jpg 1068w\" sizes=\"auto, (max-width: 331px) 100vw, 331px\" \/><\/a><\/p>\n<p>&nbsp;<\/p>\n<p>&nbsp;<\/p>\n<p>&nbsp;<\/p>\n<p>&nbsp;<\/p>\n<p>&nbsp;<\/p>\n<p>&nbsp;<\/p>\n<p>&nbsp;<\/p>\n<p>&nbsp;<\/p>\n<p>&nbsp;<\/p>\n<p>Cr\u00e8me \u00e0 base d\u2019avoine biologique pour la cuisine, alternative aux cr\u00e8mes ou aux cr\u00e8mes de soja,<\/p>\n<p>Tetra Brik 200 ml<strong> CHF<\/strong><\/p>\n<p>.<\/p>\n<p>&nbsp;<\/p>\n<p>&nbsp;<\/p>\n<p>\u2013 FAIBLE TENEUR EN GRAISSES SATUR\u00c9ES<br>\u2013 FAIBLE TENEUR EN SUCRES<br>\u2013 FAIBLE EN SUGRES<br>\u2013 FAIBLE EN SUGRES<br>\u2013 SANS SUCRES AJOUT\u00c9S. CONTIENT DES SUCRES NATURELLEMENT PR\u00c9SENTS<\/p>\n<p>\u2013 SANS SUCRES NATURELLEMENT PR\u00c9SENTS<\/p>\n<p>.<\/p>\n<p>*Il ne peut \u00eatre d\u00e9clar\u00e9 qu\u2019aucun sucre n\u2019a \u00e9t\u00e9 ajout\u00e9 \u00e0 une denr\u00e9e alimentaire, que si aucun monosaccharide ou disaccharide, ou toute denr\u00e9e alimentaire utilis\u00e9e pour ses propri\u00e9t\u00e9s \u00e9dulcorantes, n\u2019a \u00e9t\u00e9 ajout\u00e9 au produit<\/p>\n","protected":false},"excerpt":{"rendered":"<p>Ecomil Hafer Bio 200 ml &nbsp; &nbsp; &nbsp; &nbsp; &nbsp; &nbsp; &nbsp; &nbsp; &nbsp; Cr\u00e8me \u00e0 base d\u2019avoine biologique pour la cuisine, alternative aux cr\u00e8mes ou aux cr\u00e8mes de soja, Tetra Brik 200 ml CHF . &nbsp; &nbsp; \u2013 FAIBLE TENEUR EN GRAISSES SATUR\u00c9ES\u2013 FAIBLE TENEUR EN SUCRES\u2013 FAIBLE EN SUGRES\u2013 FAIBLE EN SUGRES\u2013 SANS SUCRES AJOUT\u00c9S. CONTIENT DES SUCRES&nbsp;<a href=\"https:\/\/bien-etreiris.ch\/de\/produktpraesentation\/gesundes-leben\/gesunde-lebensmittel\/intoleranz\/lactosenfrei\/pflanzlicher-rahm\/hafer\/\" class=\"read-more\">Weiter lesen<\/a><\/p>\n","protected":false},"author":1,"featured_media":46865,"parent":46858,"menu_order":5465,"comment_status":"closed","ping_status":"closed","template":"page-with-child.php","meta":{"_acf_changed":false,"ngg_post_thumbnail":0,"footnotes":""},"class_list":["post-46867","page","type-page","status-publish","has-post-thumbnail","hentry"],"acf":[],"yoast_head":"<!-- This site is optimized with the Yoast SEO plugin v27.4 - https:\/\/yoast.com\/product\/yoast-seo-wordpress\/ -->\n<title>HAFER - WOHLBEFINDEN<\/title>\n<meta name=\"robots\" content=\"index, follow, max-snippet:-1, max-image-preview:large, max-video-preview:-1\" \/>\n<link rel=\"canonical\" href=\"https:\/\/bien-etreiris.ch\/de\/produktpraesentation\/gesundes-leben\/gesunde-lebensmittel\/intoleranz\/lactosenfrei\/pflanzlicher-rahm\/hafer\/\" \/>\n<meta property=\"og:locale\" content=\"de_DE\" \/>\n<meta property=\"og:type\" content=\"article\" \/>\n<meta property=\"og:title\" content=\"HAFER - WOHLBEFINDEN\" \/>\n<meta property=\"og:description\" content=\"Ecomil Hafer Bio 200 ml &nbsp; &nbsp; &nbsp; &nbsp; &nbsp; &nbsp; &nbsp; &nbsp; &nbsp; Cr\u00e8me \u00e0 base d\u2019avoine biologique pour la cuisine, alternative aux cr\u00e8mes ou aux cr\u00e8mes de soja, Tetra Brik 200 ml CHF . &nbsp; &nbsp; \u2013 FAIBLE TENEUR EN GRAISSES SATUR\u00c9ES\u2013 FAIBLE TENEUR EN SUCRES\u2013 FAIBLE EN SUGRES\u2013 FAIBLE EN SUGRES\u2013 SANS SUCRES AJOUT\u00c9S. CONTIENT DES SUCRES&nbsp;Weiter lesen\" \/>\n<meta property=\"og:url\" content=\"https:\/\/bien-etreiris.ch\/de\/produktpraesentation\/gesundes-leben\/gesunde-lebensmittel\/intoleranz\/lactosenfrei\/pflanzlicher-rahm\/hafer\/\" \/>\n<meta property=\"og:site_name\" content=\"WOHLBEFINDEN\" \/>\n<meta property=\"article:publisher\" content=\"https:\/\/www.facebook.com\/bienetreiris\/\" \/>\n<meta property=\"article:modified_time\" content=\"2021-06-07T19:12:15+00:00\" \/>\n<meta property=\"og:image\" content=\"https:\/\/bien-etreiris.ch\/wp-content\/uploads\/2021\/05\/lavoine.jpg\" \/>\n\t<meta property=\"og:image:width\" content=\"500\" \/>\n\t<meta property=\"og:image:height\" content=\"331\" \/>\n\t<meta property=\"og:image:type\" content=\"image\/jpeg\" \/>\n<meta name=\"twitter:label1\" content=\"Gesch\u00e4tzte Lesezeit\" \/>\n\t<meta name=\"twitter:data1\" content=\"1\u00a0Minute\" \/>\n<script type=\"application\/ld+json\" class=\"yoast-schema-graph\">{\"@context\":\"https:\\\/\\\/schema.org\",\"@graph\":[{\"@type\":\"WebPage\",\"@id\":\"https:\\\/\\\/bien-etreiris.ch\\\/de\\\/produktpraesentation\\\/gesundes-leben\\\/gesunde-lebensmittel\\\/intoleranz\\\/lactosenfrei\\\/pflanzlicher-rahm\\\/hafer\\\/\",\"url\":\"https:\\\/\\\/bien-etreiris.ch\\\/de\\\/produktpraesentation\\\/gesundes-leben\\\/gesunde-lebensmittel\\\/intoleranz\\\/lactosenfrei\\\/pflanzlicher-rahm\\\/hafer\\\/\",\"name\":\"HAFER - WOHLBEFINDEN\",\"isPartOf\":{\"@id\":\"https:\\\/\\\/bien-etreiris.ch\\\/de\\\/#website\"},\"primaryImageOfPage\":{\"@id\":\"https:\\\/\\\/bien-etreiris.ch\\\/de\\\/produktpraesentation\\\/gesundes-leben\\\/gesunde-lebensmittel\\\/intoleranz\\\/lactosenfrei\\\/pflanzlicher-rahm\\\/hafer\\\/#primaryimage\"},\"image\":{\"@id\":\"https:\\\/\\\/bien-etreiris.ch\\\/de\\\/produktpraesentation\\\/gesundes-leben\\\/gesunde-lebensmittel\\\/intoleranz\\\/lactosenfrei\\\/pflanzlicher-rahm\\\/hafer\\\/#primaryimage\"},\"thumbnailUrl\":\"https:\\\/\\\/bien-etreiris.ch\\\/wp-content\\\/uploads\\\/2021\\\/05\\\/lavoine.jpg\",\"datePublished\":\"2021-05-25T09:25:29+00:00\",\"dateModified\":\"2021-06-07T19:12:15+00:00\",\"breadcrumb\":{\"@id\":\"https:\\\/\\\/bien-etreiris.ch\\\/de\\\/produktpraesentation\\\/gesundes-leben\\\/gesunde-lebensmittel\\\/intoleranz\\\/lactosenfrei\\\/pflanzlicher-rahm\\\/hafer\\\/#breadcrumb\"},\"inLanguage\":\"de\",\"potentialAction\":[{\"@type\":\"ReadAction\",\"target\":[\"https:\\\/\\\/bien-etreiris.ch\\\/de\\\/produktpraesentation\\\/gesundes-leben\\\/gesunde-lebensmittel\\\/intoleranz\\\/lactosenfrei\\\/pflanzlicher-rahm\\\/hafer\\\/\"]}]},{\"@type\":\"ImageObject\",\"inLanguage\":\"de\",\"@id\":\"https:\\\/\\\/bien-etreiris.ch\\\/de\\\/produktpraesentation\\\/gesundes-leben\\\/gesunde-lebensmittel\\\/intoleranz\\\/lactosenfrei\\\/pflanzlicher-rahm\\\/hafer\\\/#primaryimage\",\"url\":\"https:\\\/\\\/bien-etreiris.ch\\\/wp-content\\\/uploads\\\/2021\\\/05\\\/lavoine.jpg\",\"contentUrl\":\"https:\\\/\\\/bien-etreiris.ch\\\/wp-content\\\/uploads\\\/2021\\\/05\\\/lavoine.jpg\",\"width\":500,\"height\":331},{\"@type\":\"BreadcrumbList\",\"@id\":\"https:\\\/\\\/bien-etreiris.ch\\\/de\\\/produktpraesentation\\\/gesundes-leben\\\/gesunde-lebensmittel\\\/intoleranz\\\/lactosenfrei\\\/pflanzlicher-rahm\\\/hafer\\\/#breadcrumb\",\"itemListElement\":[{\"@type\":\"ListItem\",\"position\":1,\"name\":\"Home\",\"item\":\"https:\\\/\\\/bien-etreiris.ch\\\/de\\\/\"},{\"@type\":\"ListItem\",\"position\":2,\"name\":\"PRODUKTPR\u00c4SENTATION\",\"item\":\"https:\\\/\\\/bien-etreiris.ch\\\/de\\\/produktpraesentation\\\/\"},{\"@type\":\"ListItem\",\"position\":3,\"name\":\"GESUNDES LEBEN\",\"item\":\"https:\\\/\\\/bien-etreiris.ch\\\/de\\\/produktpraesentation\\\/gesundes-leben\\\/\"},{\"@type\":\"ListItem\",\"position\":4,\"name\":\"GESUNDE LEBENSMITTEL\",\"item\":\"https:\\\/\\\/bien-etreiris.ch\\\/de\\\/produktpraesentation\\\/gesundes-leben\\\/gesunde-lebensmittel\\\/\"},{\"@type\":\"ListItem\",\"position\":5,\"name\":\"INTOLERANZ\",\"item\":\"https:\\\/\\\/bien-etreiris.ch\\\/de\\\/produktpraesentation\\\/gesundes-leben\\\/gesunde-lebensmittel\\\/intoleranz\\\/\"},{\"@type\":\"ListItem\",\"position\":6,\"name\":\"LACTOSENFREI\",\"item\":\"https:\\\/\\\/bien-etreiris.ch\\\/de\\\/produktpraesentation\\\/gesundes-leben\\\/gesunde-lebensmittel\\\/intoleranz\\\/lactosenfrei\\\/\"},{\"@type\":\"ListItem\",\"position\":7,\"name\":\"PFLANZLICHER RAHM\",\"item\":\"https:\\\/\\\/bien-etreiris.ch\\\/de\\\/produktpraesentation\\\/gesundes-leben\\\/gesunde-lebensmittel\\\/intoleranz\\\/lactosenfrei\\\/pflanzlicher-rahm\\\/\"},{\"@type\":\"ListItem\",\"position\":8,\"name\":\"HAFER\"}]},{\"@type\":\"WebSite\",\"@id\":\"https:\\\/\\\/bien-etreiris.ch\\\/de\\\/#website\",\"url\":\"https:\\\/\\\/bien-etreiris.ch\\\/de\\\/\",\"name\":\"Bien-\u00eatre Iris\",\"description\":\"IHRE Gesundheit ist uns wichtig\",\"potentialAction\":[{\"@type\":\"SearchAction\",\"target\":{\"@type\":\"EntryPoint\",\"urlTemplate\":\"https:\\\/\\\/bien-etreiris.ch\\\/de\\\/?s={search_term_string}\"},\"query-input\":{\"@type\":\"PropertyValueSpecification\",\"valueRequired\":true,\"valueName\":\"search_term_string\"}}],\"inLanguage\":\"de\"}]}<\/script>\n<!-- \/ Yoast SEO plugin. -->","yoast_head_json":{"title":"HAFER - WOHLBEFINDEN","robots":{"index":"index","follow":"follow","max-snippet":"max-snippet:-1","max-image-preview":"max-image-preview:large","max-video-preview":"max-video-preview:-1"},"canonical":"https:\/\/bien-etreiris.ch\/de\/produktpraesentation\/gesundes-leben\/gesunde-lebensmittel\/intoleranz\/lactosenfrei\/pflanzlicher-rahm\/hafer\/","og_locale":"de_DE","og_type":"article","og_title":"HAFER - WOHLBEFINDEN","og_description":"Ecomil Hafer Bio 200 ml &nbsp; &nbsp; &nbsp; &nbsp; &nbsp; &nbsp; &nbsp; &nbsp; &nbsp; Cr\u00e8me \u00e0 base d\u2019avoine biologique pour la cuisine, alternative aux cr\u00e8mes ou aux cr\u00e8mes de soja, Tetra Brik 200 ml CHF . &nbsp; &nbsp; \u2013 FAIBLE TENEUR EN GRAISSES SATUR\u00c9ES\u2013 FAIBLE TENEUR EN SUCRES\u2013 FAIBLE EN SUGRES\u2013 FAIBLE EN SUGRES\u2013 SANS SUCRES AJOUT\u00c9S. CONTIENT DES SUCRES&nbsp;Weiter lesen","og_url":"https:\/\/bien-etreiris.ch\/de\/produktpraesentation\/gesundes-leben\/gesunde-lebensmittel\/intoleranz\/lactosenfrei\/pflanzlicher-rahm\/hafer\/","og_site_name":"WOHLBEFINDEN","article_publisher":"https:\/\/www.facebook.com\/bienetreiris\/","article_modified_time":"2021-06-07T19:12:15+00:00","og_image":[{"width":500,"height":331,"url":"https:\/\/bien-etreiris.ch\/wp-content\/uploads\/2021\/05\/lavoine.jpg","type":"image\/jpeg"}],"twitter_misc":{"Gesch\u00e4tzte Lesezeit":"1\u00a0Minute"},"schema":{"@context":"https:\/\/schema.org","@graph":[{"@type":"WebPage","@id":"https:\/\/bien-etreiris.ch\/de\/produktpraesentation\/gesundes-leben\/gesunde-lebensmittel\/intoleranz\/lactosenfrei\/pflanzlicher-rahm\/hafer\/","url":"https:\/\/bien-etreiris.ch\/de\/produktpraesentation\/gesundes-leben\/gesunde-lebensmittel\/intoleranz\/lactosenfrei\/pflanzlicher-rahm\/hafer\/","name":"HAFER - WOHLBEFINDEN","isPartOf":{"@id":"https:\/\/bien-etreiris.ch\/de\/#website"},"primaryImageOfPage":{"@id":"https:\/\/bien-etreiris.ch\/de\/produktpraesentation\/gesundes-leben\/gesunde-lebensmittel\/intoleranz\/lactosenfrei\/pflanzlicher-rahm\/hafer\/#primaryimage"},"image":{"@id":"https:\/\/bien-etreiris.ch\/de\/produktpraesentation\/gesundes-leben\/gesunde-lebensmittel\/intoleranz\/lactosenfrei\/pflanzlicher-rahm\/hafer\/#primaryimage"},"thumbnailUrl":"https:\/\/bien-etreiris.ch\/wp-content\/uploads\/2021\/05\/lavoine.jpg","datePublished":"2021-05-25T09:25:29+00:00","dateModified":"2021-06-07T19:12:15+00:00","breadcrumb":{"@id":"https:\/\/bien-etreiris.ch\/de\/produktpraesentation\/gesundes-leben\/gesunde-lebensmittel\/intoleranz\/lactosenfrei\/pflanzlicher-rahm\/hafer\/#breadcrumb"},"inLanguage":"de","potentialAction":[{"@type":"ReadAction","target":["https:\/\/bien-etreiris.ch\/de\/produktpraesentation\/gesundes-leben\/gesunde-lebensmittel\/intoleranz\/lactosenfrei\/pflanzlicher-rahm\/hafer\/"]}]},{"@type":"ImageObject","inLanguage":"de","@id":"https:\/\/bien-etreiris.ch\/de\/produktpraesentation\/gesundes-leben\/gesunde-lebensmittel\/intoleranz\/lactosenfrei\/pflanzlicher-rahm\/hafer\/#primaryimage","url":"https:\/\/bien-etreiris.ch\/wp-content\/uploads\/2021\/05\/lavoine.jpg","contentUrl":"https:\/\/bien-etreiris.ch\/wp-content\/uploads\/2021\/05\/lavoine.jpg","width":500,"height":331},{"@type":"BreadcrumbList","@id":"https:\/\/bien-etreiris.ch\/de\/produktpraesentation\/gesundes-leben\/gesunde-lebensmittel\/intoleranz\/lactosenfrei\/pflanzlicher-rahm\/hafer\/#breadcrumb","itemListElement":[{"@type":"ListItem","position":1,"name":"Home","item":"https:\/\/bien-etreiris.ch\/de\/"},{"@type":"ListItem","position":2,"name":"PRODUKTPR\u00c4SENTATION","item":"https:\/\/bien-etreiris.ch\/de\/produktpraesentation\/"},{"@type":"ListItem","position":3,"name":"GESUNDES LEBEN","item":"https:\/\/bien-etreiris.ch\/de\/produktpraesentation\/gesundes-leben\/"},{"@type":"ListItem","position":4,"name":"GESUNDE LEBENSMITTEL","item":"https:\/\/bien-etreiris.ch\/de\/produktpraesentation\/gesundes-leben\/gesunde-lebensmittel\/"},{"@type":"ListItem","position":5,"name":"INTOLERANZ","item":"https:\/\/bien-etreiris.ch\/de\/produktpraesentation\/gesundes-leben\/gesunde-lebensmittel\/intoleranz\/"},{"@type":"ListItem","position":6,"name":"LACTOSENFREI","item":"https:\/\/bien-etreiris.ch\/de\/produktpraesentation\/gesundes-leben\/gesunde-lebensmittel\/intoleranz\/lactosenfrei\/"},{"@type":"ListItem","position":7,"name":"PFLANZLICHER RAHM","item":"https:\/\/bien-etreiris.ch\/de\/produktpraesentation\/gesundes-leben\/gesunde-lebensmittel\/intoleranz\/lactosenfrei\/pflanzlicher-rahm\/"},{"@type":"ListItem","position":8,"name":"HAFER"}]},{"@type":"WebSite","@id":"https:\/\/bien-etreiris.ch\/de\/#website","url":"https:\/\/bien-etreiris.ch\/de\/","name":"Bien-\u00eatre Iris","description":"IHRE Gesundheit ist uns wichtig","potentialAction":[{"@type":"SearchAction","target":{"@type":"EntryPoint","urlTemplate":"https:\/\/bien-etreiris.ch\/de\/?s={search_term_string}"},"query-input":{"@type":"PropertyValueSpecification","valueRequired":true,"valueName":"search_term_string"}}],"inLanguage":"de"}]}},"_links":{"self":[{"href":"https:\/\/bien-etreiris.ch\/de\/wp-json\/wp\/v2\/pages\/46867","targetHints":{"allow":["GET"]}}],"collection":[{"href":"https:\/\/bien-etreiris.ch\/de\/wp-json\/wp\/v2\/pages"}],"about":[{"href":"https:\/\/bien-etreiris.ch\/de\/wp-json\/wp\/v2\/types\/page"}],"author":[{"embeddable":true,"href":"https:\/\/bien-etreiris.ch\/de\/wp-json\/wp\/v2\/users\/1"}],"replies":[{"embeddable":true,"href":"https:\/\/bien-etreiris.ch\/de\/wp-json\/wp\/v2\/comments?post=46867"}],"version-history":[{"count":3,"href":"https:\/\/bien-etreiris.ch\/de\/wp-json\/wp\/v2\/pages\/46867\/revisions"}],"predecessor-version":[{"id":50002,"href":"https:\/\/bien-etreiris.ch\/de\/wp-json\/wp\/v2\/pages\/46867\/revisions\/50002"}],"up":[{"embeddable":true,"href":"https:\/\/bien-etreiris.ch\/de\/wp-json\/wp\/v2\/pages\/46858"}],"wp:featuredmedia":[{"embeddable":true,"href":"https:\/\/bien-etreiris.ch\/de\/wp-json\/wp\/v2\/media\/46865"}],"wp:attachment":[{"href":"https:\/\/bien-etreiris.ch\/de\/wp-json\/wp\/v2\/media?parent=46867"}],"curies":[{"name":"wp","href":"https:\/\/api.w.org\/{rel}","templated":true}]}}