{"id":46858,"date":"2021-05-25T11:20:56","date_gmt":"2021-05-25T09:20:56","guid":{"rendered":"https:\/\/bien-etreiris.ch\/?page_id=46858"},"modified":"2021-06-07T21:10:17","modified_gmt":"2021-06-07T19:10:17","slug":"pflanzlicher-rahm","status":"publish","type":"page","link":"https:\/\/bien-etreiris.ch\/de\/produktpraesentation\/gesundes-leben\/gesunde-lebensmittel\/intoleranz\/lactosenfrei\/pflanzlicher-rahm\/","title":{"rendered":"PFLANZLICHER RAHM"},"content":{"rendered":"\n<h2>Pflanzlicher Rahm<\/h2>\n<p><span id=\"chapeau_article2\">Sind Sie ein Fan von authentischer K\u00fcche, die Wert auf gesunde und nat\u00fcrliche Produkte legt? Was w\u00e4re, wenn Sie die traditionelle fl\u00fcssige oder cremige Sahne durch pflanzliche Cremes ersetzen w\u00fcrden? Eine M\u00f6glichkeit, Ihren Konsum von Milchprodukten einzuschr\u00e4nken, entweder durch Wahl, durch Militanz oder durch Intoleranz.<\/span><\/p>\n","protected":false},"excerpt":{"rendered":"<p>Pflanzlicher Rahm Sind Sie ein Fan von authentischer K\u00fcche, die Wert auf gesunde und nat\u00fcrliche Produkte legt? Was w\u00e4re, wenn Sie die traditionelle fl\u00fcssige oder cremige Sahne durch pflanzliche Cremes ersetzen w\u00fcrden? Eine M\u00f6glichkeit, Ihren Konsum von Milchprodukten einzuschr\u00e4nken, entweder durch Wahl, durch Militanz oder durch Intoleranz.<\/p>\n","protected":false},"author":1,"featured_media":46855,"parent":45807,"menu_order":5462,"comment_status":"closed","ping_status":"closed","template":"page-with-child.php","meta":{"_acf_changed":false,"ngg_post_thumbnail":0,"footnotes":""},"class_list":["post-46858","page","type-page","status-publish","has-post-thumbnail","hentry"],"acf":[],"yoast_head":"<!-- This site is optimized with the Yoast SEO plugin v27.4 - https:\/\/yoast.com\/product\/yoast-seo-wordpress\/ -->\n<title>PFLANZLICHER RAHM - WOHLBEFINDEN<\/title>\n<meta name=\"robots\" content=\"index, follow, max-snippet:-1, max-image-preview:large, max-video-preview:-1\" \/>\n<link rel=\"canonical\" href=\"https:\/\/bien-etreiris.ch\/de\/produktpraesentation\/gesundes-leben\/gesunde-lebensmittel\/intoleranz\/lactosenfrei\/pflanzlicher-rahm\/\" \/>\n<meta property=\"og:locale\" content=\"de_DE\" \/>\n<meta property=\"og:type\" content=\"article\" \/>\n<meta property=\"og:title\" content=\"PFLANZLICHER RAHM - WOHLBEFINDEN\" \/>\n<meta property=\"og:description\" content=\"Pflanzlicher Rahm Sind Sie ein Fan von authentischer K\u00fcche, die Wert auf gesunde und nat\u00fcrliche Produkte legt? Was w\u00e4re, wenn Sie die traditionelle fl\u00fcssige oder cremige Sahne durch pflanzliche Cremes ersetzen w\u00fcrden? Eine M\u00f6glichkeit, Ihren Konsum von Milchprodukten einzuschr\u00e4nken, entweder durch Wahl, durch Militanz oder durch Intoleranz.\" \/>\n<meta property=\"og:url\" content=\"https:\/\/bien-etreiris.ch\/de\/produktpraesentation\/gesundes-leben\/gesunde-lebensmittel\/intoleranz\/lactosenfrei\/pflanzlicher-rahm\/\" \/>\n<meta property=\"og:site_name\" content=\"WOHLBEFINDEN\" \/>\n<meta property=\"article:publisher\" content=\"https:\/\/www.facebook.com\/bienetreiris\/\" \/>\n<meta property=\"article:modified_time\" content=\"2021-06-07T19:10:17+00:00\" \/>\n<meta property=\"og:image\" content=\"https:\/\/bien-etreiris.ch\/wp-content\/uploads\/2021\/05\/Creme-vegetal.jpg\" \/>\n\t<meta property=\"og:image:width\" content=\"500\" \/>\n\t<meta property=\"og:image:height\" content=\"333\" \/>\n\t<meta property=\"og:image:type\" content=\"image\/jpeg\" \/>\n<meta name=\"twitter:label1\" content=\"Gesch\u00e4tzte Lesezeit\" \/>\n\t<meta name=\"twitter:data1\" content=\"1\u00a0Minute\" \/>\n<script type=\"application\/ld+json\" class=\"yoast-schema-graph\">{\"@context\":\"https:\\\/\\\/schema.org\",\"@graph\":[{\"@type\":\"WebPage\",\"@id\":\"https:\\\/\\\/bien-etreiris.ch\\\/de\\\/produktpraesentation\\\/gesundes-leben\\\/gesunde-lebensmittel\\\/intoleranz\\\/lactosenfrei\\\/pflanzlicher-rahm\\\/\",\"url\":\"https:\\\/\\\/bien-etreiris.ch\\\/de\\\/produktpraesentation\\\/gesundes-leben\\\/gesunde-lebensmittel\\\/intoleranz\\\/lactosenfrei\\\/pflanzlicher-rahm\\\/\",\"name\":\"PFLANZLICHER RAHM - WOHLBEFINDEN\",\"isPartOf\":{\"@id\":\"https:\\\/\\\/bien-etreiris.ch\\\/de\\\/#website\"},\"primaryImageOfPage\":{\"@id\":\"https:\\\/\\\/bien-etreiris.ch\\\/de\\\/produktpraesentation\\\/gesundes-leben\\\/gesunde-lebensmittel\\\/intoleranz\\\/lactosenfrei\\\/pflanzlicher-rahm\\\/#primaryimage\"},\"image\":{\"@id\":\"https:\\\/\\\/bien-etreiris.ch\\\/de\\\/produktpraesentation\\\/gesundes-leben\\\/gesunde-lebensmittel\\\/intoleranz\\\/lactosenfrei\\\/pflanzlicher-rahm\\\/#primaryimage\"},\"thumbnailUrl\":\"https:\\\/\\\/bien-etreiris.ch\\\/wp-content\\\/uploads\\\/2021\\\/05\\\/Creme-vegetal.jpg\",\"datePublished\":\"2021-05-25T09:20:56+00:00\",\"dateModified\":\"2021-06-07T19:10:17+00:00\",\"breadcrumb\":{\"@id\":\"https:\\\/\\\/bien-etreiris.ch\\\/de\\\/produktpraesentation\\\/gesundes-leben\\\/gesunde-lebensmittel\\\/intoleranz\\\/lactosenfrei\\\/pflanzlicher-rahm\\\/#breadcrumb\"},\"inLanguage\":\"de\",\"potentialAction\":[{\"@type\":\"ReadAction\",\"target\":[\"https:\\\/\\\/bien-etreiris.ch\\\/de\\\/produktpraesentation\\\/gesundes-leben\\\/gesunde-lebensmittel\\\/intoleranz\\\/lactosenfrei\\\/pflanzlicher-rahm\\\/\"]}]},{\"@type\":\"ImageObject\",\"inLanguage\":\"de\",\"@id\":\"https:\\\/\\\/bien-etreiris.ch\\\/de\\\/produktpraesentation\\\/gesundes-leben\\\/gesunde-lebensmittel\\\/intoleranz\\\/lactosenfrei\\\/pflanzlicher-rahm\\\/#primaryimage\",\"url\":\"https:\\\/\\\/bien-etreiris.ch\\\/wp-content\\\/uploads\\\/2021\\\/05\\\/Creme-vegetal.jpg\",\"contentUrl\":\"https:\\\/\\\/bien-etreiris.ch\\\/wp-content\\\/uploads\\\/2021\\\/05\\\/Creme-vegetal.jpg\",\"width\":500,\"height\":333},{\"@type\":\"BreadcrumbList\",\"@id\":\"https:\\\/\\\/bien-etreiris.ch\\\/de\\\/produktpraesentation\\\/gesundes-leben\\\/gesunde-lebensmittel\\\/intoleranz\\\/lactosenfrei\\\/pflanzlicher-rahm\\\/#breadcrumb\",\"itemListElement\":[{\"@type\":\"ListItem\",\"position\":1,\"name\":\"Home\",\"item\":\"https:\\\/\\\/bien-etreiris.ch\\\/de\\\/\"},{\"@type\":\"ListItem\",\"position\":2,\"name\":\"PRODUKTPR\u00c4SENTATION\",\"item\":\"https:\\\/\\\/bien-etreiris.ch\\\/de\\\/produktpraesentation\\\/\"},{\"@type\":\"ListItem\",\"position\":3,\"name\":\"GESUNDES LEBEN\",\"item\":\"https:\\\/\\\/bien-etreiris.ch\\\/de\\\/produktpraesentation\\\/gesundes-leben\\\/\"},{\"@type\":\"ListItem\",\"position\":4,\"name\":\"GESUNDE LEBENSMITTEL\",\"item\":\"https:\\\/\\\/bien-etreiris.ch\\\/de\\\/produktpraesentation\\\/gesundes-leben\\\/gesunde-lebensmittel\\\/\"},{\"@type\":\"ListItem\",\"position\":5,\"name\":\"INTOLERANZ\",\"item\":\"https:\\\/\\\/bien-etreiris.ch\\\/de\\\/produktpraesentation\\\/gesundes-leben\\\/gesunde-lebensmittel\\\/intoleranz\\\/\"},{\"@type\":\"ListItem\",\"position\":6,\"name\":\"LACTOSENFREI\",\"item\":\"https:\\\/\\\/bien-etreiris.ch\\\/de\\\/produktpraesentation\\\/gesundes-leben\\\/gesunde-lebensmittel\\\/intoleranz\\\/lactosenfrei\\\/\"},{\"@type\":\"ListItem\",\"position\":7,\"name\":\"PFLANZLICHER RAHM\"}]},{\"@type\":\"WebSite\",\"@id\":\"https:\\\/\\\/bien-etreiris.ch\\\/de\\\/#website\",\"url\":\"https:\\\/\\\/bien-etreiris.ch\\\/de\\\/\",\"name\":\"Bien-\u00eatre Iris\",\"description\":\"IHRE Gesundheit ist uns wichtig\",\"potentialAction\":[{\"@type\":\"SearchAction\",\"target\":{\"@type\":\"EntryPoint\",\"urlTemplate\":\"https:\\\/\\\/bien-etreiris.ch\\\/de\\\/?s={search_term_string}\"},\"query-input\":{\"@type\":\"PropertyValueSpecification\",\"valueRequired\":true,\"valueName\":\"search_term_string\"}}],\"inLanguage\":\"de\"}]}<\/script>\n<!-- \/ Yoast SEO plugin. -->","yoast_head_json":{"title":"PFLANZLICHER RAHM - WOHLBEFINDEN","robots":{"index":"index","follow":"follow","max-snippet":"max-snippet:-1","max-image-preview":"max-image-preview:large","max-video-preview":"max-video-preview:-1"},"canonical":"https:\/\/bien-etreiris.ch\/de\/produktpraesentation\/gesundes-leben\/gesunde-lebensmittel\/intoleranz\/lactosenfrei\/pflanzlicher-rahm\/","og_locale":"de_DE","og_type":"article","og_title":"PFLANZLICHER RAHM - WOHLBEFINDEN","og_description":"Pflanzlicher Rahm Sind Sie ein Fan von authentischer K\u00fcche, die Wert auf gesunde und nat\u00fcrliche Produkte legt? Was w\u00e4re, wenn Sie die traditionelle fl\u00fcssige oder cremige Sahne durch pflanzliche Cremes ersetzen w\u00fcrden? Eine M\u00f6glichkeit, Ihren Konsum von Milchprodukten einzuschr\u00e4nken, entweder durch Wahl, durch Militanz oder durch Intoleranz.","og_url":"https:\/\/bien-etreiris.ch\/de\/produktpraesentation\/gesundes-leben\/gesunde-lebensmittel\/intoleranz\/lactosenfrei\/pflanzlicher-rahm\/","og_site_name":"WOHLBEFINDEN","article_publisher":"https:\/\/www.facebook.com\/bienetreiris\/","article_modified_time":"2021-06-07T19:10:17+00:00","og_image":[{"width":500,"height":333,"url":"https:\/\/bien-etreiris.ch\/wp-content\/uploads\/2021\/05\/Creme-vegetal.jpg","type":"image\/jpeg"}],"twitter_misc":{"Gesch\u00e4tzte Lesezeit":"1\u00a0Minute"},"schema":{"@context":"https:\/\/schema.org","@graph":[{"@type":"WebPage","@id":"https:\/\/bien-etreiris.ch\/de\/produktpraesentation\/gesundes-leben\/gesunde-lebensmittel\/intoleranz\/lactosenfrei\/pflanzlicher-rahm\/","url":"https:\/\/bien-etreiris.ch\/de\/produktpraesentation\/gesundes-leben\/gesunde-lebensmittel\/intoleranz\/lactosenfrei\/pflanzlicher-rahm\/","name":"PFLANZLICHER RAHM - WOHLBEFINDEN","isPartOf":{"@id":"https:\/\/bien-etreiris.ch\/de\/#website"},"primaryImageOfPage":{"@id":"https:\/\/bien-etreiris.ch\/de\/produktpraesentation\/gesundes-leben\/gesunde-lebensmittel\/intoleranz\/lactosenfrei\/pflanzlicher-rahm\/#primaryimage"},"image":{"@id":"https:\/\/bien-etreiris.ch\/de\/produktpraesentation\/gesundes-leben\/gesunde-lebensmittel\/intoleranz\/lactosenfrei\/pflanzlicher-rahm\/#primaryimage"},"thumbnailUrl":"https:\/\/bien-etreiris.ch\/wp-content\/uploads\/2021\/05\/Creme-vegetal.jpg","datePublished":"2021-05-25T09:20:56+00:00","dateModified":"2021-06-07T19:10:17+00:00","breadcrumb":{"@id":"https:\/\/bien-etreiris.ch\/de\/produktpraesentation\/gesundes-leben\/gesunde-lebensmittel\/intoleranz\/lactosenfrei\/pflanzlicher-rahm\/#breadcrumb"},"inLanguage":"de","potentialAction":[{"@type":"ReadAction","target":["https:\/\/bien-etreiris.ch\/de\/produktpraesentation\/gesundes-leben\/gesunde-lebensmittel\/intoleranz\/lactosenfrei\/pflanzlicher-rahm\/"]}]},{"@type":"ImageObject","inLanguage":"de","@id":"https:\/\/bien-etreiris.ch\/de\/produktpraesentation\/gesundes-leben\/gesunde-lebensmittel\/intoleranz\/lactosenfrei\/pflanzlicher-rahm\/#primaryimage","url":"https:\/\/bien-etreiris.ch\/wp-content\/uploads\/2021\/05\/Creme-vegetal.jpg","contentUrl":"https:\/\/bien-etreiris.ch\/wp-content\/uploads\/2021\/05\/Creme-vegetal.jpg","width":500,"height":333},{"@type":"BreadcrumbList","@id":"https:\/\/bien-etreiris.ch\/de\/produktpraesentation\/gesundes-leben\/gesunde-lebensmittel\/intoleranz\/lactosenfrei\/pflanzlicher-rahm\/#breadcrumb","itemListElement":[{"@type":"ListItem","position":1,"name":"Home","item":"https:\/\/bien-etreiris.ch\/de\/"},{"@type":"ListItem","position":2,"name":"PRODUKTPR\u00c4SENTATION","item":"https:\/\/bien-etreiris.ch\/de\/produktpraesentation\/"},{"@type":"ListItem","position":3,"name":"GESUNDES LEBEN","item":"https:\/\/bien-etreiris.ch\/de\/produktpraesentation\/gesundes-leben\/"},{"@type":"ListItem","position":4,"name":"GESUNDE LEBENSMITTEL","item":"https:\/\/bien-etreiris.ch\/de\/produktpraesentation\/gesundes-leben\/gesunde-lebensmittel\/"},{"@type":"ListItem","position":5,"name":"INTOLERANZ","item":"https:\/\/bien-etreiris.ch\/de\/produktpraesentation\/gesundes-leben\/gesunde-lebensmittel\/intoleranz\/"},{"@type":"ListItem","position":6,"name":"LACTOSENFREI","item":"https:\/\/bien-etreiris.ch\/de\/produktpraesentation\/gesundes-leben\/gesunde-lebensmittel\/intoleranz\/lactosenfrei\/"},{"@type":"ListItem","position":7,"name":"PFLANZLICHER RAHM"}]},{"@type":"WebSite","@id":"https:\/\/bien-etreiris.ch\/de\/#website","url":"https:\/\/bien-etreiris.ch\/de\/","name":"Bien-\u00eatre Iris","description":"IHRE Gesundheit ist uns wichtig","potentialAction":[{"@type":"SearchAction","target":{"@type":"EntryPoint","urlTemplate":"https:\/\/bien-etreiris.ch\/de\/?s={search_term_string}"},"query-input":{"@type":"PropertyValueSpecification","valueRequired":true,"valueName":"search_term_string"}}],"inLanguage":"de"}]}},"_links":{"self":[{"href":"https:\/\/bien-etreiris.ch\/de\/wp-json\/wp\/v2\/pages\/46858","targetHints":{"allow":["GET"]}}],"collection":[{"href":"https:\/\/bien-etreiris.ch\/de\/wp-json\/wp\/v2\/pages"}],"about":[{"href":"https:\/\/bien-etreiris.ch\/de\/wp-json\/wp\/v2\/types\/page"}],"author":[{"embeddable":true,"href":"https:\/\/bien-etreiris.ch\/de\/wp-json\/wp\/v2\/users\/1"}],"replies":[{"embeddable":true,"href":"https:\/\/bien-etreiris.ch\/de\/wp-json\/wp\/v2\/comments?post=46858"}],"version-history":[{"count":4,"href":"https:\/\/bien-etreiris.ch\/de\/wp-json\/wp\/v2\/pages\/46858\/revisions"}],"predecessor-version":[{"id":50000,"href":"https:\/\/bien-etreiris.ch\/de\/wp-json\/wp\/v2\/pages\/46858\/revisions\/50000"}],"up":[{"embeddable":true,"href":"https:\/\/bien-etreiris.ch\/de\/wp-json\/wp\/v2\/pages\/45807"}],"wp:featuredmedia":[{"embeddable":true,"href":"https:\/\/bien-etreiris.ch\/de\/wp-json\/wp\/v2\/media\/46855"}],"wp:attachment":[{"href":"https:\/\/bien-etreiris.ch\/de\/wp-json\/wp\/v2\/media?parent=46858"}],"curies":[{"name":"wp","href":"https:\/\/api.w.org\/{rel}","templated":true}]}}