{"id":46838,"date":"2021-05-25T10:50:26","date_gmt":"2021-05-25T08:50:26","guid":{"rendered":"https:\/\/bien-etreiris.ch\/46834-2\/"},"modified":"2021-06-07T21:22:10","modified_gmt":"2021-06-07T19:22:10","slug":"ecomil","status":"publish","type":"page","link":"https:\/\/bien-etreiris.ch\/de\/unsere-marken\/ecomil\/","title":{"rendered":"ECOMIL"},"content":{"rendered":"\n<div class=\"flex_column av_three_fourth  flex_column_div av-zero-column-padding   avia-builder-el-6  el_after_av_one_fourth  el_before_av_one_full  column-top-margin\">\n<section class=\"av_textblock_section \">\n<div class=\"avia_textblock  \">\n<h2>ECOMIL<\/h2>\n<p>Das Unternehmen wurde 1991 mit der Idee gegr\u00fcndet, das Rezept f\u00fcr Mandelmilch zu verbessern, ein traditionelles Getr\u00e4nk in Spanien, das normalerweise aus einer mit Wasser vermischten und in einem Topf erhitzten Mandelpaste zubereitet wurde. Die Gr\u00fcnder von Nutriops entwickelten eine innovative Trocknungstechnik, um diese Paste in ein Mandelpulver zu verwandeln, das einfach und sofort in hei\u00dfem oder kaltem Wasser verd\u00fcnnt werden kann, um eine Instant-Mandelmilch herzustellen, die in Kr\u00e4uterl\u00e4den und Reformh\u00e4usern verkauft wird. Der unmittelbare Erfolg dieser neuen Mandelmilch definierte die Grunds\u00e4tze der Marke Ecomil, die sich daraufhin entschloss, gesunde und nahrhafte Bio-Produkte ohne Laktose als Alternative zur Kuhmilch zu entwickeln, die auch den besonderen Bed\u00fcrfnissen vegetarischer oder veganer Ern\u00e4hrung gerecht werden. Mitte der 1990er Jahre war Nutriops erneut Vorreiter und brachte die erste trinkfertige\" Bio-Mandelmilch in der lange haltbaren Tetra Brik auf den Markt.<\/p>\n<p>Heute ist Ecomil die f\u00fchrende Marke in Europa in der Kategorie Bio-Mandelmilch und exportiert seine Produkte in mehr als 50 L\u00e4nder weltweit. Alle Ecomil-Produkte sind biologisch, pflanzlich, laktosefrei und enthalten keine tierischen Bestandteile.<\/p>\n<br>\n<p><iframe loading=\"lazy\" title=\"Cr\u00e9e le caf\u00e9 parfait avec Ecomil Barista et les astuces des professionnels\" width=\"604\" height=\"340\" src=\"https:\/\/www.youtube.com\/embed\/HXxVXpcePjU?feature=oembed\" frameborder=\"0\" allow=\"accelerometer; autoplay; clipboard-write; encrypted-media; gyroscope; picture-in-picture; web-share\" referrerpolicy=\"strict-origin-when-cross-origin\" allowfullscreen><\/iframe><\/p>\n<h2>&nbsp;<\/h2>\n<h2>&nbsp;<\/h2>\n<h2><a href=\"https:\/\/bien-etreiris.ch\/de\/produktpraesentation\/gesundes-leben\/gesunde-nahrungsmittel\/intoleranz\/lactosenfrei\/pflanzlicher-rahm\/hafer\/\" target=\"_blank\" rel=\"noopener\">PFLANZLICHER RAHM<\/a><\/h2>\n<p>&nbsp;<\/p>\n<\/div>\n<\/section>\n<\/div>\n","protected":false},"excerpt":{"rendered":"<p>ECOMIL Das Unternehmen wurde 1991 mit der Idee gegr\u00fcndet, das Rezept f\u00fcr Mandelmilch zu verbessern, ein traditionelles Getr\u00e4nk in Spanien, das normalerweise aus einer mit Wasser vermischten und in einem Topf erhitzten Mandelpaste zubereitet wurde. Die Gr\u00fcnder von Nutriops entwickelten eine innovative Trocknungstechnik, um diese Paste in ein Mandelpulver zu verwandeln, das einfach und sofort in hei\u00dfem oder kaltem Wasser&nbsp;<a href=\"https:\/\/bien-etreiris.ch\/de\/unsere-marken\/ecomil\/\" class=\"read-more\">Weiter lesen<\/a><\/p>\n","protected":false},"author":1,"featured_media":46841,"parent":44406,"menu_order":5474,"comment_status":"closed","ping_status":"closed","template":"page-with-child.php","meta":{"_acf_changed":false,"ngg_post_thumbnail":0,"footnotes":""},"class_list":["post-46838","page","type-page","status-publish","has-post-thumbnail","hentry"],"acf":[],"yoast_head":"<!-- This site is optimized with the Yoast SEO plugin v27.5 - https:\/\/yoast.com\/product\/yoast-seo-wordpress\/ -->\n<title>ECOMIL - WOHLBEFINDEN<\/title>\n<meta name=\"robots\" content=\"index, follow, max-snippet:-1, max-image-preview:large, max-video-preview:-1\" \/>\n<link rel=\"canonical\" href=\"https:\/\/bien-etreiris.ch\/de\/unsere-marken\/ecomil\/\" \/>\n<meta property=\"og:locale\" content=\"de_DE\" \/>\n<meta property=\"og:type\" content=\"article\" \/>\n<meta property=\"og:title\" content=\"ECOMIL - WOHLBEFINDEN\" \/>\n<meta property=\"og:description\" content=\"ECOMIL Das Unternehmen wurde 1991 mit der Idee gegr\u00fcndet, das Rezept f\u00fcr Mandelmilch zu verbessern, ein traditionelles Getr\u00e4nk in Spanien, das normalerweise aus einer mit Wasser vermischten und in einem Topf erhitzten Mandelpaste zubereitet wurde. Die Gr\u00fcnder von Nutriops entwickelten eine innovative Trocknungstechnik, um diese Paste in ein Mandelpulver zu verwandeln, das einfach und sofort in hei\u00dfem oder kaltem Wasser&nbsp;Weiter lesen\" \/>\n<meta property=\"og:url\" content=\"https:\/\/bien-etreiris.ch\/de\/unsere-marken\/ecomil\/\" \/>\n<meta property=\"og:site_name\" content=\"WOHLBEFINDEN\" \/>\n<meta property=\"article:publisher\" content=\"https:\/\/www.facebook.com\/bienetreiris\/\" \/>\n<meta property=\"article:modified_time\" content=\"2021-06-07T19:22:10+00:00\" \/>\n<meta property=\"og:image\" content=\"https:\/\/bien-etreiris.ch\/wp-content\/uploads\/2021\/05\/Ecomil.jpg\" \/>\n\t<meta property=\"og:image:width\" content=\"500\" \/>\n\t<meta property=\"og:image:height\" content=\"309\" \/>\n\t<meta property=\"og:image:type\" content=\"image\/jpeg\" \/>\n<meta name=\"twitter:label1\" content=\"Gesch\u00e4tzte Lesezeit\" \/>\n\t<meta name=\"twitter:data1\" content=\"1\u00a0Minute\" \/>\n<script type=\"application\/ld+json\" class=\"yoast-schema-graph\">{\"@context\":\"https:\\\/\\\/schema.org\",\"@graph\":[{\"@type\":\"WebPage\",\"@id\":\"https:\\\/\\\/bien-etreiris.ch\\\/de\\\/unsere-marken\\\/ecomil\\\/\",\"url\":\"https:\\\/\\\/bien-etreiris.ch\\\/de\\\/unsere-marken\\\/ecomil\\\/\",\"name\":\"ECOMIL - WOHLBEFINDEN\",\"isPartOf\":{\"@id\":\"https:\\\/\\\/bien-etreiris.ch\\\/de\\\/#website\"},\"primaryImageOfPage\":{\"@id\":\"https:\\\/\\\/bien-etreiris.ch\\\/de\\\/unsere-marken\\\/ecomil\\\/#primaryimage\"},\"image\":{\"@id\":\"https:\\\/\\\/bien-etreiris.ch\\\/de\\\/unsere-marken\\\/ecomil\\\/#primaryimage\"},\"thumbnailUrl\":\"https:\\\/\\\/bien-etreiris.ch\\\/wp-content\\\/uploads\\\/2021\\\/05\\\/Ecomil.jpg\",\"datePublished\":\"2021-05-25T08:50:26+00:00\",\"dateModified\":\"2021-06-07T19:22:10+00:00\",\"breadcrumb\":{\"@id\":\"https:\\\/\\\/bien-etreiris.ch\\\/de\\\/unsere-marken\\\/ecomil\\\/#breadcrumb\"},\"inLanguage\":\"de\",\"potentialAction\":[{\"@type\":\"ReadAction\",\"target\":[\"https:\\\/\\\/bien-etreiris.ch\\\/de\\\/unsere-marken\\\/ecomil\\\/\"]}]},{\"@type\":\"ImageObject\",\"inLanguage\":\"de\",\"@id\":\"https:\\\/\\\/bien-etreiris.ch\\\/de\\\/unsere-marken\\\/ecomil\\\/#primaryimage\",\"url\":\"https:\\\/\\\/bien-etreiris.ch\\\/wp-content\\\/uploads\\\/2021\\\/05\\\/Ecomil.jpg\",\"contentUrl\":\"https:\\\/\\\/bien-etreiris.ch\\\/wp-content\\\/uploads\\\/2021\\\/05\\\/Ecomil.jpg\",\"width\":500,\"height\":309},{\"@type\":\"BreadcrumbList\",\"@id\":\"https:\\\/\\\/bien-etreiris.ch\\\/de\\\/unsere-marken\\\/ecomil\\\/#breadcrumb\",\"itemListElement\":[{\"@type\":\"ListItem\",\"position\":1,\"name\":\"Home\",\"item\":\"https:\\\/\\\/bien-etreiris.ch\\\/de\\\/\"},{\"@type\":\"ListItem\",\"position\":2,\"name\":\"UNSERE MARKEN\",\"item\":\"https:\\\/\\\/bien-etreiris.ch\\\/de\\\/unsere-marken\\\/\"},{\"@type\":\"ListItem\",\"position\":3,\"name\":\"ECOMIL\"}]},{\"@type\":\"WebSite\",\"@id\":\"https:\\\/\\\/bien-etreiris.ch\\\/de\\\/#website\",\"url\":\"https:\\\/\\\/bien-etreiris.ch\\\/de\\\/\",\"name\":\"Bien-\u00eatre Iris\",\"description\":\"IHRE Gesundheit ist uns wichtig\",\"potentialAction\":[{\"@type\":\"SearchAction\",\"target\":{\"@type\":\"EntryPoint\",\"urlTemplate\":\"https:\\\/\\\/bien-etreiris.ch\\\/de\\\/?s={search_term_string}\"},\"query-input\":{\"@type\":\"PropertyValueSpecification\",\"valueRequired\":true,\"valueName\":\"search_term_string\"}}],\"inLanguage\":\"de\"}]}<\/script>\n<!-- \/ Yoast SEO plugin. -->","yoast_head_json":{"title":"ECOMIL - WOHLBEFINDEN","robots":{"index":"index","follow":"follow","max-snippet":"max-snippet:-1","max-image-preview":"max-image-preview:large","max-video-preview":"max-video-preview:-1"},"canonical":"https:\/\/bien-etreiris.ch\/de\/unsere-marken\/ecomil\/","og_locale":"de_DE","og_type":"article","og_title":"ECOMIL - WOHLBEFINDEN","og_description":"ECOMIL Das Unternehmen wurde 1991 mit der Idee gegr\u00fcndet, das Rezept f\u00fcr Mandelmilch zu verbessern, ein traditionelles Getr\u00e4nk in Spanien, das normalerweise aus einer mit Wasser vermischten und in einem Topf erhitzten Mandelpaste zubereitet wurde. Die Gr\u00fcnder von Nutriops entwickelten eine innovative Trocknungstechnik, um diese Paste in ein Mandelpulver zu verwandeln, das einfach und sofort in hei\u00dfem oder kaltem Wasser&nbsp;Weiter lesen","og_url":"https:\/\/bien-etreiris.ch\/de\/unsere-marken\/ecomil\/","og_site_name":"WOHLBEFINDEN","article_publisher":"https:\/\/www.facebook.com\/bienetreiris\/","article_modified_time":"2021-06-07T19:22:10+00:00","og_image":[{"width":500,"height":309,"url":"https:\/\/bien-etreiris.ch\/wp-content\/uploads\/2021\/05\/Ecomil.jpg","type":"image\/jpeg"}],"twitter_misc":{"Gesch\u00e4tzte Lesezeit":"1\u00a0Minute"},"schema":{"@context":"https:\/\/schema.org","@graph":[{"@type":"WebPage","@id":"https:\/\/bien-etreiris.ch\/de\/unsere-marken\/ecomil\/","url":"https:\/\/bien-etreiris.ch\/de\/unsere-marken\/ecomil\/","name":"ECOMIL - WOHLBEFINDEN","isPartOf":{"@id":"https:\/\/bien-etreiris.ch\/de\/#website"},"primaryImageOfPage":{"@id":"https:\/\/bien-etreiris.ch\/de\/unsere-marken\/ecomil\/#primaryimage"},"image":{"@id":"https:\/\/bien-etreiris.ch\/de\/unsere-marken\/ecomil\/#primaryimage"},"thumbnailUrl":"https:\/\/bien-etreiris.ch\/wp-content\/uploads\/2021\/05\/Ecomil.jpg","datePublished":"2021-05-25T08:50:26+00:00","dateModified":"2021-06-07T19:22:10+00:00","breadcrumb":{"@id":"https:\/\/bien-etreiris.ch\/de\/unsere-marken\/ecomil\/#breadcrumb"},"inLanguage":"de","potentialAction":[{"@type":"ReadAction","target":["https:\/\/bien-etreiris.ch\/de\/unsere-marken\/ecomil\/"]}]},{"@type":"ImageObject","inLanguage":"de","@id":"https:\/\/bien-etreiris.ch\/de\/unsere-marken\/ecomil\/#primaryimage","url":"https:\/\/bien-etreiris.ch\/wp-content\/uploads\/2021\/05\/Ecomil.jpg","contentUrl":"https:\/\/bien-etreiris.ch\/wp-content\/uploads\/2021\/05\/Ecomil.jpg","width":500,"height":309},{"@type":"BreadcrumbList","@id":"https:\/\/bien-etreiris.ch\/de\/unsere-marken\/ecomil\/#breadcrumb","itemListElement":[{"@type":"ListItem","position":1,"name":"Home","item":"https:\/\/bien-etreiris.ch\/de\/"},{"@type":"ListItem","position":2,"name":"UNSERE MARKEN","item":"https:\/\/bien-etreiris.ch\/de\/unsere-marken\/"},{"@type":"ListItem","position":3,"name":"ECOMIL"}]},{"@type":"WebSite","@id":"https:\/\/bien-etreiris.ch\/de\/#website","url":"https:\/\/bien-etreiris.ch\/de\/","name":"Bien-\u00eatre Iris","description":"IHRE Gesundheit ist uns wichtig","potentialAction":[{"@type":"SearchAction","target":{"@type":"EntryPoint","urlTemplate":"https:\/\/bien-etreiris.ch\/de\/?s={search_term_string}"},"query-input":{"@type":"PropertyValueSpecification","valueRequired":true,"valueName":"search_term_string"}}],"inLanguage":"de"}]}},"_links":{"self":[{"href":"https:\/\/bien-etreiris.ch\/de\/wp-json\/wp\/v2\/pages\/46838","targetHints":{"allow":["GET"]}}],"collection":[{"href":"https:\/\/bien-etreiris.ch\/de\/wp-json\/wp\/v2\/pages"}],"about":[{"href":"https:\/\/bien-etreiris.ch\/de\/wp-json\/wp\/v2\/types\/page"}],"author":[{"embeddable":true,"href":"https:\/\/bien-etreiris.ch\/de\/wp-json\/wp\/v2\/users\/1"}],"replies":[{"embeddable":true,"href":"https:\/\/bien-etreiris.ch\/de\/wp-json\/wp\/v2\/comments?post=46838"}],"version-history":[{"count":4,"href":"https:\/\/bien-etreiris.ch\/de\/wp-json\/wp\/v2\/pages\/46838\/revisions"}],"predecessor-version":[{"id":50006,"href":"https:\/\/bien-etreiris.ch\/de\/wp-json\/wp\/v2\/pages\/46838\/revisions\/50006"}],"up":[{"embeddable":true,"href":"https:\/\/bien-etreiris.ch\/de\/wp-json\/wp\/v2\/pages\/44406"}],"wp:featuredmedia":[{"embeddable":true,"href":"https:\/\/bien-etreiris.ch\/de\/wp-json\/wp\/v2\/media\/46841"}],"wp:attachment":[{"href":"https:\/\/bien-etreiris.ch\/de\/wp-json\/wp\/v2\/media?parent=46838"}],"curies":[{"name":"wp","href":"https:\/\/api.w.org\/{rel}","templated":true}]}}