{"id":46781,"date":"2021-05-24T21:01:49","date_gmt":"2021-05-24T19:01:49","guid":{"rendered":"https:\/\/bien-etreiris.ch\/?page_id=46781"},"modified":"2021-06-08T16:00:07","modified_gmt":"2021-06-08T14:00:07","slug":"schweizer-naturkost","status":"publish","type":"page","link":"https:\/\/bien-etreiris.ch\/de\/unsere-marken\/schweizer-naturkost\/","title":{"rendered":"SCHWEIZER"},"content":{"rendered":"\n<h2>Schweizer Naturkost<\/h2>\n\n\n\n<p>Der Familienbetrieb Schweizer versteht sich als Produzent von frischen, gesunden und ehrlichen Lebensmitteln.<br>Als Spezialist f\u00fcr die Verarbeitung von Gem\u00fcse und Obst sind wir ein Unternehmen mit einer \u00fcber 90-j\u00e4hrigen Tradition.<br>Seit \u00fcber 40 Jahren verarbeiten wir auch biologisch angebautes Gem\u00fcse. Wir sind der Qualit\u00e4t, der Fairness und dem Umweltschutz verpflichtet.<\/p>\n<p>Unsere Liebe zum Produkt finden Sie in jedem Glas.<br>\u00dcberzeugen Sie sich selbst.<\/p>\n<p>&nbsp;<\/p>\n<p>&nbsp;<\/p>\n<h2><a href=\"https:\/\/bien-etreiris.ch\/de\/produktpraesentation\/gesundes-leben\/gesunde-nahrungsmittel\/eingemachtes\/sauerkraut\/\" target=\"_blank\" rel=\"noopener\">SAUERKRAUT<\/a><\/h2>\n","protected":false},"excerpt":{"rendered":"<p>Schweizer Naturkost Der Familienbetrieb Schweizer versteht sich als Produzent von frischen, gesunden und ehrlichen Lebensmitteln.Als Spezialist f\u00fcr die Verarbeitung von Gem\u00fcse und Obst sind wir ein Unternehmen mit einer \u00fcber 90-j\u00e4hrigen Tradition.Seit \u00fcber 40 Jahren verarbeiten wir auch biologisch angebautes Gem\u00fcse. Wir sind der Qualit\u00e4t, der Fairness und dem Umweltschutz verpflichtet. Unsere Liebe zum Produkt finden Sie in jedem Glas.\u00dcberzeugen&nbsp;<a href=\"https:\/\/bien-etreiris.ch\/de\/unsere-marken\/schweizer-naturkost\/\" class=\"read-more\">Weiter lesen<\/a><\/p>\n","protected":false},"author":1,"featured_media":46791,"parent":44406,"menu_order":5485,"comment_status":"closed","ping_status":"closed","template":"page-with-child.php","meta":{"_acf_changed":false,"ngg_post_thumbnail":0,"footnotes":""},"class_list":["post-46781","page","type-page","status-publish","has-post-thumbnail","hentry"],"acf":[],"yoast_head":"<!-- This site is optimized with the Yoast SEO plugin v27.5 - https:\/\/yoast.com\/product\/yoast-seo-wordpress\/ -->\n<title>SCHWEIZER - WOHLBEFINDEN<\/title>\n<meta name=\"robots\" content=\"index, follow, max-snippet:-1, max-image-preview:large, max-video-preview:-1\" \/>\n<link rel=\"canonical\" href=\"https:\/\/bien-etreiris.ch\/de\/unsere-marken\/schweizer-naturkost\/\" \/>\n<meta property=\"og:locale\" content=\"de_DE\" \/>\n<meta property=\"og:type\" content=\"article\" \/>\n<meta property=\"og:title\" content=\"SCHWEIZER - WOHLBEFINDEN\" \/>\n<meta property=\"og:description\" content=\"Schweizer Naturkost Der Familienbetrieb Schweizer versteht sich als Produzent von frischen, gesunden und ehrlichen Lebensmitteln.Als Spezialist f\u00fcr die Verarbeitung von Gem\u00fcse und Obst sind wir ein Unternehmen mit einer \u00fcber 90-j\u00e4hrigen Tradition.Seit \u00fcber 40 Jahren verarbeiten wir auch biologisch angebautes Gem\u00fcse. Wir sind der Qualit\u00e4t, der Fairness und dem Umweltschutz verpflichtet. Unsere Liebe zum Produkt finden Sie in jedem Glas.\u00dcberzeugen&nbsp;Weiter lesen\" \/>\n<meta property=\"og:url\" content=\"https:\/\/bien-etreiris.ch\/de\/unsere-marken\/schweizer-naturkost\/\" \/>\n<meta property=\"og:site_name\" content=\"WOHLBEFINDEN\" \/>\n<meta property=\"article:publisher\" content=\"https:\/\/www.facebook.com\/bienetreiris\/\" \/>\n<meta property=\"article:modified_time\" content=\"2021-06-08T14:00:07+00:00\" \/>\n<meta property=\"og:image\" content=\"https:\/\/bien-etreiris.ch\/wp-content\/uploads\/2021\/05\/Schweizer-Naturkost..jpg\" \/>\n\t<meta property=\"og:image:width\" content=\"500\" \/>\n\t<meta property=\"og:image:height\" content=\"347\" \/>\n\t<meta property=\"og:image:type\" content=\"image\/jpeg\" \/>\n<meta name=\"twitter:label1\" content=\"Gesch\u00e4tzte Lesezeit\" \/>\n\t<meta name=\"twitter:data1\" content=\"1\u00a0Minute\" \/>\n<script type=\"application\/ld+json\" class=\"yoast-schema-graph\">{\"@context\":\"https:\\\/\\\/schema.org\",\"@graph\":[{\"@type\":\"WebPage\",\"@id\":\"https:\\\/\\\/bien-etreiris.ch\\\/de\\\/unsere-marken\\\/schweizer-naturkost\\\/\",\"url\":\"https:\\\/\\\/bien-etreiris.ch\\\/de\\\/unsere-marken\\\/schweizer-naturkost\\\/\",\"name\":\"SCHWEIZER - WOHLBEFINDEN\",\"isPartOf\":{\"@id\":\"https:\\\/\\\/bien-etreiris.ch\\\/de\\\/#website\"},\"primaryImageOfPage\":{\"@id\":\"https:\\\/\\\/bien-etreiris.ch\\\/de\\\/unsere-marken\\\/schweizer-naturkost\\\/#primaryimage\"},\"image\":{\"@id\":\"https:\\\/\\\/bien-etreiris.ch\\\/de\\\/unsere-marken\\\/schweizer-naturkost\\\/#primaryimage\"},\"thumbnailUrl\":\"https:\\\/\\\/bien-etreiris.ch\\\/wp-content\\\/uploads\\\/2021\\\/05\\\/Schweizer-Naturkost..jpg\",\"datePublished\":\"2021-05-24T19:01:49+00:00\",\"dateModified\":\"2021-06-08T14:00:07+00:00\",\"breadcrumb\":{\"@id\":\"https:\\\/\\\/bien-etreiris.ch\\\/de\\\/unsere-marken\\\/schweizer-naturkost\\\/#breadcrumb\"},\"inLanguage\":\"de\",\"potentialAction\":[{\"@type\":\"ReadAction\",\"target\":[\"https:\\\/\\\/bien-etreiris.ch\\\/de\\\/unsere-marken\\\/schweizer-naturkost\\\/\"]}]},{\"@type\":\"ImageObject\",\"inLanguage\":\"de\",\"@id\":\"https:\\\/\\\/bien-etreiris.ch\\\/de\\\/unsere-marken\\\/schweizer-naturkost\\\/#primaryimage\",\"url\":\"https:\\\/\\\/bien-etreiris.ch\\\/wp-content\\\/uploads\\\/2021\\\/05\\\/Schweizer-Naturkost..jpg\",\"contentUrl\":\"https:\\\/\\\/bien-etreiris.ch\\\/wp-content\\\/uploads\\\/2021\\\/05\\\/Schweizer-Naturkost..jpg\",\"width\":500,\"height\":347},{\"@type\":\"BreadcrumbList\",\"@id\":\"https:\\\/\\\/bien-etreiris.ch\\\/de\\\/unsere-marken\\\/schweizer-naturkost\\\/#breadcrumb\",\"itemListElement\":[{\"@type\":\"ListItem\",\"position\":1,\"name\":\"Home\",\"item\":\"https:\\\/\\\/bien-etreiris.ch\\\/de\\\/\"},{\"@type\":\"ListItem\",\"position\":2,\"name\":\"UNSERE MARKEN\",\"item\":\"https:\\\/\\\/bien-etreiris.ch\\\/de\\\/unsere-marken\\\/\"},{\"@type\":\"ListItem\",\"position\":3,\"name\":\"SCHWEIZER\"}]},{\"@type\":\"WebSite\",\"@id\":\"https:\\\/\\\/bien-etreiris.ch\\\/de\\\/#website\",\"url\":\"https:\\\/\\\/bien-etreiris.ch\\\/de\\\/\",\"name\":\"Bien-\u00eatre Iris\",\"description\":\"IHRE Gesundheit ist uns wichtig\",\"potentialAction\":[{\"@type\":\"SearchAction\",\"target\":{\"@type\":\"EntryPoint\",\"urlTemplate\":\"https:\\\/\\\/bien-etreiris.ch\\\/de\\\/?s={search_term_string}\"},\"query-input\":{\"@type\":\"PropertyValueSpecification\",\"valueRequired\":true,\"valueName\":\"search_term_string\"}}],\"inLanguage\":\"de\"}]}<\/script>\n<!-- \/ Yoast SEO plugin. -->","yoast_head_json":{"title":"SCHWEIZER - WOHLBEFINDEN","robots":{"index":"index","follow":"follow","max-snippet":"max-snippet:-1","max-image-preview":"max-image-preview:large","max-video-preview":"max-video-preview:-1"},"canonical":"https:\/\/bien-etreiris.ch\/de\/unsere-marken\/schweizer-naturkost\/","og_locale":"de_DE","og_type":"article","og_title":"SCHWEIZER - WOHLBEFINDEN","og_description":"Schweizer Naturkost Der Familienbetrieb Schweizer versteht sich als Produzent von frischen, gesunden und ehrlichen Lebensmitteln.Als Spezialist f\u00fcr die Verarbeitung von Gem\u00fcse und Obst sind wir ein Unternehmen mit einer \u00fcber 90-j\u00e4hrigen Tradition.Seit \u00fcber 40 Jahren verarbeiten wir auch biologisch angebautes Gem\u00fcse. Wir sind der Qualit\u00e4t, der Fairness und dem Umweltschutz verpflichtet. Unsere Liebe zum Produkt finden Sie in jedem Glas.\u00dcberzeugen&nbsp;Weiter lesen","og_url":"https:\/\/bien-etreiris.ch\/de\/unsere-marken\/schweizer-naturkost\/","og_site_name":"WOHLBEFINDEN","article_publisher":"https:\/\/www.facebook.com\/bienetreiris\/","article_modified_time":"2021-06-08T14:00:07+00:00","og_image":[{"width":500,"height":347,"url":"https:\/\/bien-etreiris.ch\/wp-content\/uploads\/2021\/05\/Schweizer-Naturkost..jpg","type":"image\/jpeg"}],"twitter_misc":{"Gesch\u00e4tzte Lesezeit":"1\u00a0Minute"},"schema":{"@context":"https:\/\/schema.org","@graph":[{"@type":"WebPage","@id":"https:\/\/bien-etreiris.ch\/de\/unsere-marken\/schweizer-naturkost\/","url":"https:\/\/bien-etreiris.ch\/de\/unsere-marken\/schweizer-naturkost\/","name":"SCHWEIZER - WOHLBEFINDEN","isPartOf":{"@id":"https:\/\/bien-etreiris.ch\/de\/#website"},"primaryImageOfPage":{"@id":"https:\/\/bien-etreiris.ch\/de\/unsere-marken\/schweizer-naturkost\/#primaryimage"},"image":{"@id":"https:\/\/bien-etreiris.ch\/de\/unsere-marken\/schweizer-naturkost\/#primaryimage"},"thumbnailUrl":"https:\/\/bien-etreiris.ch\/wp-content\/uploads\/2021\/05\/Schweizer-Naturkost..jpg","datePublished":"2021-05-24T19:01:49+00:00","dateModified":"2021-06-08T14:00:07+00:00","breadcrumb":{"@id":"https:\/\/bien-etreiris.ch\/de\/unsere-marken\/schweizer-naturkost\/#breadcrumb"},"inLanguage":"de","potentialAction":[{"@type":"ReadAction","target":["https:\/\/bien-etreiris.ch\/de\/unsere-marken\/schweizer-naturkost\/"]}]},{"@type":"ImageObject","inLanguage":"de","@id":"https:\/\/bien-etreiris.ch\/de\/unsere-marken\/schweizer-naturkost\/#primaryimage","url":"https:\/\/bien-etreiris.ch\/wp-content\/uploads\/2021\/05\/Schweizer-Naturkost..jpg","contentUrl":"https:\/\/bien-etreiris.ch\/wp-content\/uploads\/2021\/05\/Schweizer-Naturkost..jpg","width":500,"height":347},{"@type":"BreadcrumbList","@id":"https:\/\/bien-etreiris.ch\/de\/unsere-marken\/schweizer-naturkost\/#breadcrumb","itemListElement":[{"@type":"ListItem","position":1,"name":"Home","item":"https:\/\/bien-etreiris.ch\/de\/"},{"@type":"ListItem","position":2,"name":"UNSERE MARKEN","item":"https:\/\/bien-etreiris.ch\/de\/unsere-marken\/"},{"@type":"ListItem","position":3,"name":"SCHWEIZER"}]},{"@type":"WebSite","@id":"https:\/\/bien-etreiris.ch\/de\/#website","url":"https:\/\/bien-etreiris.ch\/de\/","name":"Bien-\u00eatre Iris","description":"IHRE Gesundheit ist uns wichtig","potentialAction":[{"@type":"SearchAction","target":{"@type":"EntryPoint","urlTemplate":"https:\/\/bien-etreiris.ch\/de\/?s={search_term_string}"},"query-input":{"@type":"PropertyValueSpecification","valueRequired":true,"valueName":"search_term_string"}}],"inLanguage":"de"}]}},"_links":{"self":[{"href":"https:\/\/bien-etreiris.ch\/de\/wp-json\/wp\/v2\/pages\/46781","targetHints":{"allow":["GET"]}}],"collection":[{"href":"https:\/\/bien-etreiris.ch\/de\/wp-json\/wp\/v2\/pages"}],"about":[{"href":"https:\/\/bien-etreiris.ch\/de\/wp-json\/wp\/v2\/types\/page"}],"author":[{"embeddable":true,"href":"https:\/\/bien-etreiris.ch\/de\/wp-json\/wp\/v2\/users\/1"}],"replies":[{"embeddable":true,"href":"https:\/\/bien-etreiris.ch\/de\/wp-json\/wp\/v2\/comments?post=46781"}],"version-history":[{"count":5,"href":"https:\/\/bien-etreiris.ch\/de\/wp-json\/wp\/v2\/pages\/46781\/revisions"}],"predecessor-version":[{"id":50066,"href":"https:\/\/bien-etreiris.ch\/de\/wp-json\/wp\/v2\/pages\/46781\/revisions\/50066"}],"up":[{"embeddable":true,"href":"https:\/\/bien-etreiris.ch\/de\/wp-json\/wp\/v2\/pages\/44406"}],"wp:featuredmedia":[{"embeddable":true,"href":"https:\/\/bien-etreiris.ch\/de\/wp-json\/wp\/v2\/media\/46791"}],"wp:attachment":[{"href":"https:\/\/bien-etreiris.ch\/de\/wp-json\/wp\/v2\/media?parent=46781"}],"curies":[{"name":"wp","href":"https:\/\/api.w.org\/{rel}","templated":true}]}}