{"id":46627,"date":"2021-05-24T10:49:42","date_gmt":"2021-05-24T08:49:42","guid":{"rendered":"https:\/\/bien-etreiris.ch\/?page_id=46627"},"modified":"2021-08-01T12:51:34","modified_gmt":"2021-08-01T10:51:34","slug":"perlamande","status":"publish","type":"page","link":"https:\/\/bien-etreiris.ch\/de\/unsere-marken\/perlamande\/","title":{"rendered":"PERL&#8217;AMANDE"},"content":{"rendered":"\n<h2>PERL'AMANDE<\/h2>\n<h4>UNE SUCCESS STORY N\u00c9E <br>D\u2019UN SIMPLE CASSOIR EN 1920<\/h4>\n<p>Inspir\u00e9e d\u2019un environnement naturel exceptionnel, l\u2019extraordinaire aventure de Perl\u2019Amande, sp\u00e9cialiste des produits transform\u00e9s de noix biologiques, est une histoire de passion et de valeurs humaines : la perp\u00e9tuation d\u2019un savoir-faire ancestral port\u00e9 par l\u2019innovation, dans le plus grand respect du patrimoine naturel et humain.<\/p>\n<h2>&nbsp;<\/h2>\n<h2><a href=\"https:\/\/bien-etreiris.ch\/de\/produktpraesentation\/gesundes-leben\/gesunde-nahrungsmittel\/superfoods-lebensmittel\/pasten-und-puerees\/puree-crue-amande\/\" target=\"_blank\" rel=\"noopener\">PUREE CRUE AMANDE<\/a><\/h2>\n<h2>&nbsp;<\/h2>\n","protected":false},"excerpt":{"rendered":"<p>PERL'AMANDE UNE SUCCESS STORY N\u00c9E D\u2019UN SIMPLE CASSOIR EN 1920 Inspir\u00e9e d\u2019un environnement naturel exceptionnel, l\u2019extraordinaire aventure de Perl\u2019Amande, sp\u00e9cialiste des produits transform\u00e9s de noix biologiques, est une histoire de passion et de valeurs humaines : la perp\u00e9tuation d\u2019un savoir-faire ancestral port\u00e9 par l\u2019innovation, dans le plus grand respect du patrimoine naturel et humain. &nbsp; PUREE CRUE AMANDE &nbsp;<\/p>\n","protected":false},"author":1,"featured_media":46625,"parent":44406,"menu_order":5518,"comment_status":"closed","ping_status":"closed","template":"page-with-child.php","meta":{"_acf_changed":false,"ngg_post_thumbnail":0,"footnotes":""},"class_list":["post-46627","page","type-page","status-publish","has-post-thumbnail","hentry"],"acf":[],"yoast_head":"<!-- This site is optimized with the Yoast SEO plugin v27.5 - https:\/\/yoast.com\/product\/yoast-seo-wordpress\/ -->\n<title>PERL&#039;AMANDE - WOHLBEFINDEN<\/title>\n<meta name=\"robots\" content=\"index, follow, max-snippet:-1, max-image-preview:large, max-video-preview:-1\" \/>\n<link rel=\"canonical\" href=\"https:\/\/bien-etreiris.ch\/de\/unsere-marken\/perlamande\/\" \/>\n<meta property=\"og:locale\" content=\"de_DE\" \/>\n<meta property=\"og:type\" content=\"article\" \/>\n<meta property=\"og:title\" content=\"PERL&#039;AMANDE - WOHLBEFINDEN\" \/>\n<meta property=\"og:description\" content=\"PERL&#039;AMANDE UNE SUCCESS STORY N\u00c9E D\u2019UN SIMPLE CASSOIR EN 1920 Inspir\u00e9e d\u2019un environnement naturel exceptionnel, l\u2019extraordinaire aventure de Perl\u2019Amande, sp\u00e9cialiste des produits transform\u00e9s de noix biologiques, est une histoire de passion et de valeurs humaines : la perp\u00e9tuation d\u2019un savoir-faire ancestral port\u00e9 par l\u2019innovation, dans le plus grand respect du patrimoine naturel et humain. &nbsp; PUREE CRUE AMANDE &nbsp;\" \/>\n<meta property=\"og:url\" content=\"https:\/\/bien-etreiris.ch\/de\/unsere-marken\/perlamande\/\" \/>\n<meta property=\"og:site_name\" content=\"WOHLBEFINDEN\" \/>\n<meta property=\"article:publisher\" content=\"https:\/\/www.facebook.com\/bienetreiris\/\" \/>\n<meta property=\"article:modified_time\" content=\"2021-08-01T10:51:34+00:00\" \/>\n<meta property=\"og:image\" content=\"https:\/\/bien-etreiris.ch\/wp-content\/uploads\/2021\/05\/PerlAmande.png\" \/>\n\t<meta property=\"og:image:width\" content=\"500\" \/>\n\t<meta property=\"og:image:height\" content=\"347\" \/>\n\t<meta property=\"og:image:type\" content=\"image\/png\" \/>\n<meta name=\"twitter:label1\" content=\"Gesch\u00e4tzte Lesezeit\" \/>\n\t<meta name=\"twitter:data1\" content=\"1\u00a0Minute\" \/>\n<script type=\"application\/ld+json\" class=\"yoast-schema-graph\">{\"@context\":\"https:\\\/\\\/schema.org\",\"@graph\":[{\"@type\":\"WebPage\",\"@id\":\"https:\\\/\\\/bien-etreiris.ch\\\/de\\\/unsere-marken\\\/perlamande\\\/\",\"url\":\"https:\\\/\\\/bien-etreiris.ch\\\/de\\\/unsere-marken\\\/perlamande\\\/\",\"name\":\"PERL'AMANDE - WOHLBEFINDEN\",\"isPartOf\":{\"@id\":\"https:\\\/\\\/bien-etreiris.ch\\\/de\\\/#website\"},\"primaryImageOfPage\":{\"@id\":\"https:\\\/\\\/bien-etreiris.ch\\\/de\\\/unsere-marken\\\/perlamande\\\/#primaryimage\"},\"image\":{\"@id\":\"https:\\\/\\\/bien-etreiris.ch\\\/de\\\/unsere-marken\\\/perlamande\\\/#primaryimage\"},\"thumbnailUrl\":\"https:\\\/\\\/bien-etreiris.ch\\\/wp-content\\\/uploads\\\/2021\\\/05\\\/PerlAmande.png\",\"datePublished\":\"2021-05-24T08:49:42+00:00\",\"dateModified\":\"2021-08-01T10:51:34+00:00\",\"breadcrumb\":{\"@id\":\"https:\\\/\\\/bien-etreiris.ch\\\/de\\\/unsere-marken\\\/perlamande\\\/#breadcrumb\"},\"inLanguage\":\"de\",\"potentialAction\":[{\"@type\":\"ReadAction\",\"target\":[\"https:\\\/\\\/bien-etreiris.ch\\\/de\\\/unsere-marken\\\/perlamande\\\/\"]}]},{\"@type\":\"ImageObject\",\"inLanguage\":\"de\",\"@id\":\"https:\\\/\\\/bien-etreiris.ch\\\/de\\\/unsere-marken\\\/perlamande\\\/#primaryimage\",\"url\":\"https:\\\/\\\/bien-etreiris.ch\\\/wp-content\\\/uploads\\\/2021\\\/05\\\/PerlAmande.png\",\"contentUrl\":\"https:\\\/\\\/bien-etreiris.ch\\\/wp-content\\\/uploads\\\/2021\\\/05\\\/PerlAmande.png\",\"width\":500,\"height\":347},{\"@type\":\"BreadcrumbList\",\"@id\":\"https:\\\/\\\/bien-etreiris.ch\\\/de\\\/unsere-marken\\\/perlamande\\\/#breadcrumb\",\"itemListElement\":[{\"@type\":\"ListItem\",\"position\":1,\"name\":\"Home\",\"item\":\"https:\\\/\\\/bien-etreiris.ch\\\/de\\\/\"},{\"@type\":\"ListItem\",\"position\":2,\"name\":\"UNSERE MARKEN\",\"item\":\"https:\\\/\\\/bien-etreiris.ch\\\/de\\\/unsere-marken\\\/\"},{\"@type\":\"ListItem\",\"position\":3,\"name\":\"PERL&#8217;AMANDE\"}]},{\"@type\":\"WebSite\",\"@id\":\"https:\\\/\\\/bien-etreiris.ch\\\/de\\\/#website\",\"url\":\"https:\\\/\\\/bien-etreiris.ch\\\/de\\\/\",\"name\":\"Bien-\u00eatre Iris\",\"description\":\"IHRE Gesundheit ist uns wichtig\",\"potentialAction\":[{\"@type\":\"SearchAction\",\"target\":{\"@type\":\"EntryPoint\",\"urlTemplate\":\"https:\\\/\\\/bien-etreiris.ch\\\/de\\\/?s={search_term_string}\"},\"query-input\":{\"@type\":\"PropertyValueSpecification\",\"valueRequired\":true,\"valueName\":\"search_term_string\"}}],\"inLanguage\":\"de\"}]}<\/script>\n<!-- \/ Yoast SEO plugin. -->","yoast_head_json":{"title":"PERL'AMANDE - WOHLBEFINDEN","robots":{"index":"index","follow":"follow","max-snippet":"max-snippet:-1","max-image-preview":"max-image-preview:large","max-video-preview":"max-video-preview:-1"},"canonical":"https:\/\/bien-etreiris.ch\/de\/unsere-marken\/perlamande\/","og_locale":"de_DE","og_type":"article","og_title":"PERL'AMANDE - WOHLBEFINDEN","og_description":"PERL'AMANDE UNE SUCCESS STORY N\u00c9E D\u2019UN SIMPLE CASSOIR EN 1920 Inspir\u00e9e d\u2019un environnement naturel exceptionnel, l\u2019extraordinaire aventure de Perl\u2019Amande, sp\u00e9cialiste des produits transform\u00e9s de noix biologiques, est une histoire de passion et de valeurs humaines : la perp\u00e9tuation d\u2019un savoir-faire ancestral port\u00e9 par l\u2019innovation, dans le plus grand respect du patrimoine naturel et humain. &nbsp; PUREE CRUE AMANDE &nbsp;","og_url":"https:\/\/bien-etreiris.ch\/de\/unsere-marken\/perlamande\/","og_site_name":"WOHLBEFINDEN","article_publisher":"https:\/\/www.facebook.com\/bienetreiris\/","article_modified_time":"2021-08-01T10:51:34+00:00","og_image":[{"width":500,"height":347,"url":"https:\/\/bien-etreiris.ch\/wp-content\/uploads\/2021\/05\/PerlAmande.png","type":"image\/png"}],"twitter_misc":{"Gesch\u00e4tzte Lesezeit":"1\u00a0Minute"},"schema":{"@context":"https:\/\/schema.org","@graph":[{"@type":"WebPage","@id":"https:\/\/bien-etreiris.ch\/de\/unsere-marken\/perlamande\/","url":"https:\/\/bien-etreiris.ch\/de\/unsere-marken\/perlamande\/","name":"PERL'AMANDE - WOHLBEFINDEN","isPartOf":{"@id":"https:\/\/bien-etreiris.ch\/de\/#website"},"primaryImageOfPage":{"@id":"https:\/\/bien-etreiris.ch\/de\/unsere-marken\/perlamande\/#primaryimage"},"image":{"@id":"https:\/\/bien-etreiris.ch\/de\/unsere-marken\/perlamande\/#primaryimage"},"thumbnailUrl":"https:\/\/bien-etreiris.ch\/wp-content\/uploads\/2021\/05\/PerlAmande.png","datePublished":"2021-05-24T08:49:42+00:00","dateModified":"2021-08-01T10:51:34+00:00","breadcrumb":{"@id":"https:\/\/bien-etreiris.ch\/de\/unsere-marken\/perlamande\/#breadcrumb"},"inLanguage":"de","potentialAction":[{"@type":"ReadAction","target":["https:\/\/bien-etreiris.ch\/de\/unsere-marken\/perlamande\/"]}]},{"@type":"ImageObject","inLanguage":"de","@id":"https:\/\/bien-etreiris.ch\/de\/unsere-marken\/perlamande\/#primaryimage","url":"https:\/\/bien-etreiris.ch\/wp-content\/uploads\/2021\/05\/PerlAmande.png","contentUrl":"https:\/\/bien-etreiris.ch\/wp-content\/uploads\/2021\/05\/PerlAmande.png","width":500,"height":347},{"@type":"BreadcrumbList","@id":"https:\/\/bien-etreiris.ch\/de\/unsere-marken\/perlamande\/#breadcrumb","itemListElement":[{"@type":"ListItem","position":1,"name":"Home","item":"https:\/\/bien-etreiris.ch\/de\/"},{"@type":"ListItem","position":2,"name":"UNSERE MARKEN","item":"https:\/\/bien-etreiris.ch\/de\/unsere-marken\/"},{"@type":"ListItem","position":3,"name":"PERL&#8217;AMANDE"}]},{"@type":"WebSite","@id":"https:\/\/bien-etreiris.ch\/de\/#website","url":"https:\/\/bien-etreiris.ch\/de\/","name":"Bien-\u00eatre Iris","description":"IHRE Gesundheit ist uns wichtig","potentialAction":[{"@type":"SearchAction","target":{"@type":"EntryPoint","urlTemplate":"https:\/\/bien-etreiris.ch\/de\/?s={search_term_string}"},"query-input":{"@type":"PropertyValueSpecification","valueRequired":true,"valueName":"search_term_string"}}],"inLanguage":"de"}]}},"_links":{"self":[{"href":"https:\/\/bien-etreiris.ch\/de\/wp-json\/wp\/v2\/pages\/46627","targetHints":{"allow":["GET"]}}],"collection":[{"href":"https:\/\/bien-etreiris.ch\/de\/wp-json\/wp\/v2\/pages"}],"about":[{"href":"https:\/\/bien-etreiris.ch\/de\/wp-json\/wp\/v2\/types\/page"}],"author":[{"embeddable":true,"href":"https:\/\/bien-etreiris.ch\/de\/wp-json\/wp\/v2\/users\/1"}],"replies":[{"embeddable":true,"href":"https:\/\/bien-etreiris.ch\/de\/wp-json\/wp\/v2\/comments?post=46627"}],"version-history":[{"count":2,"href":"https:\/\/bien-etreiris.ch\/de\/wp-json\/wp\/v2\/pages\/46627\/revisions"}],"predecessor-version":[{"id":52736,"href":"https:\/\/bien-etreiris.ch\/de\/wp-json\/wp\/v2\/pages\/46627\/revisions\/52736"}],"up":[{"embeddable":true,"href":"https:\/\/bien-etreiris.ch\/de\/wp-json\/wp\/v2\/pages\/44406"}],"wp:featuredmedia":[{"embeddable":true,"href":"https:\/\/bien-etreiris.ch\/de\/wp-json\/wp\/v2\/media\/46625"}],"wp:attachment":[{"href":"https:\/\/bien-etreiris.ch\/de\/wp-json\/wp\/v2\/media?parent=46627"}],"curies":[{"name":"wp","href":"https:\/\/api.w.org\/{rel}","templated":true}]}}