{"id":46563,"date":"2021-05-20T17:36:22","date_gmt":"2021-05-20T15:36:22","guid":{"rendered":"https:\/\/bien-etreiris.ch\/fundgrube-deals\/stoffbereich__trashed\/sachets-en-coton-bio\/"},"modified":"2021-05-24T08:42:29","modified_gmt":"2021-05-24T06:42:29","slug":"bio-baumwollbeutel","status":"publish","type":"page","link":"https:\/\/bien-etreiris.ch\/de\/fundgrube-deals\/textilbereich\/bio-baumwollbeutel\/","title":{"rendered":"BIO BAUMWOLLBEUTEL"},"content":{"rendered":"\n<p>Ultraleichte und sehr widerstandsf\u00e4hige Bio-Baumwollbeutel zum Transport und zur Aufbewahrung von in gro\u00dfen Mengen gekauften Lebensmitteln. Erh\u00e4ltlich in 4 Gr\u00f6\u00dfen: XS f\u00fcr Trockenfr\u00fcchte, Kekse, Schokoladenchips, S und L f\u00fcr Obst, Gem\u00fcse, Reis, Nudeln, Quinoa, M\u00fcsli... und XL f\u00fcr sperriges Gem\u00fcse wie Salate, Spinat, Mangold...<\/p>\n<p><a href=\"https:\/\/bien-etreiris.ch\/wp-content\/uploads\/2021\/05\/sachets-reutilisables-S.png\"><img loading=\"lazy\" decoding=\"async\" class=\"alignleft wp-image-45469 size-large\" src=\"https:\/\/bien-etreiris.ch\/wp-content\/uploads\/2021\/05\/sachets-reutilisables-S-1024x768.png\" alt=\"\" width=\"604\" height=\"453\" srcset=\"https:\/\/bien-etreiris.ch\/wp-content\/uploads\/2021\/05\/sachets-reutilisables-S-1024x768.png 1024w, https:\/\/bien-etreiris.ch\/wp-content\/uploads\/2021\/05\/sachets-reutilisables-S-300x225.png 300w, https:\/\/bien-etreiris.ch\/wp-content\/uploads\/2021\/05\/sachets-reutilisables-S-768x576.png 768w, https:\/\/bien-etreiris.ch\/wp-content\/uploads\/2021\/05\/sachets-reutilisables-S-1536x1152.png 1536w, https:\/\/bien-etreiris.ch\/wp-content\/uploads\/2021\/05\/sachets-reutilisables-S-2048x1536.png 2048w, https:\/\/bien-etreiris.ch\/wp-content\/uploads\/2021\/05\/sachets-reutilisables-S-200x150.png 200w\" sizes=\"auto, (max-width: 604px) 100vw, 604px\" \/><\/a><\/p>\n<p>&nbsp;<\/p>\n<p>&nbsp;<\/p>\n<p>&nbsp;<\/p>\n<p>&nbsp;<\/p>\n<p>&nbsp;<\/p>\n<p>&nbsp;<\/p>\n<p>&nbsp;<\/p>\n<p>&nbsp;<\/p>\n<p>Taille S 20 cm x 28 cm<\/p>\n<p>1 pi\u00e8ce <strong>CHF 0.90<\/strong><\/p>\n<p>&nbsp;<\/p>\n<p>&nbsp;<\/p>\n<p>&nbsp;<\/p>\n<hr>\n<p><a href=\"https:\/\/bien-etreiris.ch\/wp-content\/uploads\/2021\/05\/sachets-reutilisables-2.png\"><img loading=\"lazy\" decoding=\"async\" class=\"alignnone wp-image-45464 size-large\" src=\"https:\/\/bien-etreiris.ch\/wp-content\/uploads\/2021\/05\/sachets-reutilisables-2-1024x744.png\" alt=\"\" width=\"604\" height=\"439\" srcset=\"https:\/\/bien-etreiris.ch\/wp-content\/uploads\/2021\/05\/sachets-reutilisables-2-1024x744.png 1024w, https:\/\/bien-etreiris.ch\/wp-content\/uploads\/2021\/05\/sachets-reutilisables-2-300x218.png 300w, https:\/\/bien-etreiris.ch\/wp-content\/uploads\/2021\/05\/sachets-reutilisables-2-768x558.png 768w, https:\/\/bien-etreiris.ch\/wp-content\/uploads\/2021\/05\/sachets-reutilisables-2-1536x1116.png 1536w, https:\/\/bien-etreiris.ch\/wp-content\/uploads\/2021\/05\/sachets-reutilisables-2-2048x1488.png 2048w\" sizes=\"auto, (max-width: 604px) 100vw, 604px\" \/><\/a><\/p>\n<p>&nbsp;<\/p>\n<p>Taille L 30 cm x 33 cm<\/p>\n<p>1 pi\u00e8ce <strong>CHF 1.00<\/strong><\/p>\n<p>&nbsp;<\/p>\n<hr>\n<p>&nbsp;<\/p>\n<p>&nbsp;<\/p>\n<p>&nbsp;<\/p>\n<p>&nbsp;<\/p>\n<p>&nbsp;<\/p>\n<p>&nbsp;<\/p>\n<p>&nbsp;<\/p>\n<p>&nbsp;<\/p>\n<p>&nbsp;<\/p>\n<p>&nbsp;<\/p>\n<p><strong>&nbsp;<\/strong><\/p>\n<p>&nbsp;<\/p>\n<p>&nbsp;<\/p>\n<p>&nbsp;<\/p>\n<p>&nbsp;<\/p>\n<p>&nbsp;<\/p>\n<p>&nbsp;<\/p>\n<p>&nbsp;<\/p>\n<p>Taille L 30 cm x 33 cm<\/p>\n<p>1 pi\u00e8ce <strong>CHF 1.00<\/strong><\/p>\n","protected":false},"excerpt":{"rendered":"<p>Ultraleichte und sehr widerstandsf\u00e4hige Bio-Baumwollbeutel zum Transport und zur Aufbewahrung von in gro\u00dfen Mengen gekauften Lebensmitteln. Erh\u00e4ltlich in 4 Gr\u00f6\u00dfen: XS f\u00fcr Trockenfr\u00fcchte, Kekse, Schokoladenchips, S und L f\u00fcr Obst, Gem\u00fcse, Reis, Nudeln, Quinoa, M\u00fcsli... und XL f\u00fcr sperriges Gem\u00fcse wie Salate, Spinat, Mangold... &nbsp; &nbsp; &nbsp; &nbsp; &nbsp; &nbsp; &nbsp; &nbsp; Taille S 20 cm x 28 cm 1&nbsp;<a href=\"https:\/\/bien-etreiris.ch\/de\/fundgrube-deals\/textilbereich\/bio-baumwollbeutel\/\" class=\"read-more\">Weiter lesen<\/a><\/p>\n","protected":false},"author":1,"featured_media":45457,"parent":46573,"menu_order":5676,"comment_status":"closed","ping_status":"closed","template":"page-with-child.php","meta":{"_acf_changed":false,"ngg_post_thumbnail":0,"footnotes":""},"class_list":["post-46563","page","type-page","status-publish","has-post-thumbnail","hentry"],"acf":[],"yoast_head":"<!-- This site is optimized with the Yoast SEO plugin v27.5 - https:\/\/yoast.com\/product\/yoast-seo-wordpress\/ -->\n<title>BIO BAUMWOLLBEUTEL - WOHLBEFINDEN<\/title>\n<meta name=\"robots\" content=\"index, follow, max-snippet:-1, max-image-preview:large, max-video-preview:-1\" \/>\n<link rel=\"canonical\" href=\"https:\/\/bien-etreiris.ch\/de\/fundgrube-deals\/textilbereich\/bio-baumwollbeutel\/\" \/>\n<meta property=\"og:locale\" content=\"de_DE\" \/>\n<meta property=\"og:type\" content=\"article\" \/>\n<meta property=\"og:title\" content=\"BIO BAUMWOLLBEUTEL - WOHLBEFINDEN\" \/>\n<meta property=\"og:description\" content=\"Ultraleichte und sehr widerstandsf\u00e4hige Bio-Baumwollbeutel zum Transport und zur Aufbewahrung von in gro\u00dfen Mengen gekauften Lebensmitteln. Erh\u00e4ltlich in 4 Gr\u00f6\u00dfen: XS f\u00fcr Trockenfr\u00fcchte, Kekse, Schokoladenchips, S und L f\u00fcr Obst, Gem\u00fcse, Reis, Nudeln, Quinoa, M\u00fcsli... und XL f\u00fcr sperriges Gem\u00fcse wie Salate, Spinat, Mangold... &nbsp; &nbsp; &nbsp; &nbsp; &nbsp; &nbsp; &nbsp; &nbsp; Taille S 20 cm x 28 cm 1&nbsp;Weiter lesen\" \/>\n<meta property=\"og:url\" content=\"https:\/\/bien-etreiris.ch\/de\/fundgrube-deals\/textilbereich\/bio-baumwollbeutel\/\" \/>\n<meta property=\"og:site_name\" content=\"WOHLBEFINDEN\" \/>\n<meta property=\"article:publisher\" content=\"https:\/\/www.facebook.com\/bienetreiris\/\" \/>\n<meta property=\"article:modified_time\" content=\"2021-05-24T06:42:29+00:00\" \/>\n<meta property=\"og:image\" content=\"https:\/\/bien-etreiris.ch\/wp-content\/uploads\/2021\/05\/acceuil-sachets.png\" \/>\n\t<meta property=\"og:image:width\" content=\"554\" \/>\n\t<meta property=\"og:image:height\" content=\"294\" \/>\n\t<meta property=\"og:image:type\" content=\"image\/png\" \/>\n<meta name=\"twitter:label1\" content=\"Gesch\u00e4tzte Lesezeit\" \/>\n\t<meta name=\"twitter:data1\" content=\"1\u00a0Minute\" \/>\n<script type=\"application\/ld+json\" class=\"yoast-schema-graph\">{\"@context\":\"https:\\\/\\\/schema.org\",\"@graph\":[{\"@type\":\"WebPage\",\"@id\":\"https:\\\/\\\/bien-etreiris.ch\\\/de\\\/fundgrube-deals\\\/textilbereich\\\/bio-baumwollbeutel\\\/\",\"url\":\"https:\\\/\\\/bien-etreiris.ch\\\/de\\\/fundgrube-deals\\\/textilbereich\\\/bio-baumwollbeutel\\\/\",\"name\":\"BIO BAUMWOLLBEUTEL - WOHLBEFINDEN\",\"isPartOf\":{\"@id\":\"https:\\\/\\\/bien-etreiris.ch\\\/de\\\/#website\"},\"primaryImageOfPage\":{\"@id\":\"https:\\\/\\\/bien-etreiris.ch\\\/de\\\/fundgrube-deals\\\/textilbereich\\\/bio-baumwollbeutel\\\/#primaryimage\"},\"image\":{\"@id\":\"https:\\\/\\\/bien-etreiris.ch\\\/de\\\/fundgrube-deals\\\/textilbereich\\\/bio-baumwollbeutel\\\/#primaryimage\"},\"thumbnailUrl\":\"https:\\\/\\\/bien-etreiris.ch\\\/wp-content\\\/uploads\\\/2021\\\/05\\\/acceuil-sachets.png\",\"datePublished\":\"2021-05-20T15:36:22+00:00\",\"dateModified\":\"2021-05-24T06:42:29+00:00\",\"breadcrumb\":{\"@id\":\"https:\\\/\\\/bien-etreiris.ch\\\/de\\\/fundgrube-deals\\\/textilbereich\\\/bio-baumwollbeutel\\\/#breadcrumb\"},\"inLanguage\":\"de\",\"potentialAction\":[{\"@type\":\"ReadAction\",\"target\":[\"https:\\\/\\\/bien-etreiris.ch\\\/de\\\/fundgrube-deals\\\/textilbereich\\\/bio-baumwollbeutel\\\/\"]}]},{\"@type\":\"ImageObject\",\"inLanguage\":\"de\",\"@id\":\"https:\\\/\\\/bien-etreiris.ch\\\/de\\\/fundgrube-deals\\\/textilbereich\\\/bio-baumwollbeutel\\\/#primaryimage\",\"url\":\"https:\\\/\\\/bien-etreiris.ch\\\/wp-content\\\/uploads\\\/2021\\\/05\\\/acceuil-sachets.png\",\"contentUrl\":\"https:\\\/\\\/bien-etreiris.ch\\\/wp-content\\\/uploads\\\/2021\\\/05\\\/acceuil-sachets.png\",\"width\":554,\"height\":294},{\"@type\":\"BreadcrumbList\",\"@id\":\"https:\\\/\\\/bien-etreiris.ch\\\/de\\\/fundgrube-deals\\\/textilbereich\\\/bio-baumwollbeutel\\\/#breadcrumb\",\"itemListElement\":[{\"@type\":\"ListItem\",\"position\":1,\"name\":\"Home\",\"item\":\"https:\\\/\\\/bien-etreiris.ch\\\/de\\\/\"},{\"@type\":\"ListItem\",\"position\":2,\"name\":\"FUNDGRUBE &#038; DEALS\",\"item\":\"https:\\\/\\\/bien-etreiris.ch\\\/de\\\/fundgrube-deals\\\/\"},{\"@type\":\"ListItem\",\"position\":3,\"name\":\"TEXTILBEREICH\",\"item\":\"https:\\\/\\\/bien-etreiris.ch\\\/de\\\/fundgrube-deals\\\/textilbereich\\\/\"},{\"@type\":\"ListItem\",\"position\":4,\"name\":\"BIO BAUMWOLLBEUTEL\"}]},{\"@type\":\"WebSite\",\"@id\":\"https:\\\/\\\/bien-etreiris.ch\\\/de\\\/#website\",\"url\":\"https:\\\/\\\/bien-etreiris.ch\\\/de\\\/\",\"name\":\"Bien-\u00eatre Iris\",\"description\":\"IHRE Gesundheit ist uns wichtig\",\"potentialAction\":[{\"@type\":\"SearchAction\",\"target\":{\"@type\":\"EntryPoint\",\"urlTemplate\":\"https:\\\/\\\/bien-etreiris.ch\\\/de\\\/?s={search_term_string}\"},\"query-input\":{\"@type\":\"PropertyValueSpecification\",\"valueRequired\":true,\"valueName\":\"search_term_string\"}}],\"inLanguage\":\"de\"}]}<\/script>\n<!-- \/ Yoast SEO plugin. -->","yoast_head_json":{"title":"BIO BAUMWOLLBEUTEL - WOHLBEFINDEN","robots":{"index":"index","follow":"follow","max-snippet":"max-snippet:-1","max-image-preview":"max-image-preview:large","max-video-preview":"max-video-preview:-1"},"canonical":"https:\/\/bien-etreiris.ch\/de\/fundgrube-deals\/textilbereich\/bio-baumwollbeutel\/","og_locale":"de_DE","og_type":"article","og_title":"BIO BAUMWOLLBEUTEL - WOHLBEFINDEN","og_description":"Ultraleichte und sehr widerstandsf\u00e4hige Bio-Baumwollbeutel zum Transport und zur Aufbewahrung von in gro\u00dfen Mengen gekauften Lebensmitteln. Erh\u00e4ltlich in 4 Gr\u00f6\u00dfen: XS f\u00fcr Trockenfr\u00fcchte, Kekse, Schokoladenchips, S und L f\u00fcr Obst, Gem\u00fcse, Reis, Nudeln, Quinoa, M\u00fcsli... und XL f\u00fcr sperriges Gem\u00fcse wie Salate, Spinat, Mangold... &nbsp; &nbsp; &nbsp; &nbsp; &nbsp; &nbsp; &nbsp; &nbsp; Taille S 20 cm x 28 cm 1&nbsp;Weiter lesen","og_url":"https:\/\/bien-etreiris.ch\/de\/fundgrube-deals\/textilbereich\/bio-baumwollbeutel\/","og_site_name":"WOHLBEFINDEN","article_publisher":"https:\/\/www.facebook.com\/bienetreiris\/","article_modified_time":"2021-05-24T06:42:29+00:00","og_image":[{"width":554,"height":294,"url":"https:\/\/bien-etreiris.ch\/wp-content\/uploads\/2021\/05\/acceuil-sachets.png","type":"image\/png"}],"twitter_misc":{"Gesch\u00e4tzte Lesezeit":"1\u00a0Minute"},"schema":{"@context":"https:\/\/schema.org","@graph":[{"@type":"WebPage","@id":"https:\/\/bien-etreiris.ch\/de\/fundgrube-deals\/textilbereich\/bio-baumwollbeutel\/","url":"https:\/\/bien-etreiris.ch\/de\/fundgrube-deals\/textilbereich\/bio-baumwollbeutel\/","name":"BIO BAUMWOLLBEUTEL - WOHLBEFINDEN","isPartOf":{"@id":"https:\/\/bien-etreiris.ch\/de\/#website"},"primaryImageOfPage":{"@id":"https:\/\/bien-etreiris.ch\/de\/fundgrube-deals\/textilbereich\/bio-baumwollbeutel\/#primaryimage"},"image":{"@id":"https:\/\/bien-etreiris.ch\/de\/fundgrube-deals\/textilbereich\/bio-baumwollbeutel\/#primaryimage"},"thumbnailUrl":"https:\/\/bien-etreiris.ch\/wp-content\/uploads\/2021\/05\/acceuil-sachets.png","datePublished":"2021-05-20T15:36:22+00:00","dateModified":"2021-05-24T06:42:29+00:00","breadcrumb":{"@id":"https:\/\/bien-etreiris.ch\/de\/fundgrube-deals\/textilbereich\/bio-baumwollbeutel\/#breadcrumb"},"inLanguage":"de","potentialAction":[{"@type":"ReadAction","target":["https:\/\/bien-etreiris.ch\/de\/fundgrube-deals\/textilbereich\/bio-baumwollbeutel\/"]}]},{"@type":"ImageObject","inLanguage":"de","@id":"https:\/\/bien-etreiris.ch\/de\/fundgrube-deals\/textilbereich\/bio-baumwollbeutel\/#primaryimage","url":"https:\/\/bien-etreiris.ch\/wp-content\/uploads\/2021\/05\/acceuil-sachets.png","contentUrl":"https:\/\/bien-etreiris.ch\/wp-content\/uploads\/2021\/05\/acceuil-sachets.png","width":554,"height":294},{"@type":"BreadcrumbList","@id":"https:\/\/bien-etreiris.ch\/de\/fundgrube-deals\/textilbereich\/bio-baumwollbeutel\/#breadcrumb","itemListElement":[{"@type":"ListItem","position":1,"name":"Home","item":"https:\/\/bien-etreiris.ch\/de\/"},{"@type":"ListItem","position":2,"name":"FUNDGRUBE &#038; DEALS","item":"https:\/\/bien-etreiris.ch\/de\/fundgrube-deals\/"},{"@type":"ListItem","position":3,"name":"TEXTILBEREICH","item":"https:\/\/bien-etreiris.ch\/de\/fundgrube-deals\/textilbereich\/"},{"@type":"ListItem","position":4,"name":"BIO BAUMWOLLBEUTEL"}]},{"@type":"WebSite","@id":"https:\/\/bien-etreiris.ch\/de\/#website","url":"https:\/\/bien-etreiris.ch\/de\/","name":"Bien-\u00eatre Iris","description":"IHRE Gesundheit ist uns wichtig","potentialAction":[{"@type":"SearchAction","target":{"@type":"EntryPoint","urlTemplate":"https:\/\/bien-etreiris.ch\/de\/?s={search_term_string}"},"query-input":{"@type":"PropertyValueSpecification","valueRequired":true,"valueName":"search_term_string"}}],"inLanguage":"de"}]}},"_links":{"self":[{"href":"https:\/\/bien-etreiris.ch\/de\/wp-json\/wp\/v2\/pages\/46563","targetHints":{"allow":["GET"]}}],"collection":[{"href":"https:\/\/bien-etreiris.ch\/de\/wp-json\/wp\/v2\/pages"}],"about":[{"href":"https:\/\/bien-etreiris.ch\/de\/wp-json\/wp\/v2\/types\/page"}],"author":[{"embeddable":true,"href":"https:\/\/bien-etreiris.ch\/de\/wp-json\/wp\/v2\/users\/1"}],"replies":[{"embeddable":true,"href":"https:\/\/bien-etreiris.ch\/de\/wp-json\/wp\/v2\/comments?post=46563"}],"version-history":[{"count":3,"href":"https:\/\/bien-etreiris.ch\/de\/wp-json\/wp\/v2\/pages\/46563\/revisions"}],"predecessor-version":[{"id":46593,"href":"https:\/\/bien-etreiris.ch\/de\/wp-json\/wp\/v2\/pages\/46563\/revisions\/46593"}],"up":[{"embeddable":true,"href":"https:\/\/bien-etreiris.ch\/de\/wp-json\/wp\/v2\/pages\/46573"}],"wp:featuredmedia":[{"embeddable":true,"href":"https:\/\/bien-etreiris.ch\/de\/wp-json\/wp\/v2\/media\/45457"}],"wp:attachment":[{"href":"https:\/\/bien-etreiris.ch\/de\/wp-json\/wp\/v2\/media?parent=46563"}],"curies":[{"name":"wp","href":"https:\/\/api.w.org\/{rel}","templated":true}]}}