{"id":46540,"date":"2021-05-24T07:06:03","date_gmt":"2021-05-24T05:06:03","guid":{"rendered":"https:\/\/bien-etreiris.ch\/liste-des-objets-jetables\/"},"modified":"2021-07-18T11:26:45","modified_gmt":"2021-07-18T09:26:45","slug":"liste-der-einwegartikel","status":"publish","type":"page","link":"https:\/\/bien-etreiris.ch\/de\/ratgeber-klarheit-beratung\/oekologische-empfehlungen\/liste-der-einwegartikel\/","title":{"rendered":"LISTE DER EINWEGARTIKEL&#8230;."},"content":{"rendered":"\n<div class=\"post-header\">\n<h2 class=\"post-title\">Liste von Einweg-Alltagsgegenst\u00e4nden, die durch nachhaltige Gegenst\u00e4nde ersetzt werden k\u00f6nnen<\/h2>\n<\/div>\n<div class=\"post-body post-content\">\n<div dir=\"ltr\">\n<div class=\"separator\"><a href=\"https:\/\/bien-etreiris.ch\/wp-content\/uploads\/2021\/05\/image-liste-des-objets-jetables-du-quotidien-remplacables-par-des-objets-durables.jpg\"><img loading=\"lazy\" decoding=\"async\" class=\"alignnone wp-image-46521 size-full\" src=\"https:\/\/bien-etreiris.ch\/wp-content\/uploads\/2021\/05\/image-liste-des-objets-jetables-du-quotidien-remplacables-par-des-objets-durables.jpg\" alt=\"\" width=\"500\" height=\"281\" srcset=\"https:\/\/bien-etreiris.ch\/wp-content\/uploads\/2021\/05\/image-liste-des-objets-jetables-du-quotidien-remplacables-par-des-objets-durables.jpg 500w, https:\/\/bien-etreiris.ch\/wp-content\/uploads\/2021\/05\/image-liste-des-objets-jetables-du-quotidien-remplacables-par-des-objets-durables-300x169.jpg 300w\" sizes=\"auto, (max-width: 500px) 100vw, 500px\" \/><\/a><\/div>\n<br>\n<p>Kaufen, um weg zuwerfen, zur\u00fcckkaufen, um weg zuwerfen? Ein Ruin f\u00fcr unsere Ressourcen! Sowohl aus Sicht des Geldbeutels als auch aus Sicht der Umwelt...<\/p>\n<p>Um also Ihre monatlichen Ausgaben zu reduzieren, finden Sie hier eine Liste, die versucht, all jene Weg werfe-Alltagsgegenst\u00e4nde zusammenzufassen, die durch langlebige, \u00f6konomisch und \u00f6kologisch interessantere Objekte ersetzt werden k\u00f6nnen.<\/p>\n<br><br>\n<h4>IN DER K\u00dcCHE<\/h4>\n<h4><br>Sie k\u00f6nnen verwenden :<\/h4>\n<ul style=\"list-style-type: disc;\">\n<li>Geschirrt\u00fccher und Lappen anstelle von Papiert\u00fcchern<\/li>\n<li>Stoffhandt\u00fccher anstelle von Papierhandt\u00fcchern<\/li>\n<li>Abwaschbare B\u00fcrsten, Schaber, doppelseitige Schw\u00e4mme oder Luffaschw\u00e4mme anstelle von normalen Schw\u00e4mmen<\/li>\n<li>Gewachste Geschirrt\u00fccher oder Geschirrabdeckungen als Ersatz f\u00fcr Plastikstretchfolie<\/li>\n<li>Silikonbacktuch oder Metallbackformen als Ersatz f\u00fcr Backpapier<\/li>\n<li>Verschlie\u00dfbare Dosen aus Edelstahl oder Glas als Ersatz f\u00fcr Einwegbeh\u00e4lter<\/li>\n<li>Italienische Kaffeemaschine oder Kolbenkaffeemaschine als Ersatz f\u00fcr Kapselkaffeemaschinen:<\/li>\n<li>Wenn das zu schwierig ist, steigen Sie auf wieder-bef\u00fcllbare Kaffeekapseln oder waschbare Kaffeefilter um<\/li>\n<li>Ein Tee-Ei aus Metall\/Keramik oder ein Teebeutel aus Bio-Baumwolle als Ersatz f\u00fcr Teebeutel<\/li>\n<li>Eisw\u00fcrfelbeh\u00e4lter anstelle von Eispackungen<\/li>\n<li>Fruchts\u00e4fte, selbstgemachte Getr\u00e4nke und Leitungswasser anstelle von Wasser und Getr\u00e4nken aus Flaschen<\/li>\n<li>Nachf\u00fcllpackungen oder Bulk, anstatt alle Utensilien des Produkts zu kaufen, insbesondere f\u00fcr :\n<ul style=\"list-style-type: disc;\">\n<li>Gew\u00fcrze<\/li>\n<li>Salz<\/li>\n<li>Zucker<\/li>\n<li>Tee<\/li>\n<li>Kaffee<\/li>\n<li>&nbsp;Geschirrsp\u00fclmittel<\/li>\n<\/ul>\n<\/li>\n<\/ul>\n<br>\n<h4>IM BADEZIMMER<\/h4>\n<h4><br>Sie k\u00f6nnen verwenden :<\/h4>\n<p>&nbsp;<\/p>\n<ul style=\"list-style-type: disc;\">\n<li>Feste Seife anstelle von Duschgel<\/li>\n<li>Festes Shampoo anstelle von Flaschenshampoo<\/li>\n<li>Seiden- und Baumwolltupfer oder -b\u00fcrsten anstelle von Einweg-Wattest\u00e4bchen<\/li>\n<li>Einwegzahnb\u00fcrsten anstelle von Einwegzahnb\u00fcrsten<\/li>\n<li>Ein einzelner Handschuh, Maske-up-Entferner oder waschbares doppelseitiges Tuch und Wattepads als Ersatz f\u00fcr Einweg-Wattepfads<\/li>\n<li>Taschent\u00fccher statt Papiert\u00fccher: Verwenden Sie sie einmal und stecken Sie sie in einen Beutel, um sie anschliessend zu waschen, damit diese Nester von Mikroben nicht weiter kontaminieren<\/li>\n<li>Rasierapparate mit Einwegk\u00f6pfen anstelle von herk\u00f6mmlichen Einwegrasierkern<\/li>\n<li>Waschbare Damenbinden, Periodenhosen oder Tassen anstelle von Einwegbinden und -Tampons<\/li>\n<li>Feste Seife g\u00fcnstiger als der Kauf eines Spenders<\/li>\n<\/ul>\n<\/div>\n<\/div>\n<p>&nbsp;<\/p>\n<p>&nbsp;<\/p>\n<h4>AN ANDERER STELLE IM HAUS<\/h4>\n<h4><br>Sie k\u00f6nnen verwenden :<\/h4>\n<div class=\"post-body post-content\">\n<div dir=\"ltr\">\n<ul style=\"list-style-type: disc;\">\n<li>Wiederaufladbare Batterien mit Batterieladeger\u00e4t als Ersatz f\u00fcr Einwegbatterien<\/li>\n<li>Eine Schiefertafel mit Kreide, um die Tafel mit Markern zu ersetzen<\/li>\n<li>F\u00fcr Ihren Papierkorb : &nbsp;&nbsp;&nbsp;&nbsp;&nbsp;&nbsp;&nbsp;&nbsp;\n<ul style=\"list-style-type: disc;\">\n<li>Ein kleiner kompostierbarer Beutel f\u00fcr Lebensmittelabf\u00e4lle, die in den M\u00fcll geworfen werden sollen<\/li>\n<li>Eine Einkaufstasche f\u00fcr trockene Abf\u00e4lle, die nicht verrotten :\n<ul style=\"list-style-type: disc;\">\n<li>Pappe, Stoff, Plastik ..., die f\u00fcr die M\u00fcllabfuhr verwendet wird, aber nach Hause mitgenommen werden kann und dort noch lange als M\u00fclleimer verwendet werden kann<\/li>\n<\/ul>\n<\/li>\n<\/ul>\n<\/li>\n<\/ul>\n<h4>&nbsp;<\/h4>\n<h4>ZUM EINKAUFEN ODER F\u00dcR DRAUSSEN<\/h4>\n<h4>Sie k\u00f6nnen verwenden :<\/h4>\n<h4>&nbsp;<\/h4>\n<ul style=\"list-style-type: disc;\">\n<li>Wiederverwendbare Tragetaschen und <strong><a href=\"https:\/\/bien-etreiris.ch\/de\/fundgrube-deals\/bereich-des-stoffes\/bio-baumwollbeutel\/\" target=\"_blank\" rel=\"noopener\">Beutel<\/a> <\/strong>in allen Gr\u00f6\u00dfen f\u00fcr Brot, Gem\u00fcse und Obst...&nbsp; als Ersatz f\u00fcr&nbsp; Einwegbeutel<\/li>\n<li>Becher und Gl\u00e4ser als Ersatz f\u00fcr Einwegbecher Wasserflaschen als Ersatz f\u00fcr Plastikflaschen und Dosen<\/li>\n<li>Eine am Vortag vorbereitete Lunchbox oder eine Sandwichbox als Ersatz f\u00fcr den Mittagssnack<\/li>\n<li>Trinkhalme aus Aluminium, Edelstahl, Glas oder <strong><a href=\"https:\/\/bien-etreiris.ch\/de\/fundgrube-deals\/oko-tips\/bio-strohhalme\/\" target=\"_blank\" rel=\"noopener\">Strohhalme<\/a> <\/strong>als Ersatz f\u00fcr Einwegtrinkhalme<\/li>\n<\/ul>\n<div>&nbsp;<\/div>\n<h4>&nbsp;<\/h4>\n<h4>F\u00dcR PARTYS, GEBURTSTAGE UND ANDERE VERANSTALTUNGEN<\/h4>\n<h4>Sie k\u00f6nnen verwenden :<\/h4>\n<div>&nbsp;<\/div>\n<div>\n<ul style=\"list-style-type: disc;\">\n<li>Klassisches oder langlebiges Kunststoffgeschirr als Alternative zu Einweggeschirr<\/li>\n<li>Eine Stofftischdecke anstelle einer Papiertischdecke<\/li>\n<li>Wiederverwendbare Spiele: H\u00fcpfburg, Chamboule-Tout, Springseil, B\u00e4lle, Tischtennis, Shuffleboard, Reifen, Sperber, Verstecken, 1 2 3 Sonne, Geschicklichkeitsspiele... statt Einwegspiele: Luftballons, Konfetti, Pi\u00f1ata<\/li>\n<li>Die in den obigen Abs\u00e4tzen genannten Tipps: \"In der K\u00fcche\" und \"Zum Einkaufen oder drau\u00dfen\".<\/li>\n<\/ul>\n<br><br>\n<h4>Und damit diese Schritte nicht vergeblich und letztlich teurer sind :<\/h4>\n<ul style=\"list-style-type: disc;\">\n<li>Organisiert werden<\/li>\n<li>Kaufen Sie nicht nochmals, was Sie bereits haben<\/li>\n<li>Halten Sie Ihre Gegenst\u00e4nde so lange wie m\u00f6glich: Pflegen Sie sie einfach und behandeln sie schonend<\/li>\n<li>Vermeiden Sie Verpackungen und \u00dcberverpackungen<\/li>\n<li>Benutzen und verschleissen Sie die Einwegartikel, die Sie bereits haben, bevor Sie deren langlebige Gegenst\u00fccke kaufen, es sei denn, sie sind (n\u00fctzlich, um Ihnen) als Notfallausr\u00fcstung auszuhelfen.<\/li>\n<\/ul>\n<h4>&nbsp;<\/h4>\n<\/div>\n<\/div>\n<\/div>\n","protected":false},"excerpt":{"rendered":"<p>Liste von Einweg-Alltagsgegenst\u00e4nden, die durch nachhaltige Gegenst\u00e4nde ersetzt werden k\u00f6nnen Kaufen, um weg zuwerfen, zur\u00fcckkaufen, um weg zuwerfen? Ein Ruin f\u00fcr unsere Ressourcen! Sowohl aus Sicht des Geldbeutels als auch aus Sicht der Umwelt... Um also Ihre monatlichen Ausgaben zu reduzieren, finden Sie hier eine Liste, die versucht, all jene Weg werfe-Alltagsgegenst\u00e4nde zusammenzufassen, die durch langlebige, \u00f6konomisch und \u00f6kologisch interessantere&nbsp;<a href=\"https:\/\/bien-etreiris.ch\/de\/ratgeber-klarheit-beratung\/oekologische-empfehlungen\/liste-der-einwegartikel\/\" class=\"read-more\">Weiter lesen<\/a><\/p>\n","protected":false},"author":1,"featured_media":50866,"parent":50859,"menu_order":5530,"comment_status":"closed","ping_status":"closed","template":"page-with-child.php","meta":{"_acf_changed":false,"ngg_post_thumbnail":0,"footnotes":""},"class_list":["post-46540","page","type-page","status-publish","has-post-thumbnail","hentry"],"acf":[],"yoast_head":"<!-- This site is optimized with the Yoast SEO plugin v27.6 - https:\/\/yoast.com\/product\/yoast-seo-wordpress\/ -->\n<title>LISTE DER EINWEGARTIKEL.... - WOHLBEFINDEN<\/title>\n<meta name=\"robots\" content=\"index, follow, max-snippet:-1, max-image-preview:large, max-video-preview:-1\" \/>\n<link rel=\"canonical\" href=\"https:\/\/bien-etreiris.ch\/de\/ratgeber-klarheit-beratung\/oekologische-empfehlungen\/liste-der-einwegartikel\/\" \/>\n<meta property=\"og:locale\" content=\"de_DE\" \/>\n<meta property=\"og:type\" content=\"article\" \/>\n<meta property=\"og:title\" content=\"LISTE DER EINWEGARTIKEL.... - WOHLBEFINDEN\" \/>\n<meta property=\"og:description\" content=\"Liste von Einweg-Alltagsgegenst\u00e4nden, die durch nachhaltige Gegenst\u00e4nde ersetzt werden k\u00f6nnen Kaufen, um weg zuwerfen, zur\u00fcckkaufen, um weg zuwerfen? Ein Ruin f\u00fcr unsere Ressourcen! Sowohl aus Sicht des Geldbeutels als auch aus Sicht der Umwelt... Um also Ihre monatlichen Ausgaben zu reduzieren, finden Sie hier eine Liste, die versucht, all jene Weg werfe-Alltagsgegenst\u00e4nde zusammenzufassen, die durch langlebige, \u00f6konomisch und \u00f6kologisch interessantere&nbsp;Weiter lesen\" \/>\n<meta property=\"og:url\" content=\"https:\/\/bien-etreiris.ch\/de\/ratgeber-klarheit-beratung\/oekologische-empfehlungen\/liste-der-einwegartikel\/\" \/>\n<meta property=\"og:site_name\" content=\"WOHLBEFINDEN\" \/>\n<meta property=\"article:publisher\" content=\"https:\/\/www.facebook.com\/bienetreiris\/\" \/>\n<meta property=\"article:modified_time\" content=\"2021-07-18T09:26:45+00:00\" \/>\n<meta property=\"og:image\" content=\"https:\/\/bien-etreiris.ch\/wp-content\/uploads\/2021\/06\/acceuil-objets-quotidien-remplacables-.jpg\" \/>\n\t<meta property=\"og:image:width\" content=\"500\" \/>\n\t<meta property=\"og:image:height\" content=\"333\" \/>\n\t<meta property=\"og:image:type\" content=\"image\/jpeg\" \/>\n<meta name=\"twitter:label1\" content=\"Gesch\u00e4tzte Lesezeit\" \/>\n\t<meta name=\"twitter:data1\" content=\"3\u00a0Minuten\" \/>\n<script type=\"application\/ld+json\" class=\"yoast-schema-graph\">{\"@context\":\"https:\\\/\\\/schema.org\",\"@graph\":[{\"@type\":\"WebPage\",\"@id\":\"https:\\\/\\\/bien-etreiris.ch\\\/de\\\/ratgeber-klarheit-beratung\\\/oekologische-empfehlungen\\\/liste-der-einwegartikel\\\/\",\"url\":\"https:\\\/\\\/bien-etreiris.ch\\\/de\\\/ratgeber-klarheit-beratung\\\/oekologische-empfehlungen\\\/liste-der-einwegartikel\\\/\",\"name\":\"LISTE DER EINWEGARTIKEL.... - WOHLBEFINDEN\",\"isPartOf\":{\"@id\":\"https:\\\/\\\/bien-etreiris.ch\\\/de\\\/#website\"},\"primaryImageOfPage\":{\"@id\":\"https:\\\/\\\/bien-etreiris.ch\\\/de\\\/ratgeber-klarheit-beratung\\\/oekologische-empfehlungen\\\/liste-der-einwegartikel\\\/#primaryimage\"},\"image\":{\"@id\":\"https:\\\/\\\/bien-etreiris.ch\\\/de\\\/ratgeber-klarheit-beratung\\\/oekologische-empfehlungen\\\/liste-der-einwegartikel\\\/#primaryimage\"},\"thumbnailUrl\":\"https:\\\/\\\/bien-etreiris.ch\\\/wp-content\\\/uploads\\\/2021\\\/06\\\/acceuil-objets-quotidien-remplacables-.jpg\",\"datePublished\":\"2021-05-24T05:06:03+00:00\",\"dateModified\":\"2021-07-18T09:26:45+00:00\",\"breadcrumb\":{\"@id\":\"https:\\\/\\\/bien-etreiris.ch\\\/de\\\/ratgeber-klarheit-beratung\\\/oekologische-empfehlungen\\\/liste-der-einwegartikel\\\/#breadcrumb\"},\"inLanguage\":\"de\",\"potentialAction\":[{\"@type\":\"ReadAction\",\"target\":[\"https:\\\/\\\/bien-etreiris.ch\\\/de\\\/ratgeber-klarheit-beratung\\\/oekologische-empfehlungen\\\/liste-der-einwegartikel\\\/\"]}]},{\"@type\":\"ImageObject\",\"inLanguage\":\"de\",\"@id\":\"https:\\\/\\\/bien-etreiris.ch\\\/de\\\/ratgeber-klarheit-beratung\\\/oekologische-empfehlungen\\\/liste-der-einwegartikel\\\/#primaryimage\",\"url\":\"https:\\\/\\\/bien-etreiris.ch\\\/wp-content\\\/uploads\\\/2021\\\/06\\\/acceuil-objets-quotidien-remplacables-.jpg\",\"contentUrl\":\"https:\\\/\\\/bien-etreiris.ch\\\/wp-content\\\/uploads\\\/2021\\\/06\\\/acceuil-objets-quotidien-remplacables-.jpg\",\"width\":500,\"height\":333},{\"@type\":\"BreadcrumbList\",\"@id\":\"https:\\\/\\\/bien-etreiris.ch\\\/de\\\/ratgeber-klarheit-beratung\\\/oekologische-empfehlungen\\\/liste-der-einwegartikel\\\/#breadcrumb\",\"itemListElement\":[{\"@type\":\"ListItem\",\"position\":1,\"name\":\"Home\",\"item\":\"https:\\\/\\\/bien-etreiris.ch\\\/de\\\/\"},{\"@type\":\"ListItem\",\"position\":2,\"name\":\"RATGEBER &#038; KLARHEIT\",\"item\":\"https:\\\/\\\/bien-etreiris.ch\\\/de\\\/ratgeber-klarheit-beratung\\\/\"},{\"@type\":\"ListItem\",\"position\":3,\"name\":\"\u00d6KO &#8211; EMPFEHLUNGEN\",\"item\":\"https:\\\/\\\/bien-etreiris.ch\\\/de\\\/ratgeber-klarheit-beratung\\\/oekologische-empfehlungen\\\/\"},{\"@type\":\"ListItem\",\"position\":4,\"name\":\"LISTE DER EINWEGARTIKEL&#8230;.\"}]},{\"@type\":\"WebSite\",\"@id\":\"https:\\\/\\\/bien-etreiris.ch\\\/de\\\/#website\",\"url\":\"https:\\\/\\\/bien-etreiris.ch\\\/de\\\/\",\"name\":\"Bien-\u00eatre Iris\",\"description\":\"IHRE Gesundheit ist uns wichtig\",\"potentialAction\":[{\"@type\":\"SearchAction\",\"target\":{\"@type\":\"EntryPoint\",\"urlTemplate\":\"https:\\\/\\\/bien-etreiris.ch\\\/de\\\/?s={search_term_string}\"},\"query-input\":{\"@type\":\"PropertyValueSpecification\",\"valueRequired\":true,\"valueName\":\"search_term_string\"}}],\"inLanguage\":\"de\"}]}<\/script>\n<!-- \/ Yoast SEO plugin. -->","yoast_head_json":{"title":"LISTE DER EINWEGARTIKEL.... - WOHLBEFINDEN","robots":{"index":"index","follow":"follow","max-snippet":"max-snippet:-1","max-image-preview":"max-image-preview:large","max-video-preview":"max-video-preview:-1"},"canonical":"https:\/\/bien-etreiris.ch\/de\/ratgeber-klarheit-beratung\/oekologische-empfehlungen\/liste-der-einwegartikel\/","og_locale":"de_DE","og_type":"article","og_title":"LISTE DER EINWEGARTIKEL.... - WOHLBEFINDEN","og_description":"Liste von Einweg-Alltagsgegenst\u00e4nden, die durch nachhaltige Gegenst\u00e4nde ersetzt werden k\u00f6nnen Kaufen, um weg zuwerfen, zur\u00fcckkaufen, um weg zuwerfen? Ein Ruin f\u00fcr unsere Ressourcen! Sowohl aus Sicht des Geldbeutels als auch aus Sicht der Umwelt... Um also Ihre monatlichen Ausgaben zu reduzieren, finden Sie hier eine Liste, die versucht, all jene Weg werfe-Alltagsgegenst\u00e4nde zusammenzufassen, die durch langlebige, \u00f6konomisch und \u00f6kologisch interessantere&nbsp;Weiter lesen","og_url":"https:\/\/bien-etreiris.ch\/de\/ratgeber-klarheit-beratung\/oekologische-empfehlungen\/liste-der-einwegartikel\/","og_site_name":"WOHLBEFINDEN","article_publisher":"https:\/\/www.facebook.com\/bienetreiris\/","article_modified_time":"2021-07-18T09:26:45+00:00","og_image":[{"width":500,"height":333,"url":"https:\/\/bien-etreiris.ch\/wp-content\/uploads\/2021\/06\/acceuil-objets-quotidien-remplacables-.jpg","type":"image\/jpeg"}],"twitter_misc":{"Gesch\u00e4tzte Lesezeit":"3\u00a0Minuten"},"schema":{"@context":"https:\/\/schema.org","@graph":[{"@type":"WebPage","@id":"https:\/\/bien-etreiris.ch\/de\/ratgeber-klarheit-beratung\/oekologische-empfehlungen\/liste-der-einwegartikel\/","url":"https:\/\/bien-etreiris.ch\/de\/ratgeber-klarheit-beratung\/oekologische-empfehlungen\/liste-der-einwegartikel\/","name":"LISTE DER EINWEGARTIKEL.... - WOHLBEFINDEN","isPartOf":{"@id":"https:\/\/bien-etreiris.ch\/de\/#website"},"primaryImageOfPage":{"@id":"https:\/\/bien-etreiris.ch\/de\/ratgeber-klarheit-beratung\/oekologische-empfehlungen\/liste-der-einwegartikel\/#primaryimage"},"image":{"@id":"https:\/\/bien-etreiris.ch\/de\/ratgeber-klarheit-beratung\/oekologische-empfehlungen\/liste-der-einwegartikel\/#primaryimage"},"thumbnailUrl":"https:\/\/bien-etreiris.ch\/wp-content\/uploads\/2021\/06\/acceuil-objets-quotidien-remplacables-.jpg","datePublished":"2021-05-24T05:06:03+00:00","dateModified":"2021-07-18T09:26:45+00:00","breadcrumb":{"@id":"https:\/\/bien-etreiris.ch\/de\/ratgeber-klarheit-beratung\/oekologische-empfehlungen\/liste-der-einwegartikel\/#breadcrumb"},"inLanguage":"de","potentialAction":[{"@type":"ReadAction","target":["https:\/\/bien-etreiris.ch\/de\/ratgeber-klarheit-beratung\/oekologische-empfehlungen\/liste-der-einwegartikel\/"]}]},{"@type":"ImageObject","inLanguage":"de","@id":"https:\/\/bien-etreiris.ch\/de\/ratgeber-klarheit-beratung\/oekologische-empfehlungen\/liste-der-einwegartikel\/#primaryimage","url":"https:\/\/bien-etreiris.ch\/wp-content\/uploads\/2021\/06\/acceuil-objets-quotidien-remplacables-.jpg","contentUrl":"https:\/\/bien-etreiris.ch\/wp-content\/uploads\/2021\/06\/acceuil-objets-quotidien-remplacables-.jpg","width":500,"height":333},{"@type":"BreadcrumbList","@id":"https:\/\/bien-etreiris.ch\/de\/ratgeber-klarheit-beratung\/oekologische-empfehlungen\/liste-der-einwegartikel\/#breadcrumb","itemListElement":[{"@type":"ListItem","position":1,"name":"Home","item":"https:\/\/bien-etreiris.ch\/de\/"},{"@type":"ListItem","position":2,"name":"RATGEBER &#038; KLARHEIT","item":"https:\/\/bien-etreiris.ch\/de\/ratgeber-klarheit-beratung\/"},{"@type":"ListItem","position":3,"name":"\u00d6KO &#8211; EMPFEHLUNGEN","item":"https:\/\/bien-etreiris.ch\/de\/ratgeber-klarheit-beratung\/oekologische-empfehlungen\/"},{"@type":"ListItem","position":4,"name":"LISTE DER EINWEGARTIKEL&#8230;."}]},{"@type":"WebSite","@id":"https:\/\/bien-etreiris.ch\/de\/#website","url":"https:\/\/bien-etreiris.ch\/de\/","name":"Bien-\u00eatre Iris","description":"IHRE Gesundheit ist uns wichtig","potentialAction":[{"@type":"SearchAction","target":{"@type":"EntryPoint","urlTemplate":"https:\/\/bien-etreiris.ch\/de\/?s={search_term_string}"},"query-input":{"@type":"PropertyValueSpecification","valueRequired":true,"valueName":"search_term_string"}}],"inLanguage":"de"}]}},"_links":{"self":[{"href":"https:\/\/bien-etreiris.ch\/de\/wp-json\/wp\/v2\/pages\/46540","targetHints":{"allow":["GET"]}}],"collection":[{"href":"https:\/\/bien-etreiris.ch\/de\/wp-json\/wp\/v2\/pages"}],"about":[{"href":"https:\/\/bien-etreiris.ch\/de\/wp-json\/wp\/v2\/types\/page"}],"author":[{"embeddable":true,"href":"https:\/\/bien-etreiris.ch\/de\/wp-json\/wp\/v2\/users\/1"}],"replies":[{"embeddable":true,"href":"https:\/\/bien-etreiris.ch\/de\/wp-json\/wp\/v2\/comments?post=46540"}],"version-history":[{"count":14,"href":"https:\/\/bien-etreiris.ch\/de\/wp-json\/wp\/v2\/pages\/46540\/revisions"}],"predecessor-version":[{"id":52475,"href":"https:\/\/bien-etreiris.ch\/de\/wp-json\/wp\/v2\/pages\/46540\/revisions\/52475"}],"up":[{"embeddable":true,"href":"https:\/\/bien-etreiris.ch\/de\/wp-json\/wp\/v2\/pages\/50859"}],"wp:featuredmedia":[{"embeddable":true,"href":"https:\/\/bien-etreiris.ch\/de\/wp-json\/wp\/v2\/media\/50866"}],"wp:attachment":[{"href":"https:\/\/bien-etreiris.ch\/de\/wp-json\/wp\/v2\/media?parent=46540"}],"curies":[{"name":"wp","href":"https:\/\/api.w.org\/{rel}","templated":true}]}}