{"id":46451,"date":"2021-05-23T19:29:23","date_gmt":"2021-05-23T17:29:23","guid":{"rendered":"https:\/\/bien-etreiris.ch\/unsere-marken\/marschland\/"},"modified":"2021-08-20T13:34:22","modified_gmt":"2021-08-20T11:34:22","slug":"marschland","status":"publish","type":"page","link":"https:\/\/bien-etreiris.ch\/de\/unsere-marken\/marschland\/","title":{"rendered":"MARSCHLAND"},"content":{"rendered":"\n<h2>Marschland<\/h2>\n<p>Im nieders\u00e4chsischen Seevetal, direkt neben Hamburg, sind wir mit 65 engagierten Mitarbeitern f\u00fcr unsere Kunden aus dem Bio-Einzelhandel, den Marktbeschickern und Lieferdiensten sowie der Grossverpflegung\/Gastronomie da. Wir sind auch stark in der Belieferung von Bio-Superm\u00e4rkten.<\/p>\n<p>Unser Sortiment halten wir auf 5000 m\u00b2 f\u00fcr Sie bereit, unser moderner Fuhrpark liefert im Rahmen unserer Tourenlogistik auch nachts zuverl\u00e4ssig aus.<\/p>\n<p>Wir setzen Massst\u00e4be mit unserem Obst- und Gem\u00fcsesortiment und sind mit unserem Demeter-Sortiment Marktf\u00fchrer in Norddeutschland. Wir haben hohe Anspr\u00fcche an unsere Produkte und unser Handeln. Wir denken bei der Regionalit\u00e4t immer aus der Sicht des Kunden. Deshalb bieten wir den von uns belieferten Outlets ein unverwechselbares und individuelles Sortimentsprofil sowie Marketinginstrumente, die ihnen helfen, sich langfristig am Markt zu etablieren und zu behaupten.<\/p>\n<p>&nbsp;<\/p>\n<p>&nbsp;<\/p>\n<h2><a href=\"https:\/\/bien-etreiris.ch\/de\/produktpraesentation\/gesundes-leben\/gesunde-nahrungsmittel\/eingemachtes\/pilze\/\" target=\"_blank\" rel=\"noopener\">CHAMPIGNONSK\u00d6PFE<\/a><\/h2>\n<p>&nbsp;<\/p>\n<h2><a href=\"https:\/\/bien-etreiris.ch\/de\/produktpraesentation\/gesundes-leben\/gesunde-nahrungsmittel\/eingemachtes\/mais-demeter\/\" target=\"_blank\" rel=\"noopener\">MAIS<\/a><\/h2>\n<p>&nbsp;<\/p>\n","protected":false},"excerpt":{"rendered":"<p>Marschland Im nieders\u00e4chsischen Seevetal, direkt neben Hamburg, sind wir mit 65 engagierten Mitarbeitern f\u00fcr unsere Kunden aus dem Bio-Einzelhandel, den Marktbeschickern und Lieferdiensten sowie der Grossverpflegung\/Gastronomie da. Wir sind auch stark in der Belieferung von Bio-Superm\u00e4rkten. Unser Sortiment halten wir auf 5000 m\u00b2 f\u00fcr Sie bereit, unser moderner Fuhrpark liefert im Rahmen unserer Tourenlogistik auch nachts zuverl\u00e4ssig aus. Wir setzen&nbsp;<a href=\"https:\/\/bien-etreiris.ch\/de\/unsere-marken\/marschland\/\" class=\"read-more\">Weiter lesen<\/a><\/p>\n","protected":false},"author":1,"featured_media":46448,"parent":44406,"menu_order":5536,"comment_status":"closed","ping_status":"closed","template":"page-with-child.php","meta":{"_acf_changed":false,"ngg_post_thumbnail":0,"footnotes":""},"class_list":["post-46451","page","type-page","status-publish","has-post-thumbnail","hentry"],"acf":[],"yoast_head":"<!-- This site is optimized with the Yoast SEO plugin v27.5 - https:\/\/yoast.com\/product\/yoast-seo-wordpress\/ -->\n<title>MARSCHLAND - WOHLBEFINDEN<\/title>\n<meta name=\"robots\" content=\"index, follow, max-snippet:-1, max-image-preview:large, max-video-preview:-1\" \/>\n<link rel=\"canonical\" href=\"https:\/\/bien-etreiris.ch\/de\/unsere-marken\/marschland\/\" \/>\n<meta property=\"og:locale\" content=\"de_DE\" \/>\n<meta property=\"og:type\" content=\"article\" \/>\n<meta property=\"og:title\" content=\"MARSCHLAND - WOHLBEFINDEN\" \/>\n<meta property=\"og:description\" content=\"Marschland Im nieders\u00e4chsischen Seevetal, direkt neben Hamburg, sind wir mit 65 engagierten Mitarbeitern f\u00fcr unsere Kunden aus dem Bio-Einzelhandel, den Marktbeschickern und Lieferdiensten sowie der Grossverpflegung\/Gastronomie da. Wir sind auch stark in der Belieferung von Bio-Superm\u00e4rkten. Unser Sortiment halten wir auf 5000 m\u00b2 f\u00fcr Sie bereit, unser moderner Fuhrpark liefert im Rahmen unserer Tourenlogistik auch nachts zuverl\u00e4ssig aus. Wir setzen&nbsp;Weiter lesen\" \/>\n<meta property=\"og:url\" content=\"https:\/\/bien-etreiris.ch\/de\/unsere-marken\/marschland\/\" \/>\n<meta property=\"og:site_name\" content=\"WOHLBEFINDEN\" \/>\n<meta property=\"article:publisher\" content=\"https:\/\/www.facebook.com\/bienetreiris\/\" \/>\n<meta property=\"article:modified_time\" content=\"2021-08-20T11:34:22+00:00\" \/>\n<meta property=\"og:image\" content=\"https:\/\/bien-etreiris.ch\/wp-content\/uploads\/2021\/05\/Marchland.png\" \/>\n\t<meta property=\"og:image:width\" content=\"500\" \/>\n\t<meta property=\"og:image:height\" content=\"371\" \/>\n\t<meta property=\"og:image:type\" content=\"image\/png\" \/>\n<meta name=\"twitter:label1\" content=\"Gesch\u00e4tzte Lesezeit\" \/>\n\t<meta name=\"twitter:data1\" content=\"1\u00a0Minute\" \/>\n<script type=\"application\/ld+json\" class=\"yoast-schema-graph\">{\"@context\":\"https:\\\/\\\/schema.org\",\"@graph\":[{\"@type\":\"WebPage\",\"@id\":\"https:\\\/\\\/bien-etreiris.ch\\\/de\\\/unsere-marken\\\/marschland\\\/\",\"url\":\"https:\\\/\\\/bien-etreiris.ch\\\/de\\\/unsere-marken\\\/marschland\\\/\",\"name\":\"MARSCHLAND - WOHLBEFINDEN\",\"isPartOf\":{\"@id\":\"https:\\\/\\\/bien-etreiris.ch\\\/de\\\/#website\"},\"primaryImageOfPage\":{\"@id\":\"https:\\\/\\\/bien-etreiris.ch\\\/de\\\/unsere-marken\\\/marschland\\\/#primaryimage\"},\"image\":{\"@id\":\"https:\\\/\\\/bien-etreiris.ch\\\/de\\\/unsere-marken\\\/marschland\\\/#primaryimage\"},\"thumbnailUrl\":\"https:\\\/\\\/bien-etreiris.ch\\\/wp-content\\\/uploads\\\/2021\\\/05\\\/Marchland.png\",\"datePublished\":\"2021-05-23T17:29:23+00:00\",\"dateModified\":\"2021-08-20T11:34:22+00:00\",\"breadcrumb\":{\"@id\":\"https:\\\/\\\/bien-etreiris.ch\\\/de\\\/unsere-marken\\\/marschland\\\/#breadcrumb\"},\"inLanguage\":\"de\",\"potentialAction\":[{\"@type\":\"ReadAction\",\"target\":[\"https:\\\/\\\/bien-etreiris.ch\\\/de\\\/unsere-marken\\\/marschland\\\/\"]}]},{\"@type\":\"ImageObject\",\"inLanguage\":\"de\",\"@id\":\"https:\\\/\\\/bien-etreiris.ch\\\/de\\\/unsere-marken\\\/marschland\\\/#primaryimage\",\"url\":\"https:\\\/\\\/bien-etreiris.ch\\\/wp-content\\\/uploads\\\/2021\\\/05\\\/Marchland.png\",\"contentUrl\":\"https:\\\/\\\/bien-etreiris.ch\\\/wp-content\\\/uploads\\\/2021\\\/05\\\/Marchland.png\",\"width\":500,\"height\":371},{\"@type\":\"BreadcrumbList\",\"@id\":\"https:\\\/\\\/bien-etreiris.ch\\\/de\\\/unsere-marken\\\/marschland\\\/#breadcrumb\",\"itemListElement\":[{\"@type\":\"ListItem\",\"position\":1,\"name\":\"Home\",\"item\":\"https:\\\/\\\/bien-etreiris.ch\\\/de\\\/\"},{\"@type\":\"ListItem\",\"position\":2,\"name\":\"UNSERE MARKEN\",\"item\":\"https:\\\/\\\/bien-etreiris.ch\\\/de\\\/unsere-marken\\\/\"},{\"@type\":\"ListItem\",\"position\":3,\"name\":\"MARSCHLAND\"}]},{\"@type\":\"WebSite\",\"@id\":\"https:\\\/\\\/bien-etreiris.ch\\\/de\\\/#website\",\"url\":\"https:\\\/\\\/bien-etreiris.ch\\\/de\\\/\",\"name\":\"Bien-\u00eatre Iris\",\"description\":\"IHRE Gesundheit ist uns wichtig\",\"potentialAction\":[{\"@type\":\"SearchAction\",\"target\":{\"@type\":\"EntryPoint\",\"urlTemplate\":\"https:\\\/\\\/bien-etreiris.ch\\\/de\\\/?s={search_term_string}\"},\"query-input\":{\"@type\":\"PropertyValueSpecification\",\"valueRequired\":true,\"valueName\":\"search_term_string\"}}],\"inLanguage\":\"de\"}]}<\/script>\n<!-- \/ Yoast SEO plugin. -->","yoast_head_json":{"title":"MARSCHLAND - WOHLBEFINDEN","robots":{"index":"index","follow":"follow","max-snippet":"max-snippet:-1","max-image-preview":"max-image-preview:large","max-video-preview":"max-video-preview:-1"},"canonical":"https:\/\/bien-etreiris.ch\/de\/unsere-marken\/marschland\/","og_locale":"de_DE","og_type":"article","og_title":"MARSCHLAND - WOHLBEFINDEN","og_description":"Marschland Im nieders\u00e4chsischen Seevetal, direkt neben Hamburg, sind wir mit 65 engagierten Mitarbeitern f\u00fcr unsere Kunden aus dem Bio-Einzelhandel, den Marktbeschickern und Lieferdiensten sowie der Grossverpflegung\/Gastronomie da. Wir sind auch stark in der Belieferung von Bio-Superm\u00e4rkten. Unser Sortiment halten wir auf 5000 m\u00b2 f\u00fcr Sie bereit, unser moderner Fuhrpark liefert im Rahmen unserer Tourenlogistik auch nachts zuverl\u00e4ssig aus. Wir setzen&nbsp;Weiter lesen","og_url":"https:\/\/bien-etreiris.ch\/de\/unsere-marken\/marschland\/","og_site_name":"WOHLBEFINDEN","article_publisher":"https:\/\/www.facebook.com\/bienetreiris\/","article_modified_time":"2021-08-20T11:34:22+00:00","og_image":[{"width":500,"height":371,"url":"https:\/\/bien-etreiris.ch\/wp-content\/uploads\/2021\/05\/Marchland.png","type":"image\/png"}],"twitter_misc":{"Gesch\u00e4tzte Lesezeit":"1\u00a0Minute"},"schema":{"@context":"https:\/\/schema.org","@graph":[{"@type":"WebPage","@id":"https:\/\/bien-etreiris.ch\/de\/unsere-marken\/marschland\/","url":"https:\/\/bien-etreiris.ch\/de\/unsere-marken\/marschland\/","name":"MARSCHLAND - WOHLBEFINDEN","isPartOf":{"@id":"https:\/\/bien-etreiris.ch\/de\/#website"},"primaryImageOfPage":{"@id":"https:\/\/bien-etreiris.ch\/de\/unsere-marken\/marschland\/#primaryimage"},"image":{"@id":"https:\/\/bien-etreiris.ch\/de\/unsere-marken\/marschland\/#primaryimage"},"thumbnailUrl":"https:\/\/bien-etreiris.ch\/wp-content\/uploads\/2021\/05\/Marchland.png","datePublished":"2021-05-23T17:29:23+00:00","dateModified":"2021-08-20T11:34:22+00:00","breadcrumb":{"@id":"https:\/\/bien-etreiris.ch\/de\/unsere-marken\/marschland\/#breadcrumb"},"inLanguage":"de","potentialAction":[{"@type":"ReadAction","target":["https:\/\/bien-etreiris.ch\/de\/unsere-marken\/marschland\/"]}]},{"@type":"ImageObject","inLanguage":"de","@id":"https:\/\/bien-etreiris.ch\/de\/unsere-marken\/marschland\/#primaryimage","url":"https:\/\/bien-etreiris.ch\/wp-content\/uploads\/2021\/05\/Marchland.png","contentUrl":"https:\/\/bien-etreiris.ch\/wp-content\/uploads\/2021\/05\/Marchland.png","width":500,"height":371},{"@type":"BreadcrumbList","@id":"https:\/\/bien-etreiris.ch\/de\/unsere-marken\/marschland\/#breadcrumb","itemListElement":[{"@type":"ListItem","position":1,"name":"Home","item":"https:\/\/bien-etreiris.ch\/de\/"},{"@type":"ListItem","position":2,"name":"UNSERE MARKEN","item":"https:\/\/bien-etreiris.ch\/de\/unsere-marken\/"},{"@type":"ListItem","position":3,"name":"MARSCHLAND"}]},{"@type":"WebSite","@id":"https:\/\/bien-etreiris.ch\/de\/#website","url":"https:\/\/bien-etreiris.ch\/de\/","name":"Bien-\u00eatre Iris","description":"IHRE Gesundheit ist uns wichtig","potentialAction":[{"@type":"SearchAction","target":{"@type":"EntryPoint","urlTemplate":"https:\/\/bien-etreiris.ch\/de\/?s={search_term_string}"},"query-input":{"@type":"PropertyValueSpecification","valueRequired":true,"valueName":"search_term_string"}}],"inLanguage":"de"}]}},"_links":{"self":[{"href":"https:\/\/bien-etreiris.ch\/de\/wp-json\/wp\/v2\/pages\/46451","targetHints":{"allow":["GET"]}}],"collection":[{"href":"https:\/\/bien-etreiris.ch\/de\/wp-json\/wp\/v2\/pages"}],"about":[{"href":"https:\/\/bien-etreiris.ch\/de\/wp-json\/wp\/v2\/types\/page"}],"author":[{"embeddable":true,"href":"https:\/\/bien-etreiris.ch\/de\/wp-json\/wp\/v2\/users\/1"}],"replies":[{"embeddable":true,"href":"https:\/\/bien-etreiris.ch\/de\/wp-json\/wp\/v2\/comments?post=46451"}],"version-history":[{"count":5,"href":"https:\/\/bien-etreiris.ch\/de\/wp-json\/wp\/v2\/pages\/46451\/revisions"}],"predecessor-version":[{"id":53625,"href":"https:\/\/bien-etreiris.ch\/de\/wp-json\/wp\/v2\/pages\/46451\/revisions\/53625"}],"up":[{"embeddable":true,"href":"https:\/\/bien-etreiris.ch\/de\/wp-json\/wp\/v2\/pages\/44406"}],"wp:featuredmedia":[{"embeddable":true,"href":"https:\/\/bien-etreiris.ch\/de\/wp-json\/wp\/v2\/media\/46448"}],"wp:attachment":[{"href":"https:\/\/bien-etreiris.ch\/de\/wp-json\/wp\/v2\/media?parent=46451"}],"curies":[{"name":"wp","href":"https:\/\/api.w.org\/{rel}","templated":true}]}}