{"id":46441,"date":"2021-05-23T19:12:32","date_gmt":"2021-05-23T17:12:32","guid":{"rendered":"https:\/\/bien-etreiris.ch\/?page_id=46441"},"modified":"2021-06-08T10:25:44","modified_gmt":"2021-06-08T08:25:44","slug":"lebensbaum","status":"publish","type":"page","link":"https:\/\/bien-etreiris.ch\/de\/unsere-marken\/lebensbaum\/","title":{"rendered":"LEBENSBAUM"},"content":{"rendered":"\n<section class=\"section--with-plants\">\n<div class=\"row row--padding\">\n<article class=\"article__content columns\">\n<h2>BIO SEIT 1979<\/h2>\n<p>Die Tees, Kaffees und Gew\u00fcrze von Lebensbaum stammen zu 100 % aus biologischem Anbau.<\/p>\n<p>Wir sind davon \u00fcberzeugt, dass diese anspruchsvolle Form der Landwirtschaft die Voraussetzung f\u00fcr qualitativ hochwertige Lebensmittelprodukte ist. Aber das ist noch nicht alles: Jedes Produkt, das wir verkaufen, erh\u00f6ht die Anzahl der \u00f6kologisch bewirtschafteten Felder. Damit geben wir einen Impuls f\u00fcr eine Form der Landwirtschaft, die in der Lage ist, unsere Natur zu erhalten und gleichzeitig Lebensmittel von h\u00f6chster Qualit\u00e4t zu produzieren.<\/p>\n<p>Wir kaufen an der Quelle, denn Qualit\u00e4t hat bei uns Tradition und wir wollen von Anfang an bei unseren Produkten dabei sein. Wir sehen unsere Beziehungen zu Lieferanten als langfristige Partnerschaften. Vom Feld \u00fcber die Verarbeitung in unserer Fabrik bis hin zum Verkaufsfertigen Produkt gestalten wir gemeinsam die gesamte Wertsch\u00f6pfungskette. Diese Art und Weise, Gesch\u00e4fte zu machen, schafft langfristig Werte und bietet Vorteile f\u00fcr alle beteiligten Parteien. In aller Bescheidenheit: Wir wollen die Ern\u00e4hrungswirtschaft der Zukunft qualifizieren.<\/p>\n<p>&nbsp;<\/p>\n<div class=\"font-regular undefined\">\n<h2><a href=\"https:\/\/bien-etreiris.ch\/de\/produktpraesentation\/gesundes-leben\/gesunde-nahrungsmittel\/zutaten-wohlbefinden\/gewuerze\/trockene-zwiebeln-rot-und-weiss\/\" target=\"_blank\" rel=\"noopener\">GETROCKNERE ROTE UND WEISSE ZWIEBELN<\/a><\/h2>\n<\/div>\n<\/article>\n<\/div>\n<\/section>\n<p>&nbsp;<\/p>\n","protected":false},"excerpt":{"rendered":"<p>BIO SEIT 1979 Die Tees, Kaffees und Gew\u00fcrze von Lebensbaum stammen zu 100 % aus biologischem Anbau. Wir sind davon \u00fcberzeugt, dass diese anspruchsvolle Form der Landwirtschaft die Voraussetzung f\u00fcr qualitativ hochwertige Lebensmittelprodukte ist. Aber das ist noch nicht alles: Jedes Produkt, das wir verkaufen, erh\u00f6ht die Anzahl der \u00f6kologisch bewirtschafteten Felder. Damit geben wir einen Impuls f\u00fcr eine Form&nbsp;<a href=\"https:\/\/bien-etreiris.ch\/de\/unsere-marken\/lebensbaum\/\" class=\"read-more\">Weiter lesen<\/a><\/p>\n","protected":false},"author":1,"featured_media":46438,"parent":44406,"menu_order":5533,"comment_status":"closed","ping_status":"closed","template":"page-with-child.php","meta":{"_acf_changed":false,"ngg_post_thumbnail":0,"footnotes":""},"class_list":["post-46441","page","type-page","status-publish","has-post-thumbnail","hentry"],"acf":[],"yoast_head":"<!-- This site is optimized with the Yoast SEO plugin v27.4 - https:\/\/yoast.com\/product\/yoast-seo-wordpress\/ -->\n<title>LEBENSBAUM - WOHLBEFINDEN<\/title>\n<meta name=\"robots\" content=\"index, follow, max-snippet:-1, max-image-preview:large, max-video-preview:-1\" \/>\n<link rel=\"canonical\" href=\"https:\/\/bien-etreiris.ch\/de\/unsere-marken\/lebensbaum\/\" \/>\n<meta property=\"og:locale\" content=\"de_DE\" \/>\n<meta property=\"og:type\" content=\"article\" \/>\n<meta property=\"og:title\" content=\"LEBENSBAUM - WOHLBEFINDEN\" \/>\n<meta property=\"og:description\" content=\"BIO SEIT 1979 Die Tees, Kaffees und Gew\u00fcrze von Lebensbaum stammen zu 100 % aus biologischem Anbau. Wir sind davon \u00fcberzeugt, dass diese anspruchsvolle Form der Landwirtschaft die Voraussetzung f\u00fcr qualitativ hochwertige Lebensmittelprodukte ist. Aber das ist noch nicht alles: Jedes Produkt, das wir verkaufen, erh\u00f6ht die Anzahl der \u00f6kologisch bewirtschafteten Felder. Damit geben wir einen Impuls f\u00fcr eine Form&nbsp;Weiter lesen\" \/>\n<meta property=\"og:url\" content=\"https:\/\/bien-etreiris.ch\/de\/unsere-marken\/lebensbaum\/\" \/>\n<meta property=\"og:site_name\" content=\"WOHLBEFINDEN\" \/>\n<meta property=\"article:publisher\" content=\"https:\/\/www.facebook.com\/bienetreiris\/\" \/>\n<meta property=\"article:modified_time\" content=\"2021-06-08T08:25:44+00:00\" \/>\n<meta property=\"og:image\" content=\"https:\/\/bien-etreiris.ch\/wp-content\/uploads\/2021\/05\/Lebensbaum.jpg\" \/>\n\t<meta property=\"og:image:width\" content=\"500\" \/>\n\t<meta property=\"og:image:height\" content=\"360\" \/>\n\t<meta property=\"og:image:type\" content=\"image\/jpeg\" \/>\n<meta name=\"twitter:label1\" content=\"Gesch\u00e4tzte Lesezeit\" \/>\n\t<meta name=\"twitter:data1\" content=\"1\u00a0Minute\" \/>\n<script type=\"application\/ld+json\" class=\"yoast-schema-graph\">{\"@context\":\"https:\\\/\\\/schema.org\",\"@graph\":[{\"@type\":\"WebPage\",\"@id\":\"https:\\\/\\\/bien-etreiris.ch\\\/de\\\/unsere-marken\\\/lebensbaum\\\/\",\"url\":\"https:\\\/\\\/bien-etreiris.ch\\\/de\\\/unsere-marken\\\/lebensbaum\\\/\",\"name\":\"LEBENSBAUM - WOHLBEFINDEN\",\"isPartOf\":{\"@id\":\"https:\\\/\\\/bien-etreiris.ch\\\/de\\\/#website\"},\"primaryImageOfPage\":{\"@id\":\"https:\\\/\\\/bien-etreiris.ch\\\/de\\\/unsere-marken\\\/lebensbaum\\\/#primaryimage\"},\"image\":{\"@id\":\"https:\\\/\\\/bien-etreiris.ch\\\/de\\\/unsere-marken\\\/lebensbaum\\\/#primaryimage\"},\"thumbnailUrl\":\"https:\\\/\\\/bien-etreiris.ch\\\/wp-content\\\/uploads\\\/2021\\\/05\\\/Lebensbaum.jpg\",\"datePublished\":\"2021-05-23T17:12:32+00:00\",\"dateModified\":\"2021-06-08T08:25:44+00:00\",\"breadcrumb\":{\"@id\":\"https:\\\/\\\/bien-etreiris.ch\\\/de\\\/unsere-marken\\\/lebensbaum\\\/#breadcrumb\"},\"inLanguage\":\"de\",\"potentialAction\":[{\"@type\":\"ReadAction\",\"target\":[\"https:\\\/\\\/bien-etreiris.ch\\\/de\\\/unsere-marken\\\/lebensbaum\\\/\"]}]},{\"@type\":\"ImageObject\",\"inLanguage\":\"de\",\"@id\":\"https:\\\/\\\/bien-etreiris.ch\\\/de\\\/unsere-marken\\\/lebensbaum\\\/#primaryimage\",\"url\":\"https:\\\/\\\/bien-etreiris.ch\\\/wp-content\\\/uploads\\\/2021\\\/05\\\/Lebensbaum.jpg\",\"contentUrl\":\"https:\\\/\\\/bien-etreiris.ch\\\/wp-content\\\/uploads\\\/2021\\\/05\\\/Lebensbaum.jpg\",\"width\":500,\"height\":360},{\"@type\":\"BreadcrumbList\",\"@id\":\"https:\\\/\\\/bien-etreiris.ch\\\/de\\\/unsere-marken\\\/lebensbaum\\\/#breadcrumb\",\"itemListElement\":[{\"@type\":\"ListItem\",\"position\":1,\"name\":\"Home\",\"item\":\"https:\\\/\\\/bien-etreiris.ch\\\/de\\\/\"},{\"@type\":\"ListItem\",\"position\":2,\"name\":\"UNSERE MARKEN\",\"item\":\"https:\\\/\\\/bien-etreiris.ch\\\/de\\\/unsere-marken\\\/\"},{\"@type\":\"ListItem\",\"position\":3,\"name\":\"LEBENSBAUM\"}]},{\"@type\":\"WebSite\",\"@id\":\"https:\\\/\\\/bien-etreiris.ch\\\/de\\\/#website\",\"url\":\"https:\\\/\\\/bien-etreiris.ch\\\/de\\\/\",\"name\":\"Bien-\u00eatre Iris\",\"description\":\"IHRE Gesundheit ist uns wichtig\",\"potentialAction\":[{\"@type\":\"SearchAction\",\"target\":{\"@type\":\"EntryPoint\",\"urlTemplate\":\"https:\\\/\\\/bien-etreiris.ch\\\/de\\\/?s={search_term_string}\"},\"query-input\":{\"@type\":\"PropertyValueSpecification\",\"valueRequired\":true,\"valueName\":\"search_term_string\"}}],\"inLanguage\":\"de\"}]}<\/script>\n<!-- \/ Yoast SEO plugin. -->","yoast_head_json":{"title":"LEBENSBAUM - WOHLBEFINDEN","robots":{"index":"index","follow":"follow","max-snippet":"max-snippet:-1","max-image-preview":"max-image-preview:large","max-video-preview":"max-video-preview:-1"},"canonical":"https:\/\/bien-etreiris.ch\/de\/unsere-marken\/lebensbaum\/","og_locale":"de_DE","og_type":"article","og_title":"LEBENSBAUM - WOHLBEFINDEN","og_description":"BIO SEIT 1979 Die Tees, Kaffees und Gew\u00fcrze von Lebensbaum stammen zu 100 % aus biologischem Anbau. Wir sind davon \u00fcberzeugt, dass diese anspruchsvolle Form der Landwirtschaft die Voraussetzung f\u00fcr qualitativ hochwertige Lebensmittelprodukte ist. Aber das ist noch nicht alles: Jedes Produkt, das wir verkaufen, erh\u00f6ht die Anzahl der \u00f6kologisch bewirtschafteten Felder. Damit geben wir einen Impuls f\u00fcr eine Form&nbsp;Weiter lesen","og_url":"https:\/\/bien-etreiris.ch\/de\/unsere-marken\/lebensbaum\/","og_site_name":"WOHLBEFINDEN","article_publisher":"https:\/\/www.facebook.com\/bienetreiris\/","article_modified_time":"2021-06-08T08:25:44+00:00","og_image":[{"width":500,"height":360,"url":"https:\/\/bien-etreiris.ch\/wp-content\/uploads\/2021\/05\/Lebensbaum.jpg","type":"image\/jpeg"}],"twitter_misc":{"Gesch\u00e4tzte Lesezeit":"1\u00a0Minute"},"schema":{"@context":"https:\/\/schema.org","@graph":[{"@type":"WebPage","@id":"https:\/\/bien-etreiris.ch\/de\/unsere-marken\/lebensbaum\/","url":"https:\/\/bien-etreiris.ch\/de\/unsere-marken\/lebensbaum\/","name":"LEBENSBAUM - WOHLBEFINDEN","isPartOf":{"@id":"https:\/\/bien-etreiris.ch\/de\/#website"},"primaryImageOfPage":{"@id":"https:\/\/bien-etreiris.ch\/de\/unsere-marken\/lebensbaum\/#primaryimage"},"image":{"@id":"https:\/\/bien-etreiris.ch\/de\/unsere-marken\/lebensbaum\/#primaryimage"},"thumbnailUrl":"https:\/\/bien-etreiris.ch\/wp-content\/uploads\/2021\/05\/Lebensbaum.jpg","datePublished":"2021-05-23T17:12:32+00:00","dateModified":"2021-06-08T08:25:44+00:00","breadcrumb":{"@id":"https:\/\/bien-etreiris.ch\/de\/unsere-marken\/lebensbaum\/#breadcrumb"},"inLanguage":"de","potentialAction":[{"@type":"ReadAction","target":["https:\/\/bien-etreiris.ch\/de\/unsere-marken\/lebensbaum\/"]}]},{"@type":"ImageObject","inLanguage":"de","@id":"https:\/\/bien-etreiris.ch\/de\/unsere-marken\/lebensbaum\/#primaryimage","url":"https:\/\/bien-etreiris.ch\/wp-content\/uploads\/2021\/05\/Lebensbaum.jpg","contentUrl":"https:\/\/bien-etreiris.ch\/wp-content\/uploads\/2021\/05\/Lebensbaum.jpg","width":500,"height":360},{"@type":"BreadcrumbList","@id":"https:\/\/bien-etreiris.ch\/de\/unsere-marken\/lebensbaum\/#breadcrumb","itemListElement":[{"@type":"ListItem","position":1,"name":"Home","item":"https:\/\/bien-etreiris.ch\/de\/"},{"@type":"ListItem","position":2,"name":"UNSERE MARKEN","item":"https:\/\/bien-etreiris.ch\/de\/unsere-marken\/"},{"@type":"ListItem","position":3,"name":"LEBENSBAUM"}]},{"@type":"WebSite","@id":"https:\/\/bien-etreiris.ch\/de\/#website","url":"https:\/\/bien-etreiris.ch\/de\/","name":"Bien-\u00eatre Iris","description":"IHRE Gesundheit ist uns wichtig","potentialAction":[{"@type":"SearchAction","target":{"@type":"EntryPoint","urlTemplate":"https:\/\/bien-etreiris.ch\/de\/?s={search_term_string}"},"query-input":{"@type":"PropertyValueSpecification","valueRequired":true,"valueName":"search_term_string"}}],"inLanguage":"de"}]}},"_links":{"self":[{"href":"https:\/\/bien-etreiris.ch\/de\/wp-json\/wp\/v2\/pages\/46441","targetHints":{"allow":["GET"]}}],"collection":[{"href":"https:\/\/bien-etreiris.ch\/de\/wp-json\/wp\/v2\/pages"}],"about":[{"href":"https:\/\/bien-etreiris.ch\/de\/wp-json\/wp\/v2\/types\/page"}],"author":[{"embeddable":true,"href":"https:\/\/bien-etreiris.ch\/de\/wp-json\/wp\/v2\/users\/1"}],"replies":[{"embeddable":true,"href":"https:\/\/bien-etreiris.ch\/de\/wp-json\/wp\/v2\/comments?post=46441"}],"version-history":[{"count":6,"href":"https:\/\/bien-etreiris.ch\/de\/wp-json\/wp\/v2\/pages\/46441\/revisions"}],"predecessor-version":[{"id":50035,"href":"https:\/\/bien-etreiris.ch\/de\/wp-json\/wp\/v2\/pages\/46441\/revisions\/50035"}],"up":[{"embeddable":true,"href":"https:\/\/bien-etreiris.ch\/de\/wp-json\/wp\/v2\/pages\/44406"}],"wp:featuredmedia":[{"embeddable":true,"href":"https:\/\/bien-etreiris.ch\/de\/wp-json\/wp\/v2\/media\/46438"}],"wp:attachment":[{"href":"https:\/\/bien-etreiris.ch\/de\/wp-json\/wp\/v2\/media?parent=46441"}],"curies":[{"name":"wp","href":"https:\/\/api.w.org\/{rel}","templated":true}]}}