{"id":46400,"date":"2021-05-23T17:20:01","date_gmt":"2021-05-23T15:20:01","guid":{"rendered":"https:\/\/bien-etreiris.ch\/?page_id=46400"},"modified":"2021-06-03T10:46:49","modified_gmt":"2021-06-03T08:46:49","slug":"ur-steinsalz","status":"publish","type":"page","link":"https:\/\/bien-etreiris.ch\/de\/produktpraesentation\/gesundes-leben\/gesunde-lebensmittel\/zutaten-wohlbefinden\/gewuerze\/salze\/ur-steinsalz\/","title":{"rendered":"UR-STEINSALZ"},"content":{"rendered":"\n<div class=\"wpb_text_column wpb_content_element \">\n<div class=\"wpb_wrapper\">\n<h2>Notre Sel gemme authentique pur<\/h2>\n<\/div>\n<\/div>\n<p><a href=\"https:\/\/bien-etreiris.ch\/wp-content\/uploads\/2021\/05\/Ur-Steinsalz.jpg\"><img loading=\"lazy\" decoding=\"async\" class=\"alignleft wp-image-46401\" src=\"https:\/\/bien-etreiris.ch\/wp-content\/uploads\/2021\/05\/Ur-Steinsalz.jpg\" alt=\"\" width=\"400\" height=\"535\" srcset=\"https:\/\/bien-etreiris.ch\/wp-content\/uploads\/2021\/05\/Ur-Steinsalz.jpg 718w, https:\/\/bien-etreiris.ch\/wp-content\/uploads\/2021\/05\/Ur-Steinsalz-224x300.jpg 224w\" sizes=\"auto, (max-width: 400px) 100vw, 400px\" \/><\/a><\/p>\n<p>&nbsp;<\/p>\n<p>&nbsp;<\/p>\n<p>&nbsp;<\/p>\n<p>&nbsp;<\/p>\n<p>&nbsp;<\/p>\n<p>&nbsp;<\/p>\n<p>&nbsp;<\/p>\n<p>&nbsp;<\/p>\n<p>&nbsp;<\/p>\n<p>&nbsp;<\/p>\n<ul>\n<li>sans aide de d\u00e9perdition<\/li>\n<li>sans agents de d\u00e9moulage<\/li>\n<li>sans agents anti-agglom\u00e9rants<\/li>\n<li>sans additifs<\/li>\n<\/ul>\n<p>1 kg <strong>CHF 14.00<\/strong><\/p>\n<p>&nbsp;<\/p>\n<p>&nbsp;<\/p>\n<p>&nbsp;<\/p>\n<p>&nbsp;<\/p>\n<p>Les ingr\u00e9dients secondaires suivants, entre autres, peuvent \u00eatre trouv\u00e9s dans le sel authentique :<\/p>\n<ul style=\"list-style-type: disc;\">\n<li>Antimoine<\/li>\n<li>Bismuth<\/li>\n<li>Bore<\/li>\n<li>Cadmium<\/li>\n<li>Chrome<\/li>\n<li>Calcium<\/li>\n<li>Fer<\/li>\n<li>Germanium<\/li>\n<li>Potassium<\/li>\n<li>Cobalt<\/li>\n<li>Carbone<\/li>\n<li>Cuivre<\/li>\n<li>Mangesium<\/li>\n<li>Mangan\u00e8se<\/li>\n<li>Molybd\u00e8ne<\/li>\n<li>Sodium<\/li>\n<li>Phosphore<\/li>\n<li>Platine<\/li>\n<li>Soufre<\/li>\n<li>S\u00e9l\u00e9nium<\/li>\n<li>Argent<\/li>\n<li>Silicium<\/li>\n<li>Zinc<\/li>\n<\/ul>\n<p>&nbsp;<\/p>\n<p>\"Le sel gemme est une roche \u00e9vaporitique et s\u00e9dimentaire qui s'est form\u00e9e naturellement dans le pass\u00e9 g\u00e9ologique par pr\u00e9cipitation \u00e0 partir d'eau de mer concentr\u00e9e et qui a surv\u00e9cu sous forme de fossiles. En raison des changements du niveau de la mer li\u00e9s aux variations climatiques et tectoniques, les zones marines peu profondes ont \u00e9t\u00e9 s\u00e9par\u00e9es des oc\u00e9ans par des \u00e9l\u00e9vations au large (\"barres\"). La mer de Zechstein s'est form\u00e9e il y a 250 millions d'ann\u00e9es. Lorsque l'afflux d'eau douce des rivi\u00e8res dans ces zones \u00e9tait inf\u00e9rieur \u00e0 l'\u00e9vaporation, les min\u00e9raux dissous dans l'eau de mer se concentraient progressivement. \u00c0 une concentration qui d\u00e9pend du min\u00e9ral, la solution devient satur\u00e9e. Si l'\u00e9vaporation se poursuit, le min\u00e9ral se pr\u00e9cipite et tombe au fond sous forme de solide.\"<\/p>\n<p>&nbsp;<\/p>\n<p>En raison de l'absence d'agents anti-agglom\u00e9rants, un durcissement est possible, mais cela ne signifie pas une perte de qualit\u00e9.<\/p>\n","protected":false},"excerpt":{"rendered":"<p>Notre Sel gemme authentique pur &nbsp; &nbsp; &nbsp; &nbsp; &nbsp; &nbsp; &nbsp; &nbsp; &nbsp; &nbsp; sans aide de d\u00e9perdition sans agents de d\u00e9moulage sans agents anti-agglom\u00e9rants sans additifs 1 kg CHF 14.00 &nbsp; &nbsp; &nbsp; &nbsp; Les ingr\u00e9dients secondaires suivants, entre autres, peuvent \u00eatre trouv\u00e9s dans le sel authentique : Antimoine Bismuth Bore Cadmium Chrome Calcium Fer Germanium Potassium Cobalt&nbsp;<a href=\"https:\/\/bien-etreiris.ch\/de\/produktpraesentation\/gesundes-leben\/gesunde-lebensmittel\/zutaten-wohlbefinden\/gewuerze\/salze\/ur-steinsalz\/\" class=\"read-more\">Weiter lesen<\/a><\/p>\n","protected":false},"author":1,"featured_media":46398,"parent":46344,"menu_order":5545,"comment_status":"closed","ping_status":"closed","template":"page-with-child.php","meta":{"_acf_changed":false,"ngg_post_thumbnail":0,"footnotes":""},"class_list":["post-46400","page","type-page","status-publish","has-post-thumbnail","hentry"],"acf":[],"yoast_head":"<!-- This site is optimized with the Yoast SEO plugin v27.6 - https:\/\/yoast.com\/product\/yoast-seo-wordpress\/ -->\n<title>UR-STEINSALZ - WOHLBEFINDEN<\/title>\n<meta name=\"robots\" content=\"index, follow, max-snippet:-1, max-image-preview:large, max-video-preview:-1\" \/>\n<link rel=\"canonical\" href=\"https:\/\/bien-etreiris.ch\/de\/produktpraesentation\/gesundes-leben\/gesunde-lebensmittel\/zutaten-wohlbefinden\/suppen-saucen-bruehe\/salze\/ur-steinsalz\/\" \/>\n<meta property=\"og:locale\" content=\"de_DE\" \/>\n<meta property=\"og:type\" content=\"article\" \/>\n<meta property=\"og:title\" content=\"UR-STEINSALZ - WOHLBEFINDEN\" \/>\n<meta property=\"og:description\" content=\"Notre Sel gemme authentique pur &nbsp; &nbsp; &nbsp; &nbsp; &nbsp; &nbsp; &nbsp; &nbsp; &nbsp; &nbsp; sans aide de d\u00e9perdition sans agents de d\u00e9moulage sans agents anti-agglom\u00e9rants sans additifs 1 kg CHF 14.00 &nbsp; &nbsp; &nbsp; &nbsp; Les ingr\u00e9dients secondaires suivants, entre autres, peuvent \u00eatre trouv\u00e9s dans le sel authentique : Antimoine Bismuth Bore Cadmium Chrome Calcium Fer Germanium Potassium Cobalt&nbsp;Weiter lesen\" \/>\n<meta property=\"og:url\" content=\"https:\/\/bien-etreiris.ch\/de\/produktpraesentation\/gesundes-leben\/gesunde-lebensmittel\/zutaten-wohlbefinden\/suppen-saucen-bruehe\/salze\/ur-steinsalz\/\" \/>\n<meta property=\"og:site_name\" content=\"WOHLBEFINDEN\" \/>\n<meta property=\"article:publisher\" content=\"https:\/\/www.facebook.com\/bienetreiris\/\" \/>\n<meta property=\"article:modified_time\" content=\"2021-06-03T08:46:49+00:00\" \/>\n<meta property=\"og:image\" content=\"https:\/\/bien-etreiris.ch\/wp-content\/uploads\/2021\/05\/acceuil-sel-1.jpg\" \/>\n\t<meta property=\"og:image:width\" content=\"500\" \/>\n\t<meta property=\"og:image:height\" content=\"306\" \/>\n\t<meta property=\"og:image:type\" content=\"image\/jpeg\" \/>\n<meta name=\"twitter:label1\" content=\"Gesch\u00e4tzte Lesezeit\" \/>\n\t<meta name=\"twitter:data1\" content=\"2\u00a0Minuten\" \/>\n<script type=\"application\/ld+json\" class=\"yoast-schema-graph\">{\"@context\":\"https:\\\/\\\/schema.org\",\"@graph\":[{\"@type\":\"WebPage\",\"@id\":\"https:\\\/\\\/bien-etreiris.ch\\\/de\\\/produktpraesentation\\\/gesundes-leben\\\/gesunde-lebensmittel\\\/zutaten-wohlbefinden\\\/suppen-saucen-bruehe\\\/salze\\\/ur-steinsalz\\\/\",\"url\":\"https:\\\/\\\/bien-etreiris.ch\\\/de\\\/produktpraesentation\\\/gesundes-leben\\\/gesunde-lebensmittel\\\/zutaten-wohlbefinden\\\/suppen-saucen-bruehe\\\/salze\\\/ur-steinsalz\\\/\",\"name\":\"UR-STEINSALZ - WOHLBEFINDEN\",\"isPartOf\":{\"@id\":\"https:\\\/\\\/bien-etreiris.ch\\\/de\\\/#website\"},\"primaryImageOfPage\":{\"@id\":\"https:\\\/\\\/bien-etreiris.ch\\\/de\\\/produktpraesentation\\\/gesundes-leben\\\/gesunde-lebensmittel\\\/zutaten-wohlbefinden\\\/suppen-saucen-bruehe\\\/salze\\\/ur-steinsalz\\\/#primaryimage\"},\"image\":{\"@id\":\"https:\\\/\\\/bien-etreiris.ch\\\/de\\\/produktpraesentation\\\/gesundes-leben\\\/gesunde-lebensmittel\\\/zutaten-wohlbefinden\\\/suppen-saucen-bruehe\\\/salze\\\/ur-steinsalz\\\/#primaryimage\"},\"thumbnailUrl\":\"https:\\\/\\\/bien-etreiris.ch\\\/wp-content\\\/uploads\\\/2021\\\/05\\\/acceuil-sel-1.jpg\",\"datePublished\":\"2021-05-23T15:20:01+00:00\",\"dateModified\":\"2021-06-03T08:46:49+00:00\",\"breadcrumb\":{\"@id\":\"https:\\\/\\\/bien-etreiris.ch\\\/de\\\/produktpraesentation\\\/gesundes-leben\\\/gesunde-lebensmittel\\\/zutaten-wohlbefinden\\\/suppen-saucen-bruehe\\\/salze\\\/ur-steinsalz\\\/#breadcrumb\"},\"inLanguage\":\"de\",\"potentialAction\":[{\"@type\":\"ReadAction\",\"target\":[\"https:\\\/\\\/bien-etreiris.ch\\\/de\\\/produktpraesentation\\\/gesundes-leben\\\/gesunde-lebensmittel\\\/zutaten-wohlbefinden\\\/suppen-saucen-bruehe\\\/salze\\\/ur-steinsalz\\\/\"]}]},{\"@type\":\"ImageObject\",\"inLanguage\":\"de\",\"@id\":\"https:\\\/\\\/bien-etreiris.ch\\\/de\\\/produktpraesentation\\\/gesundes-leben\\\/gesunde-lebensmittel\\\/zutaten-wohlbefinden\\\/suppen-saucen-bruehe\\\/salze\\\/ur-steinsalz\\\/#primaryimage\",\"url\":\"https:\\\/\\\/bien-etreiris.ch\\\/wp-content\\\/uploads\\\/2021\\\/05\\\/acceuil-sel-1.jpg\",\"contentUrl\":\"https:\\\/\\\/bien-etreiris.ch\\\/wp-content\\\/uploads\\\/2021\\\/05\\\/acceuil-sel-1.jpg\",\"width\":500,\"height\":306},{\"@type\":\"BreadcrumbList\",\"@id\":\"https:\\\/\\\/bien-etreiris.ch\\\/de\\\/produktpraesentation\\\/gesundes-leben\\\/gesunde-lebensmittel\\\/zutaten-wohlbefinden\\\/suppen-saucen-bruehe\\\/salze\\\/ur-steinsalz\\\/#breadcrumb\",\"itemListElement\":[{\"@type\":\"ListItem\",\"position\":1,\"name\":\"Home\",\"item\":\"https:\\\/\\\/bien-etreiris.ch\\\/de\\\/\"},{\"@type\":\"ListItem\",\"position\":2,\"name\":\"PRODUKTPR\u00c4SENTATION\",\"item\":\"https:\\\/\\\/bien-etreiris.ch\\\/de\\\/produktpraesentation\\\/\"},{\"@type\":\"ListItem\",\"position\":3,\"name\":\"GESUNDES LEBEN\",\"item\":\"https:\\\/\\\/bien-etreiris.ch\\\/de\\\/produktpraesentation\\\/gesundes-leben\\\/\"},{\"@type\":\"ListItem\",\"position\":4,\"name\":\"GESUNDE LEBENSMITTEL\",\"item\":\"https:\\\/\\\/bien-etreiris.ch\\\/de\\\/produktpraesentation\\\/gesundes-leben\\\/gesunde-lebensmittel\\\/\"},{\"@type\":\"ListItem\",\"position\":5,\"name\":\"ZUTATEN\",\"item\":\"https:\\\/\\\/bien-etreiris.ch\\\/de\\\/produktpraesentation\\\/gesundes-leben\\\/gesunde-lebensmittel\\\/zutaten-wohlbefinden\\\/\"},{\"@type\":\"ListItem\",\"position\":6,\"name\":\"W\u00dcRZEN\",\"item\":\"https:\\\/\\\/bien-etreiris.ch\\\/de\\\/produktpraesentation\\\/gesundes-leben\\\/gesunde-lebensmittel\\\/zutaten-wohlbefinden\\\/suppen-saucen-bruehe\\\/\"},{\"@type\":\"ListItem\",\"position\":7,\"name\":\"SALZE\",\"item\":\"https:\\\/\\\/bien-etreiris.ch\\\/de\\\/produktpraesentation\\\/gesundes-leben\\\/gesunde-lebensmittel\\\/zutaten-wohlbefinden\\\/suppen-saucen-bruehe\\\/salze\\\/\"},{\"@type\":\"ListItem\",\"position\":8,\"name\":\"UR-STEINSALZ\"}]},{\"@type\":\"WebSite\",\"@id\":\"https:\\\/\\\/bien-etreiris.ch\\\/de\\\/#website\",\"url\":\"https:\\\/\\\/bien-etreiris.ch\\\/de\\\/\",\"name\":\"Bien-\u00eatre Iris\",\"description\":\"IHRE Gesundheit ist uns wichtig\",\"potentialAction\":[{\"@type\":\"SearchAction\",\"target\":{\"@type\":\"EntryPoint\",\"urlTemplate\":\"https:\\\/\\\/bien-etreiris.ch\\\/de\\\/?s={search_term_string}\"},\"query-input\":{\"@type\":\"PropertyValueSpecification\",\"valueRequired\":true,\"valueName\":\"search_term_string\"}}],\"inLanguage\":\"de\"}]}<\/script>\n<!-- \/ Yoast SEO plugin. -->","yoast_head_json":{"title":"UR-STEINSALZ - WOHLBEFINDEN","robots":{"index":"index","follow":"follow","max-snippet":"max-snippet:-1","max-image-preview":"max-image-preview:large","max-video-preview":"max-video-preview:-1"},"canonical":"https:\/\/bien-etreiris.ch\/de\/produktpraesentation\/gesundes-leben\/gesunde-lebensmittel\/zutaten-wohlbefinden\/suppen-saucen-bruehe\/salze\/ur-steinsalz\/","og_locale":"de_DE","og_type":"article","og_title":"UR-STEINSALZ - WOHLBEFINDEN","og_description":"Notre Sel gemme authentique pur &nbsp; &nbsp; &nbsp; &nbsp; &nbsp; &nbsp; &nbsp; &nbsp; &nbsp; &nbsp; sans aide de d\u00e9perdition sans agents de d\u00e9moulage sans agents anti-agglom\u00e9rants sans additifs 1 kg CHF 14.00 &nbsp; &nbsp; &nbsp; &nbsp; Les ingr\u00e9dients secondaires suivants, entre autres, peuvent \u00eatre trouv\u00e9s dans le sel authentique : Antimoine Bismuth Bore Cadmium Chrome Calcium Fer Germanium Potassium Cobalt&nbsp;Weiter lesen","og_url":"https:\/\/bien-etreiris.ch\/de\/produktpraesentation\/gesundes-leben\/gesunde-lebensmittel\/zutaten-wohlbefinden\/suppen-saucen-bruehe\/salze\/ur-steinsalz\/","og_site_name":"WOHLBEFINDEN","article_publisher":"https:\/\/www.facebook.com\/bienetreiris\/","article_modified_time":"2021-06-03T08:46:49+00:00","og_image":[{"width":500,"height":306,"url":"https:\/\/bien-etreiris.ch\/wp-content\/uploads\/2021\/05\/acceuil-sel-1.jpg","type":"image\/jpeg"}],"twitter_misc":{"Gesch\u00e4tzte Lesezeit":"2\u00a0Minuten"},"schema":{"@context":"https:\/\/schema.org","@graph":[{"@type":"WebPage","@id":"https:\/\/bien-etreiris.ch\/de\/produktpraesentation\/gesundes-leben\/gesunde-lebensmittel\/zutaten-wohlbefinden\/suppen-saucen-bruehe\/salze\/ur-steinsalz\/","url":"https:\/\/bien-etreiris.ch\/de\/produktpraesentation\/gesundes-leben\/gesunde-lebensmittel\/zutaten-wohlbefinden\/suppen-saucen-bruehe\/salze\/ur-steinsalz\/","name":"UR-STEINSALZ - WOHLBEFINDEN","isPartOf":{"@id":"https:\/\/bien-etreiris.ch\/de\/#website"},"primaryImageOfPage":{"@id":"https:\/\/bien-etreiris.ch\/de\/produktpraesentation\/gesundes-leben\/gesunde-lebensmittel\/zutaten-wohlbefinden\/suppen-saucen-bruehe\/salze\/ur-steinsalz\/#primaryimage"},"image":{"@id":"https:\/\/bien-etreiris.ch\/de\/produktpraesentation\/gesundes-leben\/gesunde-lebensmittel\/zutaten-wohlbefinden\/suppen-saucen-bruehe\/salze\/ur-steinsalz\/#primaryimage"},"thumbnailUrl":"https:\/\/bien-etreiris.ch\/wp-content\/uploads\/2021\/05\/acceuil-sel-1.jpg","datePublished":"2021-05-23T15:20:01+00:00","dateModified":"2021-06-03T08:46:49+00:00","breadcrumb":{"@id":"https:\/\/bien-etreiris.ch\/de\/produktpraesentation\/gesundes-leben\/gesunde-lebensmittel\/zutaten-wohlbefinden\/suppen-saucen-bruehe\/salze\/ur-steinsalz\/#breadcrumb"},"inLanguage":"de","potentialAction":[{"@type":"ReadAction","target":["https:\/\/bien-etreiris.ch\/de\/produktpraesentation\/gesundes-leben\/gesunde-lebensmittel\/zutaten-wohlbefinden\/suppen-saucen-bruehe\/salze\/ur-steinsalz\/"]}]},{"@type":"ImageObject","inLanguage":"de","@id":"https:\/\/bien-etreiris.ch\/de\/produktpraesentation\/gesundes-leben\/gesunde-lebensmittel\/zutaten-wohlbefinden\/suppen-saucen-bruehe\/salze\/ur-steinsalz\/#primaryimage","url":"https:\/\/bien-etreiris.ch\/wp-content\/uploads\/2021\/05\/acceuil-sel-1.jpg","contentUrl":"https:\/\/bien-etreiris.ch\/wp-content\/uploads\/2021\/05\/acceuil-sel-1.jpg","width":500,"height":306},{"@type":"BreadcrumbList","@id":"https:\/\/bien-etreiris.ch\/de\/produktpraesentation\/gesundes-leben\/gesunde-lebensmittel\/zutaten-wohlbefinden\/suppen-saucen-bruehe\/salze\/ur-steinsalz\/#breadcrumb","itemListElement":[{"@type":"ListItem","position":1,"name":"Home","item":"https:\/\/bien-etreiris.ch\/de\/"},{"@type":"ListItem","position":2,"name":"PRODUKTPR\u00c4SENTATION","item":"https:\/\/bien-etreiris.ch\/de\/produktpraesentation\/"},{"@type":"ListItem","position":3,"name":"GESUNDES LEBEN","item":"https:\/\/bien-etreiris.ch\/de\/produktpraesentation\/gesundes-leben\/"},{"@type":"ListItem","position":4,"name":"GESUNDE LEBENSMITTEL","item":"https:\/\/bien-etreiris.ch\/de\/produktpraesentation\/gesundes-leben\/gesunde-lebensmittel\/"},{"@type":"ListItem","position":5,"name":"ZUTATEN","item":"https:\/\/bien-etreiris.ch\/de\/produktpraesentation\/gesundes-leben\/gesunde-lebensmittel\/zutaten-wohlbefinden\/"},{"@type":"ListItem","position":6,"name":"W\u00dcRZEN","item":"https:\/\/bien-etreiris.ch\/de\/produktpraesentation\/gesundes-leben\/gesunde-lebensmittel\/zutaten-wohlbefinden\/suppen-saucen-bruehe\/"},{"@type":"ListItem","position":7,"name":"SALZE","item":"https:\/\/bien-etreiris.ch\/de\/produktpraesentation\/gesundes-leben\/gesunde-lebensmittel\/zutaten-wohlbefinden\/suppen-saucen-bruehe\/salze\/"},{"@type":"ListItem","position":8,"name":"UR-STEINSALZ"}]},{"@type":"WebSite","@id":"https:\/\/bien-etreiris.ch\/de\/#website","url":"https:\/\/bien-etreiris.ch\/de\/","name":"Bien-\u00eatre Iris","description":"IHRE Gesundheit ist uns wichtig","potentialAction":[{"@type":"SearchAction","target":{"@type":"EntryPoint","urlTemplate":"https:\/\/bien-etreiris.ch\/de\/?s={search_term_string}"},"query-input":{"@type":"PropertyValueSpecification","valueRequired":true,"valueName":"search_term_string"}}],"inLanguage":"de"}]}},"_links":{"self":[{"href":"https:\/\/bien-etreiris.ch\/de\/wp-json\/wp\/v2\/pages\/46400","targetHints":{"allow":["GET"]}}],"collection":[{"href":"https:\/\/bien-etreiris.ch\/de\/wp-json\/wp\/v2\/pages"}],"about":[{"href":"https:\/\/bien-etreiris.ch\/de\/wp-json\/wp\/v2\/types\/page"}],"author":[{"embeddable":true,"href":"https:\/\/bien-etreiris.ch\/de\/wp-json\/wp\/v2\/users\/1"}],"replies":[{"embeddable":true,"href":"https:\/\/bien-etreiris.ch\/de\/wp-json\/wp\/v2\/comments?post=46400"}],"version-history":[{"count":7,"href":"https:\/\/bien-etreiris.ch\/de\/wp-json\/wp\/v2\/pages\/46400\/revisions"}],"predecessor-version":[{"id":49310,"href":"https:\/\/bien-etreiris.ch\/de\/wp-json\/wp\/v2\/pages\/46400\/revisions\/49310"}],"up":[{"embeddable":true,"href":"https:\/\/bien-etreiris.ch\/de\/wp-json\/wp\/v2\/pages\/46344"}],"wp:featuredmedia":[{"embeddable":true,"href":"https:\/\/bien-etreiris.ch\/de\/wp-json\/wp\/v2\/media\/46398"}],"wp:attachment":[{"href":"https:\/\/bien-etreiris.ch\/de\/wp-json\/wp\/v2\/media?parent=46400"}],"curies":[{"name":"wp","href":"https:\/\/api.w.org\/{rel}","templated":true}]}}