{"id":46384,"date":"2021-05-23T16:29:12","date_gmt":"2021-05-23T14:29:12","guid":{"rendered":"https:\/\/bien-etreiris.ch\/?page_id=46384"},"modified":"2023-09-09T23:55:54","modified_gmt":"2023-09-09T21:55:54","slug":"himalaya-kristallsalz","status":"publish","type":"page","link":"https:\/\/bien-etreiris.ch\/de\/produktpraesentation\/gesundes-leben\/gesunde-lebensmittel\/zutaten-wohlbefinden\/gewuerze\/salze\/himalaya-kristallsalz\/","title":{"rendered":"HIMALAYA KRISTALLSALZ"},"content":{"rendered":"\n<h2>Sels rose de l'Himalaya sel de cristal<\/h2>\n<p><a href=\"https:\/\/bien-etreiris.ch\/wp-content\/uploads\/2021\/05\/Himalaya-sel-de-cristal.png\"><img loading=\"lazy\" decoding=\"async\" class=\"wp-image-46385 size-full alignleft\" src=\"https:\/\/bien-etreiris.ch\/wp-content\/uploads\/2021\/05\/Himalaya-sel-de-cristal.png\" alt=\"\" width=\"333\" height=\"496\" srcset=\"https:\/\/bien-etreiris.ch\/wp-content\/uploads\/2021\/05\/Himalaya-sel-de-cristal.png 333w, https:\/\/bien-etreiris.ch\/wp-content\/uploads\/2021\/05\/Himalaya-sel-de-cristal-201x300.png 201w\" sizes=\"auto, (max-width: 333px) 100vw, 333px\" \/><\/a><\/p>\n<p>&nbsp;<\/p>\n<p>&nbsp;<\/p>\n<p>&nbsp;<\/p>\n<p>&nbsp;<\/p>\n<p>&nbsp;<\/p>\n<p>&nbsp;<\/p>\n<p>&nbsp;<\/p>\n<h4>AYURVEDA<\/h4>\n<div class=\"p-m-desc\">Sel cristallin de l'Himalaya<\/div>\n<p>Contenue : 1 kg CHF 8.40<\/p>\n<p><strong>Ingr\u00e9dients: <\/strong>97,5% NaCl, autres sels naturels<\/p>\n<div class=\"p-m-hersteller\">\n<div class=\"p-m-left\"><strong>Conservation: <\/strong>Conserver au sec.<\/div>\n<\/div>\n<div>&nbsp;<\/div>\n<div>&nbsp;<\/div>\n<div>&nbsp;<\/div>\n<div>&nbsp;<\/div>\n<div>Le sel de cristal de l'Himalaya contient tous les min\u00e9raux et oligo-\u00e9l\u00e9ments essentiels qui sont \u00e9galement pr\u00e9sents dans le corps humain. Le sel extrait manuellement est transport\u00e9 de la mine de sel en gros morceaux, puis s\u00e9lectionn\u00e9 \u00e0 la main. Un soin particulier est apport\u00e9 pour s'assurer que seule la meilleure qualit\u00e9 est utilis\u00e9e dans les op\u00e9rations suivantes. Chaque cristal individuel est soigneusement lav\u00e9 \u00e0 l'eau de source pure, puis s\u00e9ch\u00e9 au soleil. Le sel de cristal de l'Himalaya est concass\u00e9 \u00e0 la main, puis tri\u00e9 \u00e0 nouveau. Une partie est d\u00e9licatement broy\u00e9e \u00e0 l'aide d'un moulin \u00e0 pierre.<\/div>\n<div>&nbsp;<\/div>\n<div><hr><\/div>\n<p>&nbsp;<\/p>\n<p><a href=\"https:\/\/bien-etreiris.ch\/wp-content\/uploads\/2022\/08\/Sel-de-himalaya-fin-Unimedica.jpg\"><img loading=\"lazy\" decoding=\"async\" class=\"size-full wp-image-58200 alignleft\" src=\"https:\/\/bien-etreiris.ch\/wp-content\/uploads\/2022\/08\/Sel-de-himalaya-fin-Unimedica.jpg\" alt=\"\" width=\"320\" height=\"320\" srcset=\"https:\/\/bien-etreiris.ch\/wp-content\/uploads\/2022\/08\/Sel-de-himalaya-fin-Unimedica.jpg 320w, https:\/\/bien-etreiris.ch\/wp-content\/uploads\/2022\/08\/Sel-de-himalaya-fin-Unimedica-300x300.jpg 300w, https:\/\/bien-etreiris.ch\/wp-content\/uploads\/2022\/08\/Sel-de-himalaya-fin-Unimedica-150x150.jpg 150w\" sizes=\"auto, (max-width: 320px) 100vw, 320px\" \/><\/a><\/p>\n<p>&nbsp;<\/p>\n<p>&nbsp;<\/p>\n<p>&nbsp;<\/p>\n<p>&nbsp;<\/p>\n<h4>UNIMEDICA<\/h4>\n<div class=\"p-m-desc\">Sel cristallin de l'Himalaya tr\u00e8s fin<\/div>\n<p>Contenue : 1 kg <strong>CHF 5.30<\/strong><\/p>\n<p>en vrac 50 g <strong>CHF 0.30<\/strong><\/p>\n<p>&nbsp;<\/p>\n<p>&nbsp;<\/p>\n<p>&nbsp;<\/p>\n<p>&nbsp;<\/p>\n<p>Le sel cristallis\u00e9 fin du Pakistan apporte du plaisir dans chaque cuisine. Il favorise une alimentation volontairement naturelle et conf\u00e8re aux plats un petit quelque chose en plus. La quantit\u00e9 de sel recommand\u00e9e par l'OMS pour les adultes, soit 5 grammes par jour, ne devrait pas \u00eatre d\u00e9pass\u00e9e.<\/p>\n<p>Ce sel cristallis\u00e9 du Pakistan \/ des montagnes du Pendjab s'est d\u00e9pos\u00e9 il y a plus de 500 millions d'ann\u00e9es, lorsque les mers primitives se sont ass\u00e9ch\u00e9es. Il est aujourd'hui stock\u00e9 \u00e0 l'abri des influences environnementales, \u00e0 une profondeur de 300 \u00e0 600 m\u00e8tres sous terre.<\/p>\n<p>La couleur rose est due \u00e0 la faible teneur en fer du min\u00e9ral. Il est compos\u00e9 de 97 \u00e0 99 % de chlorure de sodium. Contrairement au sel de cuisine traditionnel, le sel cristallis\u00e9 du Pakistan contient des traces d'autres min\u00e9raux et est non trait\u00e9 et sans additifs tels que l'iode.<\/p>\n<p>Le sel cristallis\u00e9 fin d'Unimedica est enti\u00e8rement naturel, c'est-\u00e0-dire qu'il n'a pas \u00e9t\u00e9 nettoy\u00e9 chimiquement et qu'il contient encore la composition et la structure originales d'un sel naturel. Il est extrait dans la r\u00e9gion saline du Pendjab (Pakistan), \u00e0 200 km au nord de l'Himalaya, et mis en bouteille en Allemagne.<\/p>\n<p>&nbsp;<\/p>\n<h4>SANS ADDITIFS IND\u00c9SIRABLES<\/h4>\n<p>Le sel cristallis\u00e9 fin d'Unimedica est exempt d'ar\u00f4mes, de colorants, de parfums, d'anti-agglom\u00e9rants et de conservateurs, et ne contient ni OGM, ni lactose, ni gluten, ni g\u00e9latine.<\/p>\n<p>&nbsp;<\/p>\n<h4>FABRIQU\u00c9 EN ALLEMAGNE<\/h4>\n<p>Le sel cristallis\u00e9 fin Unimedica est extrait au Pakistan \/ Punjab et conditionn\u00e9 en Allemagne dans des installations certifi\u00e9es.<\/p>\n<p>&nbsp;<\/p>\n<hr>\n<h2>SEL ROSE gros<\/h2>\n<p><a href=\"https:\/\/bien-etreiris.ch\/de\/produktpraesentation\/gesundes-leben\/gesunde-lebensmittel\/zutaten-wohlbefinden\/suppen-saucen-bruehe\/salze\/sel-de-lhimalaya\/sel-rose-grossier-2-2\/\" rel=\"attachment wp-att-74685\"><img loading=\"lazy\" decoding=\"async\" class=\"wp-image-74682 size-full alignleft\" src=\"https:\/\/bien-etreiris.ch\/wp-content\/uploads\/2023\/09\/sel-rose-grossier-2.jpg\" alt=\"\" width=\"261\" height=\"426\" srcset=\"https:\/\/bien-etreiris.ch\/wp-content\/uploads\/2023\/09\/sel-rose-grossier-2.jpg 261w, https:\/\/bien-etreiris.ch\/wp-content\/uploads\/2023\/09\/sel-rose-grossier-2-184x300.jpg 184w\" sizes=\"auto, (max-width: 261px) 100vw, 261px\" \/><\/a><\/p>\n<p>&nbsp;<\/p>\n<p>&nbsp;<\/p>\n<p>&nbsp;<\/p>\n<p>&nbsp;<\/p>\n<p>&nbsp;<\/p>\n<p>&nbsp;<\/p>\n<p>&nbsp;<\/p>\n<p>&nbsp;<\/p>\n<p>1 kg <strong>CHF 6.30<\/strong><\/p>\n<p>&nbsp;<\/p>\n<p>&nbsp;<\/p>\n<p>&nbsp;<\/p>\n<div class=\"full-desc category-description\">\n<h4>D\u00e9tails<\/h4>\n<div>\n<p class=\"bodytext\">Le sel rose cristallis\u00e9 est extrait, broy\u00e9, lav\u00e9 et s\u00e9ch\u00e9 au soleil de mani\u00e8re traditionnelle (sans recours au travail des enfants) \u00e0 la main dans le Saltrange au Pakistan - l'un des gisements de sel naturel les plus purs au monde. Il a \u00e9t\u00e9 emprisonn\u00e9 il y a environ 260 millions d'ann\u00e9es et n'est pas du tout affect\u00e9 par la pollution moderne.<\/p>\n<p class=\"bodytext\">Il contient 84 min\u00e9raux et oligo-\u00e9l\u00e9ments que l'on retrouve \u00e9galement dans le corps humain.<\/p>\n<p>&nbsp;<\/p>\n<\/div>\n<\/div>\n<div class=\"product-info-attr advanced\">\n<div>\n<h4 class=\"title\">Ingr\u00e9dients<\/h4>\n<div class=\"data\">\n<p>Sel gemme<\/p>\n<p>&nbsp;<\/p>\n<\/div>\n<\/div>\n<div>\n<h4 class=\"title\">Application<\/h4>\n<div class=\"data\">\n<p>Elle est polyvalente : aussi bien pour affiner les plats que pour pr\u00e9parer de la saumure pour les bains.<\/p>\n<\/div>\n<hr><\/div>\n<\/div>\n<h2>SEL ROSE brisures<\/h2>\n<p><a href=\"https:\/\/bien-etreiris.ch\/de\/produktpraesentation\/gesundes-leben\/gesunde-lebensmittel\/zutaten-wohlbefinden\/suppen-saucen-bruehe\/salze\/sel-de-lhimalaya\/sel-rose-brisures-2\/\" rel=\"attachment wp-att-74685\"><img loading=\"lazy\" decoding=\"async\" class=\"wp-image-74685 alignleft\" src=\"https:\/\/bien-etreiris.ch\/wp-content\/uploads\/2023\/09\/sel-rose-brisures.jpg\" alt=\"\" width=\"323\" height=\"454\" srcset=\"https:\/\/bien-etreiris.ch\/wp-content\/uploads\/2023\/09\/sel-rose-brisures.jpg 568w, https:\/\/bien-etreiris.ch\/wp-content\/uploads\/2023\/09\/sel-rose-brisures-213x300.jpg 213w\" sizes=\"auto, (max-width: 323px) 100vw, 323px\" \/><\/a><\/p>\n<p>&nbsp;<\/p>\n<p>&nbsp;<\/p>\n<p>&nbsp;<\/p>\n<p>&nbsp;<\/p>\n<p>&nbsp;<\/p>\n<p>&nbsp;<\/p>\n<p>&nbsp;<\/p>\n<p>&nbsp;<\/p>\n<p>&nbsp;<\/p>\n<p>1 kg CHF 6.30<\/p>\n<p>&nbsp;<\/p>\n<p>&nbsp;<\/p>\n<p>&nbsp;<\/p>\n<div class=\"seo-description\">\n<div class=\"product-description\">\n<h4 class=\"page-product-heading old_h3\"><span class=\"page-heading-text\">Descriptif<\/span><\/h4>\n<div class=\"rte\">\n<p>La marque Eubiona vous invite \u00e0 d\u00e9couvrir son sel rose de l\u2019Himalaya en brisures, un produit de grande qualit\u00e9. Extrait de mani\u00e8re traditionnelle, il provient des contreforts montagneux du Salt Range (Pakistan). Cette r\u00e9gion, surnomm\u00e9e l\u2019\u00ab \u00e9tendue de sel \u00bb, est prot\u00e9g\u00e9e de toute pollution et offre des gisements purs depuis des millions d\u2019ann\u00e9es. Les cristaux sont soigneusement r\u00e9colt\u00e9s \u00e0 la main. Ils sont ensuite lav\u00e9s puis s\u00e9ch\u00e9s au soleil. Enfin, ils sont coup\u00e9s en morceaux avant d\u2019\u00eatre conditionn\u00e9s. Ce pr\u00e9cieux condiment est appr\u00e9ci\u00e9 en cuisine pour son bon pouvoir salant.<\/p>\n<p>De plus, il contient pas moins de 84 min\u00e9raux et oligo-\u00e9l\u00e9ments. Il peut aussi s\u2019utiliser comme sel de bain (corps et pieds).<\/p>\n<p>Le sel rose de l\u2019Himalaya en brisures de la marque Eubiona est 100 % naturel. L\u2019extraction des cristaux se fait sans travail des enfants.<\/p>\n<\/div>\n<\/div>\n<section class=\"page-product-box tabdescription\">\n<h4 class=\"page-product-heading old_h3\"><span class=\"page-heading-text\">Conseils d\u2019utilisation<\/span><\/h4>\n<div class=\"rte\">Peut \u00eatre utilis\u00e9 de diff\u00e9rentes mani\u00e8res, aussi bien pour la cuisine qu\u2019en sel de bain.<\/div>\n<\/section>\n<section class=\"page-product-box tabdescription\">\n<h4 class=\"page-product-heading old_h3\"><span class=\"page-heading-text\">Ingr\u00e9dients<\/span><\/h4>\n<div class=\"rte\">Sel rose de l'Himalaya.<\/div>\n<\/section>\n<\/div>\n<div>&nbsp;<\/div>\n<div>&nbsp;<\/div>\n<div>&nbsp;<\/div>\n<h2>&nbsp;<\/h2>\n<h2><a href=\"https:\/\/bien-etreiris.ch\/de\/ratgeber-klarheit-beratung\/natuerliche-heilmittel\/vorbeugen-ankurbeln\/kuren-rezepte\/74398-2\/\" target=\"_blank\" rel=\"noopener\"><span style=\"color: #99cc00;\"><em>Vous voulez en savoir plus sur la fabrication d'un saumure et sur ce qu'on en fait ?<\/em><\/span><\/a><\/h2>\n<p>&nbsp;<\/p>\n","protected":false},"excerpt":{"rendered":"<p>Sels rose de l'Himalaya sel de cristal &nbsp; &nbsp; &nbsp; &nbsp; &nbsp; &nbsp; &nbsp; AYURVEDA Sel cristallin de l'Himalaya Contenue : 1 kg CHF 8.40 Ingr\u00e9dients: 97,5% NaCl, autres sels naturels Conservation: Conserver au sec. &nbsp; &nbsp; &nbsp; &nbsp; Le sel de cristal de l'Himalaya contient tous les min\u00e9raux et oligo-\u00e9l\u00e9ments essentiels qui sont \u00e9galement pr\u00e9sents dans le corps humain.&nbsp;<a href=\"https:\/\/bien-etreiris.ch\/de\/produktpraesentation\/gesundes-leben\/gesunde-lebensmittel\/zutaten-wohlbefinden\/gewuerze\/salze\/himalaya-kristallsalz\/\" class=\"read-more\">Weiter lesen<\/a><\/p>\n","protected":false},"author":1,"featured_media":46382,"parent":46344,"menu_order":5548,"comment_status":"closed","ping_status":"closed","template":"page-with-child.php","meta":{"_acf_changed":false,"ngg_post_thumbnail":0,"footnotes":""},"class_list":["post-46384","page","type-page","status-publish","has-post-thumbnail","hentry"],"acf":[],"yoast_head":"<!-- This site is optimized with the Yoast SEO plugin v27.6 - https:\/\/yoast.com\/product\/yoast-seo-wordpress\/ -->\n<title>HIMALAYA KRISTALLSALZ - WOHLBEFINDEN<\/title>\n<meta name=\"robots\" content=\"index, follow, max-snippet:-1, max-image-preview:large, max-video-preview:-1\" \/>\n<link rel=\"canonical\" href=\"https:\/\/bien-etreiris.ch\/de\/produktpraesentation\/gesundes-leben\/gesunde-lebensmittel\/zutaten-wohlbefinden\/suppen-saucen-bruehe\/salze\/himalaya-kristallsalz\/\" \/>\n<meta property=\"og:locale\" content=\"de_DE\" \/>\n<meta property=\"og:type\" content=\"article\" \/>\n<meta property=\"og:title\" content=\"HIMALAYA KRISTALLSALZ - WOHLBEFINDEN\" \/>\n<meta property=\"og:description\" content=\"Sels rose de l&#039;Himalaya sel de cristal &nbsp; &nbsp; &nbsp; &nbsp; &nbsp; &nbsp; &nbsp; AYURVEDA Sel cristallin de l&#039;Himalaya Contenue : 1 kg CHF 8.40 Ingr\u00e9dients: 97,5% NaCl, autres sels naturels Conservation: Conserver au sec. &nbsp; &nbsp; &nbsp; &nbsp; Le sel de cristal de l&#039;Himalaya contient tous les min\u00e9raux et oligo-\u00e9l\u00e9ments essentiels qui sont \u00e9galement pr\u00e9sents dans le corps humain.&nbsp;Weiter lesen\" \/>\n<meta property=\"og:url\" content=\"https:\/\/bien-etreiris.ch\/de\/produktpraesentation\/gesundes-leben\/gesunde-lebensmittel\/zutaten-wohlbefinden\/suppen-saucen-bruehe\/salze\/himalaya-kristallsalz\/\" \/>\n<meta property=\"og:site_name\" content=\"WOHLBEFINDEN\" \/>\n<meta property=\"article:publisher\" content=\"https:\/\/www.facebook.com\/bienetreiris\/\" \/>\n<meta property=\"article:modified_time\" content=\"2023-09-09T21:55:54+00:00\" \/>\n<meta property=\"og:image\" content=\"https:\/\/bien-etreiris.ch\/wp-content\/uploads\/2021\/05\/acceuil-Himalaya-sel-de-cristal.jpg\" \/>\n\t<meta property=\"og:image:width\" content=\"500\" \/>\n\t<meta property=\"og:image:height\" content=\"333\" \/>\n\t<meta property=\"og:image:type\" content=\"image\/jpeg\" \/>\n<meta name=\"twitter:label1\" content=\"Gesch\u00e4tzte Lesezeit\" \/>\n\t<meta name=\"twitter:data1\" content=\"5\u00a0Minuten\" \/>\n<script type=\"application\/ld+json\" class=\"yoast-schema-graph\">{\"@context\":\"https:\\\/\\\/schema.org\",\"@graph\":[{\"@type\":\"WebPage\",\"@id\":\"https:\\\/\\\/bien-etreiris.ch\\\/de\\\/produktpraesentation\\\/gesundes-leben\\\/gesunde-lebensmittel\\\/zutaten-wohlbefinden\\\/suppen-saucen-bruehe\\\/salze\\\/himalaya-kristallsalz\\\/\",\"url\":\"https:\\\/\\\/bien-etreiris.ch\\\/de\\\/produktpraesentation\\\/gesundes-leben\\\/gesunde-lebensmittel\\\/zutaten-wohlbefinden\\\/suppen-saucen-bruehe\\\/salze\\\/himalaya-kristallsalz\\\/\",\"name\":\"HIMALAYA KRISTALLSALZ - WOHLBEFINDEN\",\"isPartOf\":{\"@id\":\"https:\\\/\\\/bien-etreiris.ch\\\/de\\\/#website\"},\"primaryImageOfPage\":{\"@id\":\"https:\\\/\\\/bien-etreiris.ch\\\/de\\\/produktpraesentation\\\/gesundes-leben\\\/gesunde-lebensmittel\\\/zutaten-wohlbefinden\\\/suppen-saucen-bruehe\\\/salze\\\/himalaya-kristallsalz\\\/#primaryimage\"},\"image\":{\"@id\":\"https:\\\/\\\/bien-etreiris.ch\\\/de\\\/produktpraesentation\\\/gesundes-leben\\\/gesunde-lebensmittel\\\/zutaten-wohlbefinden\\\/suppen-saucen-bruehe\\\/salze\\\/himalaya-kristallsalz\\\/#primaryimage\"},\"thumbnailUrl\":\"https:\\\/\\\/bien-etreiris.ch\\\/wp-content\\\/uploads\\\/2021\\\/05\\\/acceuil-Himalaya-sel-de-cristal.jpg\",\"datePublished\":\"2021-05-23T14:29:12+00:00\",\"dateModified\":\"2023-09-09T21:55:54+00:00\",\"breadcrumb\":{\"@id\":\"https:\\\/\\\/bien-etreiris.ch\\\/de\\\/produktpraesentation\\\/gesundes-leben\\\/gesunde-lebensmittel\\\/zutaten-wohlbefinden\\\/suppen-saucen-bruehe\\\/salze\\\/himalaya-kristallsalz\\\/#breadcrumb\"},\"inLanguage\":\"de\",\"potentialAction\":[{\"@type\":\"ReadAction\",\"target\":[\"https:\\\/\\\/bien-etreiris.ch\\\/de\\\/produktpraesentation\\\/gesundes-leben\\\/gesunde-lebensmittel\\\/zutaten-wohlbefinden\\\/suppen-saucen-bruehe\\\/salze\\\/himalaya-kristallsalz\\\/\"]}]},{\"@type\":\"ImageObject\",\"inLanguage\":\"de\",\"@id\":\"https:\\\/\\\/bien-etreiris.ch\\\/de\\\/produktpraesentation\\\/gesundes-leben\\\/gesunde-lebensmittel\\\/zutaten-wohlbefinden\\\/suppen-saucen-bruehe\\\/salze\\\/himalaya-kristallsalz\\\/#primaryimage\",\"url\":\"https:\\\/\\\/bien-etreiris.ch\\\/wp-content\\\/uploads\\\/2021\\\/05\\\/acceuil-Himalaya-sel-de-cristal.jpg\",\"contentUrl\":\"https:\\\/\\\/bien-etreiris.ch\\\/wp-content\\\/uploads\\\/2021\\\/05\\\/acceuil-Himalaya-sel-de-cristal.jpg\",\"width\":500,\"height\":333},{\"@type\":\"BreadcrumbList\",\"@id\":\"https:\\\/\\\/bien-etreiris.ch\\\/de\\\/produktpraesentation\\\/gesundes-leben\\\/gesunde-lebensmittel\\\/zutaten-wohlbefinden\\\/suppen-saucen-bruehe\\\/salze\\\/himalaya-kristallsalz\\\/#breadcrumb\",\"itemListElement\":[{\"@type\":\"ListItem\",\"position\":1,\"name\":\"Home\",\"item\":\"https:\\\/\\\/bien-etreiris.ch\\\/de\\\/\"},{\"@type\":\"ListItem\",\"position\":2,\"name\":\"PRODUKTPR\u00c4SENTATION\",\"item\":\"https:\\\/\\\/bien-etreiris.ch\\\/de\\\/produktpraesentation\\\/\"},{\"@type\":\"ListItem\",\"position\":3,\"name\":\"GESUNDES LEBEN\",\"item\":\"https:\\\/\\\/bien-etreiris.ch\\\/de\\\/produktpraesentation\\\/gesundes-leben\\\/\"},{\"@type\":\"ListItem\",\"position\":4,\"name\":\"GESUNDE LEBENSMITTEL\",\"item\":\"https:\\\/\\\/bien-etreiris.ch\\\/de\\\/produktpraesentation\\\/gesundes-leben\\\/gesunde-lebensmittel\\\/\"},{\"@type\":\"ListItem\",\"position\":5,\"name\":\"ZUTATEN\",\"item\":\"https:\\\/\\\/bien-etreiris.ch\\\/de\\\/produktpraesentation\\\/gesundes-leben\\\/gesunde-lebensmittel\\\/zutaten-wohlbefinden\\\/\"},{\"@type\":\"ListItem\",\"position\":6,\"name\":\"W\u00dcRZEN\",\"item\":\"https:\\\/\\\/bien-etreiris.ch\\\/de\\\/produktpraesentation\\\/gesundes-leben\\\/gesunde-lebensmittel\\\/zutaten-wohlbefinden\\\/suppen-saucen-bruehe\\\/\"},{\"@type\":\"ListItem\",\"position\":7,\"name\":\"SALZE\",\"item\":\"https:\\\/\\\/bien-etreiris.ch\\\/de\\\/produktpraesentation\\\/gesundes-leben\\\/gesunde-lebensmittel\\\/zutaten-wohlbefinden\\\/suppen-saucen-bruehe\\\/salze\\\/\"},{\"@type\":\"ListItem\",\"position\":8,\"name\":\"HIMALAYA KRISTALLSALZ\"}]},{\"@type\":\"WebSite\",\"@id\":\"https:\\\/\\\/bien-etreiris.ch\\\/de\\\/#website\",\"url\":\"https:\\\/\\\/bien-etreiris.ch\\\/de\\\/\",\"name\":\"Bien-\u00eatre Iris\",\"description\":\"IHRE Gesundheit ist uns wichtig\",\"potentialAction\":[{\"@type\":\"SearchAction\",\"target\":{\"@type\":\"EntryPoint\",\"urlTemplate\":\"https:\\\/\\\/bien-etreiris.ch\\\/de\\\/?s={search_term_string}\"},\"query-input\":{\"@type\":\"PropertyValueSpecification\",\"valueRequired\":true,\"valueName\":\"search_term_string\"}}],\"inLanguage\":\"de\"}]}<\/script>\n<!-- \/ Yoast SEO plugin. -->","yoast_head_json":{"title":"HIMALAYA KRISTALLSALZ - WOHLBEFINDEN","robots":{"index":"index","follow":"follow","max-snippet":"max-snippet:-1","max-image-preview":"max-image-preview:large","max-video-preview":"max-video-preview:-1"},"canonical":"https:\/\/bien-etreiris.ch\/de\/produktpraesentation\/gesundes-leben\/gesunde-lebensmittel\/zutaten-wohlbefinden\/suppen-saucen-bruehe\/salze\/himalaya-kristallsalz\/","og_locale":"de_DE","og_type":"article","og_title":"HIMALAYA KRISTALLSALZ - WOHLBEFINDEN","og_description":"Sels rose de l'Himalaya sel de cristal &nbsp; &nbsp; &nbsp; &nbsp; &nbsp; &nbsp; &nbsp; AYURVEDA Sel cristallin de l'Himalaya Contenue : 1 kg CHF 8.40 Ingr\u00e9dients: 97,5% NaCl, autres sels naturels Conservation: Conserver au sec. &nbsp; &nbsp; &nbsp; &nbsp; Le sel de cristal de l'Himalaya contient tous les min\u00e9raux et oligo-\u00e9l\u00e9ments essentiels qui sont \u00e9galement pr\u00e9sents dans le corps humain.&nbsp;Weiter lesen","og_url":"https:\/\/bien-etreiris.ch\/de\/produktpraesentation\/gesundes-leben\/gesunde-lebensmittel\/zutaten-wohlbefinden\/suppen-saucen-bruehe\/salze\/himalaya-kristallsalz\/","og_site_name":"WOHLBEFINDEN","article_publisher":"https:\/\/www.facebook.com\/bienetreiris\/","article_modified_time":"2023-09-09T21:55:54+00:00","og_image":[{"width":500,"height":333,"url":"https:\/\/bien-etreiris.ch\/wp-content\/uploads\/2021\/05\/acceuil-Himalaya-sel-de-cristal.jpg","type":"image\/jpeg"}],"twitter_misc":{"Gesch\u00e4tzte Lesezeit":"5\u00a0Minuten"},"schema":{"@context":"https:\/\/schema.org","@graph":[{"@type":"WebPage","@id":"https:\/\/bien-etreiris.ch\/de\/produktpraesentation\/gesundes-leben\/gesunde-lebensmittel\/zutaten-wohlbefinden\/suppen-saucen-bruehe\/salze\/himalaya-kristallsalz\/","url":"https:\/\/bien-etreiris.ch\/de\/produktpraesentation\/gesundes-leben\/gesunde-lebensmittel\/zutaten-wohlbefinden\/suppen-saucen-bruehe\/salze\/himalaya-kristallsalz\/","name":"HIMALAYA KRISTALLSALZ - WOHLBEFINDEN","isPartOf":{"@id":"https:\/\/bien-etreiris.ch\/de\/#website"},"primaryImageOfPage":{"@id":"https:\/\/bien-etreiris.ch\/de\/produktpraesentation\/gesundes-leben\/gesunde-lebensmittel\/zutaten-wohlbefinden\/suppen-saucen-bruehe\/salze\/himalaya-kristallsalz\/#primaryimage"},"image":{"@id":"https:\/\/bien-etreiris.ch\/de\/produktpraesentation\/gesundes-leben\/gesunde-lebensmittel\/zutaten-wohlbefinden\/suppen-saucen-bruehe\/salze\/himalaya-kristallsalz\/#primaryimage"},"thumbnailUrl":"https:\/\/bien-etreiris.ch\/wp-content\/uploads\/2021\/05\/acceuil-Himalaya-sel-de-cristal.jpg","datePublished":"2021-05-23T14:29:12+00:00","dateModified":"2023-09-09T21:55:54+00:00","breadcrumb":{"@id":"https:\/\/bien-etreiris.ch\/de\/produktpraesentation\/gesundes-leben\/gesunde-lebensmittel\/zutaten-wohlbefinden\/suppen-saucen-bruehe\/salze\/himalaya-kristallsalz\/#breadcrumb"},"inLanguage":"de","potentialAction":[{"@type":"ReadAction","target":["https:\/\/bien-etreiris.ch\/de\/produktpraesentation\/gesundes-leben\/gesunde-lebensmittel\/zutaten-wohlbefinden\/suppen-saucen-bruehe\/salze\/himalaya-kristallsalz\/"]}]},{"@type":"ImageObject","inLanguage":"de","@id":"https:\/\/bien-etreiris.ch\/de\/produktpraesentation\/gesundes-leben\/gesunde-lebensmittel\/zutaten-wohlbefinden\/suppen-saucen-bruehe\/salze\/himalaya-kristallsalz\/#primaryimage","url":"https:\/\/bien-etreiris.ch\/wp-content\/uploads\/2021\/05\/acceuil-Himalaya-sel-de-cristal.jpg","contentUrl":"https:\/\/bien-etreiris.ch\/wp-content\/uploads\/2021\/05\/acceuil-Himalaya-sel-de-cristal.jpg","width":500,"height":333},{"@type":"BreadcrumbList","@id":"https:\/\/bien-etreiris.ch\/de\/produktpraesentation\/gesundes-leben\/gesunde-lebensmittel\/zutaten-wohlbefinden\/suppen-saucen-bruehe\/salze\/himalaya-kristallsalz\/#breadcrumb","itemListElement":[{"@type":"ListItem","position":1,"name":"Home","item":"https:\/\/bien-etreiris.ch\/de\/"},{"@type":"ListItem","position":2,"name":"PRODUKTPR\u00c4SENTATION","item":"https:\/\/bien-etreiris.ch\/de\/produktpraesentation\/"},{"@type":"ListItem","position":3,"name":"GESUNDES LEBEN","item":"https:\/\/bien-etreiris.ch\/de\/produktpraesentation\/gesundes-leben\/"},{"@type":"ListItem","position":4,"name":"GESUNDE LEBENSMITTEL","item":"https:\/\/bien-etreiris.ch\/de\/produktpraesentation\/gesundes-leben\/gesunde-lebensmittel\/"},{"@type":"ListItem","position":5,"name":"ZUTATEN","item":"https:\/\/bien-etreiris.ch\/de\/produktpraesentation\/gesundes-leben\/gesunde-lebensmittel\/zutaten-wohlbefinden\/"},{"@type":"ListItem","position":6,"name":"W\u00dcRZEN","item":"https:\/\/bien-etreiris.ch\/de\/produktpraesentation\/gesundes-leben\/gesunde-lebensmittel\/zutaten-wohlbefinden\/suppen-saucen-bruehe\/"},{"@type":"ListItem","position":7,"name":"SALZE","item":"https:\/\/bien-etreiris.ch\/de\/produktpraesentation\/gesundes-leben\/gesunde-lebensmittel\/zutaten-wohlbefinden\/suppen-saucen-bruehe\/salze\/"},{"@type":"ListItem","position":8,"name":"HIMALAYA KRISTALLSALZ"}]},{"@type":"WebSite","@id":"https:\/\/bien-etreiris.ch\/de\/#website","url":"https:\/\/bien-etreiris.ch\/de\/","name":"Bien-\u00eatre Iris","description":"IHRE Gesundheit ist uns wichtig","potentialAction":[{"@type":"SearchAction","target":{"@type":"EntryPoint","urlTemplate":"https:\/\/bien-etreiris.ch\/de\/?s={search_term_string}"},"query-input":{"@type":"PropertyValueSpecification","valueRequired":true,"valueName":"search_term_string"}}],"inLanguage":"de"}]}},"_links":{"self":[{"href":"https:\/\/bien-etreiris.ch\/de\/wp-json\/wp\/v2\/pages\/46384","targetHints":{"allow":["GET"]}}],"collection":[{"href":"https:\/\/bien-etreiris.ch\/de\/wp-json\/wp\/v2\/pages"}],"about":[{"href":"https:\/\/bien-etreiris.ch\/de\/wp-json\/wp\/v2\/types\/page"}],"author":[{"embeddable":true,"href":"https:\/\/bien-etreiris.ch\/de\/wp-json\/wp\/v2\/users\/1"}],"replies":[{"embeddable":true,"href":"https:\/\/bien-etreiris.ch\/de\/wp-json\/wp\/v2\/comments?post=46384"}],"version-history":[{"count":9,"href":"https:\/\/bien-etreiris.ch\/de\/wp-json\/wp\/v2\/pages\/46384\/revisions"}],"predecessor-version":[{"id":74702,"href":"https:\/\/bien-etreiris.ch\/de\/wp-json\/wp\/v2\/pages\/46384\/revisions\/74702"}],"up":[{"embeddable":true,"href":"https:\/\/bien-etreiris.ch\/de\/wp-json\/wp\/v2\/pages\/46344"}],"wp:featuredmedia":[{"embeddable":true,"href":"https:\/\/bien-etreiris.ch\/de\/wp-json\/wp\/v2\/media\/46382"}],"wp:attachment":[{"href":"https:\/\/bien-etreiris.ch\/de\/wp-json\/wp\/v2\/media?parent=46384"}],"curies":[{"name":"wp","href":"https:\/\/api.w.org\/{rel}","templated":true}]}}