{"id":46187,"date":"2021-05-22T19:06:39","date_gmt":"2021-05-22T17:06:39","guid":{"rendered":"https:\/\/bien-etreiris.ch\/?page_id=46187"},"modified":"2021-06-03T08:26:37","modified_gmt":"2021-06-03T06:26:37","slug":"ahorn-sirup","status":"publish","type":"page","link":"https:\/\/bien-etreiris.ch\/de\/ratgeber-klarheit-beratung\/gesunder-lebensstil\/naehrstoffe\/lebensmittel\/zucker-und-suessstoff\/edulcorants-alternatifs\/zucker\/ahorn-sirup\/","title":{"rendered":"AHORN SIRUP"},"content":{"rendered":"\n<h2>Sirop d\u2019\u00e9rable<\/h2>\n<p>&nbsp;<\/p>\n<p><a href=\"https:\/\/bien-etreiris.ch\/wp-content\/uploads\/2021\/05\/sirop-derable.jpg\"><img loading=\"lazy\" decoding=\"async\" class=\"wp-image-46205 size-large alignleft\" src=\"https:\/\/bien-etreiris.ch\/wp-content\/uploads\/2021\/05\/sirop-derable-1024x1024.jpg\" alt=\"\" width=\"604\" height=\"604\" srcset=\"https:\/\/bien-etreiris.ch\/wp-content\/uploads\/2021\/05\/sirop-derable-1024x1024.jpg 1024w, https:\/\/bien-etreiris.ch\/wp-content\/uploads\/2021\/05\/sirop-derable-300x300.jpg 300w, https:\/\/bien-etreiris.ch\/wp-content\/uploads\/2021\/05\/sirop-derable-150x150.jpg 150w, https:\/\/bien-etreiris.ch\/wp-content\/uploads\/2021\/05\/sirop-derable-768x768.jpg 768w, https:\/\/bien-etreiris.ch\/wp-content\/uploads\/2021\/05\/sirop-derable.jpg 1400w\" sizes=\"auto, (max-width: 604px) 100vw, 604px\" \/><\/a><\/p>\n<p>&nbsp;<\/p>\n<p>&nbsp;<\/p>\n<p>&nbsp;<\/p>\n<p>&nbsp;<\/p>\n<p>&nbsp;<\/p>\n<p>&nbsp;<\/p>\n<p>&nbsp;<\/p>\n<p>&nbsp;<\/p>\n<p>250 ml <strong>CHF 12.00<\/strong><\/p>\n<p>1 lt bidon m\u00e9tal <strong>CHF 32.00<\/strong><\/p>\n<p>1 lt bidon plastique <strong>CHF 30.00<\/strong><\/p>\n<p>&nbsp;<\/p>\n<p>&nbsp;<\/p>\n<p>&nbsp;<\/p>\n<p>&nbsp;<\/p>\n<p>&nbsp;<\/p>\n\n\n\n<h4>El\u00e9ments nutritifs, antioxydants et anti-inflammatoires<\/h4>\n<p>Le sirop d\u2019\u00e9rable poss\u00e8de des propri\u00e9t\u00e9s antioxydantes et anti-inflammatoires identiques \u00e0 celles de l\u2019autre aliment sant\u00e9 \u00ab vedette \u00bb que repr\u00e9sente le th\u00e9 vert. Il contient de nombreux \u00e9l\u00e9ments nutritifs.<br>Les propri\u00e9t\u00e9s du sirop d\u2019\u00e9rable permettraient d\u2019intervenir favorablement contre le cancer et le diab\u00e8te. D\u2019autre part, les polyph\u00e9nols pr\u00e9sents dans le sirop permettraient un maintien d\u2019une glyc\u00e9mie correcte chez les diab\u00e9tiques. Cependant, leurs effets r\u00e9els \u00e0 court et \u00e0 long terme restent encore \u00e0 d\u00e9montrer<\/p>\n<h4>Sans colorant ni additif<\/h4>\n<p>Le sirop d\u2019\u00e9rable, comme tous les produits naturels, ne contient ni colorant et ni additif.<\/p>\n<h4>Un indice glyc\u00e9mique faible<\/h4>\n<p>Des chercheurs ont aussi compar\u00e9 l\u2019indice glyc\u00e9mique de diff\u00e9rents types de glucides (sucres). Ils ont constat\u00e9 que la consommation de sirop d\u2019\u00e9rable provoquait une \u00e9l\u00e9vation de la glyc\u00e9mie moindre que celle observ\u00e9e pour le sucre blanc, le sirop de ma\u00efs ou le sirop de riz brun et ils lui ont attribu\u00e9 un indice glyc\u00e9mique faible, tout comme le miel, la m\u00e9lasse et le sirop d\u2019agave.<\/p>\n<h4>Autres possibles bienfaits de l\u2019eau d\u2019\u00e9rable?<\/h4>\n<p>Certains sp\u00e9cialistes s\u2019int\u00e9ressent \u00e0 des hormones v\u00e9g\u00e9tales contenues dans l\u2019eau d\u2019\u00e9rable, notamment l\u2019acide abscissique et l\u2019acide phas\u00e9ique. Ces hormones stimulent normalement la croissance des plantes et on les retrouve en grande concentration dans l\u2019eau d\u2019\u00e9rable. Des \u00e9tudes faites sur des cellules musculaires cultiv\u00e9es en laboratoire montrent que ces hormones v\u00e9g\u00e9tales favorisent l\u2019absorption du glucose par les muscles et ce, sans s\u00e9cr\u00e9tion additionnelle d\u2019insuline par les cellules b\u00eata du pancr\u00e9as. Cette plus grande \u00ab tol\u00e9rance \u00bb au glucose par les muscles pourrait ainsi contribuer \u00e0 un meilleur contr\u00f4le de la glyc\u00e9mie et \u00e0 la protection de cette fonction du pancr\u00e9as qu\u2019est la production d\u2019insuline.<\/p>\n","protected":false},"excerpt":{"rendered":"<p>Sirop d\u2019\u00e9rable &nbsp; &nbsp; &nbsp; &nbsp; &nbsp; &nbsp; &nbsp; &nbsp; &nbsp; 250 ml CHF 12.00 1 lt bidon m\u00e9tal CHF 32.00 1 lt bidon plastique CHF 30.00 &nbsp; &nbsp; &nbsp; &nbsp; &nbsp; El\u00e9ments nutritifs, antioxydants et anti-inflammatoires Le sirop d\u2019\u00e9rable poss\u00e8de des propri\u00e9t\u00e9s antioxydantes et anti-inflammatoires identiques \u00e0 celles de l\u2019autre aliment sant\u00e9 \u00ab vedette \u00bb que repr\u00e9sente le th\u00e9&nbsp;<a href=\"https:\/\/bien-etreiris.ch\/de\/ratgeber-klarheit-beratung\/gesunder-lebensstil\/naehrstoffe\/lebensmittel\/zucker-und-suessstoff\/edulcorants-alternatifs\/zucker\/ahorn-sirup\/\" class=\"read-more\">Weiter lesen<\/a><\/p>\n","protected":false},"author":1,"featured_media":46185,"parent":55501,"menu_order":5573,"comment_status":"closed","ping_status":"closed","template":"page-with-child.php","meta":{"_acf_changed":false,"ngg_post_thumbnail":0,"footnotes":""},"class_list":["post-46187","page","type-page","status-publish","has-post-thumbnail","hentry"],"acf":[],"yoast_head":"<!-- This site is optimized with the Yoast SEO plugin v27.5 - https:\/\/yoast.com\/product\/yoast-seo-wordpress\/ -->\n<title>AHORN SIRUP - WOHLBEFINDEN<\/title>\n<meta name=\"robots\" content=\"index, follow, max-snippet:-1, max-image-preview:large, max-video-preview:-1\" \/>\n<link rel=\"canonical\" href=\"https:\/\/bien-etreiris.ch\/de\/ratgeber-klarheit-beratung\/gesunder-lebensstil\/naehrstoffe\/inhaltsstoffe-in-unseren-lebensmitteln\/zucker\/ahorn-sirup\/\" \/>\n<meta property=\"og:locale\" content=\"de_DE\" \/>\n<meta property=\"og:type\" content=\"article\" \/>\n<meta property=\"og:title\" content=\"AHORN SIRUP - WOHLBEFINDEN\" \/>\n<meta property=\"og:description\" content=\"Sirop d\u2019\u00e9rable &nbsp; &nbsp; &nbsp; &nbsp; &nbsp; &nbsp; &nbsp; &nbsp; &nbsp; 250 ml CHF 12.00 1 lt bidon m\u00e9tal CHF 32.00 1 lt bidon plastique CHF 30.00 &nbsp; &nbsp; &nbsp; &nbsp; &nbsp; El\u00e9ments nutritifs, antioxydants et anti-inflammatoires Le sirop d\u2019\u00e9rable poss\u00e8de des propri\u00e9t\u00e9s antioxydantes et anti-inflammatoires identiques \u00e0 celles de l\u2019autre aliment sant\u00e9 \u00ab vedette \u00bb que repr\u00e9sente le th\u00e9&nbsp;Weiter lesen\" \/>\n<meta property=\"og:url\" content=\"https:\/\/bien-etreiris.ch\/de\/ratgeber-klarheit-beratung\/gesunder-lebensstil\/naehrstoffe\/inhaltsstoffe-in-unseren-lebensmitteln\/zucker\/ahorn-sirup\/\" \/>\n<meta property=\"og:site_name\" content=\"WOHLBEFINDEN\" \/>\n<meta property=\"article:publisher\" content=\"https:\/\/www.facebook.com\/bienetreiris\/\" \/>\n<meta property=\"article:modified_time\" content=\"2021-06-03T06:26:37+00:00\" \/>\n<meta property=\"og:image\" content=\"https:\/\/bien-etreiris.ch\/wp-content\/uploads\/2021\/05\/acceuil-siop-derable.jpg\" \/>\n\t<meta property=\"og:image:width\" content=\"500\" \/>\n\t<meta property=\"og:image:height\" content=\"333\" \/>\n\t<meta property=\"og:image:type\" content=\"image\/jpeg\" \/>\n<meta name=\"twitter:label1\" content=\"Gesch\u00e4tzte Lesezeit\" \/>\n\t<meta name=\"twitter:data1\" content=\"2\u00a0Minuten\" \/>\n<script type=\"application\/ld+json\" class=\"yoast-schema-graph\">{\"@context\":\"https:\\\/\\\/schema.org\",\"@graph\":[{\"@type\":\"WebPage\",\"@id\":\"https:\\\/\\\/bien-etreiris.ch\\\/de\\\/ratgeber-klarheit-beratung\\\/gesunder-lebensstil\\\/naehrstoffe\\\/inhaltsstoffe-in-unseren-lebensmitteln\\\/zucker\\\/ahorn-sirup\\\/\",\"url\":\"https:\\\/\\\/bien-etreiris.ch\\\/de\\\/ratgeber-klarheit-beratung\\\/gesunder-lebensstil\\\/naehrstoffe\\\/inhaltsstoffe-in-unseren-lebensmitteln\\\/zucker\\\/ahorn-sirup\\\/\",\"name\":\"AHORN SIRUP - WOHLBEFINDEN\",\"isPartOf\":{\"@id\":\"https:\\\/\\\/bien-etreiris.ch\\\/de\\\/#website\"},\"primaryImageOfPage\":{\"@id\":\"https:\\\/\\\/bien-etreiris.ch\\\/de\\\/ratgeber-klarheit-beratung\\\/gesunder-lebensstil\\\/naehrstoffe\\\/inhaltsstoffe-in-unseren-lebensmitteln\\\/zucker\\\/ahorn-sirup\\\/#primaryimage\"},\"image\":{\"@id\":\"https:\\\/\\\/bien-etreiris.ch\\\/de\\\/ratgeber-klarheit-beratung\\\/gesunder-lebensstil\\\/naehrstoffe\\\/inhaltsstoffe-in-unseren-lebensmitteln\\\/zucker\\\/ahorn-sirup\\\/#primaryimage\"},\"thumbnailUrl\":\"https:\\\/\\\/bien-etreiris.ch\\\/wp-content\\\/uploads\\\/2021\\\/05\\\/acceuil-siop-derable.jpg\",\"datePublished\":\"2021-05-22T17:06:39+00:00\",\"dateModified\":\"2021-06-03T06:26:37+00:00\",\"breadcrumb\":{\"@id\":\"https:\\\/\\\/bien-etreiris.ch\\\/de\\\/ratgeber-klarheit-beratung\\\/gesunder-lebensstil\\\/naehrstoffe\\\/inhaltsstoffe-in-unseren-lebensmitteln\\\/zucker\\\/ahorn-sirup\\\/#breadcrumb\"},\"inLanguage\":\"de\",\"potentialAction\":[{\"@type\":\"ReadAction\",\"target\":[\"https:\\\/\\\/bien-etreiris.ch\\\/de\\\/ratgeber-klarheit-beratung\\\/gesunder-lebensstil\\\/naehrstoffe\\\/inhaltsstoffe-in-unseren-lebensmitteln\\\/zucker\\\/ahorn-sirup\\\/\"]}]},{\"@type\":\"ImageObject\",\"inLanguage\":\"de\",\"@id\":\"https:\\\/\\\/bien-etreiris.ch\\\/de\\\/ratgeber-klarheit-beratung\\\/gesunder-lebensstil\\\/naehrstoffe\\\/inhaltsstoffe-in-unseren-lebensmitteln\\\/zucker\\\/ahorn-sirup\\\/#primaryimage\",\"url\":\"https:\\\/\\\/bien-etreiris.ch\\\/wp-content\\\/uploads\\\/2021\\\/05\\\/acceuil-siop-derable.jpg\",\"contentUrl\":\"https:\\\/\\\/bien-etreiris.ch\\\/wp-content\\\/uploads\\\/2021\\\/05\\\/acceuil-siop-derable.jpg\",\"width\":500,\"height\":333},{\"@type\":\"BreadcrumbList\",\"@id\":\"https:\\\/\\\/bien-etreiris.ch\\\/de\\\/ratgeber-klarheit-beratung\\\/gesunder-lebensstil\\\/naehrstoffe\\\/inhaltsstoffe-in-unseren-lebensmitteln\\\/zucker\\\/ahorn-sirup\\\/#breadcrumb\",\"itemListElement\":[{\"@type\":\"ListItem\",\"position\":1,\"name\":\"Home\",\"item\":\"https:\\\/\\\/bien-etreiris.ch\\\/de\\\/\"},{\"@type\":\"ListItem\",\"position\":2,\"name\":\"RATGEBER &#038; KLARHEIT\",\"item\":\"https:\\\/\\\/bien-etreiris.ch\\\/de\\\/ratgeber-klarheit-beratung\\\/\"},{\"@type\":\"ListItem\",\"position\":3,\"name\":\"GESUNDER LEBENSSTIL\",\"item\":\"https:\\\/\\\/bien-etreiris.ch\\\/de\\\/ratgeber-klarheit-beratung\\\/gesunder-lebensstil\\\/\"},{\"@type\":\"ListItem\",\"position\":4,\"name\":\"N\u00c4HRSTOFFE\",\"item\":\"https:\\\/\\\/bien-etreiris.ch\\\/de\\\/ratgeber-klarheit-beratung\\\/naehrstoffe\\\/\"},{\"@type\":\"ListItem\",\"position\":5,\"name\":\"INHALTSSTOFFE\",\"item\":\"https:\\\/\\\/bien-etreiris.ch\\\/de\\\/ratgeber-klarheit-beratung\\\/gesunder-lebensstil\\\/naehrstoffe\\\/inhaltsstoffe-in-unseren-lebensmitteln\\\/\"},{\"@type\":\"ListItem\",\"position\":6,\"name\":\"ZUCKER\",\"item\":\"https:\\\/\\\/bien-etreiris.ch\\\/de\\\/ratgeber-klarheit-beratung\\\/gesunder-lebensstil\\\/naehrstoffe\\\/inhaltsstoffe-in-unseren-lebensmitteln\\\/zucker\\\/\"},{\"@type\":\"ListItem\",\"position\":7,\"name\":\"AHORN SIRUP\"}]},{\"@type\":\"WebSite\",\"@id\":\"https:\\\/\\\/bien-etreiris.ch\\\/de\\\/#website\",\"url\":\"https:\\\/\\\/bien-etreiris.ch\\\/de\\\/\",\"name\":\"Bien-\u00eatre Iris\",\"description\":\"IHRE Gesundheit ist uns wichtig\",\"potentialAction\":[{\"@type\":\"SearchAction\",\"target\":{\"@type\":\"EntryPoint\",\"urlTemplate\":\"https:\\\/\\\/bien-etreiris.ch\\\/de\\\/?s={search_term_string}\"},\"query-input\":{\"@type\":\"PropertyValueSpecification\",\"valueRequired\":true,\"valueName\":\"search_term_string\"}}],\"inLanguage\":\"de\"}]}<\/script>\n<!-- \/ Yoast SEO plugin. -->","yoast_head_json":{"title":"AHORN SIRUP - WOHLBEFINDEN","robots":{"index":"index","follow":"follow","max-snippet":"max-snippet:-1","max-image-preview":"max-image-preview:large","max-video-preview":"max-video-preview:-1"},"canonical":"https:\/\/bien-etreiris.ch\/de\/ratgeber-klarheit-beratung\/gesunder-lebensstil\/naehrstoffe\/inhaltsstoffe-in-unseren-lebensmitteln\/zucker\/ahorn-sirup\/","og_locale":"de_DE","og_type":"article","og_title":"AHORN SIRUP - WOHLBEFINDEN","og_description":"Sirop d\u2019\u00e9rable &nbsp; &nbsp; &nbsp; &nbsp; &nbsp; &nbsp; &nbsp; &nbsp; &nbsp; 250 ml CHF 12.00 1 lt bidon m\u00e9tal CHF 32.00 1 lt bidon plastique CHF 30.00 &nbsp; &nbsp; &nbsp; &nbsp; &nbsp; El\u00e9ments nutritifs, antioxydants et anti-inflammatoires Le sirop d\u2019\u00e9rable poss\u00e8de des propri\u00e9t\u00e9s antioxydantes et anti-inflammatoires identiques \u00e0 celles de l\u2019autre aliment sant\u00e9 \u00ab vedette \u00bb que repr\u00e9sente le th\u00e9&nbsp;Weiter lesen","og_url":"https:\/\/bien-etreiris.ch\/de\/ratgeber-klarheit-beratung\/gesunder-lebensstil\/naehrstoffe\/inhaltsstoffe-in-unseren-lebensmitteln\/zucker\/ahorn-sirup\/","og_site_name":"WOHLBEFINDEN","article_publisher":"https:\/\/www.facebook.com\/bienetreiris\/","article_modified_time":"2021-06-03T06:26:37+00:00","og_image":[{"width":500,"height":333,"url":"https:\/\/bien-etreiris.ch\/wp-content\/uploads\/2021\/05\/acceuil-siop-derable.jpg","type":"image\/jpeg"}],"twitter_misc":{"Gesch\u00e4tzte Lesezeit":"2\u00a0Minuten"},"schema":{"@context":"https:\/\/schema.org","@graph":[{"@type":"WebPage","@id":"https:\/\/bien-etreiris.ch\/de\/ratgeber-klarheit-beratung\/gesunder-lebensstil\/naehrstoffe\/inhaltsstoffe-in-unseren-lebensmitteln\/zucker\/ahorn-sirup\/","url":"https:\/\/bien-etreiris.ch\/de\/ratgeber-klarheit-beratung\/gesunder-lebensstil\/naehrstoffe\/inhaltsstoffe-in-unseren-lebensmitteln\/zucker\/ahorn-sirup\/","name":"AHORN SIRUP - WOHLBEFINDEN","isPartOf":{"@id":"https:\/\/bien-etreiris.ch\/de\/#website"},"primaryImageOfPage":{"@id":"https:\/\/bien-etreiris.ch\/de\/ratgeber-klarheit-beratung\/gesunder-lebensstil\/naehrstoffe\/inhaltsstoffe-in-unseren-lebensmitteln\/zucker\/ahorn-sirup\/#primaryimage"},"image":{"@id":"https:\/\/bien-etreiris.ch\/de\/ratgeber-klarheit-beratung\/gesunder-lebensstil\/naehrstoffe\/inhaltsstoffe-in-unseren-lebensmitteln\/zucker\/ahorn-sirup\/#primaryimage"},"thumbnailUrl":"https:\/\/bien-etreiris.ch\/wp-content\/uploads\/2021\/05\/acceuil-siop-derable.jpg","datePublished":"2021-05-22T17:06:39+00:00","dateModified":"2021-06-03T06:26:37+00:00","breadcrumb":{"@id":"https:\/\/bien-etreiris.ch\/de\/ratgeber-klarheit-beratung\/gesunder-lebensstil\/naehrstoffe\/inhaltsstoffe-in-unseren-lebensmitteln\/zucker\/ahorn-sirup\/#breadcrumb"},"inLanguage":"de","potentialAction":[{"@type":"ReadAction","target":["https:\/\/bien-etreiris.ch\/de\/ratgeber-klarheit-beratung\/gesunder-lebensstil\/naehrstoffe\/inhaltsstoffe-in-unseren-lebensmitteln\/zucker\/ahorn-sirup\/"]}]},{"@type":"ImageObject","inLanguage":"de","@id":"https:\/\/bien-etreiris.ch\/de\/ratgeber-klarheit-beratung\/gesunder-lebensstil\/naehrstoffe\/inhaltsstoffe-in-unseren-lebensmitteln\/zucker\/ahorn-sirup\/#primaryimage","url":"https:\/\/bien-etreiris.ch\/wp-content\/uploads\/2021\/05\/acceuil-siop-derable.jpg","contentUrl":"https:\/\/bien-etreiris.ch\/wp-content\/uploads\/2021\/05\/acceuil-siop-derable.jpg","width":500,"height":333},{"@type":"BreadcrumbList","@id":"https:\/\/bien-etreiris.ch\/de\/ratgeber-klarheit-beratung\/gesunder-lebensstil\/naehrstoffe\/inhaltsstoffe-in-unseren-lebensmitteln\/zucker\/ahorn-sirup\/#breadcrumb","itemListElement":[{"@type":"ListItem","position":1,"name":"Home","item":"https:\/\/bien-etreiris.ch\/de\/"},{"@type":"ListItem","position":2,"name":"RATGEBER &#038; KLARHEIT","item":"https:\/\/bien-etreiris.ch\/de\/ratgeber-klarheit-beratung\/"},{"@type":"ListItem","position":3,"name":"GESUNDER LEBENSSTIL","item":"https:\/\/bien-etreiris.ch\/de\/ratgeber-klarheit-beratung\/gesunder-lebensstil\/"},{"@type":"ListItem","position":4,"name":"N\u00c4HRSTOFFE","item":"https:\/\/bien-etreiris.ch\/de\/ratgeber-klarheit-beratung\/naehrstoffe\/"},{"@type":"ListItem","position":5,"name":"INHALTSSTOFFE","item":"https:\/\/bien-etreiris.ch\/de\/ratgeber-klarheit-beratung\/gesunder-lebensstil\/naehrstoffe\/inhaltsstoffe-in-unseren-lebensmitteln\/"},{"@type":"ListItem","position":6,"name":"ZUCKER","item":"https:\/\/bien-etreiris.ch\/de\/ratgeber-klarheit-beratung\/gesunder-lebensstil\/naehrstoffe\/inhaltsstoffe-in-unseren-lebensmitteln\/zucker\/"},{"@type":"ListItem","position":7,"name":"AHORN SIRUP"}]},{"@type":"WebSite","@id":"https:\/\/bien-etreiris.ch\/de\/#website","url":"https:\/\/bien-etreiris.ch\/de\/","name":"Bien-\u00eatre Iris","description":"IHRE Gesundheit ist uns wichtig","potentialAction":[{"@type":"SearchAction","target":{"@type":"EntryPoint","urlTemplate":"https:\/\/bien-etreiris.ch\/de\/?s={search_term_string}"},"query-input":{"@type":"PropertyValueSpecification","valueRequired":true,"valueName":"search_term_string"}}],"inLanguage":"de"}]}},"_links":{"self":[{"href":"https:\/\/bien-etreiris.ch\/de\/wp-json\/wp\/v2\/pages\/46187","targetHints":{"allow":["GET"]}}],"collection":[{"href":"https:\/\/bien-etreiris.ch\/de\/wp-json\/wp\/v2\/pages"}],"about":[{"href":"https:\/\/bien-etreiris.ch\/de\/wp-json\/wp\/v2\/types\/page"}],"author":[{"embeddable":true,"href":"https:\/\/bien-etreiris.ch\/de\/wp-json\/wp\/v2\/users\/1"}],"replies":[{"embeddable":true,"href":"https:\/\/bien-etreiris.ch\/de\/wp-json\/wp\/v2\/comments?post=46187"}],"version-history":[{"count":6,"href":"https:\/\/bien-etreiris.ch\/de\/wp-json\/wp\/v2\/pages\/46187\/revisions"}],"predecessor-version":[{"id":49238,"href":"https:\/\/bien-etreiris.ch\/de\/wp-json\/wp\/v2\/pages\/46187\/revisions\/49238"}],"up":[{"embeddable":true,"href":"https:\/\/bien-etreiris.ch\/de\/wp-json\/wp\/v2\/pages\/55501"}],"wp:featuredmedia":[{"embeddable":true,"href":"https:\/\/bien-etreiris.ch\/de\/wp-json\/wp\/v2\/media\/46185"}],"wp:attachment":[{"href":"https:\/\/bien-etreiris.ch\/de\/wp-json\/wp\/v2\/media?parent=46187"}],"curies":[{"name":"wp","href":"https:\/\/api.w.org\/{rel}","templated":true}]}}