{"id":46176,"date":"2021-05-22T18:59:40","date_gmt":"2021-05-22T16:59:40","guid":{"rendered":"https:\/\/bien-etreiris.ch\/?page_id=46176"},"modified":"2021-06-08T21:34:05","modified_gmt":"2021-06-08T19:34:05","slug":"apalac","status":"publish","type":"page","link":"https:\/\/bien-etreiris.ch\/de\/unsere-marken\/apalac\/","title":{"rendered":"APALAC"},"content":{"rendered":"\n<div class=\"spb_content_element col-sm-6 spb_text_column\">\n<p>Wir importieren schon seit vielen Jahren Ahornprodukte. Unser Ansatz basiert auf einem lokalen Service. Wir w\u00e4hlen Produzenten vor Ort in Kanada aus und importieren die Ware direkt. Dank verschiedener Vertriebswege k\u00f6nnen wir unsere Produkte zu den besten Preisen und in k\u00fcrzester Zeit anbieten.<\/p>\n<p>&nbsp;<\/p>\n<h4>Unsere Werte<\/h4>\n<p>&nbsp;<\/p>\n<ul style=\"list-style-type: disc;\">\n<li>Langfristig Qualit\u00e4tsprodukte anbieten<\/li>\n<li>Unseren Kunden, ob Privatpersonen oder Unternehmen, zuh\u00f6ren und auf ihre Bed\u00fcrfnisse eingehen<\/li>\n<li>Mit dem Ziel zu arbeiten, unsere Kunden zufrieden zu stellen<\/li>\n<li>Um eine schnelle und regelm\u00e4\u00dfige Lieferung im Vertrieb unserer Produkte zu gew\u00e4hrleisten<\/li>\n<li>Produkte zu liefern, die den Werten der nachhaltigen Entwicklung entsprechen<\/li>\n<li>Um nach neuen Produkten Ausschau zu halten<\/li>\n<li>Arbeiten Sie in einer Beziehung von Respekt und Vertrauen mit unseren Kunden<\/li>\n<li>Transparent mit unseren Lieferanten zu arbeiten<\/li>\n<li>Verantwortlich sein und unsere Missionen und Werte \u00fcbernehmen<\/li>\n<\/ul>\n<\/div>\n<p>&nbsp;<\/p>\n<h2><a href=\"https:\/\/bien-etreiris.ch\/de\/produktpraesentation\/gesundes-leben\/gesunde-nahrungsmittel\/zutaten-wohlbefinden\/zuckeralternativen\/ahorn-sirup\/\" target=\"_blank\" rel=\"noopener\">AHORN SIRUP<\/a><\/h2>\n<p>&nbsp;<\/p>\n<h2><a href=\"https:\/\/bien-etreiris.ch\/de\/produktpraesentation\/gesundes-leben\/gesunde-nahrungsmittel\/zutaten-wohlbefinden\/zuckeralternativen\/ahornzucker\/\" target=\"_blank\" rel=\"noopener\">AHORNZUCKER<\/a><\/h2>\n","protected":false},"excerpt":{"rendered":"<p>Wir importieren schon seit vielen Jahren Ahornprodukte. Unser Ansatz basiert auf einem lokalen Service. Wir w\u00e4hlen Produzenten vor Ort in Kanada aus und importieren die Ware direkt. Dank verschiedener Vertriebswege k\u00f6nnen wir unsere Produkte zu den besten Preisen und in k\u00fcrzester Zeit anbieten. &nbsp; Unsere Werte &nbsp; Langfristig Qualit\u00e4tsprodukte anbieten Unseren Kunden, ob Privatpersonen oder Unternehmen, zuh\u00f6ren und auf ihre&nbsp;<a href=\"https:\/\/bien-etreiris.ch\/de\/unsere-marken\/apalac\/\" class=\"read-more\">Weiter lesen<\/a><\/p>\n","protected":false},"author":1,"featured_media":46174,"parent":44406,"menu_order":5570,"comment_status":"closed","ping_status":"closed","template":"page-with-child.php","meta":{"_acf_changed":false,"ngg_post_thumbnail":0,"footnotes":""},"class_list":["post-46176","page","type-page","status-publish","has-post-thumbnail","hentry"],"acf":[],"yoast_head":"<!-- This site is optimized with the Yoast SEO plugin v27.5 - https:\/\/yoast.com\/product\/yoast-seo-wordpress\/ -->\n<title>APALAC - WOHLBEFINDEN<\/title>\n<meta name=\"robots\" content=\"index, follow, max-snippet:-1, max-image-preview:large, max-video-preview:-1\" \/>\n<link rel=\"canonical\" href=\"https:\/\/bien-etreiris.ch\/de\/unsere-marken\/apalac\/\" \/>\n<meta property=\"og:locale\" content=\"de_DE\" \/>\n<meta property=\"og:type\" content=\"article\" \/>\n<meta property=\"og:title\" content=\"APALAC - WOHLBEFINDEN\" \/>\n<meta property=\"og:description\" content=\"Wir importieren schon seit vielen Jahren Ahornprodukte. Unser Ansatz basiert auf einem lokalen Service. Wir w\u00e4hlen Produzenten vor Ort in Kanada aus und importieren die Ware direkt. Dank verschiedener Vertriebswege k\u00f6nnen wir unsere Produkte zu den besten Preisen und in k\u00fcrzester Zeit anbieten. &nbsp; Unsere Werte &nbsp; Langfristig Qualit\u00e4tsprodukte anbieten Unseren Kunden, ob Privatpersonen oder Unternehmen, zuh\u00f6ren und auf ihre&nbsp;Weiter lesen\" \/>\n<meta property=\"og:url\" content=\"https:\/\/bien-etreiris.ch\/de\/unsere-marken\/apalac\/\" \/>\n<meta property=\"og:site_name\" content=\"WOHLBEFINDEN\" \/>\n<meta property=\"article:publisher\" content=\"https:\/\/www.facebook.com\/bienetreiris\/\" \/>\n<meta property=\"article:modified_time\" content=\"2021-06-08T19:34:05+00:00\" \/>\n<meta property=\"og:image\" content=\"https:\/\/bien-etreiris.ch\/wp-content\/uploads\/2021\/05\/APALAC.png\" \/>\n\t<meta property=\"og:image:width\" content=\"500\" \/>\n\t<meta property=\"og:image:height\" content=\"344\" \/>\n\t<meta property=\"og:image:type\" content=\"image\/png\" \/>\n<meta name=\"twitter:label1\" content=\"Gesch\u00e4tzte Lesezeit\" \/>\n\t<meta name=\"twitter:data1\" content=\"1\u00a0Minute\" \/>\n<script type=\"application\/ld+json\" class=\"yoast-schema-graph\">{\"@context\":\"https:\\\/\\\/schema.org\",\"@graph\":[{\"@type\":\"WebPage\",\"@id\":\"https:\\\/\\\/bien-etreiris.ch\\\/de\\\/unsere-marken\\\/apalac\\\/\",\"url\":\"https:\\\/\\\/bien-etreiris.ch\\\/de\\\/unsere-marken\\\/apalac\\\/\",\"name\":\"APALAC - WOHLBEFINDEN\",\"isPartOf\":{\"@id\":\"https:\\\/\\\/bien-etreiris.ch\\\/de\\\/#website\"},\"primaryImageOfPage\":{\"@id\":\"https:\\\/\\\/bien-etreiris.ch\\\/de\\\/unsere-marken\\\/apalac\\\/#primaryimage\"},\"image\":{\"@id\":\"https:\\\/\\\/bien-etreiris.ch\\\/de\\\/unsere-marken\\\/apalac\\\/#primaryimage\"},\"thumbnailUrl\":\"https:\\\/\\\/bien-etreiris.ch\\\/wp-content\\\/uploads\\\/2021\\\/05\\\/APALAC.png\",\"datePublished\":\"2021-05-22T16:59:40+00:00\",\"dateModified\":\"2021-06-08T19:34:05+00:00\",\"breadcrumb\":{\"@id\":\"https:\\\/\\\/bien-etreiris.ch\\\/de\\\/unsere-marken\\\/apalac\\\/#breadcrumb\"},\"inLanguage\":\"de\",\"potentialAction\":[{\"@type\":\"ReadAction\",\"target\":[\"https:\\\/\\\/bien-etreiris.ch\\\/de\\\/unsere-marken\\\/apalac\\\/\"]}]},{\"@type\":\"ImageObject\",\"inLanguage\":\"de\",\"@id\":\"https:\\\/\\\/bien-etreiris.ch\\\/de\\\/unsere-marken\\\/apalac\\\/#primaryimage\",\"url\":\"https:\\\/\\\/bien-etreiris.ch\\\/wp-content\\\/uploads\\\/2021\\\/05\\\/APALAC.png\",\"contentUrl\":\"https:\\\/\\\/bien-etreiris.ch\\\/wp-content\\\/uploads\\\/2021\\\/05\\\/APALAC.png\",\"width\":500,\"height\":344},{\"@type\":\"BreadcrumbList\",\"@id\":\"https:\\\/\\\/bien-etreiris.ch\\\/de\\\/unsere-marken\\\/apalac\\\/#breadcrumb\",\"itemListElement\":[{\"@type\":\"ListItem\",\"position\":1,\"name\":\"Home\",\"item\":\"https:\\\/\\\/bien-etreiris.ch\\\/de\\\/\"},{\"@type\":\"ListItem\",\"position\":2,\"name\":\"UNSERE MARKEN\",\"item\":\"https:\\\/\\\/bien-etreiris.ch\\\/de\\\/unsere-marken\\\/\"},{\"@type\":\"ListItem\",\"position\":3,\"name\":\"APALAC\"}]},{\"@type\":\"WebSite\",\"@id\":\"https:\\\/\\\/bien-etreiris.ch\\\/de\\\/#website\",\"url\":\"https:\\\/\\\/bien-etreiris.ch\\\/de\\\/\",\"name\":\"Bien-\u00eatre Iris\",\"description\":\"IHRE Gesundheit ist uns wichtig\",\"potentialAction\":[{\"@type\":\"SearchAction\",\"target\":{\"@type\":\"EntryPoint\",\"urlTemplate\":\"https:\\\/\\\/bien-etreiris.ch\\\/de\\\/?s={search_term_string}\"},\"query-input\":{\"@type\":\"PropertyValueSpecification\",\"valueRequired\":true,\"valueName\":\"search_term_string\"}}],\"inLanguage\":\"de\"}]}<\/script>\n<!-- \/ Yoast SEO plugin. -->","yoast_head_json":{"title":"APALAC - WOHLBEFINDEN","robots":{"index":"index","follow":"follow","max-snippet":"max-snippet:-1","max-image-preview":"max-image-preview:large","max-video-preview":"max-video-preview:-1"},"canonical":"https:\/\/bien-etreiris.ch\/de\/unsere-marken\/apalac\/","og_locale":"de_DE","og_type":"article","og_title":"APALAC - WOHLBEFINDEN","og_description":"Wir importieren schon seit vielen Jahren Ahornprodukte. Unser Ansatz basiert auf einem lokalen Service. Wir w\u00e4hlen Produzenten vor Ort in Kanada aus und importieren die Ware direkt. Dank verschiedener Vertriebswege k\u00f6nnen wir unsere Produkte zu den besten Preisen und in k\u00fcrzester Zeit anbieten. &nbsp; Unsere Werte &nbsp; Langfristig Qualit\u00e4tsprodukte anbieten Unseren Kunden, ob Privatpersonen oder Unternehmen, zuh\u00f6ren und auf ihre&nbsp;Weiter lesen","og_url":"https:\/\/bien-etreiris.ch\/de\/unsere-marken\/apalac\/","og_site_name":"WOHLBEFINDEN","article_publisher":"https:\/\/www.facebook.com\/bienetreiris\/","article_modified_time":"2021-06-08T19:34:05+00:00","og_image":[{"width":500,"height":344,"url":"https:\/\/bien-etreiris.ch\/wp-content\/uploads\/2021\/05\/APALAC.png","type":"image\/png"}],"twitter_misc":{"Gesch\u00e4tzte Lesezeit":"1\u00a0Minute"},"schema":{"@context":"https:\/\/schema.org","@graph":[{"@type":"WebPage","@id":"https:\/\/bien-etreiris.ch\/de\/unsere-marken\/apalac\/","url":"https:\/\/bien-etreiris.ch\/de\/unsere-marken\/apalac\/","name":"APALAC - WOHLBEFINDEN","isPartOf":{"@id":"https:\/\/bien-etreiris.ch\/de\/#website"},"primaryImageOfPage":{"@id":"https:\/\/bien-etreiris.ch\/de\/unsere-marken\/apalac\/#primaryimage"},"image":{"@id":"https:\/\/bien-etreiris.ch\/de\/unsere-marken\/apalac\/#primaryimage"},"thumbnailUrl":"https:\/\/bien-etreiris.ch\/wp-content\/uploads\/2021\/05\/APALAC.png","datePublished":"2021-05-22T16:59:40+00:00","dateModified":"2021-06-08T19:34:05+00:00","breadcrumb":{"@id":"https:\/\/bien-etreiris.ch\/de\/unsere-marken\/apalac\/#breadcrumb"},"inLanguage":"de","potentialAction":[{"@type":"ReadAction","target":["https:\/\/bien-etreiris.ch\/de\/unsere-marken\/apalac\/"]}]},{"@type":"ImageObject","inLanguage":"de","@id":"https:\/\/bien-etreiris.ch\/de\/unsere-marken\/apalac\/#primaryimage","url":"https:\/\/bien-etreiris.ch\/wp-content\/uploads\/2021\/05\/APALAC.png","contentUrl":"https:\/\/bien-etreiris.ch\/wp-content\/uploads\/2021\/05\/APALAC.png","width":500,"height":344},{"@type":"BreadcrumbList","@id":"https:\/\/bien-etreiris.ch\/de\/unsere-marken\/apalac\/#breadcrumb","itemListElement":[{"@type":"ListItem","position":1,"name":"Home","item":"https:\/\/bien-etreiris.ch\/de\/"},{"@type":"ListItem","position":2,"name":"UNSERE MARKEN","item":"https:\/\/bien-etreiris.ch\/de\/unsere-marken\/"},{"@type":"ListItem","position":3,"name":"APALAC"}]},{"@type":"WebSite","@id":"https:\/\/bien-etreiris.ch\/de\/#website","url":"https:\/\/bien-etreiris.ch\/de\/","name":"Bien-\u00eatre Iris","description":"IHRE Gesundheit ist uns wichtig","potentialAction":[{"@type":"SearchAction","target":{"@type":"EntryPoint","urlTemplate":"https:\/\/bien-etreiris.ch\/de\/?s={search_term_string}"},"query-input":{"@type":"PropertyValueSpecification","valueRequired":true,"valueName":"search_term_string"}}],"inLanguage":"de"}]}},"_links":{"self":[{"href":"https:\/\/bien-etreiris.ch\/de\/wp-json\/wp\/v2\/pages\/46176","targetHints":{"allow":["GET"]}}],"collection":[{"href":"https:\/\/bien-etreiris.ch\/de\/wp-json\/wp\/v2\/pages"}],"about":[{"href":"https:\/\/bien-etreiris.ch\/de\/wp-json\/wp\/v2\/types\/page"}],"author":[{"embeddable":true,"href":"https:\/\/bien-etreiris.ch\/de\/wp-json\/wp\/v2\/users\/1"}],"replies":[{"embeddable":true,"href":"https:\/\/bien-etreiris.ch\/de\/wp-json\/wp\/v2\/comments?post=46176"}],"version-history":[{"count":8,"href":"https:\/\/bien-etreiris.ch\/de\/wp-json\/wp\/v2\/pages\/46176\/revisions"}],"predecessor-version":[{"id":50183,"href":"https:\/\/bien-etreiris.ch\/de\/wp-json\/wp\/v2\/pages\/46176\/revisions\/50183"}],"up":[{"embeddable":true,"href":"https:\/\/bien-etreiris.ch\/de\/wp-json\/wp\/v2\/pages\/44406"}],"wp:featuredmedia":[{"embeddable":true,"href":"https:\/\/bien-etreiris.ch\/de\/wp-json\/wp\/v2\/media\/46174"}],"wp:attachment":[{"href":"https:\/\/bien-etreiris.ch\/de\/wp-json\/wp\/v2\/media?parent=46176"}],"curies":[{"name":"wp","href":"https:\/\/api.w.org\/{rel}","templated":true}]}}