{"id":46136,"date":"2021-05-22T17:11:39","date_gmt":"2021-05-22T15:11:39","guid":{"rendered":"https:\/\/bien-etreiris.ch\/?page_id=46136"},"modified":"2021-06-03T08:30:56","modified_gmt":"2021-06-03T06:30:56","slug":"birkenzucker","status":"publish","type":"page","link":"https:\/\/bien-etreiris.ch\/de\/ratgeber-klarheit-beratung\/gesunder-lebensstil\/naehrstoffe\/lebensmittel\/zucker-und-suessstoff\/edulcorants-alternatifs\/zucker\/birkenzucker\/","title":{"rendered":"BIRKENZUCKER"},"content":{"rendered":"\n<h2>Sucre de bouleau<\/h2>\n<p>Le sucre de bouleau est un sucre de table \u00e0 base de xylitol, d\u00e9riv\u00e9 du mot grec xylon (bois). Vers 1890, le professeur de chimie allemand Emil Fischer a s\u00e9par\u00e9 un compos\u00e9 jusqu'alors inconnu des copeaux de bois. On l'appelait le xylitol. En 1902, le Dr Fischer a re\u00e7u le prix Nobel de chimie pour ses nombreuses r\u00e9alisations. Au d\u00e9but de son utilisation et de la recherche, le xylitol \u00e9tait obtenu comme mati\u00e8re premi\u00e8re \u00e0 partir du bouleau finlandais, entre autres, et \u00e9tait donc \u00e9galement appel\u00e9 sucre de bouleau.<\/p>\n<p>Pour le xylitol finlandais de Danisco (qui est utilis\u00e9 par Tautona Birkenzucker), seule la chaleur est utilis\u00e9e, c'est-\u00e0-dire sans recours \u00e0 des produits chimiques. Pour le xylitol finlandais, Danisco n'utilise que du bois issu de la sylviculture durable (principalement du bouleau et du h\u00eatre), dont la teneur en xylane est d'environ 27 %. Dans une autre \u00e9tape de traitement, le xylitol est produit \u00e0 partir du xylose par hydrog\u00e9nation dans un catalyseur au nickel de Raney.<br>Augmentation de la glyc\u00e9mie (IG) :<\/p>\n<p>\u00c9l\u00e9vation de la glyc\u00e9mie (IG) : la consommation d'aliments\/de boissons contenant du sucre de bouleau au lieu du sucre classique entra\u00eene une \u00e9l\u00e9vation de la glyc\u00e9mie postprandiale plus faible que celle du sucre classique.<br>Calories<\/p>\n<p>En raison de la valeur calorique inf\u00e9rieure du sucre de bouleau, le produit fournit 40 % de calories en moins que le sucre conventionnel.<br>Glucides<\/p>\n<p>Les glucides comprennent divers groupes de substances, dont les sucres. Amidon, etc. Le sucre de bouleau appartient aux alcools polyhydriques (\u00e9galement appel\u00e9s polyols) et, par rapport au sucre et \u00e0 l'amidon classiques, seul un quart environ est absorb\u00e9 dans l'intestin gr\u00eale et transform\u00e9 en glucose dans l'organisme. Le reste du sucre de bouleau est ferment\u00e9 dans le gros intestin par les bact\u00e9ries intestinales en acides gras volatils \u00e0 cha\u00eene courte (lat. fermentum ; fermentation). Le sucre de bouleau contient donc 75% de glucides en moins utilisables par l'organisme que le sucre classique.<br>D\u00e9min\u00e9ralisation des dents<\/p>\n<p>La consommation fr\u00e9quente de sucre conventionnel entra\u00eene la d\u00e9min\u00e9ralisation des dents. La consommation d'aliments et de boissons contenant du sucre de bouleau au lieu du sucre ordinaire peut contribuer \u00e0 la remin\u00e9ralisation des dents.<\/p>\n<p>La prise de nourriture entra\u00eene la formation de la plaque dentaire. Avec les bact\u00e9ries. qui s'accumulent sur la dent. dans les crevasses de l'\u00e9mail et de la gencive et dans les espaces entre les dents. Ces bact\u00e9ries commencent \u00e0 d\u00e9composer chimiquement les glucides (sucres) contenus dans les aliments d\u00e8s que vous mangez, en produisant des acides agressifs. R\u00e9sultat : en quelques minutes, le pH de la bouche passe dans la zone acide et les acides agressifs des bact\u00e9ries \u00e9liminent progressivement les \u00e9l\u00e9ments min\u00e9raux de l'\u00e9mail des dents (d\u00e9min\u00e9ralisation).<\/p>\n<p>Les aliments \u00e9dulcor\u00e9s au sucre de bouleau peuvent emp\u00eacher cette d\u00e9min\u00e9ralisation.<\/p>\n<p>Le sucre de bouleau est un \u00e9dulcorant de table \u00e0 base de xylitol. 1g de sucre de bouleau correspond au pouvoir sucrant de 1g de sucre classique.<\/p>\n<p>Le sucre de bouleau de Tautona est fabriqu\u00e9 \u00e0 partir de bouleau\/h\u00eatre et ne contient ni colorant ni conservateur. Il est id\u00e9al pour la production de produits de boulangerie, de desserts, de confitures et peut \u00eatre consomm\u00e9 chaud ou froid.<\/p>\n<p>Le sucre de bouleau peut \u00eatre utilis\u00e9 comme exhausteur de go\u00fbt en cuisine.<\/p>\n<p>Le sucre de bouleau a un effet l\u00e9g\u00e8rement rafra\u00eechissant lorsqu'il est ing\u00e9r\u00e9. Il peut avoir un effet laxatif s'il est consomm\u00e9 en exc\u00e8s et pendant la p\u00e9riode d'acclimatation de 4 \u00e0 5 semaines.<\/p>\n<p>Le sucre de bouleau ne peut pas \u00eatre utilis\u00e9 par la levure et ne convient donc pas \u00e0 la production de p\u00e2te \u00e0 base de levure. Le sucre de bouleau ne convient pas \u00e0 l'alimentation animale. Prot\u00e9ger de la chaleur et de l'humidit\u00e9.<\/p>\n<p>Ne convient pas \u00e0 l'alimentation animale !<\/p>\n","protected":false},"excerpt":{"rendered":"<p>Sucre de bouleau Le sucre de bouleau est un sucre de table \u00e0 base de xylitol, d\u00e9riv\u00e9 du mot grec xylon (bois). Vers 1890, le professeur de chimie allemand Emil Fischer a s\u00e9par\u00e9 un compos\u00e9 jusqu'alors inconnu des copeaux de bois. On l'appelait le xylitol. En 1902, le Dr Fischer a re\u00e7u le prix Nobel de chimie pour ses nombreuses&nbsp;<a href=\"https:\/\/bien-etreiris.ch\/de\/ratgeber-klarheit-beratung\/gesunder-lebensstil\/naehrstoffe\/lebensmittel\/zucker-und-suessstoff\/edulcorants-alternatifs\/zucker\/birkenzucker\/\" class=\"read-more\">Weiter lesen<\/a><\/p>\n","protected":false},"author":1,"featured_media":46134,"parent":55501,"menu_order":5585,"comment_status":"closed","ping_status":"closed","template":"page-with-child.php","meta":{"_acf_changed":false,"ngg_post_thumbnail":0,"footnotes":""},"class_list":["post-46136","page","type-page","status-publish","has-post-thumbnail","hentry"],"acf":[],"yoast_head":"<!-- This site is optimized with the Yoast SEO plugin v27.5 - https:\/\/yoast.com\/product\/yoast-seo-wordpress\/ -->\n<title>BIRKENZUCKER - WOHLBEFINDEN<\/title>\n<meta name=\"robots\" content=\"index, follow, max-snippet:-1, max-image-preview:large, max-video-preview:-1\" \/>\n<link rel=\"canonical\" href=\"https:\/\/bien-etreiris.ch\/de\/ratgeber-klarheit-beratung\/gesunder-lebensstil\/naehrstoffe\/inhaltsstoffe-in-unseren-lebensmitteln\/zucker\/birkenzucker\/\" \/>\n<meta property=\"og:locale\" content=\"de_DE\" \/>\n<meta property=\"og:type\" content=\"article\" \/>\n<meta property=\"og:title\" content=\"BIRKENZUCKER - WOHLBEFINDEN\" \/>\n<meta property=\"og:description\" content=\"Sucre de bouleau Le sucre de bouleau est un sucre de table \u00e0 base de xylitol, d\u00e9riv\u00e9 du mot grec xylon (bois). Vers 1890, le professeur de chimie allemand Emil Fischer a s\u00e9par\u00e9 un compos\u00e9 jusqu&#039;alors inconnu des copeaux de bois. On l&#039;appelait le xylitol. En 1902, le Dr Fischer a re\u00e7u le prix Nobel de chimie pour ses nombreuses&nbsp;Weiter lesen\" \/>\n<meta property=\"og:url\" content=\"https:\/\/bien-etreiris.ch\/de\/ratgeber-klarheit-beratung\/gesunder-lebensstil\/naehrstoffe\/inhaltsstoffe-in-unseren-lebensmitteln\/zucker\/birkenzucker\/\" \/>\n<meta property=\"og:site_name\" content=\"WOHLBEFINDEN\" \/>\n<meta property=\"article:publisher\" content=\"https:\/\/www.facebook.com\/bienetreiris\/\" \/>\n<meta property=\"article:modified_time\" content=\"2021-06-03T06:30:56+00:00\" \/>\n<meta property=\"og:image\" content=\"https:\/\/bien-etreiris.ch\/wp-content\/uploads\/2021\/05\/acceuil-sucre-de-bouleau..jpg\" \/>\n\t<meta property=\"og:image:width\" content=\"500\" \/>\n\t<meta property=\"og:image:height\" content=\"282\" \/>\n\t<meta property=\"og:image:type\" content=\"image\/jpeg\" \/>\n<meta name=\"twitter:label1\" content=\"Gesch\u00e4tzte Lesezeit\" \/>\n\t<meta name=\"twitter:data1\" content=\"3\u00a0Minuten\" \/>\n<script type=\"application\/ld+json\" class=\"yoast-schema-graph\">{\"@context\":\"https:\\\/\\\/schema.org\",\"@graph\":[{\"@type\":\"WebPage\",\"@id\":\"https:\\\/\\\/bien-etreiris.ch\\\/de\\\/ratgeber-klarheit-beratung\\\/gesunder-lebensstil\\\/naehrstoffe\\\/inhaltsstoffe-in-unseren-lebensmitteln\\\/zucker\\\/birkenzucker\\\/\",\"url\":\"https:\\\/\\\/bien-etreiris.ch\\\/de\\\/ratgeber-klarheit-beratung\\\/gesunder-lebensstil\\\/naehrstoffe\\\/inhaltsstoffe-in-unseren-lebensmitteln\\\/zucker\\\/birkenzucker\\\/\",\"name\":\"BIRKENZUCKER - WOHLBEFINDEN\",\"isPartOf\":{\"@id\":\"https:\\\/\\\/bien-etreiris.ch\\\/de\\\/#website\"},\"primaryImageOfPage\":{\"@id\":\"https:\\\/\\\/bien-etreiris.ch\\\/de\\\/ratgeber-klarheit-beratung\\\/gesunder-lebensstil\\\/naehrstoffe\\\/inhaltsstoffe-in-unseren-lebensmitteln\\\/zucker\\\/birkenzucker\\\/#primaryimage\"},\"image\":{\"@id\":\"https:\\\/\\\/bien-etreiris.ch\\\/de\\\/ratgeber-klarheit-beratung\\\/gesunder-lebensstil\\\/naehrstoffe\\\/inhaltsstoffe-in-unseren-lebensmitteln\\\/zucker\\\/birkenzucker\\\/#primaryimage\"},\"thumbnailUrl\":\"https:\\\/\\\/bien-etreiris.ch\\\/wp-content\\\/uploads\\\/2021\\\/05\\\/acceuil-sucre-de-bouleau..jpg\",\"datePublished\":\"2021-05-22T15:11:39+00:00\",\"dateModified\":\"2021-06-03T06:30:56+00:00\",\"breadcrumb\":{\"@id\":\"https:\\\/\\\/bien-etreiris.ch\\\/de\\\/ratgeber-klarheit-beratung\\\/gesunder-lebensstil\\\/naehrstoffe\\\/inhaltsstoffe-in-unseren-lebensmitteln\\\/zucker\\\/birkenzucker\\\/#breadcrumb\"},\"inLanguage\":\"de\",\"potentialAction\":[{\"@type\":\"ReadAction\",\"target\":[\"https:\\\/\\\/bien-etreiris.ch\\\/de\\\/ratgeber-klarheit-beratung\\\/gesunder-lebensstil\\\/naehrstoffe\\\/inhaltsstoffe-in-unseren-lebensmitteln\\\/zucker\\\/birkenzucker\\\/\"]}]},{\"@type\":\"ImageObject\",\"inLanguage\":\"de\",\"@id\":\"https:\\\/\\\/bien-etreiris.ch\\\/de\\\/ratgeber-klarheit-beratung\\\/gesunder-lebensstil\\\/naehrstoffe\\\/inhaltsstoffe-in-unseren-lebensmitteln\\\/zucker\\\/birkenzucker\\\/#primaryimage\",\"url\":\"https:\\\/\\\/bien-etreiris.ch\\\/wp-content\\\/uploads\\\/2021\\\/05\\\/acceuil-sucre-de-bouleau..jpg\",\"contentUrl\":\"https:\\\/\\\/bien-etreiris.ch\\\/wp-content\\\/uploads\\\/2021\\\/05\\\/acceuil-sucre-de-bouleau..jpg\",\"width\":500,\"height\":282},{\"@type\":\"BreadcrumbList\",\"@id\":\"https:\\\/\\\/bien-etreiris.ch\\\/de\\\/ratgeber-klarheit-beratung\\\/gesunder-lebensstil\\\/naehrstoffe\\\/inhaltsstoffe-in-unseren-lebensmitteln\\\/zucker\\\/birkenzucker\\\/#breadcrumb\",\"itemListElement\":[{\"@type\":\"ListItem\",\"position\":1,\"name\":\"Home\",\"item\":\"https:\\\/\\\/bien-etreiris.ch\\\/de\\\/\"},{\"@type\":\"ListItem\",\"position\":2,\"name\":\"RATGEBER &#038; KLARHEIT\",\"item\":\"https:\\\/\\\/bien-etreiris.ch\\\/de\\\/ratgeber-klarheit-beratung\\\/\"},{\"@type\":\"ListItem\",\"position\":3,\"name\":\"GESUNDER LEBENSSTIL\",\"item\":\"https:\\\/\\\/bien-etreiris.ch\\\/de\\\/ratgeber-klarheit-beratung\\\/gesunder-lebensstil\\\/\"},{\"@type\":\"ListItem\",\"position\":4,\"name\":\"N\u00c4HRSTOFFE\",\"item\":\"https:\\\/\\\/bien-etreiris.ch\\\/de\\\/ratgeber-klarheit-beratung\\\/naehrstoffe\\\/\"},{\"@type\":\"ListItem\",\"position\":5,\"name\":\"INHALTSSTOFFE\",\"item\":\"https:\\\/\\\/bien-etreiris.ch\\\/de\\\/ratgeber-klarheit-beratung\\\/gesunder-lebensstil\\\/naehrstoffe\\\/inhaltsstoffe-in-unseren-lebensmitteln\\\/\"},{\"@type\":\"ListItem\",\"position\":6,\"name\":\"ZUCKER\",\"item\":\"https:\\\/\\\/bien-etreiris.ch\\\/de\\\/ratgeber-klarheit-beratung\\\/gesunder-lebensstil\\\/naehrstoffe\\\/inhaltsstoffe-in-unseren-lebensmitteln\\\/zucker\\\/\"},{\"@type\":\"ListItem\",\"position\":7,\"name\":\"BIRKENZUCKER\"}]},{\"@type\":\"WebSite\",\"@id\":\"https:\\\/\\\/bien-etreiris.ch\\\/de\\\/#website\",\"url\":\"https:\\\/\\\/bien-etreiris.ch\\\/de\\\/\",\"name\":\"Bien-\u00eatre Iris\",\"description\":\"IHRE Gesundheit ist uns wichtig\",\"potentialAction\":[{\"@type\":\"SearchAction\",\"target\":{\"@type\":\"EntryPoint\",\"urlTemplate\":\"https:\\\/\\\/bien-etreiris.ch\\\/de\\\/?s={search_term_string}\"},\"query-input\":{\"@type\":\"PropertyValueSpecification\",\"valueRequired\":true,\"valueName\":\"search_term_string\"}}],\"inLanguage\":\"de\"}]}<\/script>\n<!-- \/ Yoast SEO plugin. -->","yoast_head_json":{"title":"BIRKENZUCKER - WOHLBEFINDEN","robots":{"index":"index","follow":"follow","max-snippet":"max-snippet:-1","max-image-preview":"max-image-preview:large","max-video-preview":"max-video-preview:-1"},"canonical":"https:\/\/bien-etreiris.ch\/de\/ratgeber-klarheit-beratung\/gesunder-lebensstil\/naehrstoffe\/inhaltsstoffe-in-unseren-lebensmitteln\/zucker\/birkenzucker\/","og_locale":"de_DE","og_type":"article","og_title":"BIRKENZUCKER - WOHLBEFINDEN","og_description":"Sucre de bouleau Le sucre de bouleau est un sucre de table \u00e0 base de xylitol, d\u00e9riv\u00e9 du mot grec xylon (bois). Vers 1890, le professeur de chimie allemand Emil Fischer a s\u00e9par\u00e9 un compos\u00e9 jusqu'alors inconnu des copeaux de bois. On l'appelait le xylitol. En 1902, le Dr Fischer a re\u00e7u le prix Nobel de chimie pour ses nombreuses&nbsp;Weiter lesen","og_url":"https:\/\/bien-etreiris.ch\/de\/ratgeber-klarheit-beratung\/gesunder-lebensstil\/naehrstoffe\/inhaltsstoffe-in-unseren-lebensmitteln\/zucker\/birkenzucker\/","og_site_name":"WOHLBEFINDEN","article_publisher":"https:\/\/www.facebook.com\/bienetreiris\/","article_modified_time":"2021-06-03T06:30:56+00:00","og_image":[{"width":500,"height":282,"url":"https:\/\/bien-etreiris.ch\/wp-content\/uploads\/2021\/05\/acceuil-sucre-de-bouleau..jpg","type":"image\/jpeg"}],"twitter_misc":{"Gesch\u00e4tzte Lesezeit":"3\u00a0Minuten"},"schema":{"@context":"https:\/\/schema.org","@graph":[{"@type":"WebPage","@id":"https:\/\/bien-etreiris.ch\/de\/ratgeber-klarheit-beratung\/gesunder-lebensstil\/naehrstoffe\/inhaltsstoffe-in-unseren-lebensmitteln\/zucker\/birkenzucker\/","url":"https:\/\/bien-etreiris.ch\/de\/ratgeber-klarheit-beratung\/gesunder-lebensstil\/naehrstoffe\/inhaltsstoffe-in-unseren-lebensmitteln\/zucker\/birkenzucker\/","name":"BIRKENZUCKER - WOHLBEFINDEN","isPartOf":{"@id":"https:\/\/bien-etreiris.ch\/de\/#website"},"primaryImageOfPage":{"@id":"https:\/\/bien-etreiris.ch\/de\/ratgeber-klarheit-beratung\/gesunder-lebensstil\/naehrstoffe\/inhaltsstoffe-in-unseren-lebensmitteln\/zucker\/birkenzucker\/#primaryimage"},"image":{"@id":"https:\/\/bien-etreiris.ch\/de\/ratgeber-klarheit-beratung\/gesunder-lebensstil\/naehrstoffe\/inhaltsstoffe-in-unseren-lebensmitteln\/zucker\/birkenzucker\/#primaryimage"},"thumbnailUrl":"https:\/\/bien-etreiris.ch\/wp-content\/uploads\/2021\/05\/acceuil-sucre-de-bouleau..jpg","datePublished":"2021-05-22T15:11:39+00:00","dateModified":"2021-06-03T06:30:56+00:00","breadcrumb":{"@id":"https:\/\/bien-etreiris.ch\/de\/ratgeber-klarheit-beratung\/gesunder-lebensstil\/naehrstoffe\/inhaltsstoffe-in-unseren-lebensmitteln\/zucker\/birkenzucker\/#breadcrumb"},"inLanguage":"de","potentialAction":[{"@type":"ReadAction","target":["https:\/\/bien-etreiris.ch\/de\/ratgeber-klarheit-beratung\/gesunder-lebensstil\/naehrstoffe\/inhaltsstoffe-in-unseren-lebensmitteln\/zucker\/birkenzucker\/"]}]},{"@type":"ImageObject","inLanguage":"de","@id":"https:\/\/bien-etreiris.ch\/de\/ratgeber-klarheit-beratung\/gesunder-lebensstil\/naehrstoffe\/inhaltsstoffe-in-unseren-lebensmitteln\/zucker\/birkenzucker\/#primaryimage","url":"https:\/\/bien-etreiris.ch\/wp-content\/uploads\/2021\/05\/acceuil-sucre-de-bouleau..jpg","contentUrl":"https:\/\/bien-etreiris.ch\/wp-content\/uploads\/2021\/05\/acceuil-sucre-de-bouleau..jpg","width":500,"height":282},{"@type":"BreadcrumbList","@id":"https:\/\/bien-etreiris.ch\/de\/ratgeber-klarheit-beratung\/gesunder-lebensstil\/naehrstoffe\/inhaltsstoffe-in-unseren-lebensmitteln\/zucker\/birkenzucker\/#breadcrumb","itemListElement":[{"@type":"ListItem","position":1,"name":"Home","item":"https:\/\/bien-etreiris.ch\/de\/"},{"@type":"ListItem","position":2,"name":"RATGEBER &#038; KLARHEIT","item":"https:\/\/bien-etreiris.ch\/de\/ratgeber-klarheit-beratung\/"},{"@type":"ListItem","position":3,"name":"GESUNDER LEBENSSTIL","item":"https:\/\/bien-etreiris.ch\/de\/ratgeber-klarheit-beratung\/gesunder-lebensstil\/"},{"@type":"ListItem","position":4,"name":"N\u00c4HRSTOFFE","item":"https:\/\/bien-etreiris.ch\/de\/ratgeber-klarheit-beratung\/naehrstoffe\/"},{"@type":"ListItem","position":5,"name":"INHALTSSTOFFE","item":"https:\/\/bien-etreiris.ch\/de\/ratgeber-klarheit-beratung\/gesunder-lebensstil\/naehrstoffe\/inhaltsstoffe-in-unseren-lebensmitteln\/"},{"@type":"ListItem","position":6,"name":"ZUCKER","item":"https:\/\/bien-etreiris.ch\/de\/ratgeber-klarheit-beratung\/gesunder-lebensstil\/naehrstoffe\/inhaltsstoffe-in-unseren-lebensmitteln\/zucker\/"},{"@type":"ListItem","position":7,"name":"BIRKENZUCKER"}]},{"@type":"WebSite","@id":"https:\/\/bien-etreiris.ch\/de\/#website","url":"https:\/\/bien-etreiris.ch\/de\/","name":"Bien-\u00eatre Iris","description":"IHRE Gesundheit ist uns wichtig","potentialAction":[{"@type":"SearchAction","target":{"@type":"EntryPoint","urlTemplate":"https:\/\/bien-etreiris.ch\/de\/?s={search_term_string}"},"query-input":{"@type":"PropertyValueSpecification","valueRequired":true,"valueName":"search_term_string"}}],"inLanguage":"de"}]}},"_links":{"self":[{"href":"https:\/\/bien-etreiris.ch\/de\/wp-json\/wp\/v2\/pages\/46136","targetHints":{"allow":["GET"]}}],"collection":[{"href":"https:\/\/bien-etreiris.ch\/de\/wp-json\/wp\/v2\/pages"}],"about":[{"href":"https:\/\/bien-etreiris.ch\/de\/wp-json\/wp\/v2\/types\/page"}],"author":[{"embeddable":true,"href":"https:\/\/bien-etreiris.ch\/de\/wp-json\/wp\/v2\/users\/1"}],"replies":[{"embeddable":true,"href":"https:\/\/bien-etreiris.ch\/de\/wp-json\/wp\/v2\/comments?post=46136"}],"version-history":[{"count":2,"href":"https:\/\/bien-etreiris.ch\/de\/wp-json\/wp\/v2\/pages\/46136\/revisions"}],"predecessor-version":[{"id":49242,"href":"https:\/\/bien-etreiris.ch\/de\/wp-json\/wp\/v2\/pages\/46136\/revisions\/49242"}],"up":[{"embeddable":true,"href":"https:\/\/bien-etreiris.ch\/de\/wp-json\/wp\/v2\/pages\/55501"}],"wp:featuredmedia":[{"embeddable":true,"href":"https:\/\/bien-etreiris.ch\/de\/wp-json\/wp\/v2\/media\/46134"}],"wp:attachment":[{"href":"https:\/\/bien-etreiris.ch\/de\/wp-json\/wp\/v2\/media?parent=46136"}],"curies":[{"name":"wp","href":"https:\/\/api.w.org\/{rel}","templated":true}]}}