{"id":46126,"date":"2021-05-22T17:05:10","date_gmt":"2021-05-22T15:05:10","guid":{"rendered":"https:\/\/bien-etreiris.ch\/?page_id=46126"},"modified":"2021-06-08T20:38:45","modified_gmt":"2021-06-08T18:38:45","slug":"tautona-xylitol","status":"publish","type":"page","link":"https:\/\/bien-etreiris.ch\/de\/unsere-marken\/tautona-xylitol\/","title":{"rendered":"TAUTONA XYLITOL"},"content":{"rendered":"\n<p>Tautona Birkenzucker gibt es seit 2010 und wir waren die erste Firma, die Birkenzucker in der Schweiz vertrieben hat.<\/p>\n<p>Mittlerweile arbeiten wir mit Biol\u00e4den, Reformh\u00e4usern, Apotheken und \u00fcber 150 weiteren H\u00e4ndlern zusammen. Auch Zahn\u00e4rzte sind mit dabei, denn Birkenzucker ist vor allem durch die Zahngesundheit bekannt geworden (Studien von bekannten Personen finden Sie in unserem Shop).<\/p>\n<p>Die Firma befindet sich nun in 8606 Greifensee.<\/p>\n<p>Da die Nachfrage nach Birkenzucker bereits im Jahr 2010 sehr hoch war, begannen wir mit der Produktion unserer eigenen Marke unter dem Namen Tautona Birkenzucker. Birkenzucker hat das gleiche Aussehen, den gleichen Geschmack und die gleiche S\u00fc\u00dfe wie Haushaltszucker, aber damit enden die \u00c4hnlichkeiten.<\/p>\n<p>Angefangen haben wir mit Birkenzucker, der aber damals noch aus Mais hergestellt wurde, und sehr bald haben wir ihn auf Baumzucker umgestellt, der jetzt Baum-schonend aus Birke und Buche hergestellt wird. Schon damals hatten wir den Grundsatz, die bestm\u00f6gliche Qualit\u00e4t zu liefern, und wir wollten dem Namen Birkenzucker gerecht werden.<\/p>\n<p>Wir haben dann unseren Birkenzucker aus Finnland bezogen und tun dies bis heute.<\/p>\n<p>Unser Ziel ist es, Produkte von guter Qualit\u00e4t zu verkaufen und dabei eine breite Palette von Produkten anzubieten, die mit Xylit (der chemische Name f\u00fcr Birkenzucker) ges\u00fcsst sind.<\/p>\n<p>Die Produkte, die Birkenzucker (Xylit) enthalten, wurden auf Xylit-Kaugummi, Bonbons, Lutscher, Schokolade, Marmelade, Ketchup, Sirup, Zahnpasta, Mundwasser, Zahnseide, Nasenspray usw. erweitert. (siehe unseren Shop mit mehr als 60 Produkten). Es ist uns sehr wichtig, dass Birkenzucker bekannt wird, damit noch viel mehr Menschen von diesem einzigartigen St\u00e4rkungsmittel profitieren k\u00f6nnen.<\/p>\n<p>Wir vertreten mehrere Firmennamen wie: Xlear, Natur Hollow, Dentiste usw., aber auch Schweizer Produzenten, die f\u00fcr uns Produkte mit Birkenzucker herstellen.<\/p>\n<p>&nbsp;<\/p>\n<h2><a href=\"https:\/\/bien-etreiris.ch\/de\/produktpraesentation\/gesundes-leben\/gesunde-nahrungsmittel\/zutaten-wohlbefinden\/zuckeralternativen\/birkenzucker\/\" target=\"_blank\" rel=\"noopener\">BIRKENZUCKER<\/a><\/h2>\n","protected":false},"excerpt":{"rendered":"<p>Tautona Birkenzucker gibt es seit 2010 und wir waren die erste Firma, die Birkenzucker in der Schweiz vertrieben hat. Mittlerweile arbeiten wir mit Biol\u00e4den, Reformh\u00e4usern, Apotheken und \u00fcber 150 weiteren H\u00e4ndlern zusammen. Auch Zahn\u00e4rzte sind mit dabei, denn Birkenzucker ist vor allem durch die Zahngesundheit bekannt geworden (Studien von bekannten Personen finden Sie in unserem Shop). Die Firma befindet sich&nbsp;<a href=\"https:\/\/bien-etreiris.ch\/de\/unsere-marken\/tautona-xylitol\/\" class=\"read-more\">Weiter lesen<\/a><\/p>\n","protected":false},"author":1,"featured_media":46124,"parent":44406,"menu_order":5588,"comment_status":"closed","ping_status":"closed","template":"page-with-child.php","meta":{"_acf_changed":false,"ngg_post_thumbnail":0,"footnotes":""},"class_list":["post-46126","page","type-page","status-publish","has-post-thumbnail","hentry"],"acf":[],"yoast_head":"<!-- This site is optimized with the Yoast SEO plugin v27.5 - https:\/\/yoast.com\/product\/yoast-seo-wordpress\/ -->\n<title>TAUTONA XYLITOL - WOHLBEFINDEN<\/title>\n<meta name=\"robots\" content=\"index, follow, max-snippet:-1, max-image-preview:large, max-video-preview:-1\" \/>\n<link rel=\"canonical\" href=\"https:\/\/bien-etreiris.ch\/de\/unsere-marken\/tautona-xylitol\/\" \/>\n<meta property=\"og:locale\" content=\"de_DE\" \/>\n<meta property=\"og:type\" content=\"article\" \/>\n<meta property=\"og:title\" content=\"TAUTONA XYLITOL - WOHLBEFINDEN\" \/>\n<meta property=\"og:description\" content=\"Tautona Birkenzucker gibt es seit 2010 und wir waren die erste Firma, die Birkenzucker in der Schweiz vertrieben hat. Mittlerweile arbeiten wir mit Biol\u00e4den, Reformh\u00e4usern, Apotheken und \u00fcber 150 weiteren H\u00e4ndlern zusammen. Auch Zahn\u00e4rzte sind mit dabei, denn Birkenzucker ist vor allem durch die Zahngesundheit bekannt geworden (Studien von bekannten Personen finden Sie in unserem Shop). Die Firma befindet sich&nbsp;Weiter lesen\" \/>\n<meta property=\"og:url\" content=\"https:\/\/bien-etreiris.ch\/de\/unsere-marken\/tautona-xylitol\/\" \/>\n<meta property=\"og:site_name\" content=\"WOHLBEFINDEN\" \/>\n<meta property=\"article:publisher\" content=\"https:\/\/www.facebook.com\/bienetreiris\/\" \/>\n<meta property=\"article:modified_time\" content=\"2021-06-08T18:38:45+00:00\" \/>\n<meta property=\"og:image\" content=\"https:\/\/bien-etreiris.ch\/wp-content\/uploads\/2021\/05\/tautona-Xylitol.png\" \/>\n\t<meta property=\"og:image:width\" content=\"605\" \/>\n\t<meta property=\"og:image:height\" content=\"347\" \/>\n\t<meta property=\"og:image:type\" content=\"image\/png\" \/>\n<meta name=\"twitter:label1\" content=\"Gesch\u00e4tzte Lesezeit\" \/>\n\t<meta name=\"twitter:data1\" content=\"2\u00a0Minuten\" \/>\n<script type=\"application\/ld+json\" class=\"yoast-schema-graph\">{\"@context\":\"https:\\\/\\\/schema.org\",\"@graph\":[{\"@type\":\"WebPage\",\"@id\":\"https:\\\/\\\/bien-etreiris.ch\\\/de\\\/unsere-marken\\\/tautona-xylitol\\\/\",\"url\":\"https:\\\/\\\/bien-etreiris.ch\\\/de\\\/unsere-marken\\\/tautona-xylitol\\\/\",\"name\":\"TAUTONA XYLITOL - WOHLBEFINDEN\",\"isPartOf\":{\"@id\":\"https:\\\/\\\/bien-etreiris.ch\\\/de\\\/#website\"},\"primaryImageOfPage\":{\"@id\":\"https:\\\/\\\/bien-etreiris.ch\\\/de\\\/unsere-marken\\\/tautona-xylitol\\\/#primaryimage\"},\"image\":{\"@id\":\"https:\\\/\\\/bien-etreiris.ch\\\/de\\\/unsere-marken\\\/tautona-xylitol\\\/#primaryimage\"},\"thumbnailUrl\":\"https:\\\/\\\/bien-etreiris.ch\\\/wp-content\\\/uploads\\\/2021\\\/05\\\/tautona-Xylitol.png\",\"datePublished\":\"2021-05-22T15:05:10+00:00\",\"dateModified\":\"2021-06-08T18:38:45+00:00\",\"breadcrumb\":{\"@id\":\"https:\\\/\\\/bien-etreiris.ch\\\/de\\\/unsere-marken\\\/tautona-xylitol\\\/#breadcrumb\"},\"inLanguage\":\"de\",\"potentialAction\":[{\"@type\":\"ReadAction\",\"target\":[\"https:\\\/\\\/bien-etreiris.ch\\\/de\\\/unsere-marken\\\/tautona-xylitol\\\/\"]}]},{\"@type\":\"ImageObject\",\"inLanguage\":\"de\",\"@id\":\"https:\\\/\\\/bien-etreiris.ch\\\/de\\\/unsere-marken\\\/tautona-xylitol\\\/#primaryimage\",\"url\":\"https:\\\/\\\/bien-etreiris.ch\\\/wp-content\\\/uploads\\\/2021\\\/05\\\/tautona-Xylitol.png\",\"contentUrl\":\"https:\\\/\\\/bien-etreiris.ch\\\/wp-content\\\/uploads\\\/2021\\\/05\\\/tautona-Xylitol.png\",\"width\":605,\"height\":347},{\"@type\":\"BreadcrumbList\",\"@id\":\"https:\\\/\\\/bien-etreiris.ch\\\/de\\\/unsere-marken\\\/tautona-xylitol\\\/#breadcrumb\",\"itemListElement\":[{\"@type\":\"ListItem\",\"position\":1,\"name\":\"Home\",\"item\":\"https:\\\/\\\/bien-etreiris.ch\\\/de\\\/\"},{\"@type\":\"ListItem\",\"position\":2,\"name\":\"UNSERE MARKEN\",\"item\":\"https:\\\/\\\/bien-etreiris.ch\\\/de\\\/unsere-marken\\\/\"},{\"@type\":\"ListItem\",\"position\":3,\"name\":\"TAUTONA XYLITOL\"}]},{\"@type\":\"WebSite\",\"@id\":\"https:\\\/\\\/bien-etreiris.ch\\\/de\\\/#website\",\"url\":\"https:\\\/\\\/bien-etreiris.ch\\\/de\\\/\",\"name\":\"Bien-\u00eatre Iris\",\"description\":\"IHRE Gesundheit ist uns wichtig\",\"potentialAction\":[{\"@type\":\"SearchAction\",\"target\":{\"@type\":\"EntryPoint\",\"urlTemplate\":\"https:\\\/\\\/bien-etreiris.ch\\\/de\\\/?s={search_term_string}\"},\"query-input\":{\"@type\":\"PropertyValueSpecification\",\"valueRequired\":true,\"valueName\":\"search_term_string\"}}],\"inLanguage\":\"de\"}]}<\/script>\n<!-- \/ Yoast SEO plugin. -->","yoast_head_json":{"title":"TAUTONA XYLITOL - WOHLBEFINDEN","robots":{"index":"index","follow":"follow","max-snippet":"max-snippet:-1","max-image-preview":"max-image-preview:large","max-video-preview":"max-video-preview:-1"},"canonical":"https:\/\/bien-etreiris.ch\/de\/unsere-marken\/tautona-xylitol\/","og_locale":"de_DE","og_type":"article","og_title":"TAUTONA XYLITOL - WOHLBEFINDEN","og_description":"Tautona Birkenzucker gibt es seit 2010 und wir waren die erste Firma, die Birkenzucker in der Schweiz vertrieben hat. Mittlerweile arbeiten wir mit Biol\u00e4den, Reformh\u00e4usern, Apotheken und \u00fcber 150 weiteren H\u00e4ndlern zusammen. Auch Zahn\u00e4rzte sind mit dabei, denn Birkenzucker ist vor allem durch die Zahngesundheit bekannt geworden (Studien von bekannten Personen finden Sie in unserem Shop). Die Firma befindet sich&nbsp;Weiter lesen","og_url":"https:\/\/bien-etreiris.ch\/de\/unsere-marken\/tautona-xylitol\/","og_site_name":"WOHLBEFINDEN","article_publisher":"https:\/\/www.facebook.com\/bienetreiris\/","article_modified_time":"2021-06-08T18:38:45+00:00","og_image":[{"width":605,"height":347,"url":"https:\/\/bien-etreiris.ch\/wp-content\/uploads\/2021\/05\/tautona-Xylitol.png","type":"image\/png"}],"twitter_misc":{"Gesch\u00e4tzte Lesezeit":"2\u00a0Minuten"},"schema":{"@context":"https:\/\/schema.org","@graph":[{"@type":"WebPage","@id":"https:\/\/bien-etreiris.ch\/de\/unsere-marken\/tautona-xylitol\/","url":"https:\/\/bien-etreiris.ch\/de\/unsere-marken\/tautona-xylitol\/","name":"TAUTONA XYLITOL - WOHLBEFINDEN","isPartOf":{"@id":"https:\/\/bien-etreiris.ch\/de\/#website"},"primaryImageOfPage":{"@id":"https:\/\/bien-etreiris.ch\/de\/unsere-marken\/tautona-xylitol\/#primaryimage"},"image":{"@id":"https:\/\/bien-etreiris.ch\/de\/unsere-marken\/tautona-xylitol\/#primaryimage"},"thumbnailUrl":"https:\/\/bien-etreiris.ch\/wp-content\/uploads\/2021\/05\/tautona-Xylitol.png","datePublished":"2021-05-22T15:05:10+00:00","dateModified":"2021-06-08T18:38:45+00:00","breadcrumb":{"@id":"https:\/\/bien-etreiris.ch\/de\/unsere-marken\/tautona-xylitol\/#breadcrumb"},"inLanguage":"de","potentialAction":[{"@type":"ReadAction","target":["https:\/\/bien-etreiris.ch\/de\/unsere-marken\/tautona-xylitol\/"]}]},{"@type":"ImageObject","inLanguage":"de","@id":"https:\/\/bien-etreiris.ch\/de\/unsere-marken\/tautona-xylitol\/#primaryimage","url":"https:\/\/bien-etreiris.ch\/wp-content\/uploads\/2021\/05\/tautona-Xylitol.png","contentUrl":"https:\/\/bien-etreiris.ch\/wp-content\/uploads\/2021\/05\/tautona-Xylitol.png","width":605,"height":347},{"@type":"BreadcrumbList","@id":"https:\/\/bien-etreiris.ch\/de\/unsere-marken\/tautona-xylitol\/#breadcrumb","itemListElement":[{"@type":"ListItem","position":1,"name":"Home","item":"https:\/\/bien-etreiris.ch\/de\/"},{"@type":"ListItem","position":2,"name":"UNSERE MARKEN","item":"https:\/\/bien-etreiris.ch\/de\/unsere-marken\/"},{"@type":"ListItem","position":3,"name":"TAUTONA XYLITOL"}]},{"@type":"WebSite","@id":"https:\/\/bien-etreiris.ch\/de\/#website","url":"https:\/\/bien-etreiris.ch\/de\/","name":"Bien-\u00eatre Iris","description":"IHRE Gesundheit ist uns wichtig","potentialAction":[{"@type":"SearchAction","target":{"@type":"EntryPoint","urlTemplate":"https:\/\/bien-etreiris.ch\/de\/?s={search_term_string}"},"query-input":{"@type":"PropertyValueSpecification","valueRequired":true,"valueName":"search_term_string"}}],"inLanguage":"de"}]}},"_links":{"self":[{"href":"https:\/\/bien-etreiris.ch\/de\/wp-json\/wp\/v2\/pages\/46126","targetHints":{"allow":["GET"]}}],"collection":[{"href":"https:\/\/bien-etreiris.ch\/de\/wp-json\/wp\/v2\/pages"}],"about":[{"href":"https:\/\/bien-etreiris.ch\/de\/wp-json\/wp\/v2\/types\/page"}],"author":[{"embeddable":true,"href":"https:\/\/bien-etreiris.ch\/de\/wp-json\/wp\/v2\/users\/1"}],"replies":[{"embeddable":true,"href":"https:\/\/bien-etreiris.ch\/de\/wp-json\/wp\/v2\/comments?post=46126"}],"version-history":[{"count":4,"href":"https:\/\/bien-etreiris.ch\/de\/wp-json\/wp\/v2\/pages\/46126\/revisions"}],"predecessor-version":[{"id":50169,"href":"https:\/\/bien-etreiris.ch\/de\/wp-json\/wp\/v2\/pages\/46126\/revisions\/50169"}],"up":[{"embeddable":true,"href":"https:\/\/bien-etreiris.ch\/de\/wp-json\/wp\/v2\/pages\/44406"}],"wp:featuredmedia":[{"embeddable":true,"href":"https:\/\/bien-etreiris.ch\/de\/wp-json\/wp\/v2\/media\/46124"}],"wp:attachment":[{"href":"https:\/\/bien-etreiris.ch\/de\/wp-json\/wp\/v2\/media?parent=46126"}],"curies":[{"name":"wp","href":"https:\/\/api.w.org\/{rel}","templated":true}]}}