{"id":46117,"date":"2021-05-22T16:50:11","date_gmt":"2021-05-22T14:50:11","guid":{"rendered":"https:\/\/bien-etreiris.ch\/?page_id=46117"},"modified":"2022-09-28T11:12:46","modified_gmt":"2022-09-28T09:12:46","slug":"erdmann-hauser","status":"publish","type":"page","link":"https:\/\/bien-etreiris.ch\/de\/unsere-marken\/erdmann-hauser\/","title":{"rendered":"ERDMANN HAUSER"},"content":{"rendered":"\n<p>Die ErdmannHAUSER Getreideprodukte GmbH wurde 1989 als Verarbeitungspartner der ortsans\u00e4ssigen Bauern gegr\u00fcndet, um die Qualit\u00e4tsziele der biologisch-dynamischen Landwirtschaft in der Lebensmittelproduktion konsequent zu verfolgen.<\/p>\n<p>Gleichzeitig geht ErdmannHAUSER auf die Bed\u00fcrfnisse der Menschen ein, die heute eine Ern\u00e4hrung suchen oder brauchen, die sie in der einseitigen Belastung des modernen Alltags st\u00e4rkt. In Bezug auf Anbau, Verarbeitung und ern\u00e4hrungsphysiologische Qualit\u00e4t bietet ErdmannHAUSER echte Alternativen. Vier Herstellungsbereiche sind bei ErdmannHAUSER vereint: Getreideaufschluss, Mahlen, Backen und Verpacken.<\/p>\n<p>&nbsp;<\/p>\n<h2><a href=\"https:\/\/bien-etreiris.ch\/de\/produktpraesentation\/gesundes-leben\/gesunde-lebensmittel\/getreide-2\/bulgur-aus-buchweizen\/\" target=\"_blank\" rel=\"noopener\"> Bulgur aus Buchweizen oder Gersten<\/a><\/h2>\n","protected":false},"excerpt":{"rendered":"<p>Die ErdmannHAUSER Getreideprodukte GmbH wurde 1989 als Verarbeitungspartner der ortsans\u00e4ssigen Bauern gegr\u00fcndet, um die Qualit\u00e4tsziele der biologisch-dynamischen Landwirtschaft in der Lebensmittelproduktion konsequent zu verfolgen. Gleichzeitig geht ErdmannHAUSER auf die Bed\u00fcrfnisse der Menschen ein, die heute eine Ern\u00e4hrung suchen oder brauchen, die sie in der einseitigen Belastung des modernen Alltags st\u00e4rkt. In Bezug auf Anbau, Verarbeitung und ern\u00e4hrungsphysiologische Qualit\u00e4t bietet ErdmannHAUSER&nbsp;<a href=\"https:\/\/bien-etreiris.ch\/de\/unsere-marken\/erdmann-hauser\/\" class=\"read-more\">Weiter lesen<\/a><\/p>\n","protected":false},"author":1,"featured_media":46115,"parent":44406,"menu_order":5585,"comment_status":"closed","ping_status":"closed","template":"page-with-child.php","meta":{"_acf_changed":false,"ngg_post_thumbnail":0,"footnotes":""},"class_list":["post-46117","page","type-page","status-publish","has-post-thumbnail","hentry"],"acf":[],"yoast_head":"<!-- This site is optimized with the Yoast SEO plugin v27.4 - https:\/\/yoast.com\/product\/yoast-seo-wordpress\/ -->\n<title>ERDMANN HAUSER - WOHLBEFINDEN<\/title>\n<meta name=\"robots\" content=\"index, follow, max-snippet:-1, max-image-preview:large, max-video-preview:-1\" \/>\n<link rel=\"canonical\" href=\"https:\/\/bien-etreiris.ch\/de\/unsere-marken\/erdmann-hauser\/\" \/>\n<meta property=\"og:locale\" content=\"de_DE\" \/>\n<meta property=\"og:type\" content=\"article\" \/>\n<meta property=\"og:title\" content=\"ERDMANN HAUSER - WOHLBEFINDEN\" \/>\n<meta property=\"og:description\" content=\"Die ErdmannHAUSER Getreideprodukte GmbH wurde 1989 als Verarbeitungspartner der ortsans\u00e4ssigen Bauern gegr\u00fcndet, um die Qualit\u00e4tsziele der biologisch-dynamischen Landwirtschaft in der Lebensmittelproduktion konsequent zu verfolgen. Gleichzeitig geht ErdmannHAUSER auf die Bed\u00fcrfnisse der Menschen ein, die heute eine Ern\u00e4hrung suchen oder brauchen, die sie in der einseitigen Belastung des modernen Alltags st\u00e4rkt. In Bezug auf Anbau, Verarbeitung und ern\u00e4hrungsphysiologische Qualit\u00e4t bietet ErdmannHAUSER&nbsp;Weiter lesen\" \/>\n<meta property=\"og:url\" content=\"https:\/\/bien-etreiris.ch\/de\/unsere-marken\/erdmann-hauser\/\" \/>\n<meta property=\"og:site_name\" content=\"WOHLBEFINDEN\" \/>\n<meta property=\"article:publisher\" content=\"https:\/\/www.facebook.com\/bienetreiris\/\" \/>\n<meta property=\"article:modified_time\" content=\"2022-09-28T09:12:46+00:00\" \/>\n<meta property=\"og:image\" content=\"https:\/\/bien-etreiris.ch\/wp-content\/uploads\/2021\/05\/Erdmann-Hauser.png\" \/>\n\t<meta property=\"og:image:width\" content=\"500\" \/>\n\t<meta property=\"og:image:height\" content=\"338\" \/>\n\t<meta property=\"og:image:type\" content=\"image\/png\" \/>\n<meta name=\"twitter:label1\" content=\"Gesch\u00e4tzte Lesezeit\" \/>\n\t<meta name=\"twitter:data1\" content=\"1\u00a0Minute\" \/>\n<script type=\"application\/ld+json\" class=\"yoast-schema-graph\">{\"@context\":\"https:\\\/\\\/schema.org\",\"@graph\":[{\"@type\":\"WebPage\",\"@id\":\"https:\\\/\\\/bien-etreiris.ch\\\/de\\\/unsere-marken\\\/erdmann-hauser\\\/\",\"url\":\"https:\\\/\\\/bien-etreiris.ch\\\/de\\\/unsere-marken\\\/erdmann-hauser\\\/\",\"name\":\"ERDMANN HAUSER - WOHLBEFINDEN\",\"isPartOf\":{\"@id\":\"https:\\\/\\\/bien-etreiris.ch\\\/de\\\/#website\"},\"primaryImageOfPage\":{\"@id\":\"https:\\\/\\\/bien-etreiris.ch\\\/de\\\/unsere-marken\\\/erdmann-hauser\\\/#primaryimage\"},\"image\":{\"@id\":\"https:\\\/\\\/bien-etreiris.ch\\\/de\\\/unsere-marken\\\/erdmann-hauser\\\/#primaryimage\"},\"thumbnailUrl\":\"https:\\\/\\\/bien-etreiris.ch\\\/wp-content\\\/uploads\\\/2021\\\/05\\\/Erdmann-Hauser.png\",\"datePublished\":\"2021-05-22T14:50:11+00:00\",\"dateModified\":\"2022-09-28T09:12:46+00:00\",\"breadcrumb\":{\"@id\":\"https:\\\/\\\/bien-etreiris.ch\\\/de\\\/unsere-marken\\\/erdmann-hauser\\\/#breadcrumb\"},\"inLanguage\":\"de\",\"potentialAction\":[{\"@type\":\"ReadAction\",\"target\":[\"https:\\\/\\\/bien-etreiris.ch\\\/de\\\/unsere-marken\\\/erdmann-hauser\\\/\"]}]},{\"@type\":\"ImageObject\",\"inLanguage\":\"de\",\"@id\":\"https:\\\/\\\/bien-etreiris.ch\\\/de\\\/unsere-marken\\\/erdmann-hauser\\\/#primaryimage\",\"url\":\"https:\\\/\\\/bien-etreiris.ch\\\/wp-content\\\/uploads\\\/2021\\\/05\\\/Erdmann-Hauser.png\",\"contentUrl\":\"https:\\\/\\\/bien-etreiris.ch\\\/wp-content\\\/uploads\\\/2021\\\/05\\\/Erdmann-Hauser.png\",\"width\":500,\"height\":338},{\"@type\":\"BreadcrumbList\",\"@id\":\"https:\\\/\\\/bien-etreiris.ch\\\/de\\\/unsere-marken\\\/erdmann-hauser\\\/#breadcrumb\",\"itemListElement\":[{\"@type\":\"ListItem\",\"position\":1,\"name\":\"Home\",\"item\":\"https:\\\/\\\/bien-etreiris.ch\\\/de\\\/\"},{\"@type\":\"ListItem\",\"position\":2,\"name\":\"UNSERE MARKEN\",\"item\":\"https:\\\/\\\/bien-etreiris.ch\\\/de\\\/unsere-marken\\\/\"},{\"@type\":\"ListItem\",\"position\":3,\"name\":\"ERDMANN HAUSER\"}]},{\"@type\":\"WebSite\",\"@id\":\"https:\\\/\\\/bien-etreiris.ch\\\/de\\\/#website\",\"url\":\"https:\\\/\\\/bien-etreiris.ch\\\/de\\\/\",\"name\":\"Bien-\u00eatre Iris\",\"description\":\"IHRE Gesundheit ist uns wichtig\",\"potentialAction\":[{\"@type\":\"SearchAction\",\"target\":{\"@type\":\"EntryPoint\",\"urlTemplate\":\"https:\\\/\\\/bien-etreiris.ch\\\/de\\\/?s={search_term_string}\"},\"query-input\":{\"@type\":\"PropertyValueSpecification\",\"valueRequired\":true,\"valueName\":\"search_term_string\"}}],\"inLanguage\":\"de\"}]}<\/script>\n<!-- \/ Yoast SEO plugin. -->","yoast_head_json":{"title":"ERDMANN HAUSER - WOHLBEFINDEN","robots":{"index":"index","follow":"follow","max-snippet":"max-snippet:-1","max-image-preview":"max-image-preview:large","max-video-preview":"max-video-preview:-1"},"canonical":"https:\/\/bien-etreiris.ch\/de\/unsere-marken\/erdmann-hauser\/","og_locale":"de_DE","og_type":"article","og_title":"ERDMANN HAUSER - WOHLBEFINDEN","og_description":"Die ErdmannHAUSER Getreideprodukte GmbH wurde 1989 als Verarbeitungspartner der ortsans\u00e4ssigen Bauern gegr\u00fcndet, um die Qualit\u00e4tsziele der biologisch-dynamischen Landwirtschaft in der Lebensmittelproduktion konsequent zu verfolgen. Gleichzeitig geht ErdmannHAUSER auf die Bed\u00fcrfnisse der Menschen ein, die heute eine Ern\u00e4hrung suchen oder brauchen, die sie in der einseitigen Belastung des modernen Alltags st\u00e4rkt. In Bezug auf Anbau, Verarbeitung und ern\u00e4hrungsphysiologische Qualit\u00e4t bietet ErdmannHAUSER&nbsp;Weiter lesen","og_url":"https:\/\/bien-etreiris.ch\/de\/unsere-marken\/erdmann-hauser\/","og_site_name":"WOHLBEFINDEN","article_publisher":"https:\/\/www.facebook.com\/bienetreiris\/","article_modified_time":"2022-09-28T09:12:46+00:00","og_image":[{"width":500,"height":338,"url":"https:\/\/bien-etreiris.ch\/wp-content\/uploads\/2021\/05\/Erdmann-Hauser.png","type":"image\/png"}],"twitter_misc":{"Gesch\u00e4tzte Lesezeit":"1\u00a0Minute"},"schema":{"@context":"https:\/\/schema.org","@graph":[{"@type":"WebPage","@id":"https:\/\/bien-etreiris.ch\/de\/unsere-marken\/erdmann-hauser\/","url":"https:\/\/bien-etreiris.ch\/de\/unsere-marken\/erdmann-hauser\/","name":"ERDMANN HAUSER - WOHLBEFINDEN","isPartOf":{"@id":"https:\/\/bien-etreiris.ch\/de\/#website"},"primaryImageOfPage":{"@id":"https:\/\/bien-etreiris.ch\/de\/unsere-marken\/erdmann-hauser\/#primaryimage"},"image":{"@id":"https:\/\/bien-etreiris.ch\/de\/unsere-marken\/erdmann-hauser\/#primaryimage"},"thumbnailUrl":"https:\/\/bien-etreiris.ch\/wp-content\/uploads\/2021\/05\/Erdmann-Hauser.png","datePublished":"2021-05-22T14:50:11+00:00","dateModified":"2022-09-28T09:12:46+00:00","breadcrumb":{"@id":"https:\/\/bien-etreiris.ch\/de\/unsere-marken\/erdmann-hauser\/#breadcrumb"},"inLanguage":"de","potentialAction":[{"@type":"ReadAction","target":["https:\/\/bien-etreiris.ch\/de\/unsere-marken\/erdmann-hauser\/"]}]},{"@type":"ImageObject","inLanguage":"de","@id":"https:\/\/bien-etreiris.ch\/de\/unsere-marken\/erdmann-hauser\/#primaryimage","url":"https:\/\/bien-etreiris.ch\/wp-content\/uploads\/2021\/05\/Erdmann-Hauser.png","contentUrl":"https:\/\/bien-etreiris.ch\/wp-content\/uploads\/2021\/05\/Erdmann-Hauser.png","width":500,"height":338},{"@type":"BreadcrumbList","@id":"https:\/\/bien-etreiris.ch\/de\/unsere-marken\/erdmann-hauser\/#breadcrumb","itemListElement":[{"@type":"ListItem","position":1,"name":"Home","item":"https:\/\/bien-etreiris.ch\/de\/"},{"@type":"ListItem","position":2,"name":"UNSERE MARKEN","item":"https:\/\/bien-etreiris.ch\/de\/unsere-marken\/"},{"@type":"ListItem","position":3,"name":"ERDMANN HAUSER"}]},{"@type":"WebSite","@id":"https:\/\/bien-etreiris.ch\/de\/#website","url":"https:\/\/bien-etreiris.ch\/de\/","name":"Bien-\u00eatre Iris","description":"IHRE Gesundheit ist uns wichtig","potentialAction":[{"@type":"SearchAction","target":{"@type":"EntryPoint","urlTemplate":"https:\/\/bien-etreiris.ch\/de\/?s={search_term_string}"},"query-input":{"@type":"PropertyValueSpecification","valueRequired":true,"valueName":"search_term_string"}}],"inLanguage":"de"}]}},"_links":{"self":[{"href":"https:\/\/bien-etreiris.ch\/de\/wp-json\/wp\/v2\/pages\/46117","targetHints":{"allow":["GET"]}}],"collection":[{"href":"https:\/\/bien-etreiris.ch\/de\/wp-json\/wp\/v2\/pages"}],"about":[{"href":"https:\/\/bien-etreiris.ch\/de\/wp-json\/wp\/v2\/types\/page"}],"author":[{"embeddable":true,"href":"https:\/\/bien-etreiris.ch\/de\/wp-json\/wp\/v2\/users\/1"}],"replies":[{"embeddable":true,"href":"https:\/\/bien-etreiris.ch\/de\/wp-json\/wp\/v2\/comments?post=46117"}],"version-history":[{"count":4,"href":"https:\/\/bien-etreiris.ch\/de\/wp-json\/wp\/v2\/pages\/46117\/revisions"}],"predecessor-version":[{"id":60554,"href":"https:\/\/bien-etreiris.ch\/de\/wp-json\/wp\/v2\/pages\/46117\/revisions\/60554"}],"up":[{"embeddable":true,"href":"https:\/\/bien-etreiris.ch\/de\/wp-json\/wp\/v2\/pages\/44406"}],"wp:featuredmedia":[{"embeddable":true,"href":"https:\/\/bien-etreiris.ch\/de\/wp-json\/wp\/v2\/media\/46115"}],"wp:attachment":[{"href":"https:\/\/bien-etreiris.ch\/de\/wp-json\/wp\/v2\/media?parent=46117"}],"curies":[{"name":"wp","href":"https:\/\/api.w.org\/{rel}","templated":true}]}}