{"id":46086,"date":"2021-05-22T15:18:20","date_gmt":"2021-05-22T13:18:20","guid":{"rendered":"https:\/\/bien-etreiris.ch\/?page_id=46086"},"modified":"2021-06-03T12:16:50","modified_gmt":"2021-06-03T10:16:50","slug":"hanfsamen","status":"publish","type":"page","link":"https:\/\/bien-etreiris.ch\/de\/produktpraesentation\/gesundes-leben\/gesunde-lebensmittel\/superfoods\/koernrer-samen\/hanfsamen\/","title":{"rendered":"HANFSAMEN"},"content":{"rendered":"\n<h2 class=\"productStage__title\">Gesch\u00e4lte Bio-Hanfsamen<\/h2>\n<p><a href=\"https:\/\/bien-etreiris.ch\/wp-content\/uploads\/2021\/05\/Graines-de-chanvre.png\"><img loading=\"lazy\" decoding=\"async\" class=\"alignleft wp-image-46082 size-full\" src=\"https:\/\/bien-etreiris.ch\/wp-content\/uploads\/2021\/05\/Graines-de-chanvre.png\" alt=\"\" width=\"530\" height=\"599\" srcset=\"https:\/\/bien-etreiris.ch\/wp-content\/uploads\/2021\/05\/Graines-de-chanvre.png 530w, https:\/\/bien-etreiris.ch\/wp-content\/uploads\/2021\/05\/Graines-de-chanvre-265x300.png 265w\" sizes=\"auto, (max-width: 530px) 100vw, 530px\" \/><\/a><\/p>\n<p>&nbsp;<\/p>\n<p>&nbsp;<\/p>\n<p>&nbsp;<\/p>\n<p>&nbsp;<\/p>\n<p>&nbsp;<\/p>\n<p>&nbsp;<\/p>\n<p>&nbsp;<\/p>\n<h1 class=\"productStage__title\">&nbsp;<\/h1>\n<p class=\"productStage__subtitle\"><strong>Dragon Superfoods graines de chanvre d\u00e9cortiqu\u00e9es<\/strong><\/p>\n<div class=\"productStage__infoText\">\n<ul>\n<li>Riche en acides gras om\u00e9ga 3 et 6<\/li>\n<li>Antioxydant vitamine E<\/li>\n<li>Contenu : 200 g<\/li>\n<\/ul>\n<p>1 sachet <strong>CHF 7.90<\/strong><\/p>\n<\/div>\n<p>&nbsp;<\/p>\n<p>&nbsp;<\/p>\n<p>&nbsp;<\/p>\n<p>&nbsp;<\/p>\n<p>Les graines de chanvre biologique de Dragon Superfoods proviennent d'Asie centrale et peuvent \u00eatre utilis\u00e9es de nombreuses fa\u00e7ons diff\u00e9rentes dans la cuisine. Ils peuvent \u00eatre consomm\u00e9s crus ou m\u00e9lang\u00e9s dans un muesli. Vous pouvez \u00e9galement utiliser les graines pour la cuisson afin de donner \u00e0 vos cr\u00e9ations l'ar\u00f4me typique du chanvre.<\/p>\n<p><span class=\"ILfuVd\"><span class=\"hgKElc\">Une aide \u00e0 la digestion. La richesse en fibres insolubles des <b>graines de chanvre<\/b> pr\u00e9sente un autre avantage des plus int\u00e9ressants : elles sont en effet r\u00e9put\u00e9es pour acc\u00e9l\u00e9rer le transit, pr\u00e9venir la constipation, et favoriser l'activit\u00e9 de l'intestin et la bonne sant\u00e9 du syst\u00e8me digestif.<\/span><\/span><\/p>\n","protected":false},"excerpt":{"rendered":"<p>Gesch\u00e4lte Bio-Hanfsamen &nbsp; &nbsp; &nbsp; &nbsp; &nbsp; &nbsp; &nbsp; &nbsp; Dragon Superfoods graines de chanvre d\u00e9cortiqu\u00e9es Riche en acides gras om\u00e9ga 3 et 6 Antioxydant vitamine E Contenu : 200 g 1 sachet CHF 7.90 &nbsp; &nbsp; &nbsp; &nbsp; Les graines de chanvre biologique de Dragon Superfoods proviennent d'Asie centrale et peuvent \u00eatre utilis\u00e9es de nombreuses fa\u00e7ons diff\u00e9rentes dans la&nbsp;<a href=\"https:\/\/bien-etreiris.ch\/de\/produktpraesentation\/gesundes-leben\/gesunde-lebensmittel\/superfoods\/koernrer-samen\/hanfsamen\/\" class=\"read-more\">Weiter lesen<\/a><\/p>\n","protected":false},"author":1,"featured_media":46089,"parent":46234,"menu_order":5597,"comment_status":"closed","ping_status":"closed","template":"page-with-child.php","meta":{"_acf_changed":false,"ngg_post_thumbnail":0,"footnotes":""},"class_list":["post-46086","page","type-page","status-publish","has-post-thumbnail","hentry"],"acf":[],"yoast_head":"<!-- This site is optimized with the Yoast SEO plugin v27.5 - https:\/\/yoast.com\/product\/yoast-seo-wordpress\/ -->\n<title>HANFSAMEN - WOHLBEFINDEN<\/title>\n<meta name=\"robots\" content=\"index, follow, max-snippet:-1, max-image-preview:large, max-video-preview:-1\" \/>\n<link rel=\"canonical\" href=\"https:\/\/bien-etreiris.ch\/de\/produktpraesentation\/gesundes-leben\/gesunde-lebensmittel\/superfoods\/koernrer-samen\/hanfsamen\/\" \/>\n<meta property=\"og:locale\" content=\"de_DE\" \/>\n<meta property=\"og:type\" content=\"article\" \/>\n<meta property=\"og:title\" content=\"HANFSAMEN - WOHLBEFINDEN\" \/>\n<meta property=\"og:description\" content=\"Gesch\u00e4lte Bio-Hanfsamen &nbsp; &nbsp; &nbsp; &nbsp; &nbsp; &nbsp; &nbsp; &nbsp; Dragon Superfoods graines de chanvre d\u00e9cortiqu\u00e9es Riche en acides gras om\u00e9ga 3 et 6 Antioxydant vitamine E Contenu : 200 g 1 sachet CHF 7.90 &nbsp; &nbsp; &nbsp; &nbsp; Les graines de chanvre biologique de Dragon Superfoods proviennent d&#039;Asie centrale et peuvent \u00eatre utilis\u00e9es de nombreuses fa\u00e7ons diff\u00e9rentes dans la&nbsp;Weiter lesen\" \/>\n<meta property=\"og:url\" content=\"https:\/\/bien-etreiris.ch\/de\/produktpraesentation\/gesundes-leben\/gesunde-lebensmittel\/superfoods\/koernrer-samen\/hanfsamen\/\" \/>\n<meta property=\"og:site_name\" content=\"WOHLBEFINDEN\" \/>\n<meta property=\"article:publisher\" content=\"https:\/\/www.facebook.com\/bienetreiris\/\" \/>\n<meta property=\"article:modified_time\" content=\"2021-06-03T10:16:50+00:00\" \/>\n<meta property=\"og:image\" content=\"https:\/\/bien-etreiris.ch\/wp-content\/uploads\/2021\/05\/acceuil-grains-de-chanvre.jpg\" \/>\n\t<meta property=\"og:image:width\" content=\"500\" \/>\n\t<meta property=\"og:image:height\" content=\"338\" \/>\n\t<meta property=\"og:image:type\" content=\"image\/jpeg\" \/>\n<meta name=\"twitter:label1\" content=\"Gesch\u00e4tzte Lesezeit\" \/>\n\t<meta name=\"twitter:data1\" content=\"1\u00a0Minute\" \/>\n<script type=\"application\/ld+json\" class=\"yoast-schema-graph\">{\"@context\":\"https:\\\/\\\/schema.org\",\"@graph\":[{\"@type\":\"WebPage\",\"@id\":\"https:\\\/\\\/bien-etreiris.ch\\\/de\\\/produktpraesentation\\\/gesundes-leben\\\/gesunde-lebensmittel\\\/superfoods\\\/koernrer-samen\\\/hanfsamen\\\/\",\"url\":\"https:\\\/\\\/bien-etreiris.ch\\\/de\\\/produktpraesentation\\\/gesundes-leben\\\/gesunde-lebensmittel\\\/superfoods\\\/koernrer-samen\\\/hanfsamen\\\/\",\"name\":\"HANFSAMEN - WOHLBEFINDEN\",\"isPartOf\":{\"@id\":\"https:\\\/\\\/bien-etreiris.ch\\\/de\\\/#website\"},\"primaryImageOfPage\":{\"@id\":\"https:\\\/\\\/bien-etreiris.ch\\\/de\\\/produktpraesentation\\\/gesundes-leben\\\/gesunde-lebensmittel\\\/superfoods\\\/koernrer-samen\\\/hanfsamen\\\/#primaryimage\"},\"image\":{\"@id\":\"https:\\\/\\\/bien-etreiris.ch\\\/de\\\/produktpraesentation\\\/gesundes-leben\\\/gesunde-lebensmittel\\\/superfoods\\\/koernrer-samen\\\/hanfsamen\\\/#primaryimage\"},\"thumbnailUrl\":\"https:\\\/\\\/bien-etreiris.ch\\\/wp-content\\\/uploads\\\/2021\\\/05\\\/acceuil-grains-de-chanvre.jpg\",\"datePublished\":\"2021-05-22T13:18:20+00:00\",\"dateModified\":\"2021-06-03T10:16:50+00:00\",\"breadcrumb\":{\"@id\":\"https:\\\/\\\/bien-etreiris.ch\\\/de\\\/produktpraesentation\\\/gesundes-leben\\\/gesunde-lebensmittel\\\/superfoods\\\/koernrer-samen\\\/hanfsamen\\\/#breadcrumb\"},\"inLanguage\":\"de\",\"potentialAction\":[{\"@type\":\"ReadAction\",\"target\":[\"https:\\\/\\\/bien-etreiris.ch\\\/de\\\/produktpraesentation\\\/gesundes-leben\\\/gesunde-lebensmittel\\\/superfoods\\\/koernrer-samen\\\/hanfsamen\\\/\"]}]},{\"@type\":\"ImageObject\",\"inLanguage\":\"de\",\"@id\":\"https:\\\/\\\/bien-etreiris.ch\\\/de\\\/produktpraesentation\\\/gesundes-leben\\\/gesunde-lebensmittel\\\/superfoods\\\/koernrer-samen\\\/hanfsamen\\\/#primaryimage\",\"url\":\"https:\\\/\\\/bien-etreiris.ch\\\/wp-content\\\/uploads\\\/2021\\\/05\\\/acceuil-grains-de-chanvre.jpg\",\"contentUrl\":\"https:\\\/\\\/bien-etreiris.ch\\\/wp-content\\\/uploads\\\/2021\\\/05\\\/acceuil-grains-de-chanvre.jpg\",\"width\":500,\"height\":338},{\"@type\":\"BreadcrumbList\",\"@id\":\"https:\\\/\\\/bien-etreiris.ch\\\/de\\\/produktpraesentation\\\/gesundes-leben\\\/gesunde-lebensmittel\\\/superfoods\\\/koernrer-samen\\\/hanfsamen\\\/#breadcrumb\",\"itemListElement\":[{\"@type\":\"ListItem\",\"position\":1,\"name\":\"Home\",\"item\":\"https:\\\/\\\/bien-etreiris.ch\\\/de\\\/\"},{\"@type\":\"ListItem\",\"position\":2,\"name\":\"PRODUKTPR\u00c4SENTATION\",\"item\":\"https:\\\/\\\/bien-etreiris.ch\\\/de\\\/produktpraesentation\\\/\"},{\"@type\":\"ListItem\",\"position\":3,\"name\":\"GESUNDES LEBEN\",\"item\":\"https:\\\/\\\/bien-etreiris.ch\\\/de\\\/produktpraesentation\\\/gesundes-leben\\\/\"},{\"@type\":\"ListItem\",\"position\":4,\"name\":\"GESUNDE LEBENSMITTEL\",\"item\":\"https:\\\/\\\/bien-etreiris.ch\\\/de\\\/produktpraesentation\\\/gesundes-leben\\\/gesunde-lebensmittel\\\/\"},{\"@type\":\"ListItem\",\"position\":5,\"name\":\"SUPERFOODS\",\"item\":\"https:\\\/\\\/bien-etreiris.ch\\\/de\\\/produktpraesentation\\\/gesundes-leben\\\/gesunde-lebensmittel\\\/superfoods\\\/\"},{\"@type\":\"ListItem\",\"position\":6,\"name\":\"K\u00d6RNER &#8211; SAMEN\",\"item\":\"https:\\\/\\\/bien-etreiris.ch\\\/de\\\/produktpraesentation\\\/gesundes-leben\\\/gesunde-lebensmittel\\\/superfoods\\\/koernrer-samen\\\/\"},{\"@type\":\"ListItem\",\"position\":7,\"name\":\"HANFSAMEN\"}]},{\"@type\":\"WebSite\",\"@id\":\"https:\\\/\\\/bien-etreiris.ch\\\/de\\\/#website\",\"url\":\"https:\\\/\\\/bien-etreiris.ch\\\/de\\\/\",\"name\":\"Bien-\u00eatre Iris\",\"description\":\"IHRE Gesundheit ist uns wichtig\",\"potentialAction\":[{\"@type\":\"SearchAction\",\"target\":{\"@type\":\"EntryPoint\",\"urlTemplate\":\"https:\\\/\\\/bien-etreiris.ch\\\/de\\\/?s={search_term_string}\"},\"query-input\":{\"@type\":\"PropertyValueSpecification\",\"valueRequired\":true,\"valueName\":\"search_term_string\"}}],\"inLanguage\":\"de\"}]}<\/script>\n<!-- \/ Yoast SEO plugin. -->","yoast_head_json":{"title":"HANFSAMEN - WOHLBEFINDEN","robots":{"index":"index","follow":"follow","max-snippet":"max-snippet:-1","max-image-preview":"max-image-preview:large","max-video-preview":"max-video-preview:-1"},"canonical":"https:\/\/bien-etreiris.ch\/de\/produktpraesentation\/gesundes-leben\/gesunde-lebensmittel\/superfoods\/koernrer-samen\/hanfsamen\/","og_locale":"de_DE","og_type":"article","og_title":"HANFSAMEN - WOHLBEFINDEN","og_description":"Gesch\u00e4lte Bio-Hanfsamen &nbsp; &nbsp; &nbsp; &nbsp; &nbsp; &nbsp; &nbsp; &nbsp; Dragon Superfoods graines de chanvre d\u00e9cortiqu\u00e9es Riche en acides gras om\u00e9ga 3 et 6 Antioxydant vitamine E Contenu : 200 g 1 sachet CHF 7.90 &nbsp; &nbsp; &nbsp; &nbsp; Les graines de chanvre biologique de Dragon Superfoods proviennent d'Asie centrale et peuvent \u00eatre utilis\u00e9es de nombreuses fa\u00e7ons diff\u00e9rentes dans la&nbsp;Weiter lesen","og_url":"https:\/\/bien-etreiris.ch\/de\/produktpraesentation\/gesundes-leben\/gesunde-lebensmittel\/superfoods\/koernrer-samen\/hanfsamen\/","og_site_name":"WOHLBEFINDEN","article_publisher":"https:\/\/www.facebook.com\/bienetreiris\/","article_modified_time":"2021-06-03T10:16:50+00:00","og_image":[{"width":500,"height":338,"url":"https:\/\/bien-etreiris.ch\/wp-content\/uploads\/2021\/05\/acceuil-grains-de-chanvre.jpg","type":"image\/jpeg"}],"twitter_misc":{"Gesch\u00e4tzte Lesezeit":"1\u00a0Minute"},"schema":{"@context":"https:\/\/schema.org","@graph":[{"@type":"WebPage","@id":"https:\/\/bien-etreiris.ch\/de\/produktpraesentation\/gesundes-leben\/gesunde-lebensmittel\/superfoods\/koernrer-samen\/hanfsamen\/","url":"https:\/\/bien-etreiris.ch\/de\/produktpraesentation\/gesundes-leben\/gesunde-lebensmittel\/superfoods\/koernrer-samen\/hanfsamen\/","name":"HANFSAMEN - WOHLBEFINDEN","isPartOf":{"@id":"https:\/\/bien-etreiris.ch\/de\/#website"},"primaryImageOfPage":{"@id":"https:\/\/bien-etreiris.ch\/de\/produktpraesentation\/gesundes-leben\/gesunde-lebensmittel\/superfoods\/koernrer-samen\/hanfsamen\/#primaryimage"},"image":{"@id":"https:\/\/bien-etreiris.ch\/de\/produktpraesentation\/gesundes-leben\/gesunde-lebensmittel\/superfoods\/koernrer-samen\/hanfsamen\/#primaryimage"},"thumbnailUrl":"https:\/\/bien-etreiris.ch\/wp-content\/uploads\/2021\/05\/acceuil-grains-de-chanvre.jpg","datePublished":"2021-05-22T13:18:20+00:00","dateModified":"2021-06-03T10:16:50+00:00","breadcrumb":{"@id":"https:\/\/bien-etreiris.ch\/de\/produktpraesentation\/gesundes-leben\/gesunde-lebensmittel\/superfoods\/koernrer-samen\/hanfsamen\/#breadcrumb"},"inLanguage":"de","potentialAction":[{"@type":"ReadAction","target":["https:\/\/bien-etreiris.ch\/de\/produktpraesentation\/gesundes-leben\/gesunde-lebensmittel\/superfoods\/koernrer-samen\/hanfsamen\/"]}]},{"@type":"ImageObject","inLanguage":"de","@id":"https:\/\/bien-etreiris.ch\/de\/produktpraesentation\/gesundes-leben\/gesunde-lebensmittel\/superfoods\/koernrer-samen\/hanfsamen\/#primaryimage","url":"https:\/\/bien-etreiris.ch\/wp-content\/uploads\/2021\/05\/acceuil-grains-de-chanvre.jpg","contentUrl":"https:\/\/bien-etreiris.ch\/wp-content\/uploads\/2021\/05\/acceuil-grains-de-chanvre.jpg","width":500,"height":338},{"@type":"BreadcrumbList","@id":"https:\/\/bien-etreiris.ch\/de\/produktpraesentation\/gesundes-leben\/gesunde-lebensmittel\/superfoods\/koernrer-samen\/hanfsamen\/#breadcrumb","itemListElement":[{"@type":"ListItem","position":1,"name":"Home","item":"https:\/\/bien-etreiris.ch\/de\/"},{"@type":"ListItem","position":2,"name":"PRODUKTPR\u00c4SENTATION","item":"https:\/\/bien-etreiris.ch\/de\/produktpraesentation\/"},{"@type":"ListItem","position":3,"name":"GESUNDES LEBEN","item":"https:\/\/bien-etreiris.ch\/de\/produktpraesentation\/gesundes-leben\/"},{"@type":"ListItem","position":4,"name":"GESUNDE LEBENSMITTEL","item":"https:\/\/bien-etreiris.ch\/de\/produktpraesentation\/gesundes-leben\/gesunde-lebensmittel\/"},{"@type":"ListItem","position":5,"name":"SUPERFOODS","item":"https:\/\/bien-etreiris.ch\/de\/produktpraesentation\/gesundes-leben\/gesunde-lebensmittel\/superfoods\/"},{"@type":"ListItem","position":6,"name":"K\u00d6RNER &#8211; SAMEN","item":"https:\/\/bien-etreiris.ch\/de\/produktpraesentation\/gesundes-leben\/gesunde-lebensmittel\/superfoods\/koernrer-samen\/"},{"@type":"ListItem","position":7,"name":"HANFSAMEN"}]},{"@type":"WebSite","@id":"https:\/\/bien-etreiris.ch\/de\/#website","url":"https:\/\/bien-etreiris.ch\/de\/","name":"Bien-\u00eatre Iris","description":"IHRE Gesundheit ist uns wichtig","potentialAction":[{"@type":"SearchAction","target":{"@type":"EntryPoint","urlTemplate":"https:\/\/bien-etreiris.ch\/de\/?s={search_term_string}"},"query-input":{"@type":"PropertyValueSpecification","valueRequired":true,"valueName":"search_term_string"}}],"inLanguage":"de"}]}},"_links":{"self":[{"href":"https:\/\/bien-etreiris.ch\/de\/wp-json\/wp\/v2\/pages\/46086","targetHints":{"allow":["GET"]}}],"collection":[{"href":"https:\/\/bien-etreiris.ch\/de\/wp-json\/wp\/v2\/pages"}],"about":[{"href":"https:\/\/bien-etreiris.ch\/de\/wp-json\/wp\/v2\/types\/page"}],"author":[{"embeddable":true,"href":"https:\/\/bien-etreiris.ch\/de\/wp-json\/wp\/v2\/users\/1"}],"replies":[{"embeddable":true,"href":"https:\/\/bien-etreiris.ch\/de\/wp-json\/wp\/v2\/comments?post=46086"}],"version-history":[{"count":4,"href":"https:\/\/bien-etreiris.ch\/de\/wp-json\/wp\/v2\/pages\/46086\/revisions"}],"predecessor-version":[{"id":49376,"href":"https:\/\/bien-etreiris.ch\/de\/wp-json\/wp\/v2\/pages\/46086\/revisions\/49376"}],"up":[{"embeddable":true,"href":"https:\/\/bien-etreiris.ch\/de\/wp-json\/wp\/v2\/pages\/46234"}],"wp:featuredmedia":[{"embeddable":true,"href":"https:\/\/bien-etreiris.ch\/de\/wp-json\/wp\/v2\/media\/46089"}],"wp:attachment":[{"href":"https:\/\/bien-etreiris.ch\/de\/wp-json\/wp\/v2\/media?parent=46086"}],"curies":[{"name":"wp","href":"https:\/\/api.w.org\/{rel}","templated":true}]}}