{"id":46046,"date":"2021-05-22T14:14:09","date_gmt":"2021-05-22T12:14:09","guid":{"rendered":"https:\/\/bien-etreiris.ch\/?page_id=46046"},"modified":"2023-12-10T17:22:50","modified_gmt":"2023-12-10T15:22:50","slug":"gerstengraspulver","status":"publish","type":"page","link":"https:\/\/bien-etreiris.ch\/de\/produktpraesentation\/gesundes-leben\/gesunde-lebensmittel\/superfoods\/pulver\/gerstengraspulver\/","title":{"rendered":"GERSTENGRASPULVER"},"content":{"rendered":"\n<h2>Gerstengras in Pulverform<\/h2>\n<p><a href=\"https:\/\/bien-etreiris.ch\/wp-content\/uploads\/2022\/08\/titre-Gerstengras.jpg\"><img loading=\"lazy\" decoding=\"async\" class=\"wp-image-58149  alignleft\" src=\"https:\/\/bien-etreiris.ch\/wp-content\/uploads\/2022\/08\/titre-Gerstengras-1024x1024.jpg\" alt=\"\" width=\"408\" height=\"408\" srcset=\"https:\/\/bien-etreiris.ch\/wp-content\/uploads\/2022\/08\/titre-Gerstengras-1024x1024.jpg 1024w, https:\/\/bien-etreiris.ch\/wp-content\/uploads\/2022\/08\/titre-Gerstengras-300x300.jpg 300w, https:\/\/bien-etreiris.ch\/wp-content\/uploads\/2022\/08\/titre-Gerstengras-150x150.jpg 150w, https:\/\/bien-etreiris.ch\/wp-content\/uploads\/2022\/08\/titre-Gerstengras-768x768.jpg 768w, https:\/\/bien-etreiris.ch\/wp-content\/uploads\/2022\/08\/titre-Gerstengras-1536x1536.jpg 1536w, https:\/\/bien-etreiris.ch\/wp-content\/uploads\/2022\/08\/titre-Gerstengras.jpg 1600w\" sizes=\"auto, (max-width: 408px) 100vw, 408px\" \/><\/a><\/p>\n<p>&nbsp;<\/p>\n<p>&nbsp;<\/p>\n<h4>Greenic<\/h4>\n<p>Gertengras liefert <\/p>\n<ul style=\"list-style-type: disc;\">\n<li>S\u00e4ure-Basen-Gleichgewicht<\/li>\n<li>gut f\u00fcr Haut und Haare<\/li>\n<li>senkt den Cholesterinspiegel<\/li>\n<li>gut f\u00fcr den Darm<\/li>\n<li>sehr nahrhaft<\/li>\n<li>enth\u00e4lt Vitamine, Mineralien und Spurenelemente<\/li>\n<\/ul>\n<p>&nbsp;<\/p>\n<p>1 B\u00fcchse mit 150 gr. <strong>CHF 10.30<\/strong><\/p>\n<p>&nbsp;<\/p>\n<p>&nbsp;<\/p>\n<p>&nbsp;<\/p>\n<p><a href=\"https:\/\/decoiris.ch\/wp-content\/uploads\/2020\/01\/Poudre-de-jus-dherbe-dorge.-2-jpg-1.jpg\"><img loading=\"lazy\" decoding=\"async\" class=\" wp-image-30724 alignleft\" src=\"https:\/\/decoiris.ch\/wp-content\/uploads\/2020\/01\/Poudre-de-jus-dherbe-dorge.-2-jpg-1-300x300.jpg\" alt=\"\" width=\"208\" height=\"208\" srcset=\"https:\/\/bien-etreiris.ch\/wp-content\/uploads\/2020\/01\/Poudre-de-jus-dherbe-dorge.-2-jpg-1-300x300.jpg 300w, https:\/\/bien-etreiris.ch\/wp-content\/uploads\/2020\/01\/Poudre-de-jus-dherbe-dorge.-2-jpg-1-150x150.jpg 150w, https:\/\/bien-etreiris.ch\/wp-content\/uploads\/2020\/01\/Poudre-de-jus-dherbe-dorge.-2-jpg-1-768x768.jpg 768w, https:\/\/bien-etreiris.ch\/wp-content\/uploads\/2020\/01\/Poudre-de-jus-dherbe-dorge.-2-jpg-1-1024x1024.jpg 1024w, https:\/\/bien-etreiris.ch\/wp-content\/uploads\/2020\/01\/Poudre-de-jus-dherbe-dorge.-2-jpg-1.jpg 1280w\" sizes=\"auto, (max-width: 208px) 100vw, 208px\" \/><\/a><\/p>\n<p>&nbsp;<\/p>\n<p>&nbsp;<\/p>\n<p>&nbsp;<\/p>\n<p>&nbsp;<\/p>\n<p>&nbsp;<\/p>\n<h4><br>REZEPTE Smoothie mit Gerste<\/h4>\n<ul style=\"list-style-type: disc;\">\n<li>1 reife Mango<\/li>\n<li>2 Bananen<\/li>\n<li>1 Teel\u00f6ffel Gerstengras<\/li>\n<li>330 ml Kokoswasser<\/li>\n<\/ul>\n<p><br>Sch\u00e4len Sie die Mango und die Bananen.<br>Vermischen Sie alles miteinander. Getr\u00e4nk!<\/p>\n<p>&nbsp;<\/p>\n\n\n\n<h2><a href=\"https:\/\/bien-etreiris.ch\/de\/ratgeber-klarheit-beratung\/gesunder-lebensstil\/naehrstoffe\/superfoods\/gerstengras\/\" target=\"_blank\" rel=\"noopener\"><em><span style=\"color: #ff9900;\">Mehr \u00fcber Gerstengras und seine Ern\u00e4hrungsindikationen<\/span><\/em><\/a><\/h2>\n","protected":false},"excerpt":{"rendered":"<p>Gerstengras in Pulverform &nbsp; &nbsp; Greenic Gertengras liefert S\u00e4ure-Basen-Gleichgewicht gut f\u00fcr Haut und Haare senkt den Cholesterinspiegel gut f\u00fcr den Darm sehr nahrhaft enth\u00e4lt Vitamine, Mineralien und Spurenelemente &nbsp; 1 B\u00fcchse mit 150 gr. CHF 10.30 &nbsp; &nbsp; &nbsp; &nbsp; &nbsp; &nbsp; &nbsp; &nbsp; REZEPTE Smoothie mit Gerste 1 reife Mango 2 Bananen 1 Teel\u00f6ffel Gerstengras 330 ml Kokoswasser Sch\u00e4len&nbsp;<a href=\"https:\/\/bien-etreiris.ch\/de\/produktpraesentation\/gesundes-leben\/gesunde-lebensmittel\/superfoods\/pulver\/gerstengraspulver\/\" class=\"read-more\">Weiter lesen<\/a><\/p>\n","protected":false},"author":1,"featured_media":46044,"parent":46460,"menu_order":5597,"comment_status":"closed","ping_status":"closed","template":"page-with-child.php","meta":{"_acf_changed":false,"ngg_post_thumbnail":0,"footnotes":""},"class_list":["post-46046","page","type-page","status-publish","has-post-thumbnail","hentry"],"acf":[],"yoast_head":"<!-- This site is optimized with the Yoast SEO plugin v27.4 - https:\/\/yoast.com\/product\/yoast-seo-wordpress\/ -->\n<title>GERSTENGRASPULVER - WOHLBEFINDEN<\/title>\n<meta name=\"robots\" content=\"index, follow, max-snippet:-1, max-image-preview:large, max-video-preview:-1\" \/>\n<link rel=\"canonical\" href=\"https:\/\/bien-etreiris.ch\/de\/produktpraesentation\/gesundes-leben\/gesunde-lebensmittel\/superfoods\/pulver\/gerstengraspulver\/\" \/>\n<meta property=\"og:locale\" content=\"de_DE\" \/>\n<meta property=\"og:type\" content=\"article\" \/>\n<meta property=\"og:title\" content=\"GERSTENGRASPULVER - WOHLBEFINDEN\" \/>\n<meta property=\"og:description\" content=\"Gerstengras in Pulverform &nbsp; &nbsp; Greenic Gertengras liefert S\u00e4ure-Basen-Gleichgewicht gut f\u00fcr Haut und Haare senkt den Cholesterinspiegel gut f\u00fcr den Darm sehr nahrhaft enth\u00e4lt Vitamine, Mineralien und Spurenelemente &nbsp; 1 B\u00fcchse mit 150 gr. CHF 10.30 &nbsp; &nbsp; &nbsp; &nbsp; &nbsp; &nbsp; &nbsp; &nbsp; REZEPTE Smoothie mit Gerste 1 reife Mango 2 Bananen 1 Teel\u00f6ffel Gerstengras 330 ml Kokoswasser Sch\u00e4len&nbsp;Weiter lesen\" \/>\n<meta property=\"og:url\" content=\"https:\/\/bien-etreiris.ch\/de\/produktpraesentation\/gesundes-leben\/gesunde-lebensmittel\/superfoods\/pulver\/gerstengraspulver\/\" \/>\n<meta property=\"og:site_name\" content=\"WOHLBEFINDEN\" \/>\n<meta property=\"article:publisher\" content=\"https:\/\/www.facebook.com\/bienetreiris\/\" \/>\n<meta property=\"article:modified_time\" content=\"2023-12-10T15:22:50+00:00\" \/>\n<meta property=\"og:image\" content=\"https:\/\/bien-etreiris.ch\/wp-content\/uploads\/2021\/05\/acceuil-herbe-dorge.jpg\" \/>\n\t<meta property=\"og:image:width\" content=\"500\" \/>\n\t<meta property=\"og:image:height\" content=\"378\" \/>\n\t<meta property=\"og:image:type\" content=\"image\/jpeg\" \/>\n<meta name=\"twitter:label1\" content=\"Gesch\u00e4tzte Lesezeit\" \/>\n\t<meta name=\"twitter:data1\" content=\"1\u00a0Minute\" \/>\n<script type=\"application\/ld+json\" class=\"yoast-schema-graph\">{\"@context\":\"https:\\\/\\\/schema.org\",\"@graph\":[{\"@type\":\"WebPage\",\"@id\":\"https:\\\/\\\/bien-etreiris.ch\\\/de\\\/produktpraesentation\\\/gesundes-leben\\\/gesunde-lebensmittel\\\/superfoods\\\/pulver\\\/gerstengraspulver\\\/\",\"url\":\"https:\\\/\\\/bien-etreiris.ch\\\/de\\\/produktpraesentation\\\/gesundes-leben\\\/gesunde-lebensmittel\\\/superfoods\\\/pulver\\\/gerstengraspulver\\\/\",\"name\":\"GERSTENGRASPULVER - WOHLBEFINDEN\",\"isPartOf\":{\"@id\":\"https:\\\/\\\/bien-etreiris.ch\\\/de\\\/#website\"},\"primaryImageOfPage\":{\"@id\":\"https:\\\/\\\/bien-etreiris.ch\\\/de\\\/produktpraesentation\\\/gesundes-leben\\\/gesunde-lebensmittel\\\/superfoods\\\/pulver\\\/gerstengraspulver\\\/#primaryimage\"},\"image\":{\"@id\":\"https:\\\/\\\/bien-etreiris.ch\\\/de\\\/produktpraesentation\\\/gesundes-leben\\\/gesunde-lebensmittel\\\/superfoods\\\/pulver\\\/gerstengraspulver\\\/#primaryimage\"},\"thumbnailUrl\":\"https:\\\/\\\/bien-etreiris.ch\\\/wp-content\\\/uploads\\\/2021\\\/05\\\/acceuil-herbe-dorge.jpg\",\"datePublished\":\"2021-05-22T12:14:09+00:00\",\"dateModified\":\"2023-12-10T15:22:50+00:00\",\"breadcrumb\":{\"@id\":\"https:\\\/\\\/bien-etreiris.ch\\\/de\\\/produktpraesentation\\\/gesundes-leben\\\/gesunde-lebensmittel\\\/superfoods\\\/pulver\\\/gerstengraspulver\\\/#breadcrumb\"},\"inLanguage\":\"de\",\"potentialAction\":[{\"@type\":\"ReadAction\",\"target\":[\"https:\\\/\\\/bien-etreiris.ch\\\/de\\\/produktpraesentation\\\/gesundes-leben\\\/gesunde-lebensmittel\\\/superfoods\\\/pulver\\\/gerstengraspulver\\\/\"]}]},{\"@type\":\"ImageObject\",\"inLanguage\":\"de\",\"@id\":\"https:\\\/\\\/bien-etreiris.ch\\\/de\\\/produktpraesentation\\\/gesundes-leben\\\/gesunde-lebensmittel\\\/superfoods\\\/pulver\\\/gerstengraspulver\\\/#primaryimage\",\"url\":\"https:\\\/\\\/bien-etreiris.ch\\\/wp-content\\\/uploads\\\/2021\\\/05\\\/acceuil-herbe-dorge.jpg\",\"contentUrl\":\"https:\\\/\\\/bien-etreiris.ch\\\/wp-content\\\/uploads\\\/2021\\\/05\\\/acceuil-herbe-dorge.jpg\",\"width\":500,\"height\":378},{\"@type\":\"BreadcrumbList\",\"@id\":\"https:\\\/\\\/bien-etreiris.ch\\\/de\\\/produktpraesentation\\\/gesundes-leben\\\/gesunde-lebensmittel\\\/superfoods\\\/pulver\\\/gerstengraspulver\\\/#breadcrumb\",\"itemListElement\":[{\"@type\":\"ListItem\",\"position\":1,\"name\":\"Home\",\"item\":\"https:\\\/\\\/bien-etreiris.ch\\\/de\\\/\"},{\"@type\":\"ListItem\",\"position\":2,\"name\":\"PRODUKTPR\u00c4SENTATION\",\"item\":\"https:\\\/\\\/bien-etreiris.ch\\\/de\\\/produktpraesentation\\\/\"},{\"@type\":\"ListItem\",\"position\":3,\"name\":\"GESUNDES LEBEN\",\"item\":\"https:\\\/\\\/bien-etreiris.ch\\\/de\\\/produktpraesentation\\\/gesundes-leben\\\/\"},{\"@type\":\"ListItem\",\"position\":4,\"name\":\"GESUNDE LEBENSMITTEL\",\"item\":\"https:\\\/\\\/bien-etreiris.ch\\\/de\\\/produktpraesentation\\\/gesundes-leben\\\/gesunde-lebensmittel\\\/\"},{\"@type\":\"ListItem\",\"position\":5,\"name\":\"SUPERFOODS\",\"item\":\"https:\\\/\\\/bien-etreiris.ch\\\/de\\\/produktpraesentation\\\/gesundes-leben\\\/gesunde-lebensmittel\\\/superfoods\\\/\"},{\"@type\":\"ListItem\",\"position\":6,\"name\":\"PULVER\",\"item\":\"https:\\\/\\\/bien-etreiris.ch\\\/de\\\/produktpraesentation\\\/gesundes-leben\\\/gesunde-lebensmittel\\\/superfoods\\\/pulver\\\/\"},{\"@type\":\"ListItem\",\"position\":7,\"name\":\"GERSTENGRASPULVER\"}]},{\"@type\":\"WebSite\",\"@id\":\"https:\\\/\\\/bien-etreiris.ch\\\/de\\\/#website\",\"url\":\"https:\\\/\\\/bien-etreiris.ch\\\/de\\\/\",\"name\":\"Bien-\u00eatre Iris\",\"description\":\"IHRE Gesundheit ist uns wichtig\",\"potentialAction\":[{\"@type\":\"SearchAction\",\"target\":{\"@type\":\"EntryPoint\",\"urlTemplate\":\"https:\\\/\\\/bien-etreiris.ch\\\/de\\\/?s={search_term_string}\"},\"query-input\":{\"@type\":\"PropertyValueSpecification\",\"valueRequired\":true,\"valueName\":\"search_term_string\"}}],\"inLanguage\":\"de\"}]}<\/script>\n<!-- \/ Yoast SEO plugin. -->","yoast_head_json":{"title":"GERSTENGRASPULVER - WOHLBEFINDEN","robots":{"index":"index","follow":"follow","max-snippet":"max-snippet:-1","max-image-preview":"max-image-preview:large","max-video-preview":"max-video-preview:-1"},"canonical":"https:\/\/bien-etreiris.ch\/de\/produktpraesentation\/gesundes-leben\/gesunde-lebensmittel\/superfoods\/pulver\/gerstengraspulver\/","og_locale":"de_DE","og_type":"article","og_title":"GERSTENGRASPULVER - WOHLBEFINDEN","og_description":"Gerstengras in Pulverform &nbsp; &nbsp; Greenic Gertengras liefert S\u00e4ure-Basen-Gleichgewicht gut f\u00fcr Haut und Haare senkt den Cholesterinspiegel gut f\u00fcr den Darm sehr nahrhaft enth\u00e4lt Vitamine, Mineralien und Spurenelemente &nbsp; 1 B\u00fcchse mit 150 gr. CHF 10.30 &nbsp; &nbsp; &nbsp; &nbsp; &nbsp; &nbsp; &nbsp; &nbsp; REZEPTE Smoothie mit Gerste 1 reife Mango 2 Bananen 1 Teel\u00f6ffel Gerstengras 330 ml Kokoswasser Sch\u00e4len&nbsp;Weiter lesen","og_url":"https:\/\/bien-etreiris.ch\/de\/produktpraesentation\/gesundes-leben\/gesunde-lebensmittel\/superfoods\/pulver\/gerstengraspulver\/","og_site_name":"WOHLBEFINDEN","article_publisher":"https:\/\/www.facebook.com\/bienetreiris\/","article_modified_time":"2023-12-10T15:22:50+00:00","og_image":[{"width":500,"height":378,"url":"https:\/\/bien-etreiris.ch\/wp-content\/uploads\/2021\/05\/acceuil-herbe-dorge.jpg","type":"image\/jpeg"}],"twitter_misc":{"Gesch\u00e4tzte Lesezeit":"1\u00a0Minute"},"schema":{"@context":"https:\/\/schema.org","@graph":[{"@type":"WebPage","@id":"https:\/\/bien-etreiris.ch\/de\/produktpraesentation\/gesundes-leben\/gesunde-lebensmittel\/superfoods\/pulver\/gerstengraspulver\/","url":"https:\/\/bien-etreiris.ch\/de\/produktpraesentation\/gesundes-leben\/gesunde-lebensmittel\/superfoods\/pulver\/gerstengraspulver\/","name":"GERSTENGRASPULVER - WOHLBEFINDEN","isPartOf":{"@id":"https:\/\/bien-etreiris.ch\/de\/#website"},"primaryImageOfPage":{"@id":"https:\/\/bien-etreiris.ch\/de\/produktpraesentation\/gesundes-leben\/gesunde-lebensmittel\/superfoods\/pulver\/gerstengraspulver\/#primaryimage"},"image":{"@id":"https:\/\/bien-etreiris.ch\/de\/produktpraesentation\/gesundes-leben\/gesunde-lebensmittel\/superfoods\/pulver\/gerstengraspulver\/#primaryimage"},"thumbnailUrl":"https:\/\/bien-etreiris.ch\/wp-content\/uploads\/2021\/05\/acceuil-herbe-dorge.jpg","datePublished":"2021-05-22T12:14:09+00:00","dateModified":"2023-12-10T15:22:50+00:00","breadcrumb":{"@id":"https:\/\/bien-etreiris.ch\/de\/produktpraesentation\/gesundes-leben\/gesunde-lebensmittel\/superfoods\/pulver\/gerstengraspulver\/#breadcrumb"},"inLanguage":"de","potentialAction":[{"@type":"ReadAction","target":["https:\/\/bien-etreiris.ch\/de\/produktpraesentation\/gesundes-leben\/gesunde-lebensmittel\/superfoods\/pulver\/gerstengraspulver\/"]}]},{"@type":"ImageObject","inLanguage":"de","@id":"https:\/\/bien-etreiris.ch\/de\/produktpraesentation\/gesundes-leben\/gesunde-lebensmittel\/superfoods\/pulver\/gerstengraspulver\/#primaryimage","url":"https:\/\/bien-etreiris.ch\/wp-content\/uploads\/2021\/05\/acceuil-herbe-dorge.jpg","contentUrl":"https:\/\/bien-etreiris.ch\/wp-content\/uploads\/2021\/05\/acceuil-herbe-dorge.jpg","width":500,"height":378},{"@type":"BreadcrumbList","@id":"https:\/\/bien-etreiris.ch\/de\/produktpraesentation\/gesundes-leben\/gesunde-lebensmittel\/superfoods\/pulver\/gerstengraspulver\/#breadcrumb","itemListElement":[{"@type":"ListItem","position":1,"name":"Home","item":"https:\/\/bien-etreiris.ch\/de\/"},{"@type":"ListItem","position":2,"name":"PRODUKTPR\u00c4SENTATION","item":"https:\/\/bien-etreiris.ch\/de\/produktpraesentation\/"},{"@type":"ListItem","position":3,"name":"GESUNDES LEBEN","item":"https:\/\/bien-etreiris.ch\/de\/produktpraesentation\/gesundes-leben\/"},{"@type":"ListItem","position":4,"name":"GESUNDE LEBENSMITTEL","item":"https:\/\/bien-etreiris.ch\/de\/produktpraesentation\/gesundes-leben\/gesunde-lebensmittel\/"},{"@type":"ListItem","position":5,"name":"SUPERFOODS","item":"https:\/\/bien-etreiris.ch\/de\/produktpraesentation\/gesundes-leben\/gesunde-lebensmittel\/superfoods\/"},{"@type":"ListItem","position":6,"name":"PULVER","item":"https:\/\/bien-etreiris.ch\/de\/produktpraesentation\/gesundes-leben\/gesunde-lebensmittel\/superfoods\/pulver\/"},{"@type":"ListItem","position":7,"name":"GERSTENGRASPULVER"}]},{"@type":"WebSite","@id":"https:\/\/bien-etreiris.ch\/de\/#website","url":"https:\/\/bien-etreiris.ch\/de\/","name":"Bien-\u00eatre Iris","description":"IHRE Gesundheit ist uns wichtig","potentialAction":[{"@type":"SearchAction","target":{"@type":"EntryPoint","urlTemplate":"https:\/\/bien-etreiris.ch\/de\/?s={search_term_string}"},"query-input":{"@type":"PropertyValueSpecification","valueRequired":true,"valueName":"search_term_string"}}],"inLanguage":"de"}]}},"_links":{"self":[{"href":"https:\/\/bien-etreiris.ch\/de\/wp-json\/wp\/v2\/pages\/46046","targetHints":{"allow":["GET"]}}],"collection":[{"href":"https:\/\/bien-etreiris.ch\/de\/wp-json\/wp\/v2\/pages"}],"about":[{"href":"https:\/\/bien-etreiris.ch\/de\/wp-json\/wp\/v2\/types\/page"}],"author":[{"embeddable":true,"href":"https:\/\/bien-etreiris.ch\/de\/wp-json\/wp\/v2\/users\/1"}],"replies":[{"embeddable":true,"href":"https:\/\/bien-etreiris.ch\/de\/wp-json\/wp\/v2\/comments?post=46046"}],"version-history":[{"count":11,"href":"https:\/\/bien-etreiris.ch\/de\/wp-json\/wp\/v2\/pages\/46046\/revisions"}],"predecessor-version":[{"id":82077,"href":"https:\/\/bien-etreiris.ch\/de\/wp-json\/wp\/v2\/pages\/46046\/revisions\/82077"}],"up":[{"embeddable":true,"href":"https:\/\/bien-etreiris.ch\/de\/wp-json\/wp\/v2\/pages\/46460"}],"wp:featuredmedia":[{"embeddable":true,"href":"https:\/\/bien-etreiris.ch\/de\/wp-json\/wp\/v2\/media\/46044"}],"wp:attachment":[{"href":"https:\/\/bien-etreiris.ch\/de\/wp-json\/wp\/v2\/media?parent=46046"}],"curies":[{"name":"wp","href":"https:\/\/api.w.org\/{rel}","templated":true}]}}