{"id":46034,"date":"2020-01-09T09:40:07","date_gmt":"2020-01-09T09:40:07","guid":{"rendered":"https:\/\/bien-etreiris.ch\/produkt-prasentationen\/gesundes-leben\/gesunde-nahrungsmittel\/super-aliments\/poudres\/"},"modified":"2026-02-12T16:57:37","modified_gmt":"2026-02-12T14:57:37","slug":"nibs","status":"publish","type":"page","link":"https:\/\/bien-etreiris.ch\/de\/produktpraesentation\/gesundes-leben\/gesunde-lebensmittel\/superfoods\/kakao\/nibs\/","title":{"rendered":"NIBS"},"content":{"rendered":"\n<h2 class=\"product_title entry-title\">Bio Kakaonibs in Rohstoffqualit\u00e4t<\/h2>\n<p>Das pure Kakao-Erlebnis in seiner urspr\u00fcnglichsten Form. Unsere <b data-path-to-node=\"6,0\" data-index-in-node=\"65\">Bio Kakaonibs<\/b> werden aus der edlen Criollo-Bohne gewonnen \u2013 schonend fermentiert, bei unter 45 Grad Celsius getrocknet und sanft gebrochen. Mit ihrem intensiven Aroma und dem nat\u00fcrlichen Crunch sind sie die perfekte, n\u00e4hrstoffreiche Erg\u00e4nzung f\u00fcr M\u00fcslis, Bowls und Desserts.<\/p>\n<p><img loading=\"lazy\" decoding=\"async\" class=\"wp-image-97443 alignleft\" src=\"https:\/\/bien-etreiris.ch\/wp-content\/uploads\/2026\/02\/nibs.png\" alt=\"\" width=\"362\" height=\"362\" srcset=\"https:\/\/bien-etreiris.ch\/wp-content\/uploads\/2026\/02\/nibs.png 1080w, https:\/\/bien-etreiris.ch\/wp-content\/uploads\/2026\/02\/nibs-300x300.png 300w, https:\/\/bien-etreiris.ch\/wp-content\/uploads\/2026\/02\/nibs-1024x1024.png 1024w, https:\/\/bien-etreiris.ch\/wp-content\/uploads\/2026\/02\/nibs-150x150.png 150w, https:\/\/bien-etreiris.ch\/wp-content\/uploads\/2026\/02\/nibs-768x768.png 768w\" sizes=\"auto, (max-width: 362px) 100vw, 362px\" \/><\/p>\n<p>&nbsp;<\/p>\n<h4><a href=\"https:\/\/bien-etreiris.ch\/de\/unsere-marken\/sembrador\/\" target=\"_blank\" rel=\"noopener\"><span style=\"color: #ffcc00;\">Sembrador<\/span><\/a><\/h4>\n<p data-path-to-node=\"10,1\"><b>Das macht sie einzigartig:<\/b><\/p>\n<ul style=\"list-style-type: disc;\">\n<li data-path-to-node=\"10,1\"><strong>Inhalt:<\/strong><b> 250g Bio Kakaonibs<\/b><\/li>\n<li>100% Rohkost-Qualit\u00e4t (unter <span class=\"math-inline\" data-math=\"45^\\circ\\text{C}\">45\u00b0C<\/span>&nbsp;verarbeitet)<\/li>\n<li>Nur die Edelsorte Criollo<\/li>\n<li>Knuspriger Crunch, purer Geschmack<\/li>\n<li>Verantwortungsvolle Partnerschaft in Peru<\/li>\n<\/ul>\n<p>&nbsp;<\/p>\n<p>Sachets de 250 g <strong>CHF 14.90<\/strong><\/p>\n<p>&nbsp;<\/p>\n<p>&nbsp;<\/p>\n","protected":false},"excerpt":{"rendered":"<p>Bio Kakaonibs in Rohstoffqualit\u00e4t Das pure Kakao-Erlebnis in seiner urspr\u00fcnglichsten Form. Unsere Bio Kakaonibs werden aus der edlen Criollo-Bohne gewonnen \u2013 schonend fermentiert, bei unter 45 Grad Celsius getrocknet und sanft gebrochen. Mit ihrem intensiven Aroma und dem nat\u00fcrlichen Crunch sind sie die perfekte, n\u00e4hrstoffreiche Erg\u00e4nzung f\u00fcr M\u00fcslis, Bowls und Desserts. &nbsp; Sembrador Das macht sie einzigartig: Inhalt: 250g Bio&nbsp;<a href=\"https:\/\/bien-etreiris.ch\/de\/produktpraesentation\/gesundes-leben\/gesunde-lebensmittel\/superfoods\/kakao\/nibs\/\" class=\"read-more\">Weiter lesen<\/a><\/p>\n","protected":false},"author":1,"featured_media":97442,"parent":97377,"menu_order":7152,"comment_status":"closed","ping_status":"closed","template":"page-with-child.php","meta":{"_acf_changed":false,"ngg_post_thumbnail":0,"footnotes":""},"class_list":["post-46034","page","type-page","status-publish","has-post-thumbnail","hentry"],"acf":[],"yoast_head":"<!-- This site is optimized with the Yoast SEO plugin v27.4 - https:\/\/yoast.com\/product\/yoast-seo-wordpress\/ -->\n<title>NIBS - WOHLBEFINDEN<\/title>\n<meta name=\"robots\" content=\"index, follow, max-snippet:-1, max-image-preview:large, max-video-preview:-1\" \/>\n<link rel=\"canonical\" href=\"https:\/\/bien-etreiris.ch\/de\/produktpraesentation\/gesundes-leben\/gesunde-lebensmittel\/superfoods\/kakao\/nibs\/\" \/>\n<meta property=\"og:locale\" content=\"de_DE\" \/>\n<meta property=\"og:type\" content=\"article\" \/>\n<meta property=\"og:title\" content=\"NIBS - WOHLBEFINDEN\" \/>\n<meta property=\"og:description\" content=\"Bio Kakaonibs in Rohstoffqualit\u00e4t Das pure Kakao-Erlebnis in seiner urspr\u00fcnglichsten Form. Unsere Bio Kakaonibs werden aus der edlen Criollo-Bohne gewonnen \u2013 schonend fermentiert, bei unter 45 Grad Celsius getrocknet und sanft gebrochen. Mit ihrem intensiven Aroma und dem nat\u00fcrlichen Crunch sind sie die perfekte, n\u00e4hrstoffreiche Erg\u00e4nzung f\u00fcr M\u00fcslis, Bowls und Desserts. &nbsp; Sembrador Das macht sie einzigartig: Inhalt: 250g Bio&nbsp;Weiter lesen\" \/>\n<meta property=\"og:url\" content=\"https:\/\/bien-etreiris.ch\/de\/produktpraesentation\/gesundes-leben\/gesunde-lebensmittel\/superfoods\/kakao\/nibs\/\" \/>\n<meta property=\"og:site_name\" content=\"WOHLBEFINDEN\" \/>\n<meta property=\"article:publisher\" content=\"https:\/\/www.facebook.com\/bienetreiris\/\" \/>\n<meta property=\"article:modified_time\" content=\"2026-02-12T14:57:37+00:00\" \/>\n<meta property=\"og:image\" content=\"https:\/\/bien-etreiris.ch\/wp-content\/uploads\/2026\/02\/acceuil-nibs.jpg\" \/>\n\t<meta property=\"og:image:width\" content=\"370\" \/>\n\t<meta property=\"og:image:height\" content=\"226\" \/>\n\t<meta property=\"og:image:type\" content=\"image\/jpeg\" \/>\n<meta name=\"twitter:label1\" content=\"Gesch\u00e4tzte Lesezeit\" \/>\n\t<meta name=\"twitter:data1\" content=\"1\u00a0Minute\" \/>\n<script type=\"application\/ld+json\" class=\"yoast-schema-graph\">{\"@context\":\"https:\\\/\\\/schema.org\",\"@graph\":[{\"@type\":\"WebPage\",\"@id\":\"https:\\\/\\\/bien-etreiris.ch\\\/de\\\/produktpraesentation\\\/gesundes-leben\\\/gesunde-lebensmittel\\\/superfoods\\\/kakao\\\/nibs\\\/\",\"url\":\"https:\\\/\\\/bien-etreiris.ch\\\/de\\\/produktpraesentation\\\/gesundes-leben\\\/gesunde-lebensmittel\\\/superfoods\\\/kakao\\\/nibs\\\/\",\"name\":\"NIBS - WOHLBEFINDEN\",\"isPartOf\":{\"@id\":\"https:\\\/\\\/bien-etreiris.ch\\\/de\\\/#website\"},\"primaryImageOfPage\":{\"@id\":\"https:\\\/\\\/bien-etreiris.ch\\\/de\\\/produktpraesentation\\\/gesundes-leben\\\/gesunde-lebensmittel\\\/superfoods\\\/kakao\\\/nibs\\\/#primaryimage\"},\"image\":{\"@id\":\"https:\\\/\\\/bien-etreiris.ch\\\/de\\\/produktpraesentation\\\/gesundes-leben\\\/gesunde-lebensmittel\\\/superfoods\\\/kakao\\\/nibs\\\/#primaryimage\"},\"thumbnailUrl\":\"https:\\\/\\\/bien-etreiris.ch\\\/wp-content\\\/uploads\\\/2026\\\/02\\\/acceuil-nibs.jpg\",\"datePublished\":\"2020-01-09T09:40:07+00:00\",\"dateModified\":\"2026-02-12T14:57:37+00:00\",\"breadcrumb\":{\"@id\":\"https:\\\/\\\/bien-etreiris.ch\\\/de\\\/produktpraesentation\\\/gesundes-leben\\\/gesunde-lebensmittel\\\/superfoods\\\/kakao\\\/nibs\\\/#breadcrumb\"},\"inLanguage\":\"de\",\"potentialAction\":[{\"@type\":\"ReadAction\",\"target\":[\"https:\\\/\\\/bien-etreiris.ch\\\/de\\\/produktpraesentation\\\/gesundes-leben\\\/gesunde-lebensmittel\\\/superfoods\\\/kakao\\\/nibs\\\/\"]}]},{\"@type\":\"ImageObject\",\"inLanguage\":\"de\",\"@id\":\"https:\\\/\\\/bien-etreiris.ch\\\/de\\\/produktpraesentation\\\/gesundes-leben\\\/gesunde-lebensmittel\\\/superfoods\\\/kakao\\\/nibs\\\/#primaryimage\",\"url\":\"https:\\\/\\\/bien-etreiris.ch\\\/wp-content\\\/uploads\\\/2026\\\/02\\\/acceuil-nibs.jpg\",\"contentUrl\":\"https:\\\/\\\/bien-etreiris.ch\\\/wp-content\\\/uploads\\\/2026\\\/02\\\/acceuil-nibs.jpg\",\"width\":370,\"height\":226},{\"@type\":\"BreadcrumbList\",\"@id\":\"https:\\\/\\\/bien-etreiris.ch\\\/de\\\/produktpraesentation\\\/gesundes-leben\\\/gesunde-lebensmittel\\\/superfoods\\\/kakao\\\/nibs\\\/#breadcrumb\",\"itemListElement\":[{\"@type\":\"ListItem\",\"position\":1,\"name\":\"Home\",\"item\":\"https:\\\/\\\/bien-etreiris.ch\\\/de\\\/\"},{\"@type\":\"ListItem\",\"position\":2,\"name\":\"PRODUKTPR\u00c4SENTATION\",\"item\":\"https:\\\/\\\/bien-etreiris.ch\\\/de\\\/produktpraesentation\\\/\"},{\"@type\":\"ListItem\",\"position\":3,\"name\":\"GESUNDES LEBEN\",\"item\":\"https:\\\/\\\/bien-etreiris.ch\\\/de\\\/produktpraesentation\\\/gesundes-leben\\\/\"},{\"@type\":\"ListItem\",\"position\":4,\"name\":\"GESUNDE LEBENSMITTEL\",\"item\":\"https:\\\/\\\/bien-etreiris.ch\\\/de\\\/produktpraesentation\\\/gesundes-leben\\\/gesunde-lebensmittel\\\/\"},{\"@type\":\"ListItem\",\"position\":5,\"name\":\"SUPERFOODS\",\"item\":\"https:\\\/\\\/bien-etreiris.ch\\\/de\\\/produktpraesentation\\\/gesundes-leben\\\/gesunde-lebensmittel\\\/superfoods\\\/\"},{\"@type\":\"ListItem\",\"position\":6,\"name\":\"KAKAO\",\"item\":\"https:\\\/\\\/bien-etreiris.ch\\\/de\\\/produktpraesentation\\\/gesundes-leben\\\/gesunde-lebensmittel\\\/superfoods\\\/kakao\\\/\"},{\"@type\":\"ListItem\",\"position\":7,\"name\":\"NIBS\"}]},{\"@type\":\"WebSite\",\"@id\":\"https:\\\/\\\/bien-etreiris.ch\\\/de\\\/#website\",\"url\":\"https:\\\/\\\/bien-etreiris.ch\\\/de\\\/\",\"name\":\"Bien-\u00eatre Iris\",\"description\":\"IHRE Gesundheit ist uns wichtig\",\"potentialAction\":[{\"@type\":\"SearchAction\",\"target\":{\"@type\":\"EntryPoint\",\"urlTemplate\":\"https:\\\/\\\/bien-etreiris.ch\\\/de\\\/?s={search_term_string}\"},\"query-input\":{\"@type\":\"PropertyValueSpecification\",\"valueRequired\":true,\"valueName\":\"search_term_string\"}}],\"inLanguage\":\"de\"}]}<\/script>\n<!-- \/ Yoast SEO plugin. -->","yoast_head_json":{"title":"NIBS - WOHLBEFINDEN","robots":{"index":"index","follow":"follow","max-snippet":"max-snippet:-1","max-image-preview":"max-image-preview:large","max-video-preview":"max-video-preview:-1"},"canonical":"https:\/\/bien-etreiris.ch\/de\/produktpraesentation\/gesundes-leben\/gesunde-lebensmittel\/superfoods\/kakao\/nibs\/","og_locale":"de_DE","og_type":"article","og_title":"NIBS - WOHLBEFINDEN","og_description":"Bio Kakaonibs in Rohstoffqualit\u00e4t Das pure Kakao-Erlebnis in seiner urspr\u00fcnglichsten Form. Unsere Bio Kakaonibs werden aus der edlen Criollo-Bohne gewonnen \u2013 schonend fermentiert, bei unter 45 Grad Celsius getrocknet und sanft gebrochen. Mit ihrem intensiven Aroma und dem nat\u00fcrlichen Crunch sind sie die perfekte, n\u00e4hrstoffreiche Erg\u00e4nzung f\u00fcr M\u00fcslis, Bowls und Desserts. &nbsp; Sembrador Das macht sie einzigartig: Inhalt: 250g Bio&nbsp;Weiter lesen","og_url":"https:\/\/bien-etreiris.ch\/de\/produktpraesentation\/gesundes-leben\/gesunde-lebensmittel\/superfoods\/kakao\/nibs\/","og_site_name":"WOHLBEFINDEN","article_publisher":"https:\/\/www.facebook.com\/bienetreiris\/","article_modified_time":"2026-02-12T14:57:37+00:00","og_image":[{"width":370,"height":226,"url":"https:\/\/bien-etreiris.ch\/wp-content\/uploads\/2026\/02\/acceuil-nibs.jpg","type":"image\/jpeg"}],"twitter_misc":{"Gesch\u00e4tzte Lesezeit":"1\u00a0Minute"},"schema":{"@context":"https:\/\/schema.org","@graph":[{"@type":"WebPage","@id":"https:\/\/bien-etreiris.ch\/de\/produktpraesentation\/gesundes-leben\/gesunde-lebensmittel\/superfoods\/kakao\/nibs\/","url":"https:\/\/bien-etreiris.ch\/de\/produktpraesentation\/gesundes-leben\/gesunde-lebensmittel\/superfoods\/kakao\/nibs\/","name":"NIBS - WOHLBEFINDEN","isPartOf":{"@id":"https:\/\/bien-etreiris.ch\/de\/#website"},"primaryImageOfPage":{"@id":"https:\/\/bien-etreiris.ch\/de\/produktpraesentation\/gesundes-leben\/gesunde-lebensmittel\/superfoods\/kakao\/nibs\/#primaryimage"},"image":{"@id":"https:\/\/bien-etreiris.ch\/de\/produktpraesentation\/gesundes-leben\/gesunde-lebensmittel\/superfoods\/kakao\/nibs\/#primaryimage"},"thumbnailUrl":"https:\/\/bien-etreiris.ch\/wp-content\/uploads\/2026\/02\/acceuil-nibs.jpg","datePublished":"2020-01-09T09:40:07+00:00","dateModified":"2026-02-12T14:57:37+00:00","breadcrumb":{"@id":"https:\/\/bien-etreiris.ch\/de\/produktpraesentation\/gesundes-leben\/gesunde-lebensmittel\/superfoods\/kakao\/nibs\/#breadcrumb"},"inLanguage":"de","potentialAction":[{"@type":"ReadAction","target":["https:\/\/bien-etreiris.ch\/de\/produktpraesentation\/gesundes-leben\/gesunde-lebensmittel\/superfoods\/kakao\/nibs\/"]}]},{"@type":"ImageObject","inLanguage":"de","@id":"https:\/\/bien-etreiris.ch\/de\/produktpraesentation\/gesundes-leben\/gesunde-lebensmittel\/superfoods\/kakao\/nibs\/#primaryimage","url":"https:\/\/bien-etreiris.ch\/wp-content\/uploads\/2026\/02\/acceuil-nibs.jpg","contentUrl":"https:\/\/bien-etreiris.ch\/wp-content\/uploads\/2026\/02\/acceuil-nibs.jpg","width":370,"height":226},{"@type":"BreadcrumbList","@id":"https:\/\/bien-etreiris.ch\/de\/produktpraesentation\/gesundes-leben\/gesunde-lebensmittel\/superfoods\/kakao\/nibs\/#breadcrumb","itemListElement":[{"@type":"ListItem","position":1,"name":"Home","item":"https:\/\/bien-etreiris.ch\/de\/"},{"@type":"ListItem","position":2,"name":"PRODUKTPR\u00c4SENTATION","item":"https:\/\/bien-etreiris.ch\/de\/produktpraesentation\/"},{"@type":"ListItem","position":3,"name":"GESUNDES LEBEN","item":"https:\/\/bien-etreiris.ch\/de\/produktpraesentation\/gesundes-leben\/"},{"@type":"ListItem","position":4,"name":"GESUNDE LEBENSMITTEL","item":"https:\/\/bien-etreiris.ch\/de\/produktpraesentation\/gesundes-leben\/gesunde-lebensmittel\/"},{"@type":"ListItem","position":5,"name":"SUPERFOODS","item":"https:\/\/bien-etreiris.ch\/de\/produktpraesentation\/gesundes-leben\/gesunde-lebensmittel\/superfoods\/"},{"@type":"ListItem","position":6,"name":"KAKAO","item":"https:\/\/bien-etreiris.ch\/de\/produktpraesentation\/gesundes-leben\/gesunde-lebensmittel\/superfoods\/kakao\/"},{"@type":"ListItem","position":7,"name":"NIBS"}]},{"@type":"WebSite","@id":"https:\/\/bien-etreiris.ch\/de\/#website","url":"https:\/\/bien-etreiris.ch\/de\/","name":"Bien-\u00eatre Iris","description":"IHRE Gesundheit ist uns wichtig","potentialAction":[{"@type":"SearchAction","target":{"@type":"EntryPoint","urlTemplate":"https:\/\/bien-etreiris.ch\/de\/?s={search_term_string}"},"query-input":{"@type":"PropertyValueSpecification","valueRequired":true,"valueName":"search_term_string"}}],"inLanguage":"de"}]}},"_links":{"self":[{"href":"https:\/\/bien-etreiris.ch\/de\/wp-json\/wp\/v2\/pages\/46034","targetHints":{"allow":["GET"]}}],"collection":[{"href":"https:\/\/bien-etreiris.ch\/de\/wp-json\/wp\/v2\/pages"}],"about":[{"href":"https:\/\/bien-etreiris.ch\/de\/wp-json\/wp\/v2\/types\/page"}],"author":[{"embeddable":true,"href":"https:\/\/bien-etreiris.ch\/de\/wp-json\/wp\/v2\/users\/1"}],"replies":[{"embeddable":true,"href":"https:\/\/bien-etreiris.ch\/de\/wp-json\/wp\/v2\/comments?post=46034"}],"version-history":[{"count":15,"href":"https:\/\/bien-etreiris.ch\/de\/wp-json\/wp\/v2\/pages\/46034\/revisions"}],"predecessor-version":[{"id":97478,"href":"https:\/\/bien-etreiris.ch\/de\/wp-json\/wp\/v2\/pages\/46034\/revisions\/97478"}],"up":[{"embeddable":true,"href":"https:\/\/bien-etreiris.ch\/de\/wp-json\/wp\/v2\/pages\/97377"}],"wp:featuredmedia":[{"embeddable":true,"href":"https:\/\/bien-etreiris.ch\/de\/wp-json\/wp\/v2\/media\/97442"}],"wp:attachment":[{"href":"https:\/\/bien-etreiris.ch\/de\/wp-json\/wp\/v2\/media?parent=46034"}],"curies":[{"name":"wp","href":"https:\/\/api.w.org\/{rel}","templated":true}]}}