{"id":46025,"date":"2021-05-22T14:18:03","date_gmt":"2021-05-22T12:18:03","guid":{"rendered":"https:\/\/bien-etreiris.ch\/?page_id=46025"},"modified":"2021-06-07T20:59:12","modified_gmt":"2021-06-07T18:59:12","slug":"dragon-superfood","status":"publish","type":"page","link":"https:\/\/bien-etreiris.ch\/de\/unsere-marken\/dragon-superfood\/","title":{"rendered":"DRAGON SUPERFOOD"},"content":{"rendered":"\n<p>Dragon Superfoods (Teil von Smart Organics) produziert und vertreibt eine breite Palette von einzigartigen Bio-Produkten in Europa und dem Nahen Osten. Das Unternehmen wurde 2008 gegr\u00fcndet und hat sich zu einem der f\u00fchrenden Hersteller von sogenannten \"Superfoods\" entwickelt. Ihr Ziel ist es, einen maximalen Wert f\u00fcr ihre Kunden zu schaffen und ein gutes Preis-Leistungs-Verh\u00e4ltnis zu bieten. Um dies zu erreichen, wollen sie einen m\u00f6glichst gro\u00dfen Teil des Bio-Marktes abdecken. Das Unternehmen kauft die meisten Rohstoffe direkt von den Produzenten, verarbeitet sie in den eigenen Produktionsst\u00e4tten und liefert sie dann an die Kunden.<\/p>\n\n\n\n<p>&nbsp;<\/p>\n<h2><a href=\"https:\/\/bien-etreiris.ch\/de\/produktpraesentation\/gesundes-leben\/gesunde-nahrungsmittel\/superfoods-lebensmittel\/bohnen\/kakaobohnen\/\" target=\"_blank\" rel=\"noopener\">KAKAOBOHNEN<\/a><\/h2>\n","protected":false},"excerpt":{"rendered":"<p>Dragon Superfoods (Teil von Smart Organics) produziert und vertreibt eine breite Palette von einzigartigen Bio-Produkten in Europa und dem Nahen Osten. Das Unternehmen wurde 2008 gegr\u00fcndet und hat sich zu einem der f\u00fchrenden Hersteller von sogenannten \"Superfoods\" entwickelt. Ihr Ziel ist es, einen maximalen Wert f\u00fcr ihre Kunden zu schaffen und ein gutes Preis-Leistungs-Verh\u00e4ltnis zu bieten. Um dies zu erreichen,&nbsp;<a href=\"https:\/\/bien-etreiris.ch\/de\/unsere-marken\/dragon-superfood\/\" class=\"read-more\">Weiter lesen<\/a><\/p>\n","protected":false},"author":1,"featured_media":46023,"parent":44406,"menu_order":5607,"comment_status":"closed","ping_status":"closed","template":"page-with-child.php","meta":{"_acf_changed":false,"ngg_post_thumbnail":0,"footnotes":""},"class_list":["post-46025","page","type-page","status-publish","has-post-thumbnail","hentry"],"acf":[],"yoast_head":"<!-- This site is optimized with the Yoast SEO plugin v27.5 - https:\/\/yoast.com\/product\/yoast-seo-wordpress\/ -->\n<title>DRAGON SUPERFOOD - WOHLBEFINDEN<\/title>\n<meta name=\"robots\" content=\"index, follow, max-snippet:-1, max-image-preview:large, max-video-preview:-1\" \/>\n<link rel=\"canonical\" href=\"https:\/\/bien-etreiris.ch\/de\/unsere-marken\/dragon-superfood\/\" \/>\n<meta property=\"og:locale\" content=\"de_DE\" \/>\n<meta property=\"og:type\" content=\"article\" \/>\n<meta property=\"og:title\" content=\"DRAGON SUPERFOOD - WOHLBEFINDEN\" \/>\n<meta property=\"og:description\" content=\"Dragon Superfoods (Teil von Smart Organics) produziert und vertreibt eine breite Palette von einzigartigen Bio-Produkten in Europa und dem Nahen Osten. Das Unternehmen wurde 2008 gegr\u00fcndet und hat sich zu einem der f\u00fchrenden Hersteller von sogenannten &quot;Superfoods&quot; entwickelt. Ihr Ziel ist es, einen maximalen Wert f\u00fcr ihre Kunden zu schaffen und ein gutes Preis-Leistungs-Verh\u00e4ltnis zu bieten. Um dies zu erreichen,&nbsp;Weiter lesen\" \/>\n<meta property=\"og:url\" content=\"https:\/\/bien-etreiris.ch\/de\/unsere-marken\/dragon-superfood\/\" \/>\n<meta property=\"og:site_name\" content=\"WOHLBEFINDEN\" \/>\n<meta property=\"article:publisher\" content=\"https:\/\/www.facebook.com\/bienetreiris\/\" \/>\n<meta property=\"article:modified_time\" content=\"2021-06-07T18:59:12+00:00\" \/>\n<meta property=\"og:image\" content=\"https:\/\/bien-etreiris.ch\/wp-content\/uploads\/2021\/05\/Dragon-superfood.png\" \/>\n\t<meta property=\"og:image:width\" content=\"500\" \/>\n\t<meta property=\"og:image:height\" content=\"347\" \/>\n\t<meta property=\"og:image:type\" content=\"image\/png\" \/>\n<meta name=\"twitter:label1\" content=\"Gesch\u00e4tzte Lesezeit\" \/>\n\t<meta name=\"twitter:data1\" content=\"1\u00a0Minute\" \/>\n<script type=\"application\/ld+json\" class=\"yoast-schema-graph\">{\"@context\":\"https:\\\/\\\/schema.org\",\"@graph\":[{\"@type\":\"WebPage\",\"@id\":\"https:\\\/\\\/bien-etreiris.ch\\\/de\\\/unsere-marken\\\/dragon-superfood\\\/\",\"url\":\"https:\\\/\\\/bien-etreiris.ch\\\/de\\\/unsere-marken\\\/dragon-superfood\\\/\",\"name\":\"DRAGON SUPERFOOD - WOHLBEFINDEN\",\"isPartOf\":{\"@id\":\"https:\\\/\\\/bien-etreiris.ch\\\/de\\\/#website\"},\"primaryImageOfPage\":{\"@id\":\"https:\\\/\\\/bien-etreiris.ch\\\/de\\\/unsere-marken\\\/dragon-superfood\\\/#primaryimage\"},\"image\":{\"@id\":\"https:\\\/\\\/bien-etreiris.ch\\\/de\\\/unsere-marken\\\/dragon-superfood\\\/#primaryimage\"},\"thumbnailUrl\":\"https:\\\/\\\/bien-etreiris.ch\\\/wp-content\\\/uploads\\\/2021\\\/05\\\/Dragon-superfood.png\",\"datePublished\":\"2021-05-22T12:18:03+00:00\",\"dateModified\":\"2021-06-07T18:59:12+00:00\",\"breadcrumb\":{\"@id\":\"https:\\\/\\\/bien-etreiris.ch\\\/de\\\/unsere-marken\\\/dragon-superfood\\\/#breadcrumb\"},\"inLanguage\":\"de\",\"potentialAction\":[{\"@type\":\"ReadAction\",\"target\":[\"https:\\\/\\\/bien-etreiris.ch\\\/de\\\/unsere-marken\\\/dragon-superfood\\\/\"]}]},{\"@type\":\"ImageObject\",\"inLanguage\":\"de\",\"@id\":\"https:\\\/\\\/bien-etreiris.ch\\\/de\\\/unsere-marken\\\/dragon-superfood\\\/#primaryimage\",\"url\":\"https:\\\/\\\/bien-etreiris.ch\\\/wp-content\\\/uploads\\\/2021\\\/05\\\/Dragon-superfood.png\",\"contentUrl\":\"https:\\\/\\\/bien-etreiris.ch\\\/wp-content\\\/uploads\\\/2021\\\/05\\\/Dragon-superfood.png\",\"width\":500,\"height\":347},{\"@type\":\"BreadcrumbList\",\"@id\":\"https:\\\/\\\/bien-etreiris.ch\\\/de\\\/unsere-marken\\\/dragon-superfood\\\/#breadcrumb\",\"itemListElement\":[{\"@type\":\"ListItem\",\"position\":1,\"name\":\"Home\",\"item\":\"https:\\\/\\\/bien-etreiris.ch\\\/de\\\/\"},{\"@type\":\"ListItem\",\"position\":2,\"name\":\"UNSERE MARKEN\",\"item\":\"https:\\\/\\\/bien-etreiris.ch\\\/de\\\/unsere-marken\\\/\"},{\"@type\":\"ListItem\",\"position\":3,\"name\":\"DRAGON SUPERFOOD\"}]},{\"@type\":\"WebSite\",\"@id\":\"https:\\\/\\\/bien-etreiris.ch\\\/de\\\/#website\",\"url\":\"https:\\\/\\\/bien-etreiris.ch\\\/de\\\/\",\"name\":\"Bien-\u00eatre Iris\",\"description\":\"IHRE Gesundheit ist uns wichtig\",\"potentialAction\":[{\"@type\":\"SearchAction\",\"target\":{\"@type\":\"EntryPoint\",\"urlTemplate\":\"https:\\\/\\\/bien-etreiris.ch\\\/de\\\/?s={search_term_string}\"},\"query-input\":{\"@type\":\"PropertyValueSpecification\",\"valueRequired\":true,\"valueName\":\"search_term_string\"}}],\"inLanguage\":\"de\"}]}<\/script>\n<!-- \/ Yoast SEO plugin. -->","yoast_head_json":{"title":"DRAGON SUPERFOOD - WOHLBEFINDEN","robots":{"index":"index","follow":"follow","max-snippet":"max-snippet:-1","max-image-preview":"max-image-preview:large","max-video-preview":"max-video-preview:-1"},"canonical":"https:\/\/bien-etreiris.ch\/de\/unsere-marken\/dragon-superfood\/","og_locale":"de_DE","og_type":"article","og_title":"DRAGON SUPERFOOD - WOHLBEFINDEN","og_description":"Dragon Superfoods (Teil von Smart Organics) produziert und vertreibt eine breite Palette von einzigartigen Bio-Produkten in Europa und dem Nahen Osten. Das Unternehmen wurde 2008 gegr\u00fcndet und hat sich zu einem der f\u00fchrenden Hersteller von sogenannten \"Superfoods\" entwickelt. Ihr Ziel ist es, einen maximalen Wert f\u00fcr ihre Kunden zu schaffen und ein gutes Preis-Leistungs-Verh\u00e4ltnis zu bieten. Um dies zu erreichen,&nbsp;Weiter lesen","og_url":"https:\/\/bien-etreiris.ch\/de\/unsere-marken\/dragon-superfood\/","og_site_name":"WOHLBEFINDEN","article_publisher":"https:\/\/www.facebook.com\/bienetreiris\/","article_modified_time":"2021-06-07T18:59:12+00:00","og_image":[{"width":500,"height":347,"url":"https:\/\/bien-etreiris.ch\/wp-content\/uploads\/2021\/05\/Dragon-superfood.png","type":"image\/png"}],"twitter_misc":{"Gesch\u00e4tzte Lesezeit":"1\u00a0Minute"},"schema":{"@context":"https:\/\/schema.org","@graph":[{"@type":"WebPage","@id":"https:\/\/bien-etreiris.ch\/de\/unsere-marken\/dragon-superfood\/","url":"https:\/\/bien-etreiris.ch\/de\/unsere-marken\/dragon-superfood\/","name":"DRAGON SUPERFOOD - WOHLBEFINDEN","isPartOf":{"@id":"https:\/\/bien-etreiris.ch\/de\/#website"},"primaryImageOfPage":{"@id":"https:\/\/bien-etreiris.ch\/de\/unsere-marken\/dragon-superfood\/#primaryimage"},"image":{"@id":"https:\/\/bien-etreiris.ch\/de\/unsere-marken\/dragon-superfood\/#primaryimage"},"thumbnailUrl":"https:\/\/bien-etreiris.ch\/wp-content\/uploads\/2021\/05\/Dragon-superfood.png","datePublished":"2021-05-22T12:18:03+00:00","dateModified":"2021-06-07T18:59:12+00:00","breadcrumb":{"@id":"https:\/\/bien-etreiris.ch\/de\/unsere-marken\/dragon-superfood\/#breadcrumb"},"inLanguage":"de","potentialAction":[{"@type":"ReadAction","target":["https:\/\/bien-etreiris.ch\/de\/unsere-marken\/dragon-superfood\/"]}]},{"@type":"ImageObject","inLanguage":"de","@id":"https:\/\/bien-etreiris.ch\/de\/unsere-marken\/dragon-superfood\/#primaryimage","url":"https:\/\/bien-etreiris.ch\/wp-content\/uploads\/2021\/05\/Dragon-superfood.png","contentUrl":"https:\/\/bien-etreiris.ch\/wp-content\/uploads\/2021\/05\/Dragon-superfood.png","width":500,"height":347},{"@type":"BreadcrumbList","@id":"https:\/\/bien-etreiris.ch\/de\/unsere-marken\/dragon-superfood\/#breadcrumb","itemListElement":[{"@type":"ListItem","position":1,"name":"Home","item":"https:\/\/bien-etreiris.ch\/de\/"},{"@type":"ListItem","position":2,"name":"UNSERE MARKEN","item":"https:\/\/bien-etreiris.ch\/de\/unsere-marken\/"},{"@type":"ListItem","position":3,"name":"DRAGON SUPERFOOD"}]},{"@type":"WebSite","@id":"https:\/\/bien-etreiris.ch\/de\/#website","url":"https:\/\/bien-etreiris.ch\/de\/","name":"Bien-\u00eatre Iris","description":"IHRE Gesundheit ist uns wichtig","potentialAction":[{"@type":"SearchAction","target":{"@type":"EntryPoint","urlTemplate":"https:\/\/bien-etreiris.ch\/de\/?s={search_term_string}"},"query-input":{"@type":"PropertyValueSpecification","valueRequired":true,"valueName":"search_term_string"}}],"inLanguage":"de"}]}},"_links":{"self":[{"href":"https:\/\/bien-etreiris.ch\/de\/wp-json\/wp\/v2\/pages\/46025","targetHints":{"allow":["GET"]}}],"collection":[{"href":"https:\/\/bien-etreiris.ch\/de\/wp-json\/wp\/v2\/pages"}],"about":[{"href":"https:\/\/bien-etreiris.ch\/de\/wp-json\/wp\/v2\/types\/page"}],"author":[{"embeddable":true,"href":"https:\/\/bien-etreiris.ch\/de\/wp-json\/wp\/v2\/users\/1"}],"replies":[{"embeddable":true,"href":"https:\/\/bien-etreiris.ch\/de\/wp-json\/wp\/v2\/comments?post=46025"}],"version-history":[{"count":3,"href":"https:\/\/bien-etreiris.ch\/de\/wp-json\/wp\/v2\/pages\/46025\/revisions"}],"predecessor-version":[{"id":49995,"href":"https:\/\/bien-etreiris.ch\/de\/wp-json\/wp\/v2\/pages\/46025\/revisions\/49995"}],"up":[{"embeddable":true,"href":"https:\/\/bien-etreiris.ch\/de\/wp-json\/wp\/v2\/pages\/44406"}],"wp:featuredmedia":[{"embeddable":true,"href":"https:\/\/bien-etreiris.ch\/de\/wp-json\/wp\/v2\/media\/46023"}],"wp:attachment":[{"href":"https:\/\/bien-etreiris.ch\/de\/wp-json\/wp\/v2\/media?parent=46025"}],"curies":[{"name":"wp","href":"https:\/\/api.w.org\/{rel}","templated":true}]}}