{"id":45827,"date":"2021-05-22T07:15:47","date_gmt":"2021-05-22T05:15:47","guid":{"rendered":"https:\/\/bien-etreiris.ch\/?page_id=45827"},"modified":"2021-07-12T07:04:35","modified_gmt":"2021-07-12T05:04:35","slug":"thermosflaschen","status":"publish","type":"page","link":"https:\/\/bien-etreiris.ch\/de\/fundgrube-deals\/metallbereich\/thermosflaschen\/","title":{"rendered":"THERMOSFLASCHEN"},"content":{"rendered":"\n<h2>Thermosflaschen der Firma Qwetch<\/h2>\n<h4>Ein Lebensstil<\/h4>\n<p>Die Wahl von Qwetch-Produkten bedeutet, sich an einen Lebensstil zu halten: sich gesund zu ern\u00e4hren, die Umwelt zu respektieren, das \"Hausgemachte\" zu bevorzugen, indem Sie Ihre eigenen Mahlzeiten und Getr\u00e4nke zubereiten und \u00fcberall hin mitnehmen. Es geht auch um \u00c4sthetik durch die Wahl von Designprodukten mit trendigen Farben und Drucken...<\/p>\n<h4>Gesunde Produkte<\/h4>\n<p>Qwetch-Beh\u00e4lter k\u00f6nnen warm und kalt gehalten werden und f\u00f6rdern so selbst zubereitete Speisen f\u00fcr eine ausgewogene Ern\u00e4hrung.<br>Qwetch bevorzugt Materialien aus Glas und Edelstahl, die mit Lebensmitteln in Kontakt kommen, im Gegensatz zu Kunststoff oder Aluminium.<\/p>\n<p>&nbsp;<\/p>\n<p>&nbsp;<\/p>\n<p>&nbsp;<\/p>\n<p><br>Nachhaltige Produkte, die auf ZERO WASTE abzielen<\/p>\n<h4>Farbe: Edelstahl<\/h4>\n<ul style=\"list-style-type: disc;\">\n<li>Garantierte Wasserdichtigkeit<\/li>\n<li>H\u00e4lt bis zu 12 Stunden hei\u00df \/ 24 Stunden kalt<\/li>\n<li>Innen- und Au\u00dfenw\u00e4nde aus Edelstahl 304 (18\/8)<\/li>\n<li>Hohe Best\u00e4ndigkeit gegen St\u00f6\u00dfe und Korrosion<\/li>\n<li>Innenwand ohne Beschichtung oder Lackierung (im Gegensatz zu Aluminiumbeh\u00e4ltern)<\/li>\n<li>Ver\u00e4ndert nicht den Geschmack oder das Aroma<\/li>\n<li>Innenseite der Kappe aus Edelstahl 304 (18\/8).<\/li>\n<\/ul>\n<p>&nbsp;<\/p>\n<p>&nbsp;<\/p>\n<p>&nbsp;<\/p>\n<h2>Thermosflasche - 260ml - ORIGINALS - Geb\u00fcrsteter Edelstahl<\/h2>\n<p>&nbsp;<\/p>\n<p><a href=\"https:\/\/bien-etreiris.ch\/wp-content\/uploads\/2021\/05\/Bouteille-isotherme-260ml.png\"><img loading=\"lazy\" decoding=\"async\" class=\"size-full wp-image-45832 alignleft\" src=\"https:\/\/bien-etreiris.ch\/wp-content\/uploads\/2021\/05\/Bouteille-isotherme-260ml.png\" alt=\"\" width=\"300\" height=\"246\"><\/a><\/p>\n<p>&nbsp;<\/p>\n<p>&nbsp;<\/p>\n<p>&nbsp;<\/p>\n<p>1 St\u00fcck<strong> CHF 24.00<\/strong><\/p>\n<p>&nbsp;<\/p>\n<p>&nbsp;<\/p>\n<p>&nbsp;<\/p>\n<hr>\n<h2>Bouteille isotherme - 500ml - ORIGINALS - Inox bross\u00e9<\/h2>\n<p><strong><a href=\"https:\/\/bien-etreiris.ch\/wp-content\/uploads\/2021\/05\/750-ml-1.png\"><img loading=\"lazy\" decoding=\"async\" class=\"size-medium wp-image-45851 alignleft\" src=\"https:\/\/bien-etreiris.ch\/wp-content\/uploads\/2021\/05\/750-ml-1-300x300.png\" alt=\"\" width=\"300\" height=\"300\" srcset=\"https:\/\/bien-etreiris.ch\/wp-content\/uploads\/2021\/05\/750-ml-1-300x300.png 300w, https:\/\/bien-etreiris.ch\/wp-content\/uploads\/2021\/05\/750-ml-1-150x150.png 150w, https:\/\/bien-etreiris.ch\/wp-content\/uploads\/2021\/05\/750-ml-1.png 600w\" sizes=\"auto, (max-width: 300px) 100vw, 300px\" \/><\/a><\/strong><\/p>\n<p>&nbsp;<\/p>\n<p>&nbsp;<\/p>\n<p>&nbsp;<\/p>\n<p>&nbsp;<\/p>\n<p>1 pi\u00e8ce<strong> CHF 29.00<\/strong><\/p>\n<p>&nbsp;<\/p>\n<p>&nbsp;<\/p>\n<p>&nbsp;<\/p>\n<hr>\n<h2>Bouteille isotherme - 750ml - ORIGINALS - Inox bross\u00e9<\/h2>\n<p><a href=\"https:\/\/bien-etreiris.ch\/wp-content\/uploads\/2021\/05\/500-ml.png\"><img loading=\"lazy\" decoding=\"async\" class=\"size-medium wp-image-45835 alignleft\" src=\"https:\/\/bien-etreiris.ch\/wp-content\/uploads\/2021\/05\/500-ml-300x300.png\" alt=\"\" width=\"300\" height=\"300\" srcset=\"https:\/\/bien-etreiris.ch\/wp-content\/uploads\/2021\/05\/500-ml.png 300w, https:\/\/bien-etreiris.ch\/wp-content\/uploads\/2021\/05\/500-ml-150x150.png 150w\" sizes=\"auto, (max-width: 300px) 100vw, 300px\" \/><\/a><\/p>\n<p>&nbsp;<\/p>\n<p>&nbsp;<\/p>\n<p>&nbsp;<\/p>\n<p>&nbsp;<\/p>\n<p>1 pi\u00e8ce <strong>CHF 33.00<\/strong><\/p>\n<p>&nbsp;<\/p>\n<p>&nbsp;<\/p>\n<p>&nbsp;<\/p>\n<hr>\n<h2>Bouteille isotherme - 1l - ORIGINALS - Inox bross\u00e9<\/h2>\n<p><a href=\"https:\/\/bien-etreiris.ch\/wp-content\/uploads\/2021\/05\/750-ml.png\"><img loading=\"lazy\" decoding=\"async\" class=\"size-medium wp-image-45838 alignleft\" src=\"https:\/\/bien-etreiris.ch\/wp-content\/uploads\/2021\/05\/750-ml-300x300.png\" alt=\"\" width=\"300\" height=\"300\" srcset=\"https:\/\/bien-etreiris.ch\/wp-content\/uploads\/2021\/05\/750-ml-300x300.png 300w, https:\/\/bien-etreiris.ch\/wp-content\/uploads\/2021\/05\/750-ml-150x150.png 150w, https:\/\/bien-etreiris.ch\/wp-content\/uploads\/2021\/05\/750-ml.png 600w\" sizes=\"auto, (max-width: 300px) 100vw, 300px\" \/><\/a><\/p>\n<p>&nbsp;<\/p>\n<p>&nbsp;<\/p>\n<p>&nbsp;<\/p>\n<p>&nbsp;<\/p>\n<p>1 pi\u00e8ce <strong>CHF 35.00<\/strong><\/p>\n<p>&nbsp;<\/p>\n<p>&nbsp;<\/p>\n<p>&nbsp;<\/p>\n<hr>\n<h2>Bouteille isotherme - 1.5l - ORIGINALS - Inox bross\u00e9<\/h2>\n<p><img loading=\"lazy\" decoding=\"async\" class=\"size-medium wp-image-45841 alignnone\" src=\"https:\/\/bien-etreiris.ch\/wp-content\/uploads\/2021\/05\/1.5-lt-300x300.png\" alt=\"\" width=\"300\" height=\"300\" srcset=\"https:\/\/bien-etreiris.ch\/wp-content\/uploads\/2021\/05\/1.5-lt.png 300w, https:\/\/bien-etreiris.ch\/wp-content\/uploads\/2021\/05\/1.5-lt-150x150.png 150w\" sizes=\"auto, (max-width: 300px) 100vw, 300px\" \/>&nbsp;&nbsp;&nbsp; &nbsp;1 pi\u00e8ce <strong>CHF 42.00<\/strong><\/p>\n<p>&nbsp;<\/p>\n<p>&nbsp;<\/p>\n<p>&nbsp;<\/p>\n<p>&nbsp;<\/p>\n<h4>Conseils d'utilisation pour tout les&nbsp; grandeurs 260 ml, 500 ml, 750 ml, 1 lt, 1.5 lt<\/h4>\n<p>Ne pas passer au four \u00e0 micro-ondes, ni au four traditionnel.<br>Ne pas congeler.<br>Ne pas d\u00e9passer la capacit\u00e9 de remplissage indiqu\u00e9e afin d'assurer l'\u00e9tanch\u00e9it\u00e9.<br>Veiller \u00e0 bien visser le bouchon apr\u00e8s chaque remplissage et utilisation.<br>Si le contenant est rempli d'eau chaude, tenir hors de port\u00e9e des enfants.<br>Ce contenant n'est pas con\u00e7u pour des boissons gazeuses, car l'accumulation de pression peut causer des fuites ou des \u00e9claboussures \u00e0 l'ouverture.<br>Ne pas utiliser le contenant comme gourde isotherme pour maintenir au chaud des produits laitiers pour b\u00e9b\u00e9s.<br>En cas de non utilisation pendant plusieurs jours, stocker le contenant vide et ouvert.<\/p>\n<h4>Conseils d'entretien<\/h4>\n<p>Lors de la premi\u00e8re utilisation et apr\u00e8s chaque utilisation, laver toutes les pi\u00e8ces \u00e0 l'eau savonneuse ti\u00e8de (d\u00e9tergent doux). Rincer abondamment et laisser s\u00e9cher le contenant ouvert, t\u00eate en bas.<br>Pour un lavage en profondeur, nous recommandons un lavage \u00e0 la main \u00e0 l'aide d'un goupillon, d'un m\u00e9lange d'eau et d'une cuill\u00e8re \u00e0 caf\u00e9 de bicarbonate de soude alimentaire. Si besoin, laisser tremper plusieurs heures avant de rincer.<br>Ne pas utiliser d'abrasifs pour nettoyer.<br>Lavage au lave-vaisselle d\u00e9conseill\u00e9.<\/p>\n<h4>Astuce<\/h4>\n<p>Pour profiter d\u2019une boisson chaude plus longtemps, remplissez votre contenant d'eau chaude. Laissez le s\u2019impr\u00e9gner de la chaleur pendant quelques minutes puis videz l'eau avant de le re-remplir avec la boisson chaude de votre choix.<\/p>\n<p>&nbsp;<\/p>\n<h2>ACCESSOIRES<\/h2>\n<h4 class=\"product_title entry-title\">Bouchon infuseur<\/h4>\n<div class=\"woocommerce-product-details__short-description\">\n<div class=\"read_less\">\n<p>Connaissez-vous notre nouveau bouchon&nbsp;?<br>Le <strong><em>Bouchon Infuseur <\/em><\/strong>en inox qui s\u2019adapte sur <strong>nos bouteilles isothermes<\/strong>.<br>Le bouchon peut s\u2019utiliser seul ou avec le filtre (le filtre se visse et se d\u00e9visse du bouchon).<br>Il se d\u00e9cline en 3 tailles pour 3 contenances de bouteilles isothermes : 260 ml, 500 ml, 750 ml\/1L.<br>L\u2019accessoire id\u00e9al pour les nomades passionn\u00e9s de th\u00e9 qui souhaitent alterner entre le plaisir de l\u2019eau fra\u00eeche ou la joie d\u2019une bonne infusion.<\/p>\n<p><a href=\"https:\/\/bien-etreiris.ch\/wp-content\/uploads\/2021\/05\/Bouchon-infuseur.jpg\"><img loading=\"lazy\" decoding=\"async\" class=\"size-medium wp-image-45931 alignleft\" src=\"https:\/\/bien-etreiris.ch\/wp-content\/uploads\/2021\/05\/Bouchon-infuseur-300x300.jpg\" alt=\"\" width=\"300\" height=\"300\" srcset=\"https:\/\/bien-etreiris.ch\/wp-content\/uploads\/2021\/05\/Bouchon-infuseur-300x300.jpg 300w, https:\/\/bien-etreiris.ch\/wp-content\/uploads\/2021\/05\/Bouchon-infuseur-1024x1024.jpg 1024w, https:\/\/bien-etreiris.ch\/wp-content\/uploads\/2021\/05\/Bouchon-infuseur-150x150.jpg 150w, https:\/\/bien-etreiris.ch\/wp-content\/uploads\/2021\/05\/Bouchon-infuseur-768x768.jpg 768w, https:\/\/bien-etreiris.ch\/wp-content\/uploads\/2021\/05\/Bouchon-infuseur.jpg 1100w\" sizes=\"auto, (max-width: 300px) 100vw, 300px\" \/><\/a><\/p>\n<\/div>\n<p>&nbsp;<\/p>\n<\/div>\n<p><strong>Bouchon infuseur&nbsp; 260ml<\/strong><\/p>\n<p>1 pi\u00e8ce <strong>CHF 9.50<\/strong><\/p>\n<p><strong>Bouchon infuseur&nbsp; 500ml<\/strong><\/p>\n<p>1 pi\u00e8ce <strong>CHF 11.50<\/strong><\/p>\n<p><strong>Bouchon infuseur - 14cm - 750ml\/1l<\/strong><\/p>\n<p>1 pi\u00e8ce <strong>CHF 13.00<\/strong><\/p>\n<p>&nbsp;<\/p>\n<p>&nbsp;<\/p>\n","protected":false},"excerpt":{"rendered":"<p>Thermosflaschen der Firma Qwetch Ein Lebensstil Die Wahl von Qwetch-Produkten bedeutet, sich an einen Lebensstil zu halten: sich gesund zu ern\u00e4hren, die Umwelt zu respektieren, das \"Hausgemachte\" zu bevorzugen, indem Sie Ihre eigenen Mahlzeiten und Getr\u00e4nke zubereiten und \u00fcberall hin mitnehmen. Es geht auch um \u00c4sthetik durch die Wahl von Designprodukten mit trendigen Farben und Drucken... Gesunde Produkte Qwetch-Beh\u00e4lter k\u00f6nnen&nbsp;<a href=\"https:\/\/bien-etreiris.ch\/de\/fundgrube-deals\/metallbereich\/thermosflaschen\/\" class=\"read-more\">Weiter lesen<\/a><\/p>\n","protected":false},"author":1,"featured_media":45831,"parent":45407,"menu_order":5616,"comment_status":"closed","ping_status":"closed","template":"page-with-child.php","meta":{"_acf_changed":false,"ngg_post_thumbnail":0,"footnotes":""},"class_list":["post-45827","page","type-page","status-publish","has-post-thumbnail","hentry"],"acf":[],"yoast_head":"<!-- This site is optimized with the Yoast SEO plugin v27.5 - https:\/\/yoast.com\/product\/yoast-seo-wordpress\/ -->\n<title>THERMOSFLASCHEN - WOHLBEFINDEN<\/title>\n<meta name=\"robots\" content=\"index, follow, max-snippet:-1, max-image-preview:large, max-video-preview:-1\" \/>\n<link rel=\"canonical\" href=\"https:\/\/bien-etreiris.ch\/de\/fundgrube-deals\/metallbereich\/thermosflaschen\/\" \/>\n<meta property=\"og:locale\" content=\"de_DE\" \/>\n<meta property=\"og:type\" content=\"article\" \/>\n<meta property=\"og:title\" content=\"THERMOSFLASCHEN - WOHLBEFINDEN\" \/>\n<meta property=\"og:description\" content=\"Thermosflaschen der Firma Qwetch Ein Lebensstil Die Wahl von Qwetch-Produkten bedeutet, sich an einen Lebensstil zu halten: sich gesund zu ern\u00e4hren, die Umwelt zu respektieren, das &quot;Hausgemachte&quot; zu bevorzugen, indem Sie Ihre eigenen Mahlzeiten und Getr\u00e4nke zubereiten und \u00fcberall hin mitnehmen. Es geht auch um \u00c4sthetik durch die Wahl von Designprodukten mit trendigen Farben und Drucken... Gesunde Produkte Qwetch-Beh\u00e4lter k\u00f6nnen&nbsp;Weiter lesen\" \/>\n<meta property=\"og:url\" content=\"https:\/\/bien-etreiris.ch\/de\/fundgrube-deals\/metallbereich\/thermosflaschen\/\" \/>\n<meta property=\"og:site_name\" content=\"WOHLBEFINDEN\" \/>\n<meta property=\"article:publisher\" content=\"https:\/\/www.facebook.com\/bienetreiris\/\" \/>\n<meta property=\"article:modified_time\" content=\"2021-07-12T05:04:35+00:00\" \/>\n<meta property=\"og:image\" content=\"https:\/\/bien-etreiris.ch\/wp-content\/uploads\/2021\/05\/Acceuil-Qwetch.jpg\" \/>\n\t<meta property=\"og:image:width\" content=\"526\" \/>\n\t<meta property=\"og:image:height\" content=\"388\" \/>\n\t<meta property=\"og:image:type\" content=\"image\/jpeg\" \/>\n<meta name=\"twitter:label1\" content=\"Gesch\u00e4tzte Lesezeit\" \/>\n\t<meta name=\"twitter:data1\" content=\"4\u00a0Minuten\" \/>\n<script type=\"application\/ld+json\" class=\"yoast-schema-graph\">{\"@context\":\"https:\\\/\\\/schema.org\",\"@graph\":[{\"@type\":\"WebPage\",\"@id\":\"https:\\\/\\\/bien-etreiris.ch\\\/de\\\/fundgrube-deals\\\/metallbereich\\\/thermosflaschen\\\/\",\"url\":\"https:\\\/\\\/bien-etreiris.ch\\\/de\\\/fundgrube-deals\\\/metallbereich\\\/thermosflaschen\\\/\",\"name\":\"THERMOSFLASCHEN - WOHLBEFINDEN\",\"isPartOf\":{\"@id\":\"https:\\\/\\\/bien-etreiris.ch\\\/de\\\/#website\"},\"primaryImageOfPage\":{\"@id\":\"https:\\\/\\\/bien-etreiris.ch\\\/de\\\/fundgrube-deals\\\/metallbereich\\\/thermosflaschen\\\/#primaryimage\"},\"image\":{\"@id\":\"https:\\\/\\\/bien-etreiris.ch\\\/de\\\/fundgrube-deals\\\/metallbereich\\\/thermosflaschen\\\/#primaryimage\"},\"thumbnailUrl\":\"https:\\\/\\\/bien-etreiris.ch\\\/wp-content\\\/uploads\\\/2021\\\/05\\\/Acceuil-Qwetch.jpg\",\"datePublished\":\"2021-05-22T05:15:47+00:00\",\"dateModified\":\"2021-07-12T05:04:35+00:00\",\"breadcrumb\":{\"@id\":\"https:\\\/\\\/bien-etreiris.ch\\\/de\\\/fundgrube-deals\\\/metallbereich\\\/thermosflaschen\\\/#breadcrumb\"},\"inLanguage\":\"de\",\"potentialAction\":[{\"@type\":\"ReadAction\",\"target\":[\"https:\\\/\\\/bien-etreiris.ch\\\/de\\\/fundgrube-deals\\\/metallbereich\\\/thermosflaschen\\\/\"]}]},{\"@type\":\"ImageObject\",\"inLanguage\":\"de\",\"@id\":\"https:\\\/\\\/bien-etreiris.ch\\\/de\\\/fundgrube-deals\\\/metallbereich\\\/thermosflaschen\\\/#primaryimage\",\"url\":\"https:\\\/\\\/bien-etreiris.ch\\\/wp-content\\\/uploads\\\/2021\\\/05\\\/Acceuil-Qwetch.jpg\",\"contentUrl\":\"https:\\\/\\\/bien-etreiris.ch\\\/wp-content\\\/uploads\\\/2021\\\/05\\\/Acceuil-Qwetch.jpg\",\"width\":526,\"height\":388},{\"@type\":\"BreadcrumbList\",\"@id\":\"https:\\\/\\\/bien-etreiris.ch\\\/de\\\/fundgrube-deals\\\/metallbereich\\\/thermosflaschen\\\/#breadcrumb\",\"itemListElement\":[{\"@type\":\"ListItem\",\"position\":1,\"name\":\"Home\",\"item\":\"https:\\\/\\\/bien-etreiris.ch\\\/de\\\/\"},{\"@type\":\"ListItem\",\"position\":2,\"name\":\"FUNDGRUBE &#038; DEALS\",\"item\":\"https:\\\/\\\/bien-etreiris.ch\\\/de\\\/fundgrube-deals\\\/\"},{\"@type\":\"ListItem\",\"position\":3,\"name\":\"METALLBEREICH\",\"item\":\"https:\\\/\\\/bien-etreiris.ch\\\/de\\\/fundgrube-deals\\\/metallbereich\\\/\"},{\"@type\":\"ListItem\",\"position\":4,\"name\":\"THERMOSFLASCHEN\"}]},{\"@type\":\"WebSite\",\"@id\":\"https:\\\/\\\/bien-etreiris.ch\\\/de\\\/#website\",\"url\":\"https:\\\/\\\/bien-etreiris.ch\\\/de\\\/\",\"name\":\"Bien-\u00eatre Iris\",\"description\":\"IHRE Gesundheit ist uns wichtig\",\"potentialAction\":[{\"@type\":\"SearchAction\",\"target\":{\"@type\":\"EntryPoint\",\"urlTemplate\":\"https:\\\/\\\/bien-etreiris.ch\\\/de\\\/?s={search_term_string}\"},\"query-input\":{\"@type\":\"PropertyValueSpecification\",\"valueRequired\":true,\"valueName\":\"search_term_string\"}}],\"inLanguage\":\"de\"}]}<\/script>\n<!-- \/ Yoast SEO plugin. -->","yoast_head_json":{"title":"THERMOSFLASCHEN - WOHLBEFINDEN","robots":{"index":"index","follow":"follow","max-snippet":"max-snippet:-1","max-image-preview":"max-image-preview:large","max-video-preview":"max-video-preview:-1"},"canonical":"https:\/\/bien-etreiris.ch\/de\/fundgrube-deals\/metallbereich\/thermosflaschen\/","og_locale":"de_DE","og_type":"article","og_title":"THERMOSFLASCHEN - WOHLBEFINDEN","og_description":"Thermosflaschen der Firma Qwetch Ein Lebensstil Die Wahl von Qwetch-Produkten bedeutet, sich an einen Lebensstil zu halten: sich gesund zu ern\u00e4hren, die Umwelt zu respektieren, das \"Hausgemachte\" zu bevorzugen, indem Sie Ihre eigenen Mahlzeiten und Getr\u00e4nke zubereiten und \u00fcberall hin mitnehmen. Es geht auch um \u00c4sthetik durch die Wahl von Designprodukten mit trendigen Farben und Drucken... Gesunde Produkte Qwetch-Beh\u00e4lter k\u00f6nnen&nbsp;Weiter lesen","og_url":"https:\/\/bien-etreiris.ch\/de\/fundgrube-deals\/metallbereich\/thermosflaschen\/","og_site_name":"WOHLBEFINDEN","article_publisher":"https:\/\/www.facebook.com\/bienetreiris\/","article_modified_time":"2021-07-12T05:04:35+00:00","og_image":[{"width":526,"height":388,"url":"https:\/\/bien-etreiris.ch\/wp-content\/uploads\/2021\/05\/Acceuil-Qwetch.jpg","type":"image\/jpeg"}],"twitter_misc":{"Gesch\u00e4tzte Lesezeit":"4\u00a0Minuten"},"schema":{"@context":"https:\/\/schema.org","@graph":[{"@type":"WebPage","@id":"https:\/\/bien-etreiris.ch\/de\/fundgrube-deals\/metallbereich\/thermosflaschen\/","url":"https:\/\/bien-etreiris.ch\/de\/fundgrube-deals\/metallbereich\/thermosflaschen\/","name":"THERMOSFLASCHEN - WOHLBEFINDEN","isPartOf":{"@id":"https:\/\/bien-etreiris.ch\/de\/#website"},"primaryImageOfPage":{"@id":"https:\/\/bien-etreiris.ch\/de\/fundgrube-deals\/metallbereich\/thermosflaschen\/#primaryimage"},"image":{"@id":"https:\/\/bien-etreiris.ch\/de\/fundgrube-deals\/metallbereich\/thermosflaschen\/#primaryimage"},"thumbnailUrl":"https:\/\/bien-etreiris.ch\/wp-content\/uploads\/2021\/05\/Acceuil-Qwetch.jpg","datePublished":"2021-05-22T05:15:47+00:00","dateModified":"2021-07-12T05:04:35+00:00","breadcrumb":{"@id":"https:\/\/bien-etreiris.ch\/de\/fundgrube-deals\/metallbereich\/thermosflaschen\/#breadcrumb"},"inLanguage":"de","potentialAction":[{"@type":"ReadAction","target":["https:\/\/bien-etreiris.ch\/de\/fundgrube-deals\/metallbereich\/thermosflaschen\/"]}]},{"@type":"ImageObject","inLanguage":"de","@id":"https:\/\/bien-etreiris.ch\/de\/fundgrube-deals\/metallbereich\/thermosflaschen\/#primaryimage","url":"https:\/\/bien-etreiris.ch\/wp-content\/uploads\/2021\/05\/Acceuil-Qwetch.jpg","contentUrl":"https:\/\/bien-etreiris.ch\/wp-content\/uploads\/2021\/05\/Acceuil-Qwetch.jpg","width":526,"height":388},{"@type":"BreadcrumbList","@id":"https:\/\/bien-etreiris.ch\/de\/fundgrube-deals\/metallbereich\/thermosflaschen\/#breadcrumb","itemListElement":[{"@type":"ListItem","position":1,"name":"Home","item":"https:\/\/bien-etreiris.ch\/de\/"},{"@type":"ListItem","position":2,"name":"FUNDGRUBE &#038; DEALS","item":"https:\/\/bien-etreiris.ch\/de\/fundgrube-deals\/"},{"@type":"ListItem","position":3,"name":"METALLBEREICH","item":"https:\/\/bien-etreiris.ch\/de\/fundgrube-deals\/metallbereich\/"},{"@type":"ListItem","position":4,"name":"THERMOSFLASCHEN"}]},{"@type":"WebSite","@id":"https:\/\/bien-etreiris.ch\/de\/#website","url":"https:\/\/bien-etreiris.ch\/de\/","name":"Bien-\u00eatre Iris","description":"IHRE Gesundheit ist uns wichtig","potentialAction":[{"@type":"SearchAction","target":{"@type":"EntryPoint","urlTemplate":"https:\/\/bien-etreiris.ch\/de\/?s={search_term_string}"},"query-input":{"@type":"PropertyValueSpecification","valueRequired":true,"valueName":"search_term_string"}}],"inLanguage":"de"}]}},"_links":{"self":[{"href":"https:\/\/bien-etreiris.ch\/de\/wp-json\/wp\/v2\/pages\/45827","targetHints":{"allow":["GET"]}}],"collection":[{"href":"https:\/\/bien-etreiris.ch\/de\/wp-json\/wp\/v2\/pages"}],"about":[{"href":"https:\/\/bien-etreiris.ch\/de\/wp-json\/wp\/v2\/types\/page"}],"author":[{"embeddable":true,"href":"https:\/\/bien-etreiris.ch\/de\/wp-json\/wp\/v2\/users\/1"}],"replies":[{"embeddable":true,"href":"https:\/\/bien-etreiris.ch\/de\/wp-json\/wp\/v2\/comments?post=45827"}],"version-history":[{"count":8,"href":"https:\/\/bien-etreiris.ch\/de\/wp-json\/wp\/v2\/pages\/45827\/revisions"}],"predecessor-version":[{"id":51959,"href":"https:\/\/bien-etreiris.ch\/de\/wp-json\/wp\/v2\/pages\/45827\/revisions\/51959"}],"up":[{"embeddable":true,"href":"https:\/\/bien-etreiris.ch\/de\/wp-json\/wp\/v2\/pages\/45407"}],"wp:featuredmedia":[{"embeddable":true,"href":"https:\/\/bien-etreiris.ch\/de\/wp-json\/wp\/v2\/media\/45831"}],"wp:attachment":[{"href":"https:\/\/bien-etreiris.ch\/de\/wp-json\/wp\/v2\/media?parent=45827"}],"curies":[{"name":"wp","href":"https:\/\/api.w.org\/{rel}","templated":true}]}}