{"id":45817,"date":"2021-05-22T08:19:05","date_gmt":"2021-05-22T06:19:05","guid":{"rendered":"https:\/\/bien-etreiris.ch\/?page_id=45817"},"modified":"2021-06-08T17:59:18","modified_gmt":"2021-06-08T15:59:18","slug":"qwetch","status":"publish","type":"page","link":"https:\/\/bien-etreiris.ch\/de\/unsere-marken\/qwetch\/","title":{"rendered":"QWETCH"},"content":{"rendered":"\n<p>Die Geschichte von Qwetch beginnt, als St\u00e9phane Miquel nach Danian in China f\u00e4hrt, w\u00e4hrend eines Aufenthalts bei Freunden im Haus des Leiters der humanit\u00e4ren Vereinigung Couleurs de Chine. Dort trinkt jeder Teebl\u00e4tter, immer und \u00fcberall: zu Hause, auf den Reisfeldern, bei der Arbeit, im Bus, in den Parks, allein oder mit der Familie...<br>Von dieser Kultur verf\u00fchrt, beschloss er nach seiner R\u00fcckkehr nach Frankreich, das Konzept der \"nomadischen Teekanne\" zu entwickeln. Er passte das traditionelle Gef\u00e4\u00df, in dem die Chinesen ihren Tee aufbr\u00fchen, an die Bed\u00fcrfnisse westlicher Tee- und Aufgusstrinker an. Und so beginnt im Jahr 2010 das Abenteuer Qwetch!<\/p>\n\n\n\n<p>Seit 2019 engagiert sich Qwetch f\u00fcr Un Toit Pour Les Abeilles durch das Sponsoring von Bienenst\u00f6cken in ganz Frankreich.<br>Viertausend Obst- und Gem\u00fcsesorten g\u00e4be es ohne Best\u00e4ubung nicht. Heute h\u00e4ngen 75 % der weltweiten Nahrungsmittelproduktion von best\u00e4ubenden Insekten ab, einschlie\u00dflich unserer wertvollen Bienen. Qwetch ist stolz darauf, das Netzwerk \"Un Toit Pour Les Abeilles\" zu unterst\u00fctzen, das sich f\u00fcr die Rettung von Bienen und die Entwicklung von Bienenv\u00f6lkern einsetzt, indem es Unternehmen und Einzelpersonen anbietet, Bienenst\u00f6cke zu sponsern.<\/p>\n<p>&nbsp;<\/p>\n<p>&nbsp;<\/p>\n\n\n\n<h2><a href=\"https:\/\/bien-etreiris.ch\/de\/fundgrube-deals\/metallbereich\/thermosflasche\/\" target=\"_blank\" rel=\"noopener\">THERMOSFLASCHE<\/a><\/h2>\n<p>&nbsp;<\/p>\n<h2><a href=\"https:\/\/bien-etreiris.ch\/de\/produktpraesentation\/natuerliche-heilmittel\/kraeutertee-und-tee\/teezubehoer\/isotherme-teeflaschen\/edelstahl-teeflasche-mit-filter\/\" target=\"_blank\" rel=\"noopener\">EDELSTAHLTEEFLASCHE MIT FILTER<\/a><\/h2>\n<p>&nbsp;<\/p>\n<h2><a href=\"https:\/\/bien-etreiris.ch\/de\/produktpraesentation\/natuerliche-heilmittel\/kraeutertee-und-tee\/teezubehoer\/isotherme-teeflaschen\/glasflasche-mit-sieb-nomade-iso-inox-qwetch\/\" target=\"_blank\" rel=\"noopener\">GLASTEEFLASCHE MIT SIEB<\/a><\/h2>\n","protected":false},"excerpt":{"rendered":"<p>Die Geschichte von Qwetch beginnt, als St\u00e9phane Miquel nach Danian in China f\u00e4hrt, w\u00e4hrend eines Aufenthalts bei Freunden im Haus des Leiters der humanit\u00e4ren Vereinigung Couleurs de Chine. Dort trinkt jeder Teebl\u00e4tter, immer und \u00fcberall: zu Hause, auf den Reisfeldern, bei der Arbeit, im Bus, in den Parks, allein oder mit der Familie...Von dieser Kultur verf\u00fchrt, beschloss er nach seiner&nbsp;<a href=\"https:\/\/bien-etreiris.ch\/de\/unsere-marken\/qwetch\/\" class=\"read-more\">Weiter lesen<\/a><\/p>\n","protected":false},"author":1,"featured_media":45820,"parent":44406,"menu_order":5619,"comment_status":"closed","ping_status":"closed","template":"page-with-child.php","meta":{"_acf_changed":false,"ngg_post_thumbnail":0,"footnotes":""},"class_list":["post-45817","page","type-page","status-publish","has-post-thumbnail","hentry"],"acf":[],"yoast_head":"<!-- This site is optimized with the Yoast SEO plugin v27.6 - https:\/\/yoast.com\/product\/yoast-seo-wordpress\/ -->\n<title>QWETCH - WOHLBEFINDEN<\/title>\n<meta name=\"robots\" content=\"index, follow, max-snippet:-1, max-image-preview:large, max-video-preview:-1\" \/>\n<link rel=\"canonical\" href=\"https:\/\/bien-etreiris.ch\/de\/unsere-marken\/qwetch\/\" \/>\n<meta property=\"og:locale\" content=\"de_DE\" \/>\n<meta property=\"og:type\" content=\"article\" \/>\n<meta property=\"og:title\" content=\"QWETCH - WOHLBEFINDEN\" \/>\n<meta property=\"og:description\" content=\"Die Geschichte von Qwetch beginnt, als St\u00e9phane Miquel nach Danian in China f\u00e4hrt, w\u00e4hrend eines Aufenthalts bei Freunden im Haus des Leiters der humanit\u00e4ren Vereinigung Couleurs de Chine. Dort trinkt jeder Teebl\u00e4tter, immer und \u00fcberall: zu Hause, auf den Reisfeldern, bei der Arbeit, im Bus, in den Parks, allein oder mit der Familie...Von dieser Kultur verf\u00fchrt, beschloss er nach seiner&nbsp;Weiter lesen\" \/>\n<meta property=\"og:url\" content=\"https:\/\/bien-etreiris.ch\/de\/unsere-marken\/qwetch\/\" \/>\n<meta property=\"og:site_name\" content=\"WOHLBEFINDEN\" \/>\n<meta property=\"article:publisher\" content=\"https:\/\/www.facebook.com\/bienetreiris\/\" \/>\n<meta property=\"article:modified_time\" content=\"2021-06-08T15:59:18+00:00\" \/>\n<meta property=\"og:image\" content=\"https:\/\/bien-etreiris.ch\/wp-content\/uploads\/2021\/05\/Qwetch.jpg\" \/>\n\t<meta property=\"og:image:width\" content=\"500\" \/>\n\t<meta property=\"og:image:height\" content=\"362\" \/>\n\t<meta property=\"og:image:type\" content=\"image\/jpeg\" \/>\n<meta name=\"twitter:label1\" content=\"Gesch\u00e4tzte Lesezeit\" \/>\n\t<meta name=\"twitter:data1\" content=\"1\u00a0Minute\" \/>\n<script type=\"application\/ld+json\" class=\"yoast-schema-graph\">{\"@context\":\"https:\\\/\\\/schema.org\",\"@graph\":[{\"@type\":\"WebPage\",\"@id\":\"https:\\\/\\\/bien-etreiris.ch\\\/de\\\/unsere-marken\\\/qwetch\\\/\",\"url\":\"https:\\\/\\\/bien-etreiris.ch\\\/de\\\/unsere-marken\\\/qwetch\\\/\",\"name\":\"QWETCH - WOHLBEFINDEN\",\"isPartOf\":{\"@id\":\"https:\\\/\\\/bien-etreiris.ch\\\/de\\\/#website\"},\"primaryImageOfPage\":{\"@id\":\"https:\\\/\\\/bien-etreiris.ch\\\/de\\\/unsere-marken\\\/qwetch\\\/#primaryimage\"},\"image\":{\"@id\":\"https:\\\/\\\/bien-etreiris.ch\\\/de\\\/unsere-marken\\\/qwetch\\\/#primaryimage\"},\"thumbnailUrl\":\"https:\\\/\\\/bien-etreiris.ch\\\/wp-content\\\/uploads\\\/2021\\\/05\\\/Qwetch.jpg\",\"datePublished\":\"2021-05-22T06:19:05+00:00\",\"dateModified\":\"2021-06-08T15:59:18+00:00\",\"breadcrumb\":{\"@id\":\"https:\\\/\\\/bien-etreiris.ch\\\/de\\\/unsere-marken\\\/qwetch\\\/#breadcrumb\"},\"inLanguage\":\"de\",\"potentialAction\":[{\"@type\":\"ReadAction\",\"target\":[\"https:\\\/\\\/bien-etreiris.ch\\\/de\\\/unsere-marken\\\/qwetch\\\/\"]}]},{\"@type\":\"ImageObject\",\"inLanguage\":\"de\",\"@id\":\"https:\\\/\\\/bien-etreiris.ch\\\/de\\\/unsere-marken\\\/qwetch\\\/#primaryimage\",\"url\":\"https:\\\/\\\/bien-etreiris.ch\\\/wp-content\\\/uploads\\\/2021\\\/05\\\/Qwetch.jpg\",\"contentUrl\":\"https:\\\/\\\/bien-etreiris.ch\\\/wp-content\\\/uploads\\\/2021\\\/05\\\/Qwetch.jpg\",\"width\":500,\"height\":362},{\"@type\":\"BreadcrumbList\",\"@id\":\"https:\\\/\\\/bien-etreiris.ch\\\/de\\\/unsere-marken\\\/qwetch\\\/#breadcrumb\",\"itemListElement\":[{\"@type\":\"ListItem\",\"position\":1,\"name\":\"Home\",\"item\":\"https:\\\/\\\/bien-etreiris.ch\\\/de\\\/\"},{\"@type\":\"ListItem\",\"position\":2,\"name\":\"UNSERE MARKEN\",\"item\":\"https:\\\/\\\/bien-etreiris.ch\\\/de\\\/unsere-marken\\\/\"},{\"@type\":\"ListItem\",\"position\":3,\"name\":\"QWETCH\"}]},{\"@type\":\"WebSite\",\"@id\":\"https:\\\/\\\/bien-etreiris.ch\\\/de\\\/#website\",\"url\":\"https:\\\/\\\/bien-etreiris.ch\\\/de\\\/\",\"name\":\"Bien-\u00eatre Iris\",\"description\":\"IHRE Gesundheit ist uns wichtig\",\"potentialAction\":[{\"@type\":\"SearchAction\",\"target\":{\"@type\":\"EntryPoint\",\"urlTemplate\":\"https:\\\/\\\/bien-etreiris.ch\\\/de\\\/?s={search_term_string}\"},\"query-input\":{\"@type\":\"PropertyValueSpecification\",\"valueRequired\":true,\"valueName\":\"search_term_string\"}}],\"inLanguage\":\"de\"}]}<\/script>\n<!-- \/ Yoast SEO plugin. -->","yoast_head_json":{"title":"QWETCH - WOHLBEFINDEN","robots":{"index":"index","follow":"follow","max-snippet":"max-snippet:-1","max-image-preview":"max-image-preview:large","max-video-preview":"max-video-preview:-1"},"canonical":"https:\/\/bien-etreiris.ch\/de\/unsere-marken\/qwetch\/","og_locale":"de_DE","og_type":"article","og_title":"QWETCH - WOHLBEFINDEN","og_description":"Die Geschichte von Qwetch beginnt, als St\u00e9phane Miquel nach Danian in China f\u00e4hrt, w\u00e4hrend eines Aufenthalts bei Freunden im Haus des Leiters der humanit\u00e4ren Vereinigung Couleurs de Chine. Dort trinkt jeder Teebl\u00e4tter, immer und \u00fcberall: zu Hause, auf den Reisfeldern, bei der Arbeit, im Bus, in den Parks, allein oder mit der Familie...Von dieser Kultur verf\u00fchrt, beschloss er nach seiner&nbsp;Weiter lesen","og_url":"https:\/\/bien-etreiris.ch\/de\/unsere-marken\/qwetch\/","og_site_name":"WOHLBEFINDEN","article_publisher":"https:\/\/www.facebook.com\/bienetreiris\/","article_modified_time":"2021-06-08T15:59:18+00:00","og_image":[{"width":500,"height":362,"url":"https:\/\/bien-etreiris.ch\/wp-content\/uploads\/2021\/05\/Qwetch.jpg","type":"image\/jpeg"}],"twitter_misc":{"Gesch\u00e4tzte Lesezeit":"1\u00a0Minute"},"schema":{"@context":"https:\/\/schema.org","@graph":[{"@type":"WebPage","@id":"https:\/\/bien-etreiris.ch\/de\/unsere-marken\/qwetch\/","url":"https:\/\/bien-etreiris.ch\/de\/unsere-marken\/qwetch\/","name":"QWETCH - WOHLBEFINDEN","isPartOf":{"@id":"https:\/\/bien-etreiris.ch\/de\/#website"},"primaryImageOfPage":{"@id":"https:\/\/bien-etreiris.ch\/de\/unsere-marken\/qwetch\/#primaryimage"},"image":{"@id":"https:\/\/bien-etreiris.ch\/de\/unsere-marken\/qwetch\/#primaryimage"},"thumbnailUrl":"https:\/\/bien-etreiris.ch\/wp-content\/uploads\/2021\/05\/Qwetch.jpg","datePublished":"2021-05-22T06:19:05+00:00","dateModified":"2021-06-08T15:59:18+00:00","breadcrumb":{"@id":"https:\/\/bien-etreiris.ch\/de\/unsere-marken\/qwetch\/#breadcrumb"},"inLanguage":"de","potentialAction":[{"@type":"ReadAction","target":["https:\/\/bien-etreiris.ch\/de\/unsere-marken\/qwetch\/"]}]},{"@type":"ImageObject","inLanguage":"de","@id":"https:\/\/bien-etreiris.ch\/de\/unsere-marken\/qwetch\/#primaryimage","url":"https:\/\/bien-etreiris.ch\/wp-content\/uploads\/2021\/05\/Qwetch.jpg","contentUrl":"https:\/\/bien-etreiris.ch\/wp-content\/uploads\/2021\/05\/Qwetch.jpg","width":500,"height":362},{"@type":"BreadcrumbList","@id":"https:\/\/bien-etreiris.ch\/de\/unsere-marken\/qwetch\/#breadcrumb","itemListElement":[{"@type":"ListItem","position":1,"name":"Home","item":"https:\/\/bien-etreiris.ch\/de\/"},{"@type":"ListItem","position":2,"name":"UNSERE MARKEN","item":"https:\/\/bien-etreiris.ch\/de\/unsere-marken\/"},{"@type":"ListItem","position":3,"name":"QWETCH"}]},{"@type":"WebSite","@id":"https:\/\/bien-etreiris.ch\/de\/#website","url":"https:\/\/bien-etreiris.ch\/de\/","name":"Bien-\u00eatre Iris","description":"IHRE Gesundheit ist uns wichtig","potentialAction":[{"@type":"SearchAction","target":{"@type":"EntryPoint","urlTemplate":"https:\/\/bien-etreiris.ch\/de\/?s={search_term_string}"},"query-input":{"@type":"PropertyValueSpecification","valueRequired":true,"valueName":"search_term_string"}}],"inLanguage":"de"}]}},"_links":{"self":[{"href":"https:\/\/bien-etreiris.ch\/de\/wp-json\/wp\/v2\/pages\/45817","targetHints":{"allow":["GET"]}}],"collection":[{"href":"https:\/\/bien-etreiris.ch\/de\/wp-json\/wp\/v2\/pages"}],"about":[{"href":"https:\/\/bien-etreiris.ch\/de\/wp-json\/wp\/v2\/types\/page"}],"author":[{"embeddable":true,"href":"https:\/\/bien-etreiris.ch\/de\/wp-json\/wp\/v2\/users\/1"}],"replies":[{"embeddable":true,"href":"https:\/\/bien-etreiris.ch\/de\/wp-json\/wp\/v2\/comments?post=45817"}],"version-history":[{"count":8,"href":"https:\/\/bien-etreiris.ch\/de\/wp-json\/wp\/v2\/pages\/45817\/revisions"}],"predecessor-version":[{"id":50117,"href":"https:\/\/bien-etreiris.ch\/de\/wp-json\/wp\/v2\/pages\/45817\/revisions\/50117"}],"up":[{"embeddable":true,"href":"https:\/\/bien-etreiris.ch\/de\/wp-json\/wp\/v2\/pages\/44406"}],"wp:featuredmedia":[{"embeddable":true,"href":"https:\/\/bien-etreiris.ch\/de\/wp-json\/wp\/v2\/media\/45820"}],"wp:attachment":[{"href":"https:\/\/bien-etreiris.ch\/de\/wp-json\/wp\/v2\/media?parent=45817"}],"curies":[{"name":"wp","href":"https:\/\/api.w.org\/{rel}","templated":true}]}}