{"id":45811,"date":"2021-05-22T01:18:27","date_gmt":"2021-05-21T23:18:27","guid":{"rendered":"https:\/\/bien-etreiris.ch\/?page_id=45811"},"modified":"2021-06-08T10:41:11","modified_gmt":"2021-06-08T08:41:11","slug":"isola-bio","status":"publish","type":"page","link":"https:\/\/bien-etreiris.ch\/de\/unsere-marken\/isola-bio\/","title":{"rendered":"ISOLA BIO"},"content":{"rendered":"\n<h2>Isola BIO<\/h2>\n<p>Ein Haus mit einer organischen Seele<br>Nur Bio, 100 % pflanzlich und nachhaltig: Das sind die Grundlagen unseres Hauses.<br>Seit 20 Jahren begr\u00fcssen wir die Authentizit\u00e4t, die sich hier etabliert hat.<\/p>\n<p>Seit 20 Jahren begleiten wir von Isola Bio Sie Hand in Hand bei der Entscheidung f\u00fcr eine bewusste pflanzliche Ern\u00e4hrung.<br>Von Anfang an haben wir mit Ihnen an eine echte biologische Landwirtschaft geglaubt, indem wir die besten Getreidesorten direkt auf unserem Land anbauen, den Rhythmen und Jahreszeiten der Natur folgen und sie durch unsere Bauernfamilien sorgf\u00e4ltig f\u00fcr Sie ausw\u00e4hlen.<\/p>\n<p>Wir produzieren mit Leidenschaft in Italien die guten pflanzlichen Getr\u00e4nke, die Sie kennen, denken an Ihr Wohlbefinden und engagieren uns f\u00fcr die Gesundheit des Planeten.<\/p>\n<p>Und unsere Produktfamilie wird jeden Tag gr\u00f6sser: nicht nur Getr\u00e4nke, sondern ein komplettes Angebot f\u00fcr Ihre komplette Bio-Ern\u00e4hrung! Jeden Tag wacht unser Haus auf und wird lebendig, indem es den Produktionsrhythmen unserer Fabrik folgt, in der alle Phasen st\u00e4ndig \u00fcberwacht werden und hohe \u00f6kologisch-nachhaltige Standards garantiert werden.<\/p>\n<p>&nbsp;<\/p>\n<p>&nbsp;<\/p>\n<h2><a href=\"https:\/\/bien-etreiris.ch\/de\/produktpraesentation\/gesundes-leben\/gesunde-nahrungsmittel\/intoleranz\/lactosenfrei\/pflanzenmilch\/isola-bio\/\" target=\"_blank\" rel=\"noopener\">PFLANZENMILCH<\/a><\/h2>\n","protected":false},"excerpt":{"rendered":"<p>Isola BIO Ein Haus mit einer organischen SeeleNur Bio, 100 % pflanzlich und nachhaltig: Das sind die Grundlagen unseres Hauses.Seit 20 Jahren begr\u00fcssen wir die Authentizit\u00e4t, die sich hier etabliert hat. Seit 20 Jahren begleiten wir von Isola Bio Sie Hand in Hand bei der Entscheidung f\u00fcr eine bewusste pflanzliche Ern\u00e4hrung.Von Anfang an haben wir mit Ihnen an eine echte&nbsp;<a href=\"https:\/\/bien-etreiris.ch\/de\/unsere-marken\/isola-bio\/\" class=\"read-more\">Weiter lesen<\/a><\/p>\n","protected":false},"author":1,"featured_media":45795,"parent":44406,"menu_order":5625,"comment_status":"closed","ping_status":"closed","template":"page-with-child.php","meta":{"_acf_changed":false,"ngg_post_thumbnail":0,"footnotes":""},"class_list":["post-45811","page","type-page","status-publish","has-post-thumbnail","hentry"],"acf":[],"yoast_head":"<!-- This site is optimized with the Yoast SEO plugin v27.5 - https:\/\/yoast.com\/product\/yoast-seo-wordpress\/ -->\n<title>ISOLA BIO - WOHLBEFINDEN<\/title>\n<meta name=\"robots\" content=\"index, follow, max-snippet:-1, max-image-preview:large, max-video-preview:-1\" \/>\n<link rel=\"canonical\" href=\"https:\/\/bien-etreiris.ch\/de\/unsere-marken\/isola-bio\/\" \/>\n<meta property=\"og:locale\" content=\"de_DE\" \/>\n<meta property=\"og:type\" content=\"article\" \/>\n<meta property=\"og:title\" content=\"ISOLA BIO - WOHLBEFINDEN\" \/>\n<meta property=\"og:description\" content=\"Isola BIO Ein Haus mit einer organischen SeeleNur Bio, 100 % pflanzlich und nachhaltig: Das sind die Grundlagen unseres Hauses.Seit 20 Jahren begr\u00fcssen wir die Authentizit\u00e4t, die sich hier etabliert hat. Seit 20 Jahren begleiten wir von Isola Bio Sie Hand in Hand bei der Entscheidung f\u00fcr eine bewusste pflanzliche Ern\u00e4hrung.Von Anfang an haben wir mit Ihnen an eine echte&nbsp;Weiter lesen\" \/>\n<meta property=\"og:url\" content=\"https:\/\/bien-etreiris.ch\/de\/unsere-marken\/isola-bio\/\" \/>\n<meta property=\"og:site_name\" content=\"WOHLBEFINDEN\" \/>\n<meta property=\"article:publisher\" content=\"https:\/\/www.facebook.com\/bienetreiris\/\" \/>\n<meta property=\"article:modified_time\" content=\"2021-06-08T08:41:11+00:00\" \/>\n<meta property=\"og:image\" content=\"https:\/\/bien-etreiris.ch\/wp-content\/uploads\/2021\/05\/Isola.png\" \/>\n\t<meta property=\"og:image:width\" content=\"500\" \/>\n\t<meta property=\"og:image:height\" content=\"363\" \/>\n\t<meta property=\"og:image:type\" content=\"image\/png\" \/>\n<meta name=\"twitter:label1\" content=\"Gesch\u00e4tzte Lesezeit\" \/>\n\t<meta name=\"twitter:data1\" content=\"1\u00a0Minute\" \/>\n<script type=\"application\/ld+json\" class=\"yoast-schema-graph\">{\"@context\":\"https:\\\/\\\/schema.org\",\"@graph\":[{\"@type\":\"WebPage\",\"@id\":\"https:\\\/\\\/bien-etreiris.ch\\\/de\\\/unsere-marken\\\/isola-bio\\\/\",\"url\":\"https:\\\/\\\/bien-etreiris.ch\\\/de\\\/unsere-marken\\\/isola-bio\\\/\",\"name\":\"ISOLA BIO - WOHLBEFINDEN\",\"isPartOf\":{\"@id\":\"https:\\\/\\\/bien-etreiris.ch\\\/de\\\/#website\"},\"primaryImageOfPage\":{\"@id\":\"https:\\\/\\\/bien-etreiris.ch\\\/de\\\/unsere-marken\\\/isola-bio\\\/#primaryimage\"},\"image\":{\"@id\":\"https:\\\/\\\/bien-etreiris.ch\\\/de\\\/unsere-marken\\\/isola-bio\\\/#primaryimage\"},\"thumbnailUrl\":\"https:\\\/\\\/bien-etreiris.ch\\\/wp-content\\\/uploads\\\/2021\\\/05\\\/Isola.png\",\"datePublished\":\"2021-05-21T23:18:27+00:00\",\"dateModified\":\"2021-06-08T08:41:11+00:00\",\"breadcrumb\":{\"@id\":\"https:\\\/\\\/bien-etreiris.ch\\\/de\\\/unsere-marken\\\/isola-bio\\\/#breadcrumb\"},\"inLanguage\":\"de\",\"potentialAction\":[{\"@type\":\"ReadAction\",\"target\":[\"https:\\\/\\\/bien-etreiris.ch\\\/de\\\/unsere-marken\\\/isola-bio\\\/\"]}]},{\"@type\":\"ImageObject\",\"inLanguage\":\"de\",\"@id\":\"https:\\\/\\\/bien-etreiris.ch\\\/de\\\/unsere-marken\\\/isola-bio\\\/#primaryimage\",\"url\":\"https:\\\/\\\/bien-etreiris.ch\\\/wp-content\\\/uploads\\\/2021\\\/05\\\/Isola.png\",\"contentUrl\":\"https:\\\/\\\/bien-etreiris.ch\\\/wp-content\\\/uploads\\\/2021\\\/05\\\/Isola.png\",\"width\":500,\"height\":363},{\"@type\":\"BreadcrumbList\",\"@id\":\"https:\\\/\\\/bien-etreiris.ch\\\/de\\\/unsere-marken\\\/isola-bio\\\/#breadcrumb\",\"itemListElement\":[{\"@type\":\"ListItem\",\"position\":1,\"name\":\"Home\",\"item\":\"https:\\\/\\\/bien-etreiris.ch\\\/de\\\/\"},{\"@type\":\"ListItem\",\"position\":2,\"name\":\"UNSERE MARKEN\",\"item\":\"https:\\\/\\\/bien-etreiris.ch\\\/de\\\/unsere-marken\\\/\"},{\"@type\":\"ListItem\",\"position\":3,\"name\":\"ISOLA BIO\"}]},{\"@type\":\"WebSite\",\"@id\":\"https:\\\/\\\/bien-etreiris.ch\\\/de\\\/#website\",\"url\":\"https:\\\/\\\/bien-etreiris.ch\\\/de\\\/\",\"name\":\"Bien-\u00eatre Iris\",\"description\":\"IHRE Gesundheit ist uns wichtig\",\"potentialAction\":[{\"@type\":\"SearchAction\",\"target\":{\"@type\":\"EntryPoint\",\"urlTemplate\":\"https:\\\/\\\/bien-etreiris.ch\\\/de\\\/?s={search_term_string}\"},\"query-input\":{\"@type\":\"PropertyValueSpecification\",\"valueRequired\":true,\"valueName\":\"search_term_string\"}}],\"inLanguage\":\"de\"}]}<\/script>\n<!-- \/ Yoast SEO plugin. -->","yoast_head_json":{"title":"ISOLA BIO - WOHLBEFINDEN","robots":{"index":"index","follow":"follow","max-snippet":"max-snippet:-1","max-image-preview":"max-image-preview:large","max-video-preview":"max-video-preview:-1"},"canonical":"https:\/\/bien-etreiris.ch\/de\/unsere-marken\/isola-bio\/","og_locale":"de_DE","og_type":"article","og_title":"ISOLA BIO - WOHLBEFINDEN","og_description":"Isola BIO Ein Haus mit einer organischen SeeleNur Bio, 100 % pflanzlich und nachhaltig: Das sind die Grundlagen unseres Hauses.Seit 20 Jahren begr\u00fcssen wir die Authentizit\u00e4t, die sich hier etabliert hat. Seit 20 Jahren begleiten wir von Isola Bio Sie Hand in Hand bei der Entscheidung f\u00fcr eine bewusste pflanzliche Ern\u00e4hrung.Von Anfang an haben wir mit Ihnen an eine echte&nbsp;Weiter lesen","og_url":"https:\/\/bien-etreiris.ch\/de\/unsere-marken\/isola-bio\/","og_site_name":"WOHLBEFINDEN","article_publisher":"https:\/\/www.facebook.com\/bienetreiris\/","article_modified_time":"2021-06-08T08:41:11+00:00","og_image":[{"width":500,"height":363,"url":"https:\/\/bien-etreiris.ch\/wp-content\/uploads\/2021\/05\/Isola.png","type":"image\/png"}],"twitter_misc":{"Gesch\u00e4tzte Lesezeit":"1\u00a0Minute"},"schema":{"@context":"https:\/\/schema.org","@graph":[{"@type":"WebPage","@id":"https:\/\/bien-etreiris.ch\/de\/unsere-marken\/isola-bio\/","url":"https:\/\/bien-etreiris.ch\/de\/unsere-marken\/isola-bio\/","name":"ISOLA BIO - WOHLBEFINDEN","isPartOf":{"@id":"https:\/\/bien-etreiris.ch\/de\/#website"},"primaryImageOfPage":{"@id":"https:\/\/bien-etreiris.ch\/de\/unsere-marken\/isola-bio\/#primaryimage"},"image":{"@id":"https:\/\/bien-etreiris.ch\/de\/unsere-marken\/isola-bio\/#primaryimage"},"thumbnailUrl":"https:\/\/bien-etreiris.ch\/wp-content\/uploads\/2021\/05\/Isola.png","datePublished":"2021-05-21T23:18:27+00:00","dateModified":"2021-06-08T08:41:11+00:00","breadcrumb":{"@id":"https:\/\/bien-etreiris.ch\/de\/unsere-marken\/isola-bio\/#breadcrumb"},"inLanguage":"de","potentialAction":[{"@type":"ReadAction","target":["https:\/\/bien-etreiris.ch\/de\/unsere-marken\/isola-bio\/"]}]},{"@type":"ImageObject","inLanguage":"de","@id":"https:\/\/bien-etreiris.ch\/de\/unsere-marken\/isola-bio\/#primaryimage","url":"https:\/\/bien-etreiris.ch\/wp-content\/uploads\/2021\/05\/Isola.png","contentUrl":"https:\/\/bien-etreiris.ch\/wp-content\/uploads\/2021\/05\/Isola.png","width":500,"height":363},{"@type":"BreadcrumbList","@id":"https:\/\/bien-etreiris.ch\/de\/unsere-marken\/isola-bio\/#breadcrumb","itemListElement":[{"@type":"ListItem","position":1,"name":"Home","item":"https:\/\/bien-etreiris.ch\/de\/"},{"@type":"ListItem","position":2,"name":"UNSERE MARKEN","item":"https:\/\/bien-etreiris.ch\/de\/unsere-marken\/"},{"@type":"ListItem","position":3,"name":"ISOLA BIO"}]},{"@type":"WebSite","@id":"https:\/\/bien-etreiris.ch\/de\/#website","url":"https:\/\/bien-etreiris.ch\/de\/","name":"Bien-\u00eatre Iris","description":"IHRE Gesundheit ist uns wichtig","potentialAction":[{"@type":"SearchAction","target":{"@type":"EntryPoint","urlTemplate":"https:\/\/bien-etreiris.ch\/de\/?s={search_term_string}"},"query-input":{"@type":"PropertyValueSpecification","valueRequired":true,"valueName":"search_term_string"}}],"inLanguage":"de"}]}},"_links":{"self":[{"href":"https:\/\/bien-etreiris.ch\/de\/wp-json\/wp\/v2\/pages\/45811","targetHints":{"allow":["GET"]}}],"collection":[{"href":"https:\/\/bien-etreiris.ch\/de\/wp-json\/wp\/v2\/pages"}],"about":[{"href":"https:\/\/bien-etreiris.ch\/de\/wp-json\/wp\/v2\/types\/page"}],"author":[{"embeddable":true,"href":"https:\/\/bien-etreiris.ch\/de\/wp-json\/wp\/v2\/users\/1"}],"replies":[{"embeddable":true,"href":"https:\/\/bien-etreiris.ch\/de\/wp-json\/wp\/v2\/comments?post=45811"}],"version-history":[{"count":4,"href":"https:\/\/bien-etreiris.ch\/de\/wp-json\/wp\/v2\/pages\/45811\/revisions"}],"predecessor-version":[{"id":50044,"href":"https:\/\/bien-etreiris.ch\/de\/wp-json\/wp\/v2\/pages\/45811\/revisions\/50044"}],"up":[{"embeddable":true,"href":"https:\/\/bien-etreiris.ch\/de\/wp-json\/wp\/v2\/pages\/44406"}],"wp:featuredmedia":[{"embeddable":true,"href":"https:\/\/bien-etreiris.ch\/de\/wp-json\/wp\/v2\/media\/45795"}],"wp:attachment":[{"href":"https:\/\/bien-etreiris.ch\/de\/wp-json\/wp\/v2\/media?parent=45811"}],"curies":[{"name":"wp","href":"https:\/\/api.w.org\/{rel}","templated":true}]}}