{"id":45801,"date":"2021-05-22T01:14:42","date_gmt":"2021-05-21T23:14:42","guid":{"rendered":"https:\/\/bien-etreiris.ch\/?page_id=45801"},"modified":"2023-11-18T09:47:26","modified_gmt":"2023-11-18T07:47:26","slug":"mandeldrink-bio","status":"publish","type":"page","link":"https:\/\/bien-etreiris.ch\/de\/produktpraesentation\/gesundes-leben\/gesunde-lebensmittel\/intoleranz\/lactosenfrei\/pflanzendrink\/mandeldrink-bio\/","title":{"rendered":"MANDELDRINK BIO"},"content":{"rendered":"\n<h2><strong>Bio<\/strong> Drink aus Mandeln bio<\/h2>\n<p><a href=\"https:\/\/decoiris.ch\/wp-content\/uploads\/2020\/10\/amande-1.png\"><img loading=\"lazy\" decoding=\"async\" class=\"size-medium wp-image-33017 alignleft\" src=\"https:\/\/decoiris.ch\/wp-content\/uploads\/2020\/10\/amande-1-146x300.png\" sizes=\"auto, (max-width: 146px) 100vw, 146px\" srcset=\"https:\/\/bien-etreiris.ch\/wp-content\/uploads\/2020\/10\/amande-1-146x300.png 146w, https:\/\/bien-etreiris.ch\/wp-content\/uploads\/2020\/10\/amande-1.png 281w\" alt=\"\" width=\"146\" height=\"300\"><\/a><\/p>\n<p>&nbsp;<\/p>\n<p>&nbsp;<\/p>\n<p>&nbsp;<\/p>\n<p>Boisson d\u00e9salt\u00e9rante naturellement sucr\u00e9e et sans cholest\u00e9rol, peut \u00eatre bue chaude ou froide. Parfaite au petit-d\u00e9jeuner avec des c\u00e9r\u00e9ales ou avec un caf\u00e9 ou un th\u00e9. Convient en cuisine pour la pr\u00e9paration de boissons, desserts et plats \u00e0 base v\u00e9g\u00e9tale.<\/p>\n<p>1 litre <strong>CHF 2.80<\/strong><\/p>\n<p>&nbsp;<\/p>\n<p>&nbsp;<\/p>\n<p>&nbsp;<\/p>\n<hr>\n<p>&nbsp;<\/p>\n<p><a href=\"https:\/\/bien-etreiris.ch\/de\/produktpraesentation\/gesundes-leben\/gesunde-lebensmittel\/intoleranz\/lactosenfrei\/pflanzenmilch\/lima\/amande-sans-sucre-2\/\" rel=\"attachment wp-att-46703\"><img loading=\"lazy\" decoding=\"async\" class=\"wp-image-46703 alignleft\" src=\"https:\/\/bien-etreiris.ch\/wp-content\/uploads\/2021\/05\/amande-sans-sucre.jpg\" alt=\"\" width=\"334\" height=\"563\" srcset=\"https:\/\/bien-etreiris.ch\/wp-content\/uploads\/2021\/05\/amande-sans-sucre.jpg 800w, https:\/\/bien-etreiris.ch\/wp-content\/uploads\/2021\/05\/amande-sans-sucre-178x300.jpg 178w, https:\/\/bien-etreiris.ch\/wp-content\/uploads\/2021\/05\/amande-sans-sucre-608x1024.jpg 608w, https:\/\/bien-etreiris.ch\/wp-content\/uploads\/2021\/05\/amande-sans-sucre-768x1293.jpg 768w\" sizes=\"auto, (max-width: 334px) 100vw, 334px\" \/><\/a><\/p>\n<h4>&nbsp;<\/h4>\n<h4>&nbsp;<\/h4>\n<p>&nbsp;<\/p>\n<p>&nbsp;<\/p>\n<h4>&nbsp;<\/h4>\n<h4>Ingr\u00e9dients<\/h4>\n<p>eau, AMANDES* 4%, \u00e9mulsifiant: l\u00e9cithines* (de tournesol*), sel marin. <br><small>*issu de l'agriculture biologique<\/small><\/p>\n<h4>Produit issu de l'agriculture biologique<\/h4>\n<p>100&nbsp;% des ingr\u00e9dients agricoles sont issus de l\u2019agriculture biologique.<\/p>\n<h4>Emballage<\/h4>\n<p>1000 ml <strong>CHF 3.00<\/strong><\/p>\n<h2>&nbsp;<\/h2>\n<h2>&nbsp;<\/h2>\n<h2>&nbsp;<\/h2>\n<h4>Description<\/h4>\n<p>L'Almond Drink sans sucres est une boisson savoureuse nature \u00e0 base d'amandes r\u00e9colt\u00e9es en Europe. L'utilisation de diff\u00e9rentes vari\u00e9t\u00e9s d'amandes cr\u00e9e son go\u00fbt unique. De plus, cette boisson est sans gluten et sans lactose et elle est pauvre en graisses satur\u00e9es. Elle contient aussi de la l\u00e9cithine de tournesol, qui garantit l'homog\u00e9n\u00e9it\u00e9 et la stabilit\u00e9. Cela permet au consommateur de profiter d'une qualit\u00e9 constante. En raison de son go\u00fbt savoureux et ses propri\u00e9t\u00e9s nutritives, cette boisson est appr\u00e9ci\u00e9e par les v\u00e9g\u00e9tariens et les v\u00e9g\u00e9taliens. L'Almond Drink sans sucres est une aide culinaire indispensable pour les pr\u00e9parations quotidiennes v\u00e9g\u00e9taliennes et pour ceux qui aiment le go\u00fbt des amandes l\u00e9g\u00e8rement grill\u00e9es.<\/p>\n<h4>Utilisation<\/h4>\n<p>La boisson d\u2019amandes sans sucres convient \u00e0 l\u2019alimentation quotidienne de toute la famille. Aussi bien pour enrichir le petit d\u00e9jeuner et autres boissons que r\u00e9aliser une d\u00e9licieuse cuisine v\u00e9g\u00e9tale aussi bien sucr\u00e9e que sal\u00e9e.<\/p>\n<p>&nbsp;<\/p>\n<p>&nbsp;<\/p>\n<hr>\n<p>&nbsp;<\/p>\n<p><a href=\"https:\/\/bien-etreiris.ch\/presentations-des-produits\/vie-saine\/aliments-sains\/intolerances\/sans-lactose\/lait-vegetaux\/isola-bio\/ecomil-poudre\/\" rel=\"attachment wp-att-79916\"><img loading=\"lazy\" decoding=\"async\" class=\"wp-image-79916 alignleft\" src=\"https:\/\/bien-etreiris.ch\/wp-content\/uploads\/2023\/11\/ecomil-poudre.jpg\" alt=\"\" width=\"338\" height=\"338\" srcset=\"https:\/\/bien-etreiris.ch\/wp-content\/uploads\/2023\/11\/ecomil-poudre.jpg 600w, https:\/\/bien-etreiris.ch\/wp-content\/uploads\/2023\/11\/ecomil-poudre-300x300.jpg 300w, https:\/\/bien-etreiris.ch\/wp-content\/uploads\/2023\/11\/ecomil-poudre-150x150.jpg 150w\" sizes=\"auto, (max-width: 338px) 100vw, 338px\" \/><\/a><\/p>\n\n\n<p>&nbsp;<\/p>\n<p>&nbsp;<\/p>\n<p>&nbsp;<\/p>\n<p>&nbsp;<\/p>\n<p>1 bo\u00eete \u00e0 400 g <strong>CHF 19.50<\/strong><\/p>\n<p>&nbsp;<\/p>\n<p>&nbsp;<\/p>\n<p>&nbsp;<\/p>\n<p>&nbsp;<\/p>\n<div id=\"o-ProductAdditionalInformation__teaser\" class=\"a-truncate-with-fade-out a-truncate-with-fade-out--expanded\" data-clientside-hook=\"scrollableTables\" data-scrollable-classname=\"o-ProductAdditionalInformation__scrollable\">\n<div>\n<h4><strong>Il est important d'avoir une alimentation vari\u00e9e et \u00e9quilibr\u00e9e et un mode de vie sain.<\/strong><\/h4>\n<p>Lait d\u2019amande bio sans sucres ajout\u00e9s* en poudre instantan\u00e9e,, boite 400 g.<\/p>\n<p>*La mention \u201csans sucres ajout\u00e9s\u201d signifie que le produit ne contient pas de mono ou disaccharides ajout\u00e9s ou toute autre denr\u00e9e alimentaire utilis\u00e9e pour ses propri\u00e9t\u00e9s \u00e9dulcorantes.<\/p>\n<p>Selon le r\u00e8glement CE 1924\/2006 sur l\u2019\u00e9tiquetage des produits alimentaires.<\/p>\n<p>&nbsp;<\/p>\n<h4><strong>Composition<\/strong><\/h4>\n<p>Amandes partiellement d\u00e9graiss\u00e9es instantan\u00e9es* (60%), maltodextrine de ma\u00efs*, prot\u00e9ine de pois*, ar\u00f4me naturel d\u2019amande*.<\/p>\n<p>*Ingr\u00e9dients issus de l\u2019agriculture biologique<\/p>\n<p>&nbsp;<\/p>\n<h4><strong>Valeurs nutritionnelles<\/strong><\/h4>\n<div class=\"u-scrollable\">\n<table class=\"o-ProductAdditionalInformation__scrollable\" style=\"width: 77.381%;\" width=\"100%\">\n<tbody>\n<tr>\n<td style=\"width: 38.6905%;\">&nbsp;<\/td>\n<td style=\"width: 36.7395%;\">\n<h4><strong>Pour 100 g<\/strong><\/h4>\n<\/td>\n<\/tr>\n<tr>\n<td style=\"width: 38.6905%;\">Energie<\/td>\n<td style=\"width: 36.7395%;\" align=\"center\">1,99 kJ\/477 kcal<\/td>\n<\/tr>\n<tr>\n<td style=\"width: 38.6905%;\">Graisses<\/td>\n<td style=\"width: 36.7395%;\" align=\"center\">20,5 g<\/td>\n<\/tr>\n<tr>\n<td style=\"width: 38.6905%;\">dont acides gras satur\u00e9s<\/td>\n<td style=\"width: 36.7395%;\" align=\"center\">1,9 g<\/td>\n<\/tr>\n<tr>\n<td style=\"width: 38.6905%;\">Glucides<\/td>\n<td style=\"width: 36.7395%;\" align=\"center\">58,6 g<\/td>\n<\/tr>\n<tr>\n<td style=\"width: 38.6905%;\">dont sucres<\/td>\n<td style=\"width: 36.7395%;\" align=\"center\">9,4 g<\/td>\n<\/tr>\n<tr>\n<td style=\"width: 38.6905%;\">Prot\u00e9ines<\/td>\n<td style=\"width: 36.7395%;\" align=\"center\">13,4 g<\/td>\n<\/tr>\n<tr>\n<td style=\"width: 38.6905%;\">Sel<\/td>\n<td style=\"width: 36.7395%;\" align=\"center\">0,3 g<\/td>\n<\/tr>\n<tr>\n<td style=\"width: 38.6905%;\">Calcium<\/td>\n<td style=\"width: 36.7395%;\" align=\"center\">125 mg<\/td>\n<\/tr>\n<tr>\n<td style=\"width: 38.6905%;\">Phosphore<\/td>\n<td style=\"width: 36.7395%;\" align=\"center\">250 mg<\/td>\n<\/tr>\n<\/tbody>\n<\/table>\n<\/div>\n<h4>&nbsp;<\/h4>\n<h4><strong><br>Conseil d'utilisation<\/strong><\/h4>\n<p>Dissoudre 2 - 3 cuiller\u00e9es de poudre dans un verre d'eau (environ 10 g de poudre pour 100 ml d'eau). Apr\u00e8s ouverture, bien refermer le couvercle et consommer le produit dans les 2 mois. A conserver dans un endroit frais et sec. Les laits d'amande bio EcoMil sans sucres ajout\u00e9s se consomment \u00e0 tout moment de la journ\u00e9e, froids ou chauds, dans le th\u00e9 ou le caf\u00e9; et peuvent \u00eatre aussi utilis\u00e9s dans la pr\u00e9paration de vos recettes: sauces, g\u00e2teaux, cr\u00eapes, flans.<\/p>\n<p><strong>Pr\u00e9cautions d'emploi<br><\/strong>Conserver au frais et au sec. Tenir hors de port\u00e9e des jeunes enfants.<\/p>\n<p><strong>Poids net<\/strong><br>400 g<\/p>\n<p><strong>Fabricant:<\/strong><br>NUTRIOPS, SL<br>Avda. Cabecicos Blancos<br>Parcela 18.2.B<br>30892 Librilla<br>Murcia (Spain)<\/p>\n<\/div>\n<\/div>","protected":false},"excerpt":{"rendered":"<p>Bio Drink aus Mandeln bio &nbsp; &nbsp; &nbsp; Boisson d\u00e9salt\u00e9rante naturellement sucr\u00e9e et sans cholest\u00e9rol, peut \u00eatre bue chaude ou froide. Parfaite au petit-d\u00e9jeuner avec des c\u00e9r\u00e9ales ou avec un caf\u00e9 ou un th\u00e9. Convient en cuisine pour la pr\u00e9paration de boissons, desserts et plats \u00e0 base v\u00e9g\u00e9tale. 1 litre CHF 2.80 &nbsp; &nbsp; &nbsp; &nbsp; &nbsp; &nbsp; &nbsp; &nbsp;&nbsp;<a href=\"https:\/\/bien-etreiris.ch\/de\/produktpraesentation\/gesundes-leben\/gesunde-lebensmittel\/intoleranz\/lactosenfrei\/pflanzendrink\/mandeldrink-bio\/\" class=\"read-more\">Weiter lesen<\/a><\/p>\n","protected":false},"author":1,"featured_media":79921,"parent":46823,"menu_order":5616,"comment_status":"closed","ping_status":"closed","template":"page-with-child.php","meta":{"_acf_changed":false,"ngg_post_thumbnail":0,"footnotes":""},"class_list":["post-45801","page","type-page","status-publish","has-post-thumbnail","hentry"],"acf":[],"yoast_head":"<!-- This site is optimized with the Yoast SEO plugin v27.4 - https:\/\/yoast.com\/product\/yoast-seo-wordpress\/ -->\n<title>MANDELDRINK BIO - WOHLBEFINDEN<\/title>\n<meta name=\"robots\" content=\"index, follow, max-snippet:-1, max-image-preview:large, max-video-preview:-1\" \/>\n<link rel=\"canonical\" href=\"https:\/\/bien-etreiris.ch\/de\/produktpraesentation\/gesundes-leben\/gesunde-lebensmittel\/intoleranz\/lactosenfrei\/pflanzendrink\/mandeldrink-bio\/\" \/>\n<meta property=\"og:locale\" content=\"de_DE\" \/>\n<meta property=\"og:type\" content=\"article\" \/>\n<meta property=\"og:title\" content=\"MANDELDRINK BIO - WOHLBEFINDEN\" \/>\n<meta property=\"og:description\" content=\"Bio Drink aus Mandeln bio &nbsp; &nbsp; &nbsp; Boisson d\u00e9salt\u00e9rante naturellement sucr\u00e9e et sans cholest\u00e9rol, peut \u00eatre bue chaude ou froide. Parfaite au petit-d\u00e9jeuner avec des c\u00e9r\u00e9ales ou avec un caf\u00e9 ou un th\u00e9. Convient en cuisine pour la pr\u00e9paration de boissons, desserts et plats \u00e0 base v\u00e9g\u00e9tale. 1 litre CHF 2.80 &nbsp; &nbsp; &nbsp; &nbsp; &nbsp; &nbsp; &nbsp; &nbsp;&nbsp;Weiter lesen\" \/>\n<meta property=\"og:url\" content=\"https:\/\/bien-etreiris.ch\/de\/produktpraesentation\/gesundes-leben\/gesunde-lebensmittel\/intoleranz\/lactosenfrei\/pflanzendrink\/mandeldrink-bio\/\" \/>\n<meta property=\"og:site_name\" content=\"WOHLBEFINDEN\" \/>\n<meta property=\"article:publisher\" content=\"https:\/\/www.facebook.com\/bienetreiris\/\" \/>\n<meta property=\"article:modified_time\" content=\"2023-11-18T07:47:26+00:00\" \/>\n<meta property=\"og:image\" content=\"https:\/\/bien-etreiris.ch\/wp-content\/uploads\/2023\/11\/acceuil-amande.jpg\" \/>\n\t<meta property=\"og:image:width\" content=\"500\" \/>\n\t<meta property=\"og:image:height\" content=\"333\" \/>\n\t<meta property=\"og:image:type\" content=\"image\/jpeg\" \/>\n<meta name=\"twitter:label1\" content=\"Gesch\u00e4tzte Lesezeit\" \/>\n\t<meta name=\"twitter:data1\" content=\"4\u00a0Minuten\" \/>\n<script type=\"application\/ld+json\" class=\"yoast-schema-graph\">{\"@context\":\"https:\\\/\\\/schema.org\",\"@graph\":[{\"@type\":\"WebPage\",\"@id\":\"https:\\\/\\\/bien-etreiris.ch\\\/de\\\/produktpraesentation\\\/gesundes-leben\\\/gesunde-lebensmittel\\\/intoleranz\\\/lactosenfrei\\\/pflanzendrink\\\/mandeldrink-bio\\\/\",\"url\":\"https:\\\/\\\/bien-etreiris.ch\\\/de\\\/produktpraesentation\\\/gesundes-leben\\\/gesunde-lebensmittel\\\/intoleranz\\\/lactosenfrei\\\/pflanzendrink\\\/mandeldrink-bio\\\/\",\"name\":\"MANDELDRINK BIO - WOHLBEFINDEN\",\"isPartOf\":{\"@id\":\"https:\\\/\\\/bien-etreiris.ch\\\/de\\\/#website\"},\"primaryImageOfPage\":{\"@id\":\"https:\\\/\\\/bien-etreiris.ch\\\/de\\\/produktpraesentation\\\/gesundes-leben\\\/gesunde-lebensmittel\\\/intoleranz\\\/lactosenfrei\\\/pflanzendrink\\\/mandeldrink-bio\\\/#primaryimage\"},\"image\":{\"@id\":\"https:\\\/\\\/bien-etreiris.ch\\\/de\\\/produktpraesentation\\\/gesundes-leben\\\/gesunde-lebensmittel\\\/intoleranz\\\/lactosenfrei\\\/pflanzendrink\\\/mandeldrink-bio\\\/#primaryimage\"},\"thumbnailUrl\":\"https:\\\/\\\/bien-etreiris.ch\\\/wp-content\\\/uploads\\\/2023\\\/11\\\/acceuil-amande.jpg\",\"datePublished\":\"2021-05-21T23:14:42+00:00\",\"dateModified\":\"2023-11-18T07:47:26+00:00\",\"breadcrumb\":{\"@id\":\"https:\\\/\\\/bien-etreiris.ch\\\/de\\\/produktpraesentation\\\/gesundes-leben\\\/gesunde-lebensmittel\\\/intoleranz\\\/lactosenfrei\\\/pflanzendrink\\\/mandeldrink-bio\\\/#breadcrumb\"},\"inLanguage\":\"de\",\"potentialAction\":[{\"@type\":\"ReadAction\",\"target\":[\"https:\\\/\\\/bien-etreiris.ch\\\/de\\\/produktpraesentation\\\/gesundes-leben\\\/gesunde-lebensmittel\\\/intoleranz\\\/lactosenfrei\\\/pflanzendrink\\\/mandeldrink-bio\\\/\"]}]},{\"@type\":\"ImageObject\",\"inLanguage\":\"de\",\"@id\":\"https:\\\/\\\/bien-etreiris.ch\\\/de\\\/produktpraesentation\\\/gesundes-leben\\\/gesunde-lebensmittel\\\/intoleranz\\\/lactosenfrei\\\/pflanzendrink\\\/mandeldrink-bio\\\/#primaryimage\",\"url\":\"https:\\\/\\\/bien-etreiris.ch\\\/wp-content\\\/uploads\\\/2023\\\/11\\\/acceuil-amande.jpg\",\"contentUrl\":\"https:\\\/\\\/bien-etreiris.ch\\\/wp-content\\\/uploads\\\/2023\\\/11\\\/acceuil-amande.jpg\",\"width\":500,\"height\":333},{\"@type\":\"BreadcrumbList\",\"@id\":\"https:\\\/\\\/bien-etreiris.ch\\\/de\\\/produktpraesentation\\\/gesundes-leben\\\/gesunde-lebensmittel\\\/intoleranz\\\/lactosenfrei\\\/pflanzendrink\\\/mandeldrink-bio\\\/#breadcrumb\",\"itemListElement\":[{\"@type\":\"ListItem\",\"position\":1,\"name\":\"Home\",\"item\":\"https:\\\/\\\/bien-etreiris.ch\\\/de\\\/\"},{\"@type\":\"ListItem\",\"position\":2,\"name\":\"PRODUKTPR\u00c4SENTATION\",\"item\":\"https:\\\/\\\/bien-etreiris.ch\\\/de\\\/produktpraesentation\\\/\"},{\"@type\":\"ListItem\",\"position\":3,\"name\":\"GESUNDES LEBEN\",\"item\":\"https:\\\/\\\/bien-etreiris.ch\\\/de\\\/produktpraesentation\\\/gesundes-leben\\\/\"},{\"@type\":\"ListItem\",\"position\":4,\"name\":\"GESUNDE LEBENSMITTEL\",\"item\":\"https:\\\/\\\/bien-etreiris.ch\\\/de\\\/produktpraesentation\\\/gesundes-leben\\\/gesunde-lebensmittel\\\/\"},{\"@type\":\"ListItem\",\"position\":5,\"name\":\"INTOLERANZ\",\"item\":\"https:\\\/\\\/bien-etreiris.ch\\\/de\\\/produktpraesentation\\\/gesundes-leben\\\/gesunde-lebensmittel\\\/intoleranz\\\/\"},{\"@type\":\"ListItem\",\"position\":6,\"name\":\"LACTOSENFREI\",\"item\":\"https:\\\/\\\/bien-etreiris.ch\\\/de\\\/produktpraesentation\\\/gesundes-leben\\\/gesunde-lebensmittel\\\/intoleranz\\\/lactosenfrei\\\/\"},{\"@type\":\"ListItem\",\"position\":7,\"name\":\"PFLANZENDRINK\",\"item\":\"https:\\\/\\\/bien-etreiris.ch\\\/de\\\/produktpraesentation\\\/gesundes-leben\\\/gesunde-lebensmittel\\\/intoleranz\\\/lactosenfrei\\\/pflanzendrink\\\/\"},{\"@type\":\"ListItem\",\"position\":8,\"name\":\"MANDELDRINK BIO\"}]},{\"@type\":\"WebSite\",\"@id\":\"https:\\\/\\\/bien-etreiris.ch\\\/de\\\/#website\",\"url\":\"https:\\\/\\\/bien-etreiris.ch\\\/de\\\/\",\"name\":\"Bien-\u00eatre Iris\",\"description\":\"IHRE Gesundheit ist uns wichtig\",\"potentialAction\":[{\"@type\":\"SearchAction\",\"target\":{\"@type\":\"EntryPoint\",\"urlTemplate\":\"https:\\\/\\\/bien-etreiris.ch\\\/de\\\/?s={search_term_string}\"},\"query-input\":{\"@type\":\"PropertyValueSpecification\",\"valueRequired\":true,\"valueName\":\"search_term_string\"}}],\"inLanguage\":\"de\"}]}<\/script>\n<!-- \/ Yoast SEO plugin. -->","yoast_head_json":{"title":"MANDELDRINK BIO - WOHLBEFINDEN","robots":{"index":"index","follow":"follow","max-snippet":"max-snippet:-1","max-image-preview":"max-image-preview:large","max-video-preview":"max-video-preview:-1"},"canonical":"https:\/\/bien-etreiris.ch\/de\/produktpraesentation\/gesundes-leben\/gesunde-lebensmittel\/intoleranz\/lactosenfrei\/pflanzendrink\/mandeldrink-bio\/","og_locale":"de_DE","og_type":"article","og_title":"MANDELDRINK BIO - WOHLBEFINDEN","og_description":"Bio Drink aus Mandeln bio &nbsp; &nbsp; &nbsp; Boisson d\u00e9salt\u00e9rante naturellement sucr\u00e9e et sans cholest\u00e9rol, peut \u00eatre bue chaude ou froide. Parfaite au petit-d\u00e9jeuner avec des c\u00e9r\u00e9ales ou avec un caf\u00e9 ou un th\u00e9. Convient en cuisine pour la pr\u00e9paration de boissons, desserts et plats \u00e0 base v\u00e9g\u00e9tale. 1 litre CHF 2.80 &nbsp; &nbsp; &nbsp; &nbsp; &nbsp; &nbsp; &nbsp; &nbsp;&nbsp;Weiter lesen","og_url":"https:\/\/bien-etreiris.ch\/de\/produktpraesentation\/gesundes-leben\/gesunde-lebensmittel\/intoleranz\/lactosenfrei\/pflanzendrink\/mandeldrink-bio\/","og_site_name":"WOHLBEFINDEN","article_publisher":"https:\/\/www.facebook.com\/bienetreiris\/","article_modified_time":"2023-11-18T07:47:26+00:00","og_image":[{"width":500,"height":333,"url":"https:\/\/bien-etreiris.ch\/wp-content\/uploads\/2023\/11\/acceuil-amande.jpg","type":"image\/jpeg"}],"twitter_misc":{"Gesch\u00e4tzte Lesezeit":"4\u00a0Minuten"},"schema":{"@context":"https:\/\/schema.org","@graph":[{"@type":"WebPage","@id":"https:\/\/bien-etreiris.ch\/de\/produktpraesentation\/gesundes-leben\/gesunde-lebensmittel\/intoleranz\/lactosenfrei\/pflanzendrink\/mandeldrink-bio\/","url":"https:\/\/bien-etreiris.ch\/de\/produktpraesentation\/gesundes-leben\/gesunde-lebensmittel\/intoleranz\/lactosenfrei\/pflanzendrink\/mandeldrink-bio\/","name":"MANDELDRINK BIO - WOHLBEFINDEN","isPartOf":{"@id":"https:\/\/bien-etreiris.ch\/de\/#website"},"primaryImageOfPage":{"@id":"https:\/\/bien-etreiris.ch\/de\/produktpraesentation\/gesundes-leben\/gesunde-lebensmittel\/intoleranz\/lactosenfrei\/pflanzendrink\/mandeldrink-bio\/#primaryimage"},"image":{"@id":"https:\/\/bien-etreiris.ch\/de\/produktpraesentation\/gesundes-leben\/gesunde-lebensmittel\/intoleranz\/lactosenfrei\/pflanzendrink\/mandeldrink-bio\/#primaryimage"},"thumbnailUrl":"https:\/\/bien-etreiris.ch\/wp-content\/uploads\/2023\/11\/acceuil-amande.jpg","datePublished":"2021-05-21T23:14:42+00:00","dateModified":"2023-11-18T07:47:26+00:00","breadcrumb":{"@id":"https:\/\/bien-etreiris.ch\/de\/produktpraesentation\/gesundes-leben\/gesunde-lebensmittel\/intoleranz\/lactosenfrei\/pflanzendrink\/mandeldrink-bio\/#breadcrumb"},"inLanguage":"de","potentialAction":[{"@type":"ReadAction","target":["https:\/\/bien-etreiris.ch\/de\/produktpraesentation\/gesundes-leben\/gesunde-lebensmittel\/intoleranz\/lactosenfrei\/pflanzendrink\/mandeldrink-bio\/"]}]},{"@type":"ImageObject","inLanguage":"de","@id":"https:\/\/bien-etreiris.ch\/de\/produktpraesentation\/gesundes-leben\/gesunde-lebensmittel\/intoleranz\/lactosenfrei\/pflanzendrink\/mandeldrink-bio\/#primaryimage","url":"https:\/\/bien-etreiris.ch\/wp-content\/uploads\/2023\/11\/acceuil-amande.jpg","contentUrl":"https:\/\/bien-etreiris.ch\/wp-content\/uploads\/2023\/11\/acceuil-amande.jpg","width":500,"height":333},{"@type":"BreadcrumbList","@id":"https:\/\/bien-etreiris.ch\/de\/produktpraesentation\/gesundes-leben\/gesunde-lebensmittel\/intoleranz\/lactosenfrei\/pflanzendrink\/mandeldrink-bio\/#breadcrumb","itemListElement":[{"@type":"ListItem","position":1,"name":"Home","item":"https:\/\/bien-etreiris.ch\/de\/"},{"@type":"ListItem","position":2,"name":"PRODUKTPR\u00c4SENTATION","item":"https:\/\/bien-etreiris.ch\/de\/produktpraesentation\/"},{"@type":"ListItem","position":3,"name":"GESUNDES LEBEN","item":"https:\/\/bien-etreiris.ch\/de\/produktpraesentation\/gesundes-leben\/"},{"@type":"ListItem","position":4,"name":"GESUNDE LEBENSMITTEL","item":"https:\/\/bien-etreiris.ch\/de\/produktpraesentation\/gesundes-leben\/gesunde-lebensmittel\/"},{"@type":"ListItem","position":5,"name":"INTOLERANZ","item":"https:\/\/bien-etreiris.ch\/de\/produktpraesentation\/gesundes-leben\/gesunde-lebensmittel\/intoleranz\/"},{"@type":"ListItem","position":6,"name":"LACTOSENFREI","item":"https:\/\/bien-etreiris.ch\/de\/produktpraesentation\/gesundes-leben\/gesunde-lebensmittel\/intoleranz\/lactosenfrei\/"},{"@type":"ListItem","position":7,"name":"PFLANZENDRINK","item":"https:\/\/bien-etreiris.ch\/de\/produktpraesentation\/gesundes-leben\/gesunde-lebensmittel\/intoleranz\/lactosenfrei\/pflanzendrink\/"},{"@type":"ListItem","position":8,"name":"MANDELDRINK BIO"}]},{"@type":"WebSite","@id":"https:\/\/bien-etreiris.ch\/de\/#website","url":"https:\/\/bien-etreiris.ch\/de\/","name":"Bien-\u00eatre Iris","description":"IHRE Gesundheit ist uns wichtig","potentialAction":[{"@type":"SearchAction","target":{"@type":"EntryPoint","urlTemplate":"https:\/\/bien-etreiris.ch\/de\/?s={search_term_string}"},"query-input":{"@type":"PropertyValueSpecification","valueRequired":true,"valueName":"search_term_string"}}],"inLanguage":"de"}]}},"_links":{"self":[{"href":"https:\/\/bien-etreiris.ch\/de\/wp-json\/wp\/v2\/pages\/45801","targetHints":{"allow":["GET"]}}],"collection":[{"href":"https:\/\/bien-etreiris.ch\/de\/wp-json\/wp\/v2\/pages"}],"about":[{"href":"https:\/\/bien-etreiris.ch\/de\/wp-json\/wp\/v2\/types\/page"}],"author":[{"embeddable":true,"href":"https:\/\/bien-etreiris.ch\/de\/wp-json\/wp\/v2\/users\/1"}],"replies":[{"embeddable":true,"href":"https:\/\/bien-etreiris.ch\/de\/wp-json\/wp\/v2\/comments?post=45801"}],"version-history":[{"count":8,"href":"https:\/\/bien-etreiris.ch\/de\/wp-json\/wp\/v2\/pages\/45801\/revisions"}],"predecessor-version":[{"id":79957,"href":"https:\/\/bien-etreiris.ch\/de\/wp-json\/wp\/v2\/pages\/45801\/revisions\/79957"}],"up":[{"embeddable":true,"href":"https:\/\/bien-etreiris.ch\/de\/wp-json\/wp\/v2\/pages\/46823"}],"wp:featuredmedia":[{"embeddable":true,"href":"https:\/\/bien-etreiris.ch\/de\/wp-json\/wp\/v2\/media\/79921"}],"wp:attachment":[{"href":"https:\/\/bien-etreiris.ch\/de\/wp-json\/wp\/v2\/media?parent=45801"}],"curies":[{"name":"wp","href":"https:\/\/api.w.org\/{rel}","templated":true}]}}