{"id":45690,"date":"2021-05-21T18:24:37","date_gmt":"2021-05-21T16:24:37","guid":{"rendered":"https:\/\/bien-etreiris.ch\/?page_id=45690"},"modified":"2021-05-29T13:53:32","modified_gmt":"2021-05-29T11:53:32","slug":"zahnpasta-pulver-eliah-sahil","status":"publish","type":"page","link":"https:\/\/bien-etreiris.ch\/de\/produktpraesentation\/hygiene\/koerperpflege\/mundhygiene\/zahnpasta-pulver\/zahnpasta-pulver-eliah-sahil\/","title":{"rendered":"ELIAH SAHIL"},"content":{"rendered":"\n<div class=\"product-page-title\">\n<h4 class=\"product-page-heading\">Bio-Zahnpasta Nelke &amp; Ginseng<\/h4>\n<h4 class=\"product-page-heading\"><br>Ideal f\u00fcr ein strahlendes L\u00e4cheln<\/h4>\n<\/div>\n<div><a href=\"https:\/\/bien-etreiris.ch\/wp-content\/uploads\/2021\/05\/Dentifrice-en-Poudre-Bio-Girofle-Ginseng.png\"><img loading=\"lazy\" decoding=\"async\" class=\"size-medium wp-image-45697 alignleft\" src=\"https:\/\/bien-etreiris.ch\/wp-content\/uploads\/2021\/05\/Dentifrice-en-Poudre-Bio-Girofle-Ginseng-218x300.png\" alt=\"\" width=\"218\" height=\"300\" srcset=\"https:\/\/bien-etreiris.ch\/wp-content\/uploads\/2021\/05\/Dentifrice-en-Poudre-Bio-Girofle-Ginseng-218x300.png 218w, https:\/\/bien-etreiris.ch\/wp-content\/uploads\/2021\/05\/Dentifrice-en-Poudre-Bio-Girofle-Ginseng.png 291w\" sizes=\"auto, (max-width: 218px) 100vw, 218px\" \/><\/a><\/div>\n<div>&nbsp;<\/div>\n<div>&nbsp;<\/div>\n<div>&nbsp;<\/div>\n<ul style=\"list-style-type: disc;\">\n<li>F\u00fcr eine gesunde Mundflora<\/li>\n<li>Beruhigt das Zahnfleisch<\/li>\n<li>Vegan, plastikfrei und fluoridfrei<\/li>\n<\/ul>\n<p>60 g <strong>CHF 11.50<\/strong><\/p>\n<p>&nbsp;<\/p>\n<p>&nbsp;<\/p>\n<p><a href=\"https:\/\/bien-etreiris.ch\/wp-content\/uploads\/2021\/05\/Dentifrice-en-Poudre-Bio-Girofle-Ginseng-R.jpg\"><img loading=\"lazy\" decoding=\"async\" class=\"size-medium wp-image-45701 alignleft\" src=\"https:\/\/bien-etreiris.ch\/wp-content\/uploads\/2021\/05\/Dentifrice-en-Poudre-Bio-Girofle-Ginseng-R-180x300.jpg\" alt=\"\" width=\"180\" height=\"300\" srcset=\"https:\/\/bien-etreiris.ch\/wp-content\/uploads\/2021\/05\/Dentifrice-en-Poudre-Bio-Girofle-Ginseng-R-180x300.jpg 180w, https:\/\/bien-etreiris.ch\/wp-content\/uploads\/2021\/05\/Dentifrice-en-Poudre-Bio-Girofle-Ginseng-R-615x1024.jpg 615w, https:\/\/bien-etreiris.ch\/wp-content\/uploads\/2021\/05\/Dentifrice-en-Poudre-Bio-Girofle-Ginseng-R.jpg 738w\" sizes=\"auto, (max-width: 180px) 100vw, 180px\" \/> <\/a><\/p>\n<p>&nbsp;<\/p>\n<p>&nbsp;<\/p>\n<p>&nbsp;<\/p>\n<p>&nbsp;<\/p>\n<p>&nbsp;<\/p>\n<p>Nachf\u00fcllung CHF<\/p>\n<div id=\"productDescription\" class=\"js-desc productDescription\">\n<div id=\"t1\" class=\"product-descr-section product-descr-section--description clearfix opened\">\n<section>\n<h3>&nbsp;<\/h3>\n<h3>&nbsp;<\/h3>\n<h4>&nbsp;<\/h4>\n<p>Beschreibung<\/p>\n<p>Dieses Pulver reinigt die Z\u00e4hne sanft und nat\u00fcrlich mit der reinen Kraft der Wurzeln. Ginseng, Seifenkraut, Ashwagandha, Nelke und Anis entfernen Schmutz, beruhigen das Zahnfleisch und erhalten eine gesunde Mundflora. Dar\u00fcber hinaus wird durch den Kauf dieses Pulvers das Bienenschutzprojekt \"Bl\u00fchende Wiesen\" unterst\u00fctzt. Plastikfreies und umweltfreundliches Z\u00e4hneputzen f\u00fcr die ganze Familie.<\/p>\n<p>Anwendung: Sch\u00fctten Sie das Pulver auf eine feuchte Zahnb\u00fcrste oder direkt in den Mund und putzen Sie Ihre Z\u00e4hne wie gewohnt 2 bis 3 Minuten lang. Anschlie\u00dfend gr\u00fcndlich aussp\u00fclen.<\/p>\n<p>Tipp:<\/p>\n<p>Das Zahnpulver kann auch in Kombination mit einem nat\u00fcrlichen \u00d6l verwendet werden.<br>Auch f\u00fcr Kinder geeignet.<\/p>\n<h4><br>Inhaltsstoffe<\/h4>\n<ul style=\"list-style-type: disc;\">\n<li>Xylitol *<\/li>\n<li>Saponaria officinalis Wurzelpulver<\/li>\n<li>Chamomilla Recutita Bl\u00fcte Pulver *<\/li>\n<li>Pimpinella anisum Samenpulver *<\/li>\n<li>Panax Ginseng-Wurzel-Pulver *<\/li>\n<li>Betula Pendula (Wei\u00dfbirke) *<\/li>\n<li>Withania somnifera (Ashwagandha) Wurzelpulver<\/li>\n<li>Aloe Barbadensis Leaf Juice *<\/li>\n<li>Zingiber officinale Wurzelpulver *<\/li>\n<li>eugenia caryophyllus Bl\u00fctenknospenpulver *<\/li>\n<li>Solum Fullonum<\/li>\n<li>Cyamopsis Tetragonoloba (Guarkernmehl)<\/li>\n<li>Xanthangummi<\/li>\n<li>Croton Lechleri Harz Extrac *<\/li>\n<\/ul>\n<\/section>\n<\/div>\n<\/div>\n\n\n\n<p>* aus kontrolliert biologischem Anbau<\/p>\n<p>der Rest nat\u00fcrlichen Ursprungs<\/p>\n","protected":false},"excerpt":{"rendered":"<p>Bio-Zahnpasta Nelke &amp; Ginseng Ideal f\u00fcr ein strahlendes L\u00e4cheln &nbsp; &nbsp; &nbsp; F\u00fcr eine gesunde Mundflora Beruhigt das Zahnfleisch Vegan, plastikfrei und fluoridfrei 60 g CHF 11.50 &nbsp; &nbsp; &nbsp; &nbsp; &nbsp; &nbsp; &nbsp; Nachf\u00fcllung CHF &nbsp; &nbsp; &nbsp; Beschreibung Dieses Pulver reinigt die Z\u00e4hne sanft und nat\u00fcrlich mit der reinen Kraft der Wurzeln. Ginseng, Seifenkraut, Ashwagandha, Nelke und Anis&nbsp;<a href=\"https:\/\/bien-etreiris.ch\/de\/produktpraesentation\/hygiene\/koerperpflege\/mundhygiene\/zahnpasta-pulver\/zahnpasta-pulver-eliah-sahil\/\" class=\"read-more\">Weiter lesen<\/a><\/p>\n","protected":false},"author":1,"featured_media":45693,"parent":44456,"menu_order":5640,"comment_status":"closed","ping_status":"closed","template":"page-with-child.php","meta":{"_acf_changed":false,"ngg_post_thumbnail":0,"footnotes":""},"class_list":["post-45690","page","type-page","status-publish","has-post-thumbnail","hentry"],"acf":[],"yoast_head":"<!-- This site is optimized with the Yoast SEO plugin v27.5 - https:\/\/yoast.com\/product\/yoast-seo-wordpress\/ -->\n<title>ELIAH SAHIL - WOHLBEFINDEN<\/title>\n<meta name=\"robots\" content=\"index, follow, max-snippet:-1, max-image-preview:large, max-video-preview:-1\" \/>\n<link rel=\"canonical\" href=\"https:\/\/bien-etreiris.ch\/de\/produktpraesentation\/hygiene\/koerperpflege\/mundhygiene\/zahnpasta-pulver\/zahnpasta-pulver-eliah-sahil\/\" \/>\n<meta property=\"og:locale\" content=\"de_DE\" \/>\n<meta property=\"og:type\" content=\"article\" \/>\n<meta property=\"og:title\" content=\"ELIAH SAHIL - WOHLBEFINDEN\" \/>\n<meta property=\"og:description\" content=\"Bio-Zahnpasta Nelke &amp; Ginseng Ideal f\u00fcr ein strahlendes L\u00e4cheln &nbsp; &nbsp; &nbsp; F\u00fcr eine gesunde Mundflora Beruhigt das Zahnfleisch Vegan, plastikfrei und fluoridfrei 60 g CHF 11.50 &nbsp; &nbsp; &nbsp; &nbsp; &nbsp; &nbsp; &nbsp; Nachf\u00fcllung CHF &nbsp; &nbsp; &nbsp; Beschreibung Dieses Pulver reinigt die Z\u00e4hne sanft und nat\u00fcrlich mit der reinen Kraft der Wurzeln. Ginseng, Seifenkraut, Ashwagandha, Nelke und Anis&nbsp;Weiter lesen\" \/>\n<meta property=\"og:url\" content=\"https:\/\/bien-etreiris.ch\/de\/produktpraesentation\/hygiene\/koerperpflege\/mundhygiene\/zahnpasta-pulver\/zahnpasta-pulver-eliah-sahil\/\" \/>\n<meta property=\"og:site_name\" content=\"WOHLBEFINDEN\" \/>\n<meta property=\"article:publisher\" content=\"https:\/\/www.facebook.com\/bienetreiris\/\" \/>\n<meta property=\"article:modified_time\" content=\"2021-05-29T11:53:32+00:00\" \/>\n<meta property=\"og:image\" content=\"https:\/\/bien-etreiris.ch\/wp-content\/uploads\/2021\/05\/acceuil-Eliah-Sahil.jpg\" \/>\n\t<meta property=\"og:image:width\" content=\"500\" \/>\n\t<meta property=\"og:image:height\" content=\"333\" \/>\n\t<meta property=\"og:image:type\" content=\"image\/jpeg\" \/>\n<meta name=\"twitter:label1\" content=\"Gesch\u00e4tzte Lesezeit\" \/>\n\t<meta name=\"twitter:data1\" content=\"2\u00a0Minuten\" \/>\n<script type=\"application\/ld+json\" class=\"yoast-schema-graph\">{\"@context\":\"https:\\\/\\\/schema.org\",\"@graph\":[{\"@type\":\"WebPage\",\"@id\":\"https:\\\/\\\/bien-etreiris.ch\\\/de\\\/produktpraesentation\\\/hygiene\\\/koerperpflege\\\/mundhygiene\\\/zahnpasta-pulver\\\/zahnpasta-pulver-eliah-sahil\\\/\",\"url\":\"https:\\\/\\\/bien-etreiris.ch\\\/de\\\/produktpraesentation\\\/hygiene\\\/koerperpflege\\\/mundhygiene\\\/zahnpasta-pulver\\\/zahnpasta-pulver-eliah-sahil\\\/\",\"name\":\"ELIAH SAHIL - WOHLBEFINDEN\",\"isPartOf\":{\"@id\":\"https:\\\/\\\/bien-etreiris.ch\\\/de\\\/#website\"},\"primaryImageOfPage\":{\"@id\":\"https:\\\/\\\/bien-etreiris.ch\\\/de\\\/produktpraesentation\\\/hygiene\\\/koerperpflege\\\/mundhygiene\\\/zahnpasta-pulver\\\/zahnpasta-pulver-eliah-sahil\\\/#primaryimage\"},\"image\":{\"@id\":\"https:\\\/\\\/bien-etreiris.ch\\\/de\\\/produktpraesentation\\\/hygiene\\\/koerperpflege\\\/mundhygiene\\\/zahnpasta-pulver\\\/zahnpasta-pulver-eliah-sahil\\\/#primaryimage\"},\"thumbnailUrl\":\"https:\\\/\\\/bien-etreiris.ch\\\/wp-content\\\/uploads\\\/2021\\\/05\\\/acceuil-Eliah-Sahil.jpg\",\"datePublished\":\"2021-05-21T16:24:37+00:00\",\"dateModified\":\"2021-05-29T11:53:32+00:00\",\"breadcrumb\":{\"@id\":\"https:\\\/\\\/bien-etreiris.ch\\\/de\\\/produktpraesentation\\\/hygiene\\\/koerperpflege\\\/mundhygiene\\\/zahnpasta-pulver\\\/zahnpasta-pulver-eliah-sahil\\\/#breadcrumb\"},\"inLanguage\":\"de\",\"potentialAction\":[{\"@type\":\"ReadAction\",\"target\":[\"https:\\\/\\\/bien-etreiris.ch\\\/de\\\/produktpraesentation\\\/hygiene\\\/koerperpflege\\\/mundhygiene\\\/zahnpasta-pulver\\\/zahnpasta-pulver-eliah-sahil\\\/\"]}]},{\"@type\":\"ImageObject\",\"inLanguage\":\"de\",\"@id\":\"https:\\\/\\\/bien-etreiris.ch\\\/de\\\/produktpraesentation\\\/hygiene\\\/koerperpflege\\\/mundhygiene\\\/zahnpasta-pulver\\\/zahnpasta-pulver-eliah-sahil\\\/#primaryimage\",\"url\":\"https:\\\/\\\/bien-etreiris.ch\\\/wp-content\\\/uploads\\\/2021\\\/05\\\/acceuil-Eliah-Sahil.jpg\",\"contentUrl\":\"https:\\\/\\\/bien-etreiris.ch\\\/wp-content\\\/uploads\\\/2021\\\/05\\\/acceuil-Eliah-Sahil.jpg\",\"width\":500,\"height\":333},{\"@type\":\"BreadcrumbList\",\"@id\":\"https:\\\/\\\/bien-etreiris.ch\\\/de\\\/produktpraesentation\\\/hygiene\\\/koerperpflege\\\/mundhygiene\\\/zahnpasta-pulver\\\/zahnpasta-pulver-eliah-sahil\\\/#breadcrumb\",\"itemListElement\":[{\"@type\":\"ListItem\",\"position\":1,\"name\":\"Home\",\"item\":\"https:\\\/\\\/bien-etreiris.ch\\\/de\\\/\"},{\"@type\":\"ListItem\",\"position\":2,\"name\":\"PRODUKTPR\u00c4SENTATION\",\"item\":\"https:\\\/\\\/bien-etreiris.ch\\\/de\\\/produktpraesentation\\\/\"},{\"@type\":\"ListItem\",\"position\":3,\"name\":\"HYGIENE\",\"item\":\"https:\\\/\\\/bien-etreiris.ch\\\/de\\\/produktpraesentation\\\/hygiene\\\/\"},{\"@type\":\"ListItem\",\"position\":4,\"name\":\"K\u00d6RPERPFLEGE\",\"item\":\"https:\\\/\\\/bien-etreiris.ch\\\/de\\\/produktpraesentation\\\/hygiene\\\/koerperpflege\\\/\"},{\"@type\":\"ListItem\",\"position\":5,\"name\":\"MUNDHYGIENE\",\"item\":\"https:\\\/\\\/bien-etreiris.ch\\\/de\\\/produktpraesentation\\\/hygiene\\\/koerperpflege\\\/mundhygiene\\\/\"},{\"@type\":\"ListItem\",\"position\":6,\"name\":\"ZAHNPASTA-PULVER\",\"item\":\"https:\\\/\\\/bien-etreiris.ch\\\/de\\\/produktpraesentation\\\/hygiene\\\/koerperpflege\\\/mundhygiene\\\/zahnpasta-pulver\\\/\"},{\"@type\":\"ListItem\",\"position\":7,\"name\":\"ELIAH SAHIL\"}]},{\"@type\":\"WebSite\",\"@id\":\"https:\\\/\\\/bien-etreiris.ch\\\/de\\\/#website\",\"url\":\"https:\\\/\\\/bien-etreiris.ch\\\/de\\\/\",\"name\":\"Bien-\u00eatre Iris\",\"description\":\"IHRE Gesundheit ist uns wichtig\",\"potentialAction\":[{\"@type\":\"SearchAction\",\"target\":{\"@type\":\"EntryPoint\",\"urlTemplate\":\"https:\\\/\\\/bien-etreiris.ch\\\/de\\\/?s={search_term_string}\"},\"query-input\":{\"@type\":\"PropertyValueSpecification\",\"valueRequired\":true,\"valueName\":\"search_term_string\"}}],\"inLanguage\":\"de\"}]}<\/script>\n<!-- \/ Yoast SEO plugin. -->","yoast_head_json":{"title":"ELIAH SAHIL - WOHLBEFINDEN","robots":{"index":"index","follow":"follow","max-snippet":"max-snippet:-1","max-image-preview":"max-image-preview:large","max-video-preview":"max-video-preview:-1"},"canonical":"https:\/\/bien-etreiris.ch\/de\/produktpraesentation\/hygiene\/koerperpflege\/mundhygiene\/zahnpasta-pulver\/zahnpasta-pulver-eliah-sahil\/","og_locale":"de_DE","og_type":"article","og_title":"ELIAH SAHIL - WOHLBEFINDEN","og_description":"Bio-Zahnpasta Nelke &amp; Ginseng Ideal f\u00fcr ein strahlendes L\u00e4cheln &nbsp; &nbsp; &nbsp; F\u00fcr eine gesunde Mundflora Beruhigt das Zahnfleisch Vegan, plastikfrei und fluoridfrei 60 g CHF 11.50 &nbsp; &nbsp; &nbsp; &nbsp; &nbsp; &nbsp; &nbsp; Nachf\u00fcllung CHF &nbsp; &nbsp; &nbsp; Beschreibung Dieses Pulver reinigt die Z\u00e4hne sanft und nat\u00fcrlich mit der reinen Kraft der Wurzeln. Ginseng, Seifenkraut, Ashwagandha, Nelke und Anis&nbsp;Weiter lesen","og_url":"https:\/\/bien-etreiris.ch\/de\/produktpraesentation\/hygiene\/koerperpflege\/mundhygiene\/zahnpasta-pulver\/zahnpasta-pulver-eliah-sahil\/","og_site_name":"WOHLBEFINDEN","article_publisher":"https:\/\/www.facebook.com\/bienetreiris\/","article_modified_time":"2021-05-29T11:53:32+00:00","og_image":[{"width":500,"height":333,"url":"https:\/\/bien-etreiris.ch\/wp-content\/uploads\/2021\/05\/acceuil-Eliah-Sahil.jpg","type":"image\/jpeg"}],"twitter_misc":{"Gesch\u00e4tzte Lesezeit":"2\u00a0Minuten"},"schema":{"@context":"https:\/\/schema.org","@graph":[{"@type":"WebPage","@id":"https:\/\/bien-etreiris.ch\/de\/produktpraesentation\/hygiene\/koerperpflege\/mundhygiene\/zahnpasta-pulver\/zahnpasta-pulver-eliah-sahil\/","url":"https:\/\/bien-etreiris.ch\/de\/produktpraesentation\/hygiene\/koerperpflege\/mundhygiene\/zahnpasta-pulver\/zahnpasta-pulver-eliah-sahil\/","name":"ELIAH SAHIL - WOHLBEFINDEN","isPartOf":{"@id":"https:\/\/bien-etreiris.ch\/de\/#website"},"primaryImageOfPage":{"@id":"https:\/\/bien-etreiris.ch\/de\/produktpraesentation\/hygiene\/koerperpflege\/mundhygiene\/zahnpasta-pulver\/zahnpasta-pulver-eliah-sahil\/#primaryimage"},"image":{"@id":"https:\/\/bien-etreiris.ch\/de\/produktpraesentation\/hygiene\/koerperpflege\/mundhygiene\/zahnpasta-pulver\/zahnpasta-pulver-eliah-sahil\/#primaryimage"},"thumbnailUrl":"https:\/\/bien-etreiris.ch\/wp-content\/uploads\/2021\/05\/acceuil-Eliah-Sahil.jpg","datePublished":"2021-05-21T16:24:37+00:00","dateModified":"2021-05-29T11:53:32+00:00","breadcrumb":{"@id":"https:\/\/bien-etreiris.ch\/de\/produktpraesentation\/hygiene\/koerperpflege\/mundhygiene\/zahnpasta-pulver\/zahnpasta-pulver-eliah-sahil\/#breadcrumb"},"inLanguage":"de","potentialAction":[{"@type":"ReadAction","target":["https:\/\/bien-etreiris.ch\/de\/produktpraesentation\/hygiene\/koerperpflege\/mundhygiene\/zahnpasta-pulver\/zahnpasta-pulver-eliah-sahil\/"]}]},{"@type":"ImageObject","inLanguage":"de","@id":"https:\/\/bien-etreiris.ch\/de\/produktpraesentation\/hygiene\/koerperpflege\/mundhygiene\/zahnpasta-pulver\/zahnpasta-pulver-eliah-sahil\/#primaryimage","url":"https:\/\/bien-etreiris.ch\/wp-content\/uploads\/2021\/05\/acceuil-Eliah-Sahil.jpg","contentUrl":"https:\/\/bien-etreiris.ch\/wp-content\/uploads\/2021\/05\/acceuil-Eliah-Sahil.jpg","width":500,"height":333},{"@type":"BreadcrumbList","@id":"https:\/\/bien-etreiris.ch\/de\/produktpraesentation\/hygiene\/koerperpflege\/mundhygiene\/zahnpasta-pulver\/zahnpasta-pulver-eliah-sahil\/#breadcrumb","itemListElement":[{"@type":"ListItem","position":1,"name":"Home","item":"https:\/\/bien-etreiris.ch\/de\/"},{"@type":"ListItem","position":2,"name":"PRODUKTPR\u00c4SENTATION","item":"https:\/\/bien-etreiris.ch\/de\/produktpraesentation\/"},{"@type":"ListItem","position":3,"name":"HYGIENE","item":"https:\/\/bien-etreiris.ch\/de\/produktpraesentation\/hygiene\/"},{"@type":"ListItem","position":4,"name":"K\u00d6RPERPFLEGE","item":"https:\/\/bien-etreiris.ch\/de\/produktpraesentation\/hygiene\/koerperpflege\/"},{"@type":"ListItem","position":5,"name":"MUNDHYGIENE","item":"https:\/\/bien-etreiris.ch\/de\/produktpraesentation\/hygiene\/koerperpflege\/mundhygiene\/"},{"@type":"ListItem","position":6,"name":"ZAHNPASTA-PULVER","item":"https:\/\/bien-etreiris.ch\/de\/produktpraesentation\/hygiene\/koerperpflege\/mundhygiene\/zahnpasta-pulver\/"},{"@type":"ListItem","position":7,"name":"ELIAH SAHIL"}]},{"@type":"WebSite","@id":"https:\/\/bien-etreiris.ch\/de\/#website","url":"https:\/\/bien-etreiris.ch\/de\/","name":"Bien-\u00eatre Iris","description":"IHRE Gesundheit ist uns wichtig","potentialAction":[{"@type":"SearchAction","target":{"@type":"EntryPoint","urlTemplate":"https:\/\/bien-etreiris.ch\/de\/?s={search_term_string}"},"query-input":{"@type":"PropertyValueSpecification","valueRequired":true,"valueName":"search_term_string"}}],"inLanguage":"de"}]}},"_links":{"self":[{"href":"https:\/\/bien-etreiris.ch\/de\/wp-json\/wp\/v2\/pages\/45690","targetHints":{"allow":["GET"]}}],"collection":[{"href":"https:\/\/bien-etreiris.ch\/de\/wp-json\/wp\/v2\/pages"}],"about":[{"href":"https:\/\/bien-etreiris.ch\/de\/wp-json\/wp\/v2\/types\/page"}],"author":[{"embeddable":true,"href":"https:\/\/bien-etreiris.ch\/de\/wp-json\/wp\/v2\/users\/1"}],"replies":[{"embeddable":true,"href":"https:\/\/bien-etreiris.ch\/de\/wp-json\/wp\/v2\/comments?post=45690"}],"version-history":[{"count":4,"href":"https:\/\/bien-etreiris.ch\/de\/wp-json\/wp\/v2\/pages\/45690\/revisions"}],"predecessor-version":[{"id":48145,"href":"https:\/\/bien-etreiris.ch\/de\/wp-json\/wp\/v2\/pages\/45690\/revisions\/48145"}],"up":[{"embeddable":true,"href":"https:\/\/bien-etreiris.ch\/de\/wp-json\/wp\/v2\/pages\/44456"}],"wp:featuredmedia":[{"embeddable":true,"href":"https:\/\/bien-etreiris.ch\/de\/wp-json\/wp\/v2\/media\/45693"}],"wp:attachment":[{"href":"https:\/\/bien-etreiris.ch\/de\/wp-json\/wp\/v2\/media?parent=45690"}],"curies":[{"name":"wp","href":"https:\/\/api.w.org\/{rel}","templated":true}]}}