{"id":45599,"date":"2021-05-21T11:16:01","date_gmt":"2021-05-21T09:16:01","guid":{"rendered":"https:\/\/bien-etreiris.ch\/?page_id=45599"},"modified":"2021-05-28T14:24:04","modified_gmt":"2021-05-28T12:24:04","slug":"zahnschmerzen","status":"publish","type":"page","link":"https:\/\/bien-etreiris.ch\/de\/produktpraesentation\/hygiene\/koerperpflege\/mundhygiene\/zahnschmerzen\/","title":{"rendered":"ZAHNSCHMERZEN"},"content":{"rendered":"\n<p>ZAHN ODER OHRENSCHMERZEN<\/p>\n<p>&nbsp;<\/p>\n\n\n\n<div class=\"x-column x-sm x-1-1\">\n<p><a href=\"https:\/\/bien-etreiris.ch\/wp-content\/uploads\/2021\/05\/huile-dentaire.jpg\"><img loading=\"lazy\" decoding=\"async\" class=\"wp-image-45606 size-full alignleft\" src=\"https:\/\/bien-etreiris.ch\/wp-content\/uploads\/2021\/05\/huile-dentaire.jpg\" alt=\"\" width=\"500\" height=\"335\" srcset=\"https:\/\/bien-etreiris.ch\/wp-content\/uploads\/2021\/05\/huile-dentaire.jpg 500w, https:\/\/bien-etreiris.ch\/wp-content\/uploads\/2021\/05\/huile-dentaire-300x201.jpg 300w\" sizes=\"auto, (max-width: 500px) 100vw, 500px\" \/><\/a><\/p>\n<\/div>\n<h4><br>Oral &amp; Auris<\/h4>\n<p>f\u00f6rdert die Heilung und entlastet<\/p>\n<ul style=\"list-style-type: disc;\">\n<li>5 ml CHF 25.00<\/li>\n<li>100 % Bio,<\/li>\n<li>100 % nat\u00fcrlich<\/li>\n<li>100 % aktiv<\/li>\n<li>100 % vegan<\/li>\n<li>0% Chemikalien<\/li>\n<li>0% Parabene<\/li>\n<li>0% Alkohol<\/li>\n<li>0% Konservierungsstoffe<\/li>\n<\/ul>\n<h4>&nbsp;<\/h4>\n<p>&nbsp;<\/p>\n<p>&nbsp;<\/p>\n<div class=\"x-column x-sm x-1-1\">\n<h4>Warum Oral &amp; Auris f\u00fcr die Ohr- und Mundhygiene w\u00e4hlen?<\/h4>\n<p>Zahn- und Ohrenschmerzen werden meist durch Bakterien, Schimmelpilzen oder Viren verursacht. Oral &amp; Auris besteht aus 100% nat\u00fcrlichen Inhaltsstoffen, die so zusammengestellt sind, dass sie diesen \u00dcbelt\u00e4tern keine Chance geben und auf nat\u00fcrliche Weise mit organischen Inhaltsstoffen die Schmerzen lindern.<\/p>\n<\/div>\n<div class=\"x-column x-sm x-2-3\">\n<div class=\"x-column x-sm x-2-3\">\n<h4>Wie verwendet man Oral &amp; Auris in der mundh\u00f6hle bei zahn- und mundproblemen<\/h4>\n<ul>\n<li>Nehmen Sie etwas Oral &amp; Auris mit einem Wattest\u00e4bchen oder einer Fingerspitze aus dem T\u00f6pfchen.<\/li>\n<li>Reiben Sie dies auf der Problemzone, in der Mundh\u00f6hle, auf der Aussenseite des Kiefers und auf der Ebene der Problemzone ein.<\/li>\n<li>Regelm\u00e4ssig (m\u00f6glichst st\u00fcndlich) oder bei Bedarf an Schmerzlinderung und Pflege wiederholen.<\/li>\n<\/ul>\n<h4>Wie verwendet man Oral &amp; Auris im ohr?<\/h4>\n<ol>\n<li>Reiben Sie dies auf der gesamten Ohrmuschel, hinter dem Ohr, am Eingang des Geh\u00f6rgangs und entlang des Kieferknochens vom Ohrl\u00e4ppchen nach unten.<\/li>\n<li>Wiederholen Sie dies regelm\u00e4ssig (z.B. st\u00fcndlich) oder wenn es notwendig ist, die Haut zu lindern und zu pflegen.<\/li>\n<\/ol>\n<p>Nicht bei Kindern unter drei Jahren verwenden.<\/p>\n<\/div>\n<\/div>\n","protected":false},"excerpt":{"rendered":"<p>ZAHN ODER OHRENSCHMERZEN &nbsp; Oral &amp; Auris f\u00f6rdert die Heilung und entlastet 5 ml CHF 25.00 100 % Bio, 100 % nat\u00fcrlich 100 % aktiv 100 % vegan 0% Chemikalien 0% Parabene 0% Alkohol 0% Konservierungsstoffe &nbsp; &nbsp; &nbsp; Warum Oral &amp; Auris f\u00fcr die Ohr- und Mundhygiene w\u00e4hlen? Zahn- und Ohrenschmerzen werden meist durch Bakterien, Schimmelpilzen oder Viren verursacht.&nbsp;<a href=\"https:\/\/bien-etreiris.ch\/de\/produktpraesentation\/hygiene\/koerperpflege\/mundhygiene\/zahnschmerzen\/\" class=\"read-more\">Weiter lesen<\/a><\/p>\n","protected":false},"author":1,"featured_media":45602,"parent":47838,"menu_order":5652,"comment_status":"closed","ping_status":"closed","template":"page-with-child.php","meta":{"_acf_changed":false,"ngg_post_thumbnail":0,"footnotes":""},"class_list":["post-45599","page","type-page","status-publish","has-post-thumbnail","hentry"],"acf":[],"yoast_head":"<!-- This site is optimized with the Yoast SEO plugin v27.5 - https:\/\/yoast.com\/product\/yoast-seo-wordpress\/ -->\n<title>ZAHNSCHMERZEN - WOHLBEFINDEN<\/title>\n<meta name=\"robots\" content=\"index, follow, max-snippet:-1, max-image-preview:large, max-video-preview:-1\" \/>\n<link rel=\"canonical\" href=\"https:\/\/bien-etreiris.ch\/de\/produktpraesentation\/hygiene\/koerperpflege\/mundhygiene\/zahnschmerzen\/\" \/>\n<meta property=\"og:locale\" content=\"de_DE\" \/>\n<meta property=\"og:type\" content=\"article\" \/>\n<meta property=\"og:title\" content=\"ZAHNSCHMERZEN - WOHLBEFINDEN\" \/>\n<meta property=\"og:description\" content=\"ZAHN ODER OHRENSCHMERZEN &nbsp; Oral &amp; Auris f\u00f6rdert die Heilung und entlastet 5 ml CHF 25.00 100 % Bio, 100 % nat\u00fcrlich 100 % aktiv 100 % vegan 0% Chemikalien 0% Parabene 0% Alkohol 0% Konservierungsstoffe &nbsp; &nbsp; &nbsp; Warum Oral &amp; Auris f\u00fcr die Ohr- und Mundhygiene w\u00e4hlen? Zahn- und Ohrenschmerzen werden meist durch Bakterien, Schimmelpilzen oder Viren verursacht.&nbsp;Weiter lesen\" \/>\n<meta property=\"og:url\" content=\"https:\/\/bien-etreiris.ch\/de\/produktpraesentation\/hygiene\/koerperpflege\/mundhygiene\/zahnschmerzen\/\" \/>\n<meta property=\"og:site_name\" content=\"WOHLBEFINDEN\" \/>\n<meta property=\"article:publisher\" content=\"https:\/\/www.facebook.com\/bienetreiris\/\" \/>\n<meta property=\"article:modified_time\" content=\"2021-05-28T12:24:04+00:00\" \/>\n<meta property=\"og:image\" content=\"https:\/\/bien-etreiris.ch\/wp-content\/uploads\/2021\/05\/acceuil-huile-dentaire.jpg\" \/>\n\t<meta property=\"og:image:width\" content=\"500\" \/>\n\t<meta property=\"og:image:height\" content=\"335\" \/>\n\t<meta property=\"og:image:type\" content=\"image\/jpeg\" \/>\n<meta name=\"twitter:label1\" content=\"Gesch\u00e4tzte Lesezeit\" \/>\n\t<meta name=\"twitter:data1\" content=\"2\u00a0Minuten\" \/>\n<script type=\"application\/ld+json\" class=\"yoast-schema-graph\">{\"@context\":\"https:\\\/\\\/schema.org\",\"@graph\":[{\"@type\":\"WebPage\",\"@id\":\"https:\\\/\\\/bien-etreiris.ch\\\/de\\\/produktpraesentation\\\/hygiene\\\/koerperpflege\\\/mundhygiene\\\/zahnschmerzen\\\/\",\"url\":\"https:\\\/\\\/bien-etreiris.ch\\\/de\\\/produktpraesentation\\\/hygiene\\\/koerperpflege\\\/mundhygiene\\\/zahnschmerzen\\\/\",\"name\":\"ZAHNSCHMERZEN - WOHLBEFINDEN\",\"isPartOf\":{\"@id\":\"https:\\\/\\\/bien-etreiris.ch\\\/de\\\/#website\"},\"primaryImageOfPage\":{\"@id\":\"https:\\\/\\\/bien-etreiris.ch\\\/de\\\/produktpraesentation\\\/hygiene\\\/koerperpflege\\\/mundhygiene\\\/zahnschmerzen\\\/#primaryimage\"},\"image\":{\"@id\":\"https:\\\/\\\/bien-etreiris.ch\\\/de\\\/produktpraesentation\\\/hygiene\\\/koerperpflege\\\/mundhygiene\\\/zahnschmerzen\\\/#primaryimage\"},\"thumbnailUrl\":\"https:\\\/\\\/bien-etreiris.ch\\\/wp-content\\\/uploads\\\/2021\\\/05\\\/acceuil-huile-dentaire.jpg\",\"datePublished\":\"2021-05-21T09:16:01+00:00\",\"dateModified\":\"2021-05-28T12:24:04+00:00\",\"breadcrumb\":{\"@id\":\"https:\\\/\\\/bien-etreiris.ch\\\/de\\\/produktpraesentation\\\/hygiene\\\/koerperpflege\\\/mundhygiene\\\/zahnschmerzen\\\/#breadcrumb\"},\"inLanguage\":\"de\",\"potentialAction\":[{\"@type\":\"ReadAction\",\"target\":[\"https:\\\/\\\/bien-etreiris.ch\\\/de\\\/produktpraesentation\\\/hygiene\\\/koerperpflege\\\/mundhygiene\\\/zahnschmerzen\\\/\"]}]},{\"@type\":\"ImageObject\",\"inLanguage\":\"de\",\"@id\":\"https:\\\/\\\/bien-etreiris.ch\\\/de\\\/produktpraesentation\\\/hygiene\\\/koerperpflege\\\/mundhygiene\\\/zahnschmerzen\\\/#primaryimage\",\"url\":\"https:\\\/\\\/bien-etreiris.ch\\\/wp-content\\\/uploads\\\/2021\\\/05\\\/acceuil-huile-dentaire.jpg\",\"contentUrl\":\"https:\\\/\\\/bien-etreiris.ch\\\/wp-content\\\/uploads\\\/2021\\\/05\\\/acceuil-huile-dentaire.jpg\",\"width\":500,\"height\":335},{\"@type\":\"BreadcrumbList\",\"@id\":\"https:\\\/\\\/bien-etreiris.ch\\\/de\\\/produktpraesentation\\\/hygiene\\\/koerperpflege\\\/mundhygiene\\\/zahnschmerzen\\\/#breadcrumb\",\"itemListElement\":[{\"@type\":\"ListItem\",\"position\":1,\"name\":\"Home\",\"item\":\"https:\\\/\\\/bien-etreiris.ch\\\/de\\\/\"},{\"@type\":\"ListItem\",\"position\":2,\"name\":\"PRODUKTPR\u00c4SENTATION\",\"item\":\"https:\\\/\\\/bien-etreiris.ch\\\/de\\\/produktpraesentation\\\/\"},{\"@type\":\"ListItem\",\"position\":3,\"name\":\"HYGIENE\",\"item\":\"https:\\\/\\\/bien-etreiris.ch\\\/de\\\/produktpraesentation\\\/hygiene\\\/\"},{\"@type\":\"ListItem\",\"position\":4,\"name\":\"K\u00d6RPERPFLEGE\",\"item\":\"https:\\\/\\\/bien-etreiris.ch\\\/de\\\/produktpraesentation\\\/hygiene\\\/koerperpflege\\\/\"},{\"@type\":\"ListItem\",\"position\":5,\"name\":\"MUNDHYGIENE\",\"item\":\"https:\\\/\\\/bien-etreiris.ch\\\/de\\\/produktpraesentation\\\/hygiene\\\/koerperpflege\\\/mundhygiene\\\/\"},{\"@type\":\"ListItem\",\"position\":6,\"name\":\"ZAHNSCHMERZEN\"}]},{\"@type\":\"WebSite\",\"@id\":\"https:\\\/\\\/bien-etreiris.ch\\\/de\\\/#website\",\"url\":\"https:\\\/\\\/bien-etreiris.ch\\\/de\\\/\",\"name\":\"Bien-\u00eatre Iris\",\"description\":\"IHRE Gesundheit ist uns wichtig\",\"potentialAction\":[{\"@type\":\"SearchAction\",\"target\":{\"@type\":\"EntryPoint\",\"urlTemplate\":\"https:\\\/\\\/bien-etreiris.ch\\\/de\\\/?s={search_term_string}\"},\"query-input\":{\"@type\":\"PropertyValueSpecification\",\"valueRequired\":true,\"valueName\":\"search_term_string\"}}],\"inLanguage\":\"de\"}]}<\/script>\n<!-- \/ Yoast SEO plugin. -->","yoast_head_json":{"title":"ZAHNSCHMERZEN - WOHLBEFINDEN","robots":{"index":"index","follow":"follow","max-snippet":"max-snippet:-1","max-image-preview":"max-image-preview:large","max-video-preview":"max-video-preview:-1"},"canonical":"https:\/\/bien-etreiris.ch\/de\/produktpraesentation\/hygiene\/koerperpflege\/mundhygiene\/zahnschmerzen\/","og_locale":"de_DE","og_type":"article","og_title":"ZAHNSCHMERZEN - WOHLBEFINDEN","og_description":"ZAHN ODER OHRENSCHMERZEN &nbsp; Oral &amp; Auris f\u00f6rdert die Heilung und entlastet 5 ml CHF 25.00 100 % Bio, 100 % nat\u00fcrlich 100 % aktiv 100 % vegan 0% Chemikalien 0% Parabene 0% Alkohol 0% Konservierungsstoffe &nbsp; &nbsp; &nbsp; Warum Oral &amp; Auris f\u00fcr die Ohr- und Mundhygiene w\u00e4hlen? Zahn- und Ohrenschmerzen werden meist durch Bakterien, Schimmelpilzen oder Viren verursacht.&nbsp;Weiter lesen","og_url":"https:\/\/bien-etreiris.ch\/de\/produktpraesentation\/hygiene\/koerperpflege\/mundhygiene\/zahnschmerzen\/","og_site_name":"WOHLBEFINDEN","article_publisher":"https:\/\/www.facebook.com\/bienetreiris\/","article_modified_time":"2021-05-28T12:24:04+00:00","og_image":[{"width":500,"height":335,"url":"https:\/\/bien-etreiris.ch\/wp-content\/uploads\/2021\/05\/acceuil-huile-dentaire.jpg","type":"image\/jpeg"}],"twitter_misc":{"Gesch\u00e4tzte Lesezeit":"2\u00a0Minuten"},"schema":{"@context":"https:\/\/schema.org","@graph":[{"@type":"WebPage","@id":"https:\/\/bien-etreiris.ch\/de\/produktpraesentation\/hygiene\/koerperpflege\/mundhygiene\/zahnschmerzen\/","url":"https:\/\/bien-etreiris.ch\/de\/produktpraesentation\/hygiene\/koerperpflege\/mundhygiene\/zahnschmerzen\/","name":"ZAHNSCHMERZEN - WOHLBEFINDEN","isPartOf":{"@id":"https:\/\/bien-etreiris.ch\/de\/#website"},"primaryImageOfPage":{"@id":"https:\/\/bien-etreiris.ch\/de\/produktpraesentation\/hygiene\/koerperpflege\/mundhygiene\/zahnschmerzen\/#primaryimage"},"image":{"@id":"https:\/\/bien-etreiris.ch\/de\/produktpraesentation\/hygiene\/koerperpflege\/mundhygiene\/zahnschmerzen\/#primaryimage"},"thumbnailUrl":"https:\/\/bien-etreiris.ch\/wp-content\/uploads\/2021\/05\/acceuil-huile-dentaire.jpg","datePublished":"2021-05-21T09:16:01+00:00","dateModified":"2021-05-28T12:24:04+00:00","breadcrumb":{"@id":"https:\/\/bien-etreiris.ch\/de\/produktpraesentation\/hygiene\/koerperpflege\/mundhygiene\/zahnschmerzen\/#breadcrumb"},"inLanguage":"de","potentialAction":[{"@type":"ReadAction","target":["https:\/\/bien-etreiris.ch\/de\/produktpraesentation\/hygiene\/koerperpflege\/mundhygiene\/zahnschmerzen\/"]}]},{"@type":"ImageObject","inLanguage":"de","@id":"https:\/\/bien-etreiris.ch\/de\/produktpraesentation\/hygiene\/koerperpflege\/mundhygiene\/zahnschmerzen\/#primaryimage","url":"https:\/\/bien-etreiris.ch\/wp-content\/uploads\/2021\/05\/acceuil-huile-dentaire.jpg","contentUrl":"https:\/\/bien-etreiris.ch\/wp-content\/uploads\/2021\/05\/acceuil-huile-dentaire.jpg","width":500,"height":335},{"@type":"BreadcrumbList","@id":"https:\/\/bien-etreiris.ch\/de\/produktpraesentation\/hygiene\/koerperpflege\/mundhygiene\/zahnschmerzen\/#breadcrumb","itemListElement":[{"@type":"ListItem","position":1,"name":"Home","item":"https:\/\/bien-etreiris.ch\/de\/"},{"@type":"ListItem","position":2,"name":"PRODUKTPR\u00c4SENTATION","item":"https:\/\/bien-etreiris.ch\/de\/produktpraesentation\/"},{"@type":"ListItem","position":3,"name":"HYGIENE","item":"https:\/\/bien-etreiris.ch\/de\/produktpraesentation\/hygiene\/"},{"@type":"ListItem","position":4,"name":"K\u00d6RPERPFLEGE","item":"https:\/\/bien-etreiris.ch\/de\/produktpraesentation\/hygiene\/koerperpflege\/"},{"@type":"ListItem","position":5,"name":"MUNDHYGIENE","item":"https:\/\/bien-etreiris.ch\/de\/produktpraesentation\/hygiene\/koerperpflege\/mundhygiene\/"},{"@type":"ListItem","position":6,"name":"ZAHNSCHMERZEN"}]},{"@type":"WebSite","@id":"https:\/\/bien-etreiris.ch\/de\/#website","url":"https:\/\/bien-etreiris.ch\/de\/","name":"Bien-\u00eatre Iris","description":"IHRE Gesundheit ist uns wichtig","potentialAction":[{"@type":"SearchAction","target":{"@type":"EntryPoint","urlTemplate":"https:\/\/bien-etreiris.ch\/de\/?s={search_term_string}"},"query-input":{"@type":"PropertyValueSpecification","valueRequired":true,"valueName":"search_term_string"}}],"inLanguage":"de"}]}},"_links":{"self":[{"href":"https:\/\/bien-etreiris.ch\/de\/wp-json\/wp\/v2\/pages\/45599","targetHints":{"allow":["GET"]}}],"collection":[{"href":"https:\/\/bien-etreiris.ch\/de\/wp-json\/wp\/v2\/pages"}],"about":[{"href":"https:\/\/bien-etreiris.ch\/de\/wp-json\/wp\/v2\/types\/page"}],"author":[{"embeddable":true,"href":"https:\/\/bien-etreiris.ch\/de\/wp-json\/wp\/v2\/users\/1"}],"replies":[{"embeddable":true,"href":"https:\/\/bien-etreiris.ch\/de\/wp-json\/wp\/v2\/comments?post=45599"}],"version-history":[{"count":5,"href":"https:\/\/bien-etreiris.ch\/de\/wp-json\/wp\/v2\/pages\/45599\/revisions"}],"predecessor-version":[{"id":47849,"href":"https:\/\/bien-etreiris.ch\/de\/wp-json\/wp\/v2\/pages\/45599\/revisions\/47849"}],"up":[{"embeddable":true,"href":"https:\/\/bien-etreiris.ch\/de\/wp-json\/wp\/v2\/pages\/47838"}],"wp:featuredmedia":[{"embeddable":true,"href":"https:\/\/bien-etreiris.ch\/de\/wp-json\/wp\/v2\/media\/45602"}],"wp:attachment":[{"href":"https:\/\/bien-etreiris.ch\/de\/wp-json\/wp\/v2\/media?parent=45599"}],"curies":[{"name":"wp","href":"https:\/\/api.w.org\/{rel}","templated":true}]}}