{"id":45583,"date":"2021-05-21T11:03:18","date_gmt":"2021-05-21T09:03:18","guid":{"rendered":"https:\/\/bien-etreiris.ch\/?page_id=45583"},"modified":"2023-02-04T13:52:04","modified_gmt":"2023-02-04T11:52:04","slug":"oelziehkur","status":"publish","type":"page","link":"https:\/\/bien-etreiris.ch\/de\/produktpraesentation\/hygiene\/koerperpflege\/mundhygiene\/mundspuelung\/oelziehkur\/","title":{"rendered":"\u00d6LZIEHKUR"},"content":{"rendered":"\n<h2>Mundsp\u00fclung mit \u00e4therischen \u00d6len FRESH<\/h2>\n<p><a href=\"https:\/\/decoiris.ch\/wp-content\/uploads\/2020\/05\/Fresh-2.png\"><img loading=\"lazy\" decoding=\"async\" class=\"wp-image-31093 size-medium alignleft\" src=\"https:\/\/decoiris.ch\/wp-content\/uploads\/2020\/05\/Fresh-2-300x300.png\" sizes=\"auto, (max-width: 300px) 100vw, 300px\" srcset=\"https:\/\/bien-etreiris.ch\/wp-content\/uploads\/2020\/05\/Fresh-2-300x300.png 300w, https:\/\/bien-etreiris.ch\/wp-content\/uploads\/2020\/05\/Fresh-2-150x150.png 150w, https:\/\/bien-etreiris.ch\/wp-content\/uploads\/2020\/05\/Fresh-2.png 560w\" alt=\"\" width=\"300\" height=\"300\"> <\/a><\/p>\n<p>&nbsp;<\/p>\n<p>&nbsp;<\/p>\n<p><br>Fresh\"-Sp\u00fcl\u00f6l<\/p>\n<ul style=\"list-style-type: disc;\">\n<li>Reinigt und st\u00e4rkt Z\u00e4hne, Zahnfleisch und Kiefermuskulatur<\/li>\n<li>Bek\u00e4mpft Zahnbelag und Bakterien<\/li>\n<li>Pflegt die Mundflora<\/li>\n<li>Sch\u00fctzt wirksam vor Zahnfleischentz\u00fcndungen<\/li>\n<li>Sorgt f\u00fcr einen frischen Atem<\/li>\n<li>Ist ideal w\u00e4hrend der Fastenzeit<\/li>\n<\/ul>\n<p>Glasflasche 40ml CHF 3.20<\/p>\n<p>250ml Plastikflasche CHF 19.20<\/p>\n<p>Nachf\u00fcllpackung zu 40ml CHF 3.00<\/p>\n<p>&nbsp;<\/p>\n<p>&nbsp;<\/p>\n<p>&nbsp;<\/p>\n<p>&nbsp;<\/p>\n<p><br>Die Garantie f\u00fcr eine hygienische Mundpflege im Alltag.<\/p>\n<p>Unser \u00d6l wird verwendet, um unseren K\u00f6rper zu reinigen, zu entgiften und zu st\u00e4rken.<\/p>\n<p>Es sch\u00fctzt unseren Mund- und Rachenraum vor Mikroben, Bakterien und Viren, damit sie sich nicht in unserem K\u00f6rper ausbreiten k\u00f6nnen.<\/p>\n<p>Jeder Bestandteil wurde speziell nach seiner Besonderheit ausgew\u00e4hlt.<\/p>\n<p>In unserem \u00d6l werden drei therapeutische Ans\u00e4tze miteinander kombiniert:<\/p>\n<p>Sesam\u00f6l in der ayurvedischen Behandlung<br>Sonnenblumen\u00f6l in der westeurop\u00e4ischen Medizin<br>Kokosnuss\u00f6l in asiatischen Regionen.<\/p>\n<p>&nbsp;<\/p>\n<h4><br>Eigenschaften der verwendeten \u00e4therischen \u00d6le<\/h4>\n<p><span style=\"color: #ffcc00;\">Thymian:<\/span> gegen Zahnfleischentz\u00fcndungen und Halsschmerzen<\/p>\n<p><span style=\"color: #ffcc00;\">Myrrhe:<\/span> gegen Parodontose, Stomatitis (Entz\u00fcndung der Mundschleimhaut) und Zahnfleischbluten<\/p>\n<p><span style=\"color: #ffcc00;\">Wacholder:<\/span> gegen Mundgeruch und Entz\u00fcndungen<\/p>\n<p><span style=\"color: #ffcc00;\">Niaouli:<\/span> zur St\u00e4rkung des Zahnfleischs, zur Verminderung von Keimen, gegen Zahnschmerzen<\/p>\n<p><span style=\"color: #ffcc00;\">Gew\u00fcrznelke:<\/span> gegen Zahnschmerzen, geschwollenes Zahnfleisch und Entz\u00fcndungen.<\/p>\n<p>Insgesamt 8 \u00e4therische \u00d6le f\u00fcr die t\u00e4gliche Mundhygiene.<\/p>\n<p>Wir empfehlen, Fresh bei Raumtemperatur zu verwenden.<\/p>\n<p>Kokos\u00f6l wird kompakter, wenn das Mundwasser\u00f6l k\u00fchl gelagert wird.<\/p>\n<h4>Anwendung<\/h4>\n<p>Jeden Morgen auf n\u00fcchternen Magen.<\/p>\n<p>Schwangere und stillende Frauen k\u00f6nnen Fresh verwenden. &nbsp;<\/p>\n<p>Fresh enth\u00e4lt kein Chlorhexidin.<\/p>\n<h4>Art der Anwendung<\/h4>\n<p>F\u00fcllen Sie 10 ml Fresch in einen Becher.<\/p>\n<p>Gurgeln Sie 3-5 Minuten lang. Schlucken Sie das \u00d6l nicht.<\/p>\n<p>Spucken Sie das \u00d6l in ein Taschentuch und werfen Sie es in den M\u00fcll.<\/p>\n<p>Sp\u00fclen Sie Ihren Mund mehrmals aus, bis das Wasser klar wird.<\/p>\n<p>Putzen Sie Ihre Z\u00e4hne wie gewohnt.<\/p>\n<p>&nbsp;<\/p>\n","protected":false},"excerpt":{"rendered":"<p>Mundsp\u00fclung mit \u00e4therischen \u00d6len FRESH &nbsp; &nbsp; Fresh\"-Sp\u00fcl\u00f6l Reinigt und st\u00e4rkt Z\u00e4hne, Zahnfleisch und Kiefermuskulatur Bek\u00e4mpft Zahnbelag und Bakterien Pflegt die Mundflora Sch\u00fctzt wirksam vor Zahnfleischentz\u00fcndungen Sorgt f\u00fcr einen frischen Atem Ist ideal w\u00e4hrend der Fastenzeit Glasflasche 40ml CHF 3.20 250ml Plastikflasche CHF 19.20 Nachf\u00fcllpackung zu 40ml CHF 3.00 &nbsp; &nbsp; &nbsp; &nbsp; Die Garantie f\u00fcr eine hygienische Mundpflege im&nbsp;<a href=\"https:\/\/bien-etreiris.ch\/de\/produktpraesentation\/hygiene\/koerperpflege\/mundhygiene\/mundspuelung\/oelziehkur\/\" class=\"read-more\">Weiter lesen<\/a><\/p>\n","protected":false},"author":1,"featured_media":45581,"parent":45593,"menu_order":5654,"comment_status":"closed","ping_status":"closed","template":"page-with-child.php","meta":{"_acf_changed":false,"ngg_post_thumbnail":0,"footnotes":""},"class_list":["post-45583","page","type-page","status-publish","has-post-thumbnail","hentry"],"acf":[],"yoast_head":"<!-- This site is optimized with the Yoast SEO plugin v27.5 - https:\/\/yoast.com\/product\/yoast-seo-wordpress\/ -->\n<title>\u00d6LZIEHKUR - WOHLBEFINDEN<\/title>\n<meta name=\"robots\" content=\"index, follow, max-snippet:-1, max-image-preview:large, max-video-preview:-1\" \/>\n<link rel=\"canonical\" href=\"https:\/\/bien-etreiris.ch\/de\/produktpraesentation\/hygiene\/koerperpflege\/mundhygiene\/mundspuelung\/oelziehkur\/\" \/>\n<meta property=\"og:locale\" content=\"de_DE\" \/>\n<meta property=\"og:type\" content=\"article\" \/>\n<meta property=\"og:title\" content=\"\u00d6LZIEHKUR - WOHLBEFINDEN\" \/>\n<meta property=\"og:description\" content=\"Mundsp\u00fclung mit \u00e4therischen \u00d6len FRESH &nbsp; &nbsp; Fresh&quot;-Sp\u00fcl\u00f6l Reinigt und st\u00e4rkt Z\u00e4hne, Zahnfleisch und Kiefermuskulatur Bek\u00e4mpft Zahnbelag und Bakterien Pflegt die Mundflora Sch\u00fctzt wirksam vor Zahnfleischentz\u00fcndungen Sorgt f\u00fcr einen frischen Atem Ist ideal w\u00e4hrend der Fastenzeit Glasflasche 40ml CHF 3.20 250ml Plastikflasche CHF 19.20 Nachf\u00fcllpackung zu 40ml CHF 3.00 &nbsp; &nbsp; &nbsp; &nbsp; Die Garantie f\u00fcr eine hygienische Mundpflege im&nbsp;Weiter lesen\" \/>\n<meta property=\"og:url\" content=\"https:\/\/bien-etreiris.ch\/de\/produktpraesentation\/hygiene\/koerperpflege\/mundhygiene\/mundspuelung\/oelziehkur\/\" \/>\n<meta property=\"og:site_name\" content=\"WOHLBEFINDEN\" \/>\n<meta property=\"article:publisher\" content=\"https:\/\/www.facebook.com\/bienetreiris\/\" \/>\n<meta property=\"article:modified_time\" content=\"2023-02-04T11:52:04+00:00\" \/>\n<meta property=\"og:image\" content=\"https:\/\/bien-etreiris.ch\/wp-content\/uploads\/2021\/05\/Fresh.png\" \/>\n\t<meta property=\"og:image:width\" content=\"500\" \/>\n\t<meta property=\"og:image:height\" content=\"367\" \/>\n\t<meta property=\"og:image:type\" content=\"image\/png\" \/>\n<meta name=\"twitter:label1\" content=\"Gesch\u00e4tzte Lesezeit\" \/>\n\t<meta name=\"twitter:data1\" content=\"2\u00a0Minuten\" \/>\n<script type=\"application\/ld+json\" class=\"yoast-schema-graph\">{\"@context\":\"https:\\\/\\\/schema.org\",\"@graph\":[{\"@type\":\"WebPage\",\"@id\":\"https:\\\/\\\/bien-etreiris.ch\\\/de\\\/produktpraesentation\\\/hygiene\\\/koerperpflege\\\/mundhygiene\\\/mundspuelung\\\/oelziehkur\\\/\",\"url\":\"https:\\\/\\\/bien-etreiris.ch\\\/de\\\/produktpraesentation\\\/hygiene\\\/koerperpflege\\\/mundhygiene\\\/mundspuelung\\\/oelziehkur\\\/\",\"name\":\"\u00d6LZIEHKUR - WOHLBEFINDEN\",\"isPartOf\":{\"@id\":\"https:\\\/\\\/bien-etreiris.ch\\\/de\\\/#website\"},\"primaryImageOfPage\":{\"@id\":\"https:\\\/\\\/bien-etreiris.ch\\\/de\\\/produktpraesentation\\\/hygiene\\\/koerperpflege\\\/mundhygiene\\\/mundspuelung\\\/oelziehkur\\\/#primaryimage\"},\"image\":{\"@id\":\"https:\\\/\\\/bien-etreiris.ch\\\/de\\\/produktpraesentation\\\/hygiene\\\/koerperpflege\\\/mundhygiene\\\/mundspuelung\\\/oelziehkur\\\/#primaryimage\"},\"thumbnailUrl\":\"https:\\\/\\\/bien-etreiris.ch\\\/wp-content\\\/uploads\\\/2021\\\/05\\\/Fresh.png\",\"datePublished\":\"2021-05-21T09:03:18+00:00\",\"dateModified\":\"2023-02-04T11:52:04+00:00\",\"breadcrumb\":{\"@id\":\"https:\\\/\\\/bien-etreiris.ch\\\/de\\\/produktpraesentation\\\/hygiene\\\/koerperpflege\\\/mundhygiene\\\/mundspuelung\\\/oelziehkur\\\/#breadcrumb\"},\"inLanguage\":\"de\",\"potentialAction\":[{\"@type\":\"ReadAction\",\"target\":[\"https:\\\/\\\/bien-etreiris.ch\\\/de\\\/produktpraesentation\\\/hygiene\\\/koerperpflege\\\/mundhygiene\\\/mundspuelung\\\/oelziehkur\\\/\"]}]},{\"@type\":\"ImageObject\",\"inLanguage\":\"de\",\"@id\":\"https:\\\/\\\/bien-etreiris.ch\\\/de\\\/produktpraesentation\\\/hygiene\\\/koerperpflege\\\/mundhygiene\\\/mundspuelung\\\/oelziehkur\\\/#primaryimage\",\"url\":\"https:\\\/\\\/bien-etreiris.ch\\\/wp-content\\\/uploads\\\/2021\\\/05\\\/Fresh.png\",\"contentUrl\":\"https:\\\/\\\/bien-etreiris.ch\\\/wp-content\\\/uploads\\\/2021\\\/05\\\/Fresh.png\",\"width\":500,\"height\":367},{\"@type\":\"BreadcrumbList\",\"@id\":\"https:\\\/\\\/bien-etreiris.ch\\\/de\\\/produktpraesentation\\\/hygiene\\\/koerperpflege\\\/mundhygiene\\\/mundspuelung\\\/oelziehkur\\\/#breadcrumb\",\"itemListElement\":[{\"@type\":\"ListItem\",\"position\":1,\"name\":\"Home\",\"item\":\"https:\\\/\\\/bien-etreiris.ch\\\/de\\\/\"},{\"@type\":\"ListItem\",\"position\":2,\"name\":\"PRODUKTPR\u00c4SENTATION\",\"item\":\"https:\\\/\\\/bien-etreiris.ch\\\/de\\\/produktpraesentation\\\/\"},{\"@type\":\"ListItem\",\"position\":3,\"name\":\"HYGIENE\",\"item\":\"https:\\\/\\\/bien-etreiris.ch\\\/de\\\/produktpraesentation\\\/hygiene\\\/\"},{\"@type\":\"ListItem\",\"position\":4,\"name\":\"K\u00d6RPERPFLEGE\",\"item\":\"https:\\\/\\\/bien-etreiris.ch\\\/de\\\/produktpraesentation\\\/hygiene\\\/koerperpflege\\\/\"},{\"@type\":\"ListItem\",\"position\":5,\"name\":\"MUNDHYGIENE\",\"item\":\"https:\\\/\\\/bien-etreiris.ch\\\/de\\\/produktpraesentation\\\/hygiene\\\/koerperpflege\\\/mundhygiene\\\/\"},{\"@type\":\"ListItem\",\"position\":6,\"name\":\"MUNDSP\u00dcLUNG\",\"item\":\"https:\\\/\\\/bien-etreiris.ch\\\/de\\\/produktpraesentation\\\/hygiene\\\/koerperpflege\\\/mundhygiene\\\/mundspuelung\\\/\"},{\"@type\":\"ListItem\",\"position\":7,\"name\":\"\u00d6LZIEHKUR\"}]},{\"@type\":\"WebSite\",\"@id\":\"https:\\\/\\\/bien-etreiris.ch\\\/de\\\/#website\",\"url\":\"https:\\\/\\\/bien-etreiris.ch\\\/de\\\/\",\"name\":\"Bien-\u00eatre Iris\",\"description\":\"IHRE Gesundheit ist uns wichtig\",\"potentialAction\":[{\"@type\":\"SearchAction\",\"target\":{\"@type\":\"EntryPoint\",\"urlTemplate\":\"https:\\\/\\\/bien-etreiris.ch\\\/de\\\/?s={search_term_string}\"},\"query-input\":{\"@type\":\"PropertyValueSpecification\",\"valueRequired\":true,\"valueName\":\"search_term_string\"}}],\"inLanguage\":\"de\"}]}<\/script>\n<!-- \/ Yoast SEO plugin. -->","yoast_head_json":{"title":"\u00d6LZIEHKUR - WOHLBEFINDEN","robots":{"index":"index","follow":"follow","max-snippet":"max-snippet:-1","max-image-preview":"max-image-preview:large","max-video-preview":"max-video-preview:-1"},"canonical":"https:\/\/bien-etreiris.ch\/de\/produktpraesentation\/hygiene\/koerperpflege\/mundhygiene\/mundspuelung\/oelziehkur\/","og_locale":"de_DE","og_type":"article","og_title":"\u00d6LZIEHKUR - WOHLBEFINDEN","og_description":"Mundsp\u00fclung mit \u00e4therischen \u00d6len FRESH &nbsp; &nbsp; Fresh\"-Sp\u00fcl\u00f6l Reinigt und st\u00e4rkt Z\u00e4hne, Zahnfleisch und Kiefermuskulatur Bek\u00e4mpft Zahnbelag und Bakterien Pflegt die Mundflora Sch\u00fctzt wirksam vor Zahnfleischentz\u00fcndungen Sorgt f\u00fcr einen frischen Atem Ist ideal w\u00e4hrend der Fastenzeit Glasflasche 40ml CHF 3.20 250ml Plastikflasche CHF 19.20 Nachf\u00fcllpackung zu 40ml CHF 3.00 &nbsp; &nbsp; &nbsp; &nbsp; Die Garantie f\u00fcr eine hygienische Mundpflege im&nbsp;Weiter lesen","og_url":"https:\/\/bien-etreiris.ch\/de\/produktpraesentation\/hygiene\/koerperpflege\/mundhygiene\/mundspuelung\/oelziehkur\/","og_site_name":"WOHLBEFINDEN","article_publisher":"https:\/\/www.facebook.com\/bienetreiris\/","article_modified_time":"2023-02-04T11:52:04+00:00","og_image":[{"width":500,"height":367,"url":"https:\/\/bien-etreiris.ch\/wp-content\/uploads\/2021\/05\/Fresh.png","type":"image\/png"}],"twitter_misc":{"Gesch\u00e4tzte Lesezeit":"2\u00a0Minuten"},"schema":{"@context":"https:\/\/schema.org","@graph":[{"@type":"WebPage","@id":"https:\/\/bien-etreiris.ch\/de\/produktpraesentation\/hygiene\/koerperpflege\/mundhygiene\/mundspuelung\/oelziehkur\/","url":"https:\/\/bien-etreiris.ch\/de\/produktpraesentation\/hygiene\/koerperpflege\/mundhygiene\/mundspuelung\/oelziehkur\/","name":"\u00d6LZIEHKUR - WOHLBEFINDEN","isPartOf":{"@id":"https:\/\/bien-etreiris.ch\/de\/#website"},"primaryImageOfPage":{"@id":"https:\/\/bien-etreiris.ch\/de\/produktpraesentation\/hygiene\/koerperpflege\/mundhygiene\/mundspuelung\/oelziehkur\/#primaryimage"},"image":{"@id":"https:\/\/bien-etreiris.ch\/de\/produktpraesentation\/hygiene\/koerperpflege\/mundhygiene\/mundspuelung\/oelziehkur\/#primaryimage"},"thumbnailUrl":"https:\/\/bien-etreiris.ch\/wp-content\/uploads\/2021\/05\/Fresh.png","datePublished":"2021-05-21T09:03:18+00:00","dateModified":"2023-02-04T11:52:04+00:00","breadcrumb":{"@id":"https:\/\/bien-etreiris.ch\/de\/produktpraesentation\/hygiene\/koerperpflege\/mundhygiene\/mundspuelung\/oelziehkur\/#breadcrumb"},"inLanguage":"de","potentialAction":[{"@type":"ReadAction","target":["https:\/\/bien-etreiris.ch\/de\/produktpraesentation\/hygiene\/koerperpflege\/mundhygiene\/mundspuelung\/oelziehkur\/"]}]},{"@type":"ImageObject","inLanguage":"de","@id":"https:\/\/bien-etreiris.ch\/de\/produktpraesentation\/hygiene\/koerperpflege\/mundhygiene\/mundspuelung\/oelziehkur\/#primaryimage","url":"https:\/\/bien-etreiris.ch\/wp-content\/uploads\/2021\/05\/Fresh.png","contentUrl":"https:\/\/bien-etreiris.ch\/wp-content\/uploads\/2021\/05\/Fresh.png","width":500,"height":367},{"@type":"BreadcrumbList","@id":"https:\/\/bien-etreiris.ch\/de\/produktpraesentation\/hygiene\/koerperpflege\/mundhygiene\/mundspuelung\/oelziehkur\/#breadcrumb","itemListElement":[{"@type":"ListItem","position":1,"name":"Home","item":"https:\/\/bien-etreiris.ch\/de\/"},{"@type":"ListItem","position":2,"name":"PRODUKTPR\u00c4SENTATION","item":"https:\/\/bien-etreiris.ch\/de\/produktpraesentation\/"},{"@type":"ListItem","position":3,"name":"HYGIENE","item":"https:\/\/bien-etreiris.ch\/de\/produktpraesentation\/hygiene\/"},{"@type":"ListItem","position":4,"name":"K\u00d6RPERPFLEGE","item":"https:\/\/bien-etreiris.ch\/de\/produktpraesentation\/hygiene\/koerperpflege\/"},{"@type":"ListItem","position":5,"name":"MUNDHYGIENE","item":"https:\/\/bien-etreiris.ch\/de\/produktpraesentation\/hygiene\/koerperpflege\/mundhygiene\/"},{"@type":"ListItem","position":6,"name":"MUNDSP\u00dcLUNG","item":"https:\/\/bien-etreiris.ch\/de\/produktpraesentation\/hygiene\/koerperpflege\/mundhygiene\/mundspuelung\/"},{"@type":"ListItem","position":7,"name":"\u00d6LZIEHKUR"}]},{"@type":"WebSite","@id":"https:\/\/bien-etreiris.ch\/de\/#website","url":"https:\/\/bien-etreiris.ch\/de\/","name":"Bien-\u00eatre Iris","description":"IHRE Gesundheit ist uns wichtig","potentialAction":[{"@type":"SearchAction","target":{"@type":"EntryPoint","urlTemplate":"https:\/\/bien-etreiris.ch\/de\/?s={search_term_string}"},"query-input":{"@type":"PropertyValueSpecification","valueRequired":true,"valueName":"search_term_string"}}],"inLanguage":"de"}]}},"_links":{"self":[{"href":"https:\/\/bien-etreiris.ch\/de\/wp-json\/wp\/v2\/pages\/45583","targetHints":{"allow":["GET"]}}],"collection":[{"href":"https:\/\/bien-etreiris.ch\/de\/wp-json\/wp\/v2\/pages"}],"about":[{"href":"https:\/\/bien-etreiris.ch\/de\/wp-json\/wp\/v2\/types\/page"}],"author":[{"embeddable":true,"href":"https:\/\/bien-etreiris.ch\/de\/wp-json\/wp\/v2\/users\/1"}],"replies":[{"embeddable":true,"href":"https:\/\/bien-etreiris.ch\/de\/wp-json\/wp\/v2\/comments?post=45583"}],"version-history":[{"count":4,"href":"https:\/\/bien-etreiris.ch\/de\/wp-json\/wp\/v2\/pages\/45583\/revisions"}],"predecessor-version":[{"id":65802,"href":"https:\/\/bien-etreiris.ch\/de\/wp-json\/wp\/v2\/pages\/45583\/revisions\/65802"}],"up":[{"embeddable":true,"href":"https:\/\/bien-etreiris.ch\/de\/wp-json\/wp\/v2\/pages\/45593"}],"wp:featuredmedia":[{"embeddable":true,"href":"https:\/\/bien-etreiris.ch\/de\/wp-json\/wp\/v2\/media\/45581"}],"wp:attachment":[{"href":"https:\/\/bien-etreiris.ch\/de\/wp-json\/wp\/v2\/media?parent=45583"}],"curies":[{"name":"wp","href":"https:\/\/api.w.org\/{rel}","templated":true}]}}