{"id":45569,"date":"2021-05-21T10:44:53","date_gmt":"2021-05-21T08:44:53","guid":{"rendered":"https:\/\/bien-etreiris.ch\/?page_id=45569"},"modified":"2021-05-21T10:44:53","modified_gmt":"2021-05-21T08:44:53","slug":"apeiron","status":"publish","type":"page","link":"https:\/\/bien-etreiris.ch\/de\/produktpraesentation\/hygiene\/koerperpflege\/mundhygiene\/natuerliche-zahnpasta\/apeiron\/","title":{"rendered":"APEIRON"},"content":{"rendered":"\n<h2>Dentifrice ayurv\u00e9dien aux herbes - APEIRON<\/h2>\n<p>&nbsp;<\/p>\n<p>&nbsp;<\/p>\n<p><strong> Dentifrice aux herbes avec 24 extraits particuliers de plantes<\/strong><\/p>\n<p>&nbsp;<\/p>\n<h4 class=\"page-title\"><span class=\"base\" data-ui-id=\"page-title-wrapper\">Aurom\u00e8re dentifrice aux plantes<\/span><\/h4>\n<p>&nbsp;<\/p>\n<p><a href=\"https:\/\/bien-etreiris.ch\/wp-content\/uploads\/2021\/05\/Apeiron.png\"><img loading=\"lazy\" decoding=\"async\" class=\"alignleft wp-image-45540\" src=\"https:\/\/bien-etreiris.ch\/wp-content\/uploads\/2021\/05\/Apeiron-300x300.png\" sizes=\"auto, (max-width: 400px) 100vw, 400px\" srcset=\"https:\/\/bien-etreiris.ch\/wp-content\/uploads\/2021\/05\/Apeiron-300x300.png 300w, https:\/\/bien-etreiris.ch\/wp-content\/uploads\/2021\/05\/Apeiron-150x150.png 150w, https:\/\/bien-etreiris.ch\/wp-content\/uploads\/2021\/05\/Apeiron.png 500w\" alt=\"\" width=\"400\" height=\"400\"><\/a><\/p>\n<p>&nbsp;<\/p>\n<p>&nbsp;<\/p>\n<p>&nbsp;<\/p>\n<p>Un dentifrice non-moussant, 100% naturel, avec une forte proportion de plantes ayurv\u00e9diques. Tr\u00e8s concentr\u00e9. Avec de la menthe. Sans agent-tensio actif ni fluoride Une poudre min\u00e9rale fine enl\u00e8ve les d\u00e9p\u00f4ts dentaires en douceur.<\/p>\n<p>Le dentifrice certifi\u00e9 bio gencives sensibles au miel de manuka IAA15+ a \u00e9t\u00e9 sp\u00e9cialement formul\u00e9 pour&nbsp;<strong>nettoyer en douceur<\/strong>&nbsp;et&nbsp;<strong>apaiser les gencives douloureuses<\/strong><\/p>\n<p>&nbsp; <strong>75 ml 1 pi\u00e8ce CHF 7.90<\/strong><\/p>\n<p>&nbsp;<\/p>\n<p>&nbsp;<\/p>\n<p>&nbsp;<\/p>\n<p>&nbsp;<\/p>\n<p>Pour conserver des dents belles et en bonne sant\u00e9, il faut bien les&nbsp;soigner au quotidien. Le margousier, l\u2019\u0153illet, le bois de&nbsp;r\u00e9glisse&nbsp;et l\u2019huile de&nbsp;menthe verte&nbsp;combattent les microbes qui provoquent la plaque dentaire et la carie. Le jujubier, le bois jaune, le baboul et le baleria apaisent et renforcent&nbsp;les&nbsp;gencives sensibles et irrit\u00e9es. De fins&nbsp;agents min\u00e9raux nettoient en douceur les dents et \u00e9liminent la plaque dentaire nocive. Le&nbsp;thym, la cannelle de Ceylan ainsi que les huiles d\u2019eucalyptus et d\u2019anis donnent \u00e0 ce dentifrice un go\u00fbt&nbsp;agr\u00e9able et unique.<\/p>\n<ul>\n<li>Le dentifrice aux herbes&nbsp;est tr\u00e8s doux,&nbsp;id\u00e9al pour les soins dentaires de toute la famille.<\/li>\n<li>Ne contient pas d'agent de charge&nbsp;inutile, de&nbsp;tensides ou de fluorures ajout\u00e9s.<\/li>\n<li>Adapt\u00e9 aux enfants \u00e0 partir de 3 ans.<\/li>\n<\/ul>\n<h4>Ingr\u00e9dients<\/h4>\n<p class=\"small\">Ingredients:&nbsp;Calcium Carbonate, Aqua,&nbsp;Glycerin,&nbsp;Sorbitol, Glyzyrrhiza glabra bark*, Silica, Melia azadirachta bark*, Salvadora persica root*,&nbsp;Punica granatum&nbsp;pericarp*, Zizyphus jujuba fruit*, Syzygium jambolana bark*, Eugenia caryophyllus bark*,&nbsp;Juglans regia&nbsp;shell*, Barleria prionitis bark*, Prunus amygdalus shell*, Terminalia sericea nut*, Quercus infectoria bark*, Zanthoxylum americanum bark*, Zanthoxylum alatum bark*, Caesalpinia sappans bark*, Rubia cordifolia bark*, Acacia catechu bark*, Smilax aristolochiaefolia bark*, Cinnamomum ceylanicum bark*, Mimusops elangi bark*, Anacyclus pyrethrum bark*, Carum copticum flower*, Geranium maculatum flower*,&nbsp;Thymus vulgaris&nbsp;seed*,&nbsp;Mentha piperita&nbsp;leave**, Mentha viridis leave**,&nbsp;Eucalyptus globulus&nbsp;leave**,&nbsp;Pimpinella anisumseed**, Chondrus crispus**<br>Preserved with:&nbsp;Sodium Benzoate<br>* extract, ** oil<\/p>\n","protected":false},"excerpt":{"rendered":"<p>Dentifrice ayurv\u00e9dien aux herbes - APEIRON &nbsp; &nbsp; Dentifrice aux herbes avec 24 extraits particuliers de plantes &nbsp; Aurom\u00e8re dentifrice aux plantes &nbsp; &nbsp; &nbsp; &nbsp; Un dentifrice non-moussant, 100% naturel, avec une forte proportion de plantes ayurv\u00e9diques. Tr\u00e8s concentr\u00e9. Avec de la menthe. Sans agent-tensio actif ni fluoride Une poudre min\u00e9rale fine enl\u00e8ve les d\u00e9p\u00f4ts dentaires en douceur. Le&nbsp;<a href=\"https:\/\/bien-etreiris.ch\/de\/produktpraesentation\/hygiene\/koerperpflege\/mundhygiene\/natuerliche-zahnpasta\/apeiron\/\" class=\"read-more\">Weiter lesen<\/a><\/p>\n","protected":false},"author":1,"featured_media":45567,"parent":49022,"menu_order":5660,"comment_status":"closed","ping_status":"closed","template":"page-with-child.php","meta":{"_acf_changed":false,"ngg_post_thumbnail":0,"footnotes":""},"class_list":["post-45569","page","type-page","status-publish","has-post-thumbnail","hentry"],"acf":[],"yoast_head":"<!-- This site is optimized with the Yoast SEO plugin v27.5 - https:\/\/yoast.com\/product\/yoast-seo-wordpress\/ -->\n<title>APEIRON - WOHLBEFINDEN<\/title>\n<meta name=\"robots\" content=\"index, follow, max-snippet:-1, max-image-preview:large, max-video-preview:-1\" \/>\n<link rel=\"canonical\" href=\"https:\/\/bien-etreiris.ch\/de\/produktpraesentation\/hygiene\/koerperpflege\/mundhygiene\/natuerliche-zahnpasta\/apeiron\/\" \/>\n<meta property=\"og:locale\" content=\"de_DE\" \/>\n<meta property=\"og:type\" content=\"article\" \/>\n<meta property=\"og:title\" content=\"APEIRON - WOHLBEFINDEN\" \/>\n<meta property=\"og:description\" content=\"Dentifrice ayurv\u00e9dien aux herbes - APEIRON &nbsp; &nbsp; Dentifrice aux herbes avec 24 extraits particuliers de plantes &nbsp; Aurom\u00e8re dentifrice aux plantes &nbsp; &nbsp; &nbsp; &nbsp; Un dentifrice non-moussant, 100% naturel, avec une forte proportion de plantes ayurv\u00e9diques. Tr\u00e8s concentr\u00e9. Avec de la menthe. Sans agent-tensio actif ni fluoride Une poudre min\u00e9rale fine enl\u00e8ve les d\u00e9p\u00f4ts dentaires en douceur. Le&nbsp;Weiter lesen\" \/>\n<meta property=\"og:url\" content=\"https:\/\/bien-etreiris.ch\/de\/produktpraesentation\/hygiene\/koerperpflege\/mundhygiene\/natuerliche-zahnpasta\/apeiron\/\" \/>\n<meta property=\"og:site_name\" content=\"WOHLBEFINDEN\" \/>\n<meta property=\"article:publisher\" content=\"https:\/\/www.facebook.com\/bienetreiris\/\" \/>\n<meta property=\"og:image\" content=\"https:\/\/bien-etreiris.ch\/wp-content\/uploads\/2021\/05\/acceuil-Apeiron.png\" \/>\n\t<meta property=\"og:image:width\" content=\"500\" \/>\n\t<meta property=\"og:image:height\" content=\"337\" \/>\n\t<meta property=\"og:image:type\" content=\"image\/png\" \/>\n<meta name=\"twitter:label1\" content=\"Gesch\u00e4tzte Lesezeit\" \/>\n\t<meta name=\"twitter:data1\" content=\"2\u00a0Minuten\" \/>\n<script type=\"application\/ld+json\" class=\"yoast-schema-graph\">{\"@context\":\"https:\\\/\\\/schema.org\",\"@graph\":[{\"@type\":\"WebPage\",\"@id\":\"https:\\\/\\\/bien-etreiris.ch\\\/de\\\/produktpraesentation\\\/hygiene\\\/koerperpflege\\\/mundhygiene\\\/natuerliche-zahnpasta\\\/apeiron\\\/\",\"url\":\"https:\\\/\\\/bien-etreiris.ch\\\/de\\\/produktpraesentation\\\/hygiene\\\/koerperpflege\\\/mundhygiene\\\/natuerliche-zahnpasta\\\/apeiron\\\/\",\"name\":\"APEIRON - WOHLBEFINDEN\",\"isPartOf\":{\"@id\":\"https:\\\/\\\/bien-etreiris.ch\\\/de\\\/#website\"},\"primaryImageOfPage\":{\"@id\":\"https:\\\/\\\/bien-etreiris.ch\\\/de\\\/produktpraesentation\\\/hygiene\\\/koerperpflege\\\/mundhygiene\\\/natuerliche-zahnpasta\\\/apeiron\\\/#primaryimage\"},\"image\":{\"@id\":\"https:\\\/\\\/bien-etreiris.ch\\\/de\\\/produktpraesentation\\\/hygiene\\\/koerperpflege\\\/mundhygiene\\\/natuerliche-zahnpasta\\\/apeiron\\\/#primaryimage\"},\"thumbnailUrl\":\"https:\\\/\\\/bien-etreiris.ch\\\/wp-content\\\/uploads\\\/2021\\\/05\\\/acceuil-Apeiron.png\",\"datePublished\":\"2021-05-21T08:44:53+00:00\",\"breadcrumb\":{\"@id\":\"https:\\\/\\\/bien-etreiris.ch\\\/de\\\/produktpraesentation\\\/hygiene\\\/koerperpflege\\\/mundhygiene\\\/natuerliche-zahnpasta\\\/apeiron\\\/#breadcrumb\"},\"inLanguage\":\"de\",\"potentialAction\":[{\"@type\":\"ReadAction\",\"target\":[\"https:\\\/\\\/bien-etreiris.ch\\\/de\\\/produktpraesentation\\\/hygiene\\\/koerperpflege\\\/mundhygiene\\\/natuerliche-zahnpasta\\\/apeiron\\\/\"]}]},{\"@type\":\"ImageObject\",\"inLanguage\":\"de\",\"@id\":\"https:\\\/\\\/bien-etreiris.ch\\\/de\\\/produktpraesentation\\\/hygiene\\\/koerperpflege\\\/mundhygiene\\\/natuerliche-zahnpasta\\\/apeiron\\\/#primaryimage\",\"url\":\"https:\\\/\\\/bien-etreiris.ch\\\/wp-content\\\/uploads\\\/2021\\\/05\\\/acceuil-Apeiron.png\",\"contentUrl\":\"https:\\\/\\\/bien-etreiris.ch\\\/wp-content\\\/uploads\\\/2021\\\/05\\\/acceuil-Apeiron.png\",\"width\":500,\"height\":337},{\"@type\":\"BreadcrumbList\",\"@id\":\"https:\\\/\\\/bien-etreiris.ch\\\/de\\\/produktpraesentation\\\/hygiene\\\/koerperpflege\\\/mundhygiene\\\/natuerliche-zahnpasta\\\/apeiron\\\/#breadcrumb\",\"itemListElement\":[{\"@type\":\"ListItem\",\"position\":1,\"name\":\"Home\",\"item\":\"https:\\\/\\\/bien-etreiris.ch\\\/de\\\/\"},{\"@type\":\"ListItem\",\"position\":2,\"name\":\"PRODUKTPR\u00c4SENTATION\",\"item\":\"https:\\\/\\\/bien-etreiris.ch\\\/de\\\/produktpraesentation\\\/\"},{\"@type\":\"ListItem\",\"position\":3,\"name\":\"HYGIENE\",\"item\":\"https:\\\/\\\/bien-etreiris.ch\\\/de\\\/produktpraesentation\\\/hygiene\\\/\"},{\"@type\":\"ListItem\",\"position\":4,\"name\":\"K\u00d6RPERPFLEGE\",\"item\":\"https:\\\/\\\/bien-etreiris.ch\\\/de\\\/produktpraesentation\\\/hygiene\\\/koerperpflege\\\/\"},{\"@type\":\"ListItem\",\"position\":5,\"name\":\"MUNDHYGIENE\",\"item\":\"https:\\\/\\\/bien-etreiris.ch\\\/de\\\/produktpraesentation\\\/hygiene\\\/koerperpflege\\\/mundhygiene\\\/\"},{\"@type\":\"ListItem\",\"position\":6,\"name\":\"NAT\u00dcRLICHE ZAHNPASTA\",\"item\":\"https:\\\/\\\/bien-etreiris.ch\\\/de\\\/produktpraesentation\\\/hygiene\\\/koerperpflege\\\/mundhygiene\\\/natuerliche-zahnpasta\\\/\"},{\"@type\":\"ListItem\",\"position\":7,\"name\":\"APEIRON\"}]},{\"@type\":\"WebSite\",\"@id\":\"https:\\\/\\\/bien-etreiris.ch\\\/de\\\/#website\",\"url\":\"https:\\\/\\\/bien-etreiris.ch\\\/de\\\/\",\"name\":\"Bien-\u00eatre Iris\",\"description\":\"IHRE Gesundheit ist uns wichtig\",\"potentialAction\":[{\"@type\":\"SearchAction\",\"target\":{\"@type\":\"EntryPoint\",\"urlTemplate\":\"https:\\\/\\\/bien-etreiris.ch\\\/de\\\/?s={search_term_string}\"},\"query-input\":{\"@type\":\"PropertyValueSpecification\",\"valueRequired\":true,\"valueName\":\"search_term_string\"}}],\"inLanguage\":\"de\"}]}<\/script>\n<!-- \/ Yoast SEO plugin. -->","yoast_head_json":{"title":"APEIRON - WOHLBEFINDEN","robots":{"index":"index","follow":"follow","max-snippet":"max-snippet:-1","max-image-preview":"max-image-preview:large","max-video-preview":"max-video-preview:-1"},"canonical":"https:\/\/bien-etreiris.ch\/de\/produktpraesentation\/hygiene\/koerperpflege\/mundhygiene\/natuerliche-zahnpasta\/apeiron\/","og_locale":"de_DE","og_type":"article","og_title":"APEIRON - WOHLBEFINDEN","og_description":"Dentifrice ayurv\u00e9dien aux herbes - APEIRON &nbsp; &nbsp; Dentifrice aux herbes avec 24 extraits particuliers de plantes &nbsp; Aurom\u00e8re dentifrice aux plantes &nbsp; &nbsp; &nbsp; &nbsp; Un dentifrice non-moussant, 100% naturel, avec une forte proportion de plantes ayurv\u00e9diques. Tr\u00e8s concentr\u00e9. Avec de la menthe. Sans agent-tensio actif ni fluoride Une poudre min\u00e9rale fine enl\u00e8ve les d\u00e9p\u00f4ts dentaires en douceur. Le&nbsp;Weiter lesen","og_url":"https:\/\/bien-etreiris.ch\/de\/produktpraesentation\/hygiene\/koerperpflege\/mundhygiene\/natuerliche-zahnpasta\/apeiron\/","og_site_name":"WOHLBEFINDEN","article_publisher":"https:\/\/www.facebook.com\/bienetreiris\/","og_image":[{"width":500,"height":337,"url":"https:\/\/bien-etreiris.ch\/wp-content\/uploads\/2021\/05\/acceuil-Apeiron.png","type":"image\/png"}],"twitter_misc":{"Gesch\u00e4tzte Lesezeit":"2\u00a0Minuten"},"schema":{"@context":"https:\/\/schema.org","@graph":[{"@type":"WebPage","@id":"https:\/\/bien-etreiris.ch\/de\/produktpraesentation\/hygiene\/koerperpflege\/mundhygiene\/natuerliche-zahnpasta\/apeiron\/","url":"https:\/\/bien-etreiris.ch\/de\/produktpraesentation\/hygiene\/koerperpflege\/mundhygiene\/natuerliche-zahnpasta\/apeiron\/","name":"APEIRON - WOHLBEFINDEN","isPartOf":{"@id":"https:\/\/bien-etreiris.ch\/de\/#website"},"primaryImageOfPage":{"@id":"https:\/\/bien-etreiris.ch\/de\/produktpraesentation\/hygiene\/koerperpflege\/mundhygiene\/natuerliche-zahnpasta\/apeiron\/#primaryimage"},"image":{"@id":"https:\/\/bien-etreiris.ch\/de\/produktpraesentation\/hygiene\/koerperpflege\/mundhygiene\/natuerliche-zahnpasta\/apeiron\/#primaryimage"},"thumbnailUrl":"https:\/\/bien-etreiris.ch\/wp-content\/uploads\/2021\/05\/acceuil-Apeiron.png","datePublished":"2021-05-21T08:44:53+00:00","breadcrumb":{"@id":"https:\/\/bien-etreiris.ch\/de\/produktpraesentation\/hygiene\/koerperpflege\/mundhygiene\/natuerliche-zahnpasta\/apeiron\/#breadcrumb"},"inLanguage":"de","potentialAction":[{"@type":"ReadAction","target":["https:\/\/bien-etreiris.ch\/de\/produktpraesentation\/hygiene\/koerperpflege\/mundhygiene\/natuerliche-zahnpasta\/apeiron\/"]}]},{"@type":"ImageObject","inLanguage":"de","@id":"https:\/\/bien-etreiris.ch\/de\/produktpraesentation\/hygiene\/koerperpflege\/mundhygiene\/natuerliche-zahnpasta\/apeiron\/#primaryimage","url":"https:\/\/bien-etreiris.ch\/wp-content\/uploads\/2021\/05\/acceuil-Apeiron.png","contentUrl":"https:\/\/bien-etreiris.ch\/wp-content\/uploads\/2021\/05\/acceuil-Apeiron.png","width":500,"height":337},{"@type":"BreadcrumbList","@id":"https:\/\/bien-etreiris.ch\/de\/produktpraesentation\/hygiene\/koerperpflege\/mundhygiene\/natuerliche-zahnpasta\/apeiron\/#breadcrumb","itemListElement":[{"@type":"ListItem","position":1,"name":"Home","item":"https:\/\/bien-etreiris.ch\/de\/"},{"@type":"ListItem","position":2,"name":"PRODUKTPR\u00c4SENTATION","item":"https:\/\/bien-etreiris.ch\/de\/produktpraesentation\/"},{"@type":"ListItem","position":3,"name":"HYGIENE","item":"https:\/\/bien-etreiris.ch\/de\/produktpraesentation\/hygiene\/"},{"@type":"ListItem","position":4,"name":"K\u00d6RPERPFLEGE","item":"https:\/\/bien-etreiris.ch\/de\/produktpraesentation\/hygiene\/koerperpflege\/"},{"@type":"ListItem","position":5,"name":"MUNDHYGIENE","item":"https:\/\/bien-etreiris.ch\/de\/produktpraesentation\/hygiene\/koerperpflege\/mundhygiene\/"},{"@type":"ListItem","position":6,"name":"NAT\u00dcRLICHE ZAHNPASTA","item":"https:\/\/bien-etreiris.ch\/de\/produktpraesentation\/hygiene\/koerperpflege\/mundhygiene\/natuerliche-zahnpasta\/"},{"@type":"ListItem","position":7,"name":"APEIRON"}]},{"@type":"WebSite","@id":"https:\/\/bien-etreiris.ch\/de\/#website","url":"https:\/\/bien-etreiris.ch\/de\/","name":"Bien-\u00eatre Iris","description":"IHRE Gesundheit ist uns wichtig","potentialAction":[{"@type":"SearchAction","target":{"@type":"EntryPoint","urlTemplate":"https:\/\/bien-etreiris.ch\/de\/?s={search_term_string}"},"query-input":{"@type":"PropertyValueSpecification","valueRequired":true,"valueName":"search_term_string"}}],"inLanguage":"de"}]}},"_links":{"self":[{"href":"https:\/\/bien-etreiris.ch\/de\/wp-json\/wp\/v2\/pages\/45569","targetHints":{"allow":["GET"]}}],"collection":[{"href":"https:\/\/bien-etreiris.ch\/de\/wp-json\/wp\/v2\/pages"}],"about":[{"href":"https:\/\/bien-etreiris.ch\/de\/wp-json\/wp\/v2\/types\/page"}],"author":[{"embeddable":true,"href":"https:\/\/bien-etreiris.ch\/de\/wp-json\/wp\/v2\/users\/1"}],"replies":[{"embeddable":true,"href":"https:\/\/bien-etreiris.ch\/de\/wp-json\/wp\/v2\/comments?post=45569"}],"version-history":[{"count":1,"href":"https:\/\/bien-etreiris.ch\/de\/wp-json\/wp\/v2\/pages\/45569\/revisions"}],"predecessor-version":[{"id":45572,"href":"https:\/\/bien-etreiris.ch\/de\/wp-json\/wp\/v2\/pages\/45569\/revisions\/45572"}],"up":[{"embeddable":true,"href":"https:\/\/bien-etreiris.ch\/de\/wp-json\/wp\/v2\/pages\/49022"}],"wp:featuredmedia":[{"embeddable":true,"href":"https:\/\/bien-etreiris.ch\/de\/wp-json\/wp\/v2\/media\/45567"}],"wp:attachment":[{"href":"https:\/\/bien-etreiris.ch\/de\/wp-json\/wp\/v2\/media?parent=45569"}],"curies":[{"name":"wp","href":"https:\/\/api.w.org\/{rel}","templated":true}]}}