{"id":45530,"date":"2021-05-21T10:06:46","date_gmt":"2021-05-21T08:06:46","guid":{"rendered":"https:\/\/bien-etreiris.ch\/?page_id=45530"},"modified":"2021-05-28T14:30:48","modified_gmt":"2021-05-28T12:30:48","slug":"zungenreiniger","status":"publish","type":"page","link":"https:\/\/bien-etreiris.ch\/de\/produktpraesentation\/hygiene\/koerperpflege\/mundhygiene\/zungenreiniger\/","title":{"rendered":"ZUNGENREINIGER"},"content":{"rendered":"\n<h2>Zungenabstreifer aus rostfreiem Stahl<\/h2>\n<h4><br>Ayurvedischer Zungenschaber<\/h4>\n<div class=\"product attribute overview\">\n<div class=\"value more\">\n<p>&nbsp;<\/p>\n<p><a href=\"https:\/\/bien-etreiris.ch\/wp-content\/uploads\/2021\/05\/Gratte-langue-acier-inoxdable.png\"><img loading=\"lazy\" decoding=\"async\" class=\"alignleft wp-image-45523\" src=\"https:\/\/bien-etreiris.ch\/wp-content\/uploads\/2021\/05\/Gratte-langue-acier-inoxdable-300x300.png\" alt=\"\" width=\"400\" height=\"400\" srcset=\"https:\/\/bien-etreiris.ch\/wp-content\/uploads\/2021\/05\/Gratte-langue-acier-inoxdable-300x300.png 300w, https:\/\/bien-etreiris.ch\/wp-content\/uploads\/2021\/05\/Gratte-langue-acier-inoxdable-150x150.png 150w, https:\/\/bien-etreiris.ch\/wp-content\/uploads\/2021\/05\/Gratte-langue-acier-inoxdable.png 500w\" sizes=\"auto, (max-width: 400px) 100vw, 400px\" \/><\/a><\/p>\n<p>&nbsp;<\/p>\n<\/div>\n<\/div>\n<p>&nbsp;<\/p>\n<p>&nbsp;<\/p>\n<div class=\"product attribute overview\">\n<div class=\"value more\">\n<p>&nbsp;<\/p>\n<div class=\"p-m-hersteller\">\n<div class=\"p-m-right\">Zusammensetzung:<br>Rostfreier Stahl<\/div>\n<\/div>\n<\/div>\n<\/div>\n<p>Inhalt: 1 St\u00fcck<br>1 St\u00fcck CHF 8.00<\/p>\n<p>&nbsp;<\/p>\n<p>&nbsp;<\/p>\n<div id=\"description\" class=\"data item content\" role=\"tabpanel\" data-role=\"content\" aria-labelledby=\"tab-label-description\" aria-hidden=\"false\">\n<p>F\u00fcr einen frischen Start in den Tag m\u00fcssen laut Ayurveda nicht nur die Z\u00e4hne, sondern auch die Zunge regelm\u00e4\u00dfig gereinigt werden, da sich im Schlaf oft Plaque bildet. Diese ausgeschiedenen Stoffwechselr\u00fcckst\u00e4nde (ayurvedisch ama) k\u00f6nnen die Ursache f\u00fcr Mundgeruch, Parodontose oder Karies sein.<\/p>\n<p>&nbsp;<\/p>\n<p><br><br><\/p>\n<\/div>\n","protected":false},"excerpt":{"rendered":"<p>Zungenabstreifer aus rostfreiem Stahl Ayurvedischer Zungenschaber &nbsp; &nbsp; &nbsp; &nbsp; &nbsp; Zusammensetzung:Rostfreier Stahl Inhalt: 1 St\u00fcck1 St\u00fcck CHF 8.00 &nbsp; &nbsp; F\u00fcr einen frischen Start in den Tag m\u00fcssen laut Ayurveda nicht nur die Z\u00e4hne, sondern auch die Zunge regelm\u00e4\u00dfig gereinigt werden, da sich im Schlaf oft Plaque bildet. Diese ausgeschiedenen Stoffwechselr\u00fcckst\u00e4nde (ayurvedisch ama) k\u00f6nnen die Ursache f\u00fcr Mundgeruch, Parodontose&nbsp;<a href=\"https:\/\/bien-etreiris.ch\/de\/produktpraesentation\/hygiene\/koerperpflege\/mundhygiene\/zungenreiniger\/\" class=\"read-more\">Weiter lesen<\/a><\/p>\n","protected":false},"author":1,"featured_media":45528,"parent":47838,"menu_order":5663,"comment_status":"closed","ping_status":"closed","template":"page-with-child.php","meta":{"_acf_changed":false,"ngg_post_thumbnail":0,"footnotes":""},"class_list":["post-45530","page","type-page","status-publish","has-post-thumbnail","hentry"],"acf":[],"yoast_head":"<!-- This site is optimized with the Yoast SEO plugin v27.5 - https:\/\/yoast.com\/product\/yoast-seo-wordpress\/ -->\n<title>ZUNGENREINIGER - WOHLBEFINDEN<\/title>\n<meta name=\"robots\" content=\"index, follow, max-snippet:-1, max-image-preview:large, max-video-preview:-1\" \/>\n<link rel=\"canonical\" href=\"https:\/\/bien-etreiris.ch\/de\/produktpraesentation\/hygiene\/koerperpflege\/mundhygiene\/zungenreiniger\/\" \/>\n<meta property=\"og:locale\" content=\"de_DE\" \/>\n<meta property=\"og:type\" content=\"article\" \/>\n<meta property=\"og:title\" content=\"ZUNGENREINIGER - WOHLBEFINDEN\" \/>\n<meta property=\"og:description\" content=\"Zungenabstreifer aus rostfreiem Stahl Ayurvedischer Zungenschaber &nbsp; &nbsp; &nbsp; &nbsp; &nbsp; Zusammensetzung:Rostfreier Stahl Inhalt: 1 St\u00fcck1 St\u00fcck CHF 8.00 &nbsp; &nbsp; F\u00fcr einen frischen Start in den Tag m\u00fcssen laut Ayurveda nicht nur die Z\u00e4hne, sondern auch die Zunge regelm\u00e4\u00dfig gereinigt werden, da sich im Schlaf oft Plaque bildet. Diese ausgeschiedenen Stoffwechselr\u00fcckst\u00e4nde (ayurvedisch ama) k\u00f6nnen die Ursache f\u00fcr Mundgeruch, Parodontose&nbsp;Weiter lesen\" \/>\n<meta property=\"og:url\" content=\"https:\/\/bien-etreiris.ch\/de\/produktpraesentation\/hygiene\/koerperpflege\/mundhygiene\/zungenreiniger\/\" \/>\n<meta property=\"og:site_name\" content=\"WOHLBEFINDEN\" \/>\n<meta property=\"article:publisher\" content=\"https:\/\/www.facebook.com\/bienetreiris\/\" \/>\n<meta property=\"article:modified_time\" content=\"2021-05-28T12:30:48+00:00\" \/>\n<meta property=\"og:image\" content=\"https:\/\/bien-etreiris.ch\/wp-content\/uploads\/2021\/05\/acceuil-gratte-langue.jpg\" \/>\n\t<meta property=\"og:image:width\" content=\"500\" \/>\n\t<meta property=\"og:image:height\" content=\"333\" \/>\n\t<meta property=\"og:image:type\" content=\"image\/jpeg\" \/>\n<meta name=\"twitter:label1\" content=\"Gesch\u00e4tzte Lesezeit\" \/>\n\t<meta name=\"twitter:data1\" content=\"1\u00a0Minute\" \/>\n<script type=\"application\/ld+json\" class=\"yoast-schema-graph\">{\"@context\":\"https:\\\/\\\/schema.org\",\"@graph\":[{\"@type\":\"WebPage\",\"@id\":\"https:\\\/\\\/bien-etreiris.ch\\\/de\\\/produktpraesentation\\\/hygiene\\\/koerperpflege\\\/mundhygiene\\\/zungenreiniger\\\/\",\"url\":\"https:\\\/\\\/bien-etreiris.ch\\\/de\\\/produktpraesentation\\\/hygiene\\\/koerperpflege\\\/mundhygiene\\\/zungenreiniger\\\/\",\"name\":\"ZUNGENREINIGER - WOHLBEFINDEN\",\"isPartOf\":{\"@id\":\"https:\\\/\\\/bien-etreiris.ch\\\/de\\\/#website\"},\"primaryImageOfPage\":{\"@id\":\"https:\\\/\\\/bien-etreiris.ch\\\/de\\\/produktpraesentation\\\/hygiene\\\/koerperpflege\\\/mundhygiene\\\/zungenreiniger\\\/#primaryimage\"},\"image\":{\"@id\":\"https:\\\/\\\/bien-etreiris.ch\\\/de\\\/produktpraesentation\\\/hygiene\\\/koerperpflege\\\/mundhygiene\\\/zungenreiniger\\\/#primaryimage\"},\"thumbnailUrl\":\"https:\\\/\\\/bien-etreiris.ch\\\/wp-content\\\/uploads\\\/2021\\\/05\\\/acceuil-gratte-langue.jpg\",\"datePublished\":\"2021-05-21T08:06:46+00:00\",\"dateModified\":\"2021-05-28T12:30:48+00:00\",\"breadcrumb\":{\"@id\":\"https:\\\/\\\/bien-etreiris.ch\\\/de\\\/produktpraesentation\\\/hygiene\\\/koerperpflege\\\/mundhygiene\\\/zungenreiniger\\\/#breadcrumb\"},\"inLanguage\":\"de\",\"potentialAction\":[{\"@type\":\"ReadAction\",\"target\":[\"https:\\\/\\\/bien-etreiris.ch\\\/de\\\/produktpraesentation\\\/hygiene\\\/koerperpflege\\\/mundhygiene\\\/zungenreiniger\\\/\"]}]},{\"@type\":\"ImageObject\",\"inLanguage\":\"de\",\"@id\":\"https:\\\/\\\/bien-etreiris.ch\\\/de\\\/produktpraesentation\\\/hygiene\\\/koerperpflege\\\/mundhygiene\\\/zungenreiniger\\\/#primaryimage\",\"url\":\"https:\\\/\\\/bien-etreiris.ch\\\/wp-content\\\/uploads\\\/2021\\\/05\\\/acceuil-gratte-langue.jpg\",\"contentUrl\":\"https:\\\/\\\/bien-etreiris.ch\\\/wp-content\\\/uploads\\\/2021\\\/05\\\/acceuil-gratte-langue.jpg\",\"width\":500,\"height\":333},{\"@type\":\"BreadcrumbList\",\"@id\":\"https:\\\/\\\/bien-etreiris.ch\\\/de\\\/produktpraesentation\\\/hygiene\\\/koerperpflege\\\/mundhygiene\\\/zungenreiniger\\\/#breadcrumb\",\"itemListElement\":[{\"@type\":\"ListItem\",\"position\":1,\"name\":\"Home\",\"item\":\"https:\\\/\\\/bien-etreiris.ch\\\/de\\\/\"},{\"@type\":\"ListItem\",\"position\":2,\"name\":\"PRODUKTPR\u00c4SENTATION\",\"item\":\"https:\\\/\\\/bien-etreiris.ch\\\/de\\\/produktpraesentation\\\/\"},{\"@type\":\"ListItem\",\"position\":3,\"name\":\"HYGIENE\",\"item\":\"https:\\\/\\\/bien-etreiris.ch\\\/de\\\/produktpraesentation\\\/hygiene\\\/\"},{\"@type\":\"ListItem\",\"position\":4,\"name\":\"K\u00d6RPERPFLEGE\",\"item\":\"https:\\\/\\\/bien-etreiris.ch\\\/de\\\/produktpraesentation\\\/hygiene\\\/koerperpflege\\\/\"},{\"@type\":\"ListItem\",\"position\":5,\"name\":\"MUNDHYGIENE\",\"item\":\"https:\\\/\\\/bien-etreiris.ch\\\/de\\\/produktpraesentation\\\/hygiene\\\/koerperpflege\\\/mundhygiene\\\/\"},{\"@type\":\"ListItem\",\"position\":6,\"name\":\"ZUNGENREINIGER\"}]},{\"@type\":\"WebSite\",\"@id\":\"https:\\\/\\\/bien-etreiris.ch\\\/de\\\/#website\",\"url\":\"https:\\\/\\\/bien-etreiris.ch\\\/de\\\/\",\"name\":\"Bien-\u00eatre Iris\",\"description\":\"IHRE Gesundheit ist uns wichtig\",\"potentialAction\":[{\"@type\":\"SearchAction\",\"target\":{\"@type\":\"EntryPoint\",\"urlTemplate\":\"https:\\\/\\\/bien-etreiris.ch\\\/de\\\/?s={search_term_string}\"},\"query-input\":{\"@type\":\"PropertyValueSpecification\",\"valueRequired\":true,\"valueName\":\"search_term_string\"}}],\"inLanguage\":\"de\"}]}<\/script>\n<!-- \/ Yoast SEO plugin. -->","yoast_head_json":{"title":"ZUNGENREINIGER - WOHLBEFINDEN","robots":{"index":"index","follow":"follow","max-snippet":"max-snippet:-1","max-image-preview":"max-image-preview:large","max-video-preview":"max-video-preview:-1"},"canonical":"https:\/\/bien-etreiris.ch\/de\/produktpraesentation\/hygiene\/koerperpflege\/mundhygiene\/zungenreiniger\/","og_locale":"de_DE","og_type":"article","og_title":"ZUNGENREINIGER - WOHLBEFINDEN","og_description":"Zungenabstreifer aus rostfreiem Stahl Ayurvedischer Zungenschaber &nbsp; &nbsp; &nbsp; &nbsp; &nbsp; Zusammensetzung:Rostfreier Stahl Inhalt: 1 St\u00fcck1 St\u00fcck CHF 8.00 &nbsp; &nbsp; F\u00fcr einen frischen Start in den Tag m\u00fcssen laut Ayurveda nicht nur die Z\u00e4hne, sondern auch die Zunge regelm\u00e4\u00dfig gereinigt werden, da sich im Schlaf oft Plaque bildet. Diese ausgeschiedenen Stoffwechselr\u00fcckst\u00e4nde (ayurvedisch ama) k\u00f6nnen die Ursache f\u00fcr Mundgeruch, Parodontose&nbsp;Weiter lesen","og_url":"https:\/\/bien-etreiris.ch\/de\/produktpraesentation\/hygiene\/koerperpflege\/mundhygiene\/zungenreiniger\/","og_site_name":"WOHLBEFINDEN","article_publisher":"https:\/\/www.facebook.com\/bienetreiris\/","article_modified_time":"2021-05-28T12:30:48+00:00","og_image":[{"width":500,"height":333,"url":"https:\/\/bien-etreiris.ch\/wp-content\/uploads\/2021\/05\/acceuil-gratte-langue.jpg","type":"image\/jpeg"}],"twitter_misc":{"Gesch\u00e4tzte Lesezeit":"1\u00a0Minute"},"schema":{"@context":"https:\/\/schema.org","@graph":[{"@type":"WebPage","@id":"https:\/\/bien-etreiris.ch\/de\/produktpraesentation\/hygiene\/koerperpflege\/mundhygiene\/zungenreiniger\/","url":"https:\/\/bien-etreiris.ch\/de\/produktpraesentation\/hygiene\/koerperpflege\/mundhygiene\/zungenreiniger\/","name":"ZUNGENREINIGER - WOHLBEFINDEN","isPartOf":{"@id":"https:\/\/bien-etreiris.ch\/de\/#website"},"primaryImageOfPage":{"@id":"https:\/\/bien-etreiris.ch\/de\/produktpraesentation\/hygiene\/koerperpflege\/mundhygiene\/zungenreiniger\/#primaryimage"},"image":{"@id":"https:\/\/bien-etreiris.ch\/de\/produktpraesentation\/hygiene\/koerperpflege\/mundhygiene\/zungenreiniger\/#primaryimage"},"thumbnailUrl":"https:\/\/bien-etreiris.ch\/wp-content\/uploads\/2021\/05\/acceuil-gratte-langue.jpg","datePublished":"2021-05-21T08:06:46+00:00","dateModified":"2021-05-28T12:30:48+00:00","breadcrumb":{"@id":"https:\/\/bien-etreiris.ch\/de\/produktpraesentation\/hygiene\/koerperpflege\/mundhygiene\/zungenreiniger\/#breadcrumb"},"inLanguage":"de","potentialAction":[{"@type":"ReadAction","target":["https:\/\/bien-etreiris.ch\/de\/produktpraesentation\/hygiene\/koerperpflege\/mundhygiene\/zungenreiniger\/"]}]},{"@type":"ImageObject","inLanguage":"de","@id":"https:\/\/bien-etreiris.ch\/de\/produktpraesentation\/hygiene\/koerperpflege\/mundhygiene\/zungenreiniger\/#primaryimage","url":"https:\/\/bien-etreiris.ch\/wp-content\/uploads\/2021\/05\/acceuil-gratte-langue.jpg","contentUrl":"https:\/\/bien-etreiris.ch\/wp-content\/uploads\/2021\/05\/acceuil-gratte-langue.jpg","width":500,"height":333},{"@type":"BreadcrumbList","@id":"https:\/\/bien-etreiris.ch\/de\/produktpraesentation\/hygiene\/koerperpflege\/mundhygiene\/zungenreiniger\/#breadcrumb","itemListElement":[{"@type":"ListItem","position":1,"name":"Home","item":"https:\/\/bien-etreiris.ch\/de\/"},{"@type":"ListItem","position":2,"name":"PRODUKTPR\u00c4SENTATION","item":"https:\/\/bien-etreiris.ch\/de\/produktpraesentation\/"},{"@type":"ListItem","position":3,"name":"HYGIENE","item":"https:\/\/bien-etreiris.ch\/de\/produktpraesentation\/hygiene\/"},{"@type":"ListItem","position":4,"name":"K\u00d6RPERPFLEGE","item":"https:\/\/bien-etreiris.ch\/de\/produktpraesentation\/hygiene\/koerperpflege\/"},{"@type":"ListItem","position":5,"name":"MUNDHYGIENE","item":"https:\/\/bien-etreiris.ch\/de\/produktpraesentation\/hygiene\/koerperpflege\/mundhygiene\/"},{"@type":"ListItem","position":6,"name":"ZUNGENREINIGER"}]},{"@type":"WebSite","@id":"https:\/\/bien-etreiris.ch\/de\/#website","url":"https:\/\/bien-etreiris.ch\/de\/","name":"Bien-\u00eatre Iris","description":"IHRE Gesundheit ist uns wichtig","potentialAction":[{"@type":"SearchAction","target":{"@type":"EntryPoint","urlTemplate":"https:\/\/bien-etreiris.ch\/de\/?s={search_term_string}"},"query-input":{"@type":"PropertyValueSpecification","valueRequired":true,"valueName":"search_term_string"}}],"inLanguage":"de"}]}},"_links":{"self":[{"href":"https:\/\/bien-etreiris.ch\/de\/wp-json\/wp\/v2\/pages\/45530","targetHints":{"allow":["GET"]}}],"collection":[{"href":"https:\/\/bien-etreiris.ch\/de\/wp-json\/wp\/v2\/pages"}],"about":[{"href":"https:\/\/bien-etreiris.ch\/de\/wp-json\/wp\/v2\/types\/page"}],"author":[{"embeddable":true,"href":"https:\/\/bien-etreiris.ch\/de\/wp-json\/wp\/v2\/users\/1"}],"replies":[{"embeddable":true,"href":"https:\/\/bien-etreiris.ch\/de\/wp-json\/wp\/v2\/comments?post=45530"}],"version-history":[{"count":5,"href":"https:\/\/bien-etreiris.ch\/de\/wp-json\/wp\/v2\/pages\/45530\/revisions"}],"predecessor-version":[{"id":47853,"href":"https:\/\/bien-etreiris.ch\/de\/wp-json\/wp\/v2\/pages\/45530\/revisions\/47853"}],"up":[{"embeddable":true,"href":"https:\/\/bien-etreiris.ch\/de\/wp-json\/wp\/v2\/pages\/47838"}],"wp:featuredmedia":[{"embeddable":true,"href":"https:\/\/bien-etreiris.ch\/de\/wp-json\/wp\/v2\/media\/45528"}],"wp:attachment":[{"href":"https:\/\/bien-etreiris.ch\/de\/wp-json\/wp\/v2\/media?parent=45530"}],"curies":[{"name":"wp","href":"https:\/\/api.w.org\/{rel}","templated":true}]}}