{"id":45507,"date":"2021-05-21T08:52:04","date_gmt":"2021-05-21T06:52:04","guid":{"rendered":"https:\/\/bien-etreiris.ch\/?page_id=45507"},"modified":"2021-05-28T14:42:15","modified_gmt":"2021-05-28T12:42:15","slug":"interdentalbuersten","status":"publish","type":"page","link":"https:\/\/bien-etreiris.ch\/de\/produktpraesentation\/hygiene\/koerperpflege\/mundhygiene\/interdentalbuersten\/","title":{"rendered":"INTERDENTALB\u00dcRSTEN"},"content":{"rendered":"\n<h2>Interdentalb\u00fcrsten<\/h2>\n<p>Was bieten die Circum\u00ae Interdentalb\u00fcrsten, was andere nicht haben?<\/p>\n<p>Andere Interdentalb\u00fcrsten sind entweder gerade oder kegelf\u00f6rmig. Beide Typen reinigen die Interdentalr\u00e4ume, in die sie eingesetzt werden. Die Form der Circum\u00ae Interdentalb\u00fcrste ist patentiert. Er sorgt nachweislich f\u00fcr eine bessere Reinigung und erreicht bei der Reinigung gr\u00f6\u00dfere Fl\u00e4chen. Die l\u00e4ngeren \u00e4usseren Borsten \u00f6ffnen sich beim Einf\u00fchren in den Interdentalraum und reinigen auch die Zahnr\u00fcckseite.<br>Unterschiede zu anderen Interdentalb\u00fcrsten<\/p>\n<p>Zirkum-Interdentalb\u00fcrsten erm\u00f6glichen eine vollst\u00e4ndige und effiziente Reinigung der Zahnperipherie und eine gleichzeitige Massage des Zahnfleischs. Durch eine bessere Anordnung der B\u00fcrsten k\u00f6nnen diese auch in kleinste Interdentalr\u00e4ume eingef\u00fchrt werden.<\/p>\n<p>Ihre Wirksamkeit wurde durch eine randomisierte kontrollierte Studie nachgewiesen, die eine absolute Referenz unter den wissenschaftlichen Studien darstellt. Namhafte Zahn\u00e4rzte bevorzugen den Einsatz dieser B\u00fcrsten, z. B. Prof. Dr. Adrian Lussi, der den Prophylaxe-Award 2018 erhielt, Prof. Dr. Lang...<\/p>\n<p>Circum Interdentalb\u00fcrsten eignen sich f\u00fcr die Reinigung von Zahnzwischenr\u00e4umen an nat\u00fcrlichen und k\u00fcnstlichen Z\u00e4hnen, Implantaten, Kronen und Br\u00fccken sowie an zahnmedizinischen Ger\u00e4ten.<br>Verwenden Sie .<\/p>\n<p>F\u00fchren Sie die B\u00fcrste mit leichtem Druck in den Halter ein (rotierendes Einf\u00fchrsystem). Dr\u00fccken Sie mit dem Daumen, um die B\u00fcrsten zu wechseln.<br>Spreizen Sie zu Beginn die Lippen weit, um eine freie Sicht auf den zu behandelnden Bereich zu haben.<br>F\u00fchren Sie die B\u00fcrste gerade in den Interdentalraum, oberhalb der Papille (Wucherung zwischen den Z\u00e4hnen) ein.<br>Bei leichtem Widerstand die B\u00fcrste gerade halten, leicht sch\u00fctteln, nie mit Gewalt in den Interdentalraum dr\u00fccken. Sp\u00fclen Sie die B\u00fcrste regelm\u00e4\u00dfig, wenn m\u00f6glich zweimal in jedem Zahnzwischenraum.<br>Idealerweise reinigen Sie die Zahnzwischenr\u00e4ume vor dem Z\u00e4hneputzen und verwenden Sie keine Zahnpasta oder Gel. Dies ist nicht notwendig und behindert die Sicht.<br>Wenn Sie fertig sind, lassen Sie die gereinigten Pinsel auf ihrem Halter, legen Sie den Halter\/Griff auf den Rand der Tasse und lassen Sie ihn trocknen.<\/p>\n<p>Die \u00f6kologischen Gr\u00fcnde f\u00fcr Circum\u00ae Interdentalb\u00fcrsten<\/p>\n<p>Die B\u00fcrsten sind austauschbar und sehr klein. Der Einwegteil besteht aus Kunststoff, ist aber auf ein Minimum reduziert. Der Griff ist wiederverwendbar.<\/p>\n<p>Die B\u00fcrsten sind in jeder Art erh\u00e4ltlich.<\/p>\n<p>Die Verpackung ist bis auf ein kleines \u00dcbersichtsfenster frei von Kunststoff.<\/p>\n<p>Hergestellt in Deutschland<\/p>\n","protected":false},"excerpt":{"rendered":"<p>Interdentalb\u00fcrsten Was bieten die Circum\u00ae Interdentalb\u00fcrsten, was andere nicht haben? Andere Interdentalb\u00fcrsten sind entweder gerade oder kegelf\u00f6rmig. Beide Typen reinigen die Interdentalr\u00e4ume, in die sie eingesetzt werden. Die Form der Circum\u00ae Interdentalb\u00fcrste ist patentiert. Er sorgt nachweislich f\u00fcr eine bessere Reinigung und erreicht bei der Reinigung gr\u00f6\u00dfere Fl\u00e4chen. Die l\u00e4ngeren \u00e4usseren Borsten \u00f6ffnen sich beim Einf\u00fchren in den Interdentalraum und&nbsp;<a href=\"https:\/\/bien-etreiris.ch\/de\/produktpraesentation\/hygiene\/koerperpflege\/mundhygiene\/interdentalbuersten\/\" class=\"read-more\">Weiter lesen<\/a><\/p>\n","protected":false},"author":1,"featured_media":45504,"parent":47838,"menu_order":5666,"comment_status":"closed","ping_status":"closed","template":"page-with-child.php","meta":{"_acf_changed":false,"ngg_post_thumbnail":0,"footnotes":""},"class_list":["post-45507","page","type-page","status-publish","has-post-thumbnail","hentry"],"acf":[],"yoast_head":"<!-- This site is optimized with the Yoast SEO plugin v27.5 - https:\/\/yoast.com\/product\/yoast-seo-wordpress\/ -->\n<title>INTERDENTALB\u00dcRSTEN - WOHLBEFINDEN<\/title>\n<meta name=\"robots\" content=\"index, follow, max-snippet:-1, max-image-preview:large, max-video-preview:-1\" \/>\n<link rel=\"canonical\" href=\"https:\/\/bien-etreiris.ch\/de\/produktpraesentation\/hygiene\/koerperpflege\/mundhygiene\/interdentalbuersten\/\" \/>\n<meta property=\"og:locale\" content=\"de_DE\" \/>\n<meta property=\"og:type\" content=\"article\" \/>\n<meta property=\"og:title\" content=\"INTERDENTALB\u00dcRSTEN - WOHLBEFINDEN\" \/>\n<meta property=\"og:description\" content=\"Interdentalb\u00fcrsten Was bieten die Circum\u00ae Interdentalb\u00fcrsten, was andere nicht haben? Andere Interdentalb\u00fcrsten sind entweder gerade oder kegelf\u00f6rmig. Beide Typen reinigen die Interdentalr\u00e4ume, in die sie eingesetzt werden. Die Form der Circum\u00ae Interdentalb\u00fcrste ist patentiert. Er sorgt nachweislich f\u00fcr eine bessere Reinigung und erreicht bei der Reinigung gr\u00f6\u00dfere Fl\u00e4chen. Die l\u00e4ngeren \u00e4usseren Borsten \u00f6ffnen sich beim Einf\u00fchren in den Interdentalraum und&nbsp;Weiter lesen\" \/>\n<meta property=\"og:url\" content=\"https:\/\/bien-etreiris.ch\/de\/produktpraesentation\/hygiene\/koerperpflege\/mundhygiene\/interdentalbuersten\/\" \/>\n<meta property=\"og:site_name\" content=\"WOHLBEFINDEN\" \/>\n<meta property=\"article:publisher\" content=\"https:\/\/www.facebook.com\/bienetreiris\/\" \/>\n<meta property=\"article:modified_time\" content=\"2021-05-28T12:42:15+00:00\" \/>\n<meta property=\"og:image\" content=\"https:\/\/bien-etreiris.ch\/wp-content\/uploads\/2021\/05\/brossettes-interdentaires.jpg\" \/>\n\t<meta property=\"og:image:width\" content=\"500\" \/>\n\t<meta property=\"og:image:height\" content=\"333\" \/>\n\t<meta property=\"og:image:type\" content=\"image\/jpeg\" \/>\n<meta name=\"twitter:label1\" content=\"Gesch\u00e4tzte Lesezeit\" \/>\n\t<meta name=\"twitter:data1\" content=\"2\u00a0Minuten\" \/>\n<script type=\"application\/ld+json\" class=\"yoast-schema-graph\">{\"@context\":\"https:\\\/\\\/schema.org\",\"@graph\":[{\"@type\":\"WebPage\",\"@id\":\"https:\\\/\\\/bien-etreiris.ch\\\/de\\\/produktpraesentation\\\/hygiene\\\/koerperpflege\\\/mundhygiene\\\/interdentalbuersten\\\/\",\"url\":\"https:\\\/\\\/bien-etreiris.ch\\\/de\\\/produktpraesentation\\\/hygiene\\\/koerperpflege\\\/mundhygiene\\\/interdentalbuersten\\\/\",\"name\":\"INTERDENTALB\u00dcRSTEN - WOHLBEFINDEN\",\"isPartOf\":{\"@id\":\"https:\\\/\\\/bien-etreiris.ch\\\/de\\\/#website\"},\"primaryImageOfPage\":{\"@id\":\"https:\\\/\\\/bien-etreiris.ch\\\/de\\\/produktpraesentation\\\/hygiene\\\/koerperpflege\\\/mundhygiene\\\/interdentalbuersten\\\/#primaryimage\"},\"image\":{\"@id\":\"https:\\\/\\\/bien-etreiris.ch\\\/de\\\/produktpraesentation\\\/hygiene\\\/koerperpflege\\\/mundhygiene\\\/interdentalbuersten\\\/#primaryimage\"},\"thumbnailUrl\":\"https:\\\/\\\/bien-etreiris.ch\\\/wp-content\\\/uploads\\\/2021\\\/05\\\/brossettes-interdentaires.jpg\",\"datePublished\":\"2021-05-21T06:52:04+00:00\",\"dateModified\":\"2021-05-28T12:42:15+00:00\",\"breadcrumb\":{\"@id\":\"https:\\\/\\\/bien-etreiris.ch\\\/de\\\/produktpraesentation\\\/hygiene\\\/koerperpflege\\\/mundhygiene\\\/interdentalbuersten\\\/#breadcrumb\"},\"inLanguage\":\"de\",\"potentialAction\":[{\"@type\":\"ReadAction\",\"target\":[\"https:\\\/\\\/bien-etreiris.ch\\\/de\\\/produktpraesentation\\\/hygiene\\\/koerperpflege\\\/mundhygiene\\\/interdentalbuersten\\\/\"]}]},{\"@type\":\"ImageObject\",\"inLanguage\":\"de\",\"@id\":\"https:\\\/\\\/bien-etreiris.ch\\\/de\\\/produktpraesentation\\\/hygiene\\\/koerperpflege\\\/mundhygiene\\\/interdentalbuersten\\\/#primaryimage\",\"url\":\"https:\\\/\\\/bien-etreiris.ch\\\/wp-content\\\/uploads\\\/2021\\\/05\\\/brossettes-interdentaires.jpg\",\"contentUrl\":\"https:\\\/\\\/bien-etreiris.ch\\\/wp-content\\\/uploads\\\/2021\\\/05\\\/brossettes-interdentaires.jpg\",\"width\":500,\"height\":333},{\"@type\":\"BreadcrumbList\",\"@id\":\"https:\\\/\\\/bien-etreiris.ch\\\/de\\\/produktpraesentation\\\/hygiene\\\/koerperpflege\\\/mundhygiene\\\/interdentalbuersten\\\/#breadcrumb\",\"itemListElement\":[{\"@type\":\"ListItem\",\"position\":1,\"name\":\"Home\",\"item\":\"https:\\\/\\\/bien-etreiris.ch\\\/de\\\/\"},{\"@type\":\"ListItem\",\"position\":2,\"name\":\"PRODUKTPR\u00c4SENTATION\",\"item\":\"https:\\\/\\\/bien-etreiris.ch\\\/de\\\/produktpraesentation\\\/\"},{\"@type\":\"ListItem\",\"position\":3,\"name\":\"HYGIENE\",\"item\":\"https:\\\/\\\/bien-etreiris.ch\\\/de\\\/produktpraesentation\\\/hygiene\\\/\"},{\"@type\":\"ListItem\",\"position\":4,\"name\":\"K\u00d6RPERPFLEGE\",\"item\":\"https:\\\/\\\/bien-etreiris.ch\\\/de\\\/produktpraesentation\\\/hygiene\\\/koerperpflege\\\/\"},{\"@type\":\"ListItem\",\"position\":5,\"name\":\"MUNDHYGIENE\",\"item\":\"https:\\\/\\\/bien-etreiris.ch\\\/de\\\/produktpraesentation\\\/hygiene\\\/koerperpflege\\\/mundhygiene\\\/\"},{\"@type\":\"ListItem\",\"position\":6,\"name\":\"INTERDENTALB\u00dcRSTEN\"}]},{\"@type\":\"WebSite\",\"@id\":\"https:\\\/\\\/bien-etreiris.ch\\\/de\\\/#website\",\"url\":\"https:\\\/\\\/bien-etreiris.ch\\\/de\\\/\",\"name\":\"Bien-\u00eatre Iris\",\"description\":\"IHRE Gesundheit ist uns wichtig\",\"potentialAction\":[{\"@type\":\"SearchAction\",\"target\":{\"@type\":\"EntryPoint\",\"urlTemplate\":\"https:\\\/\\\/bien-etreiris.ch\\\/de\\\/?s={search_term_string}\"},\"query-input\":{\"@type\":\"PropertyValueSpecification\",\"valueRequired\":true,\"valueName\":\"search_term_string\"}}],\"inLanguage\":\"de\"}]}<\/script>\n<!-- \/ Yoast SEO plugin. -->","yoast_head_json":{"title":"INTERDENTALB\u00dcRSTEN - WOHLBEFINDEN","robots":{"index":"index","follow":"follow","max-snippet":"max-snippet:-1","max-image-preview":"max-image-preview:large","max-video-preview":"max-video-preview:-1"},"canonical":"https:\/\/bien-etreiris.ch\/de\/produktpraesentation\/hygiene\/koerperpflege\/mundhygiene\/interdentalbuersten\/","og_locale":"de_DE","og_type":"article","og_title":"INTERDENTALB\u00dcRSTEN - WOHLBEFINDEN","og_description":"Interdentalb\u00fcrsten Was bieten die Circum\u00ae Interdentalb\u00fcrsten, was andere nicht haben? Andere Interdentalb\u00fcrsten sind entweder gerade oder kegelf\u00f6rmig. Beide Typen reinigen die Interdentalr\u00e4ume, in die sie eingesetzt werden. Die Form der Circum\u00ae Interdentalb\u00fcrste ist patentiert. Er sorgt nachweislich f\u00fcr eine bessere Reinigung und erreicht bei der Reinigung gr\u00f6\u00dfere Fl\u00e4chen. Die l\u00e4ngeren \u00e4usseren Borsten \u00f6ffnen sich beim Einf\u00fchren in den Interdentalraum und&nbsp;Weiter lesen","og_url":"https:\/\/bien-etreiris.ch\/de\/produktpraesentation\/hygiene\/koerperpflege\/mundhygiene\/interdentalbuersten\/","og_site_name":"WOHLBEFINDEN","article_publisher":"https:\/\/www.facebook.com\/bienetreiris\/","article_modified_time":"2021-05-28T12:42:15+00:00","og_image":[{"width":500,"height":333,"url":"https:\/\/bien-etreiris.ch\/wp-content\/uploads\/2021\/05\/brossettes-interdentaires.jpg","type":"image\/jpeg"}],"twitter_misc":{"Gesch\u00e4tzte Lesezeit":"2\u00a0Minuten"},"schema":{"@context":"https:\/\/schema.org","@graph":[{"@type":"WebPage","@id":"https:\/\/bien-etreiris.ch\/de\/produktpraesentation\/hygiene\/koerperpflege\/mundhygiene\/interdentalbuersten\/","url":"https:\/\/bien-etreiris.ch\/de\/produktpraesentation\/hygiene\/koerperpflege\/mundhygiene\/interdentalbuersten\/","name":"INTERDENTALB\u00dcRSTEN - WOHLBEFINDEN","isPartOf":{"@id":"https:\/\/bien-etreiris.ch\/de\/#website"},"primaryImageOfPage":{"@id":"https:\/\/bien-etreiris.ch\/de\/produktpraesentation\/hygiene\/koerperpflege\/mundhygiene\/interdentalbuersten\/#primaryimage"},"image":{"@id":"https:\/\/bien-etreiris.ch\/de\/produktpraesentation\/hygiene\/koerperpflege\/mundhygiene\/interdentalbuersten\/#primaryimage"},"thumbnailUrl":"https:\/\/bien-etreiris.ch\/wp-content\/uploads\/2021\/05\/brossettes-interdentaires.jpg","datePublished":"2021-05-21T06:52:04+00:00","dateModified":"2021-05-28T12:42:15+00:00","breadcrumb":{"@id":"https:\/\/bien-etreiris.ch\/de\/produktpraesentation\/hygiene\/koerperpflege\/mundhygiene\/interdentalbuersten\/#breadcrumb"},"inLanguage":"de","potentialAction":[{"@type":"ReadAction","target":["https:\/\/bien-etreiris.ch\/de\/produktpraesentation\/hygiene\/koerperpflege\/mundhygiene\/interdentalbuersten\/"]}]},{"@type":"ImageObject","inLanguage":"de","@id":"https:\/\/bien-etreiris.ch\/de\/produktpraesentation\/hygiene\/koerperpflege\/mundhygiene\/interdentalbuersten\/#primaryimage","url":"https:\/\/bien-etreiris.ch\/wp-content\/uploads\/2021\/05\/brossettes-interdentaires.jpg","contentUrl":"https:\/\/bien-etreiris.ch\/wp-content\/uploads\/2021\/05\/brossettes-interdentaires.jpg","width":500,"height":333},{"@type":"BreadcrumbList","@id":"https:\/\/bien-etreiris.ch\/de\/produktpraesentation\/hygiene\/koerperpflege\/mundhygiene\/interdentalbuersten\/#breadcrumb","itemListElement":[{"@type":"ListItem","position":1,"name":"Home","item":"https:\/\/bien-etreiris.ch\/de\/"},{"@type":"ListItem","position":2,"name":"PRODUKTPR\u00c4SENTATION","item":"https:\/\/bien-etreiris.ch\/de\/produktpraesentation\/"},{"@type":"ListItem","position":3,"name":"HYGIENE","item":"https:\/\/bien-etreiris.ch\/de\/produktpraesentation\/hygiene\/"},{"@type":"ListItem","position":4,"name":"K\u00d6RPERPFLEGE","item":"https:\/\/bien-etreiris.ch\/de\/produktpraesentation\/hygiene\/koerperpflege\/"},{"@type":"ListItem","position":5,"name":"MUNDHYGIENE","item":"https:\/\/bien-etreiris.ch\/de\/produktpraesentation\/hygiene\/koerperpflege\/mundhygiene\/"},{"@type":"ListItem","position":6,"name":"INTERDENTALB\u00dcRSTEN"}]},{"@type":"WebSite","@id":"https:\/\/bien-etreiris.ch\/de\/#website","url":"https:\/\/bien-etreiris.ch\/de\/","name":"Bien-\u00eatre Iris","description":"IHRE Gesundheit ist uns wichtig","potentialAction":[{"@type":"SearchAction","target":{"@type":"EntryPoint","urlTemplate":"https:\/\/bien-etreiris.ch\/de\/?s={search_term_string}"},"query-input":{"@type":"PropertyValueSpecification","valueRequired":true,"valueName":"search_term_string"}}],"inLanguage":"de"}]}},"_links":{"self":[{"href":"https:\/\/bien-etreiris.ch\/de\/wp-json\/wp\/v2\/pages\/45507","targetHints":{"allow":["GET"]}}],"collection":[{"href":"https:\/\/bien-etreiris.ch\/de\/wp-json\/wp\/v2\/pages"}],"about":[{"href":"https:\/\/bien-etreiris.ch\/de\/wp-json\/wp\/v2\/types\/page"}],"author":[{"embeddable":true,"href":"https:\/\/bien-etreiris.ch\/de\/wp-json\/wp\/v2\/users\/1"}],"replies":[{"embeddable":true,"href":"https:\/\/bien-etreiris.ch\/de\/wp-json\/wp\/v2\/comments?post=45507"}],"version-history":[{"count":3,"href":"https:\/\/bien-etreiris.ch\/de\/wp-json\/wp\/v2\/pages\/45507\/revisions"}],"predecessor-version":[{"id":47860,"href":"https:\/\/bien-etreiris.ch\/de\/wp-json\/wp\/v2\/pages\/45507\/revisions\/47860"}],"up":[{"embeddable":true,"href":"https:\/\/bien-etreiris.ch\/de\/wp-json\/wp\/v2\/pages\/47838"}],"wp:featuredmedia":[{"embeddable":true,"href":"https:\/\/bien-etreiris.ch\/de\/wp-json\/wp\/v2\/media\/45504"}],"wp:attachment":[{"href":"https:\/\/bien-etreiris.ch\/de\/wp-json\/wp\/v2\/media?parent=45507"}],"curies":[{"name":"wp","href":"https:\/\/api.w.org\/{rel}","templated":true}]}}