{"id":45497,"date":"2021-05-20T22:58:50","date_gmt":"2021-05-20T20:58:50","guid":{"rendered":"https:\/\/bien-etreiris.ch\/?page_id=45497"},"modified":"2021-06-08T20:42:11","modified_gmt":"2021-06-08T18:42:11","slug":"bio-brush","status":"publish","type":"page","link":"https:\/\/bien-etreiris.ch\/de\/unsere-marken\/bio-brush\/","title":{"rendered":"BIO BRUSH"},"content":{"rendered":"\n<h2>Biobrush berlin<\/h2>\n<h4><br>Ganzheitliche und nachhaltige Zahnb\u00fcrsten f\u00fcr die ganze Familie.<\/h4>\n<p>Nachhaltig und ressourceneffizient: Unter diesem Aspekt begann das Start-up biobrush berlin 2015 mit der Entwicklung einer Zahnb\u00fcrste, die orale, hygienische und \u00e4sthetische Anforderungen erf\u00fcllt. Als Rohstoffe werden haupts\u00e4chlich Holzreste aus der Industrie verwendet, bevor sie verbrannt werden. Das Ergebnis? Eine Bio-Kunststoffb\u00fcrste mit Nylonborsten auf Rizinus\u00f6lbasis - erh\u00e4ltlich in vielen Farben, zu einem g\u00fcnstigen Preis.<\/p>\n<p>&nbsp;<\/p>\n<div class=\"cat_header-txt-wrapper clearfix\">\n<h2><a href=\"https:\/\/bien-etreiris.ch\/de\/produktpraesentation\/hygiene\/koerperpflege\/mundhygiene\/zahnbuersten\/biobrush-berlin\/\" target=\"_blank\" rel=\"noopener\">ZAHNB\u00dcRSTEN biobrush-berlin<\/a><\/h2>\n<\/div>\n","protected":false},"excerpt":{"rendered":"<p>Biobrush berlin Ganzheitliche und nachhaltige Zahnb\u00fcrsten f\u00fcr die ganze Familie. Nachhaltig und ressourceneffizient: Unter diesem Aspekt begann das Start-up biobrush berlin 2015 mit der Entwicklung einer Zahnb\u00fcrste, die orale, hygienische und \u00e4sthetische Anforderungen erf\u00fcllt. Als Rohstoffe werden haupts\u00e4chlich Holzreste aus der Industrie verwendet, bevor sie verbrannt werden. Das Ergebnis? Eine Bio-Kunststoffb\u00fcrste mit Nylonborsten auf Rizinus\u00f6lbasis - erh\u00e4ltlich in vielen Farben,&nbsp;<a href=\"https:\/\/bien-etreiris.ch\/de\/unsere-marken\/bio-brush\/\" class=\"read-more\">Weiter lesen<\/a><\/p>\n","protected":false},"author":1,"featured_media":45483,"parent":44406,"menu_order":5673,"comment_status":"closed","ping_status":"closed","template":"page-with-child.php","meta":{"_acf_changed":false,"ngg_post_thumbnail":0,"footnotes":""},"class_list":["post-45497","page","type-page","status-publish","has-post-thumbnail","hentry"],"acf":[],"yoast_head":"<!-- This site is optimized with the Yoast SEO plugin v27.5 - https:\/\/yoast.com\/product\/yoast-seo-wordpress\/ -->\n<title>BIO BRUSH - WOHLBEFINDEN<\/title>\n<meta name=\"robots\" content=\"index, follow, max-snippet:-1, max-image-preview:large, max-video-preview:-1\" \/>\n<link rel=\"canonical\" href=\"https:\/\/bien-etreiris.ch\/de\/unsere-marken\/bio-brush\/\" \/>\n<meta property=\"og:locale\" content=\"de_DE\" \/>\n<meta property=\"og:type\" content=\"article\" \/>\n<meta property=\"og:title\" content=\"BIO BRUSH - WOHLBEFINDEN\" \/>\n<meta property=\"og:description\" content=\"Biobrush berlin Ganzheitliche und nachhaltige Zahnb\u00fcrsten f\u00fcr die ganze Familie. Nachhaltig und ressourceneffizient: Unter diesem Aspekt begann das Start-up biobrush berlin 2015 mit der Entwicklung einer Zahnb\u00fcrste, die orale, hygienische und \u00e4sthetische Anforderungen erf\u00fcllt. Als Rohstoffe werden haupts\u00e4chlich Holzreste aus der Industrie verwendet, bevor sie verbrannt werden. Das Ergebnis? Eine Bio-Kunststoffb\u00fcrste mit Nylonborsten auf Rizinus\u00f6lbasis - erh\u00e4ltlich in vielen Farben,&nbsp;Weiter lesen\" \/>\n<meta property=\"og:url\" content=\"https:\/\/bien-etreiris.ch\/de\/unsere-marken\/bio-brush\/\" \/>\n<meta property=\"og:site_name\" content=\"WOHLBEFINDEN\" \/>\n<meta property=\"article:publisher\" content=\"https:\/\/www.facebook.com\/bienetreiris\/\" \/>\n<meta property=\"article:modified_time\" content=\"2021-06-08T18:42:11+00:00\" \/>\n<meta property=\"og:image\" content=\"https:\/\/bien-etreiris.ch\/wp-content\/uploads\/2021\/05\/Bio-brush.jpg\" \/>\n\t<meta property=\"og:image:width\" content=\"500\" \/>\n\t<meta property=\"og:image:height\" content=\"357\" \/>\n\t<meta property=\"og:image:type\" content=\"image\/jpeg\" \/>\n<meta name=\"twitter:label1\" content=\"Gesch\u00e4tzte Lesezeit\" \/>\n\t<meta name=\"twitter:data1\" content=\"1\u00a0Minute\" \/>\n<script type=\"application\/ld+json\" class=\"yoast-schema-graph\">{\"@context\":\"https:\\\/\\\/schema.org\",\"@graph\":[{\"@type\":\"WebPage\",\"@id\":\"https:\\\/\\\/bien-etreiris.ch\\\/de\\\/unsere-marken\\\/bio-brush\\\/\",\"url\":\"https:\\\/\\\/bien-etreiris.ch\\\/de\\\/unsere-marken\\\/bio-brush\\\/\",\"name\":\"BIO BRUSH - WOHLBEFINDEN\",\"isPartOf\":{\"@id\":\"https:\\\/\\\/bien-etreiris.ch\\\/de\\\/#website\"},\"primaryImageOfPage\":{\"@id\":\"https:\\\/\\\/bien-etreiris.ch\\\/de\\\/unsere-marken\\\/bio-brush\\\/#primaryimage\"},\"image\":{\"@id\":\"https:\\\/\\\/bien-etreiris.ch\\\/de\\\/unsere-marken\\\/bio-brush\\\/#primaryimage\"},\"thumbnailUrl\":\"https:\\\/\\\/bien-etreiris.ch\\\/wp-content\\\/uploads\\\/2021\\\/05\\\/Bio-brush.jpg\",\"datePublished\":\"2021-05-20T20:58:50+00:00\",\"dateModified\":\"2021-06-08T18:42:11+00:00\",\"breadcrumb\":{\"@id\":\"https:\\\/\\\/bien-etreiris.ch\\\/de\\\/unsere-marken\\\/bio-brush\\\/#breadcrumb\"},\"inLanguage\":\"de\",\"potentialAction\":[{\"@type\":\"ReadAction\",\"target\":[\"https:\\\/\\\/bien-etreiris.ch\\\/de\\\/unsere-marken\\\/bio-brush\\\/\"]}]},{\"@type\":\"ImageObject\",\"inLanguage\":\"de\",\"@id\":\"https:\\\/\\\/bien-etreiris.ch\\\/de\\\/unsere-marken\\\/bio-brush\\\/#primaryimage\",\"url\":\"https:\\\/\\\/bien-etreiris.ch\\\/wp-content\\\/uploads\\\/2021\\\/05\\\/Bio-brush.jpg\",\"contentUrl\":\"https:\\\/\\\/bien-etreiris.ch\\\/wp-content\\\/uploads\\\/2021\\\/05\\\/Bio-brush.jpg\",\"width\":500,\"height\":357},{\"@type\":\"BreadcrumbList\",\"@id\":\"https:\\\/\\\/bien-etreiris.ch\\\/de\\\/unsere-marken\\\/bio-brush\\\/#breadcrumb\",\"itemListElement\":[{\"@type\":\"ListItem\",\"position\":1,\"name\":\"Home\",\"item\":\"https:\\\/\\\/bien-etreiris.ch\\\/de\\\/\"},{\"@type\":\"ListItem\",\"position\":2,\"name\":\"UNSERE MARKEN\",\"item\":\"https:\\\/\\\/bien-etreiris.ch\\\/de\\\/unsere-marken\\\/\"},{\"@type\":\"ListItem\",\"position\":3,\"name\":\"BIO BRUSH\"}]},{\"@type\":\"WebSite\",\"@id\":\"https:\\\/\\\/bien-etreiris.ch\\\/de\\\/#website\",\"url\":\"https:\\\/\\\/bien-etreiris.ch\\\/de\\\/\",\"name\":\"Bien-\u00eatre Iris\",\"description\":\"IHRE Gesundheit ist uns wichtig\",\"potentialAction\":[{\"@type\":\"SearchAction\",\"target\":{\"@type\":\"EntryPoint\",\"urlTemplate\":\"https:\\\/\\\/bien-etreiris.ch\\\/de\\\/?s={search_term_string}\"},\"query-input\":{\"@type\":\"PropertyValueSpecification\",\"valueRequired\":true,\"valueName\":\"search_term_string\"}}],\"inLanguage\":\"de\"}]}<\/script>\n<!-- \/ Yoast SEO plugin. -->","yoast_head_json":{"title":"BIO BRUSH - WOHLBEFINDEN","robots":{"index":"index","follow":"follow","max-snippet":"max-snippet:-1","max-image-preview":"max-image-preview:large","max-video-preview":"max-video-preview:-1"},"canonical":"https:\/\/bien-etreiris.ch\/de\/unsere-marken\/bio-brush\/","og_locale":"de_DE","og_type":"article","og_title":"BIO BRUSH - WOHLBEFINDEN","og_description":"Biobrush berlin Ganzheitliche und nachhaltige Zahnb\u00fcrsten f\u00fcr die ganze Familie. Nachhaltig und ressourceneffizient: Unter diesem Aspekt begann das Start-up biobrush berlin 2015 mit der Entwicklung einer Zahnb\u00fcrste, die orale, hygienische und \u00e4sthetische Anforderungen erf\u00fcllt. Als Rohstoffe werden haupts\u00e4chlich Holzreste aus der Industrie verwendet, bevor sie verbrannt werden. Das Ergebnis? Eine Bio-Kunststoffb\u00fcrste mit Nylonborsten auf Rizinus\u00f6lbasis - erh\u00e4ltlich in vielen Farben,&nbsp;Weiter lesen","og_url":"https:\/\/bien-etreiris.ch\/de\/unsere-marken\/bio-brush\/","og_site_name":"WOHLBEFINDEN","article_publisher":"https:\/\/www.facebook.com\/bienetreiris\/","article_modified_time":"2021-06-08T18:42:11+00:00","og_image":[{"width":500,"height":357,"url":"https:\/\/bien-etreiris.ch\/wp-content\/uploads\/2021\/05\/Bio-brush.jpg","type":"image\/jpeg"}],"twitter_misc":{"Gesch\u00e4tzte Lesezeit":"1\u00a0Minute"},"schema":{"@context":"https:\/\/schema.org","@graph":[{"@type":"WebPage","@id":"https:\/\/bien-etreiris.ch\/de\/unsere-marken\/bio-brush\/","url":"https:\/\/bien-etreiris.ch\/de\/unsere-marken\/bio-brush\/","name":"BIO BRUSH - WOHLBEFINDEN","isPartOf":{"@id":"https:\/\/bien-etreiris.ch\/de\/#website"},"primaryImageOfPage":{"@id":"https:\/\/bien-etreiris.ch\/de\/unsere-marken\/bio-brush\/#primaryimage"},"image":{"@id":"https:\/\/bien-etreiris.ch\/de\/unsere-marken\/bio-brush\/#primaryimage"},"thumbnailUrl":"https:\/\/bien-etreiris.ch\/wp-content\/uploads\/2021\/05\/Bio-brush.jpg","datePublished":"2021-05-20T20:58:50+00:00","dateModified":"2021-06-08T18:42:11+00:00","breadcrumb":{"@id":"https:\/\/bien-etreiris.ch\/de\/unsere-marken\/bio-brush\/#breadcrumb"},"inLanguage":"de","potentialAction":[{"@type":"ReadAction","target":["https:\/\/bien-etreiris.ch\/de\/unsere-marken\/bio-brush\/"]}]},{"@type":"ImageObject","inLanguage":"de","@id":"https:\/\/bien-etreiris.ch\/de\/unsere-marken\/bio-brush\/#primaryimage","url":"https:\/\/bien-etreiris.ch\/wp-content\/uploads\/2021\/05\/Bio-brush.jpg","contentUrl":"https:\/\/bien-etreiris.ch\/wp-content\/uploads\/2021\/05\/Bio-brush.jpg","width":500,"height":357},{"@type":"BreadcrumbList","@id":"https:\/\/bien-etreiris.ch\/de\/unsere-marken\/bio-brush\/#breadcrumb","itemListElement":[{"@type":"ListItem","position":1,"name":"Home","item":"https:\/\/bien-etreiris.ch\/de\/"},{"@type":"ListItem","position":2,"name":"UNSERE MARKEN","item":"https:\/\/bien-etreiris.ch\/de\/unsere-marken\/"},{"@type":"ListItem","position":3,"name":"BIO BRUSH"}]},{"@type":"WebSite","@id":"https:\/\/bien-etreiris.ch\/de\/#website","url":"https:\/\/bien-etreiris.ch\/de\/","name":"Bien-\u00eatre Iris","description":"IHRE Gesundheit ist uns wichtig","potentialAction":[{"@type":"SearchAction","target":{"@type":"EntryPoint","urlTemplate":"https:\/\/bien-etreiris.ch\/de\/?s={search_term_string}"},"query-input":{"@type":"PropertyValueSpecification","valueRequired":true,"valueName":"search_term_string"}}],"inLanguage":"de"}]}},"_links":{"self":[{"href":"https:\/\/bien-etreiris.ch\/de\/wp-json\/wp\/v2\/pages\/45497","targetHints":{"allow":["GET"]}}],"collection":[{"href":"https:\/\/bien-etreiris.ch\/de\/wp-json\/wp\/v2\/pages"}],"about":[{"href":"https:\/\/bien-etreiris.ch\/de\/wp-json\/wp\/v2\/types\/page"}],"author":[{"embeddable":true,"href":"https:\/\/bien-etreiris.ch\/de\/wp-json\/wp\/v2\/users\/1"}],"replies":[{"embeddable":true,"href":"https:\/\/bien-etreiris.ch\/de\/wp-json\/wp\/v2\/comments?post=45497"}],"version-history":[{"count":6,"href":"https:\/\/bien-etreiris.ch\/de\/wp-json\/wp\/v2\/pages\/45497\/revisions"}],"predecessor-version":[{"id":50171,"href":"https:\/\/bien-etreiris.ch\/de\/wp-json\/wp\/v2\/pages\/45497\/revisions\/50171"}],"up":[{"embeddable":true,"href":"https:\/\/bien-etreiris.ch\/de\/wp-json\/wp\/v2\/pages\/44406"}],"wp:featuredmedia":[{"embeddable":true,"href":"https:\/\/bien-etreiris.ch\/de\/wp-json\/wp\/v2\/media\/45483"}],"wp:attachment":[{"href":"https:\/\/bien-etreiris.ch\/de\/wp-json\/wp\/v2\/media?parent=45497"}],"curies":[{"name":"wp","href":"https:\/\/api.w.org\/{rel}","templated":true}]}}