{"id":45489,"date":"2021-05-20T22:55:41","date_gmt":"2021-05-20T20:55:41","guid":{"rendered":"https:\/\/bien-etreiris.ch\/?page_id=45489"},"modified":"2021-05-20T22:55:41","modified_gmt":"2021-05-20T20:55:41","slug":"biobrush-berlin","status":"publish","type":"page","link":"https:\/\/bien-etreiris.ch\/de\/produktpraesentation\/hygiene\/koerperpflege\/mundhygiene\/zahnbuersten\/biobrush-berlin\/","title":{"rendered":"BIOBRUSH BERLIN"},"content":{"rendered":"\n<div class=\"span12\" data-motopress-wrapper-file=\"page-fullwidth.php\" data-motopress-wrapper-type=\"content\">\n<div id=\"content\" class=\"row\">\n<div class=\"span12\" data-motopress-type=\"loop\" data-motopress-loop-file=\"loop\/loop-page.php\">\n<div id=\"post-32613\" class=\"page post-32613 type-page status-publish has-post-thumbnail hentry\">\n<h2>Brosse \u00e0 dents biobrush<\/h2>\n<p>&nbsp;<\/p>\n<div class=\"vc_row wpb_row vc_row-fluid ts-row-wide\">\n<div class=\"wpb_column vc_column_container vc_col-sm-12\">\n<div class=\"wpb_wrapper\">\n<div class=\"wpb_text_column wpb_content_element \">\n<div class=\"wpb_wrapper\">\n<h4><strong>Bio, <\/strong><strong>\u00e0 quoi cela sert exactement <\/strong><strong>?<\/strong><\/h4>\n<p><a href=\"https:\/\/decoiris.ch\/wp-content\/uploads\/2020\/10\/acceuil-5-3.png\"><img loading=\"lazy\" decoding=\"async\" class=\"alignleft wp-image-32665 size-full\" src=\"https:\/\/decoiris.ch\/wp-content\/uploads\/2020\/10\/acceuil-5-3.png\" sizes=\"auto, (max-width: 500px) 100vw, 500px\" srcset=\"https:\/\/bien-etreiris.ch\/wp-content\/uploads\/2020\/10\/acceuil-5-3.png 500w, https:\/\/bien-etreiris.ch\/wp-content\/uploads\/2020\/10\/acceuil-5-3-300x166.png 300w\" alt=\"\" width=\"500\" height=\"277\"><\/a>Bien avant que certains r\u00e9sidus ne soient transform\u00e9s en \u00e9lectricit\u00e9 ou en chaleur dans&nbsp; les centrales thermiques, nous, nous les transformons en brosse \u00e0 dents !<\/p>\n<\/div>\n<\/div>\n<\/div>\n<\/div>\n<\/div>\n<div class=\"vc_row wpb_row vc_row-fluid ts-row-wide ts-parallax-bg\" data-prlx-speed=\"0.1\">\n<div class=\"wpb_column vc_column_container vc_col-sm-6\">\n<div class=\"wpb_wrapper\">\n<div class=\"wpb_text_column wpb_content_element \">\n<div class=\"wpb_wrapper\">\n<p>Et cela de mani\u00e8re presque neutre en terme d\u2019\u00e9missions de CO\u00b2.<\/p>\n<\/div>\n<\/div>\n<div class=\"wpb_text_column wpb_content_element \">\n<div class=\"wpb_wrapper\">\n<p>Dans notre brosse \u00e0 dents bio et son emballage se retrouvent au final tr\u00e8s peu de ressources fossiles. Nous utilisons la cellulose issue de restes de l\u2019industrie du bois pour notre bioplastique et pour son pelliculage. Et c\u2019est avec ce bioplastique que sont fabriqu\u00e9s&nbsp; les manches et les emballages de nos brosses \u00e0 dents. Les poils en nylon, eux, sont \u00e9labor\u00e9s \u00e0 partir d\u2019huile de ricin.<\/p>\n<\/div>\n<\/div>\n<\/div>\n<\/div>\n<\/div>\n<p>1 brosse \u00e0 dents adulte <strong>CHF 4.90<\/strong><\/p>\n<p>1 brosse \u00e0 dents enfant <strong>CHF 4.30<\/strong><\/p>\n<div class=\"vc_row wpb_row vc_row-fluid ts-row-wide\">\n<div class=\"wpb_column vc_column_container vc_col-sm-12\">\n<div class=\"wpb_wrapper\">\n<div class=\"wpb_text_column wpb_content_element \">\n<div class=\"wpb_wrapper\">&nbsp;<\/div>\n<\/div>\n<\/div>\n<\/div>\n<\/div>\n<div class=\"vc_row wpb_row vc_row-fluid ts-row-wide ts-parallax-bg\" data-prlx-speed=\"0.1\">\n<div class=\"wpb_column vc_column_container vc_col-sm-6\">\n<div class=\"wpb_wrapper\">\n<div class=\"wpb_text_column wpb_content_element \">\n<div class=\"wpb_wrapper\">\n<div class=\"wpb_text_column wpb_content_element \">\n<div class=\"wpb_wrapper\">\n<h4><strong>Sant\u00e9<\/strong><\/h4>\n<ul>\n<li>Nous utilisons uniquement des assouplissants naturels pour notre bioplastique. Nous s\u00e9lectionnons soigneusement les pigments naturels de nos colorants, dont les taux de m\u00e9taux lourds sont largement en dessous des seuils habituels.<\/li>\n<li>Pour les poils de nos brosses \u00e0 dents, nous utilisons des fibres de nylon \u00e0 base d\u2019huile de ricin. Selon les avis de dentistes ind\u00e9pendants, le nylon reste le mat\u00e9riau hygi\u00e9nique le plus adapt\u00e9 pour les soins bucco-dentaires.<\/li>\n<\/ul>\n<\/div>\n<\/div>\n<p>&nbsp;<\/p>\n<\/div>\n<\/div>\n<\/div>\n<\/div>\n<\/div>\n<div class=\"wpb_column vc_column_container vc_col-sm-6\">\n<div class=\"wpb_wrapper\">\n<div class=\"wpb_text_column wpb_content_element \">\n<div class=\"wpb_wrapper\">\n<h4><strong>Environnement<\/strong><\/h4>\n<ul>\n<li>Pour la fabrication du bioplastique, des poils et de l\u2019emballage, nous utilisons uniquement des quantit\u00e9s minimes de mati\u00e8res premi\u00e8res fossiles. Le bioplastique utilis\u00e9 est con\u00e7u \u00e0 partir de r\u00e9sidus de bois, qui seraient souvent tout simplement directement br\u00fbl\u00e9s.<\/li>\n<li>Le bois provient d\u2019exploitations foresti\u00e8res durables (certificats \u00e0 l\u2019appui).<\/li>\n<li>Etant donn\u00e9 que les brosses ne contiennent pratiquement pas de mati\u00e8res premi\u00e8res fossiles, elles br\u00fbleront \u00e0 la fin de leur cycle de mani\u00e8re presque neutre, en ce qui concerne l\u2019\u00e9mission de Co2.<\/li>\n<\/ul>\n<p>&nbsp;<\/p>\n<ul>\n<li>Le recyclage thermique permet de procurer de l\u2019\u00e9lectricit\u00e9, de la chaleur et de l\u2019\u00e9nergie aux foyers (donc, jetez votre brosse \u00e0 dents dans votre bac de d\u00e9chets recyclables !)<\/li>\n<\/ul>\n<p>&nbsp;<\/p>\n<ul>\n<li>biod\u00e9gradable<strong>*<\/strong> \u2013 Nos colorants correspondent \u00e0 la norme DIN EN 13432.&nbsp; Notre bioplastique est biod\u00e9gradable selon la norme DIN EN ISO 14855 et notre emballage prim\u00e9 est de plus compostable.<\/li>\n<\/ul>\n<\/div>\n<\/div>\n<div class=\"wpb_text_column wpb_content_element \">\n<div class=\"wpb_wrapper\">\n<h4><strong>Lieu de fabrication<\/strong><\/h4>\n<p>Notre brosse \u00e0 dent bio est fabriqu\u00e9e en Allemagne. Made in Germany !<\/p>\n<\/div>\n<\/div>\n<\/div>\n<\/div>\n<div class=\"clear\">&nbsp;<\/div>\n<\/div>\n<div class=\"row\">&nbsp;<\/div>\n<\/div>\n<\/div>\n<\/div>\n","protected":false},"excerpt":{"rendered":"<p>Brosse \u00e0 dents biobrush &nbsp; Bio, \u00e0 quoi cela sert exactement ? Bien avant que certains r\u00e9sidus ne soient transform\u00e9s en \u00e9lectricit\u00e9 ou en chaleur dans&nbsp; les centrales thermiques, nous, nous les transformons en brosse \u00e0 dents ! Et cela de mani\u00e8re presque neutre en terme d\u2019\u00e9missions de CO\u00b2. Dans notre brosse \u00e0 dents bio et son emballage se retrouvent&nbsp;<a href=\"https:\/\/bien-etreiris.ch\/de\/produktpraesentation\/hygiene\/koerperpflege\/mundhygiene\/zahnbuersten\/biobrush-berlin\/\" class=\"read-more\">Weiter lesen<\/a><\/p>\n","protected":false},"author":1,"featured_media":45487,"parent":32618,"menu_order":5670,"comment_status":"closed","ping_status":"closed","template":"page-with-child.php","meta":{"_acf_changed":false,"ngg_post_thumbnail":0,"footnotes":""},"class_list":["post-45489","page","type-page","status-publish","has-post-thumbnail","hentry"],"acf":[],"yoast_head":"<!-- This site is optimized with the Yoast SEO plugin v27.5 - https:\/\/yoast.com\/product\/yoast-seo-wordpress\/ -->\n<title>BIOBRUSH BERLIN - WOHLBEFINDEN<\/title>\n<meta name=\"robots\" content=\"index, follow, max-snippet:-1, max-image-preview:large, max-video-preview:-1\" \/>\n<link rel=\"canonical\" href=\"https:\/\/bien-etreiris.ch\/de\/produktpraesentation\/hygiene\/koerperpflege\/mundhygiene\/zahnbuersten\/biobrush-berlin\/\" \/>\n<meta property=\"og:locale\" content=\"de_DE\" \/>\n<meta property=\"og:type\" content=\"article\" \/>\n<meta property=\"og:title\" content=\"BIOBRUSH BERLIN - WOHLBEFINDEN\" \/>\n<meta property=\"og:description\" content=\"Brosse \u00e0 dents biobrush &nbsp; Bio, \u00e0 quoi cela sert exactement ? Bien avant que certains r\u00e9sidus ne soient transform\u00e9s en \u00e9lectricit\u00e9 ou en chaleur dans&nbsp; les centrales thermiques, nous, nous les transformons en brosse \u00e0 dents ! Et cela de mani\u00e8re presque neutre en terme d\u2019\u00e9missions de CO\u00b2. Dans notre brosse \u00e0 dents bio et son emballage se retrouvent&nbsp;Weiter lesen\" \/>\n<meta property=\"og:url\" content=\"https:\/\/bien-etreiris.ch\/de\/produktpraesentation\/hygiene\/koerperpflege\/mundhygiene\/zahnbuersten\/biobrush-berlin\/\" \/>\n<meta property=\"og:site_name\" content=\"WOHLBEFINDEN\" \/>\n<meta property=\"article:publisher\" content=\"https:\/\/www.facebook.com\/bienetreiris\/\" \/>\n<meta property=\"og:image\" content=\"https:\/\/bien-etreiris.ch\/wp-content\/uploads\/2021\/05\/acceuil-3.jpg\" \/>\n\t<meta property=\"og:image:width\" content=\"500\" \/>\n\t<meta property=\"og:image:height\" content=\"342\" \/>\n\t<meta property=\"og:image:type\" content=\"image\/jpeg\" \/>\n<meta name=\"twitter:label1\" content=\"Gesch\u00e4tzte Lesezeit\" \/>\n\t<meta name=\"twitter:data1\" content=\"2\u00a0Minuten\" \/>\n<script type=\"application\/ld+json\" class=\"yoast-schema-graph\">{\"@context\":\"https:\\\/\\\/schema.org\",\"@graph\":[{\"@type\":\"WebPage\",\"@id\":\"https:\\\/\\\/bien-etreiris.ch\\\/de\\\/produktpraesentation\\\/hygiene\\\/koerperpflege\\\/mundhygiene\\\/zahnbuersten\\\/biobrush-berlin\\\/\",\"url\":\"https:\\\/\\\/bien-etreiris.ch\\\/de\\\/produktpraesentation\\\/hygiene\\\/koerperpflege\\\/mundhygiene\\\/zahnbuersten\\\/biobrush-berlin\\\/\",\"name\":\"BIOBRUSH BERLIN - WOHLBEFINDEN\",\"isPartOf\":{\"@id\":\"https:\\\/\\\/bien-etreiris.ch\\\/de\\\/#website\"},\"primaryImageOfPage\":{\"@id\":\"https:\\\/\\\/bien-etreiris.ch\\\/de\\\/produktpraesentation\\\/hygiene\\\/koerperpflege\\\/mundhygiene\\\/zahnbuersten\\\/biobrush-berlin\\\/#primaryimage\"},\"image\":{\"@id\":\"https:\\\/\\\/bien-etreiris.ch\\\/de\\\/produktpraesentation\\\/hygiene\\\/koerperpflege\\\/mundhygiene\\\/zahnbuersten\\\/biobrush-berlin\\\/#primaryimage\"},\"thumbnailUrl\":\"https:\\\/\\\/bien-etreiris.ch\\\/wp-content\\\/uploads\\\/2021\\\/05\\\/acceuil-3.jpg\",\"datePublished\":\"2021-05-20T20:55:41+00:00\",\"breadcrumb\":{\"@id\":\"https:\\\/\\\/bien-etreiris.ch\\\/de\\\/produktpraesentation\\\/hygiene\\\/koerperpflege\\\/mundhygiene\\\/zahnbuersten\\\/biobrush-berlin\\\/#breadcrumb\"},\"inLanguage\":\"de\",\"potentialAction\":[{\"@type\":\"ReadAction\",\"target\":[\"https:\\\/\\\/bien-etreiris.ch\\\/de\\\/produktpraesentation\\\/hygiene\\\/koerperpflege\\\/mundhygiene\\\/zahnbuersten\\\/biobrush-berlin\\\/\"]}]},{\"@type\":\"ImageObject\",\"inLanguage\":\"de\",\"@id\":\"https:\\\/\\\/bien-etreiris.ch\\\/de\\\/produktpraesentation\\\/hygiene\\\/koerperpflege\\\/mundhygiene\\\/zahnbuersten\\\/biobrush-berlin\\\/#primaryimage\",\"url\":\"https:\\\/\\\/bien-etreiris.ch\\\/wp-content\\\/uploads\\\/2021\\\/05\\\/acceuil-3.jpg\",\"contentUrl\":\"https:\\\/\\\/bien-etreiris.ch\\\/wp-content\\\/uploads\\\/2021\\\/05\\\/acceuil-3.jpg\",\"width\":500,\"height\":342},{\"@type\":\"BreadcrumbList\",\"@id\":\"https:\\\/\\\/bien-etreiris.ch\\\/de\\\/produktpraesentation\\\/hygiene\\\/koerperpflege\\\/mundhygiene\\\/zahnbuersten\\\/biobrush-berlin\\\/#breadcrumb\",\"itemListElement\":[{\"@type\":\"ListItem\",\"position\":1,\"name\":\"Home\",\"item\":\"https:\\\/\\\/bien-etreiris.ch\\\/de\\\/\"},{\"@type\":\"ListItem\",\"position\":2,\"name\":\"PRODUKTPR\u00c4SENTATION\",\"item\":\"https:\\\/\\\/bien-etreiris.ch\\\/de\\\/produktpraesentation\\\/\"},{\"@type\":\"ListItem\",\"position\":3,\"name\":\"HYGIENE\",\"item\":\"https:\\\/\\\/bien-etreiris.ch\\\/de\\\/produktpraesentation\\\/hygiene\\\/\"},{\"@type\":\"ListItem\",\"position\":4,\"name\":\"K\u00d6RPERPFLEGE\",\"item\":\"https:\\\/\\\/bien-etreiris.ch\\\/de\\\/produktpraesentation\\\/hygiene\\\/koerperpflege\\\/\"},{\"@type\":\"ListItem\",\"position\":5,\"name\":\"MUNDHYGIENE\",\"item\":\"https:\\\/\\\/bien-etreiris.ch\\\/de\\\/produktpraesentation\\\/hygiene\\\/koerperpflege\\\/mundhygiene\\\/\"},{\"@type\":\"ListItem\",\"position\":6,\"name\":\"ZAHNB\u00dcRSTEN\",\"item\":\"https:\\\/\\\/bien-etreiris.ch\\\/de\\\/produktpraesentation\\\/hygiene\\\/koerperpflege\\\/mundhygiene\\\/zahnbuersten\\\/\"},{\"@type\":\"ListItem\",\"position\":7,\"name\":\"BIOBRUSH BERLIN\"}]},{\"@type\":\"WebSite\",\"@id\":\"https:\\\/\\\/bien-etreiris.ch\\\/de\\\/#website\",\"url\":\"https:\\\/\\\/bien-etreiris.ch\\\/de\\\/\",\"name\":\"Bien-\u00eatre Iris\",\"description\":\"IHRE Gesundheit ist uns wichtig\",\"potentialAction\":[{\"@type\":\"SearchAction\",\"target\":{\"@type\":\"EntryPoint\",\"urlTemplate\":\"https:\\\/\\\/bien-etreiris.ch\\\/de\\\/?s={search_term_string}\"},\"query-input\":{\"@type\":\"PropertyValueSpecification\",\"valueRequired\":true,\"valueName\":\"search_term_string\"}}],\"inLanguage\":\"de\"}]}<\/script>\n<!-- \/ Yoast SEO plugin. -->","yoast_head_json":{"title":"BIOBRUSH BERLIN - WOHLBEFINDEN","robots":{"index":"index","follow":"follow","max-snippet":"max-snippet:-1","max-image-preview":"max-image-preview:large","max-video-preview":"max-video-preview:-1"},"canonical":"https:\/\/bien-etreiris.ch\/de\/produktpraesentation\/hygiene\/koerperpflege\/mundhygiene\/zahnbuersten\/biobrush-berlin\/","og_locale":"de_DE","og_type":"article","og_title":"BIOBRUSH BERLIN - WOHLBEFINDEN","og_description":"Brosse \u00e0 dents biobrush &nbsp; Bio, \u00e0 quoi cela sert exactement ? Bien avant que certains r\u00e9sidus ne soient transform\u00e9s en \u00e9lectricit\u00e9 ou en chaleur dans&nbsp; les centrales thermiques, nous, nous les transformons en brosse \u00e0 dents ! Et cela de mani\u00e8re presque neutre en terme d\u2019\u00e9missions de CO\u00b2. Dans notre brosse \u00e0 dents bio et son emballage se retrouvent&nbsp;Weiter lesen","og_url":"https:\/\/bien-etreiris.ch\/de\/produktpraesentation\/hygiene\/koerperpflege\/mundhygiene\/zahnbuersten\/biobrush-berlin\/","og_site_name":"WOHLBEFINDEN","article_publisher":"https:\/\/www.facebook.com\/bienetreiris\/","og_image":[{"width":500,"height":342,"url":"https:\/\/bien-etreiris.ch\/wp-content\/uploads\/2021\/05\/acceuil-3.jpg","type":"image\/jpeg"}],"twitter_misc":{"Gesch\u00e4tzte Lesezeit":"2\u00a0Minuten"},"schema":{"@context":"https:\/\/schema.org","@graph":[{"@type":"WebPage","@id":"https:\/\/bien-etreiris.ch\/de\/produktpraesentation\/hygiene\/koerperpflege\/mundhygiene\/zahnbuersten\/biobrush-berlin\/","url":"https:\/\/bien-etreiris.ch\/de\/produktpraesentation\/hygiene\/koerperpflege\/mundhygiene\/zahnbuersten\/biobrush-berlin\/","name":"BIOBRUSH BERLIN - WOHLBEFINDEN","isPartOf":{"@id":"https:\/\/bien-etreiris.ch\/de\/#website"},"primaryImageOfPage":{"@id":"https:\/\/bien-etreiris.ch\/de\/produktpraesentation\/hygiene\/koerperpflege\/mundhygiene\/zahnbuersten\/biobrush-berlin\/#primaryimage"},"image":{"@id":"https:\/\/bien-etreiris.ch\/de\/produktpraesentation\/hygiene\/koerperpflege\/mundhygiene\/zahnbuersten\/biobrush-berlin\/#primaryimage"},"thumbnailUrl":"https:\/\/bien-etreiris.ch\/wp-content\/uploads\/2021\/05\/acceuil-3.jpg","datePublished":"2021-05-20T20:55:41+00:00","breadcrumb":{"@id":"https:\/\/bien-etreiris.ch\/de\/produktpraesentation\/hygiene\/koerperpflege\/mundhygiene\/zahnbuersten\/biobrush-berlin\/#breadcrumb"},"inLanguage":"de","potentialAction":[{"@type":"ReadAction","target":["https:\/\/bien-etreiris.ch\/de\/produktpraesentation\/hygiene\/koerperpflege\/mundhygiene\/zahnbuersten\/biobrush-berlin\/"]}]},{"@type":"ImageObject","inLanguage":"de","@id":"https:\/\/bien-etreiris.ch\/de\/produktpraesentation\/hygiene\/koerperpflege\/mundhygiene\/zahnbuersten\/biobrush-berlin\/#primaryimage","url":"https:\/\/bien-etreiris.ch\/wp-content\/uploads\/2021\/05\/acceuil-3.jpg","contentUrl":"https:\/\/bien-etreiris.ch\/wp-content\/uploads\/2021\/05\/acceuil-3.jpg","width":500,"height":342},{"@type":"BreadcrumbList","@id":"https:\/\/bien-etreiris.ch\/de\/produktpraesentation\/hygiene\/koerperpflege\/mundhygiene\/zahnbuersten\/biobrush-berlin\/#breadcrumb","itemListElement":[{"@type":"ListItem","position":1,"name":"Home","item":"https:\/\/bien-etreiris.ch\/de\/"},{"@type":"ListItem","position":2,"name":"PRODUKTPR\u00c4SENTATION","item":"https:\/\/bien-etreiris.ch\/de\/produktpraesentation\/"},{"@type":"ListItem","position":3,"name":"HYGIENE","item":"https:\/\/bien-etreiris.ch\/de\/produktpraesentation\/hygiene\/"},{"@type":"ListItem","position":4,"name":"K\u00d6RPERPFLEGE","item":"https:\/\/bien-etreiris.ch\/de\/produktpraesentation\/hygiene\/koerperpflege\/"},{"@type":"ListItem","position":5,"name":"MUNDHYGIENE","item":"https:\/\/bien-etreiris.ch\/de\/produktpraesentation\/hygiene\/koerperpflege\/mundhygiene\/"},{"@type":"ListItem","position":6,"name":"ZAHNB\u00dcRSTEN","item":"https:\/\/bien-etreiris.ch\/de\/produktpraesentation\/hygiene\/koerperpflege\/mundhygiene\/zahnbuersten\/"},{"@type":"ListItem","position":7,"name":"BIOBRUSH BERLIN"}]},{"@type":"WebSite","@id":"https:\/\/bien-etreiris.ch\/de\/#website","url":"https:\/\/bien-etreiris.ch\/de\/","name":"Bien-\u00eatre Iris","description":"IHRE Gesundheit ist uns wichtig","potentialAction":[{"@type":"SearchAction","target":{"@type":"EntryPoint","urlTemplate":"https:\/\/bien-etreiris.ch\/de\/?s={search_term_string}"},"query-input":{"@type":"PropertyValueSpecification","valueRequired":true,"valueName":"search_term_string"}}],"inLanguage":"de"}]}},"_links":{"self":[{"href":"https:\/\/bien-etreiris.ch\/de\/wp-json\/wp\/v2\/pages\/45489","targetHints":{"allow":["GET"]}}],"collection":[{"href":"https:\/\/bien-etreiris.ch\/de\/wp-json\/wp\/v2\/pages"}],"about":[{"href":"https:\/\/bien-etreiris.ch\/de\/wp-json\/wp\/v2\/types\/page"}],"author":[{"embeddable":true,"href":"https:\/\/bien-etreiris.ch\/de\/wp-json\/wp\/v2\/users\/1"}],"replies":[{"embeddable":true,"href":"https:\/\/bien-etreiris.ch\/de\/wp-json\/wp\/v2\/comments?post=45489"}],"version-history":[{"count":1,"href":"https:\/\/bien-etreiris.ch\/de\/wp-json\/wp\/v2\/pages\/45489\/revisions"}],"predecessor-version":[{"id":45492,"href":"https:\/\/bien-etreiris.ch\/de\/wp-json\/wp\/v2\/pages\/45489\/revisions\/45492"}],"up":[{"embeddable":true,"href":"https:\/\/bien-etreiris.ch\/de\/wp-json\/wp\/v2\/pages\/32618"}],"wp:featuredmedia":[{"embeddable":true,"href":"https:\/\/bien-etreiris.ch\/de\/wp-json\/wp\/v2\/media\/45487"}],"wp:attachment":[{"href":"https:\/\/bien-etreiris.ch\/de\/wp-json\/wp\/v2\/media?parent=45489"}],"curies":[{"name":"wp","href":"https:\/\/api.w.org\/{rel}","templated":true}]}}