{"id":45425,"date":"2021-05-20T16:19:14","date_gmt":"2021-05-20T14:19:14","guid":{"rendered":"https:\/\/bien-etreiris.ch\/?page_id=45425"},"modified":"2021-05-24T07:56:20","modified_gmt":"2021-05-24T05:56:20","slug":"oko-tips","status":"publish","type":"page","link":"https:\/\/bien-etreiris.ch\/de\/fundgrube-deals\/oko-tips\/","title":{"rendered":"\u00d6KO &#8211; TIPS"},"content":{"rendered":"\n<h2 class=\"elementor-heading-title elementor-size-default\">\u00d6ko - Tips<\/h2>\n<p>&nbsp;<\/p>\n<h4 class=\"post-title\"><a href=\"https:\/\/bien-etreiris.ch\/de\/liste-der-einwegartikel\/\" target=\"_blank\" rel=\"noopener\">Die Liste der Einweg-Alltagsgegenst\u00e4nde, die durch nachhaltige Objekte ersetzt werden k\u00f6nnen<\/a><\/h4>\n<p>&nbsp;<\/p>\n<section class=\"elementor-section elementor-top-section elementor-element elementor-element-6c95902 elementor-section-boxed elementor-section-height-default elementor-section-height-default\" data-id=\"6c95902\" data-element_type=\"section\">\n<div class=\"elementor-container elementor-column-gap-default\">\n<div class=\"elementor-row\">\n<div class=\"elementor-column elementor-col-100 elementor-top-column elementor-element elementor-element-ba03816\" data-id=\"ba03816\" data-element_type=\"column\">\n<div class=\"elementor-column-wrap elementor-element-populated\">\n<div class=\"elementor-widget-wrap\">\n<div class=\"elementor-element elementor-element-4b30f73 elementor-widget elementor-widget-text-editor\" data-id=\"4b30f73\" data-element_type=\"widget\" data-widget_type=\"text-editor.default\">\n<div class=\"elementor-widget-container\">\n<div class=\"elementor-text-editor elementor-clearfix\">\n<p>Verbrauchsmaterial... aber nicht nur!<br>Hergestellt aus nat\u00fcrlichen und nachwachsenden Rohstoffen, erh\u00e4ltlich in wirtschaftlichen Formaten und manchmal nachf\u00fcllbar, um die Auswirkungen der Verpackung zu begrenzen, sind Verbrauchsmaterialien echte \u00f6kologische Alternativen zum konventionellen Sektor.<\/p>\n<p>&nbsp;<\/p>\n<\/div>\n<\/div>\n<\/div>\n<\/div>\n<\/div>\n<\/div>\n<\/div>\n<\/div>\n<\/section>\n","protected":false},"excerpt":{"rendered":"<p>\u00d6ko - Tips &nbsp; Die Liste der Einweg-Alltagsgegenst\u00e4nde, die durch nachhaltige Objekte ersetzt werden k\u00f6nnen &nbsp; Verbrauchsmaterial... aber nicht nur!Hergestellt aus nat\u00fcrlichen und nachwachsenden Rohstoffen, erh\u00e4ltlich in wirtschaftlichen Formaten und manchmal nachf\u00fcllbar, um die Auswirkungen der Verpackung zu begrenzen, sind Verbrauchsmaterialien echte \u00f6kologische Alternativen zum konventionellen Sektor. &nbsp;<\/p>\n","protected":false},"author":1,"featured_media":46527,"parent":44515,"menu_order":5683,"comment_status":"closed","ping_status":"closed","template":"page-with-child.php","meta":{"_acf_changed":false,"ngg_post_thumbnail":0,"footnotes":""},"class_list":["post-45425","page","type-page","status-publish","has-post-thumbnail","hentry"],"acf":[],"yoast_head":"<!-- This site is optimized with the Yoast SEO plugin v27.6 - https:\/\/yoast.com\/product\/yoast-seo-wordpress\/ -->\n<title>\u00d6KO - TIPS - WOHLBEFINDEN<\/title>\n<meta name=\"robots\" content=\"index, follow, max-snippet:-1, max-image-preview:large, max-video-preview:-1\" \/>\n<link rel=\"canonical\" href=\"https:\/\/bien-etreiris.ch\/de\/fundgrube-deals\/oko-tips\/\" \/>\n<meta property=\"og:locale\" content=\"de_DE\" \/>\n<meta property=\"og:type\" content=\"article\" \/>\n<meta property=\"og:title\" content=\"\u00d6KO - TIPS - WOHLBEFINDEN\" \/>\n<meta property=\"og:description\" content=\"\u00d6ko - Tips &nbsp; Die Liste der Einweg-Alltagsgegenst\u00e4nde, die durch nachhaltige Objekte ersetzt werden k\u00f6nnen &nbsp; Verbrauchsmaterial... aber nicht nur!Hergestellt aus nat\u00fcrlichen und nachwachsenden Rohstoffen, erh\u00e4ltlich in wirtschaftlichen Formaten und manchmal nachf\u00fcllbar, um die Auswirkungen der Verpackung zu begrenzen, sind Verbrauchsmaterialien echte \u00f6kologische Alternativen zum konventionellen Sektor. &nbsp;\" \/>\n<meta property=\"og:url\" content=\"https:\/\/bien-etreiris.ch\/de\/fundgrube-deals\/oko-tips\/\" \/>\n<meta property=\"og:site_name\" content=\"WOHLBEFINDEN\" \/>\n<meta property=\"article:publisher\" content=\"https:\/\/www.facebook.com\/bienetreiris\/\" \/>\n<meta property=\"article:modified_time\" content=\"2021-05-24T05:56:20+00:00\" \/>\n<meta property=\"og:image\" content=\"https:\/\/bien-etreiris.ch\/wp-content\/uploads\/2021\/05\/acceuil-Eco-conseil.jpg\" \/>\n\t<meta property=\"og:image:width\" content=\"500\" \/>\n\t<meta property=\"og:image:height\" content=\"333\" \/>\n\t<meta property=\"og:image:type\" content=\"image\/jpeg\" \/>\n<meta name=\"twitter:label1\" content=\"Gesch\u00e4tzte Lesezeit\" \/>\n\t<meta name=\"twitter:data1\" content=\"1\u00a0Minute\" \/>\n<script type=\"application\/ld+json\" class=\"yoast-schema-graph\">{\"@context\":\"https:\\\/\\\/schema.org\",\"@graph\":[{\"@type\":\"WebPage\",\"@id\":\"https:\\\/\\\/bien-etreiris.ch\\\/de\\\/fundgrube-deals\\\/oko-tips\\\/\",\"url\":\"https:\\\/\\\/bien-etreiris.ch\\\/de\\\/fundgrube-deals\\\/oko-tips\\\/\",\"name\":\"\u00d6KO - TIPS - WOHLBEFINDEN\",\"isPartOf\":{\"@id\":\"https:\\\/\\\/bien-etreiris.ch\\\/de\\\/#website\"},\"primaryImageOfPage\":{\"@id\":\"https:\\\/\\\/bien-etreiris.ch\\\/de\\\/fundgrube-deals\\\/oko-tips\\\/#primaryimage\"},\"image\":{\"@id\":\"https:\\\/\\\/bien-etreiris.ch\\\/de\\\/fundgrube-deals\\\/oko-tips\\\/#primaryimage\"},\"thumbnailUrl\":\"https:\\\/\\\/bien-etreiris.ch\\\/wp-content\\\/uploads\\\/2021\\\/05\\\/acceuil-Eco-conseil.jpg\",\"datePublished\":\"2021-05-20T14:19:14+00:00\",\"dateModified\":\"2021-05-24T05:56:20+00:00\",\"breadcrumb\":{\"@id\":\"https:\\\/\\\/bien-etreiris.ch\\\/de\\\/fundgrube-deals\\\/oko-tips\\\/#breadcrumb\"},\"inLanguage\":\"de\",\"potentialAction\":[{\"@type\":\"ReadAction\",\"target\":[\"https:\\\/\\\/bien-etreiris.ch\\\/de\\\/fundgrube-deals\\\/oko-tips\\\/\"]}]},{\"@type\":\"ImageObject\",\"inLanguage\":\"de\",\"@id\":\"https:\\\/\\\/bien-etreiris.ch\\\/de\\\/fundgrube-deals\\\/oko-tips\\\/#primaryimage\",\"url\":\"https:\\\/\\\/bien-etreiris.ch\\\/wp-content\\\/uploads\\\/2021\\\/05\\\/acceuil-Eco-conseil.jpg\",\"contentUrl\":\"https:\\\/\\\/bien-etreiris.ch\\\/wp-content\\\/uploads\\\/2021\\\/05\\\/acceuil-Eco-conseil.jpg\",\"width\":500,\"height\":333},{\"@type\":\"BreadcrumbList\",\"@id\":\"https:\\\/\\\/bien-etreiris.ch\\\/de\\\/fundgrube-deals\\\/oko-tips\\\/#breadcrumb\",\"itemListElement\":[{\"@type\":\"ListItem\",\"position\":1,\"name\":\"Home\",\"item\":\"https:\\\/\\\/bien-etreiris.ch\\\/de\\\/\"},{\"@type\":\"ListItem\",\"position\":2,\"name\":\"FUNDGRUBE &#038; DEALS\",\"item\":\"https:\\\/\\\/bien-etreiris.ch\\\/de\\\/fundgrube-deals\\\/\"},{\"@type\":\"ListItem\",\"position\":3,\"name\":\"\u00d6KO &#8211; TIPS\"}]},{\"@type\":\"WebSite\",\"@id\":\"https:\\\/\\\/bien-etreiris.ch\\\/de\\\/#website\",\"url\":\"https:\\\/\\\/bien-etreiris.ch\\\/de\\\/\",\"name\":\"Bien-\u00eatre Iris\",\"description\":\"IHRE Gesundheit ist uns wichtig\",\"potentialAction\":[{\"@type\":\"SearchAction\",\"target\":{\"@type\":\"EntryPoint\",\"urlTemplate\":\"https:\\\/\\\/bien-etreiris.ch\\\/de\\\/?s={search_term_string}\"},\"query-input\":{\"@type\":\"PropertyValueSpecification\",\"valueRequired\":true,\"valueName\":\"search_term_string\"}}],\"inLanguage\":\"de\"}]}<\/script>\n<!-- \/ Yoast SEO plugin. -->","yoast_head_json":{"title":"\u00d6KO - TIPS - WOHLBEFINDEN","robots":{"index":"index","follow":"follow","max-snippet":"max-snippet:-1","max-image-preview":"max-image-preview:large","max-video-preview":"max-video-preview:-1"},"canonical":"https:\/\/bien-etreiris.ch\/de\/fundgrube-deals\/oko-tips\/","og_locale":"de_DE","og_type":"article","og_title":"\u00d6KO - TIPS - WOHLBEFINDEN","og_description":"\u00d6ko - Tips &nbsp; Die Liste der Einweg-Alltagsgegenst\u00e4nde, die durch nachhaltige Objekte ersetzt werden k\u00f6nnen &nbsp; Verbrauchsmaterial... aber nicht nur!Hergestellt aus nat\u00fcrlichen und nachwachsenden Rohstoffen, erh\u00e4ltlich in wirtschaftlichen Formaten und manchmal nachf\u00fcllbar, um die Auswirkungen der Verpackung zu begrenzen, sind Verbrauchsmaterialien echte \u00f6kologische Alternativen zum konventionellen Sektor. &nbsp;","og_url":"https:\/\/bien-etreiris.ch\/de\/fundgrube-deals\/oko-tips\/","og_site_name":"WOHLBEFINDEN","article_publisher":"https:\/\/www.facebook.com\/bienetreiris\/","article_modified_time":"2021-05-24T05:56:20+00:00","og_image":[{"width":500,"height":333,"url":"https:\/\/bien-etreiris.ch\/wp-content\/uploads\/2021\/05\/acceuil-Eco-conseil.jpg","type":"image\/jpeg"}],"twitter_misc":{"Gesch\u00e4tzte Lesezeit":"1\u00a0Minute"},"schema":{"@context":"https:\/\/schema.org","@graph":[{"@type":"WebPage","@id":"https:\/\/bien-etreiris.ch\/de\/fundgrube-deals\/oko-tips\/","url":"https:\/\/bien-etreiris.ch\/de\/fundgrube-deals\/oko-tips\/","name":"\u00d6KO - TIPS - WOHLBEFINDEN","isPartOf":{"@id":"https:\/\/bien-etreiris.ch\/de\/#website"},"primaryImageOfPage":{"@id":"https:\/\/bien-etreiris.ch\/de\/fundgrube-deals\/oko-tips\/#primaryimage"},"image":{"@id":"https:\/\/bien-etreiris.ch\/de\/fundgrube-deals\/oko-tips\/#primaryimage"},"thumbnailUrl":"https:\/\/bien-etreiris.ch\/wp-content\/uploads\/2021\/05\/acceuil-Eco-conseil.jpg","datePublished":"2021-05-20T14:19:14+00:00","dateModified":"2021-05-24T05:56:20+00:00","breadcrumb":{"@id":"https:\/\/bien-etreiris.ch\/de\/fundgrube-deals\/oko-tips\/#breadcrumb"},"inLanguage":"de","potentialAction":[{"@type":"ReadAction","target":["https:\/\/bien-etreiris.ch\/de\/fundgrube-deals\/oko-tips\/"]}]},{"@type":"ImageObject","inLanguage":"de","@id":"https:\/\/bien-etreiris.ch\/de\/fundgrube-deals\/oko-tips\/#primaryimage","url":"https:\/\/bien-etreiris.ch\/wp-content\/uploads\/2021\/05\/acceuil-Eco-conseil.jpg","contentUrl":"https:\/\/bien-etreiris.ch\/wp-content\/uploads\/2021\/05\/acceuil-Eco-conseil.jpg","width":500,"height":333},{"@type":"BreadcrumbList","@id":"https:\/\/bien-etreiris.ch\/de\/fundgrube-deals\/oko-tips\/#breadcrumb","itemListElement":[{"@type":"ListItem","position":1,"name":"Home","item":"https:\/\/bien-etreiris.ch\/de\/"},{"@type":"ListItem","position":2,"name":"FUNDGRUBE &#038; DEALS","item":"https:\/\/bien-etreiris.ch\/de\/fundgrube-deals\/"},{"@type":"ListItem","position":3,"name":"\u00d6KO &#8211; TIPS"}]},{"@type":"WebSite","@id":"https:\/\/bien-etreiris.ch\/de\/#website","url":"https:\/\/bien-etreiris.ch\/de\/","name":"Bien-\u00eatre Iris","description":"IHRE Gesundheit ist uns wichtig","potentialAction":[{"@type":"SearchAction","target":{"@type":"EntryPoint","urlTemplate":"https:\/\/bien-etreiris.ch\/de\/?s={search_term_string}"},"query-input":{"@type":"PropertyValueSpecification","valueRequired":true,"valueName":"search_term_string"}}],"inLanguage":"de"}]}},"_links":{"self":[{"href":"https:\/\/bien-etreiris.ch\/de\/wp-json\/wp\/v2\/pages\/45425","targetHints":{"allow":["GET"]}}],"collection":[{"href":"https:\/\/bien-etreiris.ch\/de\/wp-json\/wp\/v2\/pages"}],"about":[{"href":"https:\/\/bien-etreiris.ch\/de\/wp-json\/wp\/v2\/types\/page"}],"author":[{"embeddable":true,"href":"https:\/\/bien-etreiris.ch\/de\/wp-json\/wp\/v2\/users\/1"}],"replies":[{"embeddable":true,"href":"https:\/\/bien-etreiris.ch\/de\/wp-json\/wp\/v2\/comments?post=45425"}],"version-history":[{"count":6,"href":"https:\/\/bien-etreiris.ch\/de\/wp-json\/wp\/v2\/pages\/45425\/revisions"}],"predecessor-version":[{"id":46560,"href":"https:\/\/bien-etreiris.ch\/de\/wp-json\/wp\/v2\/pages\/45425\/revisions\/46560"}],"up":[{"embeddable":true,"href":"https:\/\/bien-etreiris.ch\/de\/wp-json\/wp\/v2\/pages\/44515"}],"wp:featuredmedia":[{"embeddable":true,"href":"https:\/\/bien-etreiris.ch\/de\/wp-json\/wp\/v2\/media\/46527"}],"wp:attachment":[{"href":"https:\/\/bien-etreiris.ch\/de\/wp-json\/wp\/v2\/media?parent=45425"}],"curies":[{"name":"wp","href":"https:\/\/api.w.org\/{rel}","templated":true}]}}