{"id":45369,"date":"2021-05-20T14:27:17","date_gmt":"2021-05-20T12:27:17","guid":{"rendered":"https:\/\/bien-etreiris.ch\/?page_id=45369"},"modified":"2021-07-12T07:20:16","modified_gmt":"2021-07-12T05:20:16","slug":"vorratstopf-groesse-4","status":"publish","type":"page","link":"https:\/\/bien-etreiris.ch\/de\/fundgrube-deals\/keramikbereich\/vorratstopf-groesse-4\/","title":{"rendered":"VORRATSTOPF GR\u00d6SSE 4"},"content":{"rendered":"\n<h2>Reservetopf Gr\u00f6\u00dfe 4 ohne Deckel<\/h2>\n<p><br>als guter Getr\u00e4nkek\u00fchler wird er ohne Korkdeckel geliefert, dieser kann aber separat bestellt werden<\/p>\n<p>&nbsp;<\/p>\n<p><a href=\"https:\/\/bien-etreiris.ch\/wp-content\/uploads\/2021\/05\/Couvercle.png\"><img loading=\"lazy\" decoding=\"async\" class=\"size-full wp-image-45373 alignleft\" src=\"https:\/\/bien-etreiris.ch\/wp-content\/uploads\/2021\/05\/Couvercle.png\" alt=\"\" width=\"159\" height=\"84\"><\/a><\/p>\n<p>Korkdeckel separat zu bestellen<\/p>\n<p>1 St\u00fcck CHF 5.00<\/p>\n<p>&nbsp;<\/p>\n<p><a href=\"https:\/\/bien-etreiris.ch\/wp-content\/uploads\/2021\/05\/acceuil-refroidisseur.png\"><img loading=\"lazy\" decoding=\"async\" class=\"alignleft wp-image-45370 size-full\" src=\"https:\/\/bien-etreiris.ch\/wp-content\/uploads\/2021\/05\/acceuil-refroidisseur.png\" alt=\"\" width=\"625\" height=\"625\" srcset=\"https:\/\/bien-etreiris.ch\/wp-content\/uploads\/2021\/05\/acceuil-refroidisseur.png 625w, https:\/\/bien-etreiris.ch\/wp-content\/uploads\/2021\/05\/acceuil-refroidisseur-300x300.png 300w, https:\/\/bien-etreiris.ch\/wp-content\/uploads\/2021\/05\/acceuil-refroidisseur-150x150.png 150w\" sizes=\"auto, (max-width: 625px) 100vw, 625px\" \/><\/a><\/p>\n<p>&nbsp;<\/p>\n<p>&nbsp;<\/p>\n<p>&nbsp;<\/p>\n<p>&nbsp;<\/p>\n<p>&nbsp;<\/p>\n<p>&nbsp;<\/p>\n<p>&nbsp;<\/p>\n<p>&nbsp;<\/p>\n<p>\u00d8 au\u00dfen: 12 cm<br>\u00d8 innen: 10 cm<br>H\u00f6he: 20 cm<br>Material: Westerw\u00e4lder Keramik<br>Gewicht: ca. 1 kg<\/p>\n<p>1 St\u00fcck CHF 35.50<\/p>\n<p>&nbsp;<\/p>\n<p>&nbsp;<\/p>\n<p>&nbsp;<\/p>\n<p>&nbsp;<\/p>\n<p>Sp\u00fclmaschinenfest und lebensmittelecht.<br>Erh\u00e4ltlich in den Farben Schwarz, Wei\u00df (leicht gl\u00e4nzend glasiert), Mitternachtsblau, Taubenblau, Blaut\u00fcrkis, Blassrosa, Warmgrau.<br>Bitte beachten Sie: Aufgrund von Handarbeit k\u00f6nnen die Ma\u00dfe der einzelnen K\u00fchler um einige Millimeter abweichen.<\/p>\n<p><br>Nicht nur Gew\u00fcrzdosen k\u00f6nnen aus Keramik hergestellt werden. Gerade weil es so vielf\u00e4ltig formbar ist und nat\u00fcrliche Isoliereigenschaften besitzt, gibt es heute hervorragende Getr\u00e4nkek\u00fchler: Unsere K\u00fchler garantieren erfrischenden und eleganten Genuss aus nahezu jeder Flaschenform. Nur bei der Magnum-Gr\u00f6\u00dfe k\u00f6nnte es eng werden.<\/p>\n<p>Unsere K\u00fchler m\u00fcssen vorgek\u00fchlt werden, da sie innen und au\u00dfen glasiert sind und das Prinzip der Wasserverdunstung zur K\u00fchlung nur bei unglasiertem Ton funktioniert.<\/p>\n<p><br>Alle unsere Keramiken sind sp\u00fclmaschinen- und kratzfest und werden bei \u00fcber 1200\u00b0C mit einer lebensmittelechten Glasur gebrannt. Die sachgem\u00e4\u00dfe Anwendung garantiert eine besonders lange Lebensdauer.<\/p>\n<p>&nbsp;<\/p>\n","protected":false},"excerpt":{"rendered":"<p>Reservetopf Gr\u00f6\u00dfe 4 ohne Deckel als guter Getr\u00e4nkek\u00fchler wird er ohne Korkdeckel geliefert, dieser kann aber separat bestellt werden &nbsp; Korkdeckel separat zu bestellen 1 St\u00fcck CHF 5.00 &nbsp; &nbsp; &nbsp; &nbsp; &nbsp; &nbsp; &nbsp; &nbsp; &nbsp; \u00d8 au\u00dfen: 12 cm\u00d8 innen: 10 cmH\u00f6he: 20 cmMaterial: Westerw\u00e4lder KeramikGewicht: ca. 1 kg 1 St\u00fcck CHF 35.50 &nbsp; &nbsp; &nbsp; &nbsp; Sp\u00fclmaschinenfest&nbsp;<a href=\"https:\/\/bien-etreiris.ch\/de\/fundgrube-deals\/keramikbereich\/vorratstopf-groesse-4\/\" class=\"read-more\">Weiter lesen<\/a><\/p>\n","protected":false},"author":1,"featured_media":45367,"parent":45209,"menu_order":5689,"comment_status":"closed","ping_status":"closed","template":"page-with-child.php","meta":{"_acf_changed":false,"ngg_post_thumbnail":0,"footnotes":""},"class_list":["post-45369","page","type-page","status-publish","has-post-thumbnail","hentry"],"acf":[],"yoast_head":"<!-- This site is optimized with the Yoast SEO plugin v27.5 - https:\/\/yoast.com\/product\/yoast-seo-wordpress\/ -->\n<title>VORRATSTOPF GR\u00d6SSE 4 - WOHLBEFINDEN<\/title>\n<meta name=\"robots\" content=\"index, follow, max-snippet:-1, max-image-preview:large, max-video-preview:-1\" \/>\n<link rel=\"canonical\" href=\"https:\/\/bien-etreiris.ch\/de\/fundgrube-deals\/keramikbereich\/vorratstopf-groesse-4\/\" \/>\n<meta property=\"og:locale\" content=\"de_DE\" \/>\n<meta property=\"og:type\" content=\"article\" \/>\n<meta property=\"og:title\" content=\"VORRATSTOPF GR\u00d6SSE 4 - WOHLBEFINDEN\" \/>\n<meta property=\"og:description\" content=\"Reservetopf Gr\u00f6\u00dfe 4 ohne Deckel als guter Getr\u00e4nkek\u00fchler wird er ohne Korkdeckel geliefert, dieser kann aber separat bestellt werden &nbsp; Korkdeckel separat zu bestellen 1 St\u00fcck CHF 5.00 &nbsp; &nbsp; &nbsp; &nbsp; &nbsp; &nbsp; &nbsp; &nbsp; &nbsp; \u00d8 au\u00dfen: 12 cm\u00d8 innen: 10 cmH\u00f6he: 20 cmMaterial: Westerw\u00e4lder KeramikGewicht: ca. 1 kg 1 St\u00fcck CHF 35.50 &nbsp; &nbsp; &nbsp; &nbsp; Sp\u00fclmaschinenfest&nbsp;Weiter lesen\" \/>\n<meta property=\"og:url\" content=\"https:\/\/bien-etreiris.ch\/de\/fundgrube-deals\/keramikbereich\/vorratstopf-groesse-4\/\" \/>\n<meta property=\"og:site_name\" content=\"WOHLBEFINDEN\" \/>\n<meta property=\"article:publisher\" content=\"https:\/\/www.facebook.com\/bienetreiris\/\" \/>\n<meta property=\"article:modified_time\" content=\"2021-07-12T05:20:16+00:00\" \/>\n<meta property=\"og:image\" content=\"https:\/\/bien-etreiris.ch\/wp-content\/uploads\/2021\/05\/acceuil-glaciere-a-boissons.png\" \/>\n\t<meta property=\"og:image:width\" content=\"500\" \/>\n\t<meta property=\"og:image:height\" content=\"301\" \/>\n\t<meta property=\"og:image:type\" content=\"image\/png\" \/>\n<meta name=\"twitter:label1\" content=\"Gesch\u00e4tzte Lesezeit\" \/>\n\t<meta name=\"twitter:data1\" content=\"2\u00a0Minuten\" \/>\n<script type=\"application\/ld+json\" class=\"yoast-schema-graph\">{\"@context\":\"https:\\\/\\\/schema.org\",\"@graph\":[{\"@type\":\"WebPage\",\"@id\":\"https:\\\/\\\/bien-etreiris.ch\\\/de\\\/fundgrube-deals\\\/keramikbereich\\\/vorratstopf-groesse-4\\\/\",\"url\":\"https:\\\/\\\/bien-etreiris.ch\\\/de\\\/fundgrube-deals\\\/keramikbereich\\\/vorratstopf-groesse-4\\\/\",\"name\":\"VORRATSTOPF GR\u00d6SSE 4 - WOHLBEFINDEN\",\"isPartOf\":{\"@id\":\"https:\\\/\\\/bien-etreiris.ch\\\/de\\\/#website\"},\"primaryImageOfPage\":{\"@id\":\"https:\\\/\\\/bien-etreiris.ch\\\/de\\\/fundgrube-deals\\\/keramikbereich\\\/vorratstopf-groesse-4\\\/#primaryimage\"},\"image\":{\"@id\":\"https:\\\/\\\/bien-etreiris.ch\\\/de\\\/fundgrube-deals\\\/keramikbereich\\\/vorratstopf-groesse-4\\\/#primaryimage\"},\"thumbnailUrl\":\"https:\\\/\\\/bien-etreiris.ch\\\/wp-content\\\/uploads\\\/2021\\\/05\\\/acceuil-glaciere-a-boissons.png\",\"datePublished\":\"2021-05-20T12:27:17+00:00\",\"dateModified\":\"2021-07-12T05:20:16+00:00\",\"breadcrumb\":{\"@id\":\"https:\\\/\\\/bien-etreiris.ch\\\/de\\\/fundgrube-deals\\\/keramikbereich\\\/vorratstopf-groesse-4\\\/#breadcrumb\"},\"inLanguage\":\"de\",\"potentialAction\":[{\"@type\":\"ReadAction\",\"target\":[\"https:\\\/\\\/bien-etreiris.ch\\\/de\\\/fundgrube-deals\\\/keramikbereich\\\/vorratstopf-groesse-4\\\/\"]}]},{\"@type\":\"ImageObject\",\"inLanguage\":\"de\",\"@id\":\"https:\\\/\\\/bien-etreiris.ch\\\/de\\\/fundgrube-deals\\\/keramikbereich\\\/vorratstopf-groesse-4\\\/#primaryimage\",\"url\":\"https:\\\/\\\/bien-etreiris.ch\\\/wp-content\\\/uploads\\\/2021\\\/05\\\/acceuil-glaciere-a-boissons.png\",\"contentUrl\":\"https:\\\/\\\/bien-etreiris.ch\\\/wp-content\\\/uploads\\\/2021\\\/05\\\/acceuil-glaciere-a-boissons.png\",\"width\":500,\"height\":301},{\"@type\":\"BreadcrumbList\",\"@id\":\"https:\\\/\\\/bien-etreiris.ch\\\/de\\\/fundgrube-deals\\\/keramikbereich\\\/vorratstopf-groesse-4\\\/#breadcrumb\",\"itemListElement\":[{\"@type\":\"ListItem\",\"position\":1,\"name\":\"Home\",\"item\":\"https:\\\/\\\/bien-etreiris.ch\\\/de\\\/\"},{\"@type\":\"ListItem\",\"position\":2,\"name\":\"FUNDGRUBE &#038; DEALS\",\"item\":\"https:\\\/\\\/bien-etreiris.ch\\\/de\\\/fundgrube-deals\\\/\"},{\"@type\":\"ListItem\",\"position\":3,\"name\":\"KERAMIKBEREICH\",\"item\":\"https:\\\/\\\/bien-etreiris.ch\\\/de\\\/fundgrube-deals\\\/keramikbereich\\\/\"},{\"@type\":\"ListItem\",\"position\":4,\"name\":\"VORRATSTOPF GR\u00d6SSE 4\"}]},{\"@type\":\"WebSite\",\"@id\":\"https:\\\/\\\/bien-etreiris.ch\\\/de\\\/#website\",\"url\":\"https:\\\/\\\/bien-etreiris.ch\\\/de\\\/\",\"name\":\"Bien-\u00eatre Iris\",\"description\":\"IHRE Gesundheit ist uns wichtig\",\"potentialAction\":[{\"@type\":\"SearchAction\",\"target\":{\"@type\":\"EntryPoint\",\"urlTemplate\":\"https:\\\/\\\/bien-etreiris.ch\\\/de\\\/?s={search_term_string}\"},\"query-input\":{\"@type\":\"PropertyValueSpecification\",\"valueRequired\":true,\"valueName\":\"search_term_string\"}}],\"inLanguage\":\"de\"}]}<\/script>\n<!-- \/ Yoast SEO plugin. -->","yoast_head_json":{"title":"VORRATSTOPF GR\u00d6SSE 4 - WOHLBEFINDEN","robots":{"index":"index","follow":"follow","max-snippet":"max-snippet:-1","max-image-preview":"max-image-preview:large","max-video-preview":"max-video-preview:-1"},"canonical":"https:\/\/bien-etreiris.ch\/de\/fundgrube-deals\/keramikbereich\/vorratstopf-groesse-4\/","og_locale":"de_DE","og_type":"article","og_title":"VORRATSTOPF GR\u00d6SSE 4 - WOHLBEFINDEN","og_description":"Reservetopf Gr\u00f6\u00dfe 4 ohne Deckel als guter Getr\u00e4nkek\u00fchler wird er ohne Korkdeckel geliefert, dieser kann aber separat bestellt werden &nbsp; Korkdeckel separat zu bestellen 1 St\u00fcck CHF 5.00 &nbsp; &nbsp; &nbsp; &nbsp; &nbsp; &nbsp; &nbsp; &nbsp; &nbsp; \u00d8 au\u00dfen: 12 cm\u00d8 innen: 10 cmH\u00f6he: 20 cmMaterial: Westerw\u00e4lder KeramikGewicht: ca. 1 kg 1 St\u00fcck CHF 35.50 &nbsp; &nbsp; &nbsp; &nbsp; Sp\u00fclmaschinenfest&nbsp;Weiter lesen","og_url":"https:\/\/bien-etreiris.ch\/de\/fundgrube-deals\/keramikbereich\/vorratstopf-groesse-4\/","og_site_name":"WOHLBEFINDEN","article_publisher":"https:\/\/www.facebook.com\/bienetreiris\/","article_modified_time":"2021-07-12T05:20:16+00:00","og_image":[{"width":500,"height":301,"url":"https:\/\/bien-etreiris.ch\/wp-content\/uploads\/2021\/05\/acceuil-glaciere-a-boissons.png","type":"image\/png"}],"twitter_misc":{"Gesch\u00e4tzte Lesezeit":"2\u00a0Minuten"},"schema":{"@context":"https:\/\/schema.org","@graph":[{"@type":"WebPage","@id":"https:\/\/bien-etreiris.ch\/de\/fundgrube-deals\/keramikbereich\/vorratstopf-groesse-4\/","url":"https:\/\/bien-etreiris.ch\/de\/fundgrube-deals\/keramikbereich\/vorratstopf-groesse-4\/","name":"VORRATSTOPF GR\u00d6SSE 4 - WOHLBEFINDEN","isPartOf":{"@id":"https:\/\/bien-etreiris.ch\/de\/#website"},"primaryImageOfPage":{"@id":"https:\/\/bien-etreiris.ch\/de\/fundgrube-deals\/keramikbereich\/vorratstopf-groesse-4\/#primaryimage"},"image":{"@id":"https:\/\/bien-etreiris.ch\/de\/fundgrube-deals\/keramikbereich\/vorratstopf-groesse-4\/#primaryimage"},"thumbnailUrl":"https:\/\/bien-etreiris.ch\/wp-content\/uploads\/2021\/05\/acceuil-glaciere-a-boissons.png","datePublished":"2021-05-20T12:27:17+00:00","dateModified":"2021-07-12T05:20:16+00:00","breadcrumb":{"@id":"https:\/\/bien-etreiris.ch\/de\/fundgrube-deals\/keramikbereich\/vorratstopf-groesse-4\/#breadcrumb"},"inLanguage":"de","potentialAction":[{"@type":"ReadAction","target":["https:\/\/bien-etreiris.ch\/de\/fundgrube-deals\/keramikbereich\/vorratstopf-groesse-4\/"]}]},{"@type":"ImageObject","inLanguage":"de","@id":"https:\/\/bien-etreiris.ch\/de\/fundgrube-deals\/keramikbereich\/vorratstopf-groesse-4\/#primaryimage","url":"https:\/\/bien-etreiris.ch\/wp-content\/uploads\/2021\/05\/acceuil-glaciere-a-boissons.png","contentUrl":"https:\/\/bien-etreiris.ch\/wp-content\/uploads\/2021\/05\/acceuil-glaciere-a-boissons.png","width":500,"height":301},{"@type":"BreadcrumbList","@id":"https:\/\/bien-etreiris.ch\/de\/fundgrube-deals\/keramikbereich\/vorratstopf-groesse-4\/#breadcrumb","itemListElement":[{"@type":"ListItem","position":1,"name":"Home","item":"https:\/\/bien-etreiris.ch\/de\/"},{"@type":"ListItem","position":2,"name":"FUNDGRUBE &#038; DEALS","item":"https:\/\/bien-etreiris.ch\/de\/fundgrube-deals\/"},{"@type":"ListItem","position":3,"name":"KERAMIKBEREICH","item":"https:\/\/bien-etreiris.ch\/de\/fundgrube-deals\/keramikbereich\/"},{"@type":"ListItem","position":4,"name":"VORRATSTOPF GR\u00d6SSE 4"}]},{"@type":"WebSite","@id":"https:\/\/bien-etreiris.ch\/de\/#website","url":"https:\/\/bien-etreiris.ch\/de\/","name":"Bien-\u00eatre Iris","description":"IHRE Gesundheit ist uns wichtig","potentialAction":[{"@type":"SearchAction","target":{"@type":"EntryPoint","urlTemplate":"https:\/\/bien-etreiris.ch\/de\/?s={search_term_string}"},"query-input":{"@type":"PropertyValueSpecification","valueRequired":true,"valueName":"search_term_string"}}],"inLanguage":"de"}]}},"_links":{"self":[{"href":"https:\/\/bien-etreiris.ch\/de\/wp-json\/wp\/v2\/pages\/45369","targetHints":{"allow":["GET"]}}],"collection":[{"href":"https:\/\/bien-etreiris.ch\/de\/wp-json\/wp\/v2\/pages"}],"about":[{"href":"https:\/\/bien-etreiris.ch\/de\/wp-json\/wp\/v2\/types\/page"}],"author":[{"embeddable":true,"href":"https:\/\/bien-etreiris.ch\/de\/wp-json\/wp\/v2\/users\/1"}],"replies":[{"embeddable":true,"href":"https:\/\/bien-etreiris.ch\/de\/wp-json\/wp\/v2\/comments?post=45369"}],"version-history":[{"count":8,"href":"https:\/\/bien-etreiris.ch\/de\/wp-json\/wp\/v2\/pages\/45369\/revisions"}],"predecessor-version":[{"id":51971,"href":"https:\/\/bien-etreiris.ch\/de\/wp-json\/wp\/v2\/pages\/45369\/revisions\/51971"}],"up":[{"embeddable":true,"href":"https:\/\/bien-etreiris.ch\/de\/wp-json\/wp\/v2\/pages\/45209"}],"wp:featuredmedia":[{"embeddable":true,"href":"https:\/\/bien-etreiris.ch\/de\/wp-json\/wp\/v2\/media\/45367"}],"wp:attachment":[{"href":"https:\/\/bien-etreiris.ch\/de\/wp-json\/wp\/v2\/media?parent=45369"}],"curies":[{"name":"wp","href":"https:\/\/api.w.org\/{rel}","templated":true}]}}