{"id":45320,"date":"2021-05-20T13:43:30","date_gmt":"2021-05-20T11:43:30","guid":{"rendered":"https:\/\/bien-etreiris.ch\/?page_id=45320"},"modified":"2021-07-12T07:16:14","modified_gmt":"2021-07-12T05:16:14","slug":"vorratstopf-groesse-4-2","status":"publish","type":"page","link":"https:\/\/bien-etreiris.ch\/de\/fundgrube-deals\/keramikbereich\/vorratstopf-groesse-4-2\/","title":{"rendered":"VORRATSTOPF GR\u00d6SSE 3"},"content":{"rendered":"\n<h2>Pot de r\u00e9serve grandeur 3 avec couvercle en li\u00e8ge<\/h2>\n<p>&nbsp;<\/p>\n<p><a href=\"https:\/\/bien-etreiris.ch\/wp-content\/uploads\/2021\/05\/Pot-de-reserve-petit-et-grand-1.jpg\"><img loading=\"lazy\" decoding=\"async\" class=\"alignleft wp-image-45321 size-full\" src=\"https:\/\/bien-etreiris.ch\/wp-content\/uploads\/2021\/05\/Pot-de-reserve-petit-et-grand-1.jpg\" alt=\"\" width=\"625\" height=\"625\" srcset=\"https:\/\/bien-etreiris.ch\/wp-content\/uploads\/2021\/05\/Pot-de-reserve-petit-et-grand-1.jpg 625w, https:\/\/bien-etreiris.ch\/wp-content\/uploads\/2021\/05\/Pot-de-reserve-petit-et-grand-1-300x300.jpg 300w, https:\/\/bien-etreiris.ch\/wp-content\/uploads\/2021\/05\/Pot-de-reserve-petit-et-grand-1-150x150.jpg 150w\" sizes=\"auto, (max-width: 625px) 100vw, 625px\" \/><\/a><\/p>\n<p>&nbsp;<\/p>\n<p>&nbsp;<\/p>\n<p>&nbsp;<\/p>\n<p>&nbsp;<\/p>\n<p>&nbsp;<\/p>\n<p>&nbsp;<\/p>\n<p>&nbsp;<\/p>\n<p>&nbsp;<\/p>\n<p><br>\u00d8 ext\u00e9rieur : environ 10,5 cm<br>\u00d8 int\u00e9rieur : environ 10 cm<br>Hauteur avec le li\u00e8ge : 18 cm<br>Hauteur sans li\u00e8ge : 16 cm<br>Capacit\u00e9 : environ 1 litre<br>Mat\u00e9riau : c\u00e9ramique Westerwald<br>Poids : environ 950 g<\/p>\n<p>1 pi\u00e8ce <strong>CHF 35.50<\/strong><\/p>\n<p>&nbsp;<\/p>\n<p>&nbsp;<\/p>\n<p>&nbsp;<\/p>\n<p>&nbsp;<\/p>\n<p>&nbsp;<\/p>\n<p>&nbsp;<\/p>\n<p><br>Lavable au lave-vaisselle et compatible avec les aliments<br>Disponible en noir, blanc (gla\u00e7age l\u00e9g\u00e8rement brillant), bleu nuit, bleu colombe, turquoise p\u00e2le, rose p\u00e2le, gris chaud.<br>Veuillez noter : En raison de la nature artisanale de chaque c\u00e9ramique, les mesures peuvent varier de quelques millim\u00e8tres !<\/p>\n<p><br>A partir de notre premi\u00e8re gamme d'ustensiles de cuisine P&amp;S, nous proposons d\u00e9sormais ces merveilleux bocaux de stockage dans diff\u00e9rentes couleurs. Ils proviennent \u00e9galement de l'entreprise familiale \u00e0 laquelle nous faisons confiance dans le Westerwald voisin et pr\u00e9sentent les m\u00eames caract\u00e9ristiques que nos grands pots \u00e0 \u00e9pices.<\/p>\n<p>Le bouchon ferme la bo\u00eete de mani\u00e8re fiable et presque herm\u00e9tique. Nos bocaux de stockage sont donc parfaits pour conserver des aliments tels que le riz, les p\u00e2tes ou les l\u00e9gumes secs. Mais comme c'est le cas avec tous nos produits en c\u00e9ramique : Il n'y a pas de limites aux possibilit\u00e9s ! Peut-\u00eatre comme vase \u00e0 fleurs ? Ou comme la version la plus grande pour conserver les tisanes ? Laissez-vous aller !<\/p>\n<p>Toutes nos c\u00e9ramiques r\u00e9sistent au lave-vaisselle et aux rayures et sont cuites \u00e0 plus de 1200\u00b0C avec une gla\u00e7ure de qualit\u00e9 alimentaire. Une utilisation appropri\u00e9e garantit une dur\u00e9e de vie particuli\u00e8rement longue.<\/p>\n","protected":false},"excerpt":{"rendered":"<p>Pot de r\u00e9serve grandeur 3 avec couvercle en li\u00e8ge &nbsp; &nbsp; &nbsp; &nbsp; &nbsp; &nbsp; &nbsp; &nbsp; &nbsp; \u00d8 ext\u00e9rieur : environ 10,5 cm\u00d8 int\u00e9rieur : environ 10 cmHauteur avec le li\u00e8ge : 18 cmHauteur sans li\u00e8ge : 16 cmCapacit\u00e9 : environ 1 litreMat\u00e9riau : c\u00e9ramique WesterwaldPoids : environ 950 g 1 pi\u00e8ce CHF 35.50 &nbsp; &nbsp; &nbsp; &nbsp; &nbsp;&nbsp;<a href=\"https:\/\/bien-etreiris.ch\/de\/fundgrube-deals\/keramikbereich\/vorratstopf-groesse-4-2\/\" class=\"read-more\">Weiter lesen<\/a><\/p>\n","protected":false},"author":1,"featured_media":45317,"parent":45209,"menu_order":5692,"comment_status":"closed","ping_status":"closed","template":"page-with-child.php","meta":{"_acf_changed":false,"ngg_post_thumbnail":0,"footnotes":""},"class_list":["post-45320","page","type-page","status-publish","has-post-thumbnail","hentry"],"acf":[],"yoast_head":"<!-- This site is optimized with the Yoast SEO plugin v27.5 - https:\/\/yoast.com\/product\/yoast-seo-wordpress\/ -->\n<title>VORRATSTOPF GR\u00d6SSE 3 - WOHLBEFINDEN<\/title>\n<meta name=\"robots\" content=\"index, follow, max-snippet:-1, max-image-preview:large, max-video-preview:-1\" \/>\n<link rel=\"canonical\" href=\"https:\/\/bien-etreiris.ch\/de\/fundgrube-deals\/keramikbereich\/vorratstopf-groesse-4-2\/\" \/>\n<meta property=\"og:locale\" content=\"de_DE\" \/>\n<meta property=\"og:type\" content=\"article\" \/>\n<meta property=\"og:title\" content=\"VORRATSTOPF GR\u00d6SSE 3 - WOHLBEFINDEN\" \/>\n<meta property=\"og:description\" content=\"Pot de r\u00e9serve grandeur 3 avec couvercle en li\u00e8ge &nbsp; &nbsp; &nbsp; &nbsp; &nbsp; &nbsp; &nbsp; &nbsp; &nbsp; \u00d8 ext\u00e9rieur : environ 10,5 cm\u00d8 int\u00e9rieur : environ 10 cmHauteur avec le li\u00e8ge : 18 cmHauteur sans li\u00e8ge : 16 cmCapacit\u00e9 : environ 1 litreMat\u00e9riau : c\u00e9ramique WesterwaldPoids : environ 950 g 1 pi\u00e8ce CHF 35.50 &nbsp; &nbsp; &nbsp; &nbsp; &nbsp;&nbsp;Weiter lesen\" \/>\n<meta property=\"og:url\" content=\"https:\/\/bien-etreiris.ch\/de\/fundgrube-deals\/keramikbereich\/vorratstopf-groesse-4-2\/\" \/>\n<meta property=\"og:site_name\" content=\"WOHLBEFINDEN\" \/>\n<meta property=\"article:publisher\" content=\"https:\/\/www.facebook.com\/bienetreiris\/\" \/>\n<meta property=\"article:modified_time\" content=\"2021-07-12T05:16:14+00:00\" \/>\n<meta property=\"og:image\" content=\"https:\/\/bien-etreiris.ch\/wp-content\/uploads\/2021\/05\/acceuil-grand-pot-de-reserve.png\" \/>\n\t<meta property=\"og:image:width\" content=\"500\" \/>\n\t<meta property=\"og:image:height\" content=\"319\" \/>\n\t<meta property=\"og:image:type\" content=\"image\/png\" \/>\n<meta name=\"twitter:label1\" content=\"Gesch\u00e4tzte Lesezeit\" \/>\n\t<meta name=\"twitter:data1\" content=\"2\u00a0Minuten\" \/>\n<script type=\"application\/ld+json\" class=\"yoast-schema-graph\">{\"@context\":\"https:\\\/\\\/schema.org\",\"@graph\":[{\"@type\":\"WebPage\",\"@id\":\"https:\\\/\\\/bien-etreiris.ch\\\/de\\\/fundgrube-deals\\\/keramikbereich\\\/vorratstopf-groesse-4-2\\\/\",\"url\":\"https:\\\/\\\/bien-etreiris.ch\\\/de\\\/fundgrube-deals\\\/keramikbereich\\\/vorratstopf-groesse-4-2\\\/\",\"name\":\"VORRATSTOPF GR\u00d6SSE 3 - WOHLBEFINDEN\",\"isPartOf\":{\"@id\":\"https:\\\/\\\/bien-etreiris.ch\\\/de\\\/#website\"},\"primaryImageOfPage\":{\"@id\":\"https:\\\/\\\/bien-etreiris.ch\\\/de\\\/fundgrube-deals\\\/keramikbereich\\\/vorratstopf-groesse-4-2\\\/#primaryimage\"},\"image\":{\"@id\":\"https:\\\/\\\/bien-etreiris.ch\\\/de\\\/fundgrube-deals\\\/keramikbereich\\\/vorratstopf-groesse-4-2\\\/#primaryimage\"},\"thumbnailUrl\":\"https:\\\/\\\/bien-etreiris.ch\\\/wp-content\\\/uploads\\\/2021\\\/05\\\/acceuil-grand-pot-de-reserve.png\",\"datePublished\":\"2021-05-20T11:43:30+00:00\",\"dateModified\":\"2021-07-12T05:16:14+00:00\",\"breadcrumb\":{\"@id\":\"https:\\\/\\\/bien-etreiris.ch\\\/de\\\/fundgrube-deals\\\/keramikbereich\\\/vorratstopf-groesse-4-2\\\/#breadcrumb\"},\"inLanguage\":\"de\",\"potentialAction\":[{\"@type\":\"ReadAction\",\"target\":[\"https:\\\/\\\/bien-etreiris.ch\\\/de\\\/fundgrube-deals\\\/keramikbereich\\\/vorratstopf-groesse-4-2\\\/\"]}]},{\"@type\":\"ImageObject\",\"inLanguage\":\"de\",\"@id\":\"https:\\\/\\\/bien-etreiris.ch\\\/de\\\/fundgrube-deals\\\/keramikbereich\\\/vorratstopf-groesse-4-2\\\/#primaryimage\",\"url\":\"https:\\\/\\\/bien-etreiris.ch\\\/wp-content\\\/uploads\\\/2021\\\/05\\\/acceuil-grand-pot-de-reserve.png\",\"contentUrl\":\"https:\\\/\\\/bien-etreiris.ch\\\/wp-content\\\/uploads\\\/2021\\\/05\\\/acceuil-grand-pot-de-reserve.png\",\"width\":500,\"height\":319},{\"@type\":\"BreadcrumbList\",\"@id\":\"https:\\\/\\\/bien-etreiris.ch\\\/de\\\/fundgrube-deals\\\/keramikbereich\\\/vorratstopf-groesse-4-2\\\/#breadcrumb\",\"itemListElement\":[{\"@type\":\"ListItem\",\"position\":1,\"name\":\"Home\",\"item\":\"https:\\\/\\\/bien-etreiris.ch\\\/de\\\/\"},{\"@type\":\"ListItem\",\"position\":2,\"name\":\"FUNDGRUBE &#038; DEALS\",\"item\":\"https:\\\/\\\/bien-etreiris.ch\\\/de\\\/fundgrube-deals\\\/\"},{\"@type\":\"ListItem\",\"position\":3,\"name\":\"KERAMIKBEREICH\",\"item\":\"https:\\\/\\\/bien-etreiris.ch\\\/de\\\/fundgrube-deals\\\/keramikbereich\\\/\"},{\"@type\":\"ListItem\",\"position\":4,\"name\":\"VORRATSTOPF GR\u00d6SSE 3\"}]},{\"@type\":\"WebSite\",\"@id\":\"https:\\\/\\\/bien-etreiris.ch\\\/de\\\/#website\",\"url\":\"https:\\\/\\\/bien-etreiris.ch\\\/de\\\/\",\"name\":\"Bien-\u00eatre Iris\",\"description\":\"IHRE Gesundheit ist uns wichtig\",\"potentialAction\":[{\"@type\":\"SearchAction\",\"target\":{\"@type\":\"EntryPoint\",\"urlTemplate\":\"https:\\\/\\\/bien-etreiris.ch\\\/de\\\/?s={search_term_string}\"},\"query-input\":{\"@type\":\"PropertyValueSpecification\",\"valueRequired\":true,\"valueName\":\"search_term_string\"}}],\"inLanguage\":\"de\"}]}<\/script>\n<!-- \/ Yoast SEO plugin. -->","yoast_head_json":{"title":"VORRATSTOPF GR\u00d6SSE 3 - WOHLBEFINDEN","robots":{"index":"index","follow":"follow","max-snippet":"max-snippet:-1","max-image-preview":"max-image-preview:large","max-video-preview":"max-video-preview:-1"},"canonical":"https:\/\/bien-etreiris.ch\/de\/fundgrube-deals\/keramikbereich\/vorratstopf-groesse-4-2\/","og_locale":"de_DE","og_type":"article","og_title":"VORRATSTOPF GR\u00d6SSE 3 - WOHLBEFINDEN","og_description":"Pot de r\u00e9serve grandeur 3 avec couvercle en li\u00e8ge &nbsp; &nbsp; &nbsp; &nbsp; &nbsp; &nbsp; &nbsp; &nbsp; &nbsp; \u00d8 ext\u00e9rieur : environ 10,5 cm\u00d8 int\u00e9rieur : environ 10 cmHauteur avec le li\u00e8ge : 18 cmHauteur sans li\u00e8ge : 16 cmCapacit\u00e9 : environ 1 litreMat\u00e9riau : c\u00e9ramique WesterwaldPoids : environ 950 g 1 pi\u00e8ce CHF 35.50 &nbsp; &nbsp; &nbsp; &nbsp; &nbsp;&nbsp;Weiter lesen","og_url":"https:\/\/bien-etreiris.ch\/de\/fundgrube-deals\/keramikbereich\/vorratstopf-groesse-4-2\/","og_site_name":"WOHLBEFINDEN","article_publisher":"https:\/\/www.facebook.com\/bienetreiris\/","article_modified_time":"2021-07-12T05:16:14+00:00","og_image":[{"width":500,"height":319,"url":"https:\/\/bien-etreiris.ch\/wp-content\/uploads\/2021\/05\/acceuil-grand-pot-de-reserve.png","type":"image\/png"}],"twitter_misc":{"Gesch\u00e4tzte Lesezeit":"2\u00a0Minuten"},"schema":{"@context":"https:\/\/schema.org","@graph":[{"@type":"WebPage","@id":"https:\/\/bien-etreiris.ch\/de\/fundgrube-deals\/keramikbereich\/vorratstopf-groesse-4-2\/","url":"https:\/\/bien-etreiris.ch\/de\/fundgrube-deals\/keramikbereich\/vorratstopf-groesse-4-2\/","name":"VORRATSTOPF GR\u00d6SSE 3 - WOHLBEFINDEN","isPartOf":{"@id":"https:\/\/bien-etreiris.ch\/de\/#website"},"primaryImageOfPage":{"@id":"https:\/\/bien-etreiris.ch\/de\/fundgrube-deals\/keramikbereich\/vorratstopf-groesse-4-2\/#primaryimage"},"image":{"@id":"https:\/\/bien-etreiris.ch\/de\/fundgrube-deals\/keramikbereich\/vorratstopf-groesse-4-2\/#primaryimage"},"thumbnailUrl":"https:\/\/bien-etreiris.ch\/wp-content\/uploads\/2021\/05\/acceuil-grand-pot-de-reserve.png","datePublished":"2021-05-20T11:43:30+00:00","dateModified":"2021-07-12T05:16:14+00:00","breadcrumb":{"@id":"https:\/\/bien-etreiris.ch\/de\/fundgrube-deals\/keramikbereich\/vorratstopf-groesse-4-2\/#breadcrumb"},"inLanguage":"de","potentialAction":[{"@type":"ReadAction","target":["https:\/\/bien-etreiris.ch\/de\/fundgrube-deals\/keramikbereich\/vorratstopf-groesse-4-2\/"]}]},{"@type":"ImageObject","inLanguage":"de","@id":"https:\/\/bien-etreiris.ch\/de\/fundgrube-deals\/keramikbereich\/vorratstopf-groesse-4-2\/#primaryimage","url":"https:\/\/bien-etreiris.ch\/wp-content\/uploads\/2021\/05\/acceuil-grand-pot-de-reserve.png","contentUrl":"https:\/\/bien-etreiris.ch\/wp-content\/uploads\/2021\/05\/acceuil-grand-pot-de-reserve.png","width":500,"height":319},{"@type":"BreadcrumbList","@id":"https:\/\/bien-etreiris.ch\/de\/fundgrube-deals\/keramikbereich\/vorratstopf-groesse-4-2\/#breadcrumb","itemListElement":[{"@type":"ListItem","position":1,"name":"Home","item":"https:\/\/bien-etreiris.ch\/de\/"},{"@type":"ListItem","position":2,"name":"FUNDGRUBE &#038; DEALS","item":"https:\/\/bien-etreiris.ch\/de\/fundgrube-deals\/"},{"@type":"ListItem","position":3,"name":"KERAMIKBEREICH","item":"https:\/\/bien-etreiris.ch\/de\/fundgrube-deals\/keramikbereich\/"},{"@type":"ListItem","position":4,"name":"VORRATSTOPF GR\u00d6SSE 3"}]},{"@type":"WebSite","@id":"https:\/\/bien-etreiris.ch\/de\/#website","url":"https:\/\/bien-etreiris.ch\/de\/","name":"Bien-\u00eatre Iris","description":"IHRE Gesundheit ist uns wichtig","potentialAction":[{"@type":"SearchAction","target":{"@type":"EntryPoint","urlTemplate":"https:\/\/bien-etreiris.ch\/de\/?s={search_term_string}"},"query-input":{"@type":"PropertyValueSpecification","valueRequired":true,"valueName":"search_term_string"}}],"inLanguage":"de"}]}},"_links":{"self":[{"href":"https:\/\/bien-etreiris.ch\/de\/wp-json\/wp\/v2\/pages\/45320","targetHints":{"allow":["GET"]}}],"collection":[{"href":"https:\/\/bien-etreiris.ch\/de\/wp-json\/wp\/v2\/pages"}],"about":[{"href":"https:\/\/bien-etreiris.ch\/de\/wp-json\/wp\/v2\/types\/page"}],"author":[{"embeddable":true,"href":"https:\/\/bien-etreiris.ch\/de\/wp-json\/wp\/v2\/users\/1"}],"replies":[{"embeddable":true,"href":"https:\/\/bien-etreiris.ch\/de\/wp-json\/wp\/v2\/comments?post=45320"}],"version-history":[{"count":8,"href":"https:\/\/bien-etreiris.ch\/de\/wp-json\/wp\/v2\/pages\/45320\/revisions"}],"predecessor-version":[{"id":51968,"href":"https:\/\/bien-etreiris.ch\/de\/wp-json\/wp\/v2\/pages\/45320\/revisions\/51968"}],"up":[{"embeddable":true,"href":"https:\/\/bien-etreiris.ch\/de\/wp-json\/wp\/v2\/pages\/45209"}],"wp:featuredmedia":[{"embeddable":true,"href":"https:\/\/bien-etreiris.ch\/de\/wp-json\/wp\/v2\/media\/45317"}],"wp:attachment":[{"href":"https:\/\/bien-etreiris.ch\/de\/wp-json\/wp\/v2\/media?parent=45320"}],"curies":[{"name":"wp","href":"https:\/\/api.w.org\/{rel}","templated":true}]}}