{"id":45282,"date":"2021-05-20T13:20:33","date_gmt":"2021-05-20T11:20:33","guid":{"rendered":"https:\/\/bien-etreiris.ch\/?page_id=45282"},"modified":"2021-07-12T08:15:08","modified_gmt":"2021-07-12T06:15:08","slug":"grosse-servierplatte","status":"publish","type":"page","link":"https:\/\/bien-etreiris.ch\/de\/fundgrube-deals\/keramikbereich\/grosse-servierplatte\/","title":{"rendered":"SERVIERPLATTE Gross"},"content":{"rendered":"\n<h2><br>Gro\u00dfe Servierplatte<\/h2>\n<p><a href=\"https:\/\/bien-etreiris.ch\/wp-content\/uploads\/2021\/05\/acceuil-de-plat-de-service-grand-1.jpg\"><img loading=\"lazy\" decoding=\"async\" class=\"alignleft wp-image-45278 size-full\" src=\"https:\/\/bien-etreiris.ch\/wp-content\/uploads\/2021\/05\/acceuil-de-plat-de-service-grand-1.jpg\" alt=\"\" width=\"625\" height=\"529\" srcset=\"https:\/\/bien-etreiris.ch\/wp-content\/uploads\/2021\/05\/acceuil-de-plat-de-service-grand-1.jpg 625w, https:\/\/bien-etreiris.ch\/wp-content\/uploads\/2021\/05\/acceuil-de-plat-de-service-grand-1-300x254.jpg 300w\" sizes=\"auto, (max-width: 625px) 100vw, 625px\" \/><\/a><\/p>\n<p>&nbsp;<\/p>\n<p>&nbsp;<\/p>\n<p>&nbsp;<\/p>\n<p>&nbsp;<\/p>\n<p>&nbsp;<\/p>\n<p>&nbsp;<\/p>\n<p><br>Au\u00dfen-\u00d8 : ca. 15,5 cm<br>Innendurchmesser: ca. 14,5 cm<br>H\u00f6he: ca. 2,5 cm<br>Fassungsverm\u00f6gen: ca. 350 ml<br>Material: Westerw\u00e4lder Keramik<br>Gewicht: ca. 350 g<\/p>\n<p>1 St\u00fcck <strong>CHF 21.80<\/strong><\/p>\n<p>&nbsp;<\/p>\n<p>&nbsp;<\/p>\n<p>&nbsp;<\/p>\n<p>&nbsp;<\/p>\n<p>&nbsp;<\/p>\n<p>Sp\u00fclmaschinenfest und lebensmittelecht<br>Erh\u00e4ltlich in den Farben Schwarz, Wei\u00df (leicht gl\u00e4nzend glasiert), Mitternachtsblau, Taubenblau, Blaut\u00fcrkis, Blassrosa, Warmgrau.<br>Bitte beachten Sie: Aufgrund der Handarbeit jeder Keramik k\u00f6nnen die Ma\u00dfe um einige Millimeter abweichen!<\/p>\n<p>&nbsp;<\/p>\n<p>In unserer ersten Serie von P&amp;S kitchenware bieten wir diese praktischen Servierschalen in verschiedenen Farben an. Sie stammen ebenfalls aus dem Familienbetrieb unseres Vertrauens im benachbarten Westerwald und haben die gleichen Eigenschaften wie unsere gro\u00dfen Gew\u00fcrzt\u00f6pfe.<\/p>\n<p>Die Schalen sind perfekt zum Servieren von Beilagen, Vorspeisen oder leckeren Desserts. Auch leckere Gratins oder Aufl\u00e4ufe sowie Cr\u00e8me br\u00fbl\u00e9e sind m\u00f6glich, da die Sch\u00fcssel, nat\u00fcrlich gut gefettet, auch als Auflaufform verwendet werden kann. Gestern eine Auflaufform und morgen - vielleicht eher die kleine M\u00fcnzschale auf der Kommode? Oder f\u00fcr die griffbereite Aufbewahrung von Haarspangen, Ringen, Schmuck und \u00c4hnlichem? Lassen Sie sich gehen!<\/p>\n<p>Alle unsere Keramiken sind sp\u00fclmaschinen- und kratzfest und werden bei \u00fcber 1200\u00b0C mit einer lebensmittelechten Glasur gebrannt. Die sachgem\u00e4\u00dfe Anwendung garantiert eine besonders lange Lebensdauer.<\/p>\n<p>&nbsp;<\/p>\n","protected":false},"excerpt":{"rendered":"<p>Gro\u00dfe Servierplatte &nbsp; &nbsp; &nbsp; &nbsp; &nbsp; &nbsp; Au\u00dfen-\u00d8 : ca. 15,5 cmInnendurchmesser: ca. 14,5 cmH\u00f6he: ca. 2,5 cmFassungsverm\u00f6gen: ca. 350 mlMaterial: Westerw\u00e4lder KeramikGewicht: ca. 350 g 1 St\u00fcck CHF 21.80 &nbsp; &nbsp; &nbsp; &nbsp; &nbsp; Sp\u00fclmaschinenfest und lebensmittelechtErh\u00e4ltlich in den Farben Schwarz, Wei\u00df (leicht gl\u00e4nzend glasiert), Mitternachtsblau, Taubenblau, Blaut\u00fcrkis, Blassrosa, Warmgrau.Bitte beachten Sie: Aufgrund der Handarbeit jeder Keramik k\u00f6nnen&nbsp;<a href=\"https:\/\/bien-etreiris.ch\/de\/fundgrube-deals\/keramikbereich\/grosse-servierplatte\/\" class=\"read-more\">Weiter lesen<\/a><\/p>\n","protected":false},"author":1,"featured_media":45277,"parent":45209,"menu_order":5699,"comment_status":"closed","ping_status":"closed","template":"page-with-child.php","meta":{"_acf_changed":false,"ngg_post_thumbnail":0,"footnotes":""},"class_list":["post-45282","page","type-page","status-publish","has-post-thumbnail","hentry"],"acf":[],"yoast_head":"<!-- This site is optimized with the Yoast SEO plugin v27.5 - https:\/\/yoast.com\/product\/yoast-seo-wordpress\/ -->\n<title>SERVIERPLATTE Gross - WOHLBEFINDEN<\/title>\n<meta name=\"robots\" content=\"index, follow, max-snippet:-1, max-image-preview:large, max-video-preview:-1\" \/>\n<link rel=\"canonical\" href=\"https:\/\/bien-etreiris.ch\/de\/fundgrube-deals\/keramikbereich\/grosse-servierplatte\/\" \/>\n<meta property=\"og:locale\" content=\"de_DE\" \/>\n<meta property=\"og:type\" content=\"article\" \/>\n<meta property=\"og:title\" content=\"SERVIERPLATTE Gross - WOHLBEFINDEN\" \/>\n<meta property=\"og:description\" content=\"Gro\u00dfe Servierplatte &nbsp; &nbsp; &nbsp; &nbsp; &nbsp; &nbsp; Au\u00dfen-\u00d8 : ca. 15,5 cmInnendurchmesser: ca. 14,5 cmH\u00f6he: ca. 2,5 cmFassungsverm\u00f6gen: ca. 350 mlMaterial: Westerw\u00e4lder KeramikGewicht: ca. 350 g 1 St\u00fcck CHF 21.80 &nbsp; &nbsp; &nbsp; &nbsp; &nbsp; Sp\u00fclmaschinenfest und lebensmittelechtErh\u00e4ltlich in den Farben Schwarz, Wei\u00df (leicht gl\u00e4nzend glasiert), Mitternachtsblau, Taubenblau, Blaut\u00fcrkis, Blassrosa, Warmgrau.Bitte beachten Sie: Aufgrund der Handarbeit jeder Keramik k\u00f6nnen&nbsp;Weiter lesen\" \/>\n<meta property=\"og:url\" content=\"https:\/\/bien-etreiris.ch\/de\/fundgrube-deals\/keramikbereich\/grosse-servierplatte\/\" \/>\n<meta property=\"og:site_name\" content=\"WOHLBEFINDEN\" \/>\n<meta property=\"article:publisher\" content=\"https:\/\/www.facebook.com\/bienetreiris\/\" \/>\n<meta property=\"article:modified_time\" content=\"2021-07-12T06:15:08+00:00\" \/>\n<meta property=\"og:image\" content=\"https:\/\/bien-etreiris.ch\/wp-content\/uploads\/2021\/05\/acceuil-de-plat-de-service-grand.jpg\" \/>\n\t<meta property=\"og:image:width\" content=\"780\" \/>\n\t<meta property=\"og:image:height\" content=\"430\" \/>\n\t<meta property=\"og:image:type\" content=\"image\/jpeg\" \/>\n<meta name=\"twitter:label1\" content=\"Gesch\u00e4tzte Lesezeit\" \/>\n\t<meta name=\"twitter:data1\" content=\"2\u00a0Minuten\" \/>\n<script type=\"application\/ld+json\" class=\"yoast-schema-graph\">{\"@context\":\"https:\\\/\\\/schema.org\",\"@graph\":[{\"@type\":\"WebPage\",\"@id\":\"https:\\\/\\\/bien-etreiris.ch\\\/de\\\/fundgrube-deals\\\/keramikbereich\\\/grosse-servierplatte\\\/\",\"url\":\"https:\\\/\\\/bien-etreiris.ch\\\/de\\\/fundgrube-deals\\\/keramikbereich\\\/grosse-servierplatte\\\/\",\"name\":\"SERVIERPLATTE Gross - WOHLBEFINDEN\",\"isPartOf\":{\"@id\":\"https:\\\/\\\/bien-etreiris.ch\\\/de\\\/#website\"},\"primaryImageOfPage\":{\"@id\":\"https:\\\/\\\/bien-etreiris.ch\\\/de\\\/fundgrube-deals\\\/keramikbereich\\\/grosse-servierplatte\\\/#primaryimage\"},\"image\":{\"@id\":\"https:\\\/\\\/bien-etreiris.ch\\\/de\\\/fundgrube-deals\\\/keramikbereich\\\/grosse-servierplatte\\\/#primaryimage\"},\"thumbnailUrl\":\"https:\\\/\\\/bien-etreiris.ch\\\/wp-content\\\/uploads\\\/2021\\\/05\\\/acceuil-de-plat-de-service-grand.jpg\",\"datePublished\":\"2021-05-20T11:20:33+00:00\",\"dateModified\":\"2021-07-12T06:15:08+00:00\",\"breadcrumb\":{\"@id\":\"https:\\\/\\\/bien-etreiris.ch\\\/de\\\/fundgrube-deals\\\/keramikbereich\\\/grosse-servierplatte\\\/#breadcrumb\"},\"inLanguage\":\"de\",\"potentialAction\":[{\"@type\":\"ReadAction\",\"target\":[\"https:\\\/\\\/bien-etreiris.ch\\\/de\\\/fundgrube-deals\\\/keramikbereich\\\/grosse-servierplatte\\\/\"]}]},{\"@type\":\"ImageObject\",\"inLanguage\":\"de\",\"@id\":\"https:\\\/\\\/bien-etreiris.ch\\\/de\\\/fundgrube-deals\\\/keramikbereich\\\/grosse-servierplatte\\\/#primaryimage\",\"url\":\"https:\\\/\\\/bien-etreiris.ch\\\/wp-content\\\/uploads\\\/2021\\\/05\\\/acceuil-de-plat-de-service-grand.jpg\",\"contentUrl\":\"https:\\\/\\\/bien-etreiris.ch\\\/wp-content\\\/uploads\\\/2021\\\/05\\\/acceuil-de-plat-de-service-grand.jpg\",\"width\":780,\"height\":430},{\"@type\":\"BreadcrumbList\",\"@id\":\"https:\\\/\\\/bien-etreiris.ch\\\/de\\\/fundgrube-deals\\\/keramikbereich\\\/grosse-servierplatte\\\/#breadcrumb\",\"itemListElement\":[{\"@type\":\"ListItem\",\"position\":1,\"name\":\"Home\",\"item\":\"https:\\\/\\\/bien-etreiris.ch\\\/de\\\/\"},{\"@type\":\"ListItem\",\"position\":2,\"name\":\"FUNDGRUBE &#038; DEALS\",\"item\":\"https:\\\/\\\/bien-etreiris.ch\\\/de\\\/fundgrube-deals\\\/\"},{\"@type\":\"ListItem\",\"position\":3,\"name\":\"KERAMIKBEREICH\",\"item\":\"https:\\\/\\\/bien-etreiris.ch\\\/de\\\/fundgrube-deals\\\/keramikbereich\\\/\"},{\"@type\":\"ListItem\",\"position\":4,\"name\":\"SERVIERPLATTE Gross\"}]},{\"@type\":\"WebSite\",\"@id\":\"https:\\\/\\\/bien-etreiris.ch\\\/de\\\/#website\",\"url\":\"https:\\\/\\\/bien-etreiris.ch\\\/de\\\/\",\"name\":\"Bien-\u00eatre Iris\",\"description\":\"IHRE Gesundheit ist uns wichtig\",\"potentialAction\":[{\"@type\":\"SearchAction\",\"target\":{\"@type\":\"EntryPoint\",\"urlTemplate\":\"https:\\\/\\\/bien-etreiris.ch\\\/de\\\/?s={search_term_string}\"},\"query-input\":{\"@type\":\"PropertyValueSpecification\",\"valueRequired\":true,\"valueName\":\"search_term_string\"}}],\"inLanguage\":\"de\"}]}<\/script>\n<!-- \/ Yoast SEO plugin. -->","yoast_head_json":{"title":"SERVIERPLATTE Gross - WOHLBEFINDEN","robots":{"index":"index","follow":"follow","max-snippet":"max-snippet:-1","max-image-preview":"max-image-preview:large","max-video-preview":"max-video-preview:-1"},"canonical":"https:\/\/bien-etreiris.ch\/de\/fundgrube-deals\/keramikbereich\/grosse-servierplatte\/","og_locale":"de_DE","og_type":"article","og_title":"SERVIERPLATTE Gross - WOHLBEFINDEN","og_description":"Gro\u00dfe Servierplatte &nbsp; &nbsp; &nbsp; &nbsp; &nbsp; &nbsp; Au\u00dfen-\u00d8 : ca. 15,5 cmInnendurchmesser: ca. 14,5 cmH\u00f6he: ca. 2,5 cmFassungsverm\u00f6gen: ca. 350 mlMaterial: Westerw\u00e4lder KeramikGewicht: ca. 350 g 1 St\u00fcck CHF 21.80 &nbsp; &nbsp; &nbsp; &nbsp; &nbsp; Sp\u00fclmaschinenfest und lebensmittelechtErh\u00e4ltlich in den Farben Schwarz, Wei\u00df (leicht gl\u00e4nzend glasiert), Mitternachtsblau, Taubenblau, Blaut\u00fcrkis, Blassrosa, Warmgrau.Bitte beachten Sie: Aufgrund der Handarbeit jeder Keramik k\u00f6nnen&nbsp;Weiter lesen","og_url":"https:\/\/bien-etreiris.ch\/de\/fundgrube-deals\/keramikbereich\/grosse-servierplatte\/","og_site_name":"WOHLBEFINDEN","article_publisher":"https:\/\/www.facebook.com\/bienetreiris\/","article_modified_time":"2021-07-12T06:15:08+00:00","og_image":[{"width":780,"height":430,"url":"https:\/\/bien-etreiris.ch\/wp-content\/uploads\/2021\/05\/acceuil-de-plat-de-service-grand.jpg","type":"image\/jpeg"}],"twitter_misc":{"Gesch\u00e4tzte Lesezeit":"2\u00a0Minuten"},"schema":{"@context":"https:\/\/schema.org","@graph":[{"@type":"WebPage","@id":"https:\/\/bien-etreiris.ch\/de\/fundgrube-deals\/keramikbereich\/grosse-servierplatte\/","url":"https:\/\/bien-etreiris.ch\/de\/fundgrube-deals\/keramikbereich\/grosse-servierplatte\/","name":"SERVIERPLATTE Gross - WOHLBEFINDEN","isPartOf":{"@id":"https:\/\/bien-etreiris.ch\/de\/#website"},"primaryImageOfPage":{"@id":"https:\/\/bien-etreiris.ch\/de\/fundgrube-deals\/keramikbereich\/grosse-servierplatte\/#primaryimage"},"image":{"@id":"https:\/\/bien-etreiris.ch\/de\/fundgrube-deals\/keramikbereich\/grosse-servierplatte\/#primaryimage"},"thumbnailUrl":"https:\/\/bien-etreiris.ch\/wp-content\/uploads\/2021\/05\/acceuil-de-plat-de-service-grand.jpg","datePublished":"2021-05-20T11:20:33+00:00","dateModified":"2021-07-12T06:15:08+00:00","breadcrumb":{"@id":"https:\/\/bien-etreiris.ch\/de\/fundgrube-deals\/keramikbereich\/grosse-servierplatte\/#breadcrumb"},"inLanguage":"de","potentialAction":[{"@type":"ReadAction","target":["https:\/\/bien-etreiris.ch\/de\/fundgrube-deals\/keramikbereich\/grosse-servierplatte\/"]}]},{"@type":"ImageObject","inLanguage":"de","@id":"https:\/\/bien-etreiris.ch\/de\/fundgrube-deals\/keramikbereich\/grosse-servierplatte\/#primaryimage","url":"https:\/\/bien-etreiris.ch\/wp-content\/uploads\/2021\/05\/acceuil-de-plat-de-service-grand.jpg","contentUrl":"https:\/\/bien-etreiris.ch\/wp-content\/uploads\/2021\/05\/acceuil-de-plat-de-service-grand.jpg","width":780,"height":430},{"@type":"BreadcrumbList","@id":"https:\/\/bien-etreiris.ch\/de\/fundgrube-deals\/keramikbereich\/grosse-servierplatte\/#breadcrumb","itemListElement":[{"@type":"ListItem","position":1,"name":"Home","item":"https:\/\/bien-etreiris.ch\/de\/"},{"@type":"ListItem","position":2,"name":"FUNDGRUBE &#038; DEALS","item":"https:\/\/bien-etreiris.ch\/de\/fundgrube-deals\/"},{"@type":"ListItem","position":3,"name":"KERAMIKBEREICH","item":"https:\/\/bien-etreiris.ch\/de\/fundgrube-deals\/keramikbereich\/"},{"@type":"ListItem","position":4,"name":"SERVIERPLATTE Gross"}]},{"@type":"WebSite","@id":"https:\/\/bien-etreiris.ch\/de\/#website","url":"https:\/\/bien-etreiris.ch\/de\/","name":"Bien-\u00eatre Iris","description":"IHRE Gesundheit ist uns wichtig","potentialAction":[{"@type":"SearchAction","target":{"@type":"EntryPoint","urlTemplate":"https:\/\/bien-etreiris.ch\/de\/?s={search_term_string}"},"query-input":{"@type":"PropertyValueSpecification","valueRequired":true,"valueName":"search_term_string"}}],"inLanguage":"de"}]}},"_links":{"self":[{"href":"https:\/\/bien-etreiris.ch\/de\/wp-json\/wp\/v2\/pages\/45282","targetHints":{"allow":["GET"]}}],"collection":[{"href":"https:\/\/bien-etreiris.ch\/de\/wp-json\/wp\/v2\/pages"}],"about":[{"href":"https:\/\/bien-etreiris.ch\/de\/wp-json\/wp\/v2\/types\/page"}],"author":[{"embeddable":true,"href":"https:\/\/bien-etreiris.ch\/de\/wp-json\/wp\/v2\/users\/1"}],"replies":[{"embeddable":true,"href":"https:\/\/bien-etreiris.ch\/de\/wp-json\/wp\/v2\/comments?post=45282"}],"version-history":[{"count":6,"href":"https:\/\/bien-etreiris.ch\/de\/wp-json\/wp\/v2\/pages\/45282\/revisions"}],"predecessor-version":[{"id":51988,"href":"https:\/\/bien-etreiris.ch\/de\/wp-json\/wp\/v2\/pages\/45282\/revisions\/51988"}],"up":[{"embeddable":true,"href":"https:\/\/bien-etreiris.ch\/de\/wp-json\/wp\/v2\/pages\/45209"}],"wp:featuredmedia":[{"embeddable":true,"href":"https:\/\/bien-etreiris.ch\/de\/wp-json\/wp\/v2\/media\/45277"}],"wp:attachment":[{"href":"https:\/\/bien-etreiris.ch\/de\/wp-json\/wp\/v2\/media?parent=45282"}],"curies":[{"name":"wp","href":"https:\/\/api.w.org\/{rel}","templated":true}]}}