{"id":45242,"date":"2021-05-20T13:03:03","date_gmt":"2021-05-20T11:03:03","guid":{"rendered":"https:\/\/bien-etreiris.ch\/?page_id=45242"},"modified":"2021-07-12T07:14:53","modified_gmt":"2021-07-12T05:14:53","slug":"vorratstopf-groesse-1","status":"publish","type":"page","link":"https:\/\/bien-etreiris.ch\/de\/fundgrube-deals\/keramikbereich\/vorratstopf-groesse-1\/","title":{"rendered":"VORRATSTOPF GR\u00d6SSE 1"},"content":{"rendered":"\n<p>Vorratstopf Gr\u00f6\u00dfe 1 mit Korkdeckel<br>Perfekt als Gew\u00fcrzglas, aber es sch\u00fctzt alles, was trocken und frisch bleiben soll!<\/p>\n<p><a href=\"https:\/\/bien-etreiris.ch\/wp-content\/uploads\/2021\/05\/pot-a-epices.png\"><img loading=\"lazy\" decoding=\"async\" class=\"size-medium wp-image-45243 alignleft\" src=\"https:\/\/bien-etreiris.ch\/wp-content\/uploads\/2021\/05\/pot-a-epices-300x300.png\" alt=\"\" width=\"300\" height=\"300\" srcset=\"https:\/\/bien-etreiris.ch\/wp-content\/uploads\/2021\/05\/pot-a-epices-300x300.png 300w, https:\/\/bien-etreiris.ch\/wp-content\/uploads\/2021\/05\/pot-a-epices-150x150.png 150w, https:\/\/bien-etreiris.ch\/wp-content\/uploads\/2021\/05\/pot-a-epices.png 560w\" sizes=\"auto, (max-width: 300px) 100vw, 300px\" \/><\/a><\/p>\n<p>&nbsp;<\/p>\n<p>&nbsp;<\/p>\n<p>\u00d8 : 6,5 cm<\/p>\n<p>H\u00f6he: 11 cm (mit Kappe)<br>Gewicht: ca. 250 g<br>F\u00fcllmenge: 150 ml<br>Material: Westerw\u00e4lder Keramik<\/p>\n<p>1 St\u00fcck <strong>CHF 12.50<\/strong><\/p>\n<p>&nbsp;<\/p>\n<p><br>Sp\u00fclmaschinenfest und lebensmittelecht<br>Erh\u00e4ltlich in den Farben Schwarz, Wei\u00df (leicht gl\u00e4nzend glasiert), Mitternachtsblau, Taubenblau, Hellt\u00fcrkis, Hellrosa, Warmgrau.<br>Bitte beachten Sie: Aufgrund der handwerklichen Fertigung jedes Gef\u00e4\u00dfes k\u00f6nnen die Ma\u00dfe um einige Millimeter variieren.<\/p>\n<p><br>Unsere P&amp;S Keramikgl\u00e4ser mit Korkdeckel sind die richtige Wahl f\u00fcr getrocknete Kr\u00e4uter aus Ihrem Garten, f\u00fcr selbstgemachte Gew\u00fcrzmischungen oder f\u00fcr Reste aus Ihrer K\u00fcche. Die Steinzeuggl\u00e4ser werden im Westerwald in fast 20 Arbeitsschritten \u00fcberwiegend in Handarbeit hergestellt und mit einer lebensmittelechten Glasur gebrannt. Der Korkstopfen ist aus portugiesischer Korkeiche gefertigt.<\/p>\n<p>Die T\u00f6pfe haben einen Durchmesser von ca. 65 mm und eine H\u00f6he von ca. 110 mm (inklusive Kork). Aufgrund der manuellen Arbeit k\u00f6nnen die Messungen manchmal um 1 bis 2 mm abweichen. Die Menge der F\u00fcllung h\u00e4ngt nat\u00fcrlich von der Dichte des Inhalts ab.<\/p>\n<p>Der Innenraum enth\u00e4lt ca. 150 ml, das entspricht ca. 150 g Steinsalz, 50-70 g Pfeffer und 20-30 g Kr\u00e4uter.<\/p>\n<p><br>Sie sind lichtdicht, temperaturbest\u00e4ndig und fast vollst\u00e4ndig luftdicht. Sie sind daher nicht nur attraktiv, sondern auch perfekt f\u00fcr die Aufbewahrung von Gew\u00fcrzen.<\/p>\n<p>&nbsp;<\/p>\n","protected":false},"excerpt":{"rendered":"<p>Vorratstopf Gr\u00f6\u00dfe 1 mit KorkdeckelPerfekt als Gew\u00fcrzglas, aber es sch\u00fctzt alles, was trocken und frisch bleiben soll! &nbsp; &nbsp; \u00d8 : 6,5 cm H\u00f6he: 11 cm (mit Kappe)Gewicht: ca. 250 gF\u00fcllmenge: 150 mlMaterial: Westerw\u00e4lder Keramik 1 St\u00fcck CHF 12.50 &nbsp; Sp\u00fclmaschinenfest und lebensmittelechtErh\u00e4ltlich in den Farben Schwarz, Wei\u00df (leicht gl\u00e4nzend glasiert), Mitternachtsblau, Taubenblau, Hellt\u00fcrkis, Hellrosa, Warmgrau.Bitte beachten Sie: Aufgrund der&nbsp;<a href=\"https:\/\/bien-etreiris.ch\/de\/fundgrube-deals\/keramikbereich\/vorratstopf-groesse-1\/\" class=\"read-more\">Weiter lesen<\/a><\/p>\n","protected":false},"author":1,"featured_media":45239,"parent":45209,"menu_order":5705,"comment_status":"closed","ping_status":"closed","template":"page-with-child.php","meta":{"_acf_changed":false,"ngg_post_thumbnail":0,"footnotes":""},"class_list":["post-45242","page","type-page","status-publish","has-post-thumbnail","hentry"],"acf":[],"yoast_head":"<!-- This site is optimized with the Yoast SEO plugin v27.5 - https:\/\/yoast.com\/product\/yoast-seo-wordpress\/ -->\n<title>VORRATSTOPF GR\u00d6SSE 1 - WOHLBEFINDEN<\/title>\n<meta name=\"robots\" content=\"index, follow, max-snippet:-1, max-image-preview:large, max-video-preview:-1\" \/>\n<link rel=\"canonical\" href=\"https:\/\/bien-etreiris.ch\/de\/fundgrube-deals\/keramikbereich\/vorratstopf-groesse-1\/\" \/>\n<meta property=\"og:locale\" content=\"de_DE\" \/>\n<meta property=\"og:type\" content=\"article\" \/>\n<meta property=\"og:title\" content=\"VORRATSTOPF GR\u00d6SSE 1 - WOHLBEFINDEN\" \/>\n<meta property=\"og:description\" content=\"Vorratstopf Gr\u00f6\u00dfe 1 mit KorkdeckelPerfekt als Gew\u00fcrzglas, aber es sch\u00fctzt alles, was trocken und frisch bleiben soll! &nbsp; &nbsp; \u00d8 : 6,5 cm H\u00f6he: 11 cm (mit Kappe)Gewicht: ca. 250 gF\u00fcllmenge: 150 mlMaterial: Westerw\u00e4lder Keramik 1 St\u00fcck CHF 12.50 &nbsp; Sp\u00fclmaschinenfest und lebensmittelechtErh\u00e4ltlich in den Farben Schwarz, Wei\u00df (leicht gl\u00e4nzend glasiert), Mitternachtsblau, Taubenblau, Hellt\u00fcrkis, Hellrosa, Warmgrau.Bitte beachten Sie: Aufgrund der&nbsp;Weiter lesen\" \/>\n<meta property=\"og:url\" content=\"https:\/\/bien-etreiris.ch\/de\/fundgrube-deals\/keramikbereich\/vorratstopf-groesse-1\/\" \/>\n<meta property=\"og:site_name\" content=\"WOHLBEFINDEN\" \/>\n<meta property=\"article:publisher\" content=\"https:\/\/www.facebook.com\/bienetreiris\/\" \/>\n<meta property=\"article:modified_time\" content=\"2021-07-12T05:14:53+00:00\" \/>\n<meta property=\"og:image\" content=\"https:\/\/bien-etreiris.ch\/wp-content\/uploads\/2021\/05\/acceuil-pot-a-epices-avec-bouchon.jpg\" \/>\n\t<meta property=\"og:image:width\" content=\"815\" \/>\n\t<meta property=\"og:image:height\" content=\"490\" \/>\n\t<meta property=\"og:image:type\" content=\"image\/jpeg\" \/>\n<meta name=\"twitter:label1\" content=\"Gesch\u00e4tzte Lesezeit\" \/>\n\t<meta name=\"twitter:data1\" content=\"2\u00a0Minuten\" \/>\n<script type=\"application\/ld+json\" class=\"yoast-schema-graph\">{\"@context\":\"https:\\\/\\\/schema.org\",\"@graph\":[{\"@type\":\"WebPage\",\"@id\":\"https:\\\/\\\/bien-etreiris.ch\\\/de\\\/fundgrube-deals\\\/keramikbereich\\\/vorratstopf-groesse-1\\\/\",\"url\":\"https:\\\/\\\/bien-etreiris.ch\\\/de\\\/fundgrube-deals\\\/keramikbereich\\\/vorratstopf-groesse-1\\\/\",\"name\":\"VORRATSTOPF GR\u00d6SSE 1 - WOHLBEFINDEN\",\"isPartOf\":{\"@id\":\"https:\\\/\\\/bien-etreiris.ch\\\/de\\\/#website\"},\"primaryImageOfPage\":{\"@id\":\"https:\\\/\\\/bien-etreiris.ch\\\/de\\\/fundgrube-deals\\\/keramikbereich\\\/vorratstopf-groesse-1\\\/#primaryimage\"},\"image\":{\"@id\":\"https:\\\/\\\/bien-etreiris.ch\\\/de\\\/fundgrube-deals\\\/keramikbereich\\\/vorratstopf-groesse-1\\\/#primaryimage\"},\"thumbnailUrl\":\"https:\\\/\\\/bien-etreiris.ch\\\/wp-content\\\/uploads\\\/2021\\\/05\\\/acceuil-pot-a-epices-avec-bouchon.jpg\",\"datePublished\":\"2021-05-20T11:03:03+00:00\",\"dateModified\":\"2021-07-12T05:14:53+00:00\",\"breadcrumb\":{\"@id\":\"https:\\\/\\\/bien-etreiris.ch\\\/de\\\/fundgrube-deals\\\/keramikbereich\\\/vorratstopf-groesse-1\\\/#breadcrumb\"},\"inLanguage\":\"de\",\"potentialAction\":[{\"@type\":\"ReadAction\",\"target\":[\"https:\\\/\\\/bien-etreiris.ch\\\/de\\\/fundgrube-deals\\\/keramikbereich\\\/vorratstopf-groesse-1\\\/\"]}]},{\"@type\":\"ImageObject\",\"inLanguage\":\"de\",\"@id\":\"https:\\\/\\\/bien-etreiris.ch\\\/de\\\/fundgrube-deals\\\/keramikbereich\\\/vorratstopf-groesse-1\\\/#primaryimage\",\"url\":\"https:\\\/\\\/bien-etreiris.ch\\\/wp-content\\\/uploads\\\/2021\\\/05\\\/acceuil-pot-a-epices-avec-bouchon.jpg\",\"contentUrl\":\"https:\\\/\\\/bien-etreiris.ch\\\/wp-content\\\/uploads\\\/2021\\\/05\\\/acceuil-pot-a-epices-avec-bouchon.jpg\",\"width\":815,\"height\":490},{\"@type\":\"BreadcrumbList\",\"@id\":\"https:\\\/\\\/bien-etreiris.ch\\\/de\\\/fundgrube-deals\\\/keramikbereich\\\/vorratstopf-groesse-1\\\/#breadcrumb\",\"itemListElement\":[{\"@type\":\"ListItem\",\"position\":1,\"name\":\"Home\",\"item\":\"https:\\\/\\\/bien-etreiris.ch\\\/de\\\/\"},{\"@type\":\"ListItem\",\"position\":2,\"name\":\"FUNDGRUBE &#038; DEALS\",\"item\":\"https:\\\/\\\/bien-etreiris.ch\\\/de\\\/fundgrube-deals\\\/\"},{\"@type\":\"ListItem\",\"position\":3,\"name\":\"KERAMIKBEREICH\",\"item\":\"https:\\\/\\\/bien-etreiris.ch\\\/de\\\/fundgrube-deals\\\/keramikbereich\\\/\"},{\"@type\":\"ListItem\",\"position\":4,\"name\":\"VORRATSTOPF GR\u00d6SSE 1\"}]},{\"@type\":\"WebSite\",\"@id\":\"https:\\\/\\\/bien-etreiris.ch\\\/de\\\/#website\",\"url\":\"https:\\\/\\\/bien-etreiris.ch\\\/de\\\/\",\"name\":\"Bien-\u00eatre Iris\",\"description\":\"IHRE Gesundheit ist uns wichtig\",\"potentialAction\":[{\"@type\":\"SearchAction\",\"target\":{\"@type\":\"EntryPoint\",\"urlTemplate\":\"https:\\\/\\\/bien-etreiris.ch\\\/de\\\/?s={search_term_string}\"},\"query-input\":{\"@type\":\"PropertyValueSpecification\",\"valueRequired\":true,\"valueName\":\"search_term_string\"}}],\"inLanguage\":\"de\"}]}<\/script>\n<!-- \/ Yoast SEO plugin. -->","yoast_head_json":{"title":"VORRATSTOPF GR\u00d6SSE 1 - WOHLBEFINDEN","robots":{"index":"index","follow":"follow","max-snippet":"max-snippet:-1","max-image-preview":"max-image-preview:large","max-video-preview":"max-video-preview:-1"},"canonical":"https:\/\/bien-etreiris.ch\/de\/fundgrube-deals\/keramikbereich\/vorratstopf-groesse-1\/","og_locale":"de_DE","og_type":"article","og_title":"VORRATSTOPF GR\u00d6SSE 1 - WOHLBEFINDEN","og_description":"Vorratstopf Gr\u00f6\u00dfe 1 mit KorkdeckelPerfekt als Gew\u00fcrzglas, aber es sch\u00fctzt alles, was trocken und frisch bleiben soll! &nbsp; &nbsp; \u00d8 : 6,5 cm H\u00f6he: 11 cm (mit Kappe)Gewicht: ca. 250 gF\u00fcllmenge: 150 mlMaterial: Westerw\u00e4lder Keramik 1 St\u00fcck CHF 12.50 &nbsp; Sp\u00fclmaschinenfest und lebensmittelechtErh\u00e4ltlich in den Farben Schwarz, Wei\u00df (leicht gl\u00e4nzend glasiert), Mitternachtsblau, Taubenblau, Hellt\u00fcrkis, Hellrosa, Warmgrau.Bitte beachten Sie: Aufgrund der&nbsp;Weiter lesen","og_url":"https:\/\/bien-etreiris.ch\/de\/fundgrube-deals\/keramikbereich\/vorratstopf-groesse-1\/","og_site_name":"WOHLBEFINDEN","article_publisher":"https:\/\/www.facebook.com\/bienetreiris\/","article_modified_time":"2021-07-12T05:14:53+00:00","og_image":[{"width":815,"height":490,"url":"https:\/\/bien-etreiris.ch\/wp-content\/uploads\/2021\/05\/acceuil-pot-a-epices-avec-bouchon.jpg","type":"image\/jpeg"}],"twitter_misc":{"Gesch\u00e4tzte Lesezeit":"2\u00a0Minuten"},"schema":{"@context":"https:\/\/schema.org","@graph":[{"@type":"WebPage","@id":"https:\/\/bien-etreiris.ch\/de\/fundgrube-deals\/keramikbereich\/vorratstopf-groesse-1\/","url":"https:\/\/bien-etreiris.ch\/de\/fundgrube-deals\/keramikbereich\/vorratstopf-groesse-1\/","name":"VORRATSTOPF GR\u00d6SSE 1 - WOHLBEFINDEN","isPartOf":{"@id":"https:\/\/bien-etreiris.ch\/de\/#website"},"primaryImageOfPage":{"@id":"https:\/\/bien-etreiris.ch\/de\/fundgrube-deals\/keramikbereich\/vorratstopf-groesse-1\/#primaryimage"},"image":{"@id":"https:\/\/bien-etreiris.ch\/de\/fundgrube-deals\/keramikbereich\/vorratstopf-groesse-1\/#primaryimage"},"thumbnailUrl":"https:\/\/bien-etreiris.ch\/wp-content\/uploads\/2021\/05\/acceuil-pot-a-epices-avec-bouchon.jpg","datePublished":"2021-05-20T11:03:03+00:00","dateModified":"2021-07-12T05:14:53+00:00","breadcrumb":{"@id":"https:\/\/bien-etreiris.ch\/de\/fundgrube-deals\/keramikbereich\/vorratstopf-groesse-1\/#breadcrumb"},"inLanguage":"de","potentialAction":[{"@type":"ReadAction","target":["https:\/\/bien-etreiris.ch\/de\/fundgrube-deals\/keramikbereich\/vorratstopf-groesse-1\/"]}]},{"@type":"ImageObject","inLanguage":"de","@id":"https:\/\/bien-etreiris.ch\/de\/fundgrube-deals\/keramikbereich\/vorratstopf-groesse-1\/#primaryimage","url":"https:\/\/bien-etreiris.ch\/wp-content\/uploads\/2021\/05\/acceuil-pot-a-epices-avec-bouchon.jpg","contentUrl":"https:\/\/bien-etreiris.ch\/wp-content\/uploads\/2021\/05\/acceuil-pot-a-epices-avec-bouchon.jpg","width":815,"height":490},{"@type":"BreadcrumbList","@id":"https:\/\/bien-etreiris.ch\/de\/fundgrube-deals\/keramikbereich\/vorratstopf-groesse-1\/#breadcrumb","itemListElement":[{"@type":"ListItem","position":1,"name":"Home","item":"https:\/\/bien-etreiris.ch\/de\/"},{"@type":"ListItem","position":2,"name":"FUNDGRUBE &#038; DEALS","item":"https:\/\/bien-etreiris.ch\/de\/fundgrube-deals\/"},{"@type":"ListItem","position":3,"name":"KERAMIKBEREICH","item":"https:\/\/bien-etreiris.ch\/de\/fundgrube-deals\/keramikbereich\/"},{"@type":"ListItem","position":4,"name":"VORRATSTOPF GR\u00d6SSE 1"}]},{"@type":"WebSite","@id":"https:\/\/bien-etreiris.ch\/de\/#website","url":"https:\/\/bien-etreiris.ch\/de\/","name":"Bien-\u00eatre Iris","description":"IHRE Gesundheit ist uns wichtig","potentialAction":[{"@type":"SearchAction","target":{"@type":"EntryPoint","urlTemplate":"https:\/\/bien-etreiris.ch\/de\/?s={search_term_string}"},"query-input":{"@type":"PropertyValueSpecification","valueRequired":true,"valueName":"search_term_string"}}],"inLanguage":"de"}]}},"_links":{"self":[{"href":"https:\/\/bien-etreiris.ch\/de\/wp-json\/wp\/v2\/pages\/45242","targetHints":{"allow":["GET"]}}],"collection":[{"href":"https:\/\/bien-etreiris.ch\/de\/wp-json\/wp\/v2\/pages"}],"about":[{"href":"https:\/\/bien-etreiris.ch\/de\/wp-json\/wp\/v2\/types\/page"}],"author":[{"embeddable":true,"href":"https:\/\/bien-etreiris.ch\/de\/wp-json\/wp\/v2\/users\/1"}],"replies":[{"embeddable":true,"href":"https:\/\/bien-etreiris.ch\/de\/wp-json\/wp\/v2\/comments?post=45242"}],"version-history":[{"count":5,"href":"https:\/\/bien-etreiris.ch\/de\/wp-json\/wp\/v2\/pages\/45242\/revisions"}],"predecessor-version":[{"id":51966,"href":"https:\/\/bien-etreiris.ch\/de\/wp-json\/wp\/v2\/pages\/45242\/revisions\/51966"}],"up":[{"embeddable":true,"href":"https:\/\/bien-etreiris.ch\/de\/wp-json\/wp\/v2\/pages\/45209"}],"wp:featuredmedia":[{"embeddable":true,"href":"https:\/\/bien-etreiris.ch\/de\/wp-json\/wp\/v2\/media\/45239"}],"wp:attachment":[{"href":"https:\/\/bien-etreiris.ch\/de\/wp-json\/wp\/v2\/media?parent=45242"}],"curies":[{"name":"wp","href":"https:\/\/api.w.org\/{rel}","templated":true}]}}