{"id":45209,"date":"2021-05-20T11:55:47","date_gmt":"2021-05-20T09:55:47","guid":{"rendered":"https:\/\/bien-etreiris.ch\/?page_id=45209"},"modified":"2021-05-25T21:48:00","modified_gmt":"2021-05-25T19:48:00","slug":"keramikbereich","status":"publish","type":"page","link":"https:\/\/bien-etreiris.ch\/de\/fundgrube-deals\/keramikbereich\/","title":{"rendered":"KERAMIKBEREICH"},"content":{"rendered":"\n<h2>Keramikbereich<\/h2>\n<p><a href=\"https:\/\/bien-etreiris.ch\/wp-content\/uploads\/2021\/05\/grand-imange-1.png\"><img loading=\"lazy\" decoding=\"async\" class=\"alignnone wp-image-45214 size-full\" src=\"https:\/\/bien-etreiris.ch\/wp-content\/uploads\/2021\/05\/grand-imange-1.png\" alt=\"\" width=\"1220\" height=\"330\" srcset=\"https:\/\/bien-etreiris.ch\/wp-content\/uploads\/2021\/05\/grand-imange-1.png 1220w, https:\/\/bien-etreiris.ch\/wp-content\/uploads\/2021\/05\/grand-imange-1-300x81.png 300w, https:\/\/bien-etreiris.ch\/wp-content\/uploads\/2021\/05\/grand-imange-1-1024x277.png 1024w, https:\/\/bien-etreiris.ch\/wp-content\/uploads\/2021\/05\/grand-imange-1-768x208.png 768w\" sizes=\"auto, (max-width: 1220px) 100vw, 1220px\" \/><\/a><\/p>\n<p>Des pots \u00e0 \u00e9pices, des refroidisseurs de boissons et des bocaux de stockage<br>Pfeffersack &amp; S\u00f6hne propose non seulement de tr\u00e8s bons sels, poivres et m\u00e9langes d'\u00e9pices, mais aussi de merveilleux ustensiles de cuisine et accessoires pour servir, conserver, offrir ou simplement garder pour soi.<br>Nous vous pr\u00e9sentons maintenant nos produits, avec lesquels vous pouvez vous d\u00e9fouler de mani\u00e8re cr\u00e9ative dans la cuisine, la maison et le jardin. Toutes les informations et mesures sont approximatives, car nos c\u00e9ramiques sont presque exclusivement faites \u00e0 la main. Toutefois, soyez assur\u00e9 que les \u00e9carts \u00e9ventuels sont de l'ordre du millim\u00e8tre ou du millilitre.<br>Ces jolis ustensiles de cuisine ne sont pas seulement disponibles dans le noir familier, mais aussi dans les couleurs suivantes : blanc, gris chaud, turquoise p\u00e2le, bleu pigeon, bleu nuit et rose p\u00e2le.<br>Bien entendu, toutes les c\u00e9ramiques sont r\u00e9sistantes au lave-vaisselle et aux rayures pour que vous puissiez en profiter longtemps !<\/p>\n<p>&nbsp;<\/p>\n","protected":false},"excerpt":{"rendered":"<p>Keramikbereich Des pots \u00e0 \u00e9pices, des refroidisseurs de boissons et des bocaux de stockagePfeffersack &amp; S\u00f6hne propose non seulement de tr\u00e8s bons sels, poivres et m\u00e9langes d'\u00e9pices, mais aussi de merveilleux ustensiles de cuisine et accessoires pour servir, conserver, offrir ou simplement garder pour soi.Nous vous pr\u00e9sentons maintenant nos produits, avec lesquels vous pouvez vous d\u00e9fouler de mani\u00e8re cr\u00e9ative dans&nbsp;<a href=\"https:\/\/bien-etreiris.ch\/de\/fundgrube-deals\/keramikbereich\/\" class=\"read-more\">Weiter lesen<\/a><\/p>\n","protected":false},"author":1,"featured_media":44552,"parent":44515,"menu_order":5711,"comment_status":"closed","ping_status":"closed","template":"page-with-child.php","meta":{"_acf_changed":false,"ngg_post_thumbnail":0,"footnotes":""},"class_list":["post-45209","page","type-page","status-publish","has-post-thumbnail","hentry"],"acf":[],"yoast_head":"<!-- This site is optimized with the Yoast SEO plugin v27.6 - https:\/\/yoast.com\/product\/yoast-seo-wordpress\/ -->\n<title>KERAMIKBEREICH - WOHLBEFINDEN<\/title>\n<meta name=\"robots\" content=\"index, follow, max-snippet:-1, max-image-preview:large, max-video-preview:-1\" \/>\n<link rel=\"canonical\" href=\"https:\/\/bien-etreiris.ch\/de\/fundgrube-deals\/keramikbereich\/\" \/>\n<meta property=\"og:locale\" content=\"de_DE\" \/>\n<meta property=\"og:type\" content=\"article\" \/>\n<meta property=\"og:title\" content=\"KERAMIKBEREICH - WOHLBEFINDEN\" \/>\n<meta property=\"og:description\" content=\"Keramikbereich Des pots \u00e0 \u00e9pices, des refroidisseurs de boissons et des bocaux de stockagePfeffersack &amp; S\u00f6hne propose non seulement de tr\u00e8s bons sels, poivres et m\u00e9langes d&#039;\u00e9pices, mais aussi de merveilleux ustensiles de cuisine et accessoires pour servir, conserver, offrir ou simplement garder pour soi.Nous vous pr\u00e9sentons maintenant nos produits, avec lesquels vous pouvez vous d\u00e9fouler de mani\u00e8re cr\u00e9ative dans&nbsp;Weiter lesen\" \/>\n<meta property=\"og:url\" content=\"https:\/\/bien-etreiris.ch\/de\/fundgrube-deals\/keramikbereich\/\" \/>\n<meta property=\"og:site_name\" content=\"WOHLBEFINDEN\" \/>\n<meta property=\"article:publisher\" content=\"https:\/\/www.facebook.com\/bienetreiris\/\" \/>\n<meta property=\"article:modified_time\" content=\"2021-05-25T19:48:00+00:00\" \/>\n<meta property=\"og:image\" content=\"https:\/\/bien-etreiris.ch\/wp-content\/uploads\/2021\/05\/acceuil-gamme-ceramique.jpg\" \/>\n\t<meta property=\"og:image:width\" content=\"500\" \/>\n\t<meta property=\"og:image:height\" content=\"333\" \/>\n\t<meta property=\"og:image:type\" content=\"image\/jpeg\" \/>\n<meta name=\"twitter:label1\" content=\"Gesch\u00e4tzte Lesezeit\" \/>\n\t<meta name=\"twitter:data1\" content=\"1\u00a0Minute\" \/>\n<script type=\"application\/ld+json\" class=\"yoast-schema-graph\">{\"@context\":\"https:\\\/\\\/schema.org\",\"@graph\":[{\"@type\":\"WebPage\",\"@id\":\"https:\\\/\\\/bien-etreiris.ch\\\/de\\\/fundgrube-deals\\\/keramikbereich\\\/\",\"url\":\"https:\\\/\\\/bien-etreiris.ch\\\/de\\\/fundgrube-deals\\\/keramikbereich\\\/\",\"name\":\"KERAMIKBEREICH - WOHLBEFINDEN\",\"isPartOf\":{\"@id\":\"https:\\\/\\\/bien-etreiris.ch\\\/de\\\/#website\"},\"primaryImageOfPage\":{\"@id\":\"https:\\\/\\\/bien-etreiris.ch\\\/de\\\/fundgrube-deals\\\/keramikbereich\\\/#primaryimage\"},\"image\":{\"@id\":\"https:\\\/\\\/bien-etreiris.ch\\\/de\\\/fundgrube-deals\\\/keramikbereich\\\/#primaryimage\"},\"thumbnailUrl\":\"https:\\\/\\\/bien-etreiris.ch\\\/wp-content\\\/uploads\\\/2021\\\/05\\\/acceuil-gamme-ceramique.jpg\",\"datePublished\":\"2021-05-20T09:55:47+00:00\",\"dateModified\":\"2021-05-25T19:48:00+00:00\",\"breadcrumb\":{\"@id\":\"https:\\\/\\\/bien-etreiris.ch\\\/de\\\/fundgrube-deals\\\/keramikbereich\\\/#breadcrumb\"},\"inLanguage\":\"de\",\"potentialAction\":[{\"@type\":\"ReadAction\",\"target\":[\"https:\\\/\\\/bien-etreiris.ch\\\/de\\\/fundgrube-deals\\\/keramikbereich\\\/\"]}]},{\"@type\":\"ImageObject\",\"inLanguage\":\"de\",\"@id\":\"https:\\\/\\\/bien-etreiris.ch\\\/de\\\/fundgrube-deals\\\/keramikbereich\\\/#primaryimage\",\"url\":\"https:\\\/\\\/bien-etreiris.ch\\\/wp-content\\\/uploads\\\/2021\\\/05\\\/acceuil-gamme-ceramique.jpg\",\"contentUrl\":\"https:\\\/\\\/bien-etreiris.ch\\\/wp-content\\\/uploads\\\/2021\\\/05\\\/acceuil-gamme-ceramique.jpg\",\"width\":500,\"height\":333},{\"@type\":\"BreadcrumbList\",\"@id\":\"https:\\\/\\\/bien-etreiris.ch\\\/de\\\/fundgrube-deals\\\/keramikbereich\\\/#breadcrumb\",\"itemListElement\":[{\"@type\":\"ListItem\",\"position\":1,\"name\":\"Home\",\"item\":\"https:\\\/\\\/bien-etreiris.ch\\\/de\\\/\"},{\"@type\":\"ListItem\",\"position\":2,\"name\":\"FUNDGRUBE &#038; DEALS\",\"item\":\"https:\\\/\\\/bien-etreiris.ch\\\/de\\\/fundgrube-deals\\\/\"},{\"@type\":\"ListItem\",\"position\":3,\"name\":\"KERAMIKBEREICH\"}]},{\"@type\":\"WebSite\",\"@id\":\"https:\\\/\\\/bien-etreiris.ch\\\/de\\\/#website\",\"url\":\"https:\\\/\\\/bien-etreiris.ch\\\/de\\\/\",\"name\":\"Bien-\u00eatre Iris\",\"description\":\"IHRE Gesundheit ist uns wichtig\",\"potentialAction\":[{\"@type\":\"SearchAction\",\"target\":{\"@type\":\"EntryPoint\",\"urlTemplate\":\"https:\\\/\\\/bien-etreiris.ch\\\/de\\\/?s={search_term_string}\"},\"query-input\":{\"@type\":\"PropertyValueSpecification\",\"valueRequired\":true,\"valueName\":\"search_term_string\"}}],\"inLanguage\":\"de\"}]}<\/script>\n<!-- \/ Yoast SEO plugin. -->","yoast_head_json":{"title":"KERAMIKBEREICH - WOHLBEFINDEN","robots":{"index":"index","follow":"follow","max-snippet":"max-snippet:-1","max-image-preview":"max-image-preview:large","max-video-preview":"max-video-preview:-1"},"canonical":"https:\/\/bien-etreiris.ch\/de\/fundgrube-deals\/keramikbereich\/","og_locale":"de_DE","og_type":"article","og_title":"KERAMIKBEREICH - WOHLBEFINDEN","og_description":"Keramikbereich Des pots \u00e0 \u00e9pices, des refroidisseurs de boissons et des bocaux de stockagePfeffersack &amp; S\u00f6hne propose non seulement de tr\u00e8s bons sels, poivres et m\u00e9langes d'\u00e9pices, mais aussi de merveilleux ustensiles de cuisine et accessoires pour servir, conserver, offrir ou simplement garder pour soi.Nous vous pr\u00e9sentons maintenant nos produits, avec lesquels vous pouvez vous d\u00e9fouler de mani\u00e8re cr\u00e9ative dans&nbsp;Weiter lesen","og_url":"https:\/\/bien-etreiris.ch\/de\/fundgrube-deals\/keramikbereich\/","og_site_name":"WOHLBEFINDEN","article_publisher":"https:\/\/www.facebook.com\/bienetreiris\/","article_modified_time":"2021-05-25T19:48:00+00:00","og_image":[{"width":500,"height":333,"url":"https:\/\/bien-etreiris.ch\/wp-content\/uploads\/2021\/05\/acceuil-gamme-ceramique.jpg","type":"image\/jpeg"}],"twitter_misc":{"Gesch\u00e4tzte Lesezeit":"1\u00a0Minute"},"schema":{"@context":"https:\/\/schema.org","@graph":[{"@type":"WebPage","@id":"https:\/\/bien-etreiris.ch\/de\/fundgrube-deals\/keramikbereich\/","url":"https:\/\/bien-etreiris.ch\/de\/fundgrube-deals\/keramikbereich\/","name":"KERAMIKBEREICH - WOHLBEFINDEN","isPartOf":{"@id":"https:\/\/bien-etreiris.ch\/de\/#website"},"primaryImageOfPage":{"@id":"https:\/\/bien-etreiris.ch\/de\/fundgrube-deals\/keramikbereich\/#primaryimage"},"image":{"@id":"https:\/\/bien-etreiris.ch\/de\/fundgrube-deals\/keramikbereich\/#primaryimage"},"thumbnailUrl":"https:\/\/bien-etreiris.ch\/wp-content\/uploads\/2021\/05\/acceuil-gamme-ceramique.jpg","datePublished":"2021-05-20T09:55:47+00:00","dateModified":"2021-05-25T19:48:00+00:00","breadcrumb":{"@id":"https:\/\/bien-etreiris.ch\/de\/fundgrube-deals\/keramikbereich\/#breadcrumb"},"inLanguage":"de","potentialAction":[{"@type":"ReadAction","target":["https:\/\/bien-etreiris.ch\/de\/fundgrube-deals\/keramikbereich\/"]}]},{"@type":"ImageObject","inLanguage":"de","@id":"https:\/\/bien-etreiris.ch\/de\/fundgrube-deals\/keramikbereich\/#primaryimage","url":"https:\/\/bien-etreiris.ch\/wp-content\/uploads\/2021\/05\/acceuil-gamme-ceramique.jpg","contentUrl":"https:\/\/bien-etreiris.ch\/wp-content\/uploads\/2021\/05\/acceuil-gamme-ceramique.jpg","width":500,"height":333},{"@type":"BreadcrumbList","@id":"https:\/\/bien-etreiris.ch\/de\/fundgrube-deals\/keramikbereich\/#breadcrumb","itemListElement":[{"@type":"ListItem","position":1,"name":"Home","item":"https:\/\/bien-etreiris.ch\/de\/"},{"@type":"ListItem","position":2,"name":"FUNDGRUBE &#038; DEALS","item":"https:\/\/bien-etreiris.ch\/de\/fundgrube-deals\/"},{"@type":"ListItem","position":3,"name":"KERAMIKBEREICH"}]},{"@type":"WebSite","@id":"https:\/\/bien-etreiris.ch\/de\/#website","url":"https:\/\/bien-etreiris.ch\/de\/","name":"Bien-\u00eatre Iris","description":"IHRE Gesundheit ist uns wichtig","potentialAction":[{"@type":"SearchAction","target":{"@type":"EntryPoint","urlTemplate":"https:\/\/bien-etreiris.ch\/de\/?s={search_term_string}"},"query-input":{"@type":"PropertyValueSpecification","valueRequired":true,"valueName":"search_term_string"}}],"inLanguage":"de"}]}},"_links":{"self":[{"href":"https:\/\/bien-etreiris.ch\/de\/wp-json\/wp\/v2\/pages\/45209","targetHints":{"allow":["GET"]}}],"collection":[{"href":"https:\/\/bien-etreiris.ch\/de\/wp-json\/wp\/v2\/pages"}],"about":[{"href":"https:\/\/bien-etreiris.ch\/de\/wp-json\/wp\/v2\/types\/page"}],"author":[{"embeddable":true,"href":"https:\/\/bien-etreiris.ch\/de\/wp-json\/wp\/v2\/users\/1"}],"replies":[{"embeddable":true,"href":"https:\/\/bien-etreiris.ch\/de\/wp-json\/wp\/v2\/comments?post=45209"}],"version-history":[{"count":6,"href":"https:\/\/bien-etreiris.ch\/de\/wp-json\/wp\/v2\/pages\/45209\/revisions"}],"predecessor-version":[{"id":47064,"href":"https:\/\/bien-etreiris.ch\/de\/wp-json\/wp\/v2\/pages\/45209\/revisions\/47064"}],"up":[{"embeddable":true,"href":"https:\/\/bien-etreiris.ch\/de\/wp-json\/wp\/v2\/pages\/44515"}],"wp:featuredmedia":[{"embeddable":true,"href":"https:\/\/bien-etreiris.ch\/de\/wp-json\/wp\/v2\/media\/44552"}],"wp:attachment":[{"href":"https:\/\/bien-etreiris.ch\/de\/wp-json\/wp\/v2\/media?parent=45209"}],"curies":[{"name":"wp","href":"https:\/\/api.w.org\/{rel}","templated":true}]}}