{"id":45178,"date":"2021-05-19T22:56:36","date_gmt":"2021-05-19T20:56:36","guid":{"rendered":"https:\/\/bien-etreiris.ch\/?page_id=45178"},"modified":"2021-05-19T22:56:36","modified_gmt":"2021-05-19T20:56:36","slug":"coslys","status":"publish","type":"page","link":"https:\/\/bien-etreiris.ch\/de\/unsere-marken\/coslys\/","title":{"rendered":"COSLYS"},"content":{"rendered":"\n<h2>Coslys<\/h2>\n<p>Une entreprise \u00e0 taille humaine qui prendra une nouvelle dimension sous l\u2019impulsion de son fils, Samuel Gabory, qui a notamment contribu\u00e9 \u00e0 l\u2019\u00e9laboration du cahier des charges Cosm\u00e9bio en 2002 en collaboration avec des producteurs et des transformateurs de plantes. Un an plus tard, il lance Coslys (contraction de \u00ab Cos \u00bb pour cosm\u00e9tique et de \u00ab Lys \u00bb qui fait aussi bien r\u00e9f\u00e9rence \u00e0 la puret\u00e9 de la fleur qu\u2019\u00e0 la rivi\u00e8re du Lys qui coule \u00e0 proximit\u00e9 de Somloire). C\u2019est un nouveau souffle pour la cosm\u00e9tique au naturel, une nouvelle fa\u00e7on d\u2019appr\u00e9hender les produits de soin et d\u2019hygi\u00e8ne. La marque porte des valeurs \u00e0 la fois responsables et coh\u00e9rentes, et propose des formules respectueuses de la peau et de la plan\u00e8te. La marque sera alors une des toutes premi\u00e8res \u00e0 \u00eatre certifi\u00e9es Cosm\u00e9bio.<\/p>\n<p>Aujourd\u2019hui, Coslys est une marque sp\u00e9cialiste de l\u2019hygi\u00e8ne certifi\u00e9e bio. Nous avons la m\u00eame vision de la beaut\u00e9 naturelle et fran\u00e7aise, et nous continuons d\u2019\u00e9voluer dans ce sens, jour apr\u00e8s jour, gr\u00e2ce \u00e0 nos \u00e9quipes. Nous mettons toujours \u00e0 profit les tr\u00e9sors de la campagne fran\u00e7aise pour vous apporter toute la douceur et le soin que votre peau n\u00e9cessite au quotidien.<\/p>\n","protected":false},"excerpt":{"rendered":"<p>Coslys Une entreprise \u00e0 taille humaine qui prendra une nouvelle dimension sous l\u2019impulsion de son fils, Samuel Gabory, qui a notamment contribu\u00e9 \u00e0 l\u2019\u00e9laboration du cahier des charges Cosm\u00e9bio en 2002 en collaboration avec des producteurs et des transformateurs de plantes. Un an plus tard, il lance Coslys (contraction de \u00ab Cos \u00bb pour cosm\u00e9tique et de \u00ab Lys \u00bb&nbsp;<a href=\"https:\/\/bien-etreiris.ch\/de\/unsere-marken\/coslys\/\" class=\"read-more\">Weiter lesen<\/a><\/p>\n","protected":false},"author":1,"featured_media":45175,"parent":44406,"menu_order":5708,"comment_status":"closed","ping_status":"closed","template":"page-with-child.php","meta":{"_acf_changed":false,"ngg_post_thumbnail":0,"footnotes":""},"class_list":["post-45178","page","type-page","status-publish","has-post-thumbnail","hentry"],"acf":[],"yoast_head":"<!-- This site is optimized with the Yoast SEO plugin v27.4 - https:\/\/yoast.com\/product\/yoast-seo-wordpress\/ -->\n<title>COSLYS - WOHLBEFINDEN<\/title>\n<meta name=\"robots\" content=\"index, follow, max-snippet:-1, max-image-preview:large, max-video-preview:-1\" \/>\n<link rel=\"canonical\" href=\"https:\/\/bien-etreiris.ch\/de\/unsere-marken\/coslys\/\" \/>\n<meta property=\"og:locale\" content=\"de_DE\" \/>\n<meta property=\"og:type\" content=\"article\" \/>\n<meta property=\"og:title\" content=\"COSLYS - WOHLBEFINDEN\" \/>\n<meta property=\"og:description\" content=\"Coslys Une entreprise \u00e0 taille humaine qui prendra une nouvelle dimension sous l\u2019impulsion de son fils, Samuel Gabory, qui a notamment contribu\u00e9 \u00e0 l\u2019\u00e9laboration du cahier des charges Cosm\u00e9bio en 2002 en collaboration avec des producteurs et des transformateurs de plantes. Un an plus tard, il lance Coslys (contraction de \u00ab Cos \u00bb pour cosm\u00e9tique et de \u00ab Lys \u00bb&nbsp;Weiter lesen\" \/>\n<meta property=\"og:url\" content=\"https:\/\/bien-etreiris.ch\/de\/unsere-marken\/coslys\/\" \/>\n<meta property=\"og:site_name\" content=\"WOHLBEFINDEN\" \/>\n<meta property=\"article:publisher\" content=\"https:\/\/www.facebook.com\/bienetreiris\/\" \/>\n<meta property=\"og:image\" content=\"https:\/\/bien-etreiris.ch\/wp-content\/uploads\/2021\/05\/COSLYS.png\" \/>\n\t<meta property=\"og:image:width\" content=\"500\" \/>\n\t<meta property=\"og:image:height\" content=\"384\" \/>\n\t<meta property=\"og:image:type\" content=\"image\/png\" \/>\n<meta name=\"twitter:label1\" content=\"Gesch\u00e4tzte Lesezeit\" \/>\n\t<meta name=\"twitter:data1\" content=\"1\u00a0Minute\" \/>\n<script type=\"application\/ld+json\" class=\"yoast-schema-graph\">{\"@context\":\"https:\\\/\\\/schema.org\",\"@graph\":[{\"@type\":\"WebPage\",\"@id\":\"https:\\\/\\\/bien-etreiris.ch\\\/de\\\/unsere-marken\\\/coslys\\\/\",\"url\":\"https:\\\/\\\/bien-etreiris.ch\\\/de\\\/unsere-marken\\\/coslys\\\/\",\"name\":\"COSLYS - WOHLBEFINDEN\",\"isPartOf\":{\"@id\":\"https:\\\/\\\/bien-etreiris.ch\\\/de\\\/#website\"},\"primaryImageOfPage\":{\"@id\":\"https:\\\/\\\/bien-etreiris.ch\\\/de\\\/unsere-marken\\\/coslys\\\/#primaryimage\"},\"image\":{\"@id\":\"https:\\\/\\\/bien-etreiris.ch\\\/de\\\/unsere-marken\\\/coslys\\\/#primaryimage\"},\"thumbnailUrl\":\"https:\\\/\\\/bien-etreiris.ch\\\/wp-content\\\/uploads\\\/2021\\\/05\\\/COSLYS.png\",\"datePublished\":\"2021-05-19T20:56:36+00:00\",\"breadcrumb\":{\"@id\":\"https:\\\/\\\/bien-etreiris.ch\\\/de\\\/unsere-marken\\\/coslys\\\/#breadcrumb\"},\"inLanguage\":\"de\",\"potentialAction\":[{\"@type\":\"ReadAction\",\"target\":[\"https:\\\/\\\/bien-etreiris.ch\\\/de\\\/unsere-marken\\\/coslys\\\/\"]}]},{\"@type\":\"ImageObject\",\"inLanguage\":\"de\",\"@id\":\"https:\\\/\\\/bien-etreiris.ch\\\/de\\\/unsere-marken\\\/coslys\\\/#primaryimage\",\"url\":\"https:\\\/\\\/bien-etreiris.ch\\\/wp-content\\\/uploads\\\/2021\\\/05\\\/COSLYS.png\",\"contentUrl\":\"https:\\\/\\\/bien-etreiris.ch\\\/wp-content\\\/uploads\\\/2021\\\/05\\\/COSLYS.png\",\"width\":500,\"height\":384},{\"@type\":\"BreadcrumbList\",\"@id\":\"https:\\\/\\\/bien-etreiris.ch\\\/de\\\/unsere-marken\\\/coslys\\\/#breadcrumb\",\"itemListElement\":[{\"@type\":\"ListItem\",\"position\":1,\"name\":\"Home\",\"item\":\"https:\\\/\\\/bien-etreiris.ch\\\/de\\\/\"},{\"@type\":\"ListItem\",\"position\":2,\"name\":\"UNSERE MARKEN\",\"item\":\"https:\\\/\\\/bien-etreiris.ch\\\/de\\\/unsere-marken\\\/\"},{\"@type\":\"ListItem\",\"position\":3,\"name\":\"COSLYS\"}]},{\"@type\":\"WebSite\",\"@id\":\"https:\\\/\\\/bien-etreiris.ch\\\/de\\\/#website\",\"url\":\"https:\\\/\\\/bien-etreiris.ch\\\/de\\\/\",\"name\":\"Bien-\u00eatre Iris\",\"description\":\"IHRE Gesundheit ist uns wichtig\",\"potentialAction\":[{\"@type\":\"SearchAction\",\"target\":{\"@type\":\"EntryPoint\",\"urlTemplate\":\"https:\\\/\\\/bien-etreiris.ch\\\/de\\\/?s={search_term_string}\"},\"query-input\":{\"@type\":\"PropertyValueSpecification\",\"valueRequired\":true,\"valueName\":\"search_term_string\"}}],\"inLanguage\":\"de\"}]}<\/script>\n<!-- \/ Yoast SEO plugin. -->","yoast_head_json":{"title":"COSLYS - WOHLBEFINDEN","robots":{"index":"index","follow":"follow","max-snippet":"max-snippet:-1","max-image-preview":"max-image-preview:large","max-video-preview":"max-video-preview:-1"},"canonical":"https:\/\/bien-etreiris.ch\/de\/unsere-marken\/coslys\/","og_locale":"de_DE","og_type":"article","og_title":"COSLYS - WOHLBEFINDEN","og_description":"Coslys Une entreprise \u00e0 taille humaine qui prendra une nouvelle dimension sous l\u2019impulsion de son fils, Samuel Gabory, qui a notamment contribu\u00e9 \u00e0 l\u2019\u00e9laboration du cahier des charges Cosm\u00e9bio en 2002 en collaboration avec des producteurs et des transformateurs de plantes. Un an plus tard, il lance Coslys (contraction de \u00ab Cos \u00bb pour cosm\u00e9tique et de \u00ab Lys \u00bb&nbsp;Weiter lesen","og_url":"https:\/\/bien-etreiris.ch\/de\/unsere-marken\/coslys\/","og_site_name":"WOHLBEFINDEN","article_publisher":"https:\/\/www.facebook.com\/bienetreiris\/","og_image":[{"width":500,"height":384,"url":"https:\/\/bien-etreiris.ch\/wp-content\/uploads\/2021\/05\/COSLYS.png","type":"image\/png"}],"twitter_misc":{"Gesch\u00e4tzte Lesezeit":"1\u00a0Minute"},"schema":{"@context":"https:\/\/schema.org","@graph":[{"@type":"WebPage","@id":"https:\/\/bien-etreiris.ch\/de\/unsere-marken\/coslys\/","url":"https:\/\/bien-etreiris.ch\/de\/unsere-marken\/coslys\/","name":"COSLYS - WOHLBEFINDEN","isPartOf":{"@id":"https:\/\/bien-etreiris.ch\/de\/#website"},"primaryImageOfPage":{"@id":"https:\/\/bien-etreiris.ch\/de\/unsere-marken\/coslys\/#primaryimage"},"image":{"@id":"https:\/\/bien-etreiris.ch\/de\/unsere-marken\/coslys\/#primaryimage"},"thumbnailUrl":"https:\/\/bien-etreiris.ch\/wp-content\/uploads\/2021\/05\/COSLYS.png","datePublished":"2021-05-19T20:56:36+00:00","breadcrumb":{"@id":"https:\/\/bien-etreiris.ch\/de\/unsere-marken\/coslys\/#breadcrumb"},"inLanguage":"de","potentialAction":[{"@type":"ReadAction","target":["https:\/\/bien-etreiris.ch\/de\/unsere-marken\/coslys\/"]}]},{"@type":"ImageObject","inLanguage":"de","@id":"https:\/\/bien-etreiris.ch\/de\/unsere-marken\/coslys\/#primaryimage","url":"https:\/\/bien-etreiris.ch\/wp-content\/uploads\/2021\/05\/COSLYS.png","contentUrl":"https:\/\/bien-etreiris.ch\/wp-content\/uploads\/2021\/05\/COSLYS.png","width":500,"height":384},{"@type":"BreadcrumbList","@id":"https:\/\/bien-etreiris.ch\/de\/unsere-marken\/coslys\/#breadcrumb","itemListElement":[{"@type":"ListItem","position":1,"name":"Home","item":"https:\/\/bien-etreiris.ch\/de\/"},{"@type":"ListItem","position":2,"name":"UNSERE MARKEN","item":"https:\/\/bien-etreiris.ch\/de\/unsere-marken\/"},{"@type":"ListItem","position":3,"name":"COSLYS"}]},{"@type":"WebSite","@id":"https:\/\/bien-etreiris.ch\/de\/#website","url":"https:\/\/bien-etreiris.ch\/de\/","name":"Bien-\u00eatre Iris","description":"IHRE Gesundheit ist uns wichtig","potentialAction":[{"@type":"SearchAction","target":{"@type":"EntryPoint","urlTemplate":"https:\/\/bien-etreiris.ch\/de\/?s={search_term_string}"},"query-input":{"@type":"PropertyValueSpecification","valueRequired":true,"valueName":"search_term_string"}}],"inLanguage":"de"}]}},"_links":{"self":[{"href":"https:\/\/bien-etreiris.ch\/de\/wp-json\/wp\/v2\/pages\/45178","targetHints":{"allow":["GET"]}}],"collection":[{"href":"https:\/\/bien-etreiris.ch\/de\/wp-json\/wp\/v2\/pages"}],"about":[{"href":"https:\/\/bien-etreiris.ch\/de\/wp-json\/wp\/v2\/types\/page"}],"author":[{"embeddable":true,"href":"https:\/\/bien-etreiris.ch\/de\/wp-json\/wp\/v2\/users\/1"}],"replies":[{"embeddable":true,"href":"https:\/\/bien-etreiris.ch\/de\/wp-json\/wp\/v2\/comments?post=45178"}],"version-history":[{"count":1,"href":"https:\/\/bien-etreiris.ch\/de\/wp-json\/wp\/v2\/pages\/45178\/revisions"}],"predecessor-version":[{"id":45181,"href":"https:\/\/bien-etreiris.ch\/de\/wp-json\/wp\/v2\/pages\/45178\/revisions\/45181"}],"up":[{"embeddable":true,"href":"https:\/\/bien-etreiris.ch\/de\/wp-json\/wp\/v2\/pages\/44406"}],"wp:featuredmedia":[{"embeddable":true,"href":"https:\/\/bien-etreiris.ch\/de\/wp-json\/wp\/v2\/media\/45175"}],"wp:attachment":[{"href":"https:\/\/bien-etreiris.ch\/de\/wp-json\/wp\/v2\/media?parent=45178"}],"curies":[{"name":"wp","href":"https:\/\/api.w.org\/{rel}","templated":true}]}}