{"id":45148,"date":"2021-05-19T22:20:22","date_gmt":"2021-05-19T20:20:22","guid":{"rendered":"https:\/\/bien-etreiris.ch\/?page_id=45148"},"modified":"2021-06-08T09:17:59","modified_gmt":"2021-06-08T07:17:59","slug":"indianherbs","status":"publish","type":"page","link":"https:\/\/bien-etreiris.ch\/de\/unsere-marken\/indianherbs\/","title":{"rendered":"INDIANHERBS"},"content":{"rendered":"\n<p>Ich habe verschiedene Handwerke aus der indischen Kultur gelernt. Begegnungen mit gro\u00dfen Heilern haben mein Leben grundlegend ver\u00e4ndert. Meine indianische Ausbildung f\u00fchrte mich zu den Heilkr\u00e4utern, die ich auf traditionelle Art und Weise anbaue, ernte und verarbeite. Seit ich das Geschenk der heiligen Lakota-Pfeife erhalten habe, segne ich alle meine Heilpflanzen. Dies verleiht ihnen eine ganz besondere Kraft.<\/p>\n<p>Meine gro\u00dfe Leidenschaft ist das Feuer und die damit verbundenen indianischen Rituale: Ich r\u00e4uchere mit Leib und Seele. Mein Wissen \u00fcber die Kraft der Kr\u00e4uter, Harze und R\u00e4ucherbalsame gebe ich in eigenen R\u00e4uchermischungen weiter und begleite damit Menschen in verschiedenen Lebenssituationen.<\/p>\n<p>.<\/p>\n<p>&nbsp;<\/p>\n<h2><a href=\"https:\/\/bien-etreiris.ch\/de\/produktpraesentation\/aromatherapie\/raeuchern\/indianherbs\/raeucherschalen\/\" target=\"_blank\" rel=\"noopener\">R<\/a><a href=\"https:\/\/bien-etreiris.ch\/de\/produktpraesentation\/aromatherapie\/raeuchern\/indianherbs\/mischungen\/\" target=\"_blank\" rel=\"noopener\">\u00c4UCHERSCHALEN<\/a><\/h2>\n<h2>&nbsp;<\/h2>\n<p>&nbsp;<\/p>\n<h2><a href=\"https:\/\/bien-etreiris.ch\/de\/produktpraesentation\/aromatherapie\/raeuchern\/indianherbs\/mischungen\/\" target=\"_blank\" rel=\"noopener\">R\u00c4UCHERMISCHUNGEN<\/a><\/h2>\n","protected":false},"excerpt":{"rendered":"<p>Ich habe verschiedene Handwerke aus der indischen Kultur gelernt. Begegnungen mit gro\u00dfen Heilern haben mein Leben grundlegend ver\u00e4ndert. Meine indianische Ausbildung f\u00fchrte mich zu den Heilkr\u00e4utern, die ich auf traditionelle Art und Weise anbaue, ernte und verarbeite. Seit ich das Geschenk der heiligen Lakota-Pfeife erhalten habe, segne ich alle meine Heilpflanzen. Dies verleiht ihnen eine ganz besondere Kraft. Meine gro\u00dfe&nbsp;<a href=\"https:\/\/bien-etreiris.ch\/de\/unsere-marken\/indianherbs\/\" class=\"read-more\">Weiter lesen<\/a><\/p>\n","protected":false},"author":1,"featured_media":45145,"parent":44406,"menu_order":5723,"comment_status":"closed","ping_status":"closed","template":"page-with-child.php","meta":{"_acf_changed":false,"ngg_post_thumbnail":0,"footnotes":""},"class_list":["post-45148","page","type-page","status-publish","has-post-thumbnail","hentry"],"acf":[],"yoast_head":"<!-- This site is optimized with the Yoast SEO plugin v27.5 - https:\/\/yoast.com\/product\/yoast-seo-wordpress\/ -->\n<title>INDIANHERBS - WOHLBEFINDEN<\/title>\n<meta name=\"robots\" content=\"index, follow, max-snippet:-1, max-image-preview:large, max-video-preview:-1\" \/>\n<link rel=\"canonical\" href=\"https:\/\/bien-etreiris.ch\/de\/unsere-marken\/indianherbs\/\" \/>\n<meta property=\"og:locale\" content=\"de_DE\" \/>\n<meta property=\"og:type\" content=\"article\" \/>\n<meta property=\"og:title\" content=\"INDIANHERBS - WOHLBEFINDEN\" \/>\n<meta property=\"og:description\" content=\"Ich habe verschiedene Handwerke aus der indischen Kultur gelernt. Begegnungen mit gro\u00dfen Heilern haben mein Leben grundlegend ver\u00e4ndert. Meine indianische Ausbildung f\u00fchrte mich zu den Heilkr\u00e4utern, die ich auf traditionelle Art und Weise anbaue, ernte und verarbeite. Seit ich das Geschenk der heiligen Lakota-Pfeife erhalten habe, segne ich alle meine Heilpflanzen. Dies verleiht ihnen eine ganz besondere Kraft. Meine gro\u00dfe&nbsp;Weiter lesen\" \/>\n<meta property=\"og:url\" content=\"https:\/\/bien-etreiris.ch\/de\/unsere-marken\/indianherbs\/\" \/>\n<meta property=\"og:site_name\" content=\"WOHLBEFINDEN\" \/>\n<meta property=\"article:publisher\" content=\"https:\/\/www.facebook.com\/bienetreiris\/\" \/>\n<meta property=\"article:modified_time\" content=\"2021-06-08T07:17:59+00:00\" \/>\n<meta property=\"og:image\" content=\"https:\/\/bien-etreiris.ch\/wp-content\/uploads\/2021\/05\/indianherbs.png\" \/>\n\t<meta property=\"og:image:width\" content=\"500\" \/>\n\t<meta property=\"og:image:height\" content=\"343\" \/>\n\t<meta property=\"og:image:type\" content=\"image\/png\" \/>\n<meta name=\"twitter:label1\" content=\"Gesch\u00e4tzte Lesezeit\" \/>\n\t<meta name=\"twitter:data1\" content=\"1\u00a0Minute\" \/>\n<script type=\"application\/ld+json\" class=\"yoast-schema-graph\">{\"@context\":\"https:\\\/\\\/schema.org\",\"@graph\":[{\"@type\":\"WebPage\",\"@id\":\"https:\\\/\\\/bien-etreiris.ch\\\/de\\\/unsere-marken\\\/indianherbs\\\/\",\"url\":\"https:\\\/\\\/bien-etreiris.ch\\\/de\\\/unsere-marken\\\/indianherbs\\\/\",\"name\":\"INDIANHERBS - WOHLBEFINDEN\",\"isPartOf\":{\"@id\":\"https:\\\/\\\/bien-etreiris.ch\\\/de\\\/#website\"},\"primaryImageOfPage\":{\"@id\":\"https:\\\/\\\/bien-etreiris.ch\\\/de\\\/unsere-marken\\\/indianherbs\\\/#primaryimage\"},\"image\":{\"@id\":\"https:\\\/\\\/bien-etreiris.ch\\\/de\\\/unsere-marken\\\/indianherbs\\\/#primaryimage\"},\"thumbnailUrl\":\"https:\\\/\\\/bien-etreiris.ch\\\/wp-content\\\/uploads\\\/2021\\\/05\\\/indianherbs.png\",\"datePublished\":\"2021-05-19T20:20:22+00:00\",\"dateModified\":\"2021-06-08T07:17:59+00:00\",\"breadcrumb\":{\"@id\":\"https:\\\/\\\/bien-etreiris.ch\\\/de\\\/unsere-marken\\\/indianherbs\\\/#breadcrumb\"},\"inLanguage\":\"de\",\"potentialAction\":[{\"@type\":\"ReadAction\",\"target\":[\"https:\\\/\\\/bien-etreiris.ch\\\/de\\\/unsere-marken\\\/indianherbs\\\/\"]}]},{\"@type\":\"ImageObject\",\"inLanguage\":\"de\",\"@id\":\"https:\\\/\\\/bien-etreiris.ch\\\/de\\\/unsere-marken\\\/indianherbs\\\/#primaryimage\",\"url\":\"https:\\\/\\\/bien-etreiris.ch\\\/wp-content\\\/uploads\\\/2021\\\/05\\\/indianherbs.png\",\"contentUrl\":\"https:\\\/\\\/bien-etreiris.ch\\\/wp-content\\\/uploads\\\/2021\\\/05\\\/indianherbs.png\",\"width\":500,\"height\":343},{\"@type\":\"BreadcrumbList\",\"@id\":\"https:\\\/\\\/bien-etreiris.ch\\\/de\\\/unsere-marken\\\/indianherbs\\\/#breadcrumb\",\"itemListElement\":[{\"@type\":\"ListItem\",\"position\":1,\"name\":\"Home\",\"item\":\"https:\\\/\\\/bien-etreiris.ch\\\/de\\\/\"},{\"@type\":\"ListItem\",\"position\":2,\"name\":\"UNSERE MARKEN\",\"item\":\"https:\\\/\\\/bien-etreiris.ch\\\/de\\\/unsere-marken\\\/\"},{\"@type\":\"ListItem\",\"position\":3,\"name\":\"INDIANHERBS\"}]},{\"@type\":\"WebSite\",\"@id\":\"https:\\\/\\\/bien-etreiris.ch\\\/de\\\/#website\",\"url\":\"https:\\\/\\\/bien-etreiris.ch\\\/de\\\/\",\"name\":\"Bien-\u00eatre Iris\",\"description\":\"IHRE Gesundheit ist uns wichtig\",\"potentialAction\":[{\"@type\":\"SearchAction\",\"target\":{\"@type\":\"EntryPoint\",\"urlTemplate\":\"https:\\\/\\\/bien-etreiris.ch\\\/de\\\/?s={search_term_string}\"},\"query-input\":{\"@type\":\"PropertyValueSpecification\",\"valueRequired\":true,\"valueName\":\"search_term_string\"}}],\"inLanguage\":\"de\"}]}<\/script>\n<!-- \/ Yoast SEO plugin. -->","yoast_head_json":{"title":"INDIANHERBS - WOHLBEFINDEN","robots":{"index":"index","follow":"follow","max-snippet":"max-snippet:-1","max-image-preview":"max-image-preview:large","max-video-preview":"max-video-preview:-1"},"canonical":"https:\/\/bien-etreiris.ch\/de\/unsere-marken\/indianherbs\/","og_locale":"de_DE","og_type":"article","og_title":"INDIANHERBS - WOHLBEFINDEN","og_description":"Ich habe verschiedene Handwerke aus der indischen Kultur gelernt. Begegnungen mit gro\u00dfen Heilern haben mein Leben grundlegend ver\u00e4ndert. Meine indianische Ausbildung f\u00fchrte mich zu den Heilkr\u00e4utern, die ich auf traditionelle Art und Weise anbaue, ernte und verarbeite. Seit ich das Geschenk der heiligen Lakota-Pfeife erhalten habe, segne ich alle meine Heilpflanzen. Dies verleiht ihnen eine ganz besondere Kraft. Meine gro\u00dfe&nbsp;Weiter lesen","og_url":"https:\/\/bien-etreiris.ch\/de\/unsere-marken\/indianherbs\/","og_site_name":"WOHLBEFINDEN","article_publisher":"https:\/\/www.facebook.com\/bienetreiris\/","article_modified_time":"2021-06-08T07:17:59+00:00","og_image":[{"width":500,"height":343,"url":"https:\/\/bien-etreiris.ch\/wp-content\/uploads\/2021\/05\/indianherbs.png","type":"image\/png"}],"twitter_misc":{"Gesch\u00e4tzte Lesezeit":"1\u00a0Minute"},"schema":{"@context":"https:\/\/schema.org","@graph":[{"@type":"WebPage","@id":"https:\/\/bien-etreiris.ch\/de\/unsere-marken\/indianherbs\/","url":"https:\/\/bien-etreiris.ch\/de\/unsere-marken\/indianherbs\/","name":"INDIANHERBS - WOHLBEFINDEN","isPartOf":{"@id":"https:\/\/bien-etreiris.ch\/de\/#website"},"primaryImageOfPage":{"@id":"https:\/\/bien-etreiris.ch\/de\/unsere-marken\/indianherbs\/#primaryimage"},"image":{"@id":"https:\/\/bien-etreiris.ch\/de\/unsere-marken\/indianherbs\/#primaryimage"},"thumbnailUrl":"https:\/\/bien-etreiris.ch\/wp-content\/uploads\/2021\/05\/indianherbs.png","datePublished":"2021-05-19T20:20:22+00:00","dateModified":"2021-06-08T07:17:59+00:00","breadcrumb":{"@id":"https:\/\/bien-etreiris.ch\/de\/unsere-marken\/indianherbs\/#breadcrumb"},"inLanguage":"de","potentialAction":[{"@type":"ReadAction","target":["https:\/\/bien-etreiris.ch\/de\/unsere-marken\/indianherbs\/"]}]},{"@type":"ImageObject","inLanguage":"de","@id":"https:\/\/bien-etreiris.ch\/de\/unsere-marken\/indianherbs\/#primaryimage","url":"https:\/\/bien-etreiris.ch\/wp-content\/uploads\/2021\/05\/indianherbs.png","contentUrl":"https:\/\/bien-etreiris.ch\/wp-content\/uploads\/2021\/05\/indianherbs.png","width":500,"height":343},{"@type":"BreadcrumbList","@id":"https:\/\/bien-etreiris.ch\/de\/unsere-marken\/indianherbs\/#breadcrumb","itemListElement":[{"@type":"ListItem","position":1,"name":"Home","item":"https:\/\/bien-etreiris.ch\/de\/"},{"@type":"ListItem","position":2,"name":"UNSERE MARKEN","item":"https:\/\/bien-etreiris.ch\/de\/unsere-marken\/"},{"@type":"ListItem","position":3,"name":"INDIANHERBS"}]},{"@type":"WebSite","@id":"https:\/\/bien-etreiris.ch\/de\/#website","url":"https:\/\/bien-etreiris.ch\/de\/","name":"Bien-\u00eatre Iris","description":"IHRE Gesundheit ist uns wichtig","potentialAction":[{"@type":"SearchAction","target":{"@type":"EntryPoint","urlTemplate":"https:\/\/bien-etreiris.ch\/de\/?s={search_term_string}"},"query-input":{"@type":"PropertyValueSpecification","valueRequired":true,"valueName":"search_term_string"}}],"inLanguage":"de"}]}},"_links":{"self":[{"href":"https:\/\/bien-etreiris.ch\/de\/wp-json\/wp\/v2\/pages\/45148","targetHints":{"allow":["GET"]}}],"collection":[{"href":"https:\/\/bien-etreiris.ch\/de\/wp-json\/wp\/v2\/pages"}],"about":[{"href":"https:\/\/bien-etreiris.ch\/de\/wp-json\/wp\/v2\/types\/page"}],"author":[{"embeddable":true,"href":"https:\/\/bien-etreiris.ch\/de\/wp-json\/wp\/v2\/users\/1"}],"replies":[{"embeddable":true,"href":"https:\/\/bien-etreiris.ch\/de\/wp-json\/wp\/v2\/comments?post=45148"}],"version-history":[{"count":3,"href":"https:\/\/bien-etreiris.ch\/de\/wp-json\/wp\/v2\/pages\/45148\/revisions"}],"predecessor-version":[{"id":50020,"href":"https:\/\/bien-etreiris.ch\/de\/wp-json\/wp\/v2\/pages\/45148\/revisions\/50020"}],"up":[{"embeddable":true,"href":"https:\/\/bien-etreiris.ch\/de\/wp-json\/wp\/v2\/pages\/44406"}],"wp:featuredmedia":[{"embeddable":true,"href":"https:\/\/bien-etreiris.ch\/de\/wp-json\/wp\/v2\/media\/45145"}],"wp:attachment":[{"href":"https:\/\/bien-etreiris.ch\/de\/wp-json\/wp\/v2\/media?parent=45148"}],"curies":[{"name":"wp","href":"https:\/\/api.w.org\/{rel}","templated":true}]}}