{"id":45129,"date":"2021-05-19T21:01:52","date_gmt":"2021-05-19T19:01:52","guid":{"rendered":"https:\/\/bien-etreiris.ch\/?page_id=45129"},"modified":"2021-06-18T21:48:49","modified_gmt":"2021-06-18T19:48:49","slug":"secrets-de-provence","status":"publish","type":"page","link":"https:\/\/bien-etreiris.ch\/de\/unsere-marken\/secrets-de-provence\/","title":{"rendered":"SECRETS DE PROVENCE"},"content":{"rendered":"\n<aside>\n<p><br>Das 2010 gegr\u00fcndete Unternehmen Secrets De Provence bietet innovative Natur- und Bioprodukte an, wobei das feste Shampoo das Flaggschiff ist. Alle ihre Produkte werden in Frankreich entwickelt und hergestellt. Die Marke arbeitet st\u00e4ndig an Innovationen, um noch mehr nat\u00fcrliche Kosmetikprodukte zu entwickeln. Die Umwelt ist ein grundlegendes Thema f\u00fcr diese Marke, die danach strebt, so wenig Energie wie m\u00f6glich zu verbrauchen und so wenig Abfall wie m\u00f6glich zu erzeugen.<\/p>\n<p>Das feste Shampoo<\/p>\n<p>Ihr Angebot an festen Shampoos, f\u00fcr Kinder und Erwachsene, wird die Bed\u00fcrfnisse der ganzen Familie befriedigen! Sie werden mit 100 % nat\u00fcrlichen Inhaltsstoffen formuliert und enthalten keine Farbstoffe, keine Konservierungsmittel, kein Silikon und keine Sulfate. Sie sind auch sehr sparsam, denn sie erm\u00f6glichen die Herstellung von 40 bis 50 Shampoos, was 2 Flaschen \u00e0 250 ml entspricht. Ihr Sortiment an festen Shampoos wurde 2014 mit der COSMEBIO Cosmetic Excellence Trophy in der Kategorie \"Umwelt\" ausgezeichnet.<\/p>\n<\/aside>\n<p>&nbsp;<\/p>\n<h2><a href=\"https:\/\/bien-etreiris.ch\/de\/produktpraesentation\/hygiene\/koerperpflege\/seifen\/meine-seife\/\" target=\"_blank\" rel=\"noopener\">MON SAVON<\/a><\/h2>\n<p>&nbsp;<\/p>\n<h2><a href=\"https:\/\/bien-etreiris.ch\/de\/produktpraesentation\/hygiene\/koerperpflege\/natuerliche-haar-und-kopfhautpflege\/feste-shampoos\/mein-festes-shampoo\/\" target=\"_blank\" rel=\"noopener\">MON SHAMPOING SOLIDE<\/a><\/h2>\n","protected":false},"excerpt":{"rendered":"<p>Das 2010 gegr\u00fcndete Unternehmen Secrets De Provence bietet innovative Natur- und Bioprodukte an, wobei das feste Shampoo das Flaggschiff ist. Alle ihre Produkte werden in Frankreich entwickelt und hergestellt. Die Marke arbeitet st\u00e4ndig an Innovationen, um noch mehr nat\u00fcrliche Kosmetikprodukte zu entwickeln. Die Umwelt ist ein grundlegendes Thema f\u00fcr diese Marke, die danach strebt, so wenig Energie wie m\u00f6glich zu&nbsp;<a href=\"https:\/\/bien-etreiris.ch\/de\/unsere-marken\/secrets-de-provence\/\" class=\"read-more\">Weiter lesen<\/a><\/p>\n","protected":false},"author":1,"featured_media":45127,"parent":44406,"menu_order":5729,"comment_status":"closed","ping_status":"closed","template":"page-with-child.php","meta":{"_acf_changed":false,"ngg_post_thumbnail":0,"footnotes":""},"class_list":["post-45129","page","type-page","status-publish","has-post-thumbnail","hentry"],"acf":[],"yoast_head":"<!-- This site is optimized with the Yoast SEO plugin v27.5 - https:\/\/yoast.com\/product\/yoast-seo-wordpress\/ -->\n<title>SECRETS DE PROVENCE - WOHLBEFINDEN<\/title>\n<meta name=\"robots\" content=\"index, follow, max-snippet:-1, max-image-preview:large, max-video-preview:-1\" \/>\n<link rel=\"canonical\" href=\"https:\/\/bien-etreiris.ch\/de\/unsere-marken\/secrets-de-provence\/\" \/>\n<meta property=\"og:locale\" content=\"de_DE\" \/>\n<meta property=\"og:type\" content=\"article\" \/>\n<meta property=\"og:title\" content=\"SECRETS DE PROVENCE - WOHLBEFINDEN\" \/>\n<meta property=\"og:description\" content=\"Das 2010 gegr\u00fcndete Unternehmen Secrets De Provence bietet innovative Natur- und Bioprodukte an, wobei das feste Shampoo das Flaggschiff ist. Alle ihre Produkte werden in Frankreich entwickelt und hergestellt. Die Marke arbeitet st\u00e4ndig an Innovationen, um noch mehr nat\u00fcrliche Kosmetikprodukte zu entwickeln. Die Umwelt ist ein grundlegendes Thema f\u00fcr diese Marke, die danach strebt, so wenig Energie wie m\u00f6glich zu&nbsp;Weiter lesen\" \/>\n<meta property=\"og:url\" content=\"https:\/\/bien-etreiris.ch\/de\/unsere-marken\/secrets-de-provence\/\" \/>\n<meta property=\"og:site_name\" content=\"WOHLBEFINDEN\" \/>\n<meta property=\"article:publisher\" content=\"https:\/\/www.facebook.com\/bienetreiris\/\" \/>\n<meta property=\"article:modified_time\" content=\"2021-06-18T19:48:49+00:00\" \/>\n<meta property=\"og:image\" content=\"https:\/\/bien-etreiris.ch\/wp-content\/uploads\/2021\/05\/Secret-de-provence.png\" \/>\n\t<meta property=\"og:image:width\" content=\"500\" \/>\n\t<meta property=\"og:image:height\" content=\"335\" \/>\n\t<meta property=\"og:image:type\" content=\"image\/png\" \/>\n<meta name=\"twitter:label1\" content=\"Gesch\u00e4tzte Lesezeit\" \/>\n\t<meta name=\"twitter:data1\" content=\"1\u00a0Minute\" \/>\n<script type=\"application\/ld+json\" class=\"yoast-schema-graph\">{\"@context\":\"https:\\\/\\\/schema.org\",\"@graph\":[{\"@type\":\"WebPage\",\"@id\":\"https:\\\/\\\/bien-etreiris.ch\\\/de\\\/unsere-marken\\\/secrets-de-provence\\\/\",\"url\":\"https:\\\/\\\/bien-etreiris.ch\\\/de\\\/unsere-marken\\\/secrets-de-provence\\\/\",\"name\":\"SECRETS DE PROVENCE - WOHLBEFINDEN\",\"isPartOf\":{\"@id\":\"https:\\\/\\\/bien-etreiris.ch\\\/de\\\/#website\"},\"primaryImageOfPage\":{\"@id\":\"https:\\\/\\\/bien-etreiris.ch\\\/de\\\/unsere-marken\\\/secrets-de-provence\\\/#primaryimage\"},\"image\":{\"@id\":\"https:\\\/\\\/bien-etreiris.ch\\\/de\\\/unsere-marken\\\/secrets-de-provence\\\/#primaryimage\"},\"thumbnailUrl\":\"https:\\\/\\\/bien-etreiris.ch\\\/wp-content\\\/uploads\\\/2021\\\/05\\\/Secret-de-provence.png\",\"datePublished\":\"2021-05-19T19:01:52+00:00\",\"dateModified\":\"2021-06-18T19:48:49+00:00\",\"breadcrumb\":{\"@id\":\"https:\\\/\\\/bien-etreiris.ch\\\/de\\\/unsere-marken\\\/secrets-de-provence\\\/#breadcrumb\"},\"inLanguage\":\"de\",\"potentialAction\":[{\"@type\":\"ReadAction\",\"target\":[\"https:\\\/\\\/bien-etreiris.ch\\\/de\\\/unsere-marken\\\/secrets-de-provence\\\/\"]}]},{\"@type\":\"ImageObject\",\"inLanguage\":\"de\",\"@id\":\"https:\\\/\\\/bien-etreiris.ch\\\/de\\\/unsere-marken\\\/secrets-de-provence\\\/#primaryimage\",\"url\":\"https:\\\/\\\/bien-etreiris.ch\\\/wp-content\\\/uploads\\\/2021\\\/05\\\/Secret-de-provence.png\",\"contentUrl\":\"https:\\\/\\\/bien-etreiris.ch\\\/wp-content\\\/uploads\\\/2021\\\/05\\\/Secret-de-provence.png\",\"width\":500,\"height\":335},{\"@type\":\"BreadcrumbList\",\"@id\":\"https:\\\/\\\/bien-etreiris.ch\\\/de\\\/unsere-marken\\\/secrets-de-provence\\\/#breadcrumb\",\"itemListElement\":[{\"@type\":\"ListItem\",\"position\":1,\"name\":\"Home\",\"item\":\"https:\\\/\\\/bien-etreiris.ch\\\/de\\\/\"},{\"@type\":\"ListItem\",\"position\":2,\"name\":\"UNSERE MARKEN\",\"item\":\"https:\\\/\\\/bien-etreiris.ch\\\/de\\\/unsere-marken\\\/\"},{\"@type\":\"ListItem\",\"position\":3,\"name\":\"SECRETS DE PROVENCE\"}]},{\"@type\":\"WebSite\",\"@id\":\"https:\\\/\\\/bien-etreiris.ch\\\/de\\\/#website\",\"url\":\"https:\\\/\\\/bien-etreiris.ch\\\/de\\\/\",\"name\":\"Bien-\u00eatre Iris\",\"description\":\"IHRE Gesundheit ist uns wichtig\",\"potentialAction\":[{\"@type\":\"SearchAction\",\"target\":{\"@type\":\"EntryPoint\",\"urlTemplate\":\"https:\\\/\\\/bien-etreiris.ch\\\/de\\\/?s={search_term_string}\"},\"query-input\":{\"@type\":\"PropertyValueSpecification\",\"valueRequired\":true,\"valueName\":\"search_term_string\"}}],\"inLanguage\":\"de\"}]}<\/script>\n<!-- \/ Yoast SEO plugin. -->","yoast_head_json":{"title":"SECRETS DE PROVENCE - WOHLBEFINDEN","robots":{"index":"index","follow":"follow","max-snippet":"max-snippet:-1","max-image-preview":"max-image-preview:large","max-video-preview":"max-video-preview:-1"},"canonical":"https:\/\/bien-etreiris.ch\/de\/unsere-marken\/secrets-de-provence\/","og_locale":"de_DE","og_type":"article","og_title":"SECRETS DE PROVENCE - WOHLBEFINDEN","og_description":"Das 2010 gegr\u00fcndete Unternehmen Secrets De Provence bietet innovative Natur- und Bioprodukte an, wobei das feste Shampoo das Flaggschiff ist. Alle ihre Produkte werden in Frankreich entwickelt und hergestellt. Die Marke arbeitet st\u00e4ndig an Innovationen, um noch mehr nat\u00fcrliche Kosmetikprodukte zu entwickeln. Die Umwelt ist ein grundlegendes Thema f\u00fcr diese Marke, die danach strebt, so wenig Energie wie m\u00f6glich zu&nbsp;Weiter lesen","og_url":"https:\/\/bien-etreiris.ch\/de\/unsere-marken\/secrets-de-provence\/","og_site_name":"WOHLBEFINDEN","article_publisher":"https:\/\/www.facebook.com\/bienetreiris\/","article_modified_time":"2021-06-18T19:48:49+00:00","og_image":[{"width":500,"height":335,"url":"https:\/\/bien-etreiris.ch\/wp-content\/uploads\/2021\/05\/Secret-de-provence.png","type":"image\/png"}],"twitter_misc":{"Gesch\u00e4tzte Lesezeit":"1\u00a0Minute"},"schema":{"@context":"https:\/\/schema.org","@graph":[{"@type":"WebPage","@id":"https:\/\/bien-etreiris.ch\/de\/unsere-marken\/secrets-de-provence\/","url":"https:\/\/bien-etreiris.ch\/de\/unsere-marken\/secrets-de-provence\/","name":"SECRETS DE PROVENCE - WOHLBEFINDEN","isPartOf":{"@id":"https:\/\/bien-etreiris.ch\/de\/#website"},"primaryImageOfPage":{"@id":"https:\/\/bien-etreiris.ch\/de\/unsere-marken\/secrets-de-provence\/#primaryimage"},"image":{"@id":"https:\/\/bien-etreiris.ch\/de\/unsere-marken\/secrets-de-provence\/#primaryimage"},"thumbnailUrl":"https:\/\/bien-etreiris.ch\/wp-content\/uploads\/2021\/05\/Secret-de-provence.png","datePublished":"2021-05-19T19:01:52+00:00","dateModified":"2021-06-18T19:48:49+00:00","breadcrumb":{"@id":"https:\/\/bien-etreiris.ch\/de\/unsere-marken\/secrets-de-provence\/#breadcrumb"},"inLanguage":"de","potentialAction":[{"@type":"ReadAction","target":["https:\/\/bien-etreiris.ch\/de\/unsere-marken\/secrets-de-provence\/"]}]},{"@type":"ImageObject","inLanguage":"de","@id":"https:\/\/bien-etreiris.ch\/de\/unsere-marken\/secrets-de-provence\/#primaryimage","url":"https:\/\/bien-etreiris.ch\/wp-content\/uploads\/2021\/05\/Secret-de-provence.png","contentUrl":"https:\/\/bien-etreiris.ch\/wp-content\/uploads\/2021\/05\/Secret-de-provence.png","width":500,"height":335},{"@type":"BreadcrumbList","@id":"https:\/\/bien-etreiris.ch\/de\/unsere-marken\/secrets-de-provence\/#breadcrumb","itemListElement":[{"@type":"ListItem","position":1,"name":"Home","item":"https:\/\/bien-etreiris.ch\/de\/"},{"@type":"ListItem","position":2,"name":"UNSERE MARKEN","item":"https:\/\/bien-etreiris.ch\/de\/unsere-marken\/"},{"@type":"ListItem","position":3,"name":"SECRETS DE PROVENCE"}]},{"@type":"WebSite","@id":"https:\/\/bien-etreiris.ch\/de\/#website","url":"https:\/\/bien-etreiris.ch\/de\/","name":"Bien-\u00eatre Iris","description":"IHRE Gesundheit ist uns wichtig","potentialAction":[{"@type":"SearchAction","target":{"@type":"EntryPoint","urlTemplate":"https:\/\/bien-etreiris.ch\/de\/?s={search_term_string}"},"query-input":{"@type":"PropertyValueSpecification","valueRequired":true,"valueName":"search_term_string"}}],"inLanguage":"de"}]}},"_links":{"self":[{"href":"https:\/\/bien-etreiris.ch\/de\/wp-json\/wp\/v2\/pages\/45129","targetHints":{"allow":["GET"]}}],"collection":[{"href":"https:\/\/bien-etreiris.ch\/de\/wp-json\/wp\/v2\/pages"}],"about":[{"href":"https:\/\/bien-etreiris.ch\/de\/wp-json\/wp\/v2\/types\/page"}],"author":[{"embeddable":true,"href":"https:\/\/bien-etreiris.ch\/de\/wp-json\/wp\/v2\/users\/1"}],"replies":[{"embeddable":true,"href":"https:\/\/bien-etreiris.ch\/de\/wp-json\/wp\/v2\/comments?post=45129"}],"version-history":[{"count":6,"href":"https:\/\/bien-etreiris.ch\/de\/wp-json\/wp\/v2\/pages\/45129\/revisions"}],"predecessor-version":[{"id":50821,"href":"https:\/\/bien-etreiris.ch\/de\/wp-json\/wp\/v2\/pages\/45129\/revisions\/50821"}],"up":[{"embeddable":true,"href":"https:\/\/bien-etreiris.ch\/de\/wp-json\/wp\/v2\/pages\/44406"}],"wp:featuredmedia":[{"embeddable":true,"href":"https:\/\/bien-etreiris.ch\/de\/wp-json\/wp\/v2\/media\/45127"}],"wp:attachment":[{"href":"https:\/\/bien-etreiris.ch\/de\/wp-json\/wp\/v2\/media?parent=45129"}],"curies":[{"name":"wp","href":"https:\/\/api.w.org\/{rel}","templated":true}]}}