{"id":45120,"date":"2021-05-19T20:52:06","date_gmt":"2021-05-19T18:52:06","guid":{"rendered":"https:\/\/bien-etreiris.ch\/?page_id=45120"},"modified":"2021-06-08T19:32:16","modified_gmt":"2021-06-08T17:32:16","slug":"sonette","status":"publish","type":"page","link":"https:\/\/bien-etreiris.ch\/de\/unsere-marken\/sonette\/","title":{"rendered":"SONETTE"},"content":{"rendered":"\n<h2>SONETTE<\/h2>\n<p>Pionier bei umweltfreundlichen Wasch- und Reinigungsprodukten<\/p>\n<p>Seit mehr als 40 Jahren entwickelt Sonett Wasch- und Reinigungsmittel von einzigartiger Qualit\u00e4t und respektiert mit Best\u00e4ndigkeit und \u00dcberzeugung das Wasser als Tr\u00e4ger aller Lebewesen.<\/p>\n<p>&nbsp;<\/p>\n<p>&nbsp;<\/p>\n<p>&nbsp;<\/p>\n<p><iframe loading=\"lazy\" title=\"\u00d6kologisch Waschen und Reinigen - Wasser sch\u00fctzen\" width=\"604\" height=\"340\" src=\"https:\/\/www.youtube.com\/embed\/yxubuSC6vyo?feature=oembed\" frameborder=\"0\" allow=\"accelerometer; autoplay; clipboard-write; encrypted-media; gyroscope; picture-in-picture; web-share\" referrerpolicy=\"strict-origin-when-cross-origin\" allowfullscreen><\/iframe><\/p>\n<p>&nbsp;<\/p>\n<p>&nbsp;<\/p>\n<h2><a href=\"https:\/\/bien-etreiris.ch\/de\/produktpraesentation\/hygiene\/haushaltsreinigung\/haushaltsseifen\/geschirrspuelen\/sonett\/\" target=\"_blank\" rel=\"noopener\">GESCHIRRSP\u00dcLEN <\/a><\/h2>\n<p>&nbsp;<\/p>\n<p>&nbsp;<\/p>\n","protected":false},"excerpt":{"rendered":"<p>SONETTE Pionier bei umweltfreundlichen Wasch- und Reinigungsprodukten Seit mehr als 40 Jahren entwickelt Sonett Wasch- und Reinigungsmittel von einzigartiger Qualit\u00e4t und respektiert mit Best\u00e4ndigkeit und \u00dcberzeugung das Wasser als Tr\u00e4ger aller Lebewesen. &nbsp; &nbsp; &nbsp; &nbsp; &nbsp; GESCHIRRSP\u00dcLEN &nbsp; &nbsp;<\/p>\n","protected":false},"author":1,"featured_media":45117,"parent":44406,"menu_order":5732,"comment_status":"closed","ping_status":"closed","template":"page-with-child.php","meta":{"_acf_changed":false,"ngg_post_thumbnail":0,"footnotes":""},"class_list":["post-45120","page","type-page","status-publish","has-post-thumbnail","hentry"],"acf":[],"yoast_head":"<!-- This site is optimized with the Yoast SEO plugin v27.5 - https:\/\/yoast.com\/product\/yoast-seo-wordpress\/ -->\n<title>SONETTE - WOHLBEFINDEN<\/title>\n<meta name=\"robots\" content=\"index, follow, max-snippet:-1, max-image-preview:large, max-video-preview:-1\" \/>\n<link rel=\"canonical\" href=\"https:\/\/bien-etreiris.ch\/de\/unsere-marken\/sonette\/\" \/>\n<meta property=\"og:locale\" content=\"de_DE\" \/>\n<meta property=\"og:type\" content=\"article\" \/>\n<meta property=\"og:title\" content=\"SONETTE - WOHLBEFINDEN\" \/>\n<meta property=\"og:description\" content=\"SONETTE Pionier bei umweltfreundlichen Wasch- und Reinigungsprodukten Seit mehr als 40 Jahren entwickelt Sonett Wasch- und Reinigungsmittel von einzigartiger Qualit\u00e4t und respektiert mit Best\u00e4ndigkeit und \u00dcberzeugung das Wasser als Tr\u00e4ger aller Lebewesen. &nbsp; &nbsp; &nbsp; &nbsp; &nbsp; GESCHIRRSP\u00dcLEN &nbsp; &nbsp;\" \/>\n<meta property=\"og:url\" content=\"https:\/\/bien-etreiris.ch\/de\/unsere-marken\/sonette\/\" \/>\n<meta property=\"og:site_name\" content=\"WOHLBEFINDEN\" \/>\n<meta property=\"article:publisher\" content=\"https:\/\/www.facebook.com\/bienetreiris\/\" \/>\n<meta property=\"article:modified_time\" content=\"2021-06-08T17:32:16+00:00\" \/>\n<meta property=\"og:image\" content=\"https:\/\/bien-etreiris.ch\/wp-content\/uploads\/2021\/05\/Sonett.png\" \/>\n\t<meta property=\"og:image:width\" content=\"500\" \/>\n\t<meta property=\"og:image:height\" content=\"314\" \/>\n\t<meta property=\"og:image:type\" content=\"image\/png\" \/>\n<meta name=\"twitter:label1\" content=\"Gesch\u00e4tzte Lesezeit\" \/>\n\t<meta name=\"twitter:data1\" content=\"1\u00a0Minute\" \/>\n<script type=\"application\/ld+json\" class=\"yoast-schema-graph\">{\"@context\":\"https:\\\/\\\/schema.org\",\"@graph\":[{\"@type\":\"WebPage\",\"@id\":\"https:\\\/\\\/bien-etreiris.ch\\\/de\\\/unsere-marken\\\/sonette\\\/\",\"url\":\"https:\\\/\\\/bien-etreiris.ch\\\/de\\\/unsere-marken\\\/sonette\\\/\",\"name\":\"SONETTE - WOHLBEFINDEN\",\"isPartOf\":{\"@id\":\"https:\\\/\\\/bien-etreiris.ch\\\/de\\\/#website\"},\"primaryImageOfPage\":{\"@id\":\"https:\\\/\\\/bien-etreiris.ch\\\/de\\\/unsere-marken\\\/sonette\\\/#primaryimage\"},\"image\":{\"@id\":\"https:\\\/\\\/bien-etreiris.ch\\\/de\\\/unsere-marken\\\/sonette\\\/#primaryimage\"},\"thumbnailUrl\":\"https:\\\/\\\/bien-etreiris.ch\\\/wp-content\\\/uploads\\\/2021\\\/05\\\/Sonett.png\",\"datePublished\":\"2021-05-19T18:52:06+00:00\",\"dateModified\":\"2021-06-08T17:32:16+00:00\",\"breadcrumb\":{\"@id\":\"https:\\\/\\\/bien-etreiris.ch\\\/de\\\/unsere-marken\\\/sonette\\\/#breadcrumb\"},\"inLanguage\":\"de\",\"potentialAction\":[{\"@type\":\"ReadAction\",\"target\":[\"https:\\\/\\\/bien-etreiris.ch\\\/de\\\/unsere-marken\\\/sonette\\\/\"]}]},{\"@type\":\"ImageObject\",\"inLanguage\":\"de\",\"@id\":\"https:\\\/\\\/bien-etreiris.ch\\\/de\\\/unsere-marken\\\/sonette\\\/#primaryimage\",\"url\":\"https:\\\/\\\/bien-etreiris.ch\\\/wp-content\\\/uploads\\\/2021\\\/05\\\/Sonett.png\",\"contentUrl\":\"https:\\\/\\\/bien-etreiris.ch\\\/wp-content\\\/uploads\\\/2021\\\/05\\\/Sonett.png\",\"width\":500,\"height\":314},{\"@type\":\"BreadcrumbList\",\"@id\":\"https:\\\/\\\/bien-etreiris.ch\\\/de\\\/unsere-marken\\\/sonette\\\/#breadcrumb\",\"itemListElement\":[{\"@type\":\"ListItem\",\"position\":1,\"name\":\"Home\",\"item\":\"https:\\\/\\\/bien-etreiris.ch\\\/de\\\/\"},{\"@type\":\"ListItem\",\"position\":2,\"name\":\"UNSERE MARKEN\",\"item\":\"https:\\\/\\\/bien-etreiris.ch\\\/de\\\/unsere-marken\\\/\"},{\"@type\":\"ListItem\",\"position\":3,\"name\":\"SONETTE\"}]},{\"@type\":\"WebSite\",\"@id\":\"https:\\\/\\\/bien-etreiris.ch\\\/de\\\/#website\",\"url\":\"https:\\\/\\\/bien-etreiris.ch\\\/de\\\/\",\"name\":\"Bien-\u00eatre Iris\",\"description\":\"IHRE Gesundheit ist uns wichtig\",\"potentialAction\":[{\"@type\":\"SearchAction\",\"target\":{\"@type\":\"EntryPoint\",\"urlTemplate\":\"https:\\\/\\\/bien-etreiris.ch\\\/de\\\/?s={search_term_string}\"},\"query-input\":{\"@type\":\"PropertyValueSpecification\",\"valueRequired\":true,\"valueName\":\"search_term_string\"}}],\"inLanguage\":\"de\"}]}<\/script>\n<!-- \/ Yoast SEO plugin. -->","yoast_head_json":{"title":"SONETTE - WOHLBEFINDEN","robots":{"index":"index","follow":"follow","max-snippet":"max-snippet:-1","max-image-preview":"max-image-preview:large","max-video-preview":"max-video-preview:-1"},"canonical":"https:\/\/bien-etreiris.ch\/de\/unsere-marken\/sonette\/","og_locale":"de_DE","og_type":"article","og_title":"SONETTE - WOHLBEFINDEN","og_description":"SONETTE Pionier bei umweltfreundlichen Wasch- und Reinigungsprodukten Seit mehr als 40 Jahren entwickelt Sonett Wasch- und Reinigungsmittel von einzigartiger Qualit\u00e4t und respektiert mit Best\u00e4ndigkeit und \u00dcberzeugung das Wasser als Tr\u00e4ger aller Lebewesen. &nbsp; &nbsp; &nbsp; &nbsp; &nbsp; GESCHIRRSP\u00dcLEN &nbsp; &nbsp;","og_url":"https:\/\/bien-etreiris.ch\/de\/unsere-marken\/sonette\/","og_site_name":"WOHLBEFINDEN","article_publisher":"https:\/\/www.facebook.com\/bienetreiris\/","article_modified_time":"2021-06-08T17:32:16+00:00","og_image":[{"width":500,"height":314,"url":"https:\/\/bien-etreiris.ch\/wp-content\/uploads\/2021\/05\/Sonett.png","type":"image\/png"}],"twitter_misc":{"Gesch\u00e4tzte Lesezeit":"1\u00a0Minute"},"schema":{"@context":"https:\/\/schema.org","@graph":[{"@type":"WebPage","@id":"https:\/\/bien-etreiris.ch\/de\/unsere-marken\/sonette\/","url":"https:\/\/bien-etreiris.ch\/de\/unsere-marken\/sonette\/","name":"SONETTE - WOHLBEFINDEN","isPartOf":{"@id":"https:\/\/bien-etreiris.ch\/de\/#website"},"primaryImageOfPage":{"@id":"https:\/\/bien-etreiris.ch\/de\/unsere-marken\/sonette\/#primaryimage"},"image":{"@id":"https:\/\/bien-etreiris.ch\/de\/unsere-marken\/sonette\/#primaryimage"},"thumbnailUrl":"https:\/\/bien-etreiris.ch\/wp-content\/uploads\/2021\/05\/Sonett.png","datePublished":"2021-05-19T18:52:06+00:00","dateModified":"2021-06-08T17:32:16+00:00","breadcrumb":{"@id":"https:\/\/bien-etreiris.ch\/de\/unsere-marken\/sonette\/#breadcrumb"},"inLanguage":"de","potentialAction":[{"@type":"ReadAction","target":["https:\/\/bien-etreiris.ch\/de\/unsere-marken\/sonette\/"]}]},{"@type":"ImageObject","inLanguage":"de","@id":"https:\/\/bien-etreiris.ch\/de\/unsere-marken\/sonette\/#primaryimage","url":"https:\/\/bien-etreiris.ch\/wp-content\/uploads\/2021\/05\/Sonett.png","contentUrl":"https:\/\/bien-etreiris.ch\/wp-content\/uploads\/2021\/05\/Sonett.png","width":500,"height":314},{"@type":"BreadcrumbList","@id":"https:\/\/bien-etreiris.ch\/de\/unsere-marken\/sonette\/#breadcrumb","itemListElement":[{"@type":"ListItem","position":1,"name":"Home","item":"https:\/\/bien-etreiris.ch\/de\/"},{"@type":"ListItem","position":2,"name":"UNSERE MARKEN","item":"https:\/\/bien-etreiris.ch\/de\/unsere-marken\/"},{"@type":"ListItem","position":3,"name":"SONETTE"}]},{"@type":"WebSite","@id":"https:\/\/bien-etreiris.ch\/de\/#website","url":"https:\/\/bien-etreiris.ch\/de\/","name":"Bien-\u00eatre Iris","description":"IHRE Gesundheit ist uns wichtig","potentialAction":[{"@type":"SearchAction","target":{"@type":"EntryPoint","urlTemplate":"https:\/\/bien-etreiris.ch\/de\/?s={search_term_string}"},"query-input":{"@type":"PropertyValueSpecification","valueRequired":true,"valueName":"search_term_string"}}],"inLanguage":"de"}]}},"_links":{"self":[{"href":"https:\/\/bien-etreiris.ch\/de\/wp-json\/wp\/v2\/pages\/45120","targetHints":{"allow":["GET"]}}],"collection":[{"href":"https:\/\/bien-etreiris.ch\/de\/wp-json\/wp\/v2\/pages"}],"about":[{"href":"https:\/\/bien-etreiris.ch\/de\/wp-json\/wp\/v2\/types\/page"}],"author":[{"embeddable":true,"href":"https:\/\/bien-etreiris.ch\/de\/wp-json\/wp\/v2\/users\/1"}],"replies":[{"embeddable":true,"href":"https:\/\/bien-etreiris.ch\/de\/wp-json\/wp\/v2\/comments?post=45120"}],"version-history":[{"count":3,"href":"https:\/\/bien-etreiris.ch\/de\/wp-json\/wp\/v2\/pages\/45120\/revisions"}],"predecessor-version":[{"id":50151,"href":"https:\/\/bien-etreiris.ch\/de\/wp-json\/wp\/v2\/pages\/45120\/revisions\/50151"}],"up":[{"embeddable":true,"href":"https:\/\/bien-etreiris.ch\/de\/wp-json\/wp\/v2\/pages\/44406"}],"wp:featuredmedia":[{"embeddable":true,"href":"https:\/\/bien-etreiris.ch\/de\/wp-json\/wp\/v2\/media\/45117"}],"wp:attachment":[{"href":"https:\/\/bien-etreiris.ch\/de\/wp-json\/wp\/v2\/media?parent=45120"}],"curies":[{"name":"wp","href":"https:\/\/api.w.org\/{rel}","templated":true}]}}