{"id":45110,"date":"2021-05-19T20:32:21","date_gmt":"2021-05-19T18:32:21","guid":{"rendered":"https:\/\/bien-etreiris.ch\/?page_id=45110"},"modified":"2021-06-08T18:30:04","modified_gmt":"2021-06-08T16:30:04","slug":"saatengold","status":"publish","type":"page","link":"https:\/\/bien-etreiris.ch\/de\/unsere-marken\/saatengold\/","title":{"rendered":"SAATENGOLD"},"content":{"rendered":"\n<p>Saatengold hat sich zum Ziel gesetzt, nach alter Manufakturtradition nat\u00fcrliche Bio-Lebensmittel von h\u00f6chster Qualit\u00e4t anzubieten. Der Inhalt des Produkts ist auf der Verpackung angegeben. Es gibt keine Zusatzstoffe, die nicht deklarationspflichtig sind, wie es die europ\u00e4ischen Vorschriften erlauben.<\/p>\n<p><br>Die Mehlfreien Brot- und Kuchenmischungen unseres B\u00e4ckermeisters Hermann Stein tragen dem Back-Desaster Rechnung, unter dem viele Menschen zu leiden haben. Unsere Mehlmischungen enthalten jedoch keine modernen Kreuzungsmehle, bei denen der hohe Gluten- und Antik\u00f6rpergehalt absichtlich eingef\u00fchrt wurde.<br>Bitte beachten Sie besonders unsere Qualit\u00e4tsgarantie f\u00fcr Urdinkel - ein echtes Urgetreide! Ausserdem geh\u00f6ren die alten Mehle Emmer, Einkorn und Kamut zu unserem Programm.<\/p>\n<p>&nbsp;<\/p>\n<h2>&nbsp;<\/h2>\n<h2><a href=\"https:\/\/bien-etreiris.ch\/de\/produktpraesentation\/gesundes-leben\/gesunde-nahrungsmittel\/intoleranz\/ohne-gluten\/bratlinge-veggieburger\/\" target=\"_blank\" rel=\"noopener\">BRATLINGE - VEGGIEBURGER - GLUTENFREI<\/a><\/h2>\n<p>&nbsp;<\/p>\n<h2><a href=\"https:\/\/bien-etreiris.ch\/de\/produktpraesentation\/gesundes-leben\/gesunde-nahrungsmittel\/intoleranz\/ohne-gluten\/brotmischungen\/\" target=\"_blank\" rel=\"noopener\">BROTMISCHUNGEN<\/a><\/h2>\n<p>&nbsp;<\/p>\n<p>&nbsp;<\/p>\n","protected":false},"excerpt":{"rendered":"<p>Saatengold hat sich zum Ziel gesetzt, nach alter Manufakturtradition nat\u00fcrliche Bio-Lebensmittel von h\u00f6chster Qualit\u00e4t anzubieten. Der Inhalt des Produkts ist auf der Verpackung angegeben. Es gibt keine Zusatzstoffe, die nicht deklarationspflichtig sind, wie es die europ\u00e4ischen Vorschriften erlauben. Die Mehlfreien Brot- und Kuchenmischungen unseres B\u00e4ckermeisters Hermann Stein tragen dem Back-Desaster Rechnung, unter dem viele Menschen zu leiden haben. Unsere Mehlmischungen&nbsp;<a href=\"https:\/\/bien-etreiris.ch\/de\/unsere-marken\/saatengold\/\" class=\"read-more\">Weiter lesen<\/a><\/p>\n","protected":false},"author":1,"featured_media":45108,"parent":44406,"menu_order":5729,"comment_status":"closed","ping_status":"closed","template":"page-with-child.php","meta":{"_acf_changed":false,"ngg_post_thumbnail":0,"footnotes":""},"class_list":["post-45110","page","type-page","status-publish","has-post-thumbnail","hentry"],"acf":[],"yoast_head":"<!-- This site is optimized with the Yoast SEO plugin v27.4 - https:\/\/yoast.com\/product\/yoast-seo-wordpress\/ -->\n<title>SAATENGOLD - WOHLBEFINDEN<\/title>\n<meta name=\"robots\" content=\"index, follow, max-snippet:-1, max-image-preview:large, max-video-preview:-1\" \/>\n<link rel=\"canonical\" href=\"https:\/\/bien-etreiris.ch\/de\/unsere-marken\/saatengold\/\" \/>\n<meta property=\"og:locale\" content=\"de_DE\" \/>\n<meta property=\"og:type\" content=\"article\" \/>\n<meta property=\"og:title\" content=\"SAATENGOLD - WOHLBEFINDEN\" \/>\n<meta property=\"og:description\" content=\"Saatengold hat sich zum Ziel gesetzt, nach alter Manufakturtradition nat\u00fcrliche Bio-Lebensmittel von h\u00f6chster Qualit\u00e4t anzubieten. Der Inhalt des Produkts ist auf der Verpackung angegeben. Es gibt keine Zusatzstoffe, die nicht deklarationspflichtig sind, wie es die europ\u00e4ischen Vorschriften erlauben. Die Mehlfreien Brot- und Kuchenmischungen unseres B\u00e4ckermeisters Hermann Stein tragen dem Back-Desaster Rechnung, unter dem viele Menschen zu leiden haben. Unsere Mehlmischungen&nbsp;Weiter lesen\" \/>\n<meta property=\"og:url\" content=\"https:\/\/bien-etreiris.ch\/de\/unsere-marken\/saatengold\/\" \/>\n<meta property=\"og:site_name\" content=\"WOHLBEFINDEN\" \/>\n<meta property=\"article:publisher\" content=\"https:\/\/www.facebook.com\/bienetreiris\/\" \/>\n<meta property=\"article:modified_time\" content=\"2021-06-08T16:30:04+00:00\" \/>\n<meta property=\"og:image\" content=\"https:\/\/bien-etreiris.ch\/wp-content\/uploads\/2021\/05\/Saatengold.png\" \/>\n\t<meta property=\"og:image:width\" content=\"500\" \/>\n\t<meta property=\"og:image:height\" content=\"377\" \/>\n\t<meta property=\"og:image:type\" content=\"image\/png\" \/>\n<meta name=\"twitter:label1\" content=\"Gesch\u00e4tzte Lesezeit\" \/>\n\t<meta name=\"twitter:data1\" content=\"1\u00a0Minute\" \/>\n<script type=\"application\/ld+json\" class=\"yoast-schema-graph\">{\"@context\":\"https:\\\/\\\/schema.org\",\"@graph\":[{\"@type\":\"WebPage\",\"@id\":\"https:\\\/\\\/bien-etreiris.ch\\\/de\\\/unsere-marken\\\/saatengold\\\/\",\"url\":\"https:\\\/\\\/bien-etreiris.ch\\\/de\\\/unsere-marken\\\/saatengold\\\/\",\"name\":\"SAATENGOLD - WOHLBEFINDEN\",\"isPartOf\":{\"@id\":\"https:\\\/\\\/bien-etreiris.ch\\\/de\\\/#website\"},\"primaryImageOfPage\":{\"@id\":\"https:\\\/\\\/bien-etreiris.ch\\\/de\\\/unsere-marken\\\/saatengold\\\/#primaryimage\"},\"image\":{\"@id\":\"https:\\\/\\\/bien-etreiris.ch\\\/de\\\/unsere-marken\\\/saatengold\\\/#primaryimage\"},\"thumbnailUrl\":\"https:\\\/\\\/bien-etreiris.ch\\\/wp-content\\\/uploads\\\/2021\\\/05\\\/Saatengold.png\",\"datePublished\":\"2021-05-19T18:32:21+00:00\",\"dateModified\":\"2021-06-08T16:30:04+00:00\",\"breadcrumb\":{\"@id\":\"https:\\\/\\\/bien-etreiris.ch\\\/de\\\/unsere-marken\\\/saatengold\\\/#breadcrumb\"},\"inLanguage\":\"de\",\"potentialAction\":[{\"@type\":\"ReadAction\",\"target\":[\"https:\\\/\\\/bien-etreiris.ch\\\/de\\\/unsere-marken\\\/saatengold\\\/\"]}]},{\"@type\":\"ImageObject\",\"inLanguage\":\"de\",\"@id\":\"https:\\\/\\\/bien-etreiris.ch\\\/de\\\/unsere-marken\\\/saatengold\\\/#primaryimage\",\"url\":\"https:\\\/\\\/bien-etreiris.ch\\\/wp-content\\\/uploads\\\/2021\\\/05\\\/Saatengold.png\",\"contentUrl\":\"https:\\\/\\\/bien-etreiris.ch\\\/wp-content\\\/uploads\\\/2021\\\/05\\\/Saatengold.png\",\"width\":500,\"height\":377},{\"@type\":\"BreadcrumbList\",\"@id\":\"https:\\\/\\\/bien-etreiris.ch\\\/de\\\/unsere-marken\\\/saatengold\\\/#breadcrumb\",\"itemListElement\":[{\"@type\":\"ListItem\",\"position\":1,\"name\":\"Home\",\"item\":\"https:\\\/\\\/bien-etreiris.ch\\\/de\\\/\"},{\"@type\":\"ListItem\",\"position\":2,\"name\":\"UNSERE MARKEN\",\"item\":\"https:\\\/\\\/bien-etreiris.ch\\\/de\\\/unsere-marken\\\/\"},{\"@type\":\"ListItem\",\"position\":3,\"name\":\"SAATENGOLD\"}]},{\"@type\":\"WebSite\",\"@id\":\"https:\\\/\\\/bien-etreiris.ch\\\/de\\\/#website\",\"url\":\"https:\\\/\\\/bien-etreiris.ch\\\/de\\\/\",\"name\":\"Bien-\u00eatre Iris\",\"description\":\"IHRE Gesundheit ist uns wichtig\",\"potentialAction\":[{\"@type\":\"SearchAction\",\"target\":{\"@type\":\"EntryPoint\",\"urlTemplate\":\"https:\\\/\\\/bien-etreiris.ch\\\/de\\\/?s={search_term_string}\"},\"query-input\":{\"@type\":\"PropertyValueSpecification\",\"valueRequired\":true,\"valueName\":\"search_term_string\"}}],\"inLanguage\":\"de\"}]}<\/script>\n<!-- \/ Yoast SEO plugin. -->","yoast_head_json":{"title":"SAATENGOLD - WOHLBEFINDEN","robots":{"index":"index","follow":"follow","max-snippet":"max-snippet:-1","max-image-preview":"max-image-preview:large","max-video-preview":"max-video-preview:-1"},"canonical":"https:\/\/bien-etreiris.ch\/de\/unsere-marken\/saatengold\/","og_locale":"de_DE","og_type":"article","og_title":"SAATENGOLD - WOHLBEFINDEN","og_description":"Saatengold hat sich zum Ziel gesetzt, nach alter Manufakturtradition nat\u00fcrliche Bio-Lebensmittel von h\u00f6chster Qualit\u00e4t anzubieten. Der Inhalt des Produkts ist auf der Verpackung angegeben. Es gibt keine Zusatzstoffe, die nicht deklarationspflichtig sind, wie es die europ\u00e4ischen Vorschriften erlauben. Die Mehlfreien Brot- und Kuchenmischungen unseres B\u00e4ckermeisters Hermann Stein tragen dem Back-Desaster Rechnung, unter dem viele Menschen zu leiden haben. Unsere Mehlmischungen&nbsp;Weiter lesen","og_url":"https:\/\/bien-etreiris.ch\/de\/unsere-marken\/saatengold\/","og_site_name":"WOHLBEFINDEN","article_publisher":"https:\/\/www.facebook.com\/bienetreiris\/","article_modified_time":"2021-06-08T16:30:04+00:00","og_image":[{"width":500,"height":377,"url":"https:\/\/bien-etreiris.ch\/wp-content\/uploads\/2021\/05\/Saatengold.png","type":"image\/png"}],"twitter_misc":{"Gesch\u00e4tzte Lesezeit":"1\u00a0Minute"},"schema":{"@context":"https:\/\/schema.org","@graph":[{"@type":"WebPage","@id":"https:\/\/bien-etreiris.ch\/de\/unsere-marken\/saatengold\/","url":"https:\/\/bien-etreiris.ch\/de\/unsere-marken\/saatengold\/","name":"SAATENGOLD - WOHLBEFINDEN","isPartOf":{"@id":"https:\/\/bien-etreiris.ch\/de\/#website"},"primaryImageOfPage":{"@id":"https:\/\/bien-etreiris.ch\/de\/unsere-marken\/saatengold\/#primaryimage"},"image":{"@id":"https:\/\/bien-etreiris.ch\/de\/unsere-marken\/saatengold\/#primaryimage"},"thumbnailUrl":"https:\/\/bien-etreiris.ch\/wp-content\/uploads\/2021\/05\/Saatengold.png","datePublished":"2021-05-19T18:32:21+00:00","dateModified":"2021-06-08T16:30:04+00:00","breadcrumb":{"@id":"https:\/\/bien-etreiris.ch\/de\/unsere-marken\/saatengold\/#breadcrumb"},"inLanguage":"de","potentialAction":[{"@type":"ReadAction","target":["https:\/\/bien-etreiris.ch\/de\/unsere-marken\/saatengold\/"]}]},{"@type":"ImageObject","inLanguage":"de","@id":"https:\/\/bien-etreiris.ch\/de\/unsere-marken\/saatengold\/#primaryimage","url":"https:\/\/bien-etreiris.ch\/wp-content\/uploads\/2021\/05\/Saatengold.png","contentUrl":"https:\/\/bien-etreiris.ch\/wp-content\/uploads\/2021\/05\/Saatengold.png","width":500,"height":377},{"@type":"BreadcrumbList","@id":"https:\/\/bien-etreiris.ch\/de\/unsere-marken\/saatengold\/#breadcrumb","itemListElement":[{"@type":"ListItem","position":1,"name":"Home","item":"https:\/\/bien-etreiris.ch\/de\/"},{"@type":"ListItem","position":2,"name":"UNSERE MARKEN","item":"https:\/\/bien-etreiris.ch\/de\/unsere-marken\/"},{"@type":"ListItem","position":3,"name":"SAATENGOLD"}]},{"@type":"WebSite","@id":"https:\/\/bien-etreiris.ch\/de\/#website","url":"https:\/\/bien-etreiris.ch\/de\/","name":"Bien-\u00eatre Iris","description":"IHRE Gesundheit ist uns wichtig","potentialAction":[{"@type":"SearchAction","target":{"@type":"EntryPoint","urlTemplate":"https:\/\/bien-etreiris.ch\/de\/?s={search_term_string}"},"query-input":{"@type":"PropertyValueSpecification","valueRequired":true,"valueName":"search_term_string"}}],"inLanguage":"de"}]}},"_links":{"self":[{"href":"https:\/\/bien-etreiris.ch\/de\/wp-json\/wp\/v2\/pages\/45110","targetHints":{"allow":["GET"]}}],"collection":[{"href":"https:\/\/bien-etreiris.ch\/de\/wp-json\/wp\/v2\/pages"}],"about":[{"href":"https:\/\/bien-etreiris.ch\/de\/wp-json\/wp\/v2\/types\/page"}],"author":[{"embeddable":true,"href":"https:\/\/bien-etreiris.ch\/de\/wp-json\/wp\/v2\/users\/1"}],"replies":[{"embeddable":true,"href":"https:\/\/bien-etreiris.ch\/de\/wp-json\/wp\/v2\/comments?post=45110"}],"version-history":[{"count":3,"href":"https:\/\/bien-etreiris.ch\/de\/wp-json\/wp\/v2\/pages\/45110\/revisions"}],"predecessor-version":[{"id":50125,"href":"https:\/\/bien-etreiris.ch\/de\/wp-json\/wp\/v2\/pages\/45110\/revisions\/50125"}],"up":[{"embeddable":true,"href":"https:\/\/bien-etreiris.ch\/de\/wp-json\/wp\/v2\/pages\/44406"}],"wp:featuredmedia":[{"embeddable":true,"href":"https:\/\/bien-etreiris.ch\/de\/wp-json\/wp\/v2\/media\/45108"}],"wp:attachment":[{"href":"https:\/\/bien-etreiris.ch\/de\/wp-json\/wp\/v2\/media?parent=45110"}],"curies":[{"name":"wp","href":"https:\/\/api.w.org\/{rel}","templated":true}]}}