{"id":45005,"date":"2021-05-19T14:15:21","date_gmt":"2021-05-19T12:15:21","guid":{"rendered":"https:\/\/bien-etreiris.ch\/?page_id=45005"},"modified":"2021-08-03T10:17:43","modified_gmt":"2021-08-03T08:17:43","slug":"biovegan","status":"publish","type":"page","link":"https:\/\/bien-etreiris.ch\/de\/unsere-marken\/biovegan\/","title":{"rendered":"BIOVEGAN"},"content":{"rendered":"\n<h2>BIOVEGAN<\/h2>\n<p>Le pionnier des ingr\u00e9dients biologiques pour la boulangerie et la cuisine depuis 1986.<br>Surprenez le march\u00e9 biologique et v\u00e9g\u00e9talien avec de grandes innovations. C'est notre objectif.<\/p>\n<p>En tant que v\u00e9ritable pionnier de l'agriculture biologique, nous nous sommes donn\u00e9 pour mission de r\u00e9inventer le monde, encore et encore, afin de le rendre meilleur.<br>pour faire un peu mieux \"sac par sac\". En 1986 ( !!!), lors de la cr\u00e9ation de BIOVEGAN GmbH, nous avons invent\u00e9 le ferment de cuisson v\u00e9g\u00e9talien \u00e0 une \u00e9poque o\u00f9 la plupart des gens ne savaient m\u00eame pas ce qu'\u00e9tait le terme \"v\u00e9g\u00e9talien\" - et pourquoi il avait vraiment un sens. Depuis lors, nous d\u00e9veloppons des produits \"biovegan\" \u00e0 la vol\u00e9e : La premi\u00e8re poudre \u00e0 lever biologique, le premier agent g\u00e9lifiant sans sucre, la premi\u00e8re poudre pour cr\u00e8me glac\u00e9e biologique sans machine \u00e0 cr\u00e8me glac\u00e9e, et et.....<\/p>\n<p>&nbsp;<\/p>\n<h2><a href=\"https:\/\/bien-etreiris.ch\/de\/produktpraesentation\/gesundes-leben\/gesunde-nahrungsmittel\/zutaten-wohlbefinden\/suppen-saucen-bruehe\/gemusebruhen\/\" target=\"_blank\" rel=\"noopener\">BOUILLON VEGETALE<\/a><\/h2>\n<h2><a href=\"https:\/\/bien-etreiris.ch\/de\/produktpraesentation\/gesundes-leben\/gesunde-nahrungsmittel\/zutaten-wohlbefinden\/konditorei-desserts\/caroube\/\" target=\"_blank\" rel=\"noopener\">CAROUBE<\/a><\/h2>\n<h2><a href=\"https:\/\/bien-etreiris.ch\/de\/produktpraesentation\/gesundes-leben\/gesunde-nahrungsmittel\/zutaten-wohlbefinden\/konditorei-desserts\/\" target=\"_blank\" rel=\"noopener\">DESSERTS PR\u00caTS A L\u2019EMPLOI<\/a><\/h2>\n<h2 class=\"child_title\"><a href=\"https:\/\/bien-etreiris.ch\/de\/produktpraesentation\/gesundes-leben\/gesunde-nahrungsmittel\/zutaten-wohlbefinden\/konditorei-desserts\/\" target=\"_blank\" rel=\"noopener\">INGREDIENTS P\u00c2TISSERIE<\/a><\/h2>\n<p>&nbsp;<\/p>\n","protected":false},"excerpt":{"rendered":"<p>BIOVEGAN Le pionnier des ingr\u00e9dients biologiques pour la boulangerie et la cuisine depuis 1986.Surprenez le march\u00e9 biologique et v\u00e9g\u00e9talien avec de grandes innovations. C'est notre objectif. En tant que v\u00e9ritable pionnier de l'agriculture biologique, nous nous sommes donn\u00e9 pour mission de r\u00e9inventer le monde, encore et encore, afin de le rendre meilleur.pour faire un peu mieux \"sac par sac\". En&nbsp;<a href=\"https:\/\/bien-etreiris.ch\/de\/unsere-marken\/biovegan\/\" class=\"read-more\">Weiter lesen<\/a><\/p>\n","protected":false},"author":1,"featured_media":45002,"parent":44406,"menu_order":5750,"comment_status":"closed","ping_status":"closed","template":"page-with-child.php","meta":{"_acf_changed":false,"ngg_post_thumbnail":0,"footnotes":""},"class_list":["post-45005","page","type-page","status-publish","has-post-thumbnail","hentry"],"acf":[],"yoast_head":"<!-- This site is optimized with the Yoast SEO plugin v27.5 - https:\/\/yoast.com\/product\/yoast-seo-wordpress\/ -->\n<title>BIOVEGAN - WOHLBEFINDEN<\/title>\n<meta name=\"robots\" content=\"index, follow, max-snippet:-1, max-image-preview:large, max-video-preview:-1\" \/>\n<link rel=\"canonical\" href=\"https:\/\/bien-etreiris.ch\/de\/unsere-marken\/biovegan\/\" \/>\n<meta property=\"og:locale\" content=\"de_DE\" \/>\n<meta property=\"og:type\" content=\"article\" \/>\n<meta property=\"og:title\" content=\"BIOVEGAN - WOHLBEFINDEN\" \/>\n<meta property=\"og:description\" content=\"BIOVEGAN Le pionnier des ingr\u00e9dients biologiques pour la boulangerie et la cuisine depuis 1986.Surprenez le march\u00e9 biologique et v\u00e9g\u00e9talien avec de grandes innovations. C&#039;est notre objectif. En tant que v\u00e9ritable pionnier de l&#039;agriculture biologique, nous nous sommes donn\u00e9 pour mission de r\u00e9inventer le monde, encore et encore, afin de le rendre meilleur.pour faire un peu mieux &quot;sac par sac&quot;. En&nbsp;Weiter lesen\" \/>\n<meta property=\"og:url\" content=\"https:\/\/bien-etreiris.ch\/de\/unsere-marken\/biovegan\/\" \/>\n<meta property=\"og:site_name\" content=\"WOHLBEFINDEN\" \/>\n<meta property=\"article:publisher\" content=\"https:\/\/www.facebook.com\/bienetreiris\/\" \/>\n<meta property=\"article:modified_time\" content=\"2021-08-03T08:17:43+00:00\" \/>\n<meta property=\"og:image\" content=\"https:\/\/bien-etreiris.ch\/wp-content\/uploads\/2021\/05\/BIOVEGAN.jpg\" \/>\n\t<meta property=\"og:image:width\" content=\"500\" \/>\n\t<meta property=\"og:image:height\" content=\"325\" \/>\n\t<meta property=\"og:image:type\" content=\"image\/jpeg\" \/>\n<meta name=\"twitter:label1\" content=\"Gesch\u00e4tzte Lesezeit\" \/>\n\t<meta name=\"twitter:data1\" content=\"1\u00a0Minute\" \/>\n<script type=\"application\/ld+json\" class=\"yoast-schema-graph\">{\"@context\":\"https:\\\/\\\/schema.org\",\"@graph\":[{\"@type\":\"WebPage\",\"@id\":\"https:\\\/\\\/bien-etreiris.ch\\\/de\\\/unsere-marken\\\/biovegan\\\/\",\"url\":\"https:\\\/\\\/bien-etreiris.ch\\\/de\\\/unsere-marken\\\/biovegan\\\/\",\"name\":\"BIOVEGAN - WOHLBEFINDEN\",\"isPartOf\":{\"@id\":\"https:\\\/\\\/bien-etreiris.ch\\\/de\\\/#website\"},\"primaryImageOfPage\":{\"@id\":\"https:\\\/\\\/bien-etreiris.ch\\\/de\\\/unsere-marken\\\/biovegan\\\/#primaryimage\"},\"image\":{\"@id\":\"https:\\\/\\\/bien-etreiris.ch\\\/de\\\/unsere-marken\\\/biovegan\\\/#primaryimage\"},\"thumbnailUrl\":\"https:\\\/\\\/bien-etreiris.ch\\\/wp-content\\\/uploads\\\/2021\\\/05\\\/BIOVEGAN.jpg\",\"datePublished\":\"2021-05-19T12:15:21+00:00\",\"dateModified\":\"2021-08-03T08:17:43+00:00\",\"breadcrumb\":{\"@id\":\"https:\\\/\\\/bien-etreiris.ch\\\/de\\\/unsere-marken\\\/biovegan\\\/#breadcrumb\"},\"inLanguage\":\"de\",\"potentialAction\":[{\"@type\":\"ReadAction\",\"target\":[\"https:\\\/\\\/bien-etreiris.ch\\\/de\\\/unsere-marken\\\/biovegan\\\/\"]}]},{\"@type\":\"ImageObject\",\"inLanguage\":\"de\",\"@id\":\"https:\\\/\\\/bien-etreiris.ch\\\/de\\\/unsere-marken\\\/biovegan\\\/#primaryimage\",\"url\":\"https:\\\/\\\/bien-etreiris.ch\\\/wp-content\\\/uploads\\\/2021\\\/05\\\/BIOVEGAN.jpg\",\"contentUrl\":\"https:\\\/\\\/bien-etreiris.ch\\\/wp-content\\\/uploads\\\/2021\\\/05\\\/BIOVEGAN.jpg\",\"width\":500,\"height\":325},{\"@type\":\"BreadcrumbList\",\"@id\":\"https:\\\/\\\/bien-etreiris.ch\\\/de\\\/unsere-marken\\\/biovegan\\\/#breadcrumb\",\"itemListElement\":[{\"@type\":\"ListItem\",\"position\":1,\"name\":\"Home\",\"item\":\"https:\\\/\\\/bien-etreiris.ch\\\/de\\\/\"},{\"@type\":\"ListItem\",\"position\":2,\"name\":\"UNSERE MARKEN\",\"item\":\"https:\\\/\\\/bien-etreiris.ch\\\/de\\\/unsere-marken\\\/\"},{\"@type\":\"ListItem\",\"position\":3,\"name\":\"BIOVEGAN\"}]},{\"@type\":\"WebSite\",\"@id\":\"https:\\\/\\\/bien-etreiris.ch\\\/de\\\/#website\",\"url\":\"https:\\\/\\\/bien-etreiris.ch\\\/de\\\/\",\"name\":\"Bien-\u00eatre Iris\",\"description\":\"IHRE Gesundheit ist uns wichtig\",\"potentialAction\":[{\"@type\":\"SearchAction\",\"target\":{\"@type\":\"EntryPoint\",\"urlTemplate\":\"https:\\\/\\\/bien-etreiris.ch\\\/de\\\/?s={search_term_string}\"},\"query-input\":{\"@type\":\"PropertyValueSpecification\",\"valueRequired\":true,\"valueName\":\"search_term_string\"}}],\"inLanguage\":\"de\"}]}<\/script>\n<!-- \/ Yoast SEO plugin. -->","yoast_head_json":{"title":"BIOVEGAN - WOHLBEFINDEN","robots":{"index":"index","follow":"follow","max-snippet":"max-snippet:-1","max-image-preview":"max-image-preview:large","max-video-preview":"max-video-preview:-1"},"canonical":"https:\/\/bien-etreiris.ch\/de\/unsere-marken\/biovegan\/","og_locale":"de_DE","og_type":"article","og_title":"BIOVEGAN - WOHLBEFINDEN","og_description":"BIOVEGAN Le pionnier des ingr\u00e9dients biologiques pour la boulangerie et la cuisine depuis 1986.Surprenez le march\u00e9 biologique et v\u00e9g\u00e9talien avec de grandes innovations. C'est notre objectif. En tant que v\u00e9ritable pionnier de l'agriculture biologique, nous nous sommes donn\u00e9 pour mission de r\u00e9inventer le monde, encore et encore, afin de le rendre meilleur.pour faire un peu mieux \"sac par sac\". En&nbsp;Weiter lesen","og_url":"https:\/\/bien-etreiris.ch\/de\/unsere-marken\/biovegan\/","og_site_name":"WOHLBEFINDEN","article_publisher":"https:\/\/www.facebook.com\/bienetreiris\/","article_modified_time":"2021-08-03T08:17:43+00:00","og_image":[{"width":500,"height":325,"url":"https:\/\/bien-etreiris.ch\/wp-content\/uploads\/2021\/05\/BIOVEGAN.jpg","type":"image\/jpeg"}],"twitter_misc":{"Gesch\u00e4tzte Lesezeit":"1\u00a0Minute"},"schema":{"@context":"https:\/\/schema.org","@graph":[{"@type":"WebPage","@id":"https:\/\/bien-etreiris.ch\/de\/unsere-marken\/biovegan\/","url":"https:\/\/bien-etreiris.ch\/de\/unsere-marken\/biovegan\/","name":"BIOVEGAN - WOHLBEFINDEN","isPartOf":{"@id":"https:\/\/bien-etreiris.ch\/de\/#website"},"primaryImageOfPage":{"@id":"https:\/\/bien-etreiris.ch\/de\/unsere-marken\/biovegan\/#primaryimage"},"image":{"@id":"https:\/\/bien-etreiris.ch\/de\/unsere-marken\/biovegan\/#primaryimage"},"thumbnailUrl":"https:\/\/bien-etreiris.ch\/wp-content\/uploads\/2021\/05\/BIOVEGAN.jpg","datePublished":"2021-05-19T12:15:21+00:00","dateModified":"2021-08-03T08:17:43+00:00","breadcrumb":{"@id":"https:\/\/bien-etreiris.ch\/de\/unsere-marken\/biovegan\/#breadcrumb"},"inLanguage":"de","potentialAction":[{"@type":"ReadAction","target":["https:\/\/bien-etreiris.ch\/de\/unsere-marken\/biovegan\/"]}]},{"@type":"ImageObject","inLanguage":"de","@id":"https:\/\/bien-etreiris.ch\/de\/unsere-marken\/biovegan\/#primaryimage","url":"https:\/\/bien-etreiris.ch\/wp-content\/uploads\/2021\/05\/BIOVEGAN.jpg","contentUrl":"https:\/\/bien-etreiris.ch\/wp-content\/uploads\/2021\/05\/BIOVEGAN.jpg","width":500,"height":325},{"@type":"BreadcrumbList","@id":"https:\/\/bien-etreiris.ch\/de\/unsere-marken\/biovegan\/#breadcrumb","itemListElement":[{"@type":"ListItem","position":1,"name":"Home","item":"https:\/\/bien-etreiris.ch\/de\/"},{"@type":"ListItem","position":2,"name":"UNSERE MARKEN","item":"https:\/\/bien-etreiris.ch\/de\/unsere-marken\/"},{"@type":"ListItem","position":3,"name":"BIOVEGAN"}]},{"@type":"WebSite","@id":"https:\/\/bien-etreiris.ch\/de\/#website","url":"https:\/\/bien-etreiris.ch\/de\/","name":"Bien-\u00eatre Iris","description":"IHRE Gesundheit ist uns wichtig","potentialAction":[{"@type":"SearchAction","target":{"@type":"EntryPoint","urlTemplate":"https:\/\/bien-etreiris.ch\/de\/?s={search_term_string}"},"query-input":{"@type":"PropertyValueSpecification","valueRequired":true,"valueName":"search_term_string"}}],"inLanguage":"de"}]}},"_links":{"self":[{"href":"https:\/\/bien-etreiris.ch\/de\/wp-json\/wp\/v2\/pages\/45005","targetHints":{"allow":["GET"]}}],"collection":[{"href":"https:\/\/bien-etreiris.ch\/de\/wp-json\/wp\/v2\/pages"}],"about":[{"href":"https:\/\/bien-etreiris.ch\/de\/wp-json\/wp\/v2\/types\/page"}],"author":[{"embeddable":true,"href":"https:\/\/bien-etreiris.ch\/de\/wp-json\/wp\/v2\/users\/1"}],"replies":[{"embeddable":true,"href":"https:\/\/bien-etreiris.ch\/de\/wp-json\/wp\/v2\/comments?post=45005"}],"version-history":[{"count":6,"href":"https:\/\/bien-etreiris.ch\/de\/wp-json\/wp\/v2\/pages\/45005\/revisions"}],"predecessor-version":[{"id":53106,"href":"https:\/\/bien-etreiris.ch\/de\/wp-json\/wp\/v2\/pages\/45005\/revisions\/53106"}],"up":[{"embeddable":true,"href":"https:\/\/bien-etreiris.ch\/de\/wp-json\/wp\/v2\/pages\/44406"}],"wp:featuredmedia":[{"embeddable":true,"href":"https:\/\/bien-etreiris.ch\/de\/wp-json\/wp\/v2\/media\/45002"}],"wp:attachment":[{"href":"https:\/\/bien-etreiris.ch\/de\/wp-json\/wp\/v2\/media?parent=45005"}],"curies":[{"name":"wp","href":"https:\/\/api.w.org\/{rel}","templated":true}]}}