{"id":44986,"date":"2021-05-19T13:53:27","date_gmt":"2021-05-19T11:53:27","guid":{"rendered":"https:\/\/bien-etreiris.ch\/?page_id=44986"},"modified":"2021-06-07T20:11:45","modified_gmt":"2021-06-07T18:11:45","slug":"martina-gerbhardt","status":"publish","type":"page","link":"https:\/\/bien-etreiris.ch\/de\/unsere-marken\/martina-gerbhardt\/","title":{"rendered":"MARTINA GERBHARDT"},"content":{"rendered":"\n<h2>MARTINA GERBHARDT<\/h2>\n<h4>NATURKOSMETIK AUS DEM KLOSTER<\/h4>\n<p>Unsere Betreuung - Ihr Vorteil!<\/p>\n<p>Das umfangreiche MG-Sortiment umfasst eine Reihe von Hautpflegeprodukten, die f\u00fcr fast alle Hauttypen geeignet sind. Au\u00dferdem gibt es beruhigende Elixiere, vegane Seren, n\u00e4hrende Gesichts\u00f6le, plastikfreie Peelings, vitaminreiche Augenpflege und reparierende Masken. Eine interessante Linie f\u00fcr M\u00e4nner, sanfte Babypflege und vegane Zahnpflege runden das Portfolio ab.<\/p>\n<p>F\u00fcr ihr Unternehmen definiert Martina Gebhardt den Begriff Naturkosmetik noch enger, denn alle ihre Produkte stammen aus biologisch-dynamischem Anbau - sind also Demeter-zertifiziert. Was bedeutet das? Demeter arbeitet nach strengen Richtlinien, die auf den Landwirtschaftskurs von Rudolf Steiner aus dem Jahr 1924 zur\u00fcckgehen\", erkl\u00e4rt Martina Gebhardt. \"Die Demeter-Kosmetikrichtlinien gelten als die strengsten Vorschriften der Welt f\u00fcr hochwertige Bio-Produkte.\" Kunden, die sanfte, sehr gut vertr\u00e4gliche und lang anhaltende Pflegeprodukte aus biologisch-dynamischen Demeter-Rohstoffen suchen, sch\u00e4tzen diese Produkte besonders.<\/p>\n<p>&nbsp;<\/p>\n","protected":false},"excerpt":{"rendered":"<p>MARTINA GERBHARDT NATURKOSMETIK AUS DEM KLOSTER Unsere Betreuung - Ihr Vorteil! Das umfangreiche MG-Sortiment umfasst eine Reihe von Hautpflegeprodukten, die f\u00fcr fast alle Hauttypen geeignet sind. Au\u00dferdem gibt es beruhigende Elixiere, vegane Seren, n\u00e4hrende Gesichts\u00f6le, plastikfreie Peelings, vitaminreiche Augenpflege und reparierende Masken. Eine interessante Linie f\u00fcr M\u00e4nner, sanfte Babypflege und vegane Zahnpflege runden das Portfolio ab. F\u00fcr ihr Unternehmen definiert&nbsp;<a href=\"https:\/\/bien-etreiris.ch\/de\/unsere-marken\/martina-gerbhardt\/\" class=\"read-more\">Weiter lesen<\/a><\/p>\n","protected":false},"author":1,"featured_media":44984,"parent":44406,"menu_order":5756,"comment_status":"closed","ping_status":"closed","template":"page-with-child.php","meta":{"_acf_changed":false,"ngg_post_thumbnail":0,"footnotes":""},"class_list":["post-44986","page","type-page","status-publish","has-post-thumbnail","hentry"],"acf":[],"yoast_head":"<!-- This site is optimized with the Yoast SEO plugin v27.5 - https:\/\/yoast.com\/product\/yoast-seo-wordpress\/ -->\n<title>MARTINA GERBHARDT - WOHLBEFINDEN<\/title>\n<meta name=\"robots\" content=\"index, follow, max-snippet:-1, max-image-preview:large, max-video-preview:-1\" \/>\n<link rel=\"canonical\" href=\"https:\/\/bien-etreiris.ch\/de\/unsere-marken\/martina-gerbhardt\/\" \/>\n<meta property=\"og:locale\" content=\"de_DE\" \/>\n<meta property=\"og:type\" content=\"article\" \/>\n<meta property=\"og:title\" content=\"MARTINA GERBHARDT - WOHLBEFINDEN\" \/>\n<meta property=\"og:description\" content=\"MARTINA GERBHARDT NATURKOSMETIK AUS DEM KLOSTER Unsere Betreuung - Ihr Vorteil! Das umfangreiche MG-Sortiment umfasst eine Reihe von Hautpflegeprodukten, die f\u00fcr fast alle Hauttypen geeignet sind. Au\u00dferdem gibt es beruhigende Elixiere, vegane Seren, n\u00e4hrende Gesichts\u00f6le, plastikfreie Peelings, vitaminreiche Augenpflege und reparierende Masken. Eine interessante Linie f\u00fcr M\u00e4nner, sanfte Babypflege und vegane Zahnpflege runden das Portfolio ab. F\u00fcr ihr Unternehmen definiert&nbsp;Weiter lesen\" \/>\n<meta property=\"og:url\" content=\"https:\/\/bien-etreiris.ch\/de\/unsere-marken\/martina-gerbhardt\/\" \/>\n<meta property=\"og:site_name\" content=\"WOHLBEFINDEN\" \/>\n<meta property=\"article:publisher\" content=\"https:\/\/www.facebook.com\/bienetreiris\/\" \/>\n<meta property=\"article:modified_time\" content=\"2021-06-07T18:11:45+00:00\" \/>\n<meta property=\"og:image\" content=\"https:\/\/bien-etreiris.ch\/wp-content\/uploads\/2021\/05\/Martina-Gebhardt.jpg\" \/>\n\t<meta property=\"og:image:width\" content=\"500\" \/>\n\t<meta property=\"og:image:height\" content=\"325\" \/>\n\t<meta property=\"og:image:type\" content=\"image\/jpeg\" \/>\n<meta name=\"twitter:label1\" content=\"Gesch\u00e4tzte Lesezeit\" \/>\n\t<meta name=\"twitter:data1\" content=\"1\u00a0Minute\" \/>\n<script type=\"application\/ld+json\" class=\"yoast-schema-graph\">{\"@context\":\"https:\\\/\\\/schema.org\",\"@graph\":[{\"@type\":\"WebPage\",\"@id\":\"https:\\\/\\\/bien-etreiris.ch\\\/de\\\/unsere-marken\\\/martina-gerbhardt\\\/\",\"url\":\"https:\\\/\\\/bien-etreiris.ch\\\/de\\\/unsere-marken\\\/martina-gerbhardt\\\/\",\"name\":\"MARTINA GERBHARDT - WOHLBEFINDEN\",\"isPartOf\":{\"@id\":\"https:\\\/\\\/bien-etreiris.ch\\\/de\\\/#website\"},\"primaryImageOfPage\":{\"@id\":\"https:\\\/\\\/bien-etreiris.ch\\\/de\\\/unsere-marken\\\/martina-gerbhardt\\\/#primaryimage\"},\"image\":{\"@id\":\"https:\\\/\\\/bien-etreiris.ch\\\/de\\\/unsere-marken\\\/martina-gerbhardt\\\/#primaryimage\"},\"thumbnailUrl\":\"https:\\\/\\\/bien-etreiris.ch\\\/wp-content\\\/uploads\\\/2021\\\/05\\\/Martina-Gebhardt.jpg\",\"datePublished\":\"2021-05-19T11:53:27+00:00\",\"dateModified\":\"2021-06-07T18:11:45+00:00\",\"breadcrumb\":{\"@id\":\"https:\\\/\\\/bien-etreiris.ch\\\/de\\\/unsere-marken\\\/martina-gerbhardt\\\/#breadcrumb\"},\"inLanguage\":\"de\",\"potentialAction\":[{\"@type\":\"ReadAction\",\"target\":[\"https:\\\/\\\/bien-etreiris.ch\\\/de\\\/unsere-marken\\\/martina-gerbhardt\\\/\"]}]},{\"@type\":\"ImageObject\",\"inLanguage\":\"de\",\"@id\":\"https:\\\/\\\/bien-etreiris.ch\\\/de\\\/unsere-marken\\\/martina-gerbhardt\\\/#primaryimage\",\"url\":\"https:\\\/\\\/bien-etreiris.ch\\\/wp-content\\\/uploads\\\/2021\\\/05\\\/Martina-Gebhardt.jpg\",\"contentUrl\":\"https:\\\/\\\/bien-etreiris.ch\\\/wp-content\\\/uploads\\\/2021\\\/05\\\/Martina-Gebhardt.jpg\",\"width\":500,\"height\":325},{\"@type\":\"BreadcrumbList\",\"@id\":\"https:\\\/\\\/bien-etreiris.ch\\\/de\\\/unsere-marken\\\/martina-gerbhardt\\\/#breadcrumb\",\"itemListElement\":[{\"@type\":\"ListItem\",\"position\":1,\"name\":\"Home\",\"item\":\"https:\\\/\\\/bien-etreiris.ch\\\/de\\\/\"},{\"@type\":\"ListItem\",\"position\":2,\"name\":\"UNSERE MARKEN\",\"item\":\"https:\\\/\\\/bien-etreiris.ch\\\/de\\\/unsere-marken\\\/\"},{\"@type\":\"ListItem\",\"position\":3,\"name\":\"MARTINA GERBHARDT\"}]},{\"@type\":\"WebSite\",\"@id\":\"https:\\\/\\\/bien-etreiris.ch\\\/de\\\/#website\",\"url\":\"https:\\\/\\\/bien-etreiris.ch\\\/de\\\/\",\"name\":\"Bien-\u00eatre Iris\",\"description\":\"IHRE Gesundheit ist uns wichtig\",\"potentialAction\":[{\"@type\":\"SearchAction\",\"target\":{\"@type\":\"EntryPoint\",\"urlTemplate\":\"https:\\\/\\\/bien-etreiris.ch\\\/de\\\/?s={search_term_string}\"},\"query-input\":{\"@type\":\"PropertyValueSpecification\",\"valueRequired\":true,\"valueName\":\"search_term_string\"}}],\"inLanguage\":\"de\"}]}<\/script>\n<!-- \/ Yoast SEO plugin. -->","yoast_head_json":{"title":"MARTINA GERBHARDT - WOHLBEFINDEN","robots":{"index":"index","follow":"follow","max-snippet":"max-snippet:-1","max-image-preview":"max-image-preview:large","max-video-preview":"max-video-preview:-1"},"canonical":"https:\/\/bien-etreiris.ch\/de\/unsere-marken\/martina-gerbhardt\/","og_locale":"de_DE","og_type":"article","og_title":"MARTINA GERBHARDT - WOHLBEFINDEN","og_description":"MARTINA GERBHARDT NATURKOSMETIK AUS DEM KLOSTER Unsere Betreuung - Ihr Vorteil! Das umfangreiche MG-Sortiment umfasst eine Reihe von Hautpflegeprodukten, die f\u00fcr fast alle Hauttypen geeignet sind. Au\u00dferdem gibt es beruhigende Elixiere, vegane Seren, n\u00e4hrende Gesichts\u00f6le, plastikfreie Peelings, vitaminreiche Augenpflege und reparierende Masken. Eine interessante Linie f\u00fcr M\u00e4nner, sanfte Babypflege und vegane Zahnpflege runden das Portfolio ab. F\u00fcr ihr Unternehmen definiert&nbsp;Weiter lesen","og_url":"https:\/\/bien-etreiris.ch\/de\/unsere-marken\/martina-gerbhardt\/","og_site_name":"WOHLBEFINDEN","article_publisher":"https:\/\/www.facebook.com\/bienetreiris\/","article_modified_time":"2021-06-07T18:11:45+00:00","og_image":[{"width":500,"height":325,"url":"https:\/\/bien-etreiris.ch\/wp-content\/uploads\/2021\/05\/Martina-Gebhardt.jpg","type":"image\/jpeg"}],"twitter_misc":{"Gesch\u00e4tzte Lesezeit":"1\u00a0Minute"},"schema":{"@context":"https:\/\/schema.org","@graph":[{"@type":"WebPage","@id":"https:\/\/bien-etreiris.ch\/de\/unsere-marken\/martina-gerbhardt\/","url":"https:\/\/bien-etreiris.ch\/de\/unsere-marken\/martina-gerbhardt\/","name":"MARTINA GERBHARDT - WOHLBEFINDEN","isPartOf":{"@id":"https:\/\/bien-etreiris.ch\/de\/#website"},"primaryImageOfPage":{"@id":"https:\/\/bien-etreiris.ch\/de\/unsere-marken\/martina-gerbhardt\/#primaryimage"},"image":{"@id":"https:\/\/bien-etreiris.ch\/de\/unsere-marken\/martina-gerbhardt\/#primaryimage"},"thumbnailUrl":"https:\/\/bien-etreiris.ch\/wp-content\/uploads\/2021\/05\/Martina-Gebhardt.jpg","datePublished":"2021-05-19T11:53:27+00:00","dateModified":"2021-06-07T18:11:45+00:00","breadcrumb":{"@id":"https:\/\/bien-etreiris.ch\/de\/unsere-marken\/martina-gerbhardt\/#breadcrumb"},"inLanguage":"de","potentialAction":[{"@type":"ReadAction","target":["https:\/\/bien-etreiris.ch\/de\/unsere-marken\/martina-gerbhardt\/"]}]},{"@type":"ImageObject","inLanguage":"de","@id":"https:\/\/bien-etreiris.ch\/de\/unsere-marken\/martina-gerbhardt\/#primaryimage","url":"https:\/\/bien-etreiris.ch\/wp-content\/uploads\/2021\/05\/Martina-Gebhardt.jpg","contentUrl":"https:\/\/bien-etreiris.ch\/wp-content\/uploads\/2021\/05\/Martina-Gebhardt.jpg","width":500,"height":325},{"@type":"BreadcrumbList","@id":"https:\/\/bien-etreiris.ch\/de\/unsere-marken\/martina-gerbhardt\/#breadcrumb","itemListElement":[{"@type":"ListItem","position":1,"name":"Home","item":"https:\/\/bien-etreiris.ch\/de\/"},{"@type":"ListItem","position":2,"name":"UNSERE MARKEN","item":"https:\/\/bien-etreiris.ch\/de\/unsere-marken\/"},{"@type":"ListItem","position":3,"name":"MARTINA GERBHARDT"}]},{"@type":"WebSite","@id":"https:\/\/bien-etreiris.ch\/de\/#website","url":"https:\/\/bien-etreiris.ch\/de\/","name":"Bien-\u00eatre Iris","description":"IHRE Gesundheit ist uns wichtig","potentialAction":[{"@type":"SearchAction","target":{"@type":"EntryPoint","urlTemplate":"https:\/\/bien-etreiris.ch\/de\/?s={search_term_string}"},"query-input":{"@type":"PropertyValueSpecification","valueRequired":true,"valueName":"search_term_string"}}],"inLanguage":"de"}]}},"_links":{"self":[{"href":"https:\/\/bien-etreiris.ch\/de\/wp-json\/wp\/v2\/pages\/44986","targetHints":{"allow":["GET"]}}],"collection":[{"href":"https:\/\/bien-etreiris.ch\/de\/wp-json\/wp\/v2\/pages"}],"about":[{"href":"https:\/\/bien-etreiris.ch\/de\/wp-json\/wp\/v2\/types\/page"}],"author":[{"embeddable":true,"href":"https:\/\/bien-etreiris.ch\/de\/wp-json\/wp\/v2\/users\/1"}],"replies":[{"embeddable":true,"href":"https:\/\/bien-etreiris.ch\/de\/wp-json\/wp\/v2\/comments?post=44986"}],"version-history":[{"count":3,"href":"https:\/\/bien-etreiris.ch\/de\/wp-json\/wp\/v2\/pages\/44986\/revisions"}],"predecessor-version":[{"id":49984,"href":"https:\/\/bien-etreiris.ch\/de\/wp-json\/wp\/v2\/pages\/44986\/revisions\/49984"}],"up":[{"embeddable":true,"href":"https:\/\/bien-etreiris.ch\/de\/wp-json\/wp\/v2\/pages\/44406"}],"wp:featuredmedia":[{"embeddable":true,"href":"https:\/\/bien-etreiris.ch\/de\/wp-json\/wp\/v2\/media\/44984"}],"wp:attachment":[{"href":"https:\/\/bien-etreiris.ch\/de\/wp-json\/wp\/v2\/media?parent=44986"}],"curies":[{"name":"wp","href":"https:\/\/api.w.org\/{rel}","templated":true}]}}