{"id":44957,"date":"2021-05-19T13:20:43","date_gmt":"2021-05-19T11:20:43","guid":{"rendered":"https:\/\/bien-etreiris.ch\/?page_id=44957"},"modified":"2026-03-12T02:22:33","modified_gmt":"2026-03-12T00:22:33","slug":"naturkraftwerke","status":"publish","type":"page","link":"https:\/\/bien-etreiris.ch\/de\/unsere-marken\/naturkraftwerke\/","title":{"rendered":"NATURKRAFTWERKE"},"content":{"rendered":"\n\n\n<h2 class=\"wp-block-heading\">NaturKraftWerke<\/h2>\n\n\n\n<p>NaturKraftWerke<\/p>\n\n\n\n<p>ist ein kleines Schweizer Unternehmen, das qualitativ hochwertige biologische und biodynamische (Demeter) Produkte verarbeitet und herstellt. Die Lebensmittel, Naturprodukte und 100% nat\u00fcrlichen Nahrungserg\u00e4nzungsmittel sind Teil der Idee einer nat\u00fcrlichen und ganzheitlichen Lebensweise.<\/p>\n\n\n\n<p>Firmengr\u00fcnder Antonius Conte ist mit einem engagierten Team seit Jahren weltweit und in der Nachbarschaft auf der Suche nach den besten Ressourcen und Rohstoffen f\u00fcr seine Ideen. Er arbeitet lokal und regional mit einem Netzwerk von Bio-Bauern und -Kollektiven. Aus diesen freundschaftlichen Kooperationen entstehen unverwechselbare Produkte. \u00d6kologische und biologisch-dynamische Landwirtschaft (Demeter) ist ein Dienst an der Erde und eine Weiterentwicklung der Natur als Lebensgrundlage. Die Projekte und Produkte der NaturKraftWerke\u00ae basieren auf diesen Grunds\u00e4tzen.<\/p>\n<p>&nbsp;<\/p>\n\n\n\n<figure class=\"wp-block-image is-resized\"><a href=\"https:\/\/bien-etreiris.ch\/wp-content\/uploads\/2021\/05\/Naturkraftwerke-1.jpg\"><img loading=\"lazy\" decoding=\"async\" width=\"1854\" height=\"571\" src=\"https:\/\/bien-etreiris.ch\/wp-content\/uploads\/2021\/05\/Naturkraftwerke-1.jpg\" alt=\"\" class=\"wp-image-45067\" style=\"width:624px;height:auto\" srcset=\"https:\/\/bien-etreiris.ch\/wp-content\/uploads\/2021\/05\/Naturkraftwerke-1.jpg 1854w, https:\/\/bien-etreiris.ch\/wp-content\/uploads\/2021\/05\/Naturkraftwerke-1-300x92.jpg 300w, https:\/\/bien-etreiris.ch\/wp-content\/uploads\/2021\/05\/Naturkraftwerke-1-1024x315.jpg 1024w, https:\/\/bien-etreiris.ch\/wp-content\/uploads\/2021\/05\/Naturkraftwerke-1-768x237.jpg 768w, https:\/\/bien-etreiris.ch\/wp-content\/uploads\/2021\/05\/Naturkraftwerke-1-1536x473.jpg 1536w\" sizes=\"auto, (max-width: 1854px) 100vw, 1854px\" \/><\/a><\/figure>\n\n\n\n<p><\/p>\n\n\n\n<p>Weitere Informationen zu den betroffenen Produkten finden Sie auf der Seite von<a href=\"https:\/\/unternehmen.naturkraftwerke.com\/\" target=\"_blank\" rel=\"noopener\">Naturkraftwerk<\/a><\/p>\n\n\n\n<p>&nbsp;<\/p>\n<p>&nbsp;<\/p>\n\n\n\n<h4 class=\"wp-block-heading\">Diese Produkte sind in unserem Laden vorr\u00e4tig \u2193<\/h4>\n\n\n\n<p>&nbsp;<\/p>\n<p>&nbsp;<\/p>\n\n\n<h2>ALOE VERA (fluid)<\/h2>\n<p>&nbsp;<\/p>\n<h2><a href=\"https:\/\/bien-etreiris.ch\/presentations-des-produits\/vie-saine\/aliments-sains\/super-aliments\/algues\/\" target=\"_blank\" rel=\"noopener\">ALGUES<\/a><\/h2>\n<p>&nbsp; &nbsp; &nbsp; &nbsp; &nbsp; &nbsp; &nbsp; &nbsp; &nbsp;<a href=\"https:\/\/bien-etreiris.ch\/presentations-des-produits\/vie-saine\/aliments-sains\/super-aliments\/algues\/\" target=\"_blank\" rel=\"noopener\"> &nbsp;DULSE<\/a><\/p>\n<p>&nbsp; &nbsp; &nbsp; &nbsp; &nbsp; &nbsp; &nbsp; &nbsp; &nbsp; &nbsp;<a href=\"https:\/\/bien-etreiris.ch\/presentations-des-produits\/vie-saine\/aliments-sains\/super-aliments\/algues\/\" target=\"_blank\" rel=\"noopener\">LAITUE DE MER<\/a><\/p>\n<p>&nbsp; &nbsp; &nbsp; &nbsp; &nbsp; &nbsp; &nbsp; &nbsp; &nbsp; &nbsp;<a href=\"https:\/\/bien-etreiris.ch\/presentations-des-produits\/vie-saine\/aliments-sains\/super-aliments\/algues\/\" target=\"_blank\" rel=\"noopener\">WAKAME<\/a><\/p>\n<p>&nbsp;<\/p>\n<h2><a href=\"https:\/\/bien-etreiris.ch\/de\/produktpraesentation\/natuerliche-kosmetik\/gesicht-koerper\/balsame-und-gels\/gel-aus-aloe-vera\/\" target=\"_blank\" rel=\"noopener\">ALOE VERA (GEL)<\/a><\/h2>\n<p>&nbsp;<\/p>\n<h2><a href=\"https:\/\/bien-etreiris.ch\/de\/produktpraesentation\/natuerliche-kosmetik\/gesicht-koerper\/balsame-und-gels\/gel-aus-aloe-vera\/\" target=\"_blank\" rel=\"noopener\">ALOE 10 +<\/a><\/h2>\n\n\n\n\n<h2 class=\"wp-block-heading\">CAFE D\u2018\u00c9PEAUTRE<\/h2>\n\n\n\n<p>&nbsp;<\/p>\n\n\n\n<h2 class=\"wp-block-heading\">CAFE DE RACINE DE PISSENLIT<\/h2>\n\n\n\n<p>&nbsp;<\/p>\n\n\n<h2><a href=\"https:\/\/bien-etreiris.ch\/de\/produktpraesentation\/entspannen\/badezusaetze\/fleurs-de-foin\/\" target=\"_blank\" rel=\"noopener\">BAIN \u00c0 LA FLEUR DE FOIN<\/a><\/h2>\n\n\n<p>&nbsp;<\/p>\n\n\n\n<h2 class=\"wp-block-heading\">GATTILIER (g\u00e9lules)<\/h2>\n\n\n\n<p>&nbsp;<\/p>\n\n\n\n<h2 class=\"wp-block-heading\">GINSENG (g\u00e9lules)<\/h2>\n\n\n\n<p>&nbsp;<\/p>\n\n\n\n<h2 class=\"wp-block-heading\"><a href=\"https:\/\/bien-etreiris.ch\/de\/produktpraesentation\/gesundes-leben\/gesunde-lebensmittel\/superfoods\/keimen\/keimsaaten\/moringasamen\/\" target=\"_blank\" rel=\"noopener\">GRAINES DE MORINGA<\/a><\/h2>\n\n\n\n<p>&nbsp;<\/p>\n\n\n\n<h2 class=\"wp-block-heading\"><a href=\"https:\/\/bien-etreiris.ch\/de\/produktpraesentation\/gesundes-leben\/nahrungsergaenzungsmittel\/phytamine\/grapefruitextrakt\/\">EXTRAIT DE PAMPLEMOUSSE&nbsp;<\/a><\/h2>\n\n\n\n<p>&nbsp;<\/p>\n\n\n\n<h2 class=\"wp-block-heading\">FEUILLES DE CURRY ( poudre)<\/h2>\n\n\n\n<p>&nbsp;<\/p>\n\n\n\n<h2 class=\"wp-block-heading\"><a href=\"https:\/\/bien-etreiris.ch\/de\/produktpraesentation\/gesundes-leben\/gesunde-lebensmittel\/zutaten-wohlbefinden\/pflanzliche-speiseoele\/huile-damande\/\" target=\"_blank\" rel=\"noopener\">HUILE D'AMANDE<\/a><\/h2>\n\n\n\n<h2 class=\"wp-block-heading\">&nbsp;<\/h2>\n\n\n\n<h2 class=\"wp-block-heading\"><a href=\"https:\/\/bien-etreiris.ch\/de\/produktpraesentation\/gesundes-leben\/gesunde-lebensmittel\/zutaten-wohlbefinden\/pflanzliche-speiseoele\/sanddornoel\/\" target=\"_blank\" rel=\"noopener\">HUILE D'ARGOUSIER<\/a><\/h2>\n\n\n\n<p>&nbsp;<\/p>\n\n\n\n<h2 class=\"wp-block-heading\"><a style=\"font-size: revert; font-weight: revert;\" href=\"https:\/\/bien-etreiris.ch\/de\/produktpraesentation\/gesundes-leben\/gesunde-lebensmittel\/zutaten-wohlbefinden\/pflanzliche-speiseoele\/huile-de-cameline\/\" target=\"_blank\" rel=\"noopener\">HUILE CAMELINE<\/a><\/h2>\n\n\n\n<p>&nbsp;<\/p>\n\n\n\n<h2 class=\"wp-block-heading\">HUILE DE CHARDON MARIE<\/h2>\n\n\n\n<p>&nbsp;<\/p>\n\n\n\n<h2 class=\"wp-block-heading\"><a href=\"https:\/\/bien-etreiris.ch\/de\/produktpraesentation\/gesundes-leben\/gesunde-lebensmittel\/zutaten-wohlbefinden\/pflanzliche-speiseoele\/schwarzkuemmeloel\/\" target=\"_blank\" rel=\"noopener\">HUILE DE CUMIN NOIR<\/a><\/h2>\n\n\n\n<p>&nbsp;<\/p>\n\n\n\n<h2 class=\"wp-block-heading\">HUILE DE GRAINES DE BARDANE<\/h2>\n\n\n\n<p>&nbsp;<\/p>\n\n\n\n<h2 class=\"wp-block-heading\"><a href=\"https:\/\/bien-etreiris.ch\/de\/produktpraesentation\/gesundes-leben\/gesunde-lebensmittel\/zutaten-wohlbefinden\/pflanzliche-speiseoele\/coriandre\/\" target=\"_blank\" rel=\"noopener\">HUILE DE GRAINES DE CORIANDRE<\/a><\/h2>\n\n\n\n<p>&nbsp;<\/p>\n\n\n\n<h2 class=\"wp-block-heading\">HUILE DE GRAINES DE COURGE<\/h2>\n\n\n\n<p>&nbsp;<\/p>\n\n\n\n<h2 class=\"wp-block-heading\"><a href=\"https:\/\/bien-etreiris.ch\/de\/produktpraesentation\/gesundes-leben\/gesunde-lebensmittel\/zutaten-wohlbefinden\/pflanzliche-speiseoele\/hagebuttenkernoel\/\" target=\"_blank\" rel=\"noopener\">HUILE DE GRAINES DE L'EGLANTIER<\/a><\/h2>\n\n\n\n<h2 class=\"wp-block-heading\">&nbsp;<\/h2>\n\n\n\n<h2 class=\"wp-block-heading\">HUILE DE LIN<\/h2>\n\n\n\n<p>&nbsp;<\/p>\n\n\n\n<h2 class=\"wp-block-heading\">HUILE DE MORINGA<\/h2>\n\n\n\n<p>&nbsp;<\/p>\n\n\n\n<h2 class=\"wp-block-heading\">HUILE DE NOISETTES<\/h2>\n\n\n\n<p>&nbsp;<\/p>\n\n\n\n<h2 class=\"wp-block-heading\">HUILE DE P\u00c9PINS DE RAISINS<\/h2>\n\n\n\n<p>&nbsp;<\/p>\n\n\n\n<h2 class=\"wp-block-heading\"><a href=\"https:\/\/bien-etreiris.ch\/de\/beluga-linsen\/\" target=\"_blank\" rel=\"noopener\">LENTILLES BELUGA<\/a><\/h2>\n\n\n\n<p>&nbsp;<\/p>\n\n\n\n<h2 class=\"wp-block-heading\">PEPINS DE RAISINS (poudre)<\/h2>\n\n\n\n<p>&nbsp;<\/p>\n\n\n\n<h2 class=\"wp-block-heading\">PROT\u00c9INE DE CHANVRE + B12 (poudre)<\/h2>\n\n\n\n<p>&nbsp;<\/p>\n\n\n\n<h2 class=\"wp-block-heading\">PRUNES D\u2018UME (p\u00e2te et enti\u00e8re)<\/h2>\n\n\n\n<p>&nbsp;<\/p>\n\n\n<h2><a href=\"https:\/\/bien-etreiris.ch\/de\/produktpraesentation\/gesundes-leben\/nahrungsergaenzungsmittel\/pflanzenheilkunde-gleichgewicht-durch-heilpflanzen\/tees\/dunkle-tees-gealterter-tee\/pu-erh\/\" target=\"_blank\" rel=\"noopener\">PU-ERH<\/a><\/h2>\n\n\n\n<h2><a href=\"https:\/\/bien-etreiris.ch\/de\/produktpraesentation\/gesundes-leben\/nahrungsergaenzungsmittel\/phytamine\/quercetine\/\" target=\"_blank\" rel=\"noopener\">QUERCENTINE<\/a><\/h2>\n<p>&nbsp;<\/p>\n\n\n<h2 class=\"wp-block-heading\">RAIFORT (poudre)<\/h2>\n\n\n\n<p>&nbsp;<\/p>\n\n\n\n<h2 class=\"wp-block-heading\">SAVON CUMIN NOIR<\/h2>\n\n\n\n<p>&nbsp;<\/p>\n\n\n\n<h2 class=\"wp-block-heading\">SEVE DE BOULEAU<\/h2>\n\n\n\n<p>&nbsp;<\/p>\n\n\n\n<h2 class=\"wp-block-heading\">SHATAVARI (g\u00e9lules)<\/h2>\n\n\n\n<p>&nbsp;<\/p>\n\n\n\n<h2 class=\"wp-block-heading\"><a href=\"https:\/\/bien-etreiris.ch\/presentations-des-produits\/vie-saine\/aliments-sains\/ingredients-bien-etre\/sucreries-sains\/sirop-de-sucre\/sirop-de-dattes\/\" target=\"_blank\" rel=\"noopener\">SIROP DE DATTES<\/a><\/h2>\n\n\n\n<p>&nbsp; &nbsp; &nbsp; &nbsp; &nbsp; &nbsp; &nbsp; &nbsp; &nbsp; &nbsp; &nbsp; &nbsp; &nbsp; &nbsp; &nbsp; &nbsp; &nbsp; &nbsp; &nbsp; &nbsp; &nbsp; &nbsp; &nbsp;<\/p>\n","protected":false},"excerpt":{"rendered":"<p>NaturKraftWerke NaturKraftWerke ist ein kleines Schweizer Unternehmen, das qualitativ hochwertige biologische und biodynamische (Demeter) Produkte verarbeitet und herstellt. Die Lebensmittel, Naturprodukte und 100% nat\u00fcrlichen Nahrungserg\u00e4nzungsmittel sind Teil der Idee einer nat\u00fcrlichen und ganzheitlichen Lebensweise. Firmengr\u00fcnder Antonius Conte ist mit einem engagierten Team seit Jahren weltweit und in der Nachbarschaft auf der Suche nach den besten Ressourcen und Rohstoffen f\u00fcr seine&nbsp;<a href=\"https:\/\/bien-etreiris.ch\/de\/unsere-marken\/naturkraftwerke\/\" class=\"read-more\">Weiter lesen<\/a><\/p>\n","protected":false},"author":1,"featured_media":44955,"parent":44406,"menu_order":5765,"comment_status":"closed","ping_status":"closed","template":"page-with-child.php","meta":{"_acf_changed":false,"ngg_post_thumbnail":0,"footnotes":""},"class_list":["post-44957","page","type-page","status-publish","has-post-thumbnail","hentry"],"acf":[],"yoast_head":"<!-- This site is optimized with the Yoast SEO plugin v27.6 - https:\/\/yoast.com\/product\/yoast-seo-wordpress\/ -->\n<title>NATURKRAFTWERKE - WOHLBEFINDEN<\/title>\n<meta name=\"robots\" content=\"index, follow, max-snippet:-1, max-image-preview:large, max-video-preview:-1\" \/>\n<link rel=\"canonical\" href=\"https:\/\/bien-etreiris.ch\/de\/unsere-marken\/naturkraftwerke\/\" \/>\n<meta property=\"og:locale\" content=\"de_DE\" \/>\n<meta property=\"og:type\" content=\"article\" \/>\n<meta property=\"og:title\" content=\"NATURKRAFTWERKE - WOHLBEFINDEN\" \/>\n<meta property=\"og:description\" content=\"NaturKraftWerke NaturKraftWerke ist ein kleines Schweizer Unternehmen, das qualitativ hochwertige biologische und biodynamische (Demeter) Produkte verarbeitet und herstellt. Die Lebensmittel, Naturprodukte und 100% nat\u00fcrlichen Nahrungserg\u00e4nzungsmittel sind Teil der Idee einer nat\u00fcrlichen und ganzheitlichen Lebensweise. Firmengr\u00fcnder Antonius Conte ist mit einem engagierten Team seit Jahren weltweit und in der Nachbarschaft auf der Suche nach den besten Ressourcen und Rohstoffen f\u00fcr seine&nbsp;Weiter lesen\" \/>\n<meta property=\"og:url\" content=\"https:\/\/bien-etreiris.ch\/de\/unsere-marken\/naturkraftwerke\/\" \/>\n<meta property=\"og:site_name\" content=\"WOHLBEFINDEN\" \/>\n<meta property=\"article:publisher\" content=\"https:\/\/www.facebook.com\/bienetreiris\/\" \/>\n<meta property=\"article:modified_time\" content=\"2026-03-12T00:22:33+00:00\" \/>\n<meta property=\"og:image\" content=\"https:\/\/bien-etreiris.ch\/wp-content\/uploads\/2021\/05\/Naturkraftwerke.png\" \/>\n\t<meta property=\"og:image:width\" content=\"500\" \/>\n\t<meta property=\"og:image:height\" content=\"390\" \/>\n\t<meta property=\"og:image:type\" content=\"image\/png\" \/>\n<meta name=\"twitter:label1\" content=\"Gesch\u00e4tzte Lesezeit\" \/>\n\t<meta name=\"twitter:data1\" content=\"2\u00a0Minuten\" \/>\n<script type=\"application\/ld+json\" class=\"yoast-schema-graph\">{\"@context\":\"https:\\\/\\\/schema.org\",\"@graph\":[{\"@type\":\"WebPage\",\"@id\":\"https:\\\/\\\/bien-etreiris.ch\\\/de\\\/unsere-marken\\\/naturkraftwerke\\\/\",\"url\":\"https:\\\/\\\/bien-etreiris.ch\\\/de\\\/unsere-marken\\\/naturkraftwerke\\\/\",\"name\":\"NATURKRAFTWERKE - WOHLBEFINDEN\",\"isPartOf\":{\"@id\":\"https:\\\/\\\/bien-etreiris.ch\\\/de\\\/#website\"},\"primaryImageOfPage\":{\"@id\":\"https:\\\/\\\/bien-etreiris.ch\\\/de\\\/unsere-marken\\\/naturkraftwerke\\\/#primaryimage\"},\"image\":{\"@id\":\"https:\\\/\\\/bien-etreiris.ch\\\/de\\\/unsere-marken\\\/naturkraftwerke\\\/#primaryimage\"},\"thumbnailUrl\":\"https:\\\/\\\/bien-etreiris.ch\\\/wp-content\\\/uploads\\\/2021\\\/05\\\/Naturkraftwerke.png\",\"datePublished\":\"2021-05-19T11:20:43+00:00\",\"dateModified\":\"2026-03-12T00:22:33+00:00\",\"breadcrumb\":{\"@id\":\"https:\\\/\\\/bien-etreiris.ch\\\/de\\\/unsere-marken\\\/naturkraftwerke\\\/#breadcrumb\"},\"inLanguage\":\"de\",\"potentialAction\":[{\"@type\":\"ReadAction\",\"target\":[\"https:\\\/\\\/bien-etreiris.ch\\\/de\\\/unsere-marken\\\/naturkraftwerke\\\/\"]}]},{\"@type\":\"ImageObject\",\"inLanguage\":\"de\",\"@id\":\"https:\\\/\\\/bien-etreiris.ch\\\/de\\\/unsere-marken\\\/naturkraftwerke\\\/#primaryimage\",\"url\":\"https:\\\/\\\/bien-etreiris.ch\\\/wp-content\\\/uploads\\\/2021\\\/05\\\/Naturkraftwerke.png\",\"contentUrl\":\"https:\\\/\\\/bien-etreiris.ch\\\/wp-content\\\/uploads\\\/2021\\\/05\\\/Naturkraftwerke.png\",\"width\":500,\"height\":390},{\"@type\":\"BreadcrumbList\",\"@id\":\"https:\\\/\\\/bien-etreiris.ch\\\/de\\\/unsere-marken\\\/naturkraftwerke\\\/#breadcrumb\",\"itemListElement\":[{\"@type\":\"ListItem\",\"position\":1,\"name\":\"Home\",\"item\":\"https:\\\/\\\/bien-etreiris.ch\\\/de\\\/\"},{\"@type\":\"ListItem\",\"position\":2,\"name\":\"UNSERE MARKEN\",\"item\":\"https:\\\/\\\/bien-etreiris.ch\\\/de\\\/unsere-marken\\\/\"},{\"@type\":\"ListItem\",\"position\":3,\"name\":\"NATURKRAFTWERKE\"}]},{\"@type\":\"WebSite\",\"@id\":\"https:\\\/\\\/bien-etreiris.ch\\\/de\\\/#website\",\"url\":\"https:\\\/\\\/bien-etreiris.ch\\\/de\\\/\",\"name\":\"Bien-\u00eatre Iris\",\"description\":\"IHRE Gesundheit ist uns wichtig\",\"potentialAction\":[{\"@type\":\"SearchAction\",\"target\":{\"@type\":\"EntryPoint\",\"urlTemplate\":\"https:\\\/\\\/bien-etreiris.ch\\\/de\\\/?s={search_term_string}\"},\"query-input\":{\"@type\":\"PropertyValueSpecification\",\"valueRequired\":true,\"valueName\":\"search_term_string\"}}],\"inLanguage\":\"de\"}]}<\/script>\n<!-- \/ Yoast SEO plugin. -->","yoast_head_json":{"title":"NATURKRAFTWERKE - WOHLBEFINDEN","robots":{"index":"index","follow":"follow","max-snippet":"max-snippet:-1","max-image-preview":"max-image-preview:large","max-video-preview":"max-video-preview:-1"},"canonical":"https:\/\/bien-etreiris.ch\/de\/unsere-marken\/naturkraftwerke\/","og_locale":"de_DE","og_type":"article","og_title":"NATURKRAFTWERKE - WOHLBEFINDEN","og_description":"NaturKraftWerke NaturKraftWerke ist ein kleines Schweizer Unternehmen, das qualitativ hochwertige biologische und biodynamische (Demeter) Produkte verarbeitet und herstellt. Die Lebensmittel, Naturprodukte und 100% nat\u00fcrlichen Nahrungserg\u00e4nzungsmittel sind Teil der Idee einer nat\u00fcrlichen und ganzheitlichen Lebensweise. Firmengr\u00fcnder Antonius Conte ist mit einem engagierten Team seit Jahren weltweit und in der Nachbarschaft auf der Suche nach den besten Ressourcen und Rohstoffen f\u00fcr seine&nbsp;Weiter lesen","og_url":"https:\/\/bien-etreiris.ch\/de\/unsere-marken\/naturkraftwerke\/","og_site_name":"WOHLBEFINDEN","article_publisher":"https:\/\/www.facebook.com\/bienetreiris\/","article_modified_time":"2026-03-12T00:22:33+00:00","og_image":[{"width":500,"height":390,"url":"https:\/\/bien-etreiris.ch\/wp-content\/uploads\/2021\/05\/Naturkraftwerke.png","type":"image\/png"}],"twitter_misc":{"Gesch\u00e4tzte Lesezeit":"2\u00a0Minuten"},"schema":{"@context":"https:\/\/schema.org","@graph":[{"@type":"WebPage","@id":"https:\/\/bien-etreiris.ch\/de\/unsere-marken\/naturkraftwerke\/","url":"https:\/\/bien-etreiris.ch\/de\/unsere-marken\/naturkraftwerke\/","name":"NATURKRAFTWERKE - WOHLBEFINDEN","isPartOf":{"@id":"https:\/\/bien-etreiris.ch\/de\/#website"},"primaryImageOfPage":{"@id":"https:\/\/bien-etreiris.ch\/de\/unsere-marken\/naturkraftwerke\/#primaryimage"},"image":{"@id":"https:\/\/bien-etreiris.ch\/de\/unsere-marken\/naturkraftwerke\/#primaryimage"},"thumbnailUrl":"https:\/\/bien-etreiris.ch\/wp-content\/uploads\/2021\/05\/Naturkraftwerke.png","datePublished":"2021-05-19T11:20:43+00:00","dateModified":"2026-03-12T00:22:33+00:00","breadcrumb":{"@id":"https:\/\/bien-etreiris.ch\/de\/unsere-marken\/naturkraftwerke\/#breadcrumb"},"inLanguage":"de","potentialAction":[{"@type":"ReadAction","target":["https:\/\/bien-etreiris.ch\/de\/unsere-marken\/naturkraftwerke\/"]}]},{"@type":"ImageObject","inLanguage":"de","@id":"https:\/\/bien-etreiris.ch\/de\/unsere-marken\/naturkraftwerke\/#primaryimage","url":"https:\/\/bien-etreiris.ch\/wp-content\/uploads\/2021\/05\/Naturkraftwerke.png","contentUrl":"https:\/\/bien-etreiris.ch\/wp-content\/uploads\/2021\/05\/Naturkraftwerke.png","width":500,"height":390},{"@type":"BreadcrumbList","@id":"https:\/\/bien-etreiris.ch\/de\/unsere-marken\/naturkraftwerke\/#breadcrumb","itemListElement":[{"@type":"ListItem","position":1,"name":"Home","item":"https:\/\/bien-etreiris.ch\/de\/"},{"@type":"ListItem","position":2,"name":"UNSERE MARKEN","item":"https:\/\/bien-etreiris.ch\/de\/unsere-marken\/"},{"@type":"ListItem","position":3,"name":"NATURKRAFTWERKE"}]},{"@type":"WebSite","@id":"https:\/\/bien-etreiris.ch\/de\/#website","url":"https:\/\/bien-etreiris.ch\/de\/","name":"Bien-\u00eatre Iris","description":"IHRE Gesundheit ist uns wichtig","potentialAction":[{"@type":"SearchAction","target":{"@type":"EntryPoint","urlTemplate":"https:\/\/bien-etreiris.ch\/de\/?s={search_term_string}"},"query-input":{"@type":"PropertyValueSpecification","valueRequired":true,"valueName":"search_term_string"}}],"inLanguage":"de"}]}},"_links":{"self":[{"href":"https:\/\/bien-etreiris.ch\/de\/wp-json\/wp\/v2\/pages\/44957","targetHints":{"allow":["GET"]}}],"collection":[{"href":"https:\/\/bien-etreiris.ch\/de\/wp-json\/wp\/v2\/pages"}],"about":[{"href":"https:\/\/bien-etreiris.ch\/de\/wp-json\/wp\/v2\/types\/page"}],"author":[{"embeddable":true,"href":"https:\/\/bien-etreiris.ch\/de\/wp-json\/wp\/v2\/users\/1"}],"replies":[{"embeddable":true,"href":"https:\/\/bien-etreiris.ch\/de\/wp-json\/wp\/v2\/comments?post=44957"}],"version-history":[{"count":25,"href":"https:\/\/bien-etreiris.ch\/de\/wp-json\/wp\/v2\/pages\/44957\/revisions"}],"predecessor-version":[{"id":98033,"href":"https:\/\/bien-etreiris.ch\/de\/wp-json\/wp\/v2\/pages\/44957\/revisions\/98033"}],"up":[{"embeddable":true,"href":"https:\/\/bien-etreiris.ch\/de\/wp-json\/wp\/v2\/pages\/44406"}],"wp:featuredmedia":[{"embeddable":true,"href":"https:\/\/bien-etreiris.ch\/de\/wp-json\/wp\/v2\/media\/44955"}],"wp:attachment":[{"href":"https:\/\/bien-etreiris.ch\/de\/wp-json\/wp\/v2\/media?parent=44957"}],"curies":[{"name":"wp","href":"https:\/\/api.w.org\/{rel}","templated":true}]}}